{"id":3964,"date":"2018-09-11T14:14:18","date_gmt":"2018-09-11T14:14:18","guid":{"rendered":"http:\/\/agencyone.themerella.com\/?page_id=3886"},"modified":"2023-06-21T22:03:24","modified_gmt":"2023-06-21T21:03:24","slug":"about","status":"publish","type":"page","link":"https:\/\/edengardenequipment.com\/es\/about\/","title":{"rendered":"Acerca de"},"content":{"rendered":"<section class=\"vc_row wpb_row vc_row-fluid vc_custom_1532603546351 row-contains-padding-top row-contains-padding-bottom liquid-row-shadowbox-69f368deaeed6\"><div class=\"ld-container container\"><div class=\"row ld-row\"><div class=\"wpb_column vc_column_container vc_col-sm-12 vc_col-md-offset-2 vc_col-md-8 text-center liquid-column-69f368deaf27d\"><div class=\"vc_column-inner\"><div class=\"wpb_wrapper vc_custom_1532609357747\"  data-custom-animations=\"true\" data-ca-options='{\"triggerHandler\":\"inview\",\"animationTarget\":\"all-childs\",\"duration\":\"1200\",\"delay\":\"180\",\"easing\":\"easeOutQuint\",\"direction\":\"forward\",\"initValues\":{\"translateY\":73},\"animations\":{\"translateY\":0}}' ><div class=\"wpb_wrapper-inner\"><style>.ld_fancy_heading_69f368deaf420 h2{font-size:36px;line-height:1.222em;color:rgb(0, 0, 0);}.ld_fancy_heading_69f368deaf420 .lqd-highlight-inner{height:0.275em;bottom:0px;}<\/style><div class=\"ld-fancy-heading mask-text ld_fancy_heading_69f368deaf420\">\n\t<h2 class=\"lqd-highlight-underline lqd-highlight-grow-left\" data-split-text=\"true\" data-custom-animations=\"true\" data-ca-options='{\"triggerHandler\":\"inview\",\"animationTarget\":\".lqd-lines .split-inner\",\"duration\":700,\"delay\":100,\"easing\":\"easeOutQuint\",\"direction\":\"forward\",\"initValues\":{\"scale\":1},\"animations\":{\"scale\":1}}' data-split-options='{\"type\":\"lines\"}'><span class=\"ld-fh-txt\"> Agregando placer, simplicidad, diversi\u00f3n y facilidad a las actividades de jardiner\u00eda.<br \/>\n<\/span><\/h2><\/div><style>.ld_spacer_69f368deaf795{height:32px;}<\/style>\n<div class=\"ld-empty-space ld_spacer_69f368deaf795\"><span class=\"liquid_empty_space_inner\"><\/span><\/div><\/div><\/div><\/div><\/div><div class=\"wpb_column vc_column_container vc_col-sm-12 vc_col-md-offset-1 vc_col-md-5 liquid-column-69f368deaf95a\"><div class=\"vc_column-inner\"><div class=\"wpb_wrapper\"  data-custom-animations=\"true\" data-ca-options='{\"triggerHandler\":\"inview\",\"animationTarget\":\"all-childs\",\"duration\":\"1200\",\"startDelay\":\"200\",\"delay\":100,\"easing\":\"easeOutQuint\",\"direction\":\"forward\",\"initValues\":{\"translateY\":41,\"opacity\":0},\"animations\":{\"translateY\":0,\"opacity\":1}}' ><div class=\"wpb_wrapper-inner\">\n\t<div class=\"wpb_text_column wpb_content_element\" >\n\t\t<div class=\"wpb_wrapper\">\n\t\t\t<p>En Eden Garden Equipment, nos encanta la jardiner\u00eda tanto como a usted. Por eso, nos esforzamos incansablemente para que la jardiner\u00eda sea una actividad placentera, relajante, sin dolor y sencilla para todos: profesionales, aficionados e incluso jardineros apasionados con reumatismo o artritis.<\/p>\n<p>Para ello, le ofrecemos la gama m\u00e1s innovadora de herramientas de jardiner\u00eda de primera calidad y sistemas de trinquete patentados. Nuestras herramientas y sistemas de jardiner\u00eda est\u00e1n dise\u00f1ados para ofrecer un rendimiento superior, fabricados para envidiar a los jardineros y fabricados para proporcionarles una comodidad \u00f3ptima y duradera. Con nuestras herramientas, puede realizar todo tipo de actividades de jardiner\u00eda y tareas extenuantes con la m\u00e1xima facilidad, comodidad y sin perder tiempo.<\/p>\n<p>Desde cortar hasta podar y recortar, con nuestras herramientas de alta calidad y sistemas exclusivos, puede realizar todas estas tareas con el m\u00ednimo esfuerzo, durante todo el a\u00f1o y durante muchos a\u00f1os m\u00e1s sin necesidad de realizar grandes inversiones en repuestos. Cada herramienta de nuestra gama de productos ha sido dise\u00f1ada y construida seg\u00fan los mejores est\u00e1ndares de rendimiento y de la industria. Nuestros dise\u00f1os inteligentes garantizan un manejo sencillo, una ergonom\u00eda superior y un agarre excelente. Los mecanismos innovadores le permiten extraer el m\u00e1ximo apalancamiento sin correr el riesgo de esforzarse demasiado y lesionarse.<\/p>\n\n\t\t<\/div>\n\t<\/div>\n<\/div><\/div><\/div><\/div><div class=\"wpb_column vc_column_container vc_col-sm-12 vc_col-md-5 liquid-column-69f368deafc6d\"><div class=\"vc_column-inner\"><div class=\"wpb_wrapper\"  data-custom-animations=\"true\" data-ca-options='{\"triggerHandler\":\"inview\",\"animationTarget\":\"all-childs\",\"duration\":\"1200\",\"startDelay\":\"400\",\"delay\":100,\"easing\":\"easeOutQuint\",\"direction\":\"forward\",\"initValues\":{\"translateY\":40,\"opacity\":0},\"animations\":{\"translateY\":0,\"opacity\":1}}' ><div class=\"wpb_wrapper-inner\">\n\t<div class=\"wpb_text_column wpb_content_element\" >\n\t\t<div class=\"wpb_wrapper\">\n\t\t\t<p>Todas las herramientas de jardiner\u00eda que ofrecemos se prueban rigurosamente para comprobar su durabilidad, funcionalidad y comodidad antes de ponerlas a disposici\u00f3n de los clientes. Tenga la seguridad de que encontrar\u00e1 que nuestras herramientas son f\u00e1ciles de usar.<\/p>\n<p>Nuestro sistema de trinquete patentado y potente le permite multiplicar por cinco la fuerza necesaria para podar arbustos y cortar ramas de \u00e1rboles con precisi\u00f3n. Puede hacer todo eso con el m\u00ednimo esfuerzo y sin estr\u00e9s. Atr\u00e1s quedaron los d\u00edas en los que necesitaba ayuda externa para cuidar su jard\u00edn. \u00a1Ahora puede hacerlo todo usted mismo!<\/p>\n<p>Adem\u00e1s de esto, tambi\u00e9n ofrecemos hojas intercambiables hechas de acero con alto contenido de carbono recubierto de tefl\u00f3n. Esto significa que no necesita comprar una herramienta nueva cada vez que las hojas se desafilen. Todo lo que tiene que hacer es reemplazarlas con nuestras hojas intercambiables.<br \/>\nEntonces, \u00bfqu\u00e9 est\u00e1s esperando? Cuida tus plantas y \u00e1rboles con nuestras excepcionales y f\u00e1ciles de usar herramientas de jardiner\u00eda. Disfruta de la jardiner\u00eda como nunca antes.<\/p>\n\n\t\t<\/div>\n\t<\/div>\n<\/div><\/div><\/div><\/div><\/div><\/div><\/section><section class=\"vc_row wpb_row vc_row-fluid liquid-row-shadowbox-69f368deb00d6\"><div class=\"ld-container container\"><div class=\"row ld-row\"><div class=\"wpb_column vc_column_container vc_col-sm-12 liquid-column-69f368deb027f\"><div class=\"vc_column-inner\"><div class=\"wpb_wrapper\"   ><div class=\"wpb_wrapper-inner\">\n\t<div class=\"wpb_text_column wpb_content_element\" >\n\t\t<div class=\"wpb_wrapper\">\n\t\t\t\n\t\t<\/div>\n\t<\/div>\n<\/div><\/div><\/div><\/div><\/div><\/div><\/section><section data-row-bg=\"https:\/\/edengardenequipment.com\/wp-content\/uploads\/2023\/06\/03.jpg?id=8385\" data-bg-image=\"url\" class=\"vc_row wpb_row vc_row-fluid vc_custom_1687381388609 row-contains-padding-top row-contains-padding-bottom liquid-row-shadowbox-69f368deb061b vc_row-has-fill vc_row-has-bg\"><span class=\"row-bg-loader\"><\/span><div class=\"ld-container container\"><div class=\"row ld-row\"><div class=\"wpb_column vc_column_container vc_col-sm-12 text-center liquid-column-69f368deb08d5\"><div class=\"vc_column-inner\"><div class=\"wpb_wrapper\"   ><div class=\"wpb_wrapper-inner\"><\/div><\/div><\/div><\/div><\/div><\/div><\/section><section data-custom-animations=\"true\" data-ca-options='{\"triggerHandler\":\"inview\",\"animationTarget\":\".wpb_column\",\"duration\":\"1200\",\"delay\":\"150\",\"easing\":\"easeOutQuint\",\"direction\":\"forward\",\"initValues\":{\"translateY\":36,\"opacity\":0},\"animations\":{\"translateY\":0,\"opacity\":1}}' class=\"vc_row wpb_row vc_row-fluid vc_custom_1538066980005 row-contains-padding-top row-contains-padding-bottom liquid-row-shadowbox-69f368deb0b3e\"><div class=\"ld-container container\"><div class=\"row ld-row\"><div class=\"wpb_column vc_column_container vc_col-sm-12 vc_col-md-offset-3 vc_col-md-6 text-center liquid-column-69f368deb0dcd\"><div class=\"vc_column-inner\"><div class=\"wpb_wrapper\"   ><div class=\"wpb_wrapper-inner\"><style>.ld_fancy_heading_69f368deb0f75 h3{font-size:36px;line-height:1.111em;color:rgb(0, 0, 0);}.ld_fancy_heading_69f368deb0f75 .lqd-highlight-inner{height:0.275em;bottom:0px;}<\/style><div class=\"ld-fancy-heading ld_fancy_heading_69f368deb0f75\">\n\t<h3 class=\"lqd-highlight-underline lqd-highlight-grow-left\" ><span class=\"ld-fh-txt\"> Testimonios<\/span><\/h3><\/div><style>.ld_spacer_69f368deb10e5{height:35px;}<\/style>\n<div class=\"ld-empty-space ld_spacer_69f368deb10e5\"><span class=\"liquid_empty_space_inner\"><\/span><\/div><\/div><\/div><\/div><\/div><div class=\"wpb_column vc_column_container vc_col-sm-12 vc_col-md-6 liquid-column-69f368deb131d\"><div class=\"vc_column-inner\"><div class=\"wpb_wrapper\"   ><div class=\"wpb_wrapper-inner\"><div id=\"ld_testimonial_69f368deb14e9\" class=\"testimonial testimonial-quote-filled text-left testimonial-details-lg testimonial-quote-shadowed ld_testimonial_69f368deb14e9\">\n\t\n\t<div class=\"testimonial-quote\">\n\t\t<blockquote><p><span style=\"font-size: 16px; line-height: 1em; color: #808291;\">\u201cNi en un mill\u00f3n de a\u00f1os hubiera esperado que leyeras mi mente, pero lo hiciste. Gracias por todo. Realmente has creado una imagen fabulosa para nuestra empresa\u201d.<\/span><\/p>\n<\/blockquote>\t<\/div><!-- \/.testimonial-qoute -->\n\n\t<div class=\"testimonial-details\">\n\t\t<figure class=\"avatar\"><img decoding=\"async\" src=\"https:\/\/edengardenequipment.com\/wp-content\/uploads\/2018\/09\/testimonial-2-min.jpg\" alt=\"Eward James\" \/><\/figure>\t\t<div class=\"testimonial-info\">\n\t\t\t<h5 >Eward James<\/h5>\t\t\t<h6 class=\"font-weight-normal\">Especialista en soporte<\/h6>\t\t<\/div><!-- \/.testimonial-info -->\n\t\t\n\t\n\t<\/div><!-- \/.testimonial-details -->\n\t\t\t\t\n<\/div><!-- \/.testimonial --><\/div><\/div><\/div><\/div><div class=\"wpb_column vc_column_container vc_col-sm-12 vc_col-md-6 liquid-column-69f368deb1a81\"><div class=\"vc_column-inner\"><div class=\"wpb_wrapper\"   ><div class=\"wpb_wrapper-inner\"><div id=\"ld_testimonial_69f368deb1bfc\" class=\"testimonial testimonial-quote-filled text-left testimonial-details-lg testimonial-quote-shadowed ld_testimonial_69f368deb1bfc\">\n\t\n\t<div class=\"testimonial-quote\">\n\t\t<blockquote><p><span style=\"font-size: 16px; line-height: 1em; color: #808291;\">\u201cProfesionales consumados, con un gran conocimiento y una gran capacidad. Recomendamos encarecidamente Fairly Agency a cualquiera que busque una gran empresa con la que trabajar\u201d.<\/span><\/p>\n<\/blockquote>\t<\/div><!-- \/.testimonial-qoute -->\n\n\t<div class=\"testimonial-details\">\n\t\t<figure class=\"avatar\"><img decoding=\"async\" src=\"https:\/\/edengardenequipment.com\/wp-content\/uploads\/2018\/09\/testimonial-1-min.jpg\" alt=\"Elisa Mender\" \/><\/figure>\t\t<div class=\"testimonial-info\">\n\t\t\t<h5 >Elisa Mender<\/h5>\t\t\t<h6 class=\"font-weight-normal\">Director de marketing<\/h6>\t\t<\/div><!-- \/.testimonial-info -->\n\t\t\n\t\n\t<\/div><!-- \/.testimonial-details -->\n\t\t\t\t\n<\/div><!-- \/.testimonial --><\/div><\/div><\/div><\/div><\/div><\/div><\/section>","protected":false},"excerpt":{"rendered":"Adding Pleasure, Simplicity, Fun and Ease to Gardening Activities. At Eden Garden Equipment, we love...","protected":false},"author":1,"featured_media":0,"parent":0,"menu_order":0,"comment_status":"closed","ping_status":"closed","template":"","meta":{"footnotes":""},"class_list":["post-3964","page","type-page","status-publish","hentry"],"yoast_head":"<!-- This site is optimized with the Yoast SEO plugin v27.5 - https:\/\/yoast.com\/product\/yoast-seo-wordpress\/ -->\n<title>About - Eden Garden Equipment<\/title>\n<meta name=\"robots\" content=\"index, follow, max-snippet:-1, max-image-preview:large, max-video-preview:-1\" \/>\n<link rel=\"canonical\" href=\"https:\/\/edengardenequipment.com\/es\/about\/\" \/>\n<meta property=\"og:locale\" content=\"es_ES\" \/>\n<meta property=\"og:type\" content=\"article\" \/>\n<meta property=\"og:title\" content=\"About - Eden Garden Equipment\" \/>\n<meta property=\"og:url\" content=\"https:\/\/edengardenequipment.com\/es\/about\/\" \/>\n<meta property=\"og:site_name\" content=\"Eden Garden Equipment\" \/>\n<meta property=\"article:modified_time\" content=\"2023-06-21T21:03:24+00:00\" \/>\n<meta property=\"og:image\" content=\"https:\/\/edengardenequipment.com\/wp-content\/uploads\/2023\/06\/05.jpg\" \/>\n\t<meta property=\"og:image:width\" content=\"2000\" \/>\n\t<meta property=\"og:image:height\" content=\"1117\" \/>\n\t<meta property=\"og:image:type\" content=\"image\/jpeg\" \/>\n<meta name=\"twitter:card\" content=\"summary_large_image\" \/>\n<meta name=\"twitter:label1\" content=\"Tiempo de lectura\" \/>\n\t<meta name=\"twitter:data1\" content=\"9 minutos\" \/>\n<script type=\"application\/ld+json\" class=\"yoast-schema-graph\">{\"@context\":\"https:\\\/\\\/schema.org\",\"@graph\":[{\"@type\":\"WebPage\",\"@id\":\"https:\\\/\\\/edengardenequipment.com\\\/about\\\/\",\"url\":\"https:\\\/\\\/edengardenequipment.com\\\/about\\\/\",\"name\":\"About - Eden Garden Equipment\",\"isPartOf\":{\"@id\":\"https:\\\/\\\/edengardenequipment.com\\\/#website\"},\"datePublished\":\"2018-09-11T14:14:18+00:00\",\"dateModified\":\"2023-06-21T21:03:24+00:00\",\"breadcrumb\":{\"@id\":\"https:\\\/\\\/edengardenequipment.com\\\/about\\\/#breadcrumb\"},\"inLanguage\":\"es\",\"potentialAction\":[{\"@type\":\"ReadAction\",\"target\":[\"https:\\\/\\\/edengardenequipment.com\\\/about\\\/\"]}]},{\"@type\":\"BreadcrumbList\",\"@id\":\"https:\\\/\\\/edengardenequipment.com\\\/about\\\/#breadcrumb\",\"itemListElement\":[{\"@type\":\"ListItem\",\"position\":1,\"name\":\"Home\",\"item\":\"https:\\\/\\\/edengardenequipment.com\\\/\"},{\"@type\":\"ListItem\",\"position\":2,\"name\":\"About\"}]},{\"@type\":\"WebSite\",\"@id\":\"https:\\\/\\\/edengardenequipment.com\\\/#website\",\"url\":\"https:\\\/\\\/edengardenequipment.com\\\/\",\"name\":\"Eden Garden Equipment\",\"description\":\"Best Gardening Tools for Sale\",\"publisher\":{\"@id\":\"https:\\\/\\\/edengardenequipment.com\\\/#organization\"},\"potentialAction\":[{\"@type\":\"SearchAction\",\"target\":{\"@type\":\"EntryPoint\",\"urlTemplate\":\"https:\\\/\\\/edengardenequipment.com\\\/?s={search_term_string}\"},\"query-input\":{\"@type\":\"PropertyValueSpecification\",\"valueRequired\":true,\"valueName\":\"search_term_string\"}}],\"inLanguage\":\"es\"},{\"@type\":\"Organization\",\"@id\":\"https:\\\/\\\/edengardenequipment.com\\\/#organization\",\"name\":\"Eden Garden Equipment\",\"url\":\"https:\\\/\\\/edengardenequipment.com\\\/\",\"logo\":{\"@type\":\"ImageObject\",\"inLanguage\":\"es\",\"@id\":\"https:\\\/\\\/edengardenequipment.com\\\/#\\\/schema\\\/logo\\\/image\\\/\",\"url\":\"https:\\\/\\\/edengardenequipment.com\\\/wp-content\\\/uploads\\\/2023\\\/06\\\/cropped-Asset-1@2xnew2.png\",\"contentUrl\":\"https:\\\/\\\/edengardenequipment.com\\\/wp-content\\\/uploads\\\/2023\\\/06\\\/cropped-Asset-1@2xnew2.png\",\"width\":512,\"height\":512,\"caption\":\"Eden Garden Equipment\"},\"image\":{\"@id\":\"https:\\\/\\\/edengardenequipment.com\\\/#\\\/schema\\\/logo\\\/image\\\/\"}}]}<\/script>\n<!-- \/ Yoast SEO plugin. -->","yoast_head_json":{"title":"About - Eden Garden Equipment","robots":{"index":"index","follow":"follow","max-snippet":"max-snippet:-1","max-image-preview":"max-image-preview:large","max-video-preview":"max-video-preview:-1"},"canonical":"https:\/\/edengardenequipment.com\/es\/about\/","og_locale":"es_ES","og_type":"article","og_title":"About - Eden Garden Equipment","og_url":"https:\/\/edengardenequipment.com\/es\/about\/","og_site_name":"Eden Garden Equipment","article_modified_time":"2023-06-21T21:03:24+00:00","og_image":[{"width":2000,"height":1117,"url":"https:\/\/edengardenequipment.com\/wp-content\/uploads\/2023\/06\/05.jpg","type":"image\/jpeg"}],"twitter_card":"summary_large_image","twitter_misc":{"Tiempo de lectura":"9 minutos"},"schema":{"@context":"https:\/\/schema.org","@graph":[{"@type":"WebPage","@id":"https:\/\/edengardenequipment.com\/about\/","url":"https:\/\/edengardenequipment.com\/about\/","name":"About - Eden Garden Equipment","isPartOf":{"@id":"https:\/\/edengardenequipment.com\/#website"},"datePublished":"2018-09-11T14:14:18+00:00","dateModified":"2023-06-21T21:03:24+00:00","breadcrumb":{"@id":"https:\/\/edengardenequipment.com\/about\/#breadcrumb"},"inLanguage":"es","potentialAction":[{"@type":"ReadAction","target":["https:\/\/edengardenequipment.com\/about\/"]}]},{"@type":"BreadcrumbList","@id":"https:\/\/edengardenequipment.com\/about\/#breadcrumb","itemListElement":[{"@type":"ListItem","position":1,"name":"Home","item":"https:\/\/edengardenequipment.com\/"},{"@type":"ListItem","position":2,"name":"About"}]},{"@type":"WebSite","@id":"https:\/\/edengardenequipment.com\/#website","url":"https:\/\/edengardenequipment.com\/","name":"Eden Garden Equipment","description":"Best Gardening Tools for Sale","publisher":{"@id":"https:\/\/edengardenequipment.com\/#organization"},"potentialAction":[{"@type":"SearchAction","target":{"@type":"EntryPoint","urlTemplate":"https:\/\/edengardenequipment.com\/?s={search_term_string}"},"query-input":{"@type":"PropertyValueSpecification","valueRequired":true,"valueName":"search_term_string"}}],"inLanguage":"es"},{"@type":"Organization","@id":"https:\/\/edengardenequipment.com\/#organization","name":"Eden Garden Equipment","url":"https:\/\/edengardenequipment.com\/","logo":{"@type":"ImageObject","inLanguage":"es","@id":"https:\/\/edengardenequipment.com\/#\/schema\/logo\/image\/","url":"https:\/\/edengardenequipment.com\/wp-content\/uploads\/2023\/06\/cropped-Asset-1@2xnew2.png","contentUrl":"https:\/\/edengardenequipment.com\/wp-content\/uploads\/2023\/06\/cropped-Asset-1@2xnew2.png","width":512,"height":512,"caption":"Eden Garden Equipment"},"image":{"@id":"https:\/\/edengardenequipment.com\/#\/schema\/logo\/image\/"}}]}},"_links":{"self":[{"href":"https:\/\/edengardenequipment.com\/es\/wp-json\/wp\/v2\/pages\/3964","targetHints":{"allow":["GET"]}}],"collection":[{"href":"https:\/\/edengardenequipment.com\/es\/wp-json\/wp\/v2\/pages"}],"about":[{"href":"https:\/\/edengardenequipment.com\/es\/wp-json\/wp\/v2\/types\/page"}],"author":[{"embeddable":true,"href":"https:\/\/edengardenequipment.com\/es\/wp-json\/wp\/v2\/users\/1"}],"replies":[{"embeddable":true,"href":"https:\/\/edengardenequipment.com\/es\/wp-json\/wp\/v2\/comments?post=3964"}],"version-history":[{"count":3,"href":"https:\/\/edengardenequipment.com\/es\/wp-json\/wp\/v2\/pages\/3964\/revisions"}],"predecessor-version":[{"id":8408,"href":"https:\/\/edengardenequipment.com\/es\/wp-json\/wp\/v2\/pages\/3964\/revisions\/8408"}],"wp:attachment":[{"href":"https:\/\/edengardenequipment.com\/es\/wp-json\/wp\/v2\/media?parent=3964"}],"curies":[{"name":"wp","href":"https:\/\/api.w.org\/{rel}","templated":true}]}}