{"id":4524,"date":"2018-10-18T09:53:35","date_gmt":"2018-10-18T09:53:35","guid":{"rendered":"http:\/\/onetwo.themerella.com\/?page_id=4524"},"modified":"2018-10-18T09:53:35","modified_gmt":"2018-10-18T09:53:35","slug":"dividers","status":"publish","type":"page","link":"https:\/\/edengardenequipment.com\/es\/dividers\/","title":{"rendered":"Divisores"},"content":{"rendered":"<section class=\"vc_row wpb_row vc_row-fluid vc_custom_1540160634290 liquid-row-shadowbox-69f1b3ef8de7e\"><div class=\"ld-container container\"><div class=\"row ld-row\"><div class=\"wpb_column vc_column_container vc_col-sm-12 liquid-column-69f1b3ef8e1cc\"><div class=\"vc_column-inner\"><div class=\"wpb_wrapper\"   ><div class=\"wpb_wrapper-inner\">\n\t<div class=\"wpb_text_column wpb_content_element\" >\n\t\t<div class=\"wpb_wrapper\">\n\t\t\t<p>Por otra parte, denunciamos con justa indignaci\u00f3n y desagrado a los hombres que est\u00e1n tan seducidos y desmoralizados por los encantos del placer del momento, tan cegados por el deseo, que no pueden prever el dolor y la molestia que est\u00e1n destinados a seguir; y la misma culpa corresponde a aquellos que faltan a su deber por debilidad de voluntad, lo que es lo mismo que decir por rehuir el trabajo y el dolor. Estos casos son perfectamente simples y f\u00e1ciles de distinguir. En un momento libre, cuando nuestro poder de elecci\u00f3n es ilimitado y cuando nada nos impide ser capaces de hacer lo que m\u00e1s nos gusta, todo placer debe ser bienvenido y todo dolor evitado. Pero en ciertas circunstancias y debido a las exigencias del deber o las obligaciones del negocio, ocurrir\u00e1 con frecuencia que los placeres deben ser repudiados y las molestias aceptadas. Por lo tanto, el hombre sabio siempre se atiene en estas cuestiones a este principio de selecci\u00f3n: rechaza placeres para asegurar otros placeres mayores, o bien soporta dolores para evitar dolores peores.<\/p>\n\n\t\t<\/div>\n\t<\/div>\n<div class=\"vc_separator wpb_content_element vc_separator_align_center vc_sep_width_100 vc_sep_dashed vc_sep_pos_align_center vc_separator_no_text vc_sep_color_orange vc_custom_1540160642943  vc_custom_1540160642943\" ><span class=\"vc_sep_holder vc_sep_holder_l\"><span  class=\"vc_sep_line\"><\/span><\/span><span class=\"vc_sep_holder vc_sep_holder_r\"><span  class=\"vc_sep_line\"><\/span><\/span>\n<\/div>\n\t<div class=\"wpb_text_column wpb_content_element\" >\n\t\t<div class=\"wpb_wrapper\">\n\t\t\t<p>Por otra parte, denunciamos con justa indignaci\u00f3n y desagrado a los hombres que est\u00e1n tan seducidos y desmoralizados por los encantos del placer del momento, tan cegados por el deseo, que no pueden prever el dolor y la molestia que est\u00e1n destinados a seguir; y la misma culpa corresponde a aquellos que faltan a su deber por debilidad de voluntad, lo que es lo mismo que decir por rehuir el trabajo y el dolor. Estos casos son perfectamente simples y f\u00e1ciles de distinguir. En un momento libre, cuando nuestro poder de elecci\u00f3n es ilimitado y cuando nada nos impide ser capaces de hacer lo que m\u00e1s nos gusta, todo placer debe ser bienvenido y todo dolor evitado. Pero en ciertas circunstancias y debido a las exigencias del deber o las obligaciones del negocio, ocurrir\u00e1 con frecuencia que los placeres deben ser repudiados y las molestias aceptadas. Por lo tanto, el hombre sabio siempre se atiene en estas cuestiones a este principio de selecci\u00f3n: rechaza placeres para asegurar otros placeres mayores, o bien soporta dolores para evitar dolores peores.<\/p>\n\n\t\t<\/div>\n\t<\/div>\n<div class=\"vc_separator wpb_content_element vc_separator_align_center vc_sep_width_100 vc_sep_border_width_4 vc_sep_pos_align_center vc_separator_no_text vc_sep_color_orange vc_custom_1540160672210  vc_custom_1540160672210\" ><span class=\"vc_sep_holder vc_sep_holder_l\"><span  class=\"vc_sep_line\"><\/span><\/span><span class=\"vc_sep_holder vc_sep_holder_r\"><span  class=\"vc_sep_line\"><\/span><\/span>\n<\/div>\n\t<div class=\"wpb_text_column wpb_content_element\" >\n\t\t<div class=\"wpb_wrapper\">\n\t\t\t<p>Por otra parte, denunciamos con justa indignaci\u00f3n y desagrado a los hombres que est\u00e1n tan seducidos y desmoralizados por los encantos del placer del momento, tan cegados por el deseo, que no pueden prever el dolor y la molestia que est\u00e1n destinados a seguir; y la misma culpa corresponde a aquellos que faltan a su deber por debilidad de voluntad, lo que es lo mismo que decir por rehuir el trabajo y el dolor. Estos casos son perfectamente simples y f\u00e1ciles de distinguir. En un momento libre, cuando nuestro poder de elecci\u00f3n es ilimitado y cuando nada nos impide ser capaces de hacer lo que m\u00e1s nos gusta, todo placer debe ser bienvenido y todo dolor evitado. Pero en ciertas circunstancias y debido a las exigencias del deber o las obligaciones del negocio, ocurrir\u00e1 con frecuencia que los placeres deben ser repudiados y las molestias aceptadas. Por lo tanto, el hombre sabio siempre se atiene en estas cuestiones a este principio de selecci\u00f3n: rechaza placeres para asegurar otros placeres mayores, o bien soporta dolores para evitar dolores peores.<\/p>\n\n\t\t<\/div>\n\t<\/div>\n<div class=\"vc_separator wpb_content_element vc_separator_align_center vc_sep_width_100 vc_sep_pos_align_center vc_separator_no_text vc_sep_color_grey vc_custom_1540160683059  vc_custom_1540160683059\" ><span class=\"vc_sep_holder vc_sep_holder_l\"><span  class=\"vc_sep_line\"><\/span><\/span><span class=\"vc_sep_holder vc_sep_holder_r\"><span  class=\"vc_sep_line\"><\/span><\/span>\n<\/div>\n\t<div class=\"wpb_text_column wpb_content_element\" >\n\t\t<div class=\"wpb_wrapper\">\n\t\t\t<p>Por otra parte, denunciamos con justa indignaci\u00f3n y desagrado a los hombres que est\u00e1n tan seducidos y desmoralizados por los encantos del placer del momento, tan cegados por el deseo, que no pueden prever el dolor y la molestia que est\u00e1n destinados a seguir; y la misma culpa corresponde a aquellos que faltan a su deber por debilidad de voluntad, lo que es lo mismo que decir por rehuir el trabajo y el dolor. Estos casos son perfectamente simples y f\u00e1ciles de distinguir. En un momento libre, cuando nuestro poder de elecci\u00f3n es ilimitado y cuando nada nos impide ser capaces de hacer lo que m\u00e1s nos gusta, todo placer debe ser bienvenido y todo dolor evitado. Pero en ciertas circunstancias y debido a las exigencias del deber o las obligaciones del negocio, ocurrir\u00e1 con frecuencia que los placeres deben ser repudiados y las molestias aceptadas. Por lo tanto, el hombre sabio siempre se atiene en estas cuestiones a este principio de selecci\u00f3n: rechaza placeres para asegurar otros placeres mayores, o bien soporta dolores para evitar dolores peores.<\/p>\n\n\t\t<\/div>\n\t<\/div>\n<div class=\"vc_separator wpb_content_element vc_separator_align_center vc_sep_width_100 vc_sep_double vc_sep_pos_align_center vc_separator_no_text vc_sep_color_green vc_custom_1540160691744  vc_custom_1540160691744\" ><span class=\"vc_sep_holder vc_sep_holder_l\"><span  class=\"vc_sep_line\"><\/span><\/span><span class=\"vc_sep_holder vc_sep_holder_r\"><span  class=\"vc_sep_line\"><\/span><\/span>\n<\/div>\n\t<div class=\"wpb_text_column wpb_content_element\" >\n\t\t<div class=\"wpb_wrapper\">\n\t\t\t<p>Por otra parte, denunciamos con justa indignaci\u00f3n y desagrado a los hombres que est\u00e1n tan seducidos y desmoralizados por los encantos del placer del momento, tan cegados por el deseo, que no pueden prever el dolor y la molestia que est\u00e1n destinados a seguir; y la misma culpa corresponde a aquellos que faltan a su deber por debilidad de voluntad, lo que es lo mismo que decir por rehuir el trabajo y el dolor. Estos casos son perfectamente simples y f\u00e1ciles de distinguir. En un momento libre, cuando nuestro poder de elecci\u00f3n es ilimitado y cuando nada nos impide ser capaces de hacer lo que m\u00e1s nos gusta, todo placer debe ser bienvenido y todo dolor evitado. Pero en ciertas circunstancias y debido a las exigencias del deber o las obligaciones del negocio, ocurrir\u00e1 con frecuencia que los placeres deben ser repudiados y las molestias aceptadas. Por lo tanto, el hombre sabio siempre se atiene en estas cuestiones a este principio de selecci\u00f3n: rechaza placeres para asegurar otros placeres mayores, o bien soporta dolores para evitar dolores peores.<\/p>\n\n\t\t<\/div>\n\t<\/div>\n<div class=\"vc_separator wpb_content_element vc_separator_align_center vc_sep_width_100 vc_sep_shadow vc_sep_pos_align_center vc_separator_no_text vc_sep_color_black vc_custom_1540160841886  vc_custom_1540160841886\" ><span class=\"vc_sep_holder vc_sep_holder_l\"><span  class=\"vc_sep_line\"><\/span><\/span><span class=\"vc_sep_holder vc_sep_holder_r\"><span  class=\"vc_sep_line\"><\/span><\/span>\n<\/div>\n\t<div class=\"wpb_text_column wpb_content_element\" >\n\t\t<div class=\"wpb_wrapper\">\n\t\t\t<p>Por otra parte, denunciamos con justa indignaci\u00f3n y desagrado a los hombres que est\u00e1n tan seducidos y desmoralizados por los encantos del placer del momento, tan cegados por el deseo, que no pueden prever el dolor y la molestia que est\u00e1n destinados a seguir; y la misma culpa corresponde a aquellos que faltan a su deber por debilidad de voluntad, lo que es lo mismo que decir por rehuir el trabajo y el dolor. Estos casos son perfectamente simples y f\u00e1ciles de distinguir. En un momento libre, cuando nuestro poder de elecci\u00f3n es ilimitado y cuando nada nos impide ser capaces de hacer lo que m\u00e1s nos gusta, todo placer debe ser bienvenido y todo dolor evitado. Pero en ciertas circunstancias y debido a las exigencias del deber o las obligaciones del negocio, ocurrir\u00e1 con frecuencia que los placeres deben ser repudiados y las molestias aceptadas. Por lo tanto, el hombre sabio siempre se atiene en estas cuestiones a este principio de selecci\u00f3n: rechaza placeres para asegurar otros placeres mayores, o bien soporta dolores para evitar dolores peores.<\/p>\n\n\t\t<\/div>\n\t<\/div>\n\n<div class=\"vc-zigzag-wrapper vc_custom_1540160831551 vc-zigzag-align-center\"><div class=\"vc-zigzag-inner\" style=\"width: 100%;min-height: 14px;background: 0 repeat-x url(&#039;data:image\/svg+xml;utf-8,%3C%3Fxml%20version%3D%221.0%22%20encoding%3D%22utf-8%22%3F%3E%3C%21DOCTYPE%20svg%20PUBLIC%20%22-%2F%2FW3C%2F%2FDTD%20SVG%201.1%2F%2FEN%22%20%22http%3A%2F%2Fwww.w3.org%2FGraphics%2FSVG%2F1.1%2FDTD%2Fsvg11.dtd%22%3E%3Csvg%20width%3D%2214px%22%20height%3D%2212px%22%20viewBox%3D%220%200%2018%2015%22%20version%3D%221.1%22%20xmlns%3D%22http%3A%2F%2Fwww.w3.org%2F2000%2Fsvg%22%20xmlns%3Axlink%3D%22http%3A%2F%2Fwww.w3.org%2F1999%2Fxlink%22%3E%3Cpolygon%20id%3D%22Combined-Shape%22%20fill%3D%22%23ebebeb%22%20points%3D%228.98762301%200%200%209.12771969%200%2014.519983%209%205.40479869%2018%2014.519983%2018%209.12771969%22%3E%3C%2Fpolygon%3E%3C%2Fsvg%3E&#039;);\"><\/div><\/div>\n\t<div class=\"wpb_text_column wpb_content_element\" >\n\t\t<div class=\"wpb_wrapper\">\n\t\t\t<p>Por otra parte, denunciamos con justa indignaci\u00f3n y desagrado a los hombres que est\u00e1n tan seducidos y desmoralizados por los encantos del placer del momento, tan cegados por el deseo, que no pueden prever el dolor y la molestia que est\u00e1n destinados a seguir; y la misma culpa corresponde a aquellos que faltan a su deber por debilidad de voluntad, lo que es lo mismo que decir por rehuir el trabajo y el dolor. Estos casos son perfectamente simples y f\u00e1ciles de distinguir. En un momento libre, cuando nuestro poder de elecci\u00f3n es ilimitado y cuando nada nos impide ser capaces de hacer lo que m\u00e1s nos gusta, todo placer debe ser bienvenido y todo dolor evitado. Pero en ciertas circunstancias y debido a las exigencias del deber o las obligaciones del negocio, ocurrir\u00e1 con frecuencia que los placeres deben ser repudiados y las molestias aceptadas. Por lo tanto, el hombre sabio siempre se atiene en estas cuestiones a este principio de selecci\u00f3n: rechaza placeres para asegurar otros placeres mayores, o bien soporta dolores para evitar dolores peores.<\/p>\n\n\t\t<\/div>\n\t<\/div>\n<div class=\"vc_separator wpb_content_element vc_separator_align_center vc_sep_width_100 vc_sep_pos_align_center vc_sep_color_grey vc_custom_1540160753612 vc_separator-has-text\" ><span class=\"vc_sep_holder vc_sep_holder_l\"><span  class=\"vc_sep_line\"><\/span><\/span><h4>Divisor con t\u00edtulo<\/h4><span class=\"vc_sep_holder vc_sep_holder_r\"><span  class=\"vc_sep_line\"><\/span><\/span>\n<\/div>\n\t<div class=\"wpb_text_column wpb_content_element  vc_custom_1540160779880\" >\n\t\t<div class=\"wpb_wrapper\">\n\t\t\t<p>Por otra parte, denunciamos con justa indignaci\u00f3n y desagrado a los hombres que est\u00e1n tan seducidos y desmoralizados por los encantos del placer del momento, tan cegados por el deseo, que no pueden prever el dolor y la molestia que est\u00e1n destinados a seguir; y la misma culpa corresponde a aquellos que faltan a su deber por debilidad de voluntad, lo que es lo mismo que decir por rehuir el trabajo y el dolor. Estos casos son perfectamente simples y f\u00e1ciles de distinguir. En un momento libre, cuando nuestro poder de elecci\u00f3n es ilimitado y cuando nada nos impide ser capaces de hacer lo que m\u00e1s nos gusta, todo placer debe ser bienvenido y todo dolor evitado. Pero en ciertas circunstancias y debido a las exigencias del deber o las obligaciones del negocio, ocurrir\u00e1 con frecuencia que los placeres deben ser repudiados y las molestias aceptadas. Por lo tanto, el hombre sabio siempre se atiene en estas cuestiones a este principio de selecci\u00f3n: rechaza placeres para asegurar otros placeres mayores, o bien soporta dolores para evitar dolores peores.<\/p>\n\n\t\t<\/div>\n\t<\/div>\n<div class=\"vc_separator wpb_content_element vc_separator_align_center vc_sep_width_100 vc_sep_pos_align_center vc_sep_color_grey vc_separator-has-text\" ><span class=\"vc_sep_holder vc_sep_holder_l\"><span  class=\"vc_sep_line\"><\/span><\/span><div class=\"vc_icon_element vc_icon_element-outer vc_icon_element-align-left\"><div class=\"vc_icon_element-inner vc_icon_element-color-black vc_icon_element-size-md vc_icon_element-style- vc_icon_element-background-color-grey\" ><span class=\"vc_icon_element-icon fa fa-heart-o\" ><\/span><\/div><\/div><h4>Hecho con amor<\/h4><span class=\"vc_sep_holder vc_sep_holder_r\"><span  class=\"vc_sep_line\"><\/span><\/span>\n<\/div>\n\t<div class=\"wpb_text_column wpb_content_element  vc_custom_1540160779880\" >\n\t\t<div class=\"wpb_wrapper\">\n\t\t\t<p>Por otra parte, denunciamos con justa indignaci\u00f3n y desagrado a los hombres que est\u00e1n tan seducidos y desmoralizados por los encantos del placer del momento, tan cegados por el deseo, que no pueden prever el dolor y la molestia que est\u00e1n destinados a seguir; y la misma culpa corresponde a aquellos que faltan a su deber por debilidad de voluntad, lo que es lo mismo que decir por rehuir el trabajo y el dolor. Estos casos son perfectamente simples y f\u00e1ciles de distinguir. En un momento libre, cuando nuestro poder de elecci\u00f3n es ilimitado y cuando nada nos impide ser capaces de hacer lo que m\u00e1s nos gusta, todo placer debe ser bienvenido y todo dolor evitado. Pero en ciertas circunstancias y debido a las exigencias del deber o las obligaciones del negocio, ocurrir\u00e1 con frecuencia que los placeres deben ser repudiados y las molestias aceptadas. Por lo tanto, el hombre sabio siempre se atiene en estas cuestiones a este principio de selecci\u00f3n: rechaza placeres para asegurar otros placeres mayores, o bien soporta dolores para evitar dolores peores.<\/p>\n\n\t\t<\/div>\n\t<\/div>\n<\/div><\/div><\/div><\/div><\/div><\/div><\/section>","protected":false},"excerpt":{"rendered":"On the other hand, we denounce with righteous indignation and dislike men who are so...","protected":false},"author":1,"featured_media":0,"parent":0,"menu_order":0,"comment_status":"closed","ping_status":"closed","template":"","meta":{"footnotes":""},"class_list":["post-4524","page","type-page","status-publish","hentry"],"yoast_head":"<!-- This site is optimized with the Yoast SEO plugin v27.5 - https:\/\/yoast.com\/product\/yoast-seo-wordpress\/ -->\n<title>Dividers - Eden Garden Equipment<\/title>\n<meta name=\"robots\" content=\"index, follow, max-snippet:-1, max-image-preview:large, max-video-preview:-1\" \/>\n<link rel=\"canonical\" href=\"https:\/\/edengardenequipment.com\/es\/dividers\/\" \/>\n<meta property=\"og:locale\" content=\"es_ES\" \/>\n<meta property=\"og:type\" content=\"article\" \/>\n<meta property=\"og:title\" content=\"Dividers - Eden Garden Equipment\" \/>\n<meta property=\"og:url\" content=\"https:\/\/edengardenequipment.com\/es\/dividers\/\" \/>\n<meta property=\"og:site_name\" content=\"Eden Garden Equipment\" \/>\n<meta property=\"og:image\" content=\"https:\/\/edengardenequipment.com\/wp-content\/uploads\/2023\/06\/05.jpg\" \/>\n\t<meta property=\"og:image:width\" content=\"2000\" \/>\n\t<meta property=\"og:image:height\" content=\"1117\" \/>\n\t<meta property=\"og:image:type\" content=\"image\/jpeg\" \/>\n<meta name=\"twitter:card\" content=\"summary_large_image\" \/>\n<meta name=\"twitter:label1\" content=\"Tiempo de lectura\" \/>\n\t<meta name=\"twitter:data1\" content=\"9 minutos\" \/>\n<script type=\"application\/ld+json\" class=\"yoast-schema-graph\">{\"@context\":\"https:\\\/\\\/schema.org\",\"@graph\":[{\"@type\":\"WebPage\",\"@id\":\"https:\\\/\\\/edengardenequipment.com\\\/dividers\\\/\",\"url\":\"https:\\\/\\\/edengardenequipment.com\\\/dividers\\\/\",\"name\":\"Dividers - Eden Garden Equipment\",\"isPartOf\":{\"@id\":\"https:\\\/\\\/edengardenequipment.com\\\/#website\"},\"datePublished\":\"2018-10-18T09:53:35+00:00\",\"breadcrumb\":{\"@id\":\"https:\\\/\\\/edengardenequipment.com\\\/dividers\\\/#breadcrumb\"},\"inLanguage\":\"es\",\"potentialAction\":[{\"@type\":\"ReadAction\",\"target\":[\"https:\\\/\\\/edengardenequipment.com\\\/dividers\\\/\"]}]},{\"@type\":\"BreadcrumbList\",\"@id\":\"https:\\\/\\\/edengardenequipment.com\\\/dividers\\\/#breadcrumb\",\"itemListElement\":[{\"@type\":\"ListItem\",\"position\":1,\"name\":\"Home\",\"item\":\"https:\\\/\\\/edengardenequipment.com\\\/\"},{\"@type\":\"ListItem\",\"position\":2,\"name\":\"Dividers\"}]},{\"@type\":\"WebSite\",\"@id\":\"https:\\\/\\\/edengardenequipment.com\\\/#website\",\"url\":\"https:\\\/\\\/edengardenequipment.com\\\/\",\"name\":\"Eden Garden Equipment\",\"description\":\"Best Gardening Tools for Sale\",\"publisher\":{\"@id\":\"https:\\\/\\\/edengardenequipment.com\\\/#organization\"},\"potentialAction\":[{\"@type\":\"SearchAction\",\"target\":{\"@type\":\"EntryPoint\",\"urlTemplate\":\"https:\\\/\\\/edengardenequipment.com\\\/?s={search_term_string}\"},\"query-input\":{\"@type\":\"PropertyValueSpecification\",\"valueRequired\":true,\"valueName\":\"search_term_string\"}}],\"inLanguage\":\"es\"},{\"@type\":\"Organization\",\"@id\":\"https:\\\/\\\/edengardenequipment.com\\\/#organization\",\"name\":\"Eden Garden Equipment\",\"url\":\"https:\\\/\\\/edengardenequipment.com\\\/\",\"logo\":{\"@type\":\"ImageObject\",\"inLanguage\":\"es\",\"@id\":\"https:\\\/\\\/edengardenequipment.com\\\/#\\\/schema\\\/logo\\\/image\\\/\",\"url\":\"https:\\\/\\\/edengardenequipment.com\\\/wp-content\\\/uploads\\\/2023\\\/06\\\/cropped-Asset-1@2xnew2.png\",\"contentUrl\":\"https:\\\/\\\/edengardenequipment.com\\\/wp-content\\\/uploads\\\/2023\\\/06\\\/cropped-Asset-1@2xnew2.png\",\"width\":512,\"height\":512,\"caption\":\"Eden Garden Equipment\"},\"image\":{\"@id\":\"https:\\\/\\\/edengardenequipment.com\\\/#\\\/schema\\\/logo\\\/image\\\/\"}}]}<\/script>\n<!-- \/ Yoast SEO plugin. -->","yoast_head_json":{"title":"Dividers - Eden Garden Equipment","robots":{"index":"index","follow":"follow","max-snippet":"max-snippet:-1","max-image-preview":"max-image-preview:large","max-video-preview":"max-video-preview:-1"},"canonical":"https:\/\/edengardenequipment.com\/es\/dividers\/","og_locale":"es_ES","og_type":"article","og_title":"Dividers - Eden Garden Equipment","og_url":"https:\/\/edengardenequipment.com\/es\/dividers\/","og_site_name":"Eden Garden Equipment","og_image":[{"width":2000,"height":1117,"url":"https:\/\/edengardenequipment.com\/wp-content\/uploads\/2023\/06\/05.jpg","type":"image\/jpeg"}],"twitter_card":"summary_large_image","twitter_misc":{"Tiempo de lectura":"9 minutos"},"schema":{"@context":"https:\/\/schema.org","@graph":[{"@type":"WebPage","@id":"https:\/\/edengardenequipment.com\/dividers\/","url":"https:\/\/edengardenequipment.com\/dividers\/","name":"Dividers - Eden Garden Equipment","isPartOf":{"@id":"https:\/\/edengardenequipment.com\/#website"},"datePublished":"2018-10-18T09:53:35+00:00","breadcrumb":{"@id":"https:\/\/edengardenequipment.com\/dividers\/#breadcrumb"},"inLanguage":"es","potentialAction":[{"@type":"ReadAction","target":["https:\/\/edengardenequipment.com\/dividers\/"]}]},{"@type":"BreadcrumbList","@id":"https:\/\/edengardenequipment.com\/dividers\/#breadcrumb","itemListElement":[{"@type":"ListItem","position":1,"name":"Home","item":"https:\/\/edengardenequipment.com\/"},{"@type":"ListItem","position":2,"name":"Dividers"}]},{"@type":"WebSite","@id":"https:\/\/edengardenequipment.com\/#website","url":"https:\/\/edengardenequipment.com\/","name":"Eden Garden Equipment","description":"Best Gardening Tools for Sale","publisher":{"@id":"https:\/\/edengardenequipment.com\/#organization"},"potentialAction":[{"@type":"SearchAction","target":{"@type":"EntryPoint","urlTemplate":"https:\/\/edengardenequipment.com\/?s={search_term_string}"},"query-input":{"@type":"PropertyValueSpecification","valueRequired":true,"valueName":"search_term_string"}}],"inLanguage":"es"},{"@type":"Organization","@id":"https:\/\/edengardenequipment.com\/#organization","name":"Eden Garden Equipment","url":"https:\/\/edengardenequipment.com\/","logo":{"@type":"ImageObject","inLanguage":"es","@id":"https:\/\/edengardenequipment.com\/#\/schema\/logo\/image\/","url":"https:\/\/edengardenequipment.com\/wp-content\/uploads\/2023\/06\/cropped-Asset-1@2xnew2.png","contentUrl":"https:\/\/edengardenequipment.com\/wp-content\/uploads\/2023\/06\/cropped-Asset-1@2xnew2.png","width":512,"height":512,"caption":"Eden Garden Equipment"},"image":{"@id":"https:\/\/edengardenequipment.com\/#\/schema\/logo\/image\/"}}]}},"_links":{"self":[{"href":"https:\/\/edengardenequipment.com\/es\/wp-json\/wp\/v2\/pages\/4524","targetHints":{"allow":["GET"]}}],"collection":[{"href":"https:\/\/edengardenequipment.com\/es\/wp-json\/wp\/v2\/pages"}],"about":[{"href":"https:\/\/edengardenequipment.com\/es\/wp-json\/wp\/v2\/types\/page"}],"author":[{"embeddable":true,"href":"https:\/\/edengardenequipment.com\/es\/wp-json\/wp\/v2\/users\/1"}],"replies":[{"embeddable":true,"href":"https:\/\/edengardenequipment.com\/es\/wp-json\/wp\/v2\/comments?post=4524"}],"version-history":[{"count":0,"href":"https:\/\/edengardenequipment.com\/es\/wp-json\/wp\/v2\/pages\/4524\/revisions"}],"wp:attachment":[{"href":"https:\/\/edengardenequipment.com\/es\/wp-json\/wp\/v2\/media?parent=4524"}],"curies":[{"name":"wp","href":"https:\/\/api.w.org\/{rel}","templated":true}]}}