{"id":4532,"date":"2018-10-18T10:00:18","date_gmt":"2018-10-18T10:00:18","guid":{"rendered":"http:\/\/onetwo.themerella.com\/?page_id=4532"},"modified":"2018-10-18T10:00:18","modified_gmt":"2018-10-18T10:00:18","slug":"dynamic-shape","status":"publish","type":"page","link":"https:\/\/edengardenequipment.com\/es\/dynamic-shape\/","title":{"rendered":"Forma din\u00e1mica"},"content":{"rendered":"<p><style>@media (min-width: 992px) { .liquid-row-responsive-69f1b3e09c539 {padding-top:150px !important; padding-bottom:150px !important;  }  }   <\/style><section id=\"top\" class=\"vc_row wpb_row vc_row-fluid z-index-2 vc_custom_1540307211714 row-contains-padding-top row-contains-padding-bottom liquid-row-responsive-69f1b3e09c539 liquid-row-shadowbox-69f1b3e09c56d vc_row-o-full-height vc_row-o-columns-middle vc_row-flex\"><div class=\"ld-container container\"><div class=\"row ld-row\"><div class=\"z-index-2 wpb_column vc_column_container vc_col-sm-12 vc_hidden-sm vc_hidden-xs liquid-column-69f1b3e09c874\"><div class=\"vc_column-inner\"><div class=\"wpb_wrapper\"  data-custom-animations=\"true\" data-ca-options='{\"triggerHandler\":\"inview\",\"animationTarget\":\"all-childs\",\"duration\":700,\"startDelay\":\"650\",\"delay\":100,\"easing\":\"easeOutQuint\",\"direction\":\"forward\",\"initValues\":{\"opacity\":0},\"animations\":{\"opacity\":1}}' ><div class=\"wpb_wrapper-inner\"><style>.ld_masked_image_69f1b3e09c96c{position:absolute;}@media (min-width: 992px) { .ld_masked_image_69f1b3e09c96c {top:-220px !important; right:-80vw !important; left:30vw !important;  }  } .ld_masked_image_69f1b3e09c96c .clip-svg{clip-path:url(#svg-ld_masked_image_69f1b3e09c96c );-webkit-clip-path:url(#svg-ld_masked_image_69f1b3e09c96c );background-position-x:-100px;}@media (min-width: 992px) { .ld_masked_image_69f1b3e09c96c {top:-220px !important; right:-80vw !important; left:30vw !important;  }  } <\/style><div class=\"ld-masked-image ld_masked_image_69f1b3e09c96c\" id=\"ld_masked_image_69f1b3e09c96c\" data-dynamic-shape=\"true\">\n\t<svg class=\"scene\" width=\"0\" height=\"0\" preserveaspectratio=\"none\">\n\t\t\t\t      <defs>\n\t\t\t\t        <clippath id=\"svg-ld_masked_image_69f1b3e09c96c\">\n\t\t\t\t          <path\n\t\t\t\t            fill=\"black\"\n\t\t\t\t            d=\"M131,40 C84.135,83.534 96.819,148.446 63.283,217.394 C31.508,282.723 -3.621,324.812 1.461,394.323 C3.451,421.533 12.117,449.828 29.796,480.002 C87.412,578.34 -15.301,663.448 94.611,833.387 C156.302,928.77 316.559,918.015 435.971,936.052 C572.741,956.711 653.384,1003.601 753.566,971.715 C877.689,932.209 924.99262,809.932822 972.63862,707.700822 C1063.84662,512.000822 1038.71071,197.732895 884.476705,67.2268952 C788.919705,-13.6291048 714.704,70.008 529,43 C339.693,15.468 212.609,-35.808 131,40 Z\"\n                    pathdata:id=\"                    M175.270836,26.7977911 C128.405836,70.3317911 129.938279,144.739124 96.4022789,213.687124 C64.6272789,279.016124 41.242383,286.071679 46.324383,355.582679 C48.314383,382.792679 79.5246278,459.251586 88.7738696,492.334164 C116.497714,591.496483 -75.3047466,680.552915 34.6072534,850.491915 C96.2982534,945.874915 281.559,906.015 400.971,924.052 C537.741,944.711 678.161685,902.348368 778.343685,870.462368 C902.466685,830.956368 927.354,806.232 975,704 C1066.208,508.3 1058.68971,185.848951 904.455709,55.3429506 C808.898709,-25.5130494 786.027661,117.60054 600.323661,90.5925401 C411.016661,63.0605401 256.879836,-49.0102089 175.270836,26.7977911 Z;                    M200.391256,6 C138.06059,22.7990703 77.9622177,42.6445401 44.4262177,111.59254 C12.6512177,176.92154 -4.1051307,212.01786 0.976869296,281.52886 C2.9668693,308.73886 99.0297526,534.545109 108.278994,567.627688 C136.002839,666.790006 -29.1381304,721.523368 80.7738696,891.462368 C142.46487,986.845368 331.636556,840.153183 451.048556,858.190183 C587.818556,878.849183 705.371102,948.496676 805.553102,916.610676 C929.676102,877.104676 941.497784,689.3436 989.143784,587.1116 C1080.35178,391.4116 1050.68971,206.848951 896.455709,76.3429506 C800.898709,-4.5130494 778.027661,138.60054 592.323661,111.59254 C403.016661,84.0605401 312.765712,-24.2866392 200.391256,6 Z\"\n\t\t\t\t          \/>\n\t\t\t\t        <\/clippath>\n\t\t\t\t      <\/defs>\n\t\t\t\t    <\/svg>\t<figure class=\"clip-svg\" data-responsive-bg=\"true\"><img loading=\"lazy\" decoding=\"async\" width=\"1920\" height=\"960\" src=\"data:image\/svg+xml;charset=utf-8,&lt;svg xmlns%3D&#039;http%3A%2F%2Fwww.w3.org%2F2000%2Fsvg&#039; viewBox%3D&#039;0 0 1920 960&#039;%2F&gt;\" class=\"attachment-full size-full ld-lazyload\" alt=\"\" srcset=\"\" sizes=\"auto, (max-width: 1920px) 100vw, 1920px\" data-src=\"https:\/\/edengardenequipment.com\/wp-content\/uploads\/2018\/10\/bg-2-copy.jpg\" data-srcset=\"https:\/\/edengardenequipment.com\/wp-content\/uploads\/2018\/10\/bg-2-copy.jpg 1920w, https:\/\/edengardenequipment.com\/wp-content\/uploads\/2018\/10\/bg-2-copy-300x150.jpg 300w, https:\/\/edengardenequipment.com\/wp-content\/uploads\/2018\/10\/bg-2-copy-1024x512.jpg 1024w, https:\/\/edengardenequipment.com\/wp-content\/uploads\/2018\/10\/bg-2-copy-18x9.jpg 18w\" data-aspect=\"2\" \/><\/figure><\/div><\/div><\/div><\/div><\/div><div class=\"wpb_column vc_column_container vc_col-sm-12 vc_col-lg-5 vc_col-md-6 liquid-column-69f1b3e0ab2e7\"><div class=\"vc_column-inner\"><div class=\"wpb_wrapper\"  data-custom-animations=\"true\" data-ca-options='{\"triggerHandler\":\"inview\",\"animationTarget\":\"all-childs\",\"duration\":700,\"delay\":100,\"easing\":\"easeOutQuint\",\"direction\":\"forward\",\"initValues\":{\"translateY\":51,\"opacity\":0},\"animations\":{\"translateY\":0,\"opacity\":1}}' ><div class=\"wpb_wrapper-inner\"><style>.ld_fancy_heading_69f1b3e0ab4c1 .lqd-highlight-inner{height:0.275em;bottom:0px;}<\/style><div class=\"ld-fancy-heading mask-text ld_fancy_heading_69f1b3e0ab4c1\">\n\t<h1 class=\"lqd-highlight-underline lqd-highlight-grow-left\" data-fittext=\"true\" data-fittext-options='{\"compressor\":0.6999999999999999555910790149937383830547332763671875,\"maxFontSize\":\"60\",\"minFontSize\":\"40\"}' data-split-text=\"true\" data-custom-animations=\"true\" data-ca-options='{\"triggerHandler\":\"inview\",\"animationTarget\":\".lqd-lines .split-inner\",\"duration\":700,\"delay\":100,\"easing\":\"easeOutQuint\",\"direction\":\"forward\",\"initValues\":{\"scale\":1},\"animations\":{\"scale\":1}}' data-split-options='{\"type\":\"lines\"}'><span class=\"ld-fh-txt\"> Aventuras en la era creativa<\/span><\/h1><\/div><div class=\"vc_empty_space\"   style=\"height: 10px\"><span class=\"vc_empty_space_inner\"><\/span><\/div><style>.ld_fancy_heading_69f1b3e0ac100 .lqd-highlight-inner{height:0.275em;bottom:0px;}<\/style><div class=\"ld-fancy-heading mask-text ld_fancy_heading_69f1b3e0ac100\">\n\t<p class=\"lqd-highlight-underline lqd-highlight-grow-left\" data-split-text=\"true\" data-custom-animations=\"true\" data-ca-options='{\"triggerHandler\":\"inview\",\"animationTarget\":\".lqd-lines .split-inner\",\"duration\":700,\"delay\":100,\"easing\":\"easeOutQuint\",\"direction\":\"forward\",\"initValues\":{\"scale\":1},\"animations\":{\"scale\":1}}' data-split-options='{\"type\":\"lines\"}'><span class=\"ld-fh-txt\"> Creemos que dise\u00f1ar productos y servicios en estrecha colaboraci\u00f3n con nuestros clientes es la \u00fanica manera de tener un impacto real en su negocio.<\/span><\/p><\/div><div class=\"vc_empty_space\"   style=\"height: 70px\"><span class=\"vc_empty_space_inner\"><\/span><\/div><div class=\"vc_row wpb_row vc_inner vc_row-fluid liquid-row-shadowbox-69f1b3e0ac829 vc_column-gap-5 vc_row-o-equal-height vc_row-o-content-middle vc_row-flex\"><div class=\"wpb_column vc_column_container vc_col-sm-6 liquid-column-69f1b3e0aca5c\"><div class=\"vc_column-inner\"><div class=\"wpb_wrapper vc_custom_1527070643537\"  ><div class=\"wpb_wrapper-inner\"><style>.ld_button_69f1b3e0acbea.btn-icon-solid .btn-icon{background:rgb(61, 89, 232);}.ld_button_69f1b3e0acbea.btn-icon-circle.btn-icon-ripple .btn-icon:before{border-color:rgb(61, 89, 232);}.ld_button_69f1b3e0acbea{background-color:rgb(61, 89, 232);border-color:rgb(61, 89, 232);color:rgb(255, 255, 255);font-size:14px !important;font-weight:600 !important;box-shadow:0px 12px 20px 0px #c5cbec;}.ld_button_69f1b3e0acbea .btn-gradient-border defs stop:first-child{stop-color:rgb(61, 89, 232);}.ld_button_69f1b3e0acbea .btn-gradient-border defs stop:last-child{stop-color:rgb(61, 89, 232);}.ld_button_69f1b3e0acbea:hover{box-shadow:0px 15px 30px 0px rgba(254,104,139,0.12);}<\/style><a href=\"#\" class=\"btn btn-solid text-uppercase circle btn-bordered border-thin ld_button_69f1b3e0acbea\" data-localscroll=\"true\" data-localscroll-options=\"{&quot;scrollBelowSection&quot;:true}\">\n\t<span>\n\t\t\n\t\t\t\t\t<span class=\"btn-txt\">Iniciar un proyecto<\/span>\n\t\t\t\n\t\t\t\t<\/span>\n<\/a>\n<div class=\"vc_empty_space\"   style=\"height: 32px\"><span class=\"vc_empty_space_inner\"><\/span><\/div><\/div><\/div><\/div><\/div><div class=\"wpb_column vc_column_container vc_col-sm-6 liquid-column-69f1b3e0ad94d\"><div class=\"vc_column-inner\"><div class=\"wpb_wrapper\"  ><div class=\"wpb_wrapper-inner\"><style>@media (min-width: 992px) { .ld_fancy_heading_69f1b3e0ada97 p {margin-bottom:0 !important;  }  } .ld_fancy_heading_69f1b3e0ada97 .lqd-highlight-inner{height:0.275em;bottom:0px;}@media (min-width: 992px) { .ld_fancy_heading_69f1b3e0ada97 p {margin-bottom:0 !important;  }  } <\/style><div class=\"ld-fancy-heading ld_fancy_heading_69f1b3e0ada97\">\n\t<p class=\"lqd-highlight-underline lqd-highlight-grow-left\" ><span class=\"ld-fh-txt\"> <strong><span style=\"color: #fe688b\">Ll\u00e1manos (0123) 456 \u2013 789<\/span><\/strong><\/p>\n<p><span style=\"color: #a7a9b8\">Para cualquier pregunta o inquietud<\/span><\/span><\/p><\/div><div class=\"vc_empty_space\"   style=\"height: 32px\"><span class=\"vc_empty_space_inner\"><\/span><\/div><\/div><\/div><\/div><\/div><\/div><\/div><\/div><\/div><\/div><\/div><\/div><\/section><section class=\"vc_row wpb_row vc_row-fluid z-index-1 liquid-row-shadowbox-69f1b3e0aeb00 vc_column-gap-0\"><div class=\"ld-container container-fluid\"><div class=\"row ld-row\"><div class=\"wpb_column vc_column_container vc_col-sm-12 vc_hidden-sm vc_hidden-xs liquid-column-69f1b3e0aecd6\"><div class=\"vc_column-inner\"><div class=\"wpb_wrapper\"   ><div class=\"wpb_wrapper-inner\"><style>.ld_particles_69f1b3e0aee2c{height:100vh!important;position:absolute;}@media (min-width: 992px) { .ld_particles_69f1b3e0aee2c {top:-100vh !important;  }  } <\/style><div class=\"ld-particles-container ld_particles_69f1b3e0aee2c\">\n\n\t<div class=\"ld-particles-inner\" id=\"ra1527244273759-519b63e0-a9d6\" data-particles=\"true\" data-particles-options='{\"particles\":{\"number\":{\"value\":4,\"density\":1},\"color\":{\"value\":[\"#f9b851\",\"#60eacb\",\"#ff97af\",\"#4e6bff\"]},\"shape\":{\"type\":[\"circle\",\"edge\",\"triangle\"]},\"size\":{\"value\":55,\"random\":true,\"anim\":{\"enable\":true,\"size_min\":40,\"speed\":5}},\"move\":{\"enable\":true,\"direction\":\"right\",\"speed\":1,\"random\":true,\"out_mode\":\"out\",\"attract\":{\"enable\":true,\"rotateX\":1200,\"rotateY\":600}}},\"interactivity\":[],\"retina_detect\":true}'><\/div>\t\n\n<\/div><!-- \/.particles --><\/div><\/div><\/div><\/div><\/div><\/div><\/section><div class=\"vc_row-full-width vc_clearfix\"><\/div><section class=\"vc_row wpb_row vc_row-fluid vc_custom_1542540250990 row-contains-padding-top row-contains-padding-bottom liquid-row-shadowbox-69f1b3e0af40b\"><div class=\"ld-container container\"><div class=\"row ld-row\"><div class=\"wpb_column vc_column_container vc_col-sm-12 vc_col-md-offset-1 vc_col-md-10 text-center liquid-column-69f1b3e0af5da\"><div class=\"vc_column-inner\"><div class=\"wpb_wrapper\"  data-custom-animations=\"true\" data-ca-options='{\"triggerHandler\":\"inview\",\"animationTarget\":\"all-childs\",\"duration\":\"1200\",\"startDelay\":\"200\",\"delay\":\"150\",\"easing\":\"easeOutQuint\",\"direction\":\"forward\",\"initValues\":{\"translateY\":92,\"rotateX\":-34,\"opacity\":0},\"animations\":{\"translateY\":0,\"rotateX\":0,\"opacity\":1}}' ><div class=\"wpb_wrapper-inner\"><style>.ld_fancy_heading_69f1b3e0af738 .lqd-highlight-inner{height:0.275em;bottom:0px;}<\/style><div class=\"ld-fancy-heading ld_fancy_heading_69f1b3e0af738\">\n\t<h2 class=\"lqd-highlight-underline lqd-highlight-grow-left\" data-fittext=\"true\" data-fittext-options='{\"compressor\":0.5500000000000000444089209850062616169452667236328125,\"maxFontSize\":\"currentFontSize\",\"minFontSize\":\"\"}' data-split-text=\"true\" data-custom-animations=\"true\" data-ca-options='{\"triggerHandler\":\"inview\",\"animationTarget\":\".lqd-words .split-inner\",\"duration\":700,\"delay\":100,\"easing\":\"easeOutQuint\",\"direction\":\"forward\",\"initValues\":{\"scale\":1},\"animations\":{\"scale\":1}}' data-split-options='{\"type\":\"words\"}'><span class=\"ld-fh-txt\"> Vamos a crear algo extraordinario<\/span><\/h2><\/div><style>.ld_fancy_heading_69f1b3e0affd2 h2{font-size:86px;line-height:1em;color:rgb(254, 104, 139);}.ld_fancy_heading_69f1b3e0affd2 .lqd-highlight-inner{height:0.275em;bottom:0px;}<\/style><div class=\"ld-fancy-heading ld_fancy_heading_69f1b3e0affd2\">\n\t<h2 class=\"lqd-highlight-underline lqd-highlight-grow-left\" data-fittext=\"true\" data-fittext-options='{\"compressor\":0.65000000000000002220446049250313080847263336181640625,\"maxFontSize\":\"currentFontSize\",\"minFontSize\":\"70\"}' data-split-text=\"true\" data-custom-animations=\"true\" data-ca-options='{\"triggerHandler\":\"inview\",\"animationTarget\":\".lqd-words .split-inner\",\"duration\":700,\"delay\":100,\"easing\":\"easeOutQuint\",\"direction\":\"forward\",\"initValues\":{\"scale\":1},\"animations\":{\"scale\":1}}' data-split-options='{\"type\":\"words\"}'><span class=\"ld-fh-txt\"> juntos<\/span><\/h2><\/div><div class=\"vc_empty_space\"   style=\"height: 45px\"><span class=\"vc_empty_space_inner\"><\/span><\/div><style>.ld_button_69f1b3e0b05f0.btn-icon-solid .btn-icon{background:rgb(61, 89, 232);}.ld_button_69f1b3e0b05f0.btn-icon-circle.btn-icon-ripple .btn-icon:before{border-color:rgb(61, 89, 232);}.ld_button_69f1b3e0b05f0{background-color:rgb(61, 89, 232);border-color:rgb(61, 89, 232);color:rgb(255, 255, 255);font-size:14px !important;font-weight:600 !important;box-shadow:0px 12px 20px 0px #c5cbec;}.ld_button_69f1b3e0b05f0 .btn-gradient-border defs stop:first-child{stop-color:rgb(61, 89, 232);}.ld_button_69f1b3e0b05f0 .btn-gradient-border defs stop:last-child{stop-color:rgb(61, 89, 232);}.ld_button_69f1b3e0b05f0:hover{box-shadow:0px 15px 30px 0px rgba(254,104,139,0.12);}<\/style><a href=\"#\" class=\"btn btn-solid text-uppercase circle btn-bordered border-thin ld_button_69f1b3e0b05f0\">\n\t<span>\n\t\t\n\t\t\t\t\t<span class=\"btn-txt\">Iniciar un proyecto<\/span>\n\t\t\t\n\t\t\t\t<\/span>\n<\/a>\n<\/div><\/div><\/div><\/div><\/div><\/div><\/section>","protected":false},"excerpt":{"rendered":"Adventures in creative age We believe that designing products and services in close partnership with...","protected":false},"author":1,"featured_media":0,"parent":0,"menu_order":0,"comment_status":"closed","ping_status":"closed","template":"","meta":{"footnotes":""},"class_list":["post-4532","page","type-page","status-publish","hentry"],"yoast_head":"<!-- This site is optimized with the Yoast SEO plugin v27.5 - https:\/\/yoast.com\/product\/yoast-seo-wordpress\/ -->\n<title>Dynamic Shape - Eden Garden Equipment<\/title>\n<meta name=\"robots\" content=\"index, follow, max-snippet:-1, max-image-preview:large, max-video-preview:-1\" \/>\n<link rel=\"canonical\" href=\"https:\/\/edengardenequipment.com\/es\/dynamic-shape\/\" \/>\n<meta property=\"og:locale\" content=\"es_ES\" \/>\n<meta property=\"og:type\" content=\"article\" \/>\n<meta property=\"og:title\" content=\"Dynamic Shape - Eden Garden Equipment\" \/>\n<meta property=\"og:url\" content=\"https:\/\/edengardenequipment.com\/es\/dynamic-shape\/\" \/>\n<meta property=\"og:site_name\" content=\"Eden Garden Equipment\" \/>\n<meta property=\"og:image\" content=\"https:\/\/edengardenequipment.com\/wp-content\/uploads\/2023\/06\/05.jpg\" \/>\n\t<meta property=\"og:image:width\" content=\"2000\" \/>\n\t<meta property=\"og:image:height\" content=\"1117\" \/>\n\t<meta property=\"og:image:type\" content=\"image\/jpeg\" \/>\n<meta name=\"twitter:card\" content=\"summary_large_image\" \/>\n<meta name=\"twitter:label1\" content=\"Tiempo de lectura\" \/>\n\t<meta name=\"twitter:data1\" content=\"4 minutos\" \/>\n<script type=\"application\/ld+json\" class=\"yoast-schema-graph\">{\"@context\":\"https:\\\/\\\/schema.org\",\"@graph\":[{\"@type\":\"WebPage\",\"@id\":\"https:\\\/\\\/edengardenequipment.com\\\/dynamic-shape\\\/\",\"url\":\"https:\\\/\\\/edengardenequipment.com\\\/dynamic-shape\\\/\",\"name\":\"Dynamic Shape - Eden Garden Equipment\",\"isPartOf\":{\"@id\":\"https:\\\/\\\/edengardenequipment.com\\\/#website\"},\"datePublished\":\"2018-10-18T10:00:18+00:00\",\"breadcrumb\":{\"@id\":\"https:\\\/\\\/edengardenequipment.com\\\/dynamic-shape\\\/#breadcrumb\"},\"inLanguage\":\"es\",\"potentialAction\":[{\"@type\":\"ReadAction\",\"target\":[\"https:\\\/\\\/edengardenequipment.com\\\/dynamic-shape\\\/\"]}]},{\"@type\":\"BreadcrumbList\",\"@id\":\"https:\\\/\\\/edengardenequipment.com\\\/dynamic-shape\\\/#breadcrumb\",\"itemListElement\":[{\"@type\":\"ListItem\",\"position\":1,\"name\":\"Home\",\"item\":\"https:\\\/\\\/edengardenequipment.com\\\/\"},{\"@type\":\"ListItem\",\"position\":2,\"name\":\"Dynamic Shape\"}]},{\"@type\":\"WebSite\",\"@id\":\"https:\\\/\\\/edengardenequipment.com\\\/#website\",\"url\":\"https:\\\/\\\/edengardenequipment.com\\\/\",\"name\":\"Eden Garden Equipment\",\"description\":\"Best Gardening Tools for Sale\",\"publisher\":{\"@id\":\"https:\\\/\\\/edengardenequipment.com\\\/#organization\"},\"potentialAction\":[{\"@type\":\"SearchAction\",\"target\":{\"@type\":\"EntryPoint\",\"urlTemplate\":\"https:\\\/\\\/edengardenequipment.com\\\/?s={search_term_string}\"},\"query-input\":{\"@type\":\"PropertyValueSpecification\",\"valueRequired\":true,\"valueName\":\"search_term_string\"}}],\"inLanguage\":\"es\"},{\"@type\":\"Organization\",\"@id\":\"https:\\\/\\\/edengardenequipment.com\\\/#organization\",\"name\":\"Eden Garden Equipment\",\"url\":\"https:\\\/\\\/edengardenequipment.com\\\/\",\"logo\":{\"@type\":\"ImageObject\",\"inLanguage\":\"es\",\"@id\":\"https:\\\/\\\/edengardenequipment.com\\\/#\\\/schema\\\/logo\\\/image\\\/\",\"url\":\"https:\\\/\\\/edengardenequipment.com\\\/wp-content\\\/uploads\\\/2023\\\/06\\\/cropped-Asset-1@2xnew2.png\",\"contentUrl\":\"https:\\\/\\\/edengardenequipment.com\\\/wp-content\\\/uploads\\\/2023\\\/06\\\/cropped-Asset-1@2xnew2.png\",\"width\":512,\"height\":512,\"caption\":\"Eden Garden Equipment\"},\"image\":{\"@id\":\"https:\\\/\\\/edengardenequipment.com\\\/#\\\/schema\\\/logo\\\/image\\\/\"}}]}<\/script>\n<!-- \/ Yoast SEO plugin. -->","yoast_head_json":{"title":"Dynamic Shape - Eden Garden Equipment","robots":{"index":"index","follow":"follow","max-snippet":"max-snippet:-1","max-image-preview":"max-image-preview:large","max-video-preview":"max-video-preview:-1"},"canonical":"https:\/\/edengardenequipment.com\/es\/dynamic-shape\/","og_locale":"es_ES","og_type":"article","og_title":"Dynamic Shape - Eden Garden Equipment","og_url":"https:\/\/edengardenequipment.com\/es\/dynamic-shape\/","og_site_name":"Eden Garden Equipment","og_image":[{"width":2000,"height":1117,"url":"https:\/\/edengardenequipment.com\/wp-content\/uploads\/2023\/06\/05.jpg","type":"image\/jpeg"}],"twitter_card":"summary_large_image","twitter_misc":{"Tiempo de lectura":"4 minutos"},"schema":{"@context":"https:\/\/schema.org","@graph":[{"@type":"WebPage","@id":"https:\/\/edengardenequipment.com\/dynamic-shape\/","url":"https:\/\/edengardenequipment.com\/dynamic-shape\/","name":"Dynamic Shape - Eden Garden Equipment","isPartOf":{"@id":"https:\/\/edengardenequipment.com\/#website"},"datePublished":"2018-10-18T10:00:18+00:00","breadcrumb":{"@id":"https:\/\/edengardenequipment.com\/dynamic-shape\/#breadcrumb"},"inLanguage":"es","potentialAction":[{"@type":"ReadAction","target":["https:\/\/edengardenequipment.com\/dynamic-shape\/"]}]},{"@type":"BreadcrumbList","@id":"https:\/\/edengardenequipment.com\/dynamic-shape\/#breadcrumb","itemListElement":[{"@type":"ListItem","position":1,"name":"Home","item":"https:\/\/edengardenequipment.com\/"},{"@type":"ListItem","position":2,"name":"Dynamic Shape"}]},{"@type":"WebSite","@id":"https:\/\/edengardenequipment.com\/#website","url":"https:\/\/edengardenequipment.com\/","name":"Eden Garden Equipment","description":"Best Gardening Tools for Sale","publisher":{"@id":"https:\/\/edengardenequipment.com\/#organization"},"potentialAction":[{"@type":"SearchAction","target":{"@type":"EntryPoint","urlTemplate":"https:\/\/edengardenequipment.com\/?s={search_term_string}"},"query-input":{"@type":"PropertyValueSpecification","valueRequired":true,"valueName":"search_term_string"}}],"inLanguage":"es"},{"@type":"Organization","@id":"https:\/\/edengardenequipment.com\/#organization","name":"Eden Garden Equipment","url":"https:\/\/edengardenequipment.com\/","logo":{"@type":"ImageObject","inLanguage":"es","@id":"https:\/\/edengardenequipment.com\/#\/schema\/logo\/image\/","url":"https:\/\/edengardenequipment.com\/wp-content\/uploads\/2023\/06\/cropped-Asset-1@2xnew2.png","contentUrl":"https:\/\/edengardenequipment.com\/wp-content\/uploads\/2023\/06\/cropped-Asset-1@2xnew2.png","width":512,"height":512,"caption":"Eden Garden Equipment"},"image":{"@id":"https:\/\/edengardenequipment.com\/#\/schema\/logo\/image\/"}}]}},"_links":{"self":[{"href":"https:\/\/edengardenequipment.com\/es\/wp-json\/wp\/v2\/pages\/4532","targetHints":{"allow":["GET"]}}],"collection":[{"href":"https:\/\/edengardenequipment.com\/es\/wp-json\/wp\/v2\/pages"}],"about":[{"href":"https:\/\/edengardenequipment.com\/es\/wp-json\/wp\/v2\/types\/page"}],"author":[{"embeddable":true,"href":"https:\/\/edengardenequipment.com\/es\/wp-json\/wp\/v2\/users\/1"}],"replies":[{"embeddable":true,"href":"https:\/\/edengardenequipment.com\/es\/wp-json\/wp\/v2\/comments?post=4532"}],"version-history":[{"count":0,"href":"https:\/\/edengardenequipment.com\/es\/wp-json\/wp\/v2\/pages\/4532\/revisions"}],"wp:attachment":[{"href":"https:\/\/edengardenequipment.com\/es\/wp-json\/wp\/v2\/media?parent=4532"}],"curies":[{"name":"wp","href":"https:\/\/api.w.org\/{rel}","templated":true}]}}