{"id":4936,"date":"2018-10-19T13:10:31","date_gmt":"2018-10-19T13:10:31","guid":{"rendered":"http:\/\/onetwo.themerella.com\/?page_id=4936"},"modified":"2018-10-19T13:10:31","modified_gmt":"2018-10-19T13:10:31","slug":"structure","status":"publish","type":"page","link":"https:\/\/edengardenequipment.com\/es\/structure\/","title":{"rendered":"Estructura"},"content":{"rendered":"<section class=\"vc_row wpb_row vc_row-fluid vc_custom_1540161173307 liquid-row-shadowbox-69f1b3f16004d\"><div class=\"ld-container container\"><div class=\"row ld-row\"><div class=\"wpb_column vc_column_container vc_col-sm-12 liquid-column-69f1b3f16035b\"><div class=\"vc_column-inner\"><div class=\"wpb_wrapper\"   ><div class=\"wpb_wrapper-inner\">\n\t<div class=\"wpb_text_column wpb_content_element\" >\n\t\t<div class=\"wpb_wrapper\">\n\t\t\t<p>Por otra parte, denunciamos con justa indignaci\u00f3n y desagrado a los hombres que est\u00e1n tan seducidos y desmoralizados por los encantos del placer del momento, tan cegados por el deseo, que no pueden prever el dolor y la molestia que est\u00e1n destinados a seguir; y la misma culpa corresponde a aquellos que faltan a su deber por debilidad de voluntad, lo que es lo mismo que decir por rehuir el trabajo y el dolor. Estos casos son perfectamente simples y f\u00e1ciles de distinguir. En un momento libre, cuando nuestro poder de elecci\u00f3n es ilimitado y cuando nada nos impide ser capaces de hacer lo que m\u00e1s nos gusta, todo placer debe ser bienvenido y todo dolor evitado. Pero en ciertas circunstancias y debido a las exigencias del deber o las obligaciones del negocio, ocurrir\u00e1 con frecuencia que los placeres deben ser repudiados y las molestias aceptadas. Por lo tanto, el hombre sabio siempre se atiene en estas cuestiones a este principio de selecci\u00f3n: rechaza placeres para asegurar otros placeres mayores, o bien soporta dolores para evitar dolores peores.<\/p>\n\n\t\t<\/div>\n\t<\/div>\n<\/div><\/div><\/div><\/div><\/div><\/div><\/section><section class=\"vc_row wpb_row vc_row-fluid vc_custom_1540161239669 liquid-row-shadowbox-69f1b3f160786\"><div class=\"ld-container container\"><div class=\"row ld-row\"><div class=\"wpb_column vc_column_container vc_col-sm-6 liquid-column-69f1b3f1608f5\"><div class=\"vc_column-inner\"><div class=\"wpb_wrapper\"   ><div class=\"wpb_wrapper-inner\">\n\t<div class=\"wpb_text_column wpb_content_element\" >\n\t\t<div class=\"wpb_wrapper\">\n\t\t\t<p>Por otra parte, denunciamos con justa indignaci\u00f3n y desagrado a los hombres que est\u00e1n tan seducidos y desmoralizados por los encantos del placer del momento, tan cegados por el deseo, que no pueden prever el dolor y la angustia que est\u00e1n destinados a seguir; y la misma culpa corresponde a aquellos que faltan a su deber por debilidad de voluntad, lo que es lo mismo que decir por rehuir el trabajo y el dolor. Estos casos son perfectamente simples y f\u00e1ciles de distinguir. En un momento libre, cuando nuestro poder de elecci\u00f3n est\u00e1 libre y cuando nada nos impide ser capaces de hacer lo que m\u00e1s nos gusta, todo placer debe ser bienvenido y todo dolor evitado.<\/p>\n\n\t\t<\/div>\n\t<\/div>\n<\/div><\/div><\/div><\/div><div class=\"wpb_column vc_column_container vc_col-sm-6 liquid-column-69f1b3f160b0a\"><div class=\"vc_column-inner\"><div class=\"wpb_wrapper\"   ><div class=\"wpb_wrapper-inner\">\n\t<div class=\"wpb_text_column wpb_content_element\" >\n\t\t<div class=\"wpb_wrapper\">\n\t\t\t<p>Por otra parte, denunciamos con justa indignaci\u00f3n y desagrado a los hombres que est\u00e1n tan seducidos y desmoralizados por los encantos del placer del momento, tan cegados por el deseo, que no pueden prever el dolor y la angustia que est\u00e1n destinados a seguir; y la misma culpa corresponde a aquellos que faltan a su deber por debilidad de voluntad, lo que es lo mismo que decir por rehuir el trabajo y el dolor. Estos casos son perfectamente simples y f\u00e1ciles de distinguir. En un momento libre, cuando nuestro poder de elecci\u00f3n est\u00e1 libre y cuando nada nos impide ser capaces de hacer lo que m\u00e1s nos gusta, todo placer debe ser bienvenido y todo dolor evitado.<\/p>\n\n\t\t<\/div>\n\t<\/div>\n<\/div><\/div><\/div><\/div><\/div><\/div><\/section><section class=\"vc_row wpb_row vc_row-fluid vc_custom_1540161246678 liquid-row-shadowbox-69f1b3f160d37\"><div class=\"ld-container container\"><div class=\"row ld-row\"><div class=\"wpb_column vc_column_container vc_col-sm-4 liquid-column-69f1b3f160e8d\"><div class=\"vc_column-inner\"><div class=\"wpb_wrapper\"   ><div class=\"wpb_wrapper-inner\">\n\t<div class=\"wpb_text_column wpb_content_element\" >\n\t\t<div class=\"wpb_wrapper\">\n\t\t\t<p>Por otra parte, denunciamos con justa indignaci\u00f3n y aversi\u00f3n a los hombres que est\u00e1n tan enga\u00f1ados y desmoralizados por los encantos del placer del momento, tan cegados por el deseo, que no pueden prever el dolor y los problemas que inevitablemente seguir\u00e1n; e igual culpa corresponde a aquellos que fallan en su deber por debilidad de voluntad, lo que es lo mismo que decir por rehuir el trabajo y el dolor.<\/p>\n\n\t\t<\/div>\n\t<\/div>\n<\/div><\/div><\/div><\/div><div class=\"wpb_column vc_column_container vc_col-sm-4 liquid-column-69f1b3f161098\"><div class=\"vc_column-inner\"><div class=\"wpb_wrapper\"   ><div class=\"wpb_wrapper-inner\">\n\t<div class=\"wpb_text_column wpb_content_element\" >\n\t\t<div class=\"wpb_wrapper\">\n\t\t\t<p>Por otra parte, denunciamos con justa indignaci\u00f3n y aversi\u00f3n a los hombres que est\u00e1n tan enga\u00f1ados y desmoralizados por los encantos del placer del momento, tan cegados por el deseo, que no pueden prever el dolor y los problemas que inevitablemente seguir\u00e1n; e igual culpa corresponde a aquellos que fallan en su deber por debilidad de voluntad, lo que es lo mismo que decir por rehuir el trabajo y el dolor.<\/p>\n\n\t\t<\/div>\n\t<\/div>\n<\/div><\/div><\/div><\/div><div class=\"wpb_column vc_column_container vc_col-sm-4 liquid-column-69f1b3f161291\"><div class=\"vc_column-inner\"><div class=\"wpb_wrapper\"   ><div class=\"wpb_wrapper-inner\">\n\t<div class=\"wpb_text_column wpb_content_element\" >\n\t\t<div class=\"wpb_wrapper\">\n\t\t\t<p>Por otra parte, denunciamos con justa indignaci\u00f3n y aversi\u00f3n a los hombres que est\u00e1n tan enga\u00f1ados y desmoralizados por los encantos del placer del momento, tan cegados por el deseo, que no pueden prever el dolor y los problemas que inevitablemente seguir\u00e1n; e igual culpa corresponde a aquellos que fallan en su deber por debilidad de voluntad, lo que es lo mismo que decir por rehuir el trabajo y el dolor.<\/p>\n\n\t\t<\/div>\n\t<\/div>\n<\/div><\/div><\/div><\/div><\/div><\/div><\/section><section class=\"vc_row wpb_row vc_row-fluid vc_custom_1540161258060 liquid-row-shadowbox-69f1b3f1614b7\"><div class=\"ld-container container\"><div class=\"row ld-row\"><div class=\"wpb_column vc_column_container vc_col-sm-3 liquid-column-69f1b3f16160f\"><div class=\"vc_column-inner\"><div class=\"wpb_wrapper\"   ><div class=\"wpb_wrapper-inner\">\n\t<div class=\"wpb_text_column wpb_content_element\" >\n\t\t<div class=\"wpb_wrapper\">\n\t\t\t<p>Por otra parte, denunciamos con justa indignaci\u00f3n y aversi\u00f3n a los hombres que est\u00e1n tan enga\u00f1ados y desmoralizados por los encantos del placer del momento, tan cegados por el deseo, que no pueden prever el dolor y los problemas que inevitablemente seguir\u00e1n; y la misma culpa corresponde a aquellos que fallan en su deber por debilidad de voluntad.<\/p>\n\n\t\t<\/div>\n\t<\/div>\n<\/div><\/div><\/div><\/div><div class=\"wpb_column vc_column_container vc_col-sm-3 liquid-column-69f1b3f16181e\"><div class=\"vc_column-inner\"><div class=\"wpb_wrapper\"   ><div class=\"wpb_wrapper-inner\">\n\t<div class=\"wpb_text_column wpb_content_element\" >\n\t\t<div class=\"wpb_wrapper\">\n\t\t\t<p>Por otra parte, denunciamos con justa indignaci\u00f3n y aversi\u00f3n a los hombres que est\u00e1n tan enga\u00f1ados y desmoralizados por los encantos del placer del momento, tan cegados por el deseo, que no pueden prever el dolor y los problemas que inevitablemente seguir\u00e1n; y la misma culpa corresponde a aquellos que fallan en su deber por debilidad de voluntad.<\/p>\n\n\t\t<\/div>\n\t<\/div>\n<\/div><\/div><\/div><\/div><div class=\"wpb_column vc_column_container vc_col-sm-3 liquid-column-69f1b3f161a14\"><div class=\"vc_column-inner\"><div class=\"wpb_wrapper\"   ><div class=\"wpb_wrapper-inner\">\n\t<div class=\"wpb_text_column wpb_content_element\" >\n\t\t<div class=\"wpb_wrapper\">\n\t\t\t<p>Por otra parte, denunciamos con justa indignaci\u00f3n y aversi\u00f3n a los hombres que est\u00e1n tan enga\u00f1ados y desmoralizados por los encantos del placer del momento, tan cegados por el deseo, que no pueden prever el dolor y los problemas que inevitablemente seguir\u00e1n; y la misma culpa corresponde a aquellos que fallan en su deber por debilidad de voluntad.<\/p>\n\n\t\t<\/div>\n\t<\/div>\n<\/div><\/div><\/div><\/div><div class=\"wpb_column vc_column_container vc_col-sm-3 liquid-column-69f1b3f161c13\"><div class=\"vc_column-inner\"><div class=\"wpb_wrapper\"   ><div class=\"wpb_wrapper-inner\">\n\t<div class=\"wpb_text_column wpb_content_element\" >\n\t\t<div class=\"wpb_wrapper\">\n\t\t\t<p>Por otra parte, denunciamos con justa indignaci\u00f3n y aversi\u00f3n a los hombres que est\u00e1n tan enga\u00f1ados y desmoralizados por los encantos del placer del momento, tan cegados por el deseo, que no pueden prever el dolor y los problemas que inevitablemente seguir\u00e1n; y la misma culpa corresponde a aquellos que fallan en su deber por debilidad de voluntad.<\/p>\n\n\t\t<\/div>\n\t<\/div>\n<\/div><\/div><\/div><\/div><\/div><\/div><\/section>","protected":false},"excerpt":{"rendered":"On the other hand, we denounce with righteous indignation and dislike men who are so...","protected":false},"author":1,"featured_media":0,"parent":0,"menu_order":0,"comment_status":"closed","ping_status":"closed","template":"","meta":{"footnotes":""},"class_list":["post-4936","page","type-page","status-publish","hentry"],"yoast_head":"<!-- This site is optimized with the Yoast SEO plugin v27.5 - https:\/\/yoast.com\/product\/yoast-seo-wordpress\/ -->\n<title>Structure - Eden Garden Equipment<\/title>\n<meta name=\"robots\" content=\"index, follow, max-snippet:-1, max-image-preview:large, max-video-preview:-1\" \/>\n<link rel=\"canonical\" href=\"https:\/\/edengardenequipment.com\/es\/structure\/\" \/>\n<meta property=\"og:locale\" content=\"es_ES\" \/>\n<meta property=\"og:type\" content=\"article\" \/>\n<meta property=\"og:title\" content=\"Structure - Eden Garden Equipment\" \/>\n<meta property=\"og:url\" content=\"https:\/\/edengardenequipment.com\/es\/structure\/\" \/>\n<meta property=\"og:site_name\" content=\"Eden Garden Equipment\" \/>\n<meta property=\"og:image\" content=\"https:\/\/edengardenequipment.com\/wp-content\/uploads\/2023\/06\/05.jpg\" \/>\n\t<meta property=\"og:image:width\" content=\"2000\" \/>\n\t<meta property=\"og:image:height\" content=\"1117\" \/>\n\t<meta property=\"og:image:type\" content=\"image\/jpeg\" \/>\n<meta name=\"twitter:card\" content=\"summary_large_image\" \/>\n<meta name=\"twitter:label1\" content=\"Tiempo de lectura\" \/>\n\t<meta name=\"twitter:data1\" content=\"5 minutos\" \/>\n<script type=\"application\/ld+json\" class=\"yoast-schema-graph\">{\"@context\":\"https:\\\/\\\/schema.org\",\"@graph\":[{\"@type\":\"WebPage\",\"@id\":\"https:\\\/\\\/edengardenequipment.com\\\/structure\\\/\",\"url\":\"https:\\\/\\\/edengardenequipment.com\\\/structure\\\/\",\"name\":\"Structure - Eden Garden Equipment\",\"isPartOf\":{\"@id\":\"https:\\\/\\\/edengardenequipment.com\\\/#website\"},\"datePublished\":\"2018-10-19T13:10:31+00:00\",\"breadcrumb\":{\"@id\":\"https:\\\/\\\/edengardenequipment.com\\\/structure\\\/#breadcrumb\"},\"inLanguage\":\"es\",\"potentialAction\":[{\"@type\":\"ReadAction\",\"target\":[\"https:\\\/\\\/edengardenequipment.com\\\/structure\\\/\"]}]},{\"@type\":\"BreadcrumbList\",\"@id\":\"https:\\\/\\\/edengardenequipment.com\\\/structure\\\/#breadcrumb\",\"itemListElement\":[{\"@type\":\"ListItem\",\"position\":1,\"name\":\"Home\",\"item\":\"https:\\\/\\\/edengardenequipment.com\\\/\"},{\"@type\":\"ListItem\",\"position\":2,\"name\":\"Structure\"}]},{\"@type\":\"WebSite\",\"@id\":\"https:\\\/\\\/edengardenequipment.com\\\/#website\",\"url\":\"https:\\\/\\\/edengardenequipment.com\\\/\",\"name\":\"Eden Garden Equipment\",\"description\":\"Best Gardening Tools for Sale\",\"publisher\":{\"@id\":\"https:\\\/\\\/edengardenequipment.com\\\/#organization\"},\"potentialAction\":[{\"@type\":\"SearchAction\",\"target\":{\"@type\":\"EntryPoint\",\"urlTemplate\":\"https:\\\/\\\/edengardenequipment.com\\\/?s={search_term_string}\"},\"query-input\":{\"@type\":\"PropertyValueSpecification\",\"valueRequired\":true,\"valueName\":\"search_term_string\"}}],\"inLanguage\":\"es\"},{\"@type\":\"Organization\",\"@id\":\"https:\\\/\\\/edengardenequipment.com\\\/#organization\",\"name\":\"Eden Garden Equipment\",\"url\":\"https:\\\/\\\/edengardenequipment.com\\\/\",\"logo\":{\"@type\":\"ImageObject\",\"inLanguage\":\"es\",\"@id\":\"https:\\\/\\\/edengardenequipment.com\\\/#\\\/schema\\\/logo\\\/image\\\/\",\"url\":\"https:\\\/\\\/edengardenequipment.com\\\/wp-content\\\/uploads\\\/2023\\\/06\\\/cropped-Asset-1@2xnew2.png\",\"contentUrl\":\"https:\\\/\\\/edengardenequipment.com\\\/wp-content\\\/uploads\\\/2023\\\/06\\\/cropped-Asset-1@2xnew2.png\",\"width\":512,\"height\":512,\"caption\":\"Eden Garden Equipment\"},\"image\":{\"@id\":\"https:\\\/\\\/edengardenequipment.com\\\/#\\\/schema\\\/logo\\\/image\\\/\"}}]}<\/script>\n<!-- \/ Yoast SEO plugin. -->","yoast_head_json":{"title":"Structure - Eden Garden Equipment","robots":{"index":"index","follow":"follow","max-snippet":"max-snippet:-1","max-image-preview":"max-image-preview:large","max-video-preview":"max-video-preview:-1"},"canonical":"https:\/\/edengardenequipment.com\/es\/structure\/","og_locale":"es_ES","og_type":"article","og_title":"Structure - Eden Garden Equipment","og_url":"https:\/\/edengardenequipment.com\/es\/structure\/","og_site_name":"Eden Garden Equipment","og_image":[{"width":2000,"height":1117,"url":"https:\/\/edengardenequipment.com\/wp-content\/uploads\/2023\/06\/05.jpg","type":"image\/jpeg"}],"twitter_card":"summary_large_image","twitter_misc":{"Tiempo de lectura":"5 minutos"},"schema":{"@context":"https:\/\/schema.org","@graph":[{"@type":"WebPage","@id":"https:\/\/edengardenequipment.com\/structure\/","url":"https:\/\/edengardenequipment.com\/structure\/","name":"Structure - Eden Garden Equipment","isPartOf":{"@id":"https:\/\/edengardenequipment.com\/#website"},"datePublished":"2018-10-19T13:10:31+00:00","breadcrumb":{"@id":"https:\/\/edengardenequipment.com\/structure\/#breadcrumb"},"inLanguage":"es","potentialAction":[{"@type":"ReadAction","target":["https:\/\/edengardenequipment.com\/structure\/"]}]},{"@type":"BreadcrumbList","@id":"https:\/\/edengardenequipment.com\/structure\/#breadcrumb","itemListElement":[{"@type":"ListItem","position":1,"name":"Home","item":"https:\/\/edengardenequipment.com\/"},{"@type":"ListItem","position":2,"name":"Structure"}]},{"@type":"WebSite","@id":"https:\/\/edengardenequipment.com\/#website","url":"https:\/\/edengardenequipment.com\/","name":"Eden Garden Equipment","description":"Best Gardening Tools for Sale","publisher":{"@id":"https:\/\/edengardenequipment.com\/#organization"},"potentialAction":[{"@type":"SearchAction","target":{"@type":"EntryPoint","urlTemplate":"https:\/\/edengardenequipment.com\/?s={search_term_string}"},"query-input":{"@type":"PropertyValueSpecification","valueRequired":true,"valueName":"search_term_string"}}],"inLanguage":"es"},{"@type":"Organization","@id":"https:\/\/edengardenequipment.com\/#organization","name":"Eden Garden Equipment","url":"https:\/\/edengardenequipment.com\/","logo":{"@type":"ImageObject","inLanguage":"es","@id":"https:\/\/edengardenequipment.com\/#\/schema\/logo\/image\/","url":"https:\/\/edengardenequipment.com\/wp-content\/uploads\/2023\/06\/cropped-Asset-1@2xnew2.png","contentUrl":"https:\/\/edengardenequipment.com\/wp-content\/uploads\/2023\/06\/cropped-Asset-1@2xnew2.png","width":512,"height":512,"caption":"Eden Garden Equipment"},"image":{"@id":"https:\/\/edengardenequipment.com\/#\/schema\/logo\/image\/"}}]}},"_links":{"self":[{"href":"https:\/\/edengardenequipment.com\/es\/wp-json\/wp\/v2\/pages\/4936","targetHints":{"allow":["GET"]}}],"collection":[{"href":"https:\/\/edengardenequipment.com\/es\/wp-json\/wp\/v2\/pages"}],"about":[{"href":"https:\/\/edengardenequipment.com\/es\/wp-json\/wp\/v2\/types\/page"}],"author":[{"embeddable":true,"href":"https:\/\/edengardenequipment.com\/es\/wp-json\/wp\/v2\/users\/1"}],"replies":[{"embeddable":true,"href":"https:\/\/edengardenequipment.com\/es\/wp-json\/wp\/v2\/comments?post=4936"}],"version-history":[{"count":0,"href":"https:\/\/edengardenequipment.com\/es\/wp-json\/wp\/v2\/pages\/4936\/revisions"}],"wp:attachment":[{"href":"https:\/\/edengardenequipment.com\/es\/wp-json\/wp\/v2\/media?parent=4936"}],"curies":[{"name":"wp","href":"https:\/\/api.w.org\/{rel}","templated":true}]}}