{"id":4939,"date":"2018-10-19T13:12:08","date_gmt":"2018-10-19T13:12:08","guid":{"rendered":"http:\/\/onetwo.themerella.com\/?page_id=4939"},"modified":"2018-10-19T13:12:08","modified_gmt":"2018-10-19T13:12:08","slug":"typography","status":"publish","type":"page","link":"https:\/\/edengardenequipment.com\/es\/typography\/","title":{"rendered":"Tipograf\u00eda"},"content":{"rendered":"<section class=\"vc_row wpb_row vc_row-fluid vc_custom_1539960781927 liquid-row-shadowbox-69f1b3e0bd9df\"><div class=\"ld-container container\"><div class=\"row ld-row\"><div class=\"wpb_column vc_column_container vc_col-sm-12 liquid-column-69f1b3e0bdd73\"><div class=\"vc_column-inner\"><div class=\"wpb_wrapper\"   ><div class=\"wpb_wrapper-inner\"><h1 style=\"text-align: left\" class=\"vc_custom_heading\"  >T\u00edtulo 1<\/h1>\n\t<div class=\"wpb_text_column wpb_content_element\" >\n\t\t<div class=\"wpb_wrapper\">\n\t\t\t<p>Evaluar de forma en\u00e9rgica estrategias de crecimiento enfocadas a trav\u00e9s de cadenas de suministro superiores. Reintermediar de forma convincente las potencialidades cr\u00edticas para la misi\u00f3n en escenarios multifuncionales. Redise\u00f1ar procesos distribuidos sin cadenas de suministro estandarizadas.<\/p>\n\n\t\t<\/div>\n\t<\/div>\n<h2 style=\"text-align: left\" class=\"vc_custom_heading\"  >T\u00edtulo 2<\/h2>\n\t<div class=\"wpb_text_column wpb_content_element\" >\n\t\t<div class=\"wpb_wrapper\">\n\t\t\t<p>Evaluar de forma en\u00e9rgica estrategias de crecimiento enfocadas a trav\u00e9s de cadenas de suministro superiores. Reintermediar de forma convincente las potencialidades cr\u00edticas para la misi\u00f3n en escenarios multifuncionales. Redise\u00f1ar procesos distribuidos sin cadenas de suministro estandarizadas.<\/p>\n\n\t\t<\/div>\n\t<\/div>\n<h3 style=\"text-align: left\" class=\"vc_custom_heading\"  >T\u00edtulo 3<\/h3>\n\t<div class=\"wpb_text_column wpb_content_element\" >\n\t\t<div class=\"wpb_wrapper\">\n\t\t\t<p>Evaluar de forma en\u00e9rgica estrategias de crecimiento enfocadas a trav\u00e9s de cadenas de suministro superiores. Reintermediar de forma convincente las potencialidades cr\u00edticas para la misi\u00f3n en escenarios multifuncionales. Redise\u00f1ar procesos distribuidos sin cadenas de suministro estandarizadas.<\/p>\n\n\t\t<\/div>\n\t<\/div>\n<h4 style=\"text-align: left\" class=\"vc_custom_heading\"  >T\u00edtulo 4<\/h4>\n\t<div class=\"wpb_text_column wpb_content_element\" >\n\t\t<div class=\"wpb_wrapper\">\n\t\t\t<p>Evaluar de forma en\u00e9rgica estrategias de crecimiento enfocadas a trav\u00e9s de cadenas de suministro superiores. Reintermediar de forma convincente las potencialidades cr\u00edticas para la misi\u00f3n en escenarios multifuncionales. Redise\u00f1ar procesos distribuidos sin cadenas de suministro estandarizadas.<\/p>\n\n\t\t<\/div>\n\t<\/div>\n<h5 style=\"text-align: left\" class=\"vc_custom_heading\"  >T\u00edtulo 5<\/h5>\n\t<div class=\"wpb_text_column wpb_content_element\" >\n\t\t<div class=\"wpb_wrapper\">\n\t\t\t<p>Evaluar de forma en\u00e9rgica estrategias de crecimiento enfocadas a trav\u00e9s de cadenas de suministro superiores. Reintermediar de forma convincente las potencialidades cr\u00edticas para la misi\u00f3n en escenarios multifuncionales. Redise\u00f1ar procesos distribuidos sin cadenas de suministro estandarizadas.<\/p>\n\n\t\t<\/div>\n\t<\/div>\n<h6 style=\"text-align: left\" class=\"vc_custom_heading\"  >T\u00edtulo 6<\/h6>\n\t<div class=\"wpb_text_column wpb_content_element\" >\n\t\t<div class=\"wpb_wrapper\">\n\t\t\t<p>Evaluar de forma en\u00e9rgica estrategias de crecimiento enfocadas a trav\u00e9s de cadenas de suministro superiores. Reintermediar de forma convincente las potencialidades cr\u00edticas para la misi\u00f3n en escenarios multifuncionales. Redise\u00f1ar procesos distribuidos sin cadenas de suministro estandarizadas.<\/p>\n\n\t\t<\/div>\n\t<\/div>\n<\/div><\/div><\/div><\/div><\/div><\/div><\/section><section class=\"vc_row wpb_row vc_row-fluid vc_custom_1539961259292 liquid-row-shadowbox-69f1b3e0beb3c\"><div class=\"ld-container container\"><div class=\"row ld-row\"><div class=\"wpb_column vc_column_container vc_col-sm-12 liquid-column-69f1b3e0becff\"><div class=\"vc_column-inner\"><div class=\"wpb_wrapper\"   ><div class=\"wpb_wrapper-inner\"><div class=\"vc_separator wpb_content_element vc_separator_align_center vc_sep_width_100 vc_sep_pos_align_center vc_separator_no_text vc_sep_color_grey\" ><span class=\"vc_sep_holder vc_sep_holder_l\"><span  class=\"vc_sep_line\"><\/span><\/span><span class=\"vc_sep_holder vc_sep_holder_r\"><span  class=\"vc_sep_line\"><\/span><\/span>\n<\/div><\/div><\/div><\/div><\/div><\/div><\/div><\/section><section class=\"vc_row wpb_row vc_row-fluid liquid-row-shadowbox-69f1b3e0bf056\"><div class=\"ld-container container\"><div class=\"row ld-row\"><div class=\"wpb_column vc_column_container vc_col-sm-12 liquid-column-69f1b3e0bf1b5\"><div class=\"vc_column-inner\"><div class=\"wpb_wrapper\"   ><div class=\"wpb_wrapper-inner\"><h4 style=\"text-align: left\" class=\"vc_custom_heading\"  >Cita en bloque<\/h4>\n\t<div class=\"wpb_text_column wpb_content_element\" >\n\t\t<div class=\"wpb_wrapper\">\n\t\t\t<p>Evaluar de forma en\u00e9rgica estrategias de crecimiento enfocadas a trav\u00e9s de cadenas de suministro superiores. Reintermediar de forma convincente las potencialidades cr\u00edticas para la misi\u00f3n en escenarios multifuncionales. Redise\u00f1ar procesos distribuidos sin cadenas de suministro estandarizadas.<\/p>\n<blockquote><p>\nEl dise\u00f1o es el alma fundamental de una creaci\u00f3n hecha por el hombre que termina expres\u00e1ndose en las sucesivas capas externas del producto o servicio. El iMac no es solo el color o la translucidez o la forma de la carcasa. La esencia del iMac es ser el mejor ordenador de consumo posible en el que todos los elementos se complementan entre s\u00ed.\n<\/p><\/blockquote>\n\n\t\t<\/div>\n\t<\/div>\n<\/div><\/div><\/div><\/div><\/div><\/div><\/section><section class=\"vc_row wpb_row vc_row-fluid vc_custom_1539961282388 liquid-row-shadowbox-69f1b3e0bf4b0\"><div class=\"ld-container container\"><div class=\"row ld-row\"><div class=\"wpb_column vc_column_container vc_col-sm-12 liquid-column-69f1b3e0bf604\"><div class=\"vc_column-inner\"><div class=\"wpb_wrapper\"   ><div class=\"wpb_wrapper-inner\"><div class=\"vc_separator wpb_content_element vc_separator_align_center vc_sep_width_100 vc_sep_pos_align_center vc_separator_no_text vc_sep_color_grey\" ><span class=\"vc_sep_holder vc_sep_holder_l\"><span  class=\"vc_sep_line\"><\/span><\/span><span class=\"vc_sep_holder vc_sep_holder_r\"><span  class=\"vc_sep_line\"><\/span><\/span>\n<\/div><\/div><\/div><\/div><\/div><\/div><\/div><\/section><section class=\"vc_row wpb_row vc_row-fluid liquid-row-shadowbox-69f1b3e0bf868\"><div class=\"ld-container container\"><div class=\"row ld-row\"><div class=\"wpb_column vc_column_container vc_col-sm-12 liquid-column-69f1b3e0bf9bc\"><div class=\"vc_column-inner\"><div class=\"wpb_wrapper\"   ><div class=\"wpb_wrapper-inner\"><h4 style=\"text-align: left\" class=\"vc_custom_heading\"  >Elementos de texto HTML<\/h4>\n\t<div class=\"wpb_text_column wpb_content_element\" >\n\t\t<div class=\"wpb_wrapper\">\n\t\t\t<p><a href=\"#\">Este es un enlace<\/a> El texto Lorem Ipsum es simplemente el texto de relleno de las imprentas y archivos de texto. <strong>Este es un texto en negrita<\/strong> Lorem Ipsum ha sido el texto de relleno est\u00e1ndar de las industrias desde el a\u00f1o 1500, cuando un impresor (an\u00f3nimo) us\u00f3 una galera de tipos y los mezcl\u00f3 de tal manera que logr\u00f3 fabricar un libro de muestras tipogr\u00e1ficas. Se trata de un texto destacado: ha sobrevivido no solo cinco siglos, sino tambi\u00e9n el salto a la composici\u00f3n tipogr\u00e1fica electr\u00f3nica, permaneciendo esencialmente inalterado. <em>Este es un texto en cursiva<\/em> se populariz\u00f3 en la d\u00e9cada de 1960 con el lanzamiento de hojas de Letraset que conten\u00edan pasajes de Lorem Ipsum y, m\u00e1s recientemente, con software de autoedici\u00f3n como Aldus PageMaker, que inclu\u00eda versiones de Lorem Ipsum. Este es un texto tachado sed ut perspiciatis unde omnis iste natus error sit voluptatem accusantium doloremque laudantium, totam rem aperiam, eaque ipsa quae ab illo inventore veritatis et quasi arquitecto beatae vitae dicta sunt explicabo. Este es un texto subrayado nemo enim ipsam voluptatem quia voluptas sit aspernatur aut odit aut fugit, sed quia consequuntur magni dolores eos qui ratione voluptatem sequi nesciunt.<\/p>\n\n\t\t<\/div>\n\t<\/div>\n<\/div><\/div><\/div><\/div><\/div><\/div><\/section><section class=\"vc_row wpb_row vc_row-fluid vc_custom_1539961780753 liquid-row-shadowbox-69f1b3e0bfcae\"><div class=\"ld-container container\"><div class=\"row ld-row\"><div class=\"wpb_column vc_column_container vc_col-sm-12 liquid-column-69f1b3e0bfe08\"><div class=\"vc_column-inner\"><div class=\"wpb_wrapper\"   ><div class=\"wpb_wrapper-inner\"><div class=\"vc_separator wpb_content_element vc_separator_align_center vc_sep_width_100 vc_sep_pos_align_center vc_separator_no_text vc_sep_color_grey\" ><span class=\"vc_sep_holder vc_sep_holder_l\"><span  class=\"vc_sep_line\"><\/span><\/span><span class=\"vc_sep_holder vc_sep_holder_r\"><span  class=\"vc_sep_line\"><\/span><\/span>\n<\/div><\/div><\/div><\/div><\/div><\/div><\/div><\/section><section class=\"vc_row wpb_row vc_row-fluid vc_custom_1540312843086 liquid-row-shadowbox-69f1b3e0c0074\"><div class=\"ld-container container\"><div class=\"row ld-row\"><div class=\"wpb_column vc_column_container vc_col-sm-12 liquid-column-69f1b3e0c022c\"><div class=\"vc_column-inner\"><div class=\"wpb_wrapper\"   ><div class=\"wpb_wrapper-inner\"><h4 style=\"text-align: left\" class=\"vc_custom_heading\"  >Fuentes personalizadas<\/h4><style>.ld_fancy_heading_69f1b3e0c0451 .lqd-highlight-inner{height:0.275em;bottom:0px;}<\/style><div class=\"ld-fancy-heading ld_fancy_heading_69f1b3e0c0451\">\n\t<p class=\"lqd-highlight-underline lqd-highlight-grow-left\" ><span class=\"ld-fh-txt\"> <span class=\"font-134980\">Evaluar de forma en\u00e9rgica estrategias de crecimiento enfocadas a trav\u00e9s de cadenas de suministro superiores. Reintermediar de forma convincente las potencialidades cr\u00edticas para la misi\u00f3n en escenarios multifuncionales. Redise\u00f1ar procesos distribuidos sin cadenas de suministro estandarizadas.<\/span><\/span><\/p><\/div><style>.ld_fancy_heading_69f1b3e0c0658 p{font-size:30px;}.ld_fancy_heading_69f1b3e0c0658 .lqd-highlight-inner{height:0.275em;bottom:0px;}<\/style><div class=\"ld-fancy-heading ld_fancy_heading_69f1b3e0c0658\">\n\t<p class=\"lqd-highlight-underline lqd-highlight-grow-left\" ><span class=\"ld-fh-txt\"> <span class=\"font-134980\">Evaluar de forma en\u00e9rgica estrategias de crecimiento enfocadas a trav\u00e9s de cadenas de suministro superiores. Reintermediar de forma convincente las potencialidades cr\u00edticas para la misi\u00f3n en escenarios multifuncionales. Redise\u00f1ar procesos distribuidos sin cadenas de suministro estandarizadas.<\/span><\/span><\/p><\/div><style>.ld_fancy_heading_69f1b3e0c07d5 p{font-size:30px;}.ld_fancy_heading_69f1b3e0c07d5 .lqd-highlight-inner{height:0.275em;bottom:0px;}<\/style><div class=\"ld-fancy-heading ld_fancy_heading_69f1b3e0c07d5\">\n\t<p class=\"lqd-highlight-underline lqd-highlight-grow-left\" ><span class=\"ld-fh-txt\"> <span class=\"font-134980\">Evaluar de forma en\u00e9rgica estrategias de crecimiento enfocadas a trav\u00e9s de cadenas de suministro superiores. Reintermediar de forma convincente las potencialidades cr\u00edticas para la misi\u00f3n en escenarios multifuncionales. Redise\u00f1ar procesos distribuidos sin cadenas de suministro estandarizadas.<\/span><\/span><\/p><\/div><style>.ld_fancy_heading_69f1b3e0c0940 .lqd-highlight-inner{height:0.275em;bottom:0px;}<\/style><div class=\"ld-fancy-heading ld_fancy_heading_69f1b3e0c0940\">\n\t<p class=\"lqd-highlight-underline lqd-highlight-grow-left\" ><span class=\"ld-fh-txt\"> <span class=\"font-134980\">Evaluar de forma en\u00e9rgica estrategias de crecimiento enfocadas a trav\u00e9s de cadenas de suministro superiores. Reintermediar de forma convincente las potencialidades cr\u00edticas para la misi\u00f3n en escenarios multifuncionales. Redise\u00f1ar procesos distribuidos sin cadenas de suministro estandarizadas.<\/span><\/span><\/p><\/div><\/div><\/div><\/div><\/div><\/div><\/div><\/section>","protected":false},"excerpt":{"rendered":"Heading 1 Energistically benchmark focused growth strategies via superior supply chains. Compellingly reintermediate mission-critical potentialities...","protected":false},"author":1,"featured_media":0,"parent":0,"menu_order":0,"comment_status":"closed","ping_status":"closed","template":"","meta":{"footnotes":""},"class_list":["post-4939","page","type-page","status-publish","hentry"],"yoast_head":"<!-- This site is optimized with the Yoast SEO plugin v27.5 - https:\/\/yoast.com\/product\/yoast-seo-wordpress\/ -->\n<title>Typography - Eden Garden Equipment<\/title>\n<meta name=\"robots\" content=\"index, follow, max-snippet:-1, max-image-preview:large, max-video-preview:-1\" \/>\n<link rel=\"canonical\" href=\"https:\/\/edengardenequipment.com\/es\/typography\/\" \/>\n<meta property=\"og:locale\" content=\"es_ES\" \/>\n<meta property=\"og:type\" content=\"article\" \/>\n<meta property=\"og:title\" content=\"Typography - Eden Garden Equipment\" \/>\n<meta property=\"og:url\" content=\"https:\/\/edengardenequipment.com\/es\/typography\/\" \/>\n<meta property=\"og:site_name\" content=\"Eden Garden Equipment\" \/>\n<meta property=\"og:image\" content=\"https:\/\/edengardenequipment.com\/wp-content\/uploads\/2023\/06\/05.jpg\" \/>\n\t<meta property=\"og:image:width\" content=\"2000\" \/>\n\t<meta property=\"og:image:height\" content=\"1117\" \/>\n\t<meta property=\"og:image:type\" content=\"image\/jpeg\" \/>\n<meta name=\"twitter:card\" content=\"summary_large_image\" \/>\n<meta name=\"twitter:label1\" content=\"Tiempo de lectura\" \/>\n\t<meta name=\"twitter:data1\" content=\"4 minutos\" \/>\n<script type=\"application\/ld+json\" class=\"yoast-schema-graph\">{\"@context\":\"https:\\\/\\\/schema.org\",\"@graph\":[{\"@type\":\"WebPage\",\"@id\":\"https:\\\/\\\/edengardenequipment.com\\\/typography\\\/\",\"url\":\"https:\\\/\\\/edengardenequipment.com\\\/typography\\\/\",\"name\":\"Typography - Eden Garden Equipment\",\"isPartOf\":{\"@id\":\"https:\\\/\\\/edengardenequipment.com\\\/#website\"},\"datePublished\":\"2018-10-19T13:12:08+00:00\",\"breadcrumb\":{\"@id\":\"https:\\\/\\\/edengardenequipment.com\\\/typography\\\/#breadcrumb\"},\"inLanguage\":\"es\",\"potentialAction\":[{\"@type\":\"ReadAction\",\"target\":[\"https:\\\/\\\/edengardenequipment.com\\\/typography\\\/\"]}]},{\"@type\":\"BreadcrumbList\",\"@id\":\"https:\\\/\\\/edengardenequipment.com\\\/typography\\\/#breadcrumb\",\"itemListElement\":[{\"@type\":\"ListItem\",\"position\":1,\"name\":\"Home\",\"item\":\"https:\\\/\\\/edengardenequipment.com\\\/\"},{\"@type\":\"ListItem\",\"position\":2,\"name\":\"Typography\"}]},{\"@type\":\"WebSite\",\"@id\":\"https:\\\/\\\/edengardenequipment.com\\\/#website\",\"url\":\"https:\\\/\\\/edengardenequipment.com\\\/\",\"name\":\"Eden Garden Equipment\",\"description\":\"Best Gardening Tools for Sale\",\"publisher\":{\"@id\":\"https:\\\/\\\/edengardenequipment.com\\\/#organization\"},\"potentialAction\":[{\"@type\":\"SearchAction\",\"target\":{\"@type\":\"EntryPoint\",\"urlTemplate\":\"https:\\\/\\\/edengardenequipment.com\\\/?s={search_term_string}\"},\"query-input\":{\"@type\":\"PropertyValueSpecification\",\"valueRequired\":true,\"valueName\":\"search_term_string\"}}],\"inLanguage\":\"es\"},{\"@type\":\"Organization\",\"@id\":\"https:\\\/\\\/edengardenequipment.com\\\/#organization\",\"name\":\"Eden Garden Equipment\",\"url\":\"https:\\\/\\\/edengardenequipment.com\\\/\",\"logo\":{\"@type\":\"ImageObject\",\"inLanguage\":\"es\",\"@id\":\"https:\\\/\\\/edengardenequipment.com\\\/#\\\/schema\\\/logo\\\/image\\\/\",\"url\":\"https:\\\/\\\/edengardenequipment.com\\\/wp-content\\\/uploads\\\/2023\\\/06\\\/cropped-Asset-1@2xnew2.png\",\"contentUrl\":\"https:\\\/\\\/edengardenequipment.com\\\/wp-content\\\/uploads\\\/2023\\\/06\\\/cropped-Asset-1@2xnew2.png\",\"width\":512,\"height\":512,\"caption\":\"Eden Garden Equipment\"},\"image\":{\"@id\":\"https:\\\/\\\/edengardenequipment.com\\\/#\\\/schema\\\/logo\\\/image\\\/\"}}]}<\/script>\n<!-- \/ Yoast SEO plugin. -->","yoast_head_json":{"title":"Typography - Eden Garden Equipment","robots":{"index":"index","follow":"follow","max-snippet":"max-snippet:-1","max-image-preview":"max-image-preview:large","max-video-preview":"max-video-preview:-1"},"canonical":"https:\/\/edengardenequipment.com\/es\/typography\/","og_locale":"es_ES","og_type":"article","og_title":"Typography - Eden Garden Equipment","og_url":"https:\/\/edengardenequipment.com\/es\/typography\/","og_site_name":"Eden Garden Equipment","og_image":[{"width":2000,"height":1117,"url":"https:\/\/edengardenequipment.com\/wp-content\/uploads\/2023\/06\/05.jpg","type":"image\/jpeg"}],"twitter_card":"summary_large_image","twitter_misc":{"Tiempo de lectura":"4 minutos"},"schema":{"@context":"https:\/\/schema.org","@graph":[{"@type":"WebPage","@id":"https:\/\/edengardenequipment.com\/typography\/","url":"https:\/\/edengardenequipment.com\/typography\/","name":"Typography - Eden Garden Equipment","isPartOf":{"@id":"https:\/\/edengardenequipment.com\/#website"},"datePublished":"2018-10-19T13:12:08+00:00","breadcrumb":{"@id":"https:\/\/edengardenequipment.com\/typography\/#breadcrumb"},"inLanguage":"es","potentialAction":[{"@type":"ReadAction","target":["https:\/\/edengardenequipment.com\/typography\/"]}]},{"@type":"BreadcrumbList","@id":"https:\/\/edengardenequipment.com\/typography\/#breadcrumb","itemListElement":[{"@type":"ListItem","position":1,"name":"Home","item":"https:\/\/edengardenequipment.com\/"},{"@type":"ListItem","position":2,"name":"Typography"}]},{"@type":"WebSite","@id":"https:\/\/edengardenequipment.com\/#website","url":"https:\/\/edengardenequipment.com\/","name":"Eden Garden Equipment","description":"Best Gardening Tools for Sale","publisher":{"@id":"https:\/\/edengardenequipment.com\/#organization"},"potentialAction":[{"@type":"SearchAction","target":{"@type":"EntryPoint","urlTemplate":"https:\/\/edengardenequipment.com\/?s={search_term_string}"},"query-input":{"@type":"PropertyValueSpecification","valueRequired":true,"valueName":"search_term_string"}}],"inLanguage":"es"},{"@type":"Organization","@id":"https:\/\/edengardenequipment.com\/#organization","name":"Eden Garden Equipment","url":"https:\/\/edengardenequipment.com\/","logo":{"@type":"ImageObject","inLanguage":"es","@id":"https:\/\/edengardenequipment.com\/#\/schema\/logo\/image\/","url":"https:\/\/edengardenequipment.com\/wp-content\/uploads\/2023\/06\/cropped-Asset-1@2xnew2.png","contentUrl":"https:\/\/edengardenequipment.com\/wp-content\/uploads\/2023\/06\/cropped-Asset-1@2xnew2.png","width":512,"height":512,"caption":"Eden Garden Equipment"},"image":{"@id":"https:\/\/edengardenequipment.com\/#\/schema\/logo\/image\/"}}]}},"_links":{"self":[{"href":"https:\/\/edengardenequipment.com\/es\/wp-json\/wp\/v2\/pages\/4939","targetHints":{"allow":["GET"]}}],"collection":[{"href":"https:\/\/edengardenequipment.com\/es\/wp-json\/wp\/v2\/pages"}],"about":[{"href":"https:\/\/edengardenequipment.com\/es\/wp-json\/wp\/v2\/types\/page"}],"author":[{"embeddable":true,"href":"https:\/\/edengardenequipment.com\/es\/wp-json\/wp\/v2\/users\/1"}],"replies":[{"embeddable":true,"href":"https:\/\/edengardenequipment.com\/es\/wp-json\/wp\/v2\/comments?post=4939"}],"version-history":[{"count":0,"href":"https:\/\/edengardenequipment.com\/es\/wp-json\/wp\/v2\/pages\/4939\/revisions"}],"wp:attachment":[{"href":"https:\/\/edengardenequipment.com\/es\/wp-json\/wp\/v2\/media?parent=4939"}],"curies":[{"name":"wp","href":"https:\/\/api.w.org\/{rel}","templated":true}]}}