{"id":5620,"date":"2018-10-24T09:34:12","date_gmt":"2018-10-24T09:34:12","guid":{"rendered":"http:\/\/onetwo.themerella.com\/?page_id=5620"},"modified":"2018-10-24T09:34:12","modified_gmt":"2018-10-24T09:34:12","slug":"blog-classic","status":"publish","type":"page","link":"https:\/\/edengardenequipment.com\/es\/blog-classic\/","title":{"rendered":"Cl\u00e1sico"},"content":{"rendered":"<section class=\"vc_row wpb_row vc_row-fluid liquid-row-shadowbox-69f1b3eb33514\"><div class=\"ld-container container\"><div class=\"row ld-row\"><div class=\"wpb_column vc_column_container vc_col-sm-12 liquid-column-69f1b3eb33886\"><div class=\"vc_column-inner\"><div class=\"wpb_wrapper\"   ><div class=\"wpb_wrapper-inner\"><style>.ld_spacer_69f1b3eb3397e{height:80px;}<\/style>\n<div class=\"ld-empty-space ld_spacer_69f1b3eb3397e\"><span class=\"liquid_empty_space_inner\"><\/span><\/div><style>.ld_blog_69f1b3eb33af4 .liquid-blog-grid{margin-left:-28px;margin-right:-28px;}.ld_blog_69f1b3eb33af4 .liquid-blog-grid > div{padding-left:28px;padding-right:28px;}.ld_blog_69f1b3eb33af4 .liquid-blog-grid .liquid-lp{margin-bottom:70px;}.ld_blog_69f1b3eb33af4 .filter-list{margin-bottom:px;}.ld_blog_69f1b3eb33af4 .liquid-blog-item .liquid-lp-title,.ld_blog_69f1b3eb33af4 .liquid-lp .liquid-lp-title{font-size:19px;font-weight:1.5em!important;margin-top:px;margin-bottom:20px;}<\/style><div data-filter-id=\"ld-1540373550291-c9a2a47c-1c58\" class=\"liquid-blog-posts ld_blog_69f1b3eb33af4 ld-1540373550291-9b25b10b-a3f9\" data-post-per-page=\"12\"><div class=\"liquid-blog-grid row\"><div class=\"col-md-3\"><article id=\"post-1\" class=\"liquid-lp post-1 post type-post status-publish format-standard hentry category-uncategorised\"><header class=\"liquid-lp-header\">\n\t<h2 class=\"entry-title liquid-lp-title h4\"><a  href=\"https:\/\/edengardenequipment.com\/es\/2021\/09\/10\/hello-world\/\" rel=\"bookmark\">\u00a1Hola Mundo!<\/a><\/h2><\/header>\n\n\t\t\t<div class=\"liquid-lp-excerpt entry-summary mt-1\">\n\t\t\t\t<p>Bienvenido a WordPress. Esta es tu primera publicaci\u00f3n. Ed\u00edtala o elim\u00ednala, luego<\/p>\n\t\t\t<\/div><!-- \/.latest-post-excerpt -->\n\t\t\n<footer class=\"liquid-lp-footer\">\n\t<a href=\"https:\/\/edengardenequipment.com\/es\/2021\/09\/10\/hello-world\/\" class=\"btn font-weight-bold btn-naked liquid-lp-read-more\">\n\t\t<span>\n\t\t\t<span class=\"btn-txt\">Leer m\u00e1s<\/span>\n\t\t\t<span class=\"btn-icon\">\n\t\t\t\t<i class=\"fa fa-angle-right\"><\/i>\n\t\t\t<\/span>\n\t\t<\/span>\n\t<\/a>\n<\/footer>\n<\/article><\/div><div class=\"col-md-3\"><article id=\"post-7051\" class=\"liquid-lp post-7051 post type-post status-publish format-standard hentry category-uncategorized\"><header class=\"liquid-lp-header\">\n\t<h2 class=\"entry-title liquid-lp-title h4\"><a  href=\"https:\/\/edengardenequipment.com\/es\/2020\/11\/18\/hello-world-4\/\" rel=\"bookmark\">\u00a1Hola Mundo!<\/a><\/h2><\/header>\n\n\t\t\t<div class=\"liquid-lp-excerpt entry-summary mt-1\">\n\t\t\t\t<p>Bienvenido a WordPress. Esta es tu primera publicaci\u00f3n. Ed\u00edtala o elim\u00ednala, luego<\/p>\n\t\t\t<\/div><!-- \/.latest-post-excerpt -->\n\t\t\n<footer class=\"liquid-lp-footer\">\n\t<a href=\"https:\/\/edengardenequipment.com\/es\/2020\/11\/18\/hello-world-4\/\" class=\"btn font-weight-bold btn-naked liquid-lp-read-more\">\n\t\t<span>\n\t\t\t<span class=\"btn-txt\">Leer m\u00e1s<\/span>\n\t\t\t<span class=\"btn-icon\">\n\t\t\t\t<i class=\"fa fa-angle-right\"><\/i>\n\t\t\t<\/span>\n\t\t<\/span>\n\t<\/a>\n<\/footer>\n<\/article><\/div><div class=\"col-md-3\"><article id=\"post-66\" class=\"liquid-lp post-66 post type-post status-publish format-standard hentry category-uncategorized\"><header class=\"liquid-lp-header\">\n\t<h2 class=\"entry-title liquid-lp-title h4\"><a  href=\"https:\/\/edengardenequipment.com\/es\/2018\/12\/18\/ee\/\" rel=\"bookmark\">Se est\u00e1 comprobando la planta sider\u00fargica de Kobe, que suministraba componentes para aviones<\/a><\/h2><\/header>\n\n\t\t\t<div class=\"liquid-lp-excerpt entry-summary mt-1\">\n\t\t\t\t\t\t\t<\/div><!-- \/.latest-post-excerpt -->\n\t\t\n<footer class=\"liquid-lp-footer\">\n\t<a href=\"https:\/\/edengardenequipment.com\/es\/2018\/12\/18\/ee\/\" class=\"btn font-weight-bold btn-naked liquid-lp-read-more\">\n\t\t<span>\n\t\t\t<span class=\"btn-txt\">Leer m\u00e1s<\/span>\n\t\t\t<span class=\"btn-icon\">\n\t\t\t\t<i class=\"fa fa-angle-right\"><\/i>\n\t\t\t<\/span>\n\t\t<\/span>\n\t<\/a>\n<\/footer>\n<\/article><\/div><div class=\"col-md-3\"><article id=\"post-64\" class=\"liquid-lp post-64 post type-post status-publish format-standard hentry category-uncategorized\"><header class=\"liquid-lp-header\">\n\t<h2 class=\"entry-title liquid-lp-title h4\"><a  href=\"https:\/\/edengardenequipment.com\/es\/2018\/12\/18\/ss\/\" rel=\"bookmark\">Creer es la ausencia de duda<\/a><\/h2><\/header>\n\n\t\t\t<div class=\"liquid-lp-excerpt entry-summary mt-1\">\n\t\t\t\t\t\t\t<\/div><!-- \/.latest-post-excerpt -->\n\t\t\n<footer class=\"liquid-lp-footer\">\n\t<a href=\"https:\/\/edengardenequipment.com\/es\/2018\/12\/18\/ss\/\" class=\"btn font-weight-bold btn-naked liquid-lp-read-more\">\n\t\t<span>\n\t\t\t<span class=\"btn-txt\">Leer m\u00e1s<\/span>\n\t\t\t<span class=\"btn-icon\">\n\t\t\t\t<i class=\"fa fa-angle-right\"><\/i>\n\t\t\t<\/span>\n\t\t<\/span>\n\t<\/a>\n<\/footer>\n<\/article><\/div><div class=\"col-md-3\"><article id=\"post-6706\" class=\"liquid-lp post-6706 post type-post status-publish format-standard hentry category-uncategorized\"><header class=\"liquid-lp-header\">\n\t<h2 class=\"entry-title liquid-lp-title h4\"><a  href=\"https:\/\/edengardenequipment.com\/es\/2018\/12\/18\/hello-world-3\/\" rel=\"bookmark\">Promociones de la feria comercial 2017<\/a><\/h2><\/header>\n\n\t\t\t<div class=\"liquid-lp-excerpt entry-summary mt-1\">\n\t\t\t\t<p>Bienvenido a WordPress. Esta es tu primera publicaci\u00f3n. Ed\u00edtala o elim\u00ednala, luego<\/p>\n\t\t\t<\/div><!-- \/.latest-post-excerpt -->\n\t\t\n<footer class=\"liquid-lp-footer\">\n\t<a href=\"https:\/\/edengardenequipment.com\/es\/2018\/12\/18\/hello-world-3\/\" class=\"btn font-weight-bold btn-naked liquid-lp-read-more\">\n\t\t<span>\n\t\t\t<span class=\"btn-txt\">Leer m\u00e1s<\/span>\n\t\t\t<span class=\"btn-icon\">\n\t\t\t\t<i class=\"fa fa-angle-right\"><\/i>\n\t\t\t<\/span>\n\t\t<\/span>\n\t<\/a>\n<\/footer>\n<\/article><\/div><div class=\"col-md-3\"><article id=\"post-5\" class=\"liquid-lp post-5 post type-post status-publish format-standard hentry category-uncategorized\"><header class=\"liquid-lp-header\">\n\t<h2 class=\"entry-title liquid-lp-title h4\"><a  href=\"https:\/\/edengardenequipment.com\/es\/2018\/12\/10\/hello-world-2\/\" rel=\"bookmark\">\u00a1Hola Mundo!<\/a><\/h2><\/header>\n\n\t\t\t<div class=\"liquid-lp-excerpt entry-summary mt-1\">\n\t\t\t\t<p>Bienvenido a WordPress. Esta es tu primera publicaci\u00f3n. Ed\u00edtala o elim\u00ednala, luego<\/p>\n\t\t\t<\/div><!-- \/.latest-post-excerpt -->\n\t\t\n<footer class=\"liquid-lp-footer\">\n\t<a href=\"https:\/\/edengardenequipment.com\/es\/2018\/12\/10\/hello-world-2\/\" class=\"btn font-weight-bold btn-naked liquid-lp-read-more\">\n\t\t<span>\n\t\t\t<span class=\"btn-txt\">Leer m\u00e1s<\/span>\n\t\t\t<span class=\"btn-icon\">\n\t\t\t\t<i class=\"fa fa-angle-right\"><\/i>\n\t\t\t<\/span>\n\t\t<\/span>\n\t<\/a>\n<\/footer>\n<\/article><\/div><div class=\"col-md-3\"><article id=\"post-6997\" class=\"liquid-lp post-6997 post type-post status-publish format-standard has-post-thumbnail hentry category-classic tag-event\"><figure class=\"liquid-lp-media\"  data-responsive-bg=\"true\" data-parallax=\"true\" data-parallax-options='{ \"parallaxBG\": true }'><a  href=\"https:\/\/edengardenequipment.com\/es\/2018\/08\/22\/business-meeting-2017-in-san-francisco-3-2\/\"><img loading=\"lazy\" decoding=\"async\" width=\"740\" height=\"460\" src=\"data:image\/svg+xml;charset=utf-8,&lt;svg xmlns%3D&#039;http%3A%2F%2Fwww.w3.org%2F2000%2Fsvg&#039; viewBox%3D&#039;0 0 740 460&#039;%2F&gt;\" class=\"attachment-liquid-default-blog size-liquid-default-blog ld-lazyload wp-post-image\" alt=\"\" data-src=\"https:\/\/edengardenequipment.com\/wp-content\/uploads\/2018\/08\/aldo-de-la-paz-430737-min-740x460.jpg\" data-aspect=\"1.6086956521739\" srcset=\"\" \/><\/a><\/figure><header class=\"liquid-lp-header\">\n\t<h2 class=\"entry-title liquid-lp-title h4\"><a  href=\"https:\/\/edengardenequipment.com\/es\/2018\/08\/22\/business-meeting-2017-in-san-francisco-3-2\/\" rel=\"bookmark\">Helen Keller: Cajera y vendedora en Londres<\/a><\/h2><\/header>\n\n\t\t\t<div class=\"liquid-lp-excerpt entry-summary mt-1\">\n\t\t\t\tNunca pienses en rendirte. Los ganadores nunca se rinden y los que se rinden nunca ganan.\t\t\t<\/div><!-- \/.latest-post-excerpt -->\n\t\t\n<footer class=\"liquid-lp-footer\">\n\t<a href=\"https:\/\/edengardenequipment.com\/es\/2018\/08\/22\/business-meeting-2017-in-san-francisco-3-2\/\" class=\"btn font-weight-bold btn-naked liquid-lp-read-more\">\n\t\t<span>\n\t\t\t<span class=\"btn-txt\">Leer m\u00e1s<\/span>\n\t\t\t<span class=\"btn-icon\">\n\t\t\t\t<i class=\"fa fa-angle-right\"><\/i>\n\t\t\t<\/span>\n\t\t<\/span>\n\t<\/a>\n<\/footer>\n<\/article><\/div><div class=\"col-md-3\"><article id=\"post-3648\" class=\"liquid-lp post-3648 post type-post status-publish format-standard has-post-thumbnail hentry category-classic tag-event\"><figure class=\"liquid-lp-media\"  data-responsive-bg=\"true\" data-parallax=\"true\" data-parallax-options='{ \"parallaxBG\": true }'><a  href=\"https:\/\/edengardenequipment.com\/es\/2018\/08\/22\/business-meeting-2017-in-san-francisco-3\/\"><img loading=\"lazy\" decoding=\"async\" width=\"740\" height=\"460\" src=\"data:image\/svg+xml;charset=utf-8,&lt;svg xmlns%3D&#039;http%3A%2F%2Fwww.w3.org%2F2000%2Fsvg&#039; viewBox%3D&#039;0 0 740 460&#039;%2F&gt;\" class=\"attachment-liquid-default-blog size-liquid-default-blog ld-lazyload wp-post-image\" alt=\"\" data-src=\"https:\/\/edengardenequipment.com\/wp-content\/uploads\/2018\/08\/aldo-de-la-paz-430737-min-740x460.jpg\" data-aspect=\"1.6086956521739\" srcset=\"\" \/><\/a><\/figure><header class=\"liquid-lp-header\">\n\t<h2 class=\"entry-title liquid-lp-title h4\"><a  href=\"https:\/\/edengardenequipment.com\/es\/2018\/08\/22\/business-meeting-2017-in-san-francisco-3\/\" rel=\"bookmark\">Reuni\u00f3n de negocios 2017 en San Francisco<\/a><\/h2><\/header>\n\n\t\t\t<div class=\"liquid-lp-excerpt entry-summary mt-1\">\n\t\t\t\tNunca pienses en rendirte. Los ganadores nunca se rinden y los que se rinden nunca ganan.\t\t\t<\/div><!-- \/.latest-post-excerpt -->\n\t\t\n<footer class=\"liquid-lp-footer\">\n\t<a href=\"https:\/\/edengardenequipment.com\/es\/2018\/08\/22\/business-meeting-2017-in-san-francisco-3\/\" class=\"btn font-weight-bold btn-naked liquid-lp-read-more\">\n\t\t<span>\n\t\t\t<span class=\"btn-txt\">Leer m\u00e1s<\/span>\n\t\t\t<span class=\"btn-icon\">\n\t\t\t\t<i class=\"fa fa-angle-right\"><\/i>\n\t\t\t<\/span>\n\t\t<\/span>\n\t<\/a>\n<\/footer>\n<\/article><\/div><div class=\"col-md-3\"><article id=\"post-3646\" class=\"liquid-lp post-3646 post type-post status-publish format-standard has-post-thumbnail hentry category-classic tag-news\"><figure class=\"liquid-lp-media\"  data-responsive-bg=\"true\" data-parallax=\"true\" data-parallax-options='{ \"parallaxBG\": true }'><a  href=\"https:\/\/edengardenequipment.com\/es\/2018\/08\/22\/business-meeting-2017-in-london-3-2\/\"><img loading=\"lazy\" decoding=\"async\" width=\"740\" height=\"460\" src=\"data:image\/svg+xml;charset=utf-8,&lt;svg xmlns%3D&#039;http%3A%2F%2Fwww.w3.org%2F2000%2Fsvg&#039; viewBox%3D&#039;0 0 740 460&#039;%2F&gt;\" class=\"attachment-liquid-default-blog size-liquid-default-blog ld-lazyload wp-post-image\" alt=\"\" data-src=\"https:\/\/edengardenequipment.com\/wp-content\/uploads\/2018\/08\/ben-kolde-430909-min-1-740x460.jpg\" data-aspect=\"1.6086956521739\" srcset=\"\" \/><\/a><\/figure><header class=\"liquid-lp-header\">\n\t<h2 class=\"entry-title liquid-lp-title h4\"><a  href=\"https:\/\/edengardenequipment.com\/es\/2018\/08\/22\/business-meeting-2017-in-london-3-2\/\" rel=\"bookmark\">Reuni\u00f3n de negocios 2017 en Londres<\/a><\/h2><\/header>\n\n\t\t\t<div class=\"liquid-lp-excerpt entry-summary mt-1\">\n\t\t\t\t\u201cEl \u00e9xito es el resultado de la perfecci\u00f3n, el trabajo duro, el aprendizaje del fracaso, la lealtad y\t\t\t<\/div><!-- \/.latest-post-excerpt -->\n\t\t\n<footer class=\"liquid-lp-footer\">\n\t<a href=\"https:\/\/edengardenequipment.com\/es\/2018\/08\/22\/business-meeting-2017-in-london-3-2\/\" class=\"btn font-weight-bold btn-naked liquid-lp-read-more\">\n\t\t<span>\n\t\t\t<span class=\"btn-txt\">Leer m\u00e1s<\/span>\n\t\t\t<span class=\"btn-icon\">\n\t\t\t\t<i class=\"fa fa-angle-right\"><\/i>\n\t\t\t<\/span>\n\t\t<\/span>\n\t<\/a>\n<\/footer>\n<\/article><\/div><div class=\"col-md-3\"><article id=\"post-3647\" class=\"liquid-lp post-3647 post type-post status-publish format-standard has-post-thumbnail hentry category-classic tag-event\"><figure class=\"liquid-lp-media\"  data-responsive-bg=\"true\" data-parallax=\"true\" data-parallax-options='{ \"parallaxBG\": true }'><a  href=\"https:\/\/edengardenequipment.com\/es\/2018\/08\/22\/combing-hair-10-tips-for-proper-hair-combing-3-2\/\"><img loading=\"lazy\" decoding=\"async\" width=\"740\" height=\"460\" src=\"data:image\/svg+xml;charset=utf-8,&lt;svg xmlns%3D&#039;http%3A%2F%2Fwww.w3.org%2F2000%2Fsvg&#039; viewBox%3D&#039;0 0 740 460&#039;%2F&gt;\" class=\"attachment-liquid-default-blog size-liquid-default-blog ld-lazyload wp-post-image\" alt=\"\" data-src=\"https:\/\/edengardenequipment.com\/wp-content\/uploads\/2018\/08\/alphacolor-13-427622-2-min-1-740x460.jpg\" data-aspect=\"1.6086956521739\" srcset=\"\" \/><\/a><\/figure><header class=\"liquid-lp-header\">\n\t<h2 class=\"entry-title liquid-lp-title h4\"><a  href=\"https:\/\/edengardenequipment.com\/es\/2018\/08\/22\/combing-hair-10-tips-for-proper-hair-combing-3-2\/\" rel=\"bookmark\">Peinar el cabello 10 consejos para peinarse correctamente<\/a><\/h2><\/header>\n\n\t\t\t<div class=\"liquid-lp-excerpt entry-summary mt-1\">\n\t\t\t\tNunca pienses en rendirte. Los ganadores nunca se rinden y los que se rinden nunca ganan.\t\t\t<\/div><!-- \/.latest-post-excerpt -->\n\t\t\n<footer class=\"liquid-lp-footer\">\n\t<a href=\"https:\/\/edengardenequipment.com\/es\/2018\/08\/22\/combing-hair-10-tips-for-proper-hair-combing-3-2\/\" class=\"btn font-weight-bold btn-naked liquid-lp-read-more\">\n\t\t<span>\n\t\t\t<span class=\"btn-txt\">Leer m\u00e1s<\/span>\n\t\t\t<span class=\"btn-icon\">\n\t\t\t\t<i class=\"fa fa-angle-right\"><\/i>\n\t\t\t<\/span>\n\t\t<\/span>\n\t<\/a>\n<\/footer>\n<\/article><\/div><div class=\"col-md-3\"><article id=\"post-3645\" class=\"liquid-lp post-3645 post type-post status-publish format-standard has-post-thumbnail hentry category-classic tag-blog\"><figure class=\"liquid-lp-media\"  data-responsive-bg=\"true\" data-parallax=\"true\" data-parallax-options='{ \"parallaxBG\": true }'><a  href=\"https:\/\/edengardenequipment.com\/es\/2018\/08\/22\/top-10-night-creams-will-help-your-skin-to-relax-3\/\"><img loading=\"lazy\" decoding=\"async\" width=\"740\" height=\"460\" src=\"data:image\/svg+xml;charset=utf-8,&lt;svg xmlns%3D&#039;http%3A%2F%2Fwww.w3.org%2F2000%2Fsvg&#039; viewBox%3D&#039;0 0 740 460&#039;%2F&gt;\" class=\"attachment-liquid-default-blog size-liquid-default-blog ld-lazyload wp-post-image\" alt=\"\" data-src=\"https:\/\/edengardenequipment.com\/wp-content\/uploads\/2018\/08\/patrick-coddou-386904-min-1-740x460.jpg\" data-aspect=\"1.6086956521739\" srcset=\"\" \/><\/a><\/figure><header class=\"liquid-lp-header\">\n\t<h2 class=\"entry-title liquid-lp-title h4\"><a  href=\"https:\/\/edengardenequipment.com\/es\/2018\/08\/22\/top-10-night-creams-will-help-your-skin-to-relax-3\/\" rel=\"bookmark\">Las 10 mejores cremas de noche que ayudar\u00e1n a tu piel a relajarse<\/a><\/h2><\/header>\n\n\t\t\t<div class=\"liquid-lp-excerpt entry-summary mt-1\">\n\t\t\t\tNunca pienses en rendirte. Los ganadores nunca se rinden y los que se rinden nunca ganan.\t\t\t<\/div><!-- \/.latest-post-excerpt -->\n\t\t\n<footer class=\"liquid-lp-footer\">\n\t<a href=\"https:\/\/edengardenequipment.com\/es\/2018\/08\/22\/top-10-night-creams-will-help-your-skin-to-relax-3\/\" class=\"btn font-weight-bold btn-naked liquid-lp-read-more\">\n\t\t<span>\n\t\t\t<span class=\"btn-txt\">Leer m\u00e1s<\/span>\n\t\t\t<span class=\"btn-icon\">\n\t\t\t\t<i class=\"fa fa-angle-right\"><\/i>\n\t\t\t<\/span>\n\t\t<\/span>\n\t<\/a>\n<\/footer>\n<\/article><\/div><div class=\"col-md-3\"><article id=\"post-3644\" class=\"liquid-lp post-3644 post type-post status-publish format-standard has-post-thumbnail hentry category-classic tag-event\"><figure class=\"liquid-lp-media\"  data-responsive-bg=\"true\" data-parallax=\"true\" data-parallax-options='{ \"parallaxBG\": true }'><a  href=\"https:\/\/edengardenequipment.com\/es\/2018\/08\/22\/investment-trend-monitor-top-trends-in-2017-3-2\/\"><img loading=\"lazy\" decoding=\"async\" width=\"740\" height=\"460\" src=\"data:image\/svg+xml;charset=utf-8,&lt;svg xmlns%3D&#039;http%3A%2F%2Fwww.w3.org%2F2000%2Fsvg&#039; viewBox%3D&#039;0 0 740 460&#039;%2F&gt;\" class=\"attachment-liquid-default-blog size-liquid-default-blog ld-lazyload wp-post-image\" alt=\"\" data-src=\"https:\/\/edengardenequipment.com\/wp-content\/uploads\/2018\/08\/ivana-cajina-432048-min-740x460.jpg\" data-aspect=\"1.6086956521739\" srcset=\"\" \/><\/a><\/figure><header class=\"liquid-lp-header\">\n\t<h2 class=\"entry-title liquid-lp-title h4\"><a  href=\"https:\/\/edengardenequipment.com\/es\/2018\/08\/22\/investment-trend-monitor-top-trends-in-2017-3-2\/\" rel=\"bookmark\">Monitor de tendencias de inversi\u00f3n: Principales tendencias en 2017<\/a><\/h2><\/header>\n\n\t\t\t<div class=\"liquid-lp-excerpt entry-summary mt-1\">\n\t\t\t\tNunca pienses en rendirte. Los ganadores nunca se rinden y los que se rinden nunca ganan.\t\t\t<\/div><!-- \/.latest-post-excerpt -->\n\t\t\n<footer class=\"liquid-lp-footer\">\n\t<a href=\"https:\/\/edengardenequipment.com\/es\/2018\/08\/22\/investment-trend-monitor-top-trends-in-2017-3-2\/\" class=\"btn font-weight-bold btn-naked liquid-lp-read-more\">\n\t\t<span>\n\t\t\t<span class=\"btn-txt\">Leer m\u00e1s<\/span>\n\t\t\t<span class=\"btn-icon\">\n\t\t\t\t<i class=\"fa fa-angle-right\"><\/i>\n\t\t\t<\/span>\n\t\t<\/span>\n\t<\/a>\n<\/footer>\n<\/article><\/div><\/div><!--\/ .row --><\/div><!--\/ .liquid-blog-posts --><style>.ld_spacer_69f1b3ecb9147{height:70px;}<\/style>\n<div class=\"ld-empty-space ld_spacer_69f1b3ecb9147\"><span class=\"liquid_empty_space_inner\"><\/span><\/div><\/div><\/div><\/div><\/div><\/div><\/div><\/section>","protected":false},"excerpt":{"rendered":"Nunca pienses en rendirte. Los ganadores nunca se rinden y los que se rinden nunca ganan.","protected":false},"author":1,"featured_media":0,"parent":0,"menu_order":0,"comment_status":"closed","ping_status":"closed","template":"","meta":{"footnotes":""},"class_list":["post-5620","page","type-page","status-publish","hentry"],"yoast_head":"<!-- This site is optimized with the Yoast SEO plugin v27.5 - https:\/\/yoast.com\/product\/yoast-seo-wordpress\/ -->\n<title>Classic - Eden Garden Equipment<\/title>\n<meta name=\"robots\" content=\"index, follow, max-snippet:-1, max-image-preview:large, max-video-preview:-1\" \/>\n<link rel=\"canonical\" href=\"https:\/\/edengardenequipment.com\/es\/blog-classic\/\" \/>\n<meta property=\"og:locale\" content=\"es_ES\" \/>\n<meta property=\"og:type\" content=\"article\" \/>\n<meta property=\"og:title\" content=\"Classic - Eden Garden Equipment\" \/>\n<meta property=\"og:url\" content=\"https:\/\/edengardenequipment.com\/es\/blog-classic\/\" \/>\n<meta property=\"og:site_name\" content=\"Eden Garden Equipment\" \/>\n<meta property=\"og:image\" content=\"https:\/\/edengardenequipment.com\/wp-content\/uploads\/2023\/06\/05.jpg\" \/>\n\t<meta property=\"og:image:width\" content=\"2000\" \/>\n\t<meta property=\"og:image:height\" content=\"1117\" \/>\n\t<meta property=\"og:image:type\" content=\"image\/jpeg\" \/>\n<meta name=\"twitter:card\" content=\"summary_large_image\" \/>\n<meta name=\"twitter:label1\" content=\"Tiempo de lectura\" \/>\n\t<meta name=\"twitter:data1\" content=\"1 minuto\" \/>\n<script type=\"application\/ld+json\" class=\"yoast-schema-graph\">{\"@context\":\"https:\\\/\\\/schema.org\",\"@graph\":[{\"@type\":\"WebPage\",\"@id\":\"https:\\\/\\\/edengardenequipment.com\\\/blog-classic\\\/\",\"url\":\"https:\\\/\\\/edengardenequipment.com\\\/blog-classic\\\/\",\"name\":\"Classic - Eden Garden Equipment\",\"isPartOf\":{\"@id\":\"https:\\\/\\\/edengardenequipment.com\\\/#website\"},\"datePublished\":\"2018-10-24T09:34:12+00:00\",\"breadcrumb\":{\"@id\":\"https:\\\/\\\/edengardenequipment.com\\\/blog-classic\\\/#breadcrumb\"},\"inLanguage\":\"es\",\"potentialAction\":[{\"@type\":\"ReadAction\",\"target\":[\"https:\\\/\\\/edengardenequipment.com\\\/blog-classic\\\/\"]}]},{\"@type\":\"BreadcrumbList\",\"@id\":\"https:\\\/\\\/edengardenequipment.com\\\/blog-classic\\\/#breadcrumb\",\"itemListElement\":[{\"@type\":\"ListItem\",\"position\":1,\"name\":\"Home\",\"item\":\"https:\\\/\\\/edengardenequipment.com\\\/\"},{\"@type\":\"ListItem\",\"position\":2,\"name\":\"Classic\"}]},{\"@type\":\"WebSite\",\"@id\":\"https:\\\/\\\/edengardenequipment.com\\\/#website\",\"url\":\"https:\\\/\\\/edengardenequipment.com\\\/\",\"name\":\"Eden Garden Equipment\",\"description\":\"Best Gardening Tools for Sale\",\"publisher\":{\"@id\":\"https:\\\/\\\/edengardenequipment.com\\\/#organization\"},\"potentialAction\":[{\"@type\":\"SearchAction\",\"target\":{\"@type\":\"EntryPoint\",\"urlTemplate\":\"https:\\\/\\\/edengardenequipment.com\\\/?s={search_term_string}\"},\"query-input\":{\"@type\":\"PropertyValueSpecification\",\"valueRequired\":true,\"valueName\":\"search_term_string\"}}],\"inLanguage\":\"es\"},{\"@type\":\"Organization\",\"@id\":\"https:\\\/\\\/edengardenequipment.com\\\/#organization\",\"name\":\"Eden Garden Equipment\",\"url\":\"https:\\\/\\\/edengardenequipment.com\\\/\",\"logo\":{\"@type\":\"ImageObject\",\"inLanguage\":\"es\",\"@id\":\"https:\\\/\\\/edengardenequipment.com\\\/#\\\/schema\\\/logo\\\/image\\\/\",\"url\":\"https:\\\/\\\/edengardenequipment.com\\\/wp-content\\\/uploads\\\/2023\\\/06\\\/cropped-Asset-1@2xnew2.png\",\"contentUrl\":\"https:\\\/\\\/edengardenequipment.com\\\/wp-content\\\/uploads\\\/2023\\\/06\\\/cropped-Asset-1@2xnew2.png\",\"width\":512,\"height\":512,\"caption\":\"Eden Garden Equipment\"},\"image\":{\"@id\":\"https:\\\/\\\/edengardenequipment.com\\\/#\\\/schema\\\/logo\\\/image\\\/\"}}]}<\/script>\n<!-- \/ Yoast SEO plugin. -->","yoast_head_json":{"title":"Classic - Eden Garden Equipment","robots":{"index":"index","follow":"follow","max-snippet":"max-snippet:-1","max-image-preview":"max-image-preview:large","max-video-preview":"max-video-preview:-1"},"canonical":"https:\/\/edengardenequipment.com\/es\/blog-classic\/","og_locale":"es_ES","og_type":"article","og_title":"Classic - Eden Garden Equipment","og_url":"https:\/\/edengardenequipment.com\/es\/blog-classic\/","og_site_name":"Eden Garden Equipment","og_image":[{"width":2000,"height":1117,"url":"https:\/\/edengardenequipment.com\/wp-content\/uploads\/2023\/06\/05.jpg","type":"image\/jpeg"}],"twitter_card":"summary_large_image","twitter_misc":{"Tiempo de lectura":"1 minuto"},"schema":{"@context":"https:\/\/schema.org","@graph":[{"@type":"WebPage","@id":"https:\/\/edengardenequipment.com\/blog-classic\/","url":"https:\/\/edengardenequipment.com\/blog-classic\/","name":"Classic - Eden Garden Equipment","isPartOf":{"@id":"https:\/\/edengardenequipment.com\/#website"},"datePublished":"2018-10-24T09:34:12+00:00","breadcrumb":{"@id":"https:\/\/edengardenequipment.com\/blog-classic\/#breadcrumb"},"inLanguage":"es","potentialAction":[{"@type":"ReadAction","target":["https:\/\/edengardenequipment.com\/blog-classic\/"]}]},{"@type":"BreadcrumbList","@id":"https:\/\/edengardenequipment.com\/blog-classic\/#breadcrumb","itemListElement":[{"@type":"ListItem","position":1,"name":"Home","item":"https:\/\/edengardenequipment.com\/"},{"@type":"ListItem","position":2,"name":"Classic"}]},{"@type":"WebSite","@id":"https:\/\/edengardenequipment.com\/#website","url":"https:\/\/edengardenequipment.com\/","name":"Eden Garden Equipment","description":"Best Gardening Tools for Sale","publisher":{"@id":"https:\/\/edengardenequipment.com\/#organization"},"potentialAction":[{"@type":"SearchAction","target":{"@type":"EntryPoint","urlTemplate":"https:\/\/edengardenequipment.com\/?s={search_term_string}"},"query-input":{"@type":"PropertyValueSpecification","valueRequired":true,"valueName":"search_term_string"}}],"inLanguage":"es"},{"@type":"Organization","@id":"https:\/\/edengardenequipment.com\/#organization","name":"Eden Garden Equipment","url":"https:\/\/edengardenequipment.com\/","logo":{"@type":"ImageObject","inLanguage":"es","@id":"https:\/\/edengardenequipment.com\/#\/schema\/logo\/image\/","url":"https:\/\/edengardenequipment.com\/wp-content\/uploads\/2023\/06\/cropped-Asset-1@2xnew2.png","contentUrl":"https:\/\/edengardenequipment.com\/wp-content\/uploads\/2023\/06\/cropped-Asset-1@2xnew2.png","width":512,"height":512,"caption":"Eden Garden Equipment"},"image":{"@id":"https:\/\/edengardenequipment.com\/#\/schema\/logo\/image\/"}}]}},"_links":{"self":[{"href":"https:\/\/edengardenequipment.com\/es\/wp-json\/wp\/v2\/pages\/5620","targetHints":{"allow":["GET"]}}],"collection":[{"href":"https:\/\/edengardenequipment.com\/es\/wp-json\/wp\/v2\/pages"}],"about":[{"href":"https:\/\/edengardenequipment.com\/es\/wp-json\/wp\/v2\/types\/page"}],"author":[{"embeddable":true,"href":"https:\/\/edengardenequipment.com\/es\/wp-json\/wp\/v2\/users\/1"}],"replies":[{"embeddable":true,"href":"https:\/\/edengardenequipment.com\/es\/wp-json\/wp\/v2\/comments?post=5620"}],"version-history":[{"count":0,"href":"https:\/\/edengardenequipment.com\/es\/wp-json\/wp\/v2\/pages\/5620\/revisions"}],"wp:attachment":[{"href":"https:\/\/edengardenequipment.com\/es\/wp-json\/wp\/v2\/media?parent=5620"}],"curies":[{"name":"wp","href":"https:\/\/api.w.org\/{rel}","templated":true}]}}