{"id":5624,"date":"2018-10-24T09:37:20","date_gmt":"2018-10-24T09:37:20","guid":{"rendered":"http:\/\/onetwo.themerella.com\/?page_id=5624"},"modified":"2018-10-24T09:37:20","modified_gmt":"2018-10-24T09:37:20","slug":"date","status":"publish","type":"page","link":"https:\/\/edengardenequipment.com\/es\/date\/","title":{"rendered":"Fecha"},"content":{"rendered":"<section class=\"vc_row wpb_row vc_row-fluid liquid-row-shadowbox-69f1a64593dd7\"><div class=\"ld-container container\"><div class=\"row ld-row\"><div class=\"wpb_column vc_column_container vc_col-sm-12 liquid-column-69f1a64594158\"><div class=\"vc_column-inner\"><div class=\"wpb_wrapper\"   ><div class=\"wpb_wrapper-inner\"><style>.ld_spacer_69f1a6459424f{height:70px;}<\/style>\n<div class=\"ld-empty-space ld_spacer_69f1a6459424f\"><span class=\"liquid_empty_space_inner\"><\/span><\/div><style>.ld_blog_69f1a645943b5 .liquid-blog-grid{margin-left:-45px;margin-right:-45px;}.ld_blog_69f1a645943b5 .liquid-blog-grid > div{padding-left:45px;padding-right:45px;}.ld_blog_69f1a645943b5 .liquid-blog-grid .liquid-lp{margin-bottom:60px;}.ld_blog_69f1a645943b5 .filter-list{margin-bottom:px;}.ld_blog_69f1a645943b5 .liquid-blog-item .liquid-lp-title,.ld_blog_69f1a645943b5 .liquid-lp .liquid-lp-title{margin-top:px;margin-bottom:px;}<\/style><div data-filter-id=\"ld-1540373550291-c9a2a47c-1c58\" class=\"liquid-blog-posts ld_blog_69f1a645943b5 ld-1540373550291-9b25b10b-a3f9\" data-post-per-page=\"6\"><div class=\"liquid-blog-grid row\"><div class=\"col-md-6\"><article id=\"post-1\" class=\"liquid-lp liquid-lp-time-aside post-1 post type-post status-publish format-standard hentry category-uncategorised\"><time class=\"entry-date published updated liquid-lp-date\" datetime=\"2021-09-10T21:12:30+01:00\"><span>10<\/span> Sep<\/time><header class=\"liquid-lp-header\">\n\t<h2 class=\"entry-title liquid-lp-title h5\"><a  href=\"https:\/\/edengardenequipment.com\/es\/2021\/09\/10\/hello-world\/\" rel=\"bookmark\">\u00a1Hola Mundo!<\/a><\/h2><\/header>\n\n\t\t\t<div class=\"liquid-lp-excerpt entry-summary\">\n\t\t\t\t<p>Bienvenido a WordPress. Esta es tu primera publicaci\u00f3n. Ed\u00edtala o elim\u00ednala, luego<\/p>\n\t\t\t<\/div><!-- \/.latest-post-excerpt -->\n\t\t\n<footer class=\"liquid-lp-footer\">\n\n\t<div class=\"liquid-lp-meta\">\n\n\t\t<span class=\"author vcard\"><span class=\"screen-reader-text\">Author <\/span><a class=\"url fn n\" href=\"https:\/\/edengardenequipment.com\/es\/author\/cfactory\/\"><svg version=\"1.1\" xmlns=\"http:\/\/www.w3.org\/2000\/svg\" xmlns:xlink=\"http:\/\/www.w3.org\/1999\/xlink\" x=\"0px\" y=\"0px\" viewbox=\"0 0 24 24\" xml:space=\"preserve\" width=\"12\" stroke=\"#a7a9b8\">\n\t\t\t\t\t\t\t<path fill=\"none\" stroke-width=\"2\" stroke-linecap=\"square\" stroke-miterlimit=\"10\" d=\"M12,12L12,12 c-2.761,0-5-2.239-5-5V6c0-2.761,2.239-5,5-5h0c2.761,0,5,2.239,5,5v1C17,9.761,14.761,12,12,12z\" stroke-linejoin=\"miter\"><\/path>\n\t\t\t\t\t\t\t<path data-color=\"color-2\" fill=\"none\" stroke-width=\"2\" stroke-linecap=\"square\" stroke-miterlimit=\"10\" d=\"M22,20.908 c0-1.8-1.197-3.383-2.934-3.856C17.172,16.535,14.586,16,12,16s-5.172,0.535-7.066,1.052C3.197,17.525,2,19.108,2,20.908V23h20 V20.908z\" stroke-linejoin=\"miter\"><\/path>\n\t\t\t\t\t\t<\/svg>cf\u00e1brica<\/a> <\/span>\t\t\n\t<\/div><!-- \/.liquid-lp-meta -->\n\n<\/footer><\/article><\/div><div class=\"col-md-6\"><article id=\"post-7051\" class=\"liquid-lp liquid-lp-time-aside post-7051 post type-post status-publish format-standard hentry category-uncategorized\"><time class=\"entry-date published updated liquid-lp-date\" datetime=\"2020-11-18T23:12:52+00:00\"><span>18<\/span> Nov<\/time><header class=\"liquid-lp-header\">\n\t<h2 class=\"entry-title liquid-lp-title h5\"><a  href=\"https:\/\/edengardenequipment.com\/es\/2020\/11\/18\/hello-world-4\/\" rel=\"bookmark\">\u00a1Hola Mundo!<\/a><\/h2><\/header>\n\n\t\t\t<div class=\"liquid-lp-excerpt entry-summary\">\n\t\t\t\t<p>Bienvenido a WordPress. Esta es tu primera publicaci\u00f3n. Ed\u00edtala o elim\u00ednala, luego<\/p>\n\t\t\t<\/div><!-- \/.latest-post-excerpt -->\n\t\t\n<footer class=\"liquid-lp-footer\">\n\n\t<div class=\"liquid-lp-meta\">\n\n\t\t<span class=\"author vcard\"><span class=\"screen-reader-text\">Author <\/span><a class=\"url fn n\" href=\"https:\/\/edengardenequipment.com\/es\/author\/cfactory\/\"><svg version=\"1.1\" xmlns=\"http:\/\/www.w3.org\/2000\/svg\" xmlns:xlink=\"http:\/\/www.w3.org\/1999\/xlink\" x=\"0px\" y=\"0px\" viewbox=\"0 0 24 24\" xml:space=\"preserve\" width=\"12\" stroke=\"#a7a9b8\">\n\t\t\t\t\t\t\t<path fill=\"none\" stroke-width=\"2\" stroke-linecap=\"square\" stroke-miterlimit=\"10\" d=\"M12,12L12,12 c-2.761,0-5-2.239-5-5V6c0-2.761,2.239-5,5-5h0c2.761,0,5,2.239,5,5v1C17,9.761,14.761,12,12,12z\" stroke-linejoin=\"miter\"><\/path>\n\t\t\t\t\t\t\t<path data-color=\"color-2\" fill=\"none\" stroke-width=\"2\" stroke-linecap=\"square\" stroke-miterlimit=\"10\" d=\"M22,20.908 c0-1.8-1.197-3.383-2.934-3.856C17.172,16.535,14.586,16,12,16s-5.172,0.535-7.066,1.052C3.197,17.525,2,19.108,2,20.908V23h20 V20.908z\" stroke-linejoin=\"miter\"><\/path>\n\t\t\t\t\t\t<\/svg>cf\u00e1brica<\/a> <\/span>\t\t\n\t<\/div><!-- \/.liquid-lp-meta -->\n\n<\/footer><\/article><\/div><div class=\"col-md-6\"><article id=\"post-66\" class=\"liquid-lp liquid-lp-time-aside post-66 post type-post status-publish format-standard hentry category-uncategorized\"><time class=\"entry-date published updated liquid-lp-date\" datetime=\"2018-12-18T15:00:34+00:00\"><span>18<\/span> Dic<\/time><header class=\"liquid-lp-header\">\n\t<h2 class=\"entry-title liquid-lp-title h5\"><a  href=\"https:\/\/edengardenequipment.com\/es\/2018\/12\/18\/ee\/\" rel=\"bookmark\">Se est\u00e1 comprobando la planta sider\u00fargica de Kobe, que suministraba componentes para aviones<\/a><\/h2><\/header>\n\n\t\t\t<div class=\"liquid-lp-excerpt entry-summary\">\n\t\t\t\t\t\t\t<\/div><!-- \/.latest-post-excerpt -->\n\t\t\n<footer class=\"liquid-lp-footer\">\n\n\t<div class=\"liquid-lp-meta\">\n\n\t\t<span class=\"author vcard\"><span class=\"screen-reader-text\">Author <\/span><a class=\"url fn n\" href=\"https:\/\/edengardenequipment.com\/es\/author\/cfactory\/\"><svg version=\"1.1\" xmlns=\"http:\/\/www.w3.org\/2000\/svg\" xmlns:xlink=\"http:\/\/www.w3.org\/1999\/xlink\" x=\"0px\" y=\"0px\" viewbox=\"0 0 24 24\" xml:space=\"preserve\" width=\"12\" stroke=\"#a7a9b8\">\n\t\t\t\t\t\t\t<path fill=\"none\" stroke-width=\"2\" stroke-linecap=\"square\" stroke-miterlimit=\"10\" d=\"M12,12L12,12 c-2.761,0-5-2.239-5-5V6c0-2.761,2.239-5,5-5h0c2.761,0,5,2.239,5,5v1C17,9.761,14.761,12,12,12z\" stroke-linejoin=\"miter\"><\/path>\n\t\t\t\t\t\t\t<path data-color=\"color-2\" fill=\"none\" stroke-width=\"2\" stroke-linecap=\"square\" stroke-miterlimit=\"10\" d=\"M22,20.908 c0-1.8-1.197-3.383-2.934-3.856C17.172,16.535,14.586,16,12,16s-5.172,0.535-7.066,1.052C3.197,17.525,2,19.108,2,20.908V23h20 V20.908z\" stroke-linejoin=\"miter\"><\/path>\n\t\t\t\t\t\t<\/svg>cf\u00e1brica<\/a> <\/span>\t\t\n\t<\/div><!-- \/.liquid-lp-meta -->\n\n<\/footer><\/article><\/div><div class=\"col-md-6\"><article id=\"post-64\" class=\"liquid-lp liquid-lp-time-aside post-64 post type-post status-publish format-standard hentry category-uncategorized\"><time class=\"entry-date published updated liquid-lp-date\" datetime=\"2018-12-18T15:00:12+00:00\"><span>18<\/span> Dic<\/time><header class=\"liquid-lp-header\">\n\t<h2 class=\"entry-title liquid-lp-title h5\"><a  href=\"https:\/\/edengardenequipment.com\/es\/2018\/12\/18\/ss\/\" rel=\"bookmark\">Creer es la ausencia de duda<\/a><\/h2><\/header>\n\n\t\t\t<div class=\"liquid-lp-excerpt entry-summary\">\n\t\t\t\t\t\t\t<\/div><!-- \/.latest-post-excerpt -->\n\t\t\n<footer class=\"liquid-lp-footer\">\n\n\t<div class=\"liquid-lp-meta\">\n\n\t\t<span class=\"author vcard\"><span class=\"screen-reader-text\">Author <\/span><a class=\"url fn n\" href=\"https:\/\/edengardenequipment.com\/es\/author\/cfactory\/\"><svg version=\"1.1\" xmlns=\"http:\/\/www.w3.org\/2000\/svg\" xmlns:xlink=\"http:\/\/www.w3.org\/1999\/xlink\" x=\"0px\" y=\"0px\" viewbox=\"0 0 24 24\" xml:space=\"preserve\" width=\"12\" stroke=\"#a7a9b8\">\n\t\t\t\t\t\t\t<path fill=\"none\" stroke-width=\"2\" stroke-linecap=\"square\" stroke-miterlimit=\"10\" d=\"M12,12L12,12 c-2.761,0-5-2.239-5-5V6c0-2.761,2.239-5,5-5h0c2.761,0,5,2.239,5,5v1C17,9.761,14.761,12,12,12z\" stroke-linejoin=\"miter\"><\/path>\n\t\t\t\t\t\t\t<path data-color=\"color-2\" fill=\"none\" stroke-width=\"2\" stroke-linecap=\"square\" stroke-miterlimit=\"10\" d=\"M22,20.908 c0-1.8-1.197-3.383-2.934-3.856C17.172,16.535,14.586,16,12,16s-5.172,0.535-7.066,1.052C3.197,17.525,2,19.108,2,20.908V23h20 V20.908z\" stroke-linejoin=\"miter\"><\/path>\n\t\t\t\t\t\t<\/svg>cf\u00e1brica<\/a> <\/span>\t\t\n\t<\/div><!-- \/.liquid-lp-meta -->\n\n<\/footer><\/article><\/div><div class=\"col-md-6\"><article id=\"post-6706\" class=\"liquid-lp liquid-lp-time-aside post-6706 post type-post status-publish format-standard hentry category-uncategorized\"><time class=\"entry-date published updated liquid-lp-date\" datetime=\"2018-12-18T00:14:45+00:00\"><span>18<\/span> Dic<\/time><header class=\"liquid-lp-header\">\n\t<h2 class=\"entry-title liquid-lp-title h5\"><a  href=\"https:\/\/edengardenequipment.com\/es\/2018\/12\/18\/hello-world-3\/\" rel=\"bookmark\">Promociones de la feria comercial 2017<\/a><\/h2><\/header>\n\n\t\t\t<div class=\"liquid-lp-excerpt entry-summary\">\n\t\t\t\t<p>Bienvenido a WordPress. Esta es tu primera publicaci\u00f3n. Ed\u00edtala o elim\u00ednala, luego<\/p>\n\t\t\t<\/div><!-- \/.latest-post-excerpt -->\n\t\t\n<footer class=\"liquid-lp-footer\">\n\n\t<div class=\"liquid-lp-meta\">\n\n\t\t<span class=\"author vcard\"><span class=\"screen-reader-text\">Author <\/span><a class=\"url fn n\" href=\"https:\/\/edengardenequipment.com\/es\/author\/cfactory\/\"><svg version=\"1.1\" xmlns=\"http:\/\/www.w3.org\/2000\/svg\" xmlns:xlink=\"http:\/\/www.w3.org\/1999\/xlink\" x=\"0px\" y=\"0px\" viewbox=\"0 0 24 24\" xml:space=\"preserve\" width=\"12\" stroke=\"#a7a9b8\">\n\t\t\t\t\t\t\t<path fill=\"none\" stroke-width=\"2\" stroke-linecap=\"square\" stroke-miterlimit=\"10\" d=\"M12,12L12,12 c-2.761,0-5-2.239-5-5V6c0-2.761,2.239-5,5-5h0c2.761,0,5,2.239,5,5v1C17,9.761,14.761,12,12,12z\" stroke-linejoin=\"miter\"><\/path>\n\t\t\t\t\t\t\t<path data-color=\"color-2\" fill=\"none\" stroke-width=\"2\" stroke-linecap=\"square\" stroke-miterlimit=\"10\" d=\"M22,20.908 c0-1.8-1.197-3.383-2.934-3.856C17.172,16.535,14.586,16,12,16s-5.172,0.535-7.066,1.052C3.197,17.525,2,19.108,2,20.908V23h20 V20.908z\" stroke-linejoin=\"miter\"><\/path>\n\t\t\t\t\t\t<\/svg>cf\u00e1brica<\/a> <\/span>\t\t\n\t<\/div><!-- \/.liquid-lp-meta -->\n\n<\/footer><\/article><\/div><div class=\"col-md-6\"><article id=\"post-5\" class=\"liquid-lp liquid-lp-time-aside post-5 post type-post status-publish format-standard hentry category-uncategorized\"><time class=\"entry-date published updated liquid-lp-date\" datetime=\"2018-12-10T00:09:39+00:00\"><span>10<\/span> Dic<\/time><header class=\"liquid-lp-header\">\n\t<h2 class=\"entry-title liquid-lp-title h5\"><a  href=\"https:\/\/edengardenequipment.com\/es\/2018\/12\/10\/hello-world-2\/\" rel=\"bookmark\">\u00a1Hola Mundo!<\/a><\/h2><\/header>\n\n\t\t\t<div class=\"liquid-lp-excerpt entry-summary\">\n\t\t\t\t<p>Bienvenido a WordPress. Esta es tu primera publicaci\u00f3n. Ed\u00edtala o elim\u00ednala, luego<\/p>\n\t\t\t<\/div><!-- \/.latest-post-excerpt -->\n\t\t\n<footer class=\"liquid-lp-footer\">\n\n\t<div class=\"liquid-lp-meta\">\n\n\t\t<span class=\"author vcard\"><span class=\"screen-reader-text\">Author <\/span><a class=\"url fn n\" href=\"https:\/\/edengardenequipment.com\/es\/author\/cfactory\/\"><svg version=\"1.1\" xmlns=\"http:\/\/www.w3.org\/2000\/svg\" xmlns:xlink=\"http:\/\/www.w3.org\/1999\/xlink\" x=\"0px\" y=\"0px\" viewbox=\"0 0 24 24\" xml:space=\"preserve\" width=\"12\" stroke=\"#a7a9b8\">\n\t\t\t\t\t\t\t<path fill=\"none\" stroke-width=\"2\" stroke-linecap=\"square\" stroke-miterlimit=\"10\" d=\"M12,12L12,12 c-2.761,0-5-2.239-5-5V6c0-2.761,2.239-5,5-5h0c2.761,0,5,2.239,5,5v1C17,9.761,14.761,12,12,12z\" stroke-linejoin=\"miter\"><\/path>\n\t\t\t\t\t\t\t<path data-color=\"color-2\" fill=\"none\" stroke-width=\"2\" stroke-linecap=\"square\" stroke-miterlimit=\"10\" d=\"M22,20.908 c0-1.8-1.197-3.383-2.934-3.856C17.172,16.535,14.586,16,12,16s-5.172,0.535-7.066,1.052C3.197,17.525,2,19.108,2,20.908V23h20 V20.908z\" stroke-linejoin=\"miter\"><\/path>\n\t\t\t\t\t\t<\/svg>cf\u00e1brica<\/a> <\/span>\t\t\n\t<\/div><!-- \/.liquid-lp-meta -->\n\n<\/footer><\/article><\/div><\/div><!--\/ .row --><\/div><!--\/ .liquid-blog-posts --><\/div><\/div><\/div><\/div><\/div><\/div><\/section>","protected":false},"excerpt":{"rendered":"Bienvenido a WordPress. Esta es tu primera publicaci\u00f3n. Ed\u00edtala o elim\u00ednala, luego","protected":false},"author":1,"featured_media":0,"parent":0,"menu_order":0,"comment_status":"closed","ping_status":"closed","template":"","meta":{"footnotes":""},"class_list":["post-5624","page","type-page","status-publish","hentry"],"yoast_head":"<!-- This site is optimized with the Yoast SEO plugin v27.5 - https:\/\/yoast.com\/product\/yoast-seo-wordpress\/ -->\n<title>Date - Eden Garden Equipment<\/title>\n<meta name=\"robots\" content=\"index, follow, max-snippet:-1, max-image-preview:large, max-video-preview:-1\" \/>\n<link rel=\"canonical\" href=\"https:\/\/edengardenequipment.com\/es\/date\/\" \/>\n<meta property=\"og:locale\" content=\"es_ES\" \/>\n<meta property=\"og:type\" content=\"article\" \/>\n<meta property=\"og:title\" content=\"Date - Eden Garden Equipment\" \/>\n<meta property=\"og:url\" content=\"https:\/\/edengardenequipment.com\/es\/date\/\" \/>\n<meta property=\"og:site_name\" content=\"Eden Garden Equipment\" \/>\n<meta property=\"og:image\" content=\"https:\/\/edengardenequipment.com\/wp-content\/uploads\/2023\/06\/05.jpg\" \/>\n\t<meta property=\"og:image:width\" content=\"2000\" \/>\n\t<meta property=\"og:image:height\" content=\"1117\" \/>\n\t<meta property=\"og:image:type\" content=\"image\/jpeg\" \/>\n<meta name=\"twitter:card\" content=\"summary_large_image\" \/>\n<meta name=\"twitter:label1\" content=\"Tiempo de lectura\" \/>\n\t<meta name=\"twitter:data1\" content=\"1 minuto\" \/>\n<script type=\"application\/ld+json\" class=\"yoast-schema-graph\">{\"@context\":\"https:\\\/\\\/schema.org\",\"@graph\":[{\"@type\":\"WebPage\",\"@id\":\"https:\\\/\\\/edengardenequipment.com\\\/date\\\/\",\"url\":\"https:\\\/\\\/edengardenequipment.com\\\/date\\\/\",\"name\":\"Date - Eden Garden Equipment\",\"isPartOf\":{\"@id\":\"https:\\\/\\\/edengardenequipment.com\\\/#website\"},\"datePublished\":\"2018-10-24T09:37:20+00:00\",\"breadcrumb\":{\"@id\":\"https:\\\/\\\/edengardenequipment.com\\\/date\\\/#breadcrumb\"},\"inLanguage\":\"es\",\"potentialAction\":[{\"@type\":\"ReadAction\",\"target\":[\"https:\\\/\\\/edengardenequipment.com\\\/date\\\/\"]}]},{\"@type\":\"BreadcrumbList\",\"@id\":\"https:\\\/\\\/edengardenequipment.com\\\/date\\\/#breadcrumb\",\"itemListElement\":[{\"@type\":\"ListItem\",\"position\":1,\"name\":\"Home\",\"item\":\"https:\\\/\\\/edengardenequipment.com\\\/\"},{\"@type\":\"ListItem\",\"position\":2,\"name\":\"Date\"}]},{\"@type\":\"WebSite\",\"@id\":\"https:\\\/\\\/edengardenequipment.com\\\/#website\",\"url\":\"https:\\\/\\\/edengardenequipment.com\\\/\",\"name\":\"Eden Garden Equipment\",\"description\":\"Best Gardening Tools for Sale\",\"publisher\":{\"@id\":\"https:\\\/\\\/edengardenequipment.com\\\/#organization\"},\"potentialAction\":[{\"@type\":\"SearchAction\",\"target\":{\"@type\":\"EntryPoint\",\"urlTemplate\":\"https:\\\/\\\/edengardenequipment.com\\\/?s={search_term_string}\"},\"query-input\":{\"@type\":\"PropertyValueSpecification\",\"valueRequired\":true,\"valueName\":\"search_term_string\"}}],\"inLanguage\":\"es\"},{\"@type\":\"Organization\",\"@id\":\"https:\\\/\\\/edengardenequipment.com\\\/#organization\",\"name\":\"Eden Garden Equipment\",\"url\":\"https:\\\/\\\/edengardenequipment.com\\\/\",\"logo\":{\"@type\":\"ImageObject\",\"inLanguage\":\"es\",\"@id\":\"https:\\\/\\\/edengardenequipment.com\\\/#\\\/schema\\\/logo\\\/image\\\/\",\"url\":\"https:\\\/\\\/edengardenequipment.com\\\/wp-content\\\/uploads\\\/2023\\\/06\\\/cropped-Asset-1@2xnew2.png\",\"contentUrl\":\"https:\\\/\\\/edengardenequipment.com\\\/wp-content\\\/uploads\\\/2023\\\/06\\\/cropped-Asset-1@2xnew2.png\",\"width\":512,\"height\":512,\"caption\":\"Eden Garden Equipment\"},\"image\":{\"@id\":\"https:\\\/\\\/edengardenequipment.com\\\/#\\\/schema\\\/logo\\\/image\\\/\"}}]}<\/script>\n<!-- \/ Yoast SEO plugin. -->","yoast_head_json":{"title":"Date - Eden Garden Equipment","robots":{"index":"index","follow":"follow","max-snippet":"max-snippet:-1","max-image-preview":"max-image-preview:large","max-video-preview":"max-video-preview:-1"},"canonical":"https:\/\/edengardenequipment.com\/es\/date\/","og_locale":"es_ES","og_type":"article","og_title":"Date - Eden Garden Equipment","og_url":"https:\/\/edengardenequipment.com\/es\/date\/","og_site_name":"Eden Garden Equipment","og_image":[{"width":2000,"height":1117,"url":"https:\/\/edengardenequipment.com\/wp-content\/uploads\/2023\/06\/05.jpg","type":"image\/jpeg"}],"twitter_card":"summary_large_image","twitter_misc":{"Tiempo de lectura":"1 minuto"},"schema":{"@context":"https:\/\/schema.org","@graph":[{"@type":"WebPage","@id":"https:\/\/edengardenequipment.com\/date\/","url":"https:\/\/edengardenequipment.com\/date\/","name":"Date - Eden Garden Equipment","isPartOf":{"@id":"https:\/\/edengardenequipment.com\/#website"},"datePublished":"2018-10-24T09:37:20+00:00","breadcrumb":{"@id":"https:\/\/edengardenequipment.com\/date\/#breadcrumb"},"inLanguage":"es","potentialAction":[{"@type":"ReadAction","target":["https:\/\/edengardenequipment.com\/date\/"]}]},{"@type":"BreadcrumbList","@id":"https:\/\/edengardenequipment.com\/date\/#breadcrumb","itemListElement":[{"@type":"ListItem","position":1,"name":"Home","item":"https:\/\/edengardenequipment.com\/"},{"@type":"ListItem","position":2,"name":"Date"}]},{"@type":"WebSite","@id":"https:\/\/edengardenequipment.com\/#website","url":"https:\/\/edengardenequipment.com\/","name":"Eden Garden Equipment","description":"Best Gardening Tools for Sale","publisher":{"@id":"https:\/\/edengardenequipment.com\/#organization"},"potentialAction":[{"@type":"SearchAction","target":{"@type":"EntryPoint","urlTemplate":"https:\/\/edengardenequipment.com\/?s={search_term_string}"},"query-input":{"@type":"PropertyValueSpecification","valueRequired":true,"valueName":"search_term_string"}}],"inLanguage":"es"},{"@type":"Organization","@id":"https:\/\/edengardenequipment.com\/#organization","name":"Eden Garden Equipment","url":"https:\/\/edengardenequipment.com\/","logo":{"@type":"ImageObject","inLanguage":"es","@id":"https:\/\/edengardenequipment.com\/#\/schema\/logo\/image\/","url":"https:\/\/edengardenequipment.com\/wp-content\/uploads\/2023\/06\/cropped-Asset-1@2xnew2.png","contentUrl":"https:\/\/edengardenequipment.com\/wp-content\/uploads\/2023\/06\/cropped-Asset-1@2xnew2.png","width":512,"height":512,"caption":"Eden Garden Equipment"},"image":{"@id":"https:\/\/edengardenequipment.com\/#\/schema\/logo\/image\/"}}]}},"_links":{"self":[{"href":"https:\/\/edengardenequipment.com\/es\/wp-json\/wp\/v2\/pages\/5624","targetHints":{"allow":["GET"]}}],"collection":[{"href":"https:\/\/edengardenequipment.com\/es\/wp-json\/wp\/v2\/pages"}],"about":[{"href":"https:\/\/edengardenequipment.com\/es\/wp-json\/wp\/v2\/types\/page"}],"author":[{"embeddable":true,"href":"https:\/\/edengardenequipment.com\/es\/wp-json\/wp\/v2\/users\/1"}],"replies":[{"embeddable":true,"href":"https:\/\/edengardenequipment.com\/es\/wp-json\/wp\/v2\/comments?post=5624"}],"version-history":[{"count":0,"href":"https:\/\/edengardenequipment.com\/es\/wp-json\/wp\/v2\/pages\/5624\/revisions"}],"wp:attachment":[{"href":"https:\/\/edengardenequipment.com\/es\/wp-json\/wp\/v2\/media?parent=5624"}],"curies":[{"name":"wp","href":"https:\/\/api.w.org\/{rel}","templated":true}]}}