{"id":7605,"date":"2021-09-11T12:41:59","date_gmt":"2021-09-11T11:41:59","guid":{"rendered":"https:\/\/orix.cfweb.co.uk\/?page_id=7605"},"modified":"2022-06-08T00:12:00","modified_gmt":"2022-06-07T23:12:00","slug":"orix-case-studies","status":"publish","type":"page","link":"https:\/\/edengardenequipment.com\/es\/orix-case-studies\/","title":{"rendered":"Casos pr\u00e1cticos de Orix"},"content":{"rendered":"<p><style>@media (min-width: 992px) { .liquid-row-responsive-69f478ce848df {padding-top:0px !important; padding-bottom:240px !important;  }  }   <\/style><section data-bg-image=\"url\" data-tooltip=\"Urban Wildlife\" class=\"vc_row wpb_row vc_row-fluid justify-content-end vc_custom_1544524042822 row-contains-padding-top row-contains-padding-bottom liquid-row-responsive-69f478ce848df liquid-row-shadowbox-69f478ce84916 vc_row-has-fill vc_row-has-bg vc_row-o-content-bottom vc_row-flex\"><div class=\"ld-container container\"><div class=\"row ld-row\"><style>@media (min-width: 992px) { .liquid-column-responsive-69f478ce84cc1 > .vc_column-inner > .wpb_wrapper {margin-bottom:0px !important;  }  } <\/style><div class=\"wpb_column vc_column_container vc_col-sm-12 vc_col-lg-3 vc_col-md-4 text-right liquid-column-69f478ce84cbe liquid-column-responsive-69f478ce84cc1\"><div class=\"vc_column-inner\"><div class=\"wpb_wrapper vc_custom_1544445746886\"   ><div class=\"wpb_wrapper-inner\"><div class=\"vc_row wpb_row vc_inner vc_row-fluid liquid-row-shadowbox-69f478ce84edb\"><div class=\"wpb_column vc_column_container vc_col-sm-12 liquid-column-69f478ce85141\"><div class=\"vc_column-inner\"><div class=\"wpb_wrapper\"  data-custom-animations=\"true\" data-ca-options='{\"triggerHandler\":\"inview\",\"animationTarget\":\"all-childs\",\"duration\":\"1600\",\"delay\":100,\"easing\":\"easeOutQuint\",\"direction\":\"forward\",\"initValues\":{\"scaleX\":0},\"animations\":{\"scaleX\":1}}'><div class=\"wpb_wrapper-inner\"><div class=\"vc_separator wpb_content_element vc_separator_align_center vc_sep_width_20 vc_sep_pos_align_right vc_separator_no_text vc_custom_1544436496375  vc_custom_1544436496375\" ><span class=\"vc_sep_holder vc_sep_holder_l\"><span  style=\"border-color:#ff1839;\" class=\"vc_sep_line\"><\/span><\/span><span class=\"vc_sep_holder vc_sep_holder_r\"><span  style=\"border-color:#ff1839;\" class=\"vc_sep_line\"><\/span><\/span>\n<\/div><\/div><\/div><\/div><\/div><\/div><style>.ld_fancy_heading_69f478ce854ef h2{font-size:72px;line-height:1.111em;letter-spacing:-0.025em;color:rgb(255, 255, 255);}.ld_fancy_heading_69f478ce854ef h2 {margin-bottom:0px !important;  } .ld_fancy_heading_69f478ce854ef .lqd-highlight-inner{height:0.275em;bottom:0px;}.ld_fancy_heading_69f478ce854ef h2 {margin-bottom:0px !important;  } <\/style><div class=\"ld-fancy-heading mask-text ld_fancy_heading_69f478ce854ef\">\n\t<h2 class=\"lqd-highlight-underline lqd-highlight-grow-left\" data-split-text=\"true\" data-custom-animations=\"true\" data-ca-options='{\"triggerHandler\":\"inview\",\"animationTarget\":\".lqd-lines .split-inner\",\"duration\":\"1800\",\"startDelay\":\"200\",\"delay\":100,\"easing\":\"easeOutQuint\",\"direction\":\"forward\",\"initValues\":{\"translateY\":150,\"rotateZ\":-5},\"animations\":{\"translateY\":0,\"rotateZ\":0}}' data-split-options='{\"type\":\"lines\"}'><span class=\"ld-fh-txt\"> embalaje seguro<\/span><\/h2><\/div><\/div><\/div><\/div><\/div><style>@media (min-width: 992px) { .liquid-column-responsive-69f478ce8584e > .vc_column-inner > .wpb_wrapper {margin-bottom:0px !important;  }  } <\/style><div class=\"wpb_column vc_column_container vc_col-sm-12 vc_col-lg-offset-1 vc_col-lg-4 vc_col-md-5 text-right text-md-left liquid-column-69f478ce8584c liquid-column-responsive-69f478ce8584e\"><div class=\"vc_column-inner\"><div class=\"wpb_wrapper vc_custom_1544445755987\"   ><div class=\"wpb_wrapper-inner\"><style>.ld_fancy_heading_69f478ce859bd p{font-size:16px;line-height:1.5em;color:rgb(255, 255, 255);}.ld_fancy_heading_69f478ce859bd .lqd-highlight-inner{height:0.275em;bottom:0px;}<\/style><div class=\"ld-fancy-heading mask-text ld_fancy_heading_69f478ce859bd\">\n\t<p class=\"lqd-highlight-underline lqd-highlight-grow-left\" data-split-text=\"true\" data-custom-animations=\"true\" data-ca-options='{\"triggerHandler\":\"inview\",\"animationTarget\":\".lqd-lines .split-inner\",\"duration\":\"1600\",\"startDelay\":\"200\",\"delay\":\"120\",\"easing\":\"easeOutQuint\",\"direction\":\"forward\",\"initValues\":{\"translateY\":50,\"rotateZ\":5},\"animations\":{\"translateY\":0,\"rotateZ\":0}}' data-split-options='{\"type\":\"lines\"}'><span class=\"ld-fh-txt\"> Safe Packaging Ltd fabrica, importa y distribuye materiales de embalaje a trav\u00e9s de su almac\u00e9n en Londres y su propio sitio de comercio electr\u00f3nico. Despu\u00e9s de no ver mucho \u00e9xito en su sitio web, Safe Packaging se puso en contacto con LSC para mejorar su alcance y aumentar sus ventas a trav\u00e9s de su sitio web. <\/span><\/p><\/div><\/div><\/div><\/div><\/div><style>@media (min-width: 992px) { .liquid-column-responsive-69f478ce85bba > .vc_column-inner > .wpb_wrapper {margin-bottom:0px !important;  }  } <\/style><div class=\"wpb_column vc_column_container vc_col-sm-12 vc_col-lg-offset-1 vc_col-lg-3 vc_col-md-4 text-right text-md-left liquid-column-69f478ce85bb8 liquid-column-responsive-69f478ce85bba\"><div class=\"vc_column-inner\"><div class=\"wpb_wrapper vc_custom_1544445762819\"  data-custom-animations=\"true\" data-ca-options='{\"triggerHandler\":\"inview\",\"animationTarget\":\"all-childs\",\"duration\":\"1600\",\"startDelay\":\"500\",\"delay\":\"150\",\"easing\":\"easeOutQuint\",\"direction\":\"forward\",\"initValues\":{\"translateY\":49,\"rotateZ\":5,\"opacity\":0},\"animations\":{\"translateY\":0,\"rotateZ\":0,\"opacity\":1}}' ><div class=\"wpb_wrapper-inner\"><style>.ld_fancy_heading_69f478ce85d3c p{font-size:18px;font-weight:700;color:rgb(255, 255, 255);}.ld_fancy_heading_69f478ce85d3c p {margin-bottom:0px !important;  } .ld_fancy_heading_69f478ce85d3c .lqd-highlight-inner{height:0.275em;bottom:0px;}.ld_fancy_heading_69f478ce85d3c p {margin-bottom:0px !important;  } <\/style><div class=\"ld-fancy-heading text-uppercase ld_fancy_heading_69f478ce85d3c\">\n\t<p class=\"lqd-highlight-underline lqd-highlight-grow-left\" data-split-text=\"true\" data-custom-animations=\"true\" data-ca-options='{\"triggerHandler\":\"inview\",\"animationTarget\":\".lqd-lines .split-inner\",\"duration\":700,\"delay\":100,\"easing\":\"easeOutQuint\",\"direction\":\"forward\",\"initValues\":{\"scale\":1},\"animations\":{\"scale\":1}}' data-split-options='{\"type\":\"lines\"}'><span class=\"ld-fh-txt\"> \u00bfC\u00f3mo podemos hacer esto?<\/span><\/p><\/div><style>.ld_fancy_heading_69f478ce85eaa p{font-size:16px;line-height:1.5em;color:rgb(255, 255, 255);}.ld_fancy_heading_69f478ce85eaa .lqd-highlight-inner{height:0.275em;bottom:0px;}<\/style><div class=\"ld-fancy-heading ld_fancy_heading_69f478ce85eaa\">\n\t<p class=\"lqd-highlight-underline lqd-highlight-grow-left\" data-split-text=\"true\" data-custom-animations=\"true\" data-ca-options='{\"triggerHandler\":\"inview\",\"animationTarget\":\".lqd-lines .split-inner\",\"duration\":700,\"delay\":100,\"easing\":\"easeOutQuint\",\"direction\":\"forward\",\"initValues\":{\"scale\":1},\"animations\":{\"scale\":1}}' data-split-options='{\"type\":\"lines\"}'><span class=\"ld-fh-txt\"> Ver m\u00e1s sobre este proyecto<\/span><\/p><\/div><style>.ld_spacer_69f478ce85fab{height:0.8em;}<\/style>\n<div class=\"ld-empty-space ld_spacer_69f478ce85fab\"><span class=\"liquid_empty_space_inner\"><\/span><\/div><style>.ld_button_69f478ce860fe.btn-icon-solid .btn-icon{background:#4fda90;}.ld_button_69f478ce860fe.btn-icon-circle.btn-icon-ripple .btn-icon:before{border-color:#4fda90;}.ld_button_69f478ce860fe.btn-icon-solid:hover .btn-icon{background:rgb(255, 255, 255);}.ld_button_69f478ce860fe{color:#4fda90;font-size:12px !important;font-weight:700 !important;letter-spacing:0.1em !important;}.ld_button_69f478ce860fe:hover{color:rgb(255, 255, 255);}<\/style><a href=\"https:\/\/www.youtube.com\/watch?v=rw-hcyof6ZI\" class=\"btn btn-naked text-uppercase fresco ld_button_69f478ce860fe\">\n\t<span>\n\t\t\n\t\t\t\t\t<span class=\"btn-txt\">M\u00e1s informaci\u00f3n<\/span>\n\t\t\t\n\t<span class=\"btn-icon\"><i class=\"\"><\/i><\/span>\t\t\t<\/span>\n<\/a>\n<style>.ld_spacer_69f478ce884de{height:0.8em;}<\/style>\n<div class=\"ld-empty-space ld_spacer_69f478ce884de\"><span class=\"liquid_empty_space_inner\"><\/span><\/div><\/div><\/div><\/div><\/div><\/div><\/div><\/section><style>@media (min-width: 992px) { .liquid-row-responsive-69f478ce886a3 {padding-top:0px !important; padding-bottom:0px !important;  }  }   <\/style><section data-bg-image=\"url\" data-tooltip=\"Form up above\" class=\"vc_row wpb_row vc_row-fluid vc_custom_1544524053352 row-contains-padding-top row-contains-padding-bottom liquid-row-responsive-69f478ce886a3 liquid-row-shadowbox-69f478ce886b9 vc_row-has-fill vc_row-has-bg\"><div class=\"ld-container container\"><div class=\"row ld-row\"><div class=\"wpb_column vc_column_container vc_col-sm-12 vc_col-lg-7 vc_col-md-9 liquid-column-69f478ce88856\"><div class=\"vc_column-inner\"><div class=\"wpb_wrapper\"   ><div class=\"wpb_wrapper-inner\"><style>.ld_fancy_heading_69f478ce889b8 h2{font-size:140px;line-height:0.85em;font-weight:700;color:rgb(255, 255, 255);}.ld_fancy_heading_69f478ce889b8 h2 {margin-bottom:0.25em !important;  } .ld_fancy_heading_69f478ce889b8 .lqd-highlight-inner{height:0.275em;bottom:0px;}.ld_fancy_heading_69f478ce889b8 h2 {margin-bottom:0.25em !important;  } <\/style><div class=\"ld-fancy-heading mask-text text-uppercase ld_fancy_heading_69f478ce889b8\">\n\t<h2 class=\"lqd-highlight-underline lqd-highlight-grow-left h1\" data-fittext=\"true\" data-fittext-options='{\"compressor\":0.34999999999999997779553950749686919152736663818359375,\"maxFontSize\":\"currentFontSize\",\"minFontSize\":\"100\"}' data-split-text=\"true\" data-custom-animations=\"true\" data-ca-options='{\"triggerHandler\":\"inview\",\"animationTarget\":\".lqd-lines .split-inner\",\"duration\":\"1600\",\"delay\":\"160\",\"easing\":\"easeOutQuint\",\"direction\":\"forward\",\"initValues\":{\"translateY\":175,\"rotateZ\":5},\"animations\":{\"translateY\":0,\"rotateZ\":0}}' data-split-options='{\"type\":\"lines\"}'><span class=\"ld-fh-txt\"> Hueci\u00f3n<\/span><\/h2><\/div><div class=\"vc_row wpb_row vc_inner vc_row-fluid liquid-row-shadowbox-69f478ce88e63\"><div class=\"wpb_column vc_column_container vc_col-sm-12 vc_col-md-9 liquid-column-69f478ce89045\"><div class=\"vc_column-inner\"><div class=\"wpb_wrapper\"  ><div class=\"wpb_wrapper-inner\"><style>.ld_fancy_heading_69f478ce89230 p{color:rgb(255, 255, 255);}.ld_fancy_heading_69f478ce89230 p {margin-bottom:1em !important;  } .ld_fancy_heading_69f478ce89230 .lqd-highlight-inner{height:0.275em;bottom:0px;}.ld_fancy_heading_69f478ce89230 p {margin-bottom:1em !important;  } <\/style><div class=\"ld-fancy-heading mask-text ld_fancy_heading_69f478ce89230\">\n\t<p class=\"lqd-highlight-underline lqd-highlight-grow-left h3\" data-split-text=\"true\" data-custom-animations=\"true\" data-ca-options='{\"triggerHandler\":\"inview\",\"animationTarget\":\".lqd-lines .split-inner\",\"duration\":\"1600\",\"startDelay\":\"150\",\"delay\":\"160\",\"easing\":\"easeOutQuint\",\"direction\":\"forward\",\"initValues\":{\"translateY\":60,\"rotateZ\":5},\"animations\":{\"translateY\":0,\"rotateZ\":0}}' data-split-options='{\"type\":\"lines\"}'><span class=\"ld-fh-txt\"> Marketing digital. Pago por clic. Redes sociales.<\/span><\/p><\/div><\/div><\/div><\/div><\/div><div class=\"wpb_column vc_column_container vc_col-sm-12 liquid-column-69f478ce89710\"><div class=\"vc_column-inner\"><div class=\"wpb_wrapper\"  data-custom-animations=\"true\" data-ca-options='{\"triggerHandler\":\"inview\",\"animationTarget\":\"all-childs\",\"duration\":\"1600\",\"startDelay\":\"350\",\"delay\":100,\"easing\":\"easeOutQuint\",\"direction\":\"forward\",\"initValues\":{\"scaleX\":0},\"animations\":{\"scaleX\":1}}'><div class=\"wpb_wrapper-inner\"><div class=\"vc_separator wpb_content_element vc_separator_align_center vc_sep_width_10 vc_sep_pos_align_left vc_separator_no_text vc_custom_1544440383236  vc_custom_1544440383236\" ><span class=\"vc_sep_holder vc_sep_holder_l\"><span  style=\"border-color:#ff1839;\" class=\"vc_sep_line\"><\/span><\/span><span class=\"vc_sep_holder vc_sep_holder_r\"><span  style=\"border-color:#ff1839;\" class=\"vc_sep_line\"><\/span><\/span>\n<\/div><\/div><\/div><\/div><\/div><div class=\"wpb_column vc_column_container vc_col-sm-12 vc_col-md-6 liquid-column-69f478ce89966\"><div class=\"vc_column-inner\"><div class=\"wpb_wrapper\"  ><div class=\"wpb_wrapper-inner\"><style>.ld_fancy_heading_69f478ce89a54 p{font-size:16px;line-height:1.5em;color:rgb(255, 255, 255);}.ld_fancy_heading_69f478ce89a54 .lqd-highlight-inner{height:0.275em;bottom:0px;}<\/style><div class=\"ld-fancy-heading mask-text ld_fancy_heading_69f478ce89a54\">\n\t<p class=\"lqd-highlight-underline lqd-highlight-grow-left\" data-split-text=\"true\" data-custom-animations=\"true\" data-ca-options='{\"triggerHandler\":\"inview\",\"animationTarget\":\".lqd-lines .split-inner\",\"duration\":\"1600\",\"startDelay\":\"300\",\"delay\":\"120\",\"easing\":\"easeOutQuint\",\"direction\":\"forward\",\"initValues\":{\"translateY\":50,\"rotateZ\":5},\"animations\":{\"translateY\":0,\"rotateZ\":0}}' data-split-options='{\"type\":\"lines\"}'><span class=\"ld-fh-txt\"> Huetion produce y suministra pegatinas de vinilo para alegrar y decorar tus paredes.<\/span><\/p><\/div><\/div><\/div><\/div><\/div><div class=\"wpb_column vc_column_container vc_col-sm-12 vc_col-md-6 liquid-column-69f478ce89d4c\"><div class=\"vc_column-inner\"><div class=\"wpb_wrapper\"  ><div class=\"wpb_wrapper-inner\"><style>.ld_fancy_heading_69f478ce89e4a p{font-size:16px;line-height:1.5em;color:rgb(255, 255, 255);}.ld_fancy_heading_69f478ce89e4a .lqd-highlight-inner{height:0.275em;bottom:0px;}<\/style><div class=\"ld-fancy-heading mask-text ld_fancy_heading_69f478ce89e4a\">\n\t<p class=\"lqd-highlight-underline lqd-highlight-grow-left\" data-split-text=\"true\" data-custom-animations=\"true\" data-ca-options='{\"triggerHandler\":\"inview\",\"animationTarget\":\".lqd-lines .split-inner\",\"duration\":\"1600\",\"startDelay\":\"450\",\"delay\":\"120\",\"easing\":\"easeOutQuint\",\"direction\":\"forward\",\"initValues\":{\"translateY\":50,\"rotateZ\":5},\"animations\":{\"translateY\":0,\"rotateZ\":0}}' data-split-options='{\"type\":\"lines\"}'><span class=\"ld-fh-txt\"> Esta potencia art\u00edstica incomparable recurri\u00f3 a LSC Digital en busca de ayuda para ampliar su alcance, ya que recientemente lanzaron su sitio web de comercio electr\u00f3nico. <\/span><\/p><\/div><\/div><\/div><\/div><\/div><div class=\"wpb_column vc_column_container vc_col-sm-12 liquid-column-69f478ce8a03d\"><div class=\"vc_column-inner\"><div class=\"wpb_wrapper\"  data-custom-animations=\"true\" data-ca-options='{\"triggerHandler\":\"inview\",\"animationTarget\":\"all-childs\",\"duration\":\"1600\",\"startDelay\":\"700\",\"delay\":100,\"easing\":\"easeOutQuint\",\"direction\":\"forward\",\"initValues\":{\"translateY\":36,\"rotateZ\":5,\"opacity\":0},\"animations\":{\"translateY\":0,\"rotateZ\":0,\"opacity\":1}}'><div class=\"wpb_wrapper-inner\"><style>.ld_spacer_69f478ce8a124{height:32px;}<\/style>\n<div class=\"ld-empty-space ld_spacer_69f478ce8a124\"><span class=\"liquid_empty_space_inner\"><\/span><\/div><style>.ld_button_69f478ce8a1fb.btn-icon-solid .btn-icon{background:#4fda90;}.ld_button_69f478ce8a1fb.btn-icon-circle.btn-icon-ripple .btn-icon:before{border-color:#4fda90;}.ld_button_69f478ce8a1fb.btn-icon-solid:hover .btn-icon{background:rgb(255, 255, 255);}.ld_button_69f478ce8a1fb{background-color:#4fda90;border-color:#4fda90;color:rgb(255, 255, 255);font-size:14px !important;font-weight:700 !important;letter-spacing:0.1em !important;}.ld_button_69f478ce8a1fb:hover{background-color:rgb(255, 255, 255);border-color:rgb(255, 255, 255);color:rgb(0, 0, 0);}.ld_button_69f478ce8a1fb .btn-gradient-bg-hover{background:-webkit-linear-gradient(to right, rgb(255, 255, 255) 0%, rgb(255, 255, 255) 100%);background:linear-gradient(to right, rgb(255, 255, 255) 0%, rgb(255, 255, 255) 100%);}.ld_button_69f478ce8a1fb .btn-gradient-border defs stop:first-child{stop-color:#4fda90;}.ld_button_69f478ce8a1fb .btn-gradient-border defs stop:last-child{stop-color:#4fda90;}.ld_button_69f478ce8a1fb:hover .btn-gradient-border defs stop:first-child{stop-color:rgb(255, 255, 255);}.ld_button_69f478ce8a1fb:hover .btn-gradient-border defs stop:last-child{stop-color:rgb(255, 255, 255);}<\/style><a href=\"https:\/\/www.youtube.com\/watch?v=XtEFsRgt_Tg\" class=\"btn btn-solid text-uppercase btn-bordered border-thin fresco ld_button_69f478ce8a1fb\">\n\t<span>\n\t\t\n\t\t\t\t\t<span class=\"btn-txt\">VER ESTUDIO DE CASO<\/span>\n\t\t\t\n\t\t\t\t<\/span>\n<\/a>\n<\/div><\/div><\/div><\/div><\/div><\/div><\/div><\/div><\/div><\/div><\/div><\/section>","protected":false},"excerpt":{"rendered":"safe packaging Safe Packaging Ltd manufacture, import and distribute packaging materials through their warehouse in...","protected":false},"author":1,"featured_media":0,"parent":0,"menu_order":0,"comment_status":"closed","ping_status":"closed","template":"","meta":{"footnotes":""},"class_list":["post-7605","page","type-page","status-publish","hentry"],"yoast_head":"<!-- This site is optimized with the Yoast SEO plugin v27.5 - https:\/\/yoast.com\/product\/yoast-seo-wordpress\/ -->\n<title>Orix Case Studies - Eden Garden Equipment<\/title>\n<meta name=\"robots\" content=\"index, follow, max-snippet:-1, max-image-preview:large, max-video-preview:-1\" \/>\n<link rel=\"canonical\" href=\"https:\/\/edengardenequipment.com\/es\/orix-case-studies\/\" \/>\n<meta property=\"og:locale\" content=\"es_ES\" \/>\n<meta property=\"og:type\" content=\"article\" \/>\n<meta property=\"og:title\" content=\"Orix Case Studies - Eden Garden Equipment\" \/>\n<meta property=\"og:url\" content=\"https:\/\/edengardenequipment.com\/es\/orix-case-studies\/\" \/>\n<meta property=\"og:site_name\" content=\"Eden Garden Equipment\" \/>\n<meta property=\"article:modified_time\" content=\"2022-06-07T23:12:00+00:00\" \/>\n<meta property=\"og:image\" content=\"https:\/\/edengardenequipment.com\/wp-content\/uploads\/2023\/06\/05.jpg\" \/>\n\t<meta property=\"og:image:width\" content=\"2000\" \/>\n\t<meta property=\"og:image:height\" content=\"1117\" \/>\n\t<meta property=\"og:image:type\" content=\"image\/jpeg\" \/>\n<meta name=\"twitter:card\" content=\"summary_large_image\" \/>\n<meta name=\"twitter:label1\" content=\"Tiempo de lectura\" \/>\n\t<meta name=\"twitter:data1\" content=\"14 minutos\" \/>\n<script type=\"application\/ld+json\" class=\"yoast-schema-graph\">{\"@context\":\"https:\\\/\\\/schema.org\",\"@graph\":[{\"@type\":\"WebPage\",\"@id\":\"https:\\\/\\\/edengardenequipment.com\\\/orix-case-studies\\\/\",\"url\":\"https:\\\/\\\/edengardenequipment.com\\\/orix-case-studies\\\/\",\"name\":\"Orix Case Studies - Eden Garden Equipment\",\"isPartOf\":{\"@id\":\"https:\\\/\\\/edengardenequipment.com\\\/#website\"},\"datePublished\":\"2021-09-11T11:41:59+00:00\",\"dateModified\":\"2022-06-07T23:12:00+00:00\",\"breadcrumb\":{\"@id\":\"https:\\\/\\\/edengardenequipment.com\\\/orix-case-studies\\\/#breadcrumb\"},\"inLanguage\":\"es\",\"potentialAction\":[{\"@type\":\"ReadAction\",\"target\":[\"https:\\\/\\\/edengardenequipment.com\\\/orix-case-studies\\\/\"]}]},{\"@type\":\"BreadcrumbList\",\"@id\":\"https:\\\/\\\/edengardenequipment.com\\\/orix-case-studies\\\/#breadcrumb\",\"itemListElement\":[{\"@type\":\"ListItem\",\"position\":1,\"name\":\"Home\",\"item\":\"https:\\\/\\\/edengardenequipment.com\\\/\"},{\"@type\":\"ListItem\",\"position\":2,\"name\":\"Orix Case Studies\"}]},{\"@type\":\"WebSite\",\"@id\":\"https:\\\/\\\/edengardenequipment.com\\\/#website\",\"url\":\"https:\\\/\\\/edengardenequipment.com\\\/\",\"name\":\"Eden Garden Equipment\",\"description\":\"Best Gardening Tools for Sale\",\"publisher\":{\"@id\":\"https:\\\/\\\/edengardenequipment.com\\\/#organization\"},\"potentialAction\":[{\"@type\":\"SearchAction\",\"target\":{\"@type\":\"EntryPoint\",\"urlTemplate\":\"https:\\\/\\\/edengardenequipment.com\\\/?s={search_term_string}\"},\"query-input\":{\"@type\":\"PropertyValueSpecification\",\"valueRequired\":true,\"valueName\":\"search_term_string\"}}],\"inLanguage\":\"es\"},{\"@type\":\"Organization\",\"@id\":\"https:\\\/\\\/edengardenequipment.com\\\/#organization\",\"name\":\"Eden Garden Equipment\",\"url\":\"https:\\\/\\\/edengardenequipment.com\\\/\",\"logo\":{\"@type\":\"ImageObject\",\"inLanguage\":\"es\",\"@id\":\"https:\\\/\\\/edengardenequipment.com\\\/#\\\/schema\\\/logo\\\/image\\\/\",\"url\":\"https:\\\/\\\/edengardenequipment.com\\\/wp-content\\\/uploads\\\/2023\\\/06\\\/cropped-Asset-1@2xnew2.png\",\"contentUrl\":\"https:\\\/\\\/edengardenequipment.com\\\/wp-content\\\/uploads\\\/2023\\\/06\\\/cropped-Asset-1@2xnew2.png\",\"width\":512,\"height\":512,\"caption\":\"Eden Garden Equipment\"},\"image\":{\"@id\":\"https:\\\/\\\/edengardenequipment.com\\\/#\\\/schema\\\/logo\\\/image\\\/\"}}]}<\/script>\n<!-- \/ Yoast SEO plugin. -->","yoast_head_json":{"title":"Orix Case Studies - Eden Garden Equipment","robots":{"index":"index","follow":"follow","max-snippet":"max-snippet:-1","max-image-preview":"max-image-preview:large","max-video-preview":"max-video-preview:-1"},"canonical":"https:\/\/edengardenequipment.com\/es\/orix-case-studies\/","og_locale":"es_ES","og_type":"article","og_title":"Orix Case Studies - Eden Garden Equipment","og_url":"https:\/\/edengardenequipment.com\/es\/orix-case-studies\/","og_site_name":"Eden Garden Equipment","article_modified_time":"2022-06-07T23:12:00+00:00","og_image":[{"width":2000,"height":1117,"url":"https:\/\/edengardenequipment.com\/wp-content\/uploads\/2023\/06\/05.jpg","type":"image\/jpeg"}],"twitter_card":"summary_large_image","twitter_misc":{"Tiempo de lectura":"14 minutos"},"schema":{"@context":"https:\/\/schema.org","@graph":[{"@type":"WebPage","@id":"https:\/\/edengardenequipment.com\/orix-case-studies\/","url":"https:\/\/edengardenequipment.com\/orix-case-studies\/","name":"Orix Case Studies - Eden Garden Equipment","isPartOf":{"@id":"https:\/\/edengardenequipment.com\/#website"},"datePublished":"2021-09-11T11:41:59+00:00","dateModified":"2022-06-07T23:12:00+00:00","breadcrumb":{"@id":"https:\/\/edengardenequipment.com\/orix-case-studies\/#breadcrumb"},"inLanguage":"es","potentialAction":[{"@type":"ReadAction","target":["https:\/\/edengardenequipment.com\/orix-case-studies\/"]}]},{"@type":"BreadcrumbList","@id":"https:\/\/edengardenequipment.com\/orix-case-studies\/#breadcrumb","itemListElement":[{"@type":"ListItem","position":1,"name":"Home","item":"https:\/\/edengardenequipment.com\/"},{"@type":"ListItem","position":2,"name":"Orix Case Studies"}]},{"@type":"WebSite","@id":"https:\/\/edengardenequipment.com\/#website","url":"https:\/\/edengardenequipment.com\/","name":"Eden Garden Equipment","description":"Best Gardening Tools for Sale","publisher":{"@id":"https:\/\/edengardenequipment.com\/#organization"},"potentialAction":[{"@type":"SearchAction","target":{"@type":"EntryPoint","urlTemplate":"https:\/\/edengardenequipment.com\/?s={search_term_string}"},"query-input":{"@type":"PropertyValueSpecification","valueRequired":true,"valueName":"search_term_string"}}],"inLanguage":"es"},{"@type":"Organization","@id":"https:\/\/edengardenequipment.com\/#organization","name":"Eden Garden Equipment","url":"https:\/\/edengardenequipment.com\/","logo":{"@type":"ImageObject","inLanguage":"es","@id":"https:\/\/edengardenequipment.com\/#\/schema\/logo\/image\/","url":"https:\/\/edengardenequipment.com\/wp-content\/uploads\/2023\/06\/cropped-Asset-1@2xnew2.png","contentUrl":"https:\/\/edengardenequipment.com\/wp-content\/uploads\/2023\/06\/cropped-Asset-1@2xnew2.png","width":512,"height":512,"caption":"Eden Garden Equipment"},"image":{"@id":"https:\/\/edengardenequipment.com\/#\/schema\/logo\/image\/"}}]}},"_links":{"self":[{"href":"https:\/\/edengardenequipment.com\/es\/wp-json\/wp\/v2\/pages\/7605","targetHints":{"allow":["GET"]}}],"collection":[{"href":"https:\/\/edengardenequipment.com\/es\/wp-json\/wp\/v2\/pages"}],"about":[{"href":"https:\/\/edengardenequipment.com\/es\/wp-json\/wp\/v2\/types\/page"}],"author":[{"embeddable":true,"href":"https:\/\/edengardenequipment.com\/es\/wp-json\/wp\/v2\/users\/1"}],"replies":[{"embeddable":true,"href":"https:\/\/edengardenequipment.com\/es\/wp-json\/wp\/v2\/comments?post=7605"}],"version-history":[{"count":4,"href":"https:\/\/edengardenequipment.com\/es\/wp-json\/wp\/v2\/pages\/7605\/revisions"}],"predecessor-version":[{"id":7881,"href":"https:\/\/edengardenequipment.com\/es\/wp-json\/wp\/v2\/pages\/7605\/revisions\/7881"}],"wp:attachment":[{"href":"https:\/\/edengardenequipment.com\/es\/wp-json\/wp\/v2\/media?parent=7605"}],"curies":[{"name":"wp","href":"https:\/\/api.w.org\/{rel}","templated":true}]}}