{"id":8014,"date":"2023-05-20T17:05:17","date_gmt":"2023-05-20T16:05:17","guid":{"rendered":"http:\/\/kids.cfweb.co.uk\/?page_id=8014"},"modified":"2023-05-24T15:04:27","modified_gmt":"2023-05-24T14:04:27","slug":"why-enlighten-kids","status":"publish","type":"page","link":"https:\/\/edengardenequipment.com\/es\/why-enlighten-kids\/","title":{"rendered":"\u00bfPor qu\u00e9 educar a los ni\u00f1os?"},"content":{"rendered":"<p><style>@media (min-width: 1200px) { .liquid-row-responsive-69f4edc97cfac {margin-top:220px !important;  }  }   <\/style><section id=\"mobile-first\" data-custom-animations=\"true\" data-ca-options='{\"triggerHandler\":\"inview\",\"animationTarget\":\".wpb_column\",\"duration\":\"1800\",\"delay\":\"180\",\"easing\":\"easeOutQuint\",\"direction\":\"forward\",\"initValues\":{\"translateY\":35,\"opacity\":0},\"animations\":{\"translateY\":0,\"opacity\":1}}' class=\"vc_row wpb_row vc_row-fluid vc_custom_1684598797329 row-contains-padding-top row-contains-padding-bottom liquid-row-responsive-69f4edc97cfac liquid-row-shadowbox-69f4edc97cff0 vc_row-o-equal-height vc_row-flex\"><div class=\"ld-container container\"><div class=\"row ld-row\"><div class=\"wpb_column vc_column_container vc_col-sm-12 vc_col-md-offset-2 vc_col-md-8 text-center liquid-column-69f4edc97d378\"><div class=\"vc_column-inner\"><div class=\"wpb_wrapper vc_custom_1605776946183\"   ><div class=\"wpb_wrapper-inner\"><style>.ld_fancy_heading_69f4edc97d50a h6{font-size:10px;line-height:1.5em;letter-spacing:0.1em;background:rgb(237, 245, 255);}.ld_fancy_heading_69f4edc97d50a h6 {padding-top:4px !important; padding-right:12px !important; padding-bottom:4px !important; padding-left:12px !important;  } .ld_fancy_heading_69f4edc97d50a .lqd-highlight-inner{height:0.275em;bottom:0px;}.ld_fancy_heading_69f4edc97d50a h6 {padding-top:4px !important; padding-right:12px !important; padding-bottom:4px !important; padding-left:12px !important;  } <\/style><div class=\"ld-fancy-heading ld-fh-has-fill text-uppercase ld_fancy_heading_69f4edc97d50a\">\n\t<h6 class=\"circle lqd-highlight-underline lqd-highlight-grow-left\" ><span class=\"ld-fh-txt\"> Club infantil Enlighten<\/span><\/h6><\/div><style>.ld_fancy_heading_69f4edc97d7ca h2{font-size:42px;}.ld_fancy_heading_69f4edc97d7ca h2 {margin-bottom:0.25em !important;  } .ld_fancy_heading_69f4edc97d7ca .lqd-highlight-inner{height:0.275em;bottom:0.15em;background:rgb(173, 255, 248);}.ld_fancy_heading_69f4edc97d7ca h2 {margin-bottom:0.25em !important;  } <\/style><div class=\"ld-fancy-heading ld_fancy_heading_69f4edc97d7ca\">\n\t<h2 class=\"lqd-highlight-underline lqd-highlight-grow-left\" data-fittext=\"true\" data-fittext-options='{\"compressor\":1,\"maxFontSize\":\"currentFontSize\",\"minFontSize\":\"42\"}' data-inview=\"true\" data-transition-delay=\"true\" data-delay-options='{\"elements\":\".lqd-highlight-inner\",\"delayType\":\"transition\"}'><span class=\"ld-fh-txt\"> Por qu\u00e9 <mark class=\"lqd-highlight\"><span class=\"lqd-highlight-txt\">Iluminar a los ni\u00f1os<\/span><span class=\"lqd-highlight-inner\"><\/span><\/mark><\/span><\/h2><\/div><style>.ld_spacer_69f4edc97dc6f{height:15px;}<\/style>\n<div class=\"ld-empty-space ld_spacer_69f4edc97dc6f\"><span class=\"liquid_empty_space_inner\"><\/span><\/div><style>.ld_fancy_heading_69f4edc97dd8c p{font-size:18px;line-height:1.39em;color:rgb(0, 42, 64);}.ld_fancy_heading_69f4edc97dd8c .lqd-highlight-inner{height:0.275em;bottom:0px;}<\/style><div class=\"ld-fancy-heading ld_fancy_heading_69f4edc97dd8c\">\n\t<p class=\"lqd-highlight-underline lqd-highlight-grow-left\" ><span class=\"ld-fh-txt\"> Reconocemos que puede ser dif\u00edcil encontrar una guarder\u00eda de calidad para su hijo, por lo que Enlighten Kids se enorgullece de brindar el mejor servicio posible a ni\u00f1os y padres\/cuidadores. Nuestro personal est\u00e1 altamente calificado, tiene experiencia y est\u00e1 motivado para brindar una atenci\u00f3n excelente donde los ni\u00f1os pueden lograr un progreso excepcional en todas las \u00e1reas de aprendizaje.<\/span><\/p><\/div><\/div><\/div><\/div><\/div><\/div><\/div><\/section><style>@media (min-width: 992px) { .liquid-row-responsive-69f4edc97e1cb {padding-top:200px !important; padding-bottom:150px !important;  }  } @media (min-width: 1200px) { .liquid-row-responsive-69f4edc97e1cb {margin-bottom:65px !important;  }  }   <\/style><section data-parallax=\"true\" data-parallax-options='{\"parallaxBG\":true}' data-bg-image=\"url\" class=\"vc_row wpb_row vc_row-fluid vc_custom_1684937301758 row-contains-padding-top row-contains-padding-bottom liquid-row-responsive-69f4edc97e1cb liquid-row-shadowbox-69f4edc97e1e3 vc_row-has-fill vc_row-has-bg\"><div class=\"ld-container container\"><div class=\"row ld-row\"><div class=\"wpb_column vc_column_container vc_col-sm-12 vc_col-lg-offset-2 vc_col-lg-8 vc_col-md-offset-1 vc_col-md-10 text-center liquid-column-69f4edc97e3ce\"><div class=\"vc_column-inner\"><div class=\"wpb_wrapper\"  data-custom-animations=\"true\" data-ca-options='{\"triggerHandler\":\"inview\",\"animationTarget\":\"all-childs\",\"duration\":\"1200\",\"delay\":\"120\",\"easing\":\"easeOutQuint\",\"direction\":\"forward\",\"initValues\":{\"translateY\":65,\"translateZ\":-131,\"rotateX\":-90,\"opacity\":0},\"animations\":{\"translateY\":0,\"translateZ\":0,\"rotateX\":0,\"opacity\":1}}' ><div class=\"wpb_wrapper-inner\"><style>.ld_fancy_heading_69f4edc97e52a h2{font-size:24px;line-height:1.85em;color:rgb(255, 255, 255);}.ld_fancy_heading_69f4edc97e52a .lqd-highlight-inner{height:0.275em;bottom:0px;}<\/style><div class=\"ld-fancy-heading ld_fancy_heading_69f4edc97e52a\">\n\t<h2 class=\"lqd-highlight-underline lqd-highlight-grow-left\" data-split-text=\"true\" data-custom-animations=\"true\" data-ca-options='{\"triggerHandler\":\"inview\",\"animationTarget\":\".lqd-lines .split-inner\",\"duration\":700,\"delay\":100,\"easing\":\"easeOutQuint\",\"direction\":\"forward\",\"initValues\":{\"scale\":1},\"animations\":{\"scale\":1}}' data-split-options='{\"type\":\"lines\"}'><span class=\"ld-fh-txt\"> Enlighten Kids brinda cuidado durante las vacaciones escolares y estamos abiertos durante un d\u00eda laboral est\u00e1ndar para satisfacer las necesidades de los padres que trabajan.<\/span><\/h2><\/div><style>.ld_spacer_69f4edc97e638{height:25px;}<\/style>\n<div class=\"ld-empty-space ld_spacer_69f4edc97e638\"><span class=\"liquid_empty_space_inner\"><\/span><\/div><style>.ld_button_69f4edc97e745.btn-icon-solid .btn-icon{background:rgb(232, 13, 138);}.ld_button_69f4edc97e745.btn-icon-circle.btn-icon-ripple .btn-icon:before{border-color:rgb(232, 13, 138);}.ld_button_69f4edc97e745 .btn-icon{color:rgb(255, 255, 255);margin-left:23px !important;}.ld_button_69f4edc97e745:hover .btn-icon{color:rgb(255, 255, 255);}.ld_button_69f4edc97e745{color:rgb(255, 255, 255);border-color:rgb(232, 13, 138);font-size:20px !important;letter-spacing:0.1em !important;}.ld_button_69f4edc97e745:hover{background-color:rgb(232, 13, 138);}<\/style><a href=\"\/es\/contact-us\/\" class=\"btn btn-default text-uppercase btn-xsm btn-bordered border-thick ld_button_69f4edc97e745 vc_custom_1684599232486\">\n\t<span>\n\t\t\n\t\t\t\t\t<span class=\"btn-txt\">Ponte en contacto con nosotros<\/span>\n\t\t\t\n\t<span class=\"btn-icon\"><i class=\"icon-arrow-right-material\"><\/i><\/span>\t\t\t<\/span>\n<\/a>\n<\/div><\/div><\/div><\/div><\/div><\/div><\/section><section class=\"vc_row wpb_row vc_row-fluid liquid-row-shadowbox-69f4edc97ee72\"><div class=\"ld-container container\"><div class=\"row ld-row\"><div class=\"wpb_column vc_column_container vc_col-sm-12 vc_col-md-offset-1 vc_col-md-10 liquid-column-69f4edc97f02f\"><div class=\"vc_column-inner\"><div class=\"wpb_wrapper\"   ><div class=\"wpb_wrapper-inner\"><div class=\"vc_row wpb_row vc_inner vc_row-fluid liquid-row-shadowbox-69f4edc97f218\"><div class=\"wpb_column vc_column_container vc_col-sm-12 liquid-column-69f4edc97f459\"><div class=\"vc_column-inner\"><div class=\"wpb_wrapper\"  ><div class=\"wpb_wrapper-inner\"><style>.ld_fancy_heading_69f4edc97f5aa p{font-size:18px;line-height:1.85em;color:rgb(0, 42, 64);}.ld_fancy_heading_69f4edc97f5aa .lqd-highlight-inner{height:0.275em;bottom:0px;}<\/style><div class=\"ld-fancy-heading text-center ld_fancy_heading_69f4edc97f5aa\">\n\t<p class=\"lqd-highlight-underline lqd-highlight-grow-left\" ><span class=\"ld-fh-txt\"> Como proveedor de cuidado infantil de calidad, ayudamos a los padres a encontrar el equilibrio perfecto entre su trabajo y su familia. Como padre\/cuidador, es natural que desee el mejor cuidado infantil para su hijo y buscar\u00e1 un proveedor que satisfaga sus necesidades y expectativas. Enlighten Kids se ha dise\u00f1ado con esto en mente, combinando todos los ingredientes esenciales para crear el mejor entorno de cuidado posible para su hijo. Si bien hemos intentado brindarle la informaci\u00f3n b\u00e1sica sobre nuestro servicio, en Enlighten Kids creemos que la \u00fanica manera de que comprenda completamente nuestra prestaci\u00f3n y nuestra filosof\u00eda es vi\u00e9ndolo usted mismo. No dude en llamarnos o enviarnos un correo electr\u00f3nico en cualquier momento para comprobar que somos la mejor opci\u00f3n para usted y su hijo.<\/span><\/p><\/div><\/div><\/div><\/div><\/div><\/div><\/div><\/div><\/div><\/div><\/div><\/div><\/section>","protected":false},"excerpt":{"rendered":"Enlighten Kids Club Why Enlighten Kids We recognise that it can be difficult to find...","protected":false},"author":1,"featured_media":0,"parent":0,"menu_order":0,"comment_status":"closed","ping_status":"closed","template":"","meta":{"footnotes":""},"class_list":["post-8014","page","type-page","status-publish","hentry"],"yoast_head":"<!-- This site is optimized with the Yoast SEO plugin v27.5 - https:\/\/yoast.com\/product\/yoast-seo-wordpress\/ -->\n<title>Why Enlighten Kids - Eden Garden Equipment<\/title>\n<meta name=\"robots\" content=\"index, follow, max-snippet:-1, max-image-preview:large, max-video-preview:-1\" \/>\n<link rel=\"canonical\" href=\"https:\/\/edengardenequipment.com\/es\/why-enlighten-kids\/\" \/>\n<meta property=\"og:locale\" content=\"es_ES\" \/>\n<meta property=\"og:type\" content=\"article\" \/>\n<meta property=\"og:title\" content=\"Why Enlighten Kids - Eden Garden Equipment\" \/>\n<meta property=\"og:url\" content=\"https:\/\/edengardenequipment.com\/es\/why-enlighten-kids\/\" \/>\n<meta property=\"og:site_name\" content=\"Eden Garden Equipment\" \/>\n<meta property=\"article:modified_time\" content=\"2023-05-24T14:04:27+00:00\" \/>\n<meta property=\"og:image\" content=\"https:\/\/edengardenequipment.com\/wp-content\/uploads\/2023\/06\/05.jpg\" \/>\n\t<meta property=\"og:image:width\" content=\"2000\" \/>\n\t<meta property=\"og:image:height\" content=\"1117\" \/>\n\t<meta property=\"og:image:type\" content=\"image\/jpeg\" \/>\n<meta name=\"twitter:card\" content=\"summary_large_image\" \/>\n<meta name=\"twitter:label1\" content=\"Tiempo de lectura\" \/>\n\t<meta name=\"twitter:data1\" content=\"4 minutos\" \/>\n<script type=\"application\/ld+json\" class=\"yoast-schema-graph\">{\"@context\":\"https:\\\/\\\/schema.org\",\"@graph\":[{\"@type\":\"WebPage\",\"@id\":\"https:\\\/\\\/edengardenequipment.com\\\/why-enlighten-kids\\\/\",\"url\":\"https:\\\/\\\/edengardenequipment.com\\\/why-enlighten-kids\\\/\",\"name\":\"Why Enlighten Kids - Eden Garden Equipment\",\"isPartOf\":{\"@id\":\"https:\\\/\\\/edengardenequipment.com\\\/#website\"},\"datePublished\":\"2023-05-20T16:05:17+00:00\",\"dateModified\":\"2023-05-24T14:04:27+00:00\",\"breadcrumb\":{\"@id\":\"https:\\\/\\\/edengardenequipment.com\\\/why-enlighten-kids\\\/#breadcrumb\"},\"inLanguage\":\"es\",\"potentialAction\":[{\"@type\":\"ReadAction\",\"target\":[\"https:\\\/\\\/edengardenequipment.com\\\/why-enlighten-kids\\\/\"]}]},{\"@type\":\"BreadcrumbList\",\"@id\":\"https:\\\/\\\/edengardenequipment.com\\\/why-enlighten-kids\\\/#breadcrumb\",\"itemListElement\":[{\"@type\":\"ListItem\",\"position\":1,\"name\":\"Home\",\"item\":\"https:\\\/\\\/edengardenequipment.com\\\/\"},{\"@type\":\"ListItem\",\"position\":2,\"name\":\"Why Enlighten Kids\"}]},{\"@type\":\"WebSite\",\"@id\":\"https:\\\/\\\/edengardenequipment.com\\\/#website\",\"url\":\"https:\\\/\\\/edengardenequipment.com\\\/\",\"name\":\"Eden Garden Equipment\",\"description\":\"Best Gardening Tools for Sale\",\"publisher\":{\"@id\":\"https:\\\/\\\/edengardenequipment.com\\\/#organization\"},\"potentialAction\":[{\"@type\":\"SearchAction\",\"target\":{\"@type\":\"EntryPoint\",\"urlTemplate\":\"https:\\\/\\\/edengardenequipment.com\\\/?s={search_term_string}\"},\"query-input\":{\"@type\":\"PropertyValueSpecification\",\"valueRequired\":true,\"valueName\":\"search_term_string\"}}],\"inLanguage\":\"es\"},{\"@type\":\"Organization\",\"@id\":\"https:\\\/\\\/edengardenequipment.com\\\/#organization\",\"name\":\"Eden Garden Equipment\",\"url\":\"https:\\\/\\\/edengardenequipment.com\\\/\",\"logo\":{\"@type\":\"ImageObject\",\"inLanguage\":\"es\",\"@id\":\"https:\\\/\\\/edengardenequipment.com\\\/#\\\/schema\\\/logo\\\/image\\\/\",\"url\":\"https:\\\/\\\/edengardenequipment.com\\\/wp-content\\\/uploads\\\/2023\\\/06\\\/cropped-Asset-1@2xnew2.png\",\"contentUrl\":\"https:\\\/\\\/edengardenequipment.com\\\/wp-content\\\/uploads\\\/2023\\\/06\\\/cropped-Asset-1@2xnew2.png\",\"width\":512,\"height\":512,\"caption\":\"Eden Garden Equipment\"},\"image\":{\"@id\":\"https:\\\/\\\/edengardenequipment.com\\\/#\\\/schema\\\/logo\\\/image\\\/\"}}]}<\/script>\n<!-- \/ Yoast SEO plugin. -->","yoast_head_json":{"title":"Why Enlighten Kids - Eden Garden Equipment","robots":{"index":"index","follow":"follow","max-snippet":"max-snippet:-1","max-image-preview":"max-image-preview:large","max-video-preview":"max-video-preview:-1"},"canonical":"https:\/\/edengardenequipment.com\/es\/why-enlighten-kids\/","og_locale":"es_ES","og_type":"article","og_title":"Why Enlighten Kids - Eden Garden Equipment","og_url":"https:\/\/edengardenequipment.com\/es\/why-enlighten-kids\/","og_site_name":"Eden Garden Equipment","article_modified_time":"2023-05-24T14:04:27+00:00","og_image":[{"width":2000,"height":1117,"url":"https:\/\/edengardenequipment.com\/wp-content\/uploads\/2023\/06\/05.jpg","type":"image\/jpeg"}],"twitter_card":"summary_large_image","twitter_misc":{"Tiempo de lectura":"4 minutos"},"schema":{"@context":"https:\/\/schema.org","@graph":[{"@type":"WebPage","@id":"https:\/\/edengardenequipment.com\/why-enlighten-kids\/","url":"https:\/\/edengardenequipment.com\/why-enlighten-kids\/","name":"Why Enlighten Kids - Eden Garden Equipment","isPartOf":{"@id":"https:\/\/edengardenequipment.com\/#website"},"datePublished":"2023-05-20T16:05:17+00:00","dateModified":"2023-05-24T14:04:27+00:00","breadcrumb":{"@id":"https:\/\/edengardenequipment.com\/why-enlighten-kids\/#breadcrumb"},"inLanguage":"es","potentialAction":[{"@type":"ReadAction","target":["https:\/\/edengardenequipment.com\/why-enlighten-kids\/"]}]},{"@type":"BreadcrumbList","@id":"https:\/\/edengardenequipment.com\/why-enlighten-kids\/#breadcrumb","itemListElement":[{"@type":"ListItem","position":1,"name":"Home","item":"https:\/\/edengardenequipment.com\/"},{"@type":"ListItem","position":2,"name":"Why Enlighten Kids"}]},{"@type":"WebSite","@id":"https:\/\/edengardenequipment.com\/#website","url":"https:\/\/edengardenequipment.com\/","name":"Eden Garden Equipment","description":"Best Gardening Tools for Sale","publisher":{"@id":"https:\/\/edengardenequipment.com\/#organization"},"potentialAction":[{"@type":"SearchAction","target":{"@type":"EntryPoint","urlTemplate":"https:\/\/edengardenequipment.com\/?s={search_term_string}"},"query-input":{"@type":"PropertyValueSpecification","valueRequired":true,"valueName":"search_term_string"}}],"inLanguage":"es"},{"@type":"Organization","@id":"https:\/\/edengardenequipment.com\/#organization","name":"Eden Garden Equipment","url":"https:\/\/edengardenequipment.com\/","logo":{"@type":"ImageObject","inLanguage":"es","@id":"https:\/\/edengardenequipment.com\/#\/schema\/logo\/image\/","url":"https:\/\/edengardenequipment.com\/wp-content\/uploads\/2023\/06\/cropped-Asset-1@2xnew2.png","contentUrl":"https:\/\/edengardenequipment.com\/wp-content\/uploads\/2023\/06\/cropped-Asset-1@2xnew2.png","width":512,"height":512,"caption":"Eden Garden Equipment"},"image":{"@id":"https:\/\/edengardenequipment.com\/#\/schema\/logo\/image\/"}}]}},"_links":{"self":[{"href":"https:\/\/edengardenequipment.com\/es\/wp-json\/wp\/v2\/pages\/8014","targetHints":{"allow":["GET"]}}],"collection":[{"href":"https:\/\/edengardenequipment.com\/es\/wp-json\/wp\/v2\/pages"}],"about":[{"href":"https:\/\/edengardenequipment.com\/es\/wp-json\/wp\/v2\/types\/page"}],"author":[{"embeddable":true,"href":"https:\/\/edengardenequipment.com\/es\/wp-json\/wp\/v2\/users\/1"}],"replies":[{"embeddable":true,"href":"https:\/\/edengardenequipment.com\/es\/wp-json\/wp\/v2\/comments?post=8014"}],"version-history":[{"count":10,"href":"https:\/\/edengardenequipment.com\/es\/wp-json\/wp\/v2\/pages\/8014\/revisions"}],"predecessor-version":[{"id":8059,"href":"https:\/\/edengardenequipment.com\/es\/wp-json\/wp\/v2\/pages\/8014\/revisions\/8059"}],"wp:attachment":[{"href":"https:\/\/edengardenequipment.com\/es\/wp-json\/wp\/v2\/media?parent=8014"}],"curies":[{"name":"wp","href":"https:\/\/api.w.org\/{rel}","templated":true}]}}