{"id":8049,"date":"2023-05-20T18:18:18","date_gmt":"2023-05-20T17:18:18","guid":{"rendered":"http:\/\/kids.cfweb.co.uk\/?page_id=8049"},"modified":"2023-06-22T18:52:01","modified_gmt":"2023-06-22T17:52:01","slug":"cookie-policy","status":"publish","type":"page","link":"https:\/\/edengardenequipment.com\/es\/cookie-policy\/","title":{"rendered":"Pol\u00edtica de cookies"},"content":{"rendered":"<style>@media (min-width: 1200px) { .liquid-row-responsive-69f19a4da9076 {padding-top:35px !important;  }  }   <\/style><section class=\"vc_row wpb_row vc_row-fluid liquid-row-responsive-69f19a4da9076 liquid-row-shadowbox-69f19a4da90a2\"><div class=\"ld-container container\"><div class=\"row ld-row\"><div class=\"wpb_column vc_column_container vc_col-sm-12 liquid-column-69f19a4da93cf\"><div class=\"vc_column-inner\"><div class=\"wpb_wrapper\"   ><div class=\"wpb_wrapper-inner\">\n\t<div class=\"wpb_text_column wpb_content_element\" >\n\t\t<div class=\"wpb_wrapper\">\n\t\t\t<p>Esta Pol\u00edtica de Cookies explica qu\u00e9 son las Cookies y c\u00f3mo las utilizamos. Debe leer esta pol\u00edtica para poder comprender qu\u00e9 tipo de cookies utilizamos, o la informaci\u00f3n que recopilamos mediante Cookies y c\u00f3mo se utiliza esa informaci\u00f3n. Esta Pol\u00edtica de Cookies fue generada por <a href=\"https:\/\/www.termsfeed.com\/cookies-policy-generator\/\">Generador de Pol\u00edticas de Cookies de TermsFeed<\/a>.<\/p>\n<p>Las cookies no suelen contener informaci\u00f3n que identifique personalmente a un usuario, pero la informaci\u00f3n personal que almacenamos sobre usted puede estar vinculada a la informaci\u00f3n almacenada y obtenida a trav\u00e9s de las cookies. Para obtener m\u00e1s informaci\u00f3n sobre c\u00f3mo usamos, almacenamos y mantenemos seguros sus datos personales, consulte nuestra Pol\u00edtica de privacidad.<\/p>\n<p>No almacenamos informaci\u00f3n personal confidencial, como direcciones de correo, contrase\u00f1as de cuentas, etc. en las Cookies que utilizamos.<\/p>\n<p>&nbsp;<\/p>\n<h2>Interpretaci\u00f3n y definiciones<\/h2>\n<h3>Interpretaci\u00f3n<\/h3>\n<p>Las palabras cuya letra inicial est\u00e1 en may\u00fascula tienen significados definidos en las siguientes condiciones. Las siguientes definiciones tendr\u00e1n el mismo significado independientemente de que aparezcan en singular o en plural.<\/p>\n<h3>Definiciones<\/h3>\n<p>A los efectos de la presente Pol\u00edtica de Cookies:<\/p>\n<ul>\n<li>\u201cCompa\u00f1\u00eda\u201d (a la que en esta Pol\u00edtica de Cookies se hace referencia como \u201cla Compa\u00f1\u00eda\u201d, \u201cNosotros\u201d, \u201cNos\u201d o \u201cNuestro\u201d) se refiere a [INFORMACI\u00d3N DE LA COMPA\u00d1\u00cdA].<\/li>\n<li>\u201cCookies\u201d significa peque\u00f1os archivos que un sitio web coloca en su computadora, dispositivo m\u00f3vil o cualquier otro dispositivo, que contienen detalles de su historial de navegaci\u00f3n en ese sitio web, entre sus muchos usos.<\/li>\n<li>\u201cSitio web\u201d se refiere a [NOMBRE DEL SITIO WEB], accesible desde [URL DEL SITIO WEB]<\/li>\n<li>\u201cUsted\u201d significa la persona que accede o utiliza el Sitio web, o una empresa o cualquier entidad legal en nombre de la cual dicha persona accede o utiliza el Sitio web, seg\u00fan corresponda.<\/li>\n<\/ul>\n<h2>El uso de las Cookies<\/h2>\n<h3>Tipos de cookies que utilizamos<\/h3>\n<p>Las cookies pueden ser \u201cpersistentes\u201d o \u201cde sesi\u00f3n\u201d. Las cookies persistentes permanecen en su computadora personal o dispositivo m\u00f3vil cuando se desconecta, mientras que las cookies de sesi\u00f3n se eliminan tan pronto como cierra su navegador web.<\/p>\n<p>Utilizamos cookies tanto de sesi\u00f3n como persistentes para los fines que se detallan a continuaci\u00f3n:<\/p>\n<ul>\n<li><strong>Cookies necesarias\/esenciales<\/strong>Tipo: Cookies de sesi\u00f3nAdministradas por: NosotrosProp\u00f3sito: Estas cookies son esenciales para brindarle los servicios disponibles a trav\u00e9s del sitio web y permitirle utilizar algunas de sus funciones. Ayudan a autenticar a los usuarios y a evitar el uso fraudulento de las cuentas de usuario. Sin estas cookies, no se pueden proporcionar los servicios que ha solicitado, y solo utilizamos estas cookies para brindarle dichos servicios.<\/li>\n<\/ul>\n<p>&nbsp;<\/p>\n<ul>\n<li><strong>Pol\u00edtica de Cookies \/ Aviso de Aceptaci\u00f3n de Cookies<\/strong>Tipo: Cookies persistentesAdministradas por: NosotrosProp\u00f3sito: Estas Cookies identifican si los usuarios han aceptado el uso de cookies en el Sitio Web.<\/li>\n<\/ul>\n<p>&nbsp;<\/p>\n<ul>\n<li><strong>Cookies de funcionalidad<\/strong>Tipo: Cookies persistentesAdministradas por: NosotrosProp\u00f3sito: Estas cookies nos permiten recordar las opciones que usted elige cuando utiliza el sitio web, como recordar sus datos de inicio de sesi\u00f3n o preferencia de idioma. El prop\u00f3sito de estas cookies es brindarle una experiencia m\u00e1s personal y evitar que tenga que volver a ingresar sus preferencias cada vez que utiliza el sitio web.<\/li>\n<\/ul>\n<p>&nbsp;<\/p>\n<ul>\n<li><strong>Cookies de seguimiento y rendimiento<\/strong>Tipo: Cookies persistentesAdministradas por: TercerosProp\u00f3sito: Estas cookies se utilizan para rastrear informaci\u00f3n sobre el tr\u00e1fico del sitio web y c\u00f3mo los usuarios lo utilizan. La informaci\u00f3n recopilada a trav\u00e9s de estas cookies puede identificarlo directa o indirectamente como visitante individual. Esto se debe a que la informaci\u00f3n recopilada generalmente est\u00e1 vinculada a un identificador seud\u00f3nimo asociado con el dispositivo que utiliza para acceder al sitio web. Tambi\u00e9n podemos utilizar estas cookies para probar nuevos anuncios, p\u00e1ginas, caracter\u00edsticas o nuevas funcionalidades del sitio web para ver c\u00f3mo reaccionan nuestros usuarios a ellos.<\/li>\n<\/ul>\n<p>&nbsp;<\/p>\n<h2>Sus opciones con respecto a las cookies<\/h2>\n<p>Si prefieres evitar el uso de Cookies en el Sitio Web, en primer lugar deber\u00e1s desactivar el uso de Cookies en tu navegador y, a continuaci\u00f3n, eliminar las Cookies guardadas en tu navegador asociadas a este sitio web. Puedes utilizar esta opci\u00f3n para evitar el uso de Cookies en cualquier momento.<\/p>\n<p>Si no acepta nuestras cookies, puede experimentar algunos inconvenientes en el uso del sitio web y algunas funciones pueden no funcionar correctamente.<\/p>\n<p>Si desea eliminar las cookies o indicarle a su navegador web que elimine o rechace las cookies, visite las p\u00e1ginas de ayuda de su navegador web.<\/p>\n<p>Para el navegador web Chrome, visite esta p\u00e1gina de Google: <a href=\"https:\/\/support.google.com\/accounts\/answer\/32050\">https:\/\/support.google.com\/accounts\/answer\/32050<\/a><\/p>\n<p>Para el navegador web Internet Explorer, visite esta p\u00e1gina de Microsoft: <a href=\"http:\/\/support.microsoft.com\/kb\/278835\">http:\/\/support.microsoft.com\/kb\/278835<\/a><\/p>\n<p>Para el navegador web Firefox, visite esta p\u00e1gina de Mozilla: <a href=\"https:\/\/support.mozilla.org\/en-US\/kb\/delete-cookies-remove-info-websites-stored\">https:\/\/support.mozilla.org\/en-US\/kb\/delete-cookies-remove-info-websites-stored<\/a><\/p>\n<p>Para el navegador web Safari, visite esta p\u00e1gina de Apple: <a href=\"https:\/\/support.apple.com\/guide\/safari\/manage-cookies-and-website-data-sfri11471\/mac\">https:\/\/support.apple.com\/guide\/safari\/manage-cookies-and-website-data-sfri11471\/mac<\/a><\/p>\n\n\t\t<\/div>\n\t<\/div>\n<\/div><\/div><\/div><\/div><\/div><\/div><\/section>","protected":false},"excerpt":{"rendered":"This Cookies Policy explains what Cookies are and how We use them. You should read...","protected":false},"author":1,"featured_media":0,"parent":0,"menu_order":0,"comment_status":"closed","ping_status":"closed","template":"","meta":{"footnotes":""},"class_list":["post-8049","page","type-page","status-publish","hentry"],"yoast_head":"<!-- This site is optimized with the Yoast SEO plugin v27.5 - https:\/\/yoast.com\/product\/yoast-seo-wordpress\/ -->\n<title>Cookie Policy - Eden Garden Equipment<\/title>\n<meta name=\"robots\" content=\"index, follow, max-snippet:-1, max-image-preview:large, max-video-preview:-1\" \/>\n<link rel=\"canonical\" href=\"https:\/\/edengardenequipment.com\/es\/cookie-policy\/\" \/>\n<meta property=\"og:locale\" content=\"es_ES\" \/>\n<meta property=\"og:type\" content=\"article\" \/>\n<meta property=\"og:title\" content=\"Cookie Policy - Eden Garden Equipment\" \/>\n<meta property=\"og:url\" content=\"https:\/\/edengardenequipment.com\/es\/cookie-policy\/\" \/>\n<meta property=\"og:site_name\" content=\"Eden Garden Equipment\" \/>\n<meta property=\"article:modified_time\" content=\"2023-06-22T17:52:01+00:00\" \/>\n<meta property=\"og:image\" content=\"https:\/\/edengardenequipment.com\/wp-content\/uploads\/2023\/06\/05.jpg\" \/>\n\t<meta property=\"og:image:width\" content=\"2000\" \/>\n\t<meta property=\"og:image:height\" content=\"1117\" \/>\n\t<meta property=\"og:image:type\" content=\"image\/jpeg\" \/>\n<meta name=\"twitter:card\" content=\"summary_large_image\" \/>\n<meta name=\"twitter:label1\" content=\"Tiempo de lectura\" \/>\n\t<meta name=\"twitter:data1\" content=\"4 minutos\" \/>\n<script type=\"application\/ld+json\" class=\"yoast-schema-graph\">{\"@context\":\"https:\\\/\\\/schema.org\",\"@graph\":[{\"@type\":\"WebPage\",\"@id\":\"https:\\\/\\\/edengardenequipment.com\\\/cookie-policy\\\/\",\"url\":\"https:\\\/\\\/edengardenequipment.com\\\/cookie-policy\\\/\",\"name\":\"Cookie Policy - Eden Garden Equipment\",\"isPartOf\":{\"@id\":\"https:\\\/\\\/edengardenequipment.com\\\/#website\"},\"datePublished\":\"2023-05-20T17:18:18+00:00\",\"dateModified\":\"2023-06-22T17:52:01+00:00\",\"breadcrumb\":{\"@id\":\"https:\\\/\\\/edengardenequipment.com\\\/cookie-policy\\\/#breadcrumb\"},\"inLanguage\":\"es\",\"potentialAction\":[{\"@type\":\"ReadAction\",\"target\":[\"https:\\\/\\\/edengardenequipment.com\\\/cookie-policy\\\/\"]}]},{\"@type\":\"BreadcrumbList\",\"@id\":\"https:\\\/\\\/edengardenequipment.com\\\/cookie-policy\\\/#breadcrumb\",\"itemListElement\":[{\"@type\":\"ListItem\",\"position\":1,\"name\":\"Home\",\"item\":\"https:\\\/\\\/edengardenequipment.com\\\/\"},{\"@type\":\"ListItem\",\"position\":2,\"name\":\"Cookie Policy\"}]},{\"@type\":\"WebSite\",\"@id\":\"https:\\\/\\\/edengardenequipment.com\\\/#website\",\"url\":\"https:\\\/\\\/edengardenequipment.com\\\/\",\"name\":\"Eden Garden Equipment\",\"description\":\"Best Gardening Tools for Sale\",\"publisher\":{\"@id\":\"https:\\\/\\\/edengardenequipment.com\\\/#organization\"},\"potentialAction\":[{\"@type\":\"SearchAction\",\"target\":{\"@type\":\"EntryPoint\",\"urlTemplate\":\"https:\\\/\\\/edengardenequipment.com\\\/?s={search_term_string}\"},\"query-input\":{\"@type\":\"PropertyValueSpecification\",\"valueRequired\":true,\"valueName\":\"search_term_string\"}}],\"inLanguage\":\"es\"},{\"@type\":\"Organization\",\"@id\":\"https:\\\/\\\/edengardenequipment.com\\\/#organization\",\"name\":\"Eden Garden Equipment\",\"url\":\"https:\\\/\\\/edengardenequipment.com\\\/\",\"logo\":{\"@type\":\"ImageObject\",\"inLanguage\":\"es\",\"@id\":\"https:\\\/\\\/edengardenequipment.com\\\/#\\\/schema\\\/logo\\\/image\\\/\",\"url\":\"https:\\\/\\\/edengardenequipment.com\\\/wp-content\\\/uploads\\\/2023\\\/06\\\/cropped-Asset-1@2xnew2.png\",\"contentUrl\":\"https:\\\/\\\/edengardenequipment.com\\\/wp-content\\\/uploads\\\/2023\\\/06\\\/cropped-Asset-1@2xnew2.png\",\"width\":512,\"height\":512,\"caption\":\"Eden Garden Equipment\"},\"image\":{\"@id\":\"https:\\\/\\\/edengardenequipment.com\\\/#\\\/schema\\\/logo\\\/image\\\/\"}}]}<\/script>\n<!-- \/ Yoast SEO plugin. -->","yoast_head_json":{"title":"Cookie Policy - Eden Garden Equipment","robots":{"index":"index","follow":"follow","max-snippet":"max-snippet:-1","max-image-preview":"max-image-preview:large","max-video-preview":"max-video-preview:-1"},"canonical":"https:\/\/edengardenequipment.com\/es\/cookie-policy\/","og_locale":"es_ES","og_type":"article","og_title":"Cookie Policy - Eden Garden Equipment","og_url":"https:\/\/edengardenequipment.com\/es\/cookie-policy\/","og_site_name":"Eden Garden Equipment","article_modified_time":"2023-06-22T17:52:01+00:00","og_image":[{"width":2000,"height":1117,"url":"https:\/\/edengardenequipment.com\/wp-content\/uploads\/2023\/06\/05.jpg","type":"image\/jpeg"}],"twitter_card":"summary_large_image","twitter_misc":{"Tiempo de lectura":"4 minutos"},"schema":{"@context":"https:\/\/schema.org","@graph":[{"@type":"WebPage","@id":"https:\/\/edengardenequipment.com\/cookie-policy\/","url":"https:\/\/edengardenequipment.com\/cookie-policy\/","name":"Cookie Policy - Eden Garden Equipment","isPartOf":{"@id":"https:\/\/edengardenequipment.com\/#website"},"datePublished":"2023-05-20T17:18:18+00:00","dateModified":"2023-06-22T17:52:01+00:00","breadcrumb":{"@id":"https:\/\/edengardenequipment.com\/cookie-policy\/#breadcrumb"},"inLanguage":"es","potentialAction":[{"@type":"ReadAction","target":["https:\/\/edengardenequipment.com\/cookie-policy\/"]}]},{"@type":"BreadcrumbList","@id":"https:\/\/edengardenequipment.com\/cookie-policy\/#breadcrumb","itemListElement":[{"@type":"ListItem","position":1,"name":"Home","item":"https:\/\/edengardenequipment.com\/"},{"@type":"ListItem","position":2,"name":"Cookie Policy"}]},{"@type":"WebSite","@id":"https:\/\/edengardenequipment.com\/#website","url":"https:\/\/edengardenequipment.com\/","name":"Eden Garden Equipment","description":"Best Gardening Tools for Sale","publisher":{"@id":"https:\/\/edengardenequipment.com\/#organization"},"potentialAction":[{"@type":"SearchAction","target":{"@type":"EntryPoint","urlTemplate":"https:\/\/edengardenequipment.com\/?s={search_term_string}"},"query-input":{"@type":"PropertyValueSpecification","valueRequired":true,"valueName":"search_term_string"}}],"inLanguage":"es"},{"@type":"Organization","@id":"https:\/\/edengardenequipment.com\/#organization","name":"Eden Garden Equipment","url":"https:\/\/edengardenequipment.com\/","logo":{"@type":"ImageObject","inLanguage":"es","@id":"https:\/\/edengardenequipment.com\/#\/schema\/logo\/image\/","url":"https:\/\/edengardenequipment.com\/wp-content\/uploads\/2023\/06\/cropped-Asset-1@2xnew2.png","contentUrl":"https:\/\/edengardenequipment.com\/wp-content\/uploads\/2023\/06\/cropped-Asset-1@2xnew2.png","width":512,"height":512,"caption":"Eden Garden Equipment"},"image":{"@id":"https:\/\/edengardenequipment.com\/#\/schema\/logo\/image\/"}}]}},"_links":{"self":[{"href":"https:\/\/edengardenequipment.com\/es\/wp-json\/wp\/v2\/pages\/8049","targetHints":{"allow":["GET"]}}],"collection":[{"href":"https:\/\/edengardenequipment.com\/es\/wp-json\/wp\/v2\/pages"}],"about":[{"href":"https:\/\/edengardenequipment.com\/es\/wp-json\/wp\/v2\/types\/page"}],"author":[{"embeddable":true,"href":"https:\/\/edengardenequipment.com\/es\/wp-json\/wp\/v2\/users\/1"}],"replies":[{"embeddable":true,"href":"https:\/\/edengardenequipment.com\/es\/wp-json\/wp\/v2\/comments?post=8049"}],"version-history":[{"count":5,"href":"https:\/\/edengardenequipment.com\/es\/wp-json\/wp\/v2\/pages\/8049\/revisions"}],"predecessor-version":[{"id":8541,"href":"https:\/\/edengardenequipment.com\/es\/wp-json\/wp\/v2\/pages\/8049\/revisions\/8541"}],"wp:attachment":[{"href":"https:\/\/edengardenequipment.com\/es\/wp-json\/wp\/v2\/media?parent=8049"}],"curies":[{"name":"wp","href":"https:\/\/api.w.org\/{rel}","templated":true}]}}