{"id":8522,"date":"2023-06-22T17:56:56","date_gmt":"2023-06-22T16:56:56","guid":{"rendered":"https:\/\/edengardenequipment.com\/?page_id=8522"},"modified":"2023-06-22T18:40:30","modified_gmt":"2023-06-22T17:40:30","slug":"shipping-information","status":"publish","type":"page","link":"https:\/\/edengardenequipment.com\/es\/shipping-information\/","title":{"rendered":"Informaci\u00f3n de env\u00edo"},"content":{"rendered":"<style>@media (min-width: 1200px) { .liquid-row-responsive-69f19a4b99c1b {padding-top:25px !important; padding-bottom:25px !important;  }  }   <\/style><section class=\"vc_row wpb_row vc_row-fluid liquid-row-responsive-69f19a4b99c1b liquid-row-shadowbox-69f19a4b99c4a\"><div class=\"ld-container container\"><div class=\"row ld-row\"><div class=\"wpb_column vc_column_container vc_col-sm-12 liquid-column-69f19a4b99ff3\"><div class=\"vc_column-inner\"><div class=\"wpb_wrapper\"   ><div class=\"wpb_wrapper-inner\">\n\t<div class=\"wpb_text_column wpb_content_element\" >\n\t\t<div class=\"wpb_wrapper\">\n\t\t\t<p>Los gastos de env\u00edo y entrega son los correspondientes al procesamiento de pedidos por Internet, la selecci\u00f3n de art\u00edculos, el embalaje, el transporte y la manipulaci\u00f3n. Los plazos de entrega no est\u00e1n garantizados, pero son nuestra mejor aproximaci\u00f3n y variar\u00e1n seg\u00fan los pedidos espec\u00edficos. Los env\u00edos y las entregas solo se realizan en d\u00edas laborables. Los gastos de env\u00edo y entrega est\u00e1n sujetos a cambios y se determinar\u00e1n en el momento del pedido.<\/p>\n<p>El tiempo de entrega estimado supone que los pedidos se realizan antes de las 12:00 del mediod\u00eda (GMT). Los pedidos realizados tarde el viernes o el s\u00e1bado no se procesar\u00e1n hasta el lunes. Se pueden acumular cargos adicionales en los env\u00edos prioritarios, al d\u00eda siguiente e internacionales si se realizan varios intentos de entrega.<\/p>\n<table class=\"data-table\" border=\"0\" width=\"100%\" cellspacing=\"0\" cellpadding=\"0\">\n<tbody>\n<tr>\n<th width=\"156\"><\/th>\n<th width=\"156\">EST\u00c1NDAR<\/th>\n<th width=\"156\">PRIORIDAD<\/th>\n<th width=\"156\">DURANTE LA NOCHE<\/th>\n<th width=\"156\">INTERNACIONAL<\/th>\n<\/tr>\n<tr>\n<td><\/td>\n<td>El paquete llega entre 7 y 9 d\u00edas h\u00e1biles despu\u00e9s del procesamiento si se ordena antes de las 12:00 del mediod\u00eda (GMT).<\/td>\n<td>El paquete llega de 2 a 3 d\u00edas h\u00e1biles despu\u00e9s del procesamiento si se ordena antes de las 12:00 del mediod\u00eda (GMT).<\/td>\n<td>ACTUALMENTE NO OFRECEMOS ENV\u00cdOS AL D\u00cdA SIGUIENTE.<\/td>\n<td>ACTUALMENTE NO OFRECEMOS ENV\u00cdOS INTERNACIONALES<\/td>\n<\/tr>\n<tr>\n<th colspan=\"5\">TOTAL DE MERCANC\u00cdA *<\/th>\n<\/tr>\n<tr>\n<td>\u00a310-\u00a3100<\/td>\n<td>GRATIS<\/td>\n<td>\u00a35<\/td>\n<td>N \/ A<\/td>\n<td>N \/ A<\/td>\n<\/tr>\n<tr>\n<td>\u00a3100-\u00a3200<\/td>\n<td>GRATIS<\/td>\n<td>\u00a315<\/td>\n<td>N \/ A<\/td>\n<td>N \/ A<\/td>\n<\/tr>\n<tr>\n<td>\u00a3200-\u00a3500<\/td>\n<td>GRATIS<\/td>\n<td>\u00a325<\/td>\n<td>N \/ A<\/td>\n<td>N \/ A<\/td>\n<\/tr>\n<tr>\n<td>M\u00e1s de \u00a3500<\/td>\n<td>GRATIS<\/td>\n<td>\u00a350<\/td>\n<td>N \/ A<\/td>\n<td>N \/ A<\/td>\n<\/tr>\n<\/tbody>\n<\/table>\n\n\t\t<\/div>\n\t<\/div>\n<\/div><\/div><\/div><\/div><\/div><\/div><\/section>","protected":false},"excerpt":{"rendered":"Shipping and Delivery is the charge for Internet order processing, item selection, packaging, transport and...","protected":false},"author":1,"featured_media":0,"parent":0,"menu_order":0,"comment_status":"closed","ping_status":"closed","template":"","meta":{"footnotes":""},"class_list":["post-8522","page","type-page","status-publish","hentry"],"yoast_head":"<!-- This site is optimized with the Yoast SEO plugin v27.5 - https:\/\/yoast.com\/product\/yoast-seo-wordpress\/ -->\n<title>Shipping Information - Eden Garden Equipment<\/title>\n<meta name=\"robots\" content=\"index, follow, max-snippet:-1, max-image-preview:large, max-video-preview:-1\" \/>\n<link rel=\"canonical\" href=\"https:\/\/edengardenequipment.com\/es\/shipping-information\/\" \/>\n<meta property=\"og:locale\" content=\"es_ES\" \/>\n<meta property=\"og:type\" content=\"article\" \/>\n<meta property=\"og:title\" content=\"Shipping Information - Eden Garden Equipment\" \/>\n<meta property=\"og:url\" content=\"https:\/\/edengardenequipment.com\/es\/shipping-information\/\" \/>\n<meta property=\"og:site_name\" content=\"Eden Garden Equipment\" \/>\n<meta property=\"article:modified_time\" content=\"2023-06-22T17:40:30+00:00\" \/>\n<meta property=\"og:image\" content=\"https:\/\/edengardenequipment.com\/wp-content\/uploads\/2023\/06\/05.jpg\" \/>\n\t<meta property=\"og:image:width\" content=\"2000\" \/>\n\t<meta property=\"og:image:height\" content=\"1117\" \/>\n\t<meta property=\"og:image:type\" content=\"image\/jpeg\" \/>\n<meta name=\"twitter:card\" content=\"summary_large_image\" \/>\n<meta name=\"twitter:label1\" content=\"Tiempo de lectura\" \/>\n\t<meta name=\"twitter:data1\" content=\"1 minuto\" \/>\n<script type=\"application\/ld+json\" class=\"yoast-schema-graph\">{\"@context\":\"https:\\\/\\\/schema.org\",\"@graph\":[{\"@type\":\"WebPage\",\"@id\":\"https:\\\/\\\/edengardenequipment.com\\\/shipping-information\\\/\",\"url\":\"https:\\\/\\\/edengardenequipment.com\\\/shipping-information\\\/\",\"name\":\"Shipping Information - Eden Garden Equipment\",\"isPartOf\":{\"@id\":\"https:\\\/\\\/edengardenequipment.com\\\/#website\"},\"datePublished\":\"2023-06-22T16:56:56+00:00\",\"dateModified\":\"2023-06-22T17:40:30+00:00\",\"breadcrumb\":{\"@id\":\"https:\\\/\\\/edengardenequipment.com\\\/shipping-information\\\/#breadcrumb\"},\"inLanguage\":\"es\",\"potentialAction\":[{\"@type\":\"ReadAction\",\"target\":[\"https:\\\/\\\/edengardenequipment.com\\\/shipping-information\\\/\"]}]},{\"@type\":\"BreadcrumbList\",\"@id\":\"https:\\\/\\\/edengardenequipment.com\\\/shipping-information\\\/#breadcrumb\",\"itemListElement\":[{\"@type\":\"ListItem\",\"position\":1,\"name\":\"Home\",\"item\":\"https:\\\/\\\/edengardenequipment.com\\\/\"},{\"@type\":\"ListItem\",\"position\":2,\"name\":\"Shipping Information\"}]},{\"@type\":\"WebSite\",\"@id\":\"https:\\\/\\\/edengardenequipment.com\\\/#website\",\"url\":\"https:\\\/\\\/edengardenequipment.com\\\/\",\"name\":\"Eden Garden Equipment\",\"description\":\"Best Gardening Tools for Sale\",\"publisher\":{\"@id\":\"https:\\\/\\\/edengardenequipment.com\\\/#organization\"},\"potentialAction\":[{\"@type\":\"SearchAction\",\"target\":{\"@type\":\"EntryPoint\",\"urlTemplate\":\"https:\\\/\\\/edengardenequipment.com\\\/?s={search_term_string}\"},\"query-input\":{\"@type\":\"PropertyValueSpecification\",\"valueRequired\":true,\"valueName\":\"search_term_string\"}}],\"inLanguage\":\"es\"},{\"@type\":\"Organization\",\"@id\":\"https:\\\/\\\/edengardenequipment.com\\\/#organization\",\"name\":\"Eden Garden Equipment\",\"url\":\"https:\\\/\\\/edengardenequipment.com\\\/\",\"logo\":{\"@type\":\"ImageObject\",\"inLanguage\":\"es\",\"@id\":\"https:\\\/\\\/edengardenequipment.com\\\/#\\\/schema\\\/logo\\\/image\\\/\",\"url\":\"https:\\\/\\\/edengardenequipment.com\\\/wp-content\\\/uploads\\\/2023\\\/06\\\/cropped-Asset-1@2xnew2.png\",\"contentUrl\":\"https:\\\/\\\/edengardenequipment.com\\\/wp-content\\\/uploads\\\/2023\\\/06\\\/cropped-Asset-1@2xnew2.png\",\"width\":512,\"height\":512,\"caption\":\"Eden Garden Equipment\"},\"image\":{\"@id\":\"https:\\\/\\\/edengardenequipment.com\\\/#\\\/schema\\\/logo\\\/image\\\/\"}}]}<\/script>\n<!-- \/ Yoast SEO plugin. -->","yoast_head_json":{"title":"Shipping Information - Eden Garden Equipment","robots":{"index":"index","follow":"follow","max-snippet":"max-snippet:-1","max-image-preview":"max-image-preview:large","max-video-preview":"max-video-preview:-1"},"canonical":"https:\/\/edengardenequipment.com\/es\/shipping-information\/","og_locale":"es_ES","og_type":"article","og_title":"Shipping Information - Eden Garden Equipment","og_url":"https:\/\/edengardenequipment.com\/es\/shipping-information\/","og_site_name":"Eden Garden Equipment","article_modified_time":"2023-06-22T17:40:30+00:00","og_image":[{"width":2000,"height":1117,"url":"https:\/\/edengardenequipment.com\/wp-content\/uploads\/2023\/06\/05.jpg","type":"image\/jpeg"}],"twitter_card":"summary_large_image","twitter_misc":{"Tiempo de lectura":"1 minuto"},"schema":{"@context":"https:\/\/schema.org","@graph":[{"@type":"WebPage","@id":"https:\/\/edengardenequipment.com\/shipping-information\/","url":"https:\/\/edengardenequipment.com\/shipping-information\/","name":"Shipping Information - Eden Garden Equipment","isPartOf":{"@id":"https:\/\/edengardenequipment.com\/#website"},"datePublished":"2023-06-22T16:56:56+00:00","dateModified":"2023-06-22T17:40:30+00:00","breadcrumb":{"@id":"https:\/\/edengardenequipment.com\/shipping-information\/#breadcrumb"},"inLanguage":"es","potentialAction":[{"@type":"ReadAction","target":["https:\/\/edengardenequipment.com\/shipping-information\/"]}]},{"@type":"BreadcrumbList","@id":"https:\/\/edengardenequipment.com\/shipping-information\/#breadcrumb","itemListElement":[{"@type":"ListItem","position":1,"name":"Home","item":"https:\/\/edengardenequipment.com\/"},{"@type":"ListItem","position":2,"name":"Shipping Information"}]},{"@type":"WebSite","@id":"https:\/\/edengardenequipment.com\/#website","url":"https:\/\/edengardenequipment.com\/","name":"Eden Garden Equipment","description":"Best Gardening Tools for Sale","publisher":{"@id":"https:\/\/edengardenequipment.com\/#organization"},"potentialAction":[{"@type":"SearchAction","target":{"@type":"EntryPoint","urlTemplate":"https:\/\/edengardenequipment.com\/?s={search_term_string}"},"query-input":{"@type":"PropertyValueSpecification","valueRequired":true,"valueName":"search_term_string"}}],"inLanguage":"es"},{"@type":"Organization","@id":"https:\/\/edengardenequipment.com\/#organization","name":"Eden Garden Equipment","url":"https:\/\/edengardenequipment.com\/","logo":{"@type":"ImageObject","inLanguage":"es","@id":"https:\/\/edengardenequipment.com\/#\/schema\/logo\/image\/","url":"https:\/\/edengardenequipment.com\/wp-content\/uploads\/2023\/06\/cropped-Asset-1@2xnew2.png","contentUrl":"https:\/\/edengardenequipment.com\/wp-content\/uploads\/2023\/06\/cropped-Asset-1@2xnew2.png","width":512,"height":512,"caption":"Eden Garden Equipment"},"image":{"@id":"https:\/\/edengardenequipment.com\/#\/schema\/logo\/image\/"}}]}},"_links":{"self":[{"href":"https:\/\/edengardenequipment.com\/es\/wp-json\/wp\/v2\/pages\/8522","targetHints":{"allow":["GET"]}}],"collection":[{"href":"https:\/\/edengardenequipment.com\/es\/wp-json\/wp\/v2\/pages"}],"about":[{"href":"https:\/\/edengardenequipment.com\/es\/wp-json\/wp\/v2\/types\/page"}],"author":[{"embeddable":true,"href":"https:\/\/edengardenequipment.com\/es\/wp-json\/wp\/v2\/users\/1"}],"replies":[{"embeddable":true,"href":"https:\/\/edengardenequipment.com\/es\/wp-json\/wp\/v2\/comments?post=8522"}],"version-history":[{"count":3,"href":"https:\/\/edengardenequipment.com\/es\/wp-json\/wp\/v2\/pages\/8522\/revisions"}],"predecessor-version":[{"id":8534,"href":"https:\/\/edengardenequipment.com\/es\/wp-json\/wp\/v2\/pages\/8522\/revisions\/8534"}],"wp:attachment":[{"href":"https:\/\/edengardenequipment.com\/es\/wp-json\/wp\/v2\/media?parent=8522"}],"curies":[{"name":"wp","href":"https:\/\/api.w.org\/{rel}","templated":true}]}}