{"id":8542,"date":"2023-10-01T18:58:06","date_gmt":"2023-10-01T17:58:06","guid":{"rendered":"https:\/\/edengardenequipment.com\/?post_type=product&#038;p=8542"},"modified":"2026-04-26T11:05:02","modified_gmt":"2026-04-26T10:05:02","slug":"ratchet-secateur","status":"publish","type":"product","link":"https:\/\/edengardenequipment.com\/es\/producto\/ratchet-secateur\/","title":{"rendered":"Tijeras de podar con trinquete"},"content":{"rendered":"<div class=\"product-shop-wrap product-shop-title\">\n<div class=\"product-name\">Tijeras de podar con trinquete La precisi\u00f3n en la poda es lo que mantiene su jard\u00edn bien cuidado, hermoso y floreciente. Esto requiere tiempo y puede ser una tarea laboriosa. Y es exactamente por eso que necesita un par de tijeras de podar de calidad en su kit de herramientas de jardiner\u00eda.<\/div>\n<\/div>\n<div class=\"product-shop-wrap product-shop-desc\">\n<div class=\"short-description\">\n<div class=\"std\">\n<ul>\n<li>Con un potente sistema de trinquete y agarre de goma antideslizante, proporciona un agarre c\u00f3modo y es f\u00e1cil de usar tanto para diestros como para zurdos.<\/li>\n<li>Su dise\u00f1o ergon\u00f3mico permite a los usuarios trabajar con facilidad y sin dolor y realizar el trabajo r\u00e1pidamente.<\/li>\n<li>Su suave acci\u00f3n de trinquete y su hoja de acero con alto contenido de carbono recubierta de tefl\u00f3n le brindan un excelente poder de corte, muy necesario para un corte preciso y limpio.<\/li>\n<li>Fabricada en aluminio y con hoja de efecto antiadherente, tiene una gran resistencia a la abrasi\u00f3n y al \u00f3xido para que puedas usarla durante a\u00f1os. La hoja tiene una curva perfecta que ofrece una excelente eficiencia de corte de hasta 25 mm de di\u00e1metro.<\/li>\n<li>Es una podadora multifunci\u00f3n que se puede utilizar para diversas tareas en el jard\u00edn, ya que es ideal para cortar \u00e1rboles, podar y dar forma a arbustos, plantas le\u00f1osas e incluso setos. Esto realmente aumentar\u00e1 su pasi\u00f3n por la jardiner\u00eda.<\/li>\n<li>Al estar fabricada en aluminio es muy ligera lo que la hace perfecta para quienes tienen que trabajar muchas horas. Con esta tijera, d\u00edgale adi\u00f3s al cansancio y a las manos y mu\u00f1ecas cansadas.<\/li>\n<\/ul>\n<p>Esta tijera de podar con trinquete, que ofrece buena resistencia a las manchas y a la abrasi\u00f3n, es conocida por su calidad superior y su vida \u00fatil. Es una inversi\u00f3n de la que estar\u00e1 orgulloso.<\/p>\n<table id=\"product-attribute-specs-table\" class=\"data-table\">\n<colgroup>\n<col width=\"25%\" \/>\n<col \/><\/colgroup>\n<tbody>\n<tr class=\"first odd\">\n<th class=\"label\">PESO (GM&#039;S)<\/th>\n<td class=\"data last\">240.0000<\/td>\n<\/tr>\n<tr class=\"even\">\n<th class=\"label\">LARGO DEL PRODUCTO (CM)<\/th>\n<td class=\"data last\">20.5<\/td>\n<\/tr>\n<tr class=\"odd\">\n<th class=\"label\">ANCHO DEL PRODUCTO (CM)<\/th>\n<td class=\"data last\">8.2<\/td>\n<\/tr>\n<tr class=\"last even\">\n<th class=\"label\">ALTURA DEL PRODUCTO (CM)<\/th>\n<td class=\"data last\">2.06<\/td>\n<\/tr>\n<\/tbody>\n<\/table>\n<\/div>\n<\/div>\n<\/div>","protected":false},"excerpt":{"rendered":"<p>RESUMEN R\u00c1PIDO<br \/>\nLa precisi\u00f3n en la poda es lo que mantiene su jard\u00edn bien cuidado, hermoso y floreciente. Esto requiere tiempo y puede ser una tarea laboriosa. Y es exactamente por eso que necesita un par de tijeras de podar de calidad en su kit de herramientas de jardiner\u00eda.<\/p>\n<p>Todos los productos de Eden Garden Equipment tienen una garant\u00eda de 12 meses a partir del d\u00eda de la compra.<\/p>","protected":false},"featured_media":8545,"comment_status":"open","ping_status":"closed","template":"","meta":[],"product_brand":[],"product_cat":[249],"product_tag":[],"class_list":{"0":"post-8542","1":"product","2":"type-product","3":"status-publish","4":"has-post-thumbnail","6":"product_cat-garden-tools","8":"first","9":"instock","10":"sale","11":"taxable","12":"shipping-taxable","13":"purchasable","14":"product-type-simple"},"yoast_head":"<!-- This site is optimized with the Yoast SEO plugin v27.5 - https:\/\/yoast.com\/product\/yoast-seo-wordpress\/ -->\n<title>Ratchet Secateur - Eden Garden Equipment<\/title>\n<meta name=\"description\" content=\"Ratchet Secateur Precision in pruning is what keeps your garden well-maintained, beautiful and blooming. This requires time and can be a laborious task.\" \/>\n<meta name=\"robots\" content=\"index, follow, max-snippet:-1, max-image-preview:large, max-video-preview:-1\" \/>\n<link rel=\"canonical\" href=\"https:\/\/edengardenequipment.com\/es\/producto\/ratchet-secateur\/\" \/>\n<meta property=\"og:locale\" content=\"es_ES\" \/>\n<meta property=\"og:type\" content=\"article\" \/>\n<meta property=\"og:title\" content=\"Ratchet Secateur - Eden Garden Equipment\" \/>\n<meta property=\"og:description\" content=\"Ratchet Secateur Precision in pruning is what keeps your garden well-maintained, beautiful and blooming. This requires time and can be a laborious task.\" \/>\n<meta property=\"og:url\" content=\"https:\/\/edengardenequipment.com\/es\/producto\/ratchet-secateur\/\" \/>\n<meta property=\"og:site_name\" content=\"Eden Garden Equipment\" \/>\n<meta property=\"article:modified_time\" content=\"2026-04-26T10:05:02+00:00\" \/>\n<meta property=\"og:image\" content=\"https:\/\/edengardenequipment.com\/wp-content\/uploads\/2023\/06\/w6b5997.jpg\" \/>\n\t<meta property=\"og:image:width\" content=\"1000\" \/>\n\t<meta property=\"og:image:height\" content=\"1000\" \/>\n\t<meta property=\"og:image:type\" content=\"image\/jpeg\" \/>\n<meta name=\"twitter:card\" content=\"summary_large_image\" \/>\n<meta name=\"twitter:label1\" content=\"Tiempo de lectura\" \/>\n\t<meta name=\"twitter:data1\" content=\"2 minutos\" \/>\n<script type=\"application\/ld+json\" class=\"yoast-schema-graph\">{\"@context\":\"https:\\\/\\\/schema.org\",\"@graph\":[{\"@type\":\"WebPage\",\"@id\":\"https:\\\/\\\/edengardenequipment.com\\\/product\\\/ratchet-secateur\\\/\",\"url\":\"https:\\\/\\\/edengardenequipment.com\\\/product\\\/ratchet-secateur\\\/\",\"name\":\"Ratchet Secateur - Eden Garden Equipment\",\"isPartOf\":{\"@id\":\"https:\\\/\\\/edengardenequipment.com\\\/#website\"},\"primaryImageOfPage\":{\"@id\":\"https:\\\/\\\/edengardenequipment.com\\\/product\\\/ratchet-secateur\\\/#primaryimage\"},\"image\":{\"@id\":\"https:\\\/\\\/edengardenequipment.com\\\/product\\\/ratchet-secateur\\\/#primaryimage\"},\"thumbnailUrl\":\"https:\\\/\\\/edengardenequipment.com\\\/wp-content\\\/uploads\\\/2023\\\/06\\\/w6b5997.jpg\",\"datePublished\":\"2023-10-01T17:58:06+00:00\",\"dateModified\":\"2026-04-26T10:05:02+00:00\",\"description\":\"Ratchet Secateur Precision in pruning is what keeps your garden well-maintained, beautiful and blooming. This requires time and can be a laborious task.\",\"breadcrumb\":{\"@id\":\"https:\\\/\\\/edengardenequipment.com\\\/product\\\/ratchet-secateur\\\/#breadcrumb\"},\"inLanguage\":\"es\",\"potentialAction\":[{\"@type\":\"ReadAction\",\"target\":[\"https:\\\/\\\/edengardenequipment.com\\\/product\\\/ratchet-secateur\\\/\"]}]},{\"@type\":\"ImageObject\",\"inLanguage\":\"es\",\"@id\":\"https:\\\/\\\/edengardenequipment.com\\\/product\\\/ratchet-secateur\\\/#primaryimage\",\"url\":\"https:\\\/\\\/edengardenequipment.com\\\/wp-content\\\/uploads\\\/2023\\\/06\\\/w6b5997.jpg\",\"contentUrl\":\"https:\\\/\\\/edengardenequipment.com\\\/wp-content\\\/uploads\\\/2023\\\/06\\\/w6b5997.jpg\",\"width\":1000,\"height\":1000},{\"@type\":\"BreadcrumbList\",\"@id\":\"https:\\\/\\\/edengardenequipment.com\\\/product\\\/ratchet-secateur\\\/#breadcrumb\",\"itemListElement\":[{\"@type\":\"ListItem\",\"position\":1,\"name\":\"Home\",\"item\":\"https:\\\/\\\/edengardenequipment.com\\\/\"},{\"@type\":\"ListItem\",\"position\":2,\"name\":\"Shop\",\"item\":\"https:\\\/\\\/edengardenequipment.com\\\/shop\\\/\"},{\"@type\":\"ListItem\",\"position\":3,\"name\":\"Ratchet Secateur\"}]},{\"@type\":\"WebSite\",\"@id\":\"https:\\\/\\\/edengardenequipment.com\\\/#website\",\"url\":\"https:\\\/\\\/edengardenequipment.com\\\/\",\"name\":\"Eden Garden Equipment\",\"description\":\"Best Gardening Tools for Sale\",\"publisher\":{\"@id\":\"https:\\\/\\\/edengardenequipment.com\\\/#organization\"},\"potentialAction\":[{\"@type\":\"SearchAction\",\"target\":{\"@type\":\"EntryPoint\",\"urlTemplate\":\"https:\\\/\\\/edengardenequipment.com\\\/?s={search_term_string}\"},\"query-input\":{\"@type\":\"PropertyValueSpecification\",\"valueRequired\":true,\"valueName\":\"search_term_string\"}}],\"inLanguage\":\"es\"},{\"@type\":\"Organization\",\"@id\":\"https:\\\/\\\/edengardenequipment.com\\\/#organization\",\"name\":\"Eden Garden Equipment\",\"url\":\"https:\\\/\\\/edengardenequipment.com\\\/\",\"logo\":{\"@type\":\"ImageObject\",\"inLanguage\":\"es\",\"@id\":\"https:\\\/\\\/edengardenequipment.com\\\/#\\\/schema\\\/logo\\\/image\\\/\",\"url\":\"https:\\\/\\\/edengardenequipment.com\\\/wp-content\\\/uploads\\\/2023\\\/06\\\/cropped-Asset-1@2xnew2.png\",\"contentUrl\":\"https:\\\/\\\/edengardenequipment.com\\\/wp-content\\\/uploads\\\/2023\\\/06\\\/cropped-Asset-1@2xnew2.png\",\"width\":512,\"height\":512,\"caption\":\"Eden Garden Equipment\"},\"image\":{\"@id\":\"https:\\\/\\\/edengardenequipment.com\\\/#\\\/schema\\\/logo\\\/image\\\/\"}}]}<\/script>\n<!-- \/ Yoast SEO plugin. -->","yoast_head_json":{"title":"Ratchet Secateur - Eden Garden Equipment","description":"Ratchet Secateur Precision in pruning is what keeps your garden well-maintained, beautiful and blooming. This requires time and can be a laborious task.","robots":{"index":"index","follow":"follow","max-snippet":"max-snippet:-1","max-image-preview":"max-image-preview:large","max-video-preview":"max-video-preview:-1"},"canonical":"https:\/\/edengardenequipment.com\/es\/producto\/ratchet-secateur\/","og_locale":"es_ES","og_type":"article","og_title":"Ratchet Secateur - Eden Garden Equipment","og_description":"Ratchet Secateur Precision in pruning is what keeps your garden well-maintained, beautiful and blooming. This requires time and can be a laborious task.","og_url":"https:\/\/edengardenequipment.com\/es\/producto\/ratchet-secateur\/","og_site_name":"Eden Garden Equipment","article_modified_time":"2026-04-26T10:05:02+00:00","og_image":[{"width":1000,"height":1000,"url":"https:\/\/edengardenequipment.com\/wp-content\/uploads\/2023\/06\/w6b5997.jpg","type":"image\/jpeg"}],"twitter_card":"summary_large_image","twitter_misc":{"Tiempo de lectura":"2 minutos"},"schema":{"@context":"https:\/\/schema.org","@graph":[{"@type":"WebPage","@id":"https:\/\/edengardenequipment.com\/product\/ratchet-secateur\/","url":"https:\/\/edengardenequipment.com\/product\/ratchet-secateur\/","name":"Ratchet Secateur - Eden Garden Equipment","isPartOf":{"@id":"https:\/\/edengardenequipment.com\/#website"},"primaryImageOfPage":{"@id":"https:\/\/edengardenequipment.com\/product\/ratchet-secateur\/#primaryimage"},"image":{"@id":"https:\/\/edengardenequipment.com\/product\/ratchet-secateur\/#primaryimage"},"thumbnailUrl":"https:\/\/edengardenequipment.com\/wp-content\/uploads\/2023\/06\/w6b5997.jpg","datePublished":"2023-10-01T17:58:06+00:00","dateModified":"2026-04-26T10:05:02+00:00","description":"Ratchet Secateur Precision in pruning is what keeps your garden well-maintained, beautiful and blooming. This requires time and can be a laborious task.","breadcrumb":{"@id":"https:\/\/edengardenequipment.com\/product\/ratchet-secateur\/#breadcrumb"},"inLanguage":"es","potentialAction":[{"@type":"ReadAction","target":["https:\/\/edengardenequipment.com\/product\/ratchet-secateur\/"]}]},{"@type":"ImageObject","inLanguage":"es","@id":"https:\/\/edengardenequipment.com\/product\/ratchet-secateur\/#primaryimage","url":"https:\/\/edengardenequipment.com\/wp-content\/uploads\/2023\/06\/w6b5997.jpg","contentUrl":"https:\/\/edengardenequipment.com\/wp-content\/uploads\/2023\/06\/w6b5997.jpg","width":1000,"height":1000},{"@type":"BreadcrumbList","@id":"https:\/\/edengardenequipment.com\/product\/ratchet-secateur\/#breadcrumb","itemListElement":[{"@type":"ListItem","position":1,"name":"Home","item":"https:\/\/edengardenequipment.com\/"},{"@type":"ListItem","position":2,"name":"Shop","item":"https:\/\/edengardenequipment.com\/shop\/"},{"@type":"ListItem","position":3,"name":"Ratchet Secateur"}]},{"@type":"WebSite","@id":"https:\/\/edengardenequipment.com\/#website","url":"https:\/\/edengardenequipment.com\/","name":"Eden Garden Equipment","description":"Best Gardening Tools for Sale","publisher":{"@id":"https:\/\/edengardenequipment.com\/#organization"},"potentialAction":[{"@type":"SearchAction","target":{"@type":"EntryPoint","urlTemplate":"https:\/\/edengardenequipment.com\/?s={search_term_string}"},"query-input":{"@type":"PropertyValueSpecification","valueRequired":true,"valueName":"search_term_string"}}],"inLanguage":"es"},{"@type":"Organization","@id":"https:\/\/edengardenequipment.com\/#organization","name":"Eden Garden Equipment","url":"https:\/\/edengardenequipment.com\/","logo":{"@type":"ImageObject","inLanguage":"es","@id":"https:\/\/edengardenequipment.com\/#\/schema\/logo\/image\/","url":"https:\/\/edengardenequipment.com\/wp-content\/uploads\/2023\/06\/cropped-Asset-1@2xnew2.png","contentUrl":"https:\/\/edengardenequipment.com\/wp-content\/uploads\/2023\/06\/cropped-Asset-1@2xnew2.png","width":512,"height":512,"caption":"Eden Garden Equipment"},"image":{"@id":"https:\/\/edengardenequipment.com\/#\/schema\/logo\/image\/"}}]}},"_links":{"self":[{"href":"https:\/\/edengardenequipment.com\/es\/wp-json\/wp\/v2\/product\/8542","targetHints":{"allow":["GET"]}}],"collection":[{"href":"https:\/\/edengardenequipment.com\/es\/wp-json\/wp\/v2\/product"}],"about":[{"href":"https:\/\/edengardenequipment.com\/es\/wp-json\/wp\/v2\/types\/product"}],"replies":[{"embeddable":true,"href":"https:\/\/edengardenequipment.com\/es\/wp-json\/wp\/v2\/comments?post=8542"}],"wp:featuredmedia":[{"embeddable":true,"href":"https:\/\/edengardenequipment.com\/es\/wp-json\/wp\/v2\/media\/8545"}],"wp:attachment":[{"href":"https:\/\/edengardenequipment.com\/es\/wp-json\/wp\/v2\/media?parent=8542"}],"wp:term":[{"taxonomy":"product_brand","embeddable":true,"href":"https:\/\/edengardenequipment.com\/es\/wp-json\/wp\/v2\/product_brand?post=8542"},{"taxonomy":"product_cat","embeddable":true,"href":"https:\/\/edengardenequipment.com\/es\/wp-json\/wp\/v2\/product_cat?post=8542"},{"taxonomy":"product_tag","embeddable":true,"href":"https:\/\/edengardenequipment.com\/es\/wp-json\/wp\/v2\/product_tag?post=8542"}],"curies":[{"name":"wp","href":"https:\/\/api.w.org\/{rel}","templated":true}]}}