{"id":8549,"date":"2023-09-25T19:03:27","date_gmt":"2023-09-25T18:03:27","guid":{"rendered":"https:\/\/edengardenequipment.com\/?post_type=product&#038;p=8549"},"modified":"2025-07-10T07:24:04","modified_gmt":"2025-07-10T06:24:04","slug":"telescopic-tree-pruner","status":"publish","type":"product","link":"https:\/\/edengardenequipment.com\/es\/producto\/telescopic-tree-pruner\/","title":{"rendered":"Podadora telesc\u00f3pica para \u00e1rboles"},"content":{"rendered":"<div class=\"std\">\n<h2>Podadora telesc\u00f3pica para \u00e1rboles<\/h2>\n<ul>\n<li>Cortar ramitas de hasta 45 mm en las copas de los \u00e1rboles y brotes j\u00f3venes que a menudo son dif\u00edciles de alcanzar sin una escalera ahora es posible con nuestra nueva podadora de \u00e1rboles telesc\u00f3pica.<br \/>\nLas caracter\u00edsticas incluyen:<\/p>\n<ul>\n<li style=\"list-style-type: none;\">\n<ul>\n<li>Potente podadora telesc\u00f3pica de trinquete con cabezal de corte optimizado Tiene un alcance m\u00e1ximo de 6 metros. Esto significa que no necesita una escalera para cortar y podar las copas de los \u00e1rboles. Puede alcanzar y cortar ramas altas f\u00e1cilmente.<\/li>\n<\/ul>\n<\/li>\n<\/ul>\n<ul>\n<li style=\"list-style-type: none;\">\n<ul>\n<li>Engranaje de Acero Robusto Cuenta con un innovador mecanismo de sistema de trinquete de 3 pasos, que proporciona la m\u00e1xima fuerza de corte que se necesita para cortar y podar con gran potencia.<br \/>\nUna combinaci\u00f3n de eje ajustable, sistema de tracci\u00f3n de cable interno y hoja de tefl\u00f3n con efecto antiadherente contribuyen a un corte sin esfuerzo. Los cortes son n\u00edtidos y limpios, lo que hace que sea muy f\u00e1cil quitar las ramas cortadas de la copa del \u00e1rbol.<\/li>\n<\/ul>\n<\/li>\n<\/ul>\n<ul>\n<li style=\"list-style-type: none;\">\n<ul>\n<li>Operaci\u00f3n de corte bidireccional con sierra turbo Cuenta con operaci\u00f3n de corte bidireccional. Tiene una cuchilla con sistema de trinquete para cortar ramas de 35 mm mientras que la sierra turbo de 45 cm con dientes especiales es excelente para cortar ramas grandes de hasta 65 mm de di\u00e1metro.<\/li>\n<\/ul>\n<\/li>\n<\/ul>\n<p><strong>Otras caracter\u00edsticas de la podadora de \u00e1rboles telesc\u00f3pica que vale la pena mencionar son:<\/strong><\/p>\n<ul>\n<li style=\"list-style-type: none;\">\n<ul>\n<li>Es un mango tubular de aluminio ligero, telesc\u00f3pico y ajustable que se puede bloquear f\u00e1cilmente y en cualquier momento que lo desee.<\/li>\n<\/ul>\n<\/li>\n<\/ul>\n<ul>\n<li style=\"list-style-type: none;\">\n<ul>\n<li>Todas las piezas son reemplazables.<\/li>\n<\/ul>\n<\/li>\n<\/ul>\n<ul>\n<li style=\"list-style-type: none;\">\n<ul>\n<li>Est\u00e1 listo para usar. El contenido del producto incluye 1 podadora de \u00e1rboles telesc\u00f3pica con sistema de trinquete de Eden Garden Equipment, con efecto antiadherente y hoja de tefl\u00f3n y mango de aluminio.<\/li>\n<\/ul>\n<\/li>\n<\/ul>\n<p>\u00a1Pru\u00e9balo ahora para experimentar la diferencia!<\/p>\n<table id=\"product-attribute-specs-table\" class=\"data-table\">\n<colgroup>\n<col width=\"25%\" \/>\n<col \/><\/colgroup>\n<tbody>\n<tr class=\"first odd\">\n<th class=\"label\">PESO (GM&#039;S)<\/th>\n<td class=\"data last\">240.0000<\/td>\n<\/tr>\n<tr class=\"even\">\n<th class=\"label\">LARGO DEL PRODUCTO (CM)<\/th>\n<td class=\"data last\">No<\/td>\n<\/tr>\n<tr class=\"odd\">\n<th class=\"label\">ANCHO DEL PRODUCTO (CM)<\/th>\n<td class=\"data last\">No<\/td>\n<\/tr>\n<tr class=\"last even\">\n<th class=\"label\">ALTURA DEL PRODUCTO (CM)<\/th>\n<td class=\"data last\">No<\/td>\n<\/tr>\n<\/tbody>\n<\/table>\n<div class=\"row\">\n<div class=\"col-main col-sm-24\">\n<div class=\"col-wrapper-main\">\n<div class=\"product-view\">\n<div class=\"product-collateral\">\n<div class=\"product-detail-tab\">\n<div class=\"nav-tab-content tab-content\">\n<div id=\"box-custom_tab_1\" class=\"box-collateral box-custom_tab_1 tab-pane fade active in\">Todos los productos de Eden Garden Equipment tienen una garant\u00eda de 12 meses a partir del d\u00eda de la compra.<\/div>\n<\/div>\n<\/div>\n<\/div>\n<\/div>\n<\/div>\n<\/div>\n<\/div>\n<div class=\"row\"><\/div>\n<\/li>\n<\/ul>\n<\/div>","protected":false},"excerpt":{"rendered":"<h2><span style=\"font-size: 16px;\">RESUMEN R\u00c1PIDO<\/span><\/h2>\n<div class=\"std\">\n<p>Esta herramienta de jardiner\u00eda es imprescindible para la poda. Sus caracter\u00edsticas y su ingenioso mecanismo la hacen ideal para podar ramas grandes y gruesas con la m\u00e1xima comodidad, facilidad y conveniencia. Entre sus caracter\u00edsticas m\u00e1s destacadas se incluyen:<\/p>\n<p>Todos los productos de Eden Garden Equipment tienen una garant\u00eda de 12 meses a partir del d\u00eda de la compra.<\/p>\n<\/div>","protected":false},"featured_media":8668,"comment_status":"open","ping_status":"closed","template":"","meta":[],"product_brand":[],"product_cat":[249],"product_tag":[],"class_list":{"0":"post-8549","1":"product","2":"type-product","3":"status-publish","4":"has-post-thumbnail","6":"product_cat-garden-tools","8":"first","9":"instock","10":"sale","11":"taxable","12":"shipping-taxable","13":"purchasable","14":"product-type-simple"},"yoast_head":"<!-- This site is optimized with the Yoast SEO plugin v27.5 - https:\/\/yoast.com\/product\/yoast-seo-wordpress\/ -->\n<title>Telescopic Tree Pruner - Eden Garden Equipment<\/title>\n<meta name=\"description\" content=\"&quot;Effortlessly trim high branches with our telescopic tree pruner. Lightweight, durable, and extendable for precise, easy cutting.&quot;\" \/>\n<meta name=\"robots\" content=\"index, follow, max-snippet:-1, max-image-preview:large, max-video-preview:-1\" \/>\n<link rel=\"canonical\" href=\"https:\/\/edengardenequipment.com\/es\/producto\/telescopic-tree-pruner\/\" \/>\n<meta property=\"og:locale\" content=\"es_ES\" \/>\n<meta property=\"og:type\" content=\"article\" \/>\n<meta property=\"og:title\" content=\"Telescopic Tree Pruner - Eden Garden Equipment\" \/>\n<meta property=\"og:description\" content=\"&quot;Effortlessly trim high branches with our telescopic tree pruner. Lightweight, durable, and extendable for precise, easy cutting.&quot;\" \/>\n<meta property=\"og:url\" content=\"https:\/\/edengardenequipment.com\/es\/producto\/telescopic-tree-pruner\/\" \/>\n<meta property=\"og:site_name\" content=\"Eden Garden Equipment\" \/>\n<meta property=\"article:modified_time\" content=\"2025-07-10T06:24:04+00:00\" \/>\n<meta property=\"og:image\" content=\"https:\/\/edengardenequipment.com\/wp-content\/uploads\/2023\/06\/w6b6030.jpg\" \/>\n\t<meta property=\"og:image:width\" content=\"1000\" \/>\n\t<meta property=\"og:image:height\" content=\"1001\" \/>\n\t<meta property=\"og:image:type\" content=\"image\/jpeg\" \/>\n<meta name=\"twitter:card\" content=\"summary_large_image\" \/>\n<meta name=\"twitter:label1\" content=\"Tiempo de lectura\" \/>\n\t<meta name=\"twitter:data1\" content=\"2 minutos\" \/>\n<script type=\"application\/ld+json\" class=\"yoast-schema-graph\">{\"@context\":\"https:\\\/\\\/schema.org\",\"@graph\":[{\"@type\":\"WebPage\",\"@id\":\"https:\\\/\\\/edengardenequipment.com\\\/product\\\/telescopic-tree-pruner\\\/\",\"url\":\"https:\\\/\\\/edengardenequipment.com\\\/product\\\/telescopic-tree-pruner\\\/\",\"name\":\"Telescopic Tree Pruner - Eden Garden Equipment\",\"isPartOf\":{\"@id\":\"https:\\\/\\\/edengardenequipment.com\\\/#website\"},\"primaryImageOfPage\":{\"@id\":\"https:\\\/\\\/edengardenequipment.com\\\/product\\\/telescopic-tree-pruner\\\/#primaryimage\"},\"image\":{\"@id\":\"https:\\\/\\\/edengardenequipment.com\\\/product\\\/telescopic-tree-pruner\\\/#primaryimage\"},\"thumbnailUrl\":\"https:\\\/\\\/edengardenequipment.com\\\/wp-content\\\/uploads\\\/2023\\\/06\\\/w6b6030.jpg\",\"datePublished\":\"2023-09-25T18:03:27+00:00\",\"dateModified\":\"2025-07-10T06:24:04+00:00\",\"description\":\"\\\"Effortlessly trim high branches with our telescopic tree pruner. Lightweight, durable, and extendable for precise, easy cutting.\\\"\",\"breadcrumb\":{\"@id\":\"https:\\\/\\\/edengardenequipment.com\\\/product\\\/telescopic-tree-pruner\\\/#breadcrumb\"},\"inLanguage\":\"es\",\"potentialAction\":[{\"@type\":\"ReadAction\",\"target\":[\"https:\\\/\\\/edengardenequipment.com\\\/product\\\/telescopic-tree-pruner\\\/\"]}]},{\"@type\":\"ImageObject\",\"inLanguage\":\"es\",\"@id\":\"https:\\\/\\\/edengardenequipment.com\\\/product\\\/telescopic-tree-pruner\\\/#primaryimage\",\"url\":\"https:\\\/\\\/edengardenequipment.com\\\/wp-content\\\/uploads\\\/2023\\\/06\\\/w6b6030.jpg\",\"contentUrl\":\"https:\\\/\\\/edengardenequipment.com\\\/wp-content\\\/uploads\\\/2023\\\/06\\\/w6b6030.jpg\",\"width\":1000,\"height\":1001,\"caption\":\"Telescopic Tree Pruner\"},{\"@type\":\"BreadcrumbList\",\"@id\":\"https:\\\/\\\/edengardenequipment.com\\\/product\\\/telescopic-tree-pruner\\\/#breadcrumb\",\"itemListElement\":[{\"@type\":\"ListItem\",\"position\":1,\"name\":\"Home\",\"item\":\"https:\\\/\\\/edengardenequipment.com\\\/\"},{\"@type\":\"ListItem\",\"position\":2,\"name\":\"Shop\",\"item\":\"https:\\\/\\\/edengardenequipment.com\\\/shop\\\/\"},{\"@type\":\"ListItem\",\"position\":3,\"name\":\"Telescopic Tree Pruner\"}]},{\"@type\":\"WebSite\",\"@id\":\"https:\\\/\\\/edengardenequipment.com\\\/#website\",\"url\":\"https:\\\/\\\/edengardenequipment.com\\\/\",\"name\":\"Eden Garden Equipment\",\"description\":\"Best Gardening Tools for Sale\",\"publisher\":{\"@id\":\"https:\\\/\\\/edengardenequipment.com\\\/#organization\"},\"potentialAction\":[{\"@type\":\"SearchAction\",\"target\":{\"@type\":\"EntryPoint\",\"urlTemplate\":\"https:\\\/\\\/edengardenequipment.com\\\/?s={search_term_string}\"},\"query-input\":{\"@type\":\"PropertyValueSpecification\",\"valueRequired\":true,\"valueName\":\"search_term_string\"}}],\"inLanguage\":\"es\"},{\"@type\":\"Organization\",\"@id\":\"https:\\\/\\\/edengardenequipment.com\\\/#organization\",\"name\":\"Eden Garden Equipment\",\"url\":\"https:\\\/\\\/edengardenequipment.com\\\/\",\"logo\":{\"@type\":\"ImageObject\",\"inLanguage\":\"es\",\"@id\":\"https:\\\/\\\/edengardenequipment.com\\\/#\\\/schema\\\/logo\\\/image\\\/\",\"url\":\"https:\\\/\\\/edengardenequipment.com\\\/wp-content\\\/uploads\\\/2023\\\/06\\\/cropped-Asset-1@2xnew2.png\",\"contentUrl\":\"https:\\\/\\\/edengardenequipment.com\\\/wp-content\\\/uploads\\\/2023\\\/06\\\/cropped-Asset-1@2xnew2.png\",\"width\":512,\"height\":512,\"caption\":\"Eden Garden Equipment\"},\"image\":{\"@id\":\"https:\\\/\\\/edengardenequipment.com\\\/#\\\/schema\\\/logo\\\/image\\\/\"}}]}<\/script>\n<!-- \/ Yoast SEO plugin. -->","yoast_head_json":{"title":"Telescopic Tree Pruner - Eden Garden Equipment","description":"\"Effortlessly trim high branches with our telescopic tree pruner. Lightweight, durable, and extendable for precise, easy cutting.\"","robots":{"index":"index","follow":"follow","max-snippet":"max-snippet:-1","max-image-preview":"max-image-preview:large","max-video-preview":"max-video-preview:-1"},"canonical":"https:\/\/edengardenequipment.com\/es\/producto\/telescopic-tree-pruner\/","og_locale":"es_ES","og_type":"article","og_title":"Telescopic Tree Pruner - Eden Garden Equipment","og_description":"\"Effortlessly trim high branches with our telescopic tree pruner. Lightweight, durable, and extendable for precise, easy cutting.\"","og_url":"https:\/\/edengardenequipment.com\/es\/producto\/telescopic-tree-pruner\/","og_site_name":"Eden Garden Equipment","article_modified_time":"2025-07-10T06:24:04+00:00","og_image":[{"width":1000,"height":1001,"url":"https:\/\/edengardenequipment.com\/wp-content\/uploads\/2023\/06\/w6b6030.jpg","type":"image\/jpeg"}],"twitter_card":"summary_large_image","twitter_misc":{"Tiempo de lectura":"2 minutos"},"schema":{"@context":"https:\/\/schema.org","@graph":[{"@type":"WebPage","@id":"https:\/\/edengardenequipment.com\/product\/telescopic-tree-pruner\/","url":"https:\/\/edengardenequipment.com\/product\/telescopic-tree-pruner\/","name":"Telescopic Tree Pruner - Eden Garden Equipment","isPartOf":{"@id":"https:\/\/edengardenequipment.com\/#website"},"primaryImageOfPage":{"@id":"https:\/\/edengardenequipment.com\/product\/telescopic-tree-pruner\/#primaryimage"},"image":{"@id":"https:\/\/edengardenequipment.com\/product\/telescopic-tree-pruner\/#primaryimage"},"thumbnailUrl":"https:\/\/edengardenequipment.com\/wp-content\/uploads\/2023\/06\/w6b6030.jpg","datePublished":"2023-09-25T18:03:27+00:00","dateModified":"2025-07-10T06:24:04+00:00","description":"\"Effortlessly trim high branches with our telescopic tree pruner. Lightweight, durable, and extendable for precise, easy cutting.\"","breadcrumb":{"@id":"https:\/\/edengardenequipment.com\/product\/telescopic-tree-pruner\/#breadcrumb"},"inLanguage":"es","potentialAction":[{"@type":"ReadAction","target":["https:\/\/edengardenequipment.com\/product\/telescopic-tree-pruner\/"]}]},{"@type":"ImageObject","inLanguage":"es","@id":"https:\/\/edengardenequipment.com\/product\/telescopic-tree-pruner\/#primaryimage","url":"https:\/\/edengardenequipment.com\/wp-content\/uploads\/2023\/06\/w6b6030.jpg","contentUrl":"https:\/\/edengardenequipment.com\/wp-content\/uploads\/2023\/06\/w6b6030.jpg","width":1000,"height":1001,"caption":"Telescopic Tree Pruner"},{"@type":"BreadcrumbList","@id":"https:\/\/edengardenequipment.com\/product\/telescopic-tree-pruner\/#breadcrumb","itemListElement":[{"@type":"ListItem","position":1,"name":"Home","item":"https:\/\/edengardenequipment.com\/"},{"@type":"ListItem","position":2,"name":"Shop","item":"https:\/\/edengardenequipment.com\/shop\/"},{"@type":"ListItem","position":3,"name":"Telescopic Tree Pruner"}]},{"@type":"WebSite","@id":"https:\/\/edengardenequipment.com\/#website","url":"https:\/\/edengardenequipment.com\/","name":"Eden Garden Equipment","description":"Best Gardening Tools for Sale","publisher":{"@id":"https:\/\/edengardenequipment.com\/#organization"},"potentialAction":[{"@type":"SearchAction","target":{"@type":"EntryPoint","urlTemplate":"https:\/\/edengardenequipment.com\/?s={search_term_string}"},"query-input":{"@type":"PropertyValueSpecification","valueRequired":true,"valueName":"search_term_string"}}],"inLanguage":"es"},{"@type":"Organization","@id":"https:\/\/edengardenequipment.com\/#organization","name":"Eden Garden Equipment","url":"https:\/\/edengardenequipment.com\/","logo":{"@type":"ImageObject","inLanguage":"es","@id":"https:\/\/edengardenequipment.com\/#\/schema\/logo\/image\/","url":"https:\/\/edengardenequipment.com\/wp-content\/uploads\/2023\/06\/cropped-Asset-1@2xnew2.png","contentUrl":"https:\/\/edengardenequipment.com\/wp-content\/uploads\/2023\/06\/cropped-Asset-1@2xnew2.png","width":512,"height":512,"caption":"Eden Garden Equipment"},"image":{"@id":"https:\/\/edengardenequipment.com\/#\/schema\/logo\/image\/"}}]}},"_links":{"self":[{"href":"https:\/\/edengardenequipment.com\/es\/wp-json\/wp\/v2\/product\/8549","targetHints":{"allow":["GET"]}}],"collection":[{"href":"https:\/\/edengardenequipment.com\/es\/wp-json\/wp\/v2\/product"}],"about":[{"href":"https:\/\/edengardenequipment.com\/es\/wp-json\/wp\/v2\/types\/product"}],"replies":[{"embeddable":true,"href":"https:\/\/edengardenequipment.com\/es\/wp-json\/wp\/v2\/comments?post=8549"}],"wp:featuredmedia":[{"embeddable":true,"href":"https:\/\/edengardenequipment.com\/es\/wp-json\/wp\/v2\/media\/8668"}],"wp:attachment":[{"href":"https:\/\/edengardenequipment.com\/es\/wp-json\/wp\/v2\/media?parent=8549"}],"wp:term":[{"taxonomy":"product_brand","embeddable":true,"href":"https:\/\/edengardenequipment.com\/es\/wp-json\/wp\/v2\/product_brand?post=8549"},{"taxonomy":"product_cat","embeddable":true,"href":"https:\/\/edengardenequipment.com\/es\/wp-json\/wp\/v2\/product_cat?post=8549"},{"taxonomy":"product_tag","embeddable":true,"href":"https:\/\/edengardenequipment.com\/es\/wp-json\/wp\/v2\/product_tag?post=8549"}],"curies":[{"name":"wp","href":"https:\/\/api.w.org\/{rel}","templated":true}]}}