{"id":8555,"date":"2023-09-26T19:07:11","date_gmt":"2023-09-26T18:07:11","guid":{"rendered":"https:\/\/edengardenequipment.com\/?post_type=product&#038;p=8555"},"modified":"2025-07-10T07:23:33","modified_gmt":"2025-07-10T06:23:33","slug":"extendable-hedge-shears","status":"publish","type":"product","link":"https:\/\/edengardenequipment.com\/es\/producto\/extendable-hedge-shears\/","title":{"rendered":"Tijeras de podar extensibles"},"content":{"rendered":"<p>Mantenga los setos altos y los arbustos abundantes en perfectas condiciones con nuestro pr\u00e1ctico par de tijeras para setos extensibles. Estas no son tijeras para setos comunes. Son una herramienta ideal dise\u00f1ada para el rendimiento. Algunas de las mejores caracter\u00edsticas de esta herramienta que la convierten en la mejor opci\u00f3n para los jardineros incluyen las siguientes:<br \/>\nSistema de extensi\u00f3n incorporado<\/p>\n<p>Su ingenioso sistema de extensi\u00f3n le permite cortar y recortar sus setos sin esfuerzo. Su dise\u00f1o extensible le permite recortar f\u00e1cilmente setos bajos y altos con total flexibilidad y sin dolor.<\/p>\n<p><strong>Dise\u00f1o ergon\u00f3mico<\/strong><br \/>\nSe trata de un producto superligero y de dise\u00f1o ergon\u00f3mico, que lo hace f\u00e1cil de transportar por el jard\u00edn y muy c\u00f3modo de usar. Cuenta con empu\u00f1aduras de goma antideslizantes, sistema de yunque ajustable y parachoques amortiguadores, que hacen que el trabajo de jardiner\u00eda sea sencillo, r\u00e1pido y f\u00e1cil.<\/p>\n<p><strong>Mango telesc\u00f3pico<\/strong><br \/>\nEl mango telesc\u00f3pico de estas tijeras le brinda el poder de realizar una variedad de tareas de corte de jardiner\u00eda con perfecci\u00f3n y \u00e9xito.<\/p>\n<p><strong>Cuchillas afiladas y onduladas<\/strong><br \/>\nPara una precisi\u00f3n inigualable en los cortes, esta herramienta cuenta con hojas afiladas y onduladas de 22 cm de longitud. Est\u00e1n hechas de acero con alto contenido de carbono recubierto de tefl\u00f3n. El revestimiento antiadherente le permite atrapar r\u00e1pidamente las ramitas y cortarlas con precisi\u00f3n seg\u00fan sea necesario.<\/p>\n<p>Utilice hoy las tijeras de setos extensibles y disfrute realizando tareas de jardiner\u00eda en un tiempo m\u00ednimo, que de otro modo podr\u00edan resultar tediosas.<\/p>\n<table id=\"product-attribute-specs-table\" class=\"data-table\">\n<tbody>\n<tr class=\"first odd\">\n<th class=\"label\">PESO (GM&#039;S)<\/th>\n<td class=\"data last\">1570.0000<\/td>\n<\/tr>\n<tr class=\"even\">\n<th class=\"label\">LARGO DEL PRODUCTO (CM)<\/th>\n<td class=\"data last\">No<\/td>\n<\/tr>\n<tr class=\"odd\">\n<th class=\"label\">ANCHO DEL PRODUCTO (CM)<\/th>\n<td class=\"data last\">No<\/td>\n<\/tr>\n<tr class=\"last even\">\n<th class=\"label\">ALTURA DEL PRODUCTO (CM)<\/th>\n<td class=\"data last\">No<\/td>\n<\/tr>\n<\/tbody>\n<\/table>\n<p>&nbsp;<\/p>\n<div class=\"row\">\n<div class=\"col-main col-sm-24\">\n<div class=\"col-wrapper-main\">\n<div class=\"product-view\">\n<div class=\"product-collateral\">\n<div class=\"product-detail-tab\">\n<div class=\"nav-tab-content tab-content\">\n<div id=\"box-custom_tab_1\" class=\"box-collateral box-custom_tab_1 tab-pane fade active in\">Todos los productos de Eden Garden Equipment tienen una garant\u00eda de 12 meses a partir del d\u00eda de la compra.<\/div>\n<\/div>\n<\/div>\n<\/div>\n<\/div>\n<\/div>\n<\/div>\n<\/div>\n<div class=\"row\"><\/div>","protected":false},"excerpt":{"rendered":"<h2>RESUMEN R\u00c1PIDO<\/h2>\n<div class=\"std\">Mantenga los setos altos y los arbustos abundantes en perfectas condiciones con nuestro pr\u00e1ctico par de tijeras para setos extensibles. Estas no son tijeras para setos comunes. Son una herramienta ideal dise\u00f1ada para el rendimiento. Algunas de las mejores caracter\u00edsticas de esta herramienta que la convierten en la mejor opci\u00f3n para los jardineros incluyen las siguientes:<\/div>\n<p>Todos los productos de Eden Garden Equipment tienen una garant\u00eda de 12 meses a partir del d\u00eda de la compra.<\/p>","protected":false},"featured_media":8559,"comment_status":"open","ping_status":"closed","template":"","meta":[],"product_brand":[],"product_cat":[249],"product_tag":[],"class_list":{"0":"post-8555","1":"product","2":"type-product","3":"status-publish","4":"has-post-thumbnail","6":"product_cat-garden-tools","8":"first","9":"instock","10":"sale","11":"taxable","12":"shipping-taxable","13":"purchasable","14":"product-type-simple"},"yoast_head":"<!-- This site is optimized with the Yoast SEO plugin v27.5 - https:\/\/yoast.com\/product\/yoast-seo-wordpress\/ -->\n<title>Extendable Hedge Shears - Eden Garden Equipment<\/title>\n<meta name=\"description\" content=\"Keep tall hedges and bountiful bushes in perfect shape with our handy pair of extendable hedge shears. These are no ordinary hedge shears. It is an ideal\" \/>\n<meta name=\"robots\" content=\"index, follow, max-snippet:-1, max-image-preview:large, max-video-preview:-1\" \/>\n<link rel=\"canonical\" href=\"https:\/\/edengardenequipment.com\/es\/producto\/extendable-hedge-shears\/\" \/>\n<meta property=\"og:locale\" content=\"es_ES\" \/>\n<meta property=\"og:type\" content=\"article\" \/>\n<meta property=\"og:title\" content=\"Extendable Hedge Shears - Eden Garden Equipment\" \/>\n<meta property=\"og:description\" content=\"Keep tall hedges and bountiful bushes in perfect shape with our handy pair of extendable hedge shears. These are no ordinary hedge shears. It is an ideal\" \/>\n<meta property=\"og:url\" content=\"https:\/\/edengardenequipment.com\/es\/producto\/extendable-hedge-shears\/\" \/>\n<meta property=\"og:site_name\" content=\"Eden Garden Equipment\" \/>\n<meta property=\"article:modified_time\" content=\"2025-07-10T06:23:33+00:00\" \/>\n<meta property=\"og:image\" content=\"https:\/\/edengardenequipment.com\/wp-content\/uploads\/2023\/06\/w6b5984.jpg\" \/>\n\t<meta property=\"og:image:width\" content=\"1000\" \/>\n\t<meta property=\"og:image:height\" content=\"1000\" \/>\n\t<meta property=\"og:image:type\" content=\"image\/jpeg\" \/>\n<meta name=\"twitter:card\" content=\"summary_large_image\" \/>\n<meta name=\"twitter:label1\" content=\"Tiempo de lectura\" \/>\n\t<meta name=\"twitter:data1\" content=\"2 minutos\" \/>\n<script type=\"application\/ld+json\" class=\"yoast-schema-graph\">{\"@context\":\"https:\\\/\\\/schema.org\",\"@graph\":[{\"@type\":\"WebPage\",\"@id\":\"https:\\\/\\\/edengardenequipment.com\\\/product\\\/extendable-hedge-shears\\\/\",\"url\":\"https:\\\/\\\/edengardenequipment.com\\\/product\\\/extendable-hedge-shears\\\/\",\"name\":\"Extendable Hedge Shears - Eden Garden Equipment\",\"isPartOf\":{\"@id\":\"https:\\\/\\\/edengardenequipment.com\\\/#website\"},\"primaryImageOfPage\":{\"@id\":\"https:\\\/\\\/edengardenequipment.com\\\/product\\\/extendable-hedge-shears\\\/#primaryimage\"},\"image\":{\"@id\":\"https:\\\/\\\/edengardenequipment.com\\\/product\\\/extendable-hedge-shears\\\/#primaryimage\"},\"thumbnailUrl\":\"https:\\\/\\\/edengardenequipment.com\\\/wp-content\\\/uploads\\\/2023\\\/06\\\/w6b5984.jpg\",\"datePublished\":\"2023-09-26T18:07:11+00:00\",\"dateModified\":\"2025-07-10T06:23:33+00:00\",\"description\":\"Keep tall hedges and bountiful bushes in perfect shape with our handy pair of extendable hedge shears. These are no ordinary hedge shears. It is an ideal\",\"breadcrumb\":{\"@id\":\"https:\\\/\\\/edengardenequipment.com\\\/product\\\/extendable-hedge-shears\\\/#breadcrumb\"},\"inLanguage\":\"es\",\"potentialAction\":[{\"@type\":\"ReadAction\",\"target\":[\"https:\\\/\\\/edengardenequipment.com\\\/product\\\/extendable-hedge-shears\\\/\"]}]},{\"@type\":\"ImageObject\",\"inLanguage\":\"es\",\"@id\":\"https:\\\/\\\/edengardenequipment.com\\\/product\\\/extendable-hedge-shears\\\/#primaryimage\",\"url\":\"https:\\\/\\\/edengardenequipment.com\\\/wp-content\\\/uploads\\\/2023\\\/06\\\/w6b5984.jpg\",\"contentUrl\":\"https:\\\/\\\/edengardenequipment.com\\\/wp-content\\\/uploads\\\/2023\\\/06\\\/w6b5984.jpg\",\"width\":1000,\"height\":1000,\"caption\":\"Extendable Hedge Shears\"},{\"@type\":\"BreadcrumbList\",\"@id\":\"https:\\\/\\\/edengardenequipment.com\\\/product\\\/extendable-hedge-shears\\\/#breadcrumb\",\"itemListElement\":[{\"@type\":\"ListItem\",\"position\":1,\"name\":\"Home\",\"item\":\"https:\\\/\\\/edengardenequipment.com\\\/\"},{\"@type\":\"ListItem\",\"position\":2,\"name\":\"Shop\",\"item\":\"https:\\\/\\\/edengardenequipment.com\\\/shop\\\/\"},{\"@type\":\"ListItem\",\"position\":3,\"name\":\"Extendable Hedge Shears\"}]},{\"@type\":\"WebSite\",\"@id\":\"https:\\\/\\\/edengardenequipment.com\\\/#website\",\"url\":\"https:\\\/\\\/edengardenequipment.com\\\/\",\"name\":\"Eden Garden Equipment\",\"description\":\"Best Gardening Tools for Sale\",\"publisher\":{\"@id\":\"https:\\\/\\\/edengardenequipment.com\\\/#organization\"},\"potentialAction\":[{\"@type\":\"SearchAction\",\"target\":{\"@type\":\"EntryPoint\",\"urlTemplate\":\"https:\\\/\\\/edengardenequipment.com\\\/?s={search_term_string}\"},\"query-input\":{\"@type\":\"PropertyValueSpecification\",\"valueRequired\":true,\"valueName\":\"search_term_string\"}}],\"inLanguage\":\"es\"},{\"@type\":\"Organization\",\"@id\":\"https:\\\/\\\/edengardenequipment.com\\\/#organization\",\"name\":\"Eden Garden Equipment\",\"url\":\"https:\\\/\\\/edengardenequipment.com\\\/\",\"logo\":{\"@type\":\"ImageObject\",\"inLanguage\":\"es\",\"@id\":\"https:\\\/\\\/edengardenequipment.com\\\/#\\\/schema\\\/logo\\\/image\\\/\",\"url\":\"https:\\\/\\\/edengardenequipment.com\\\/wp-content\\\/uploads\\\/2023\\\/06\\\/cropped-Asset-1@2xnew2.png\",\"contentUrl\":\"https:\\\/\\\/edengardenequipment.com\\\/wp-content\\\/uploads\\\/2023\\\/06\\\/cropped-Asset-1@2xnew2.png\",\"width\":512,\"height\":512,\"caption\":\"Eden Garden Equipment\"},\"image\":{\"@id\":\"https:\\\/\\\/edengardenequipment.com\\\/#\\\/schema\\\/logo\\\/image\\\/\"}}]}<\/script>\n<!-- \/ Yoast SEO plugin. -->","yoast_head_json":{"title":"Extendable Hedge Shears - Eden Garden Equipment","description":"Keep tall hedges and bountiful bushes in perfect shape with our handy pair of extendable hedge shears. These are no ordinary hedge shears. It is an ideal","robots":{"index":"index","follow":"follow","max-snippet":"max-snippet:-1","max-image-preview":"max-image-preview:large","max-video-preview":"max-video-preview:-1"},"canonical":"https:\/\/edengardenequipment.com\/es\/producto\/extendable-hedge-shears\/","og_locale":"es_ES","og_type":"article","og_title":"Extendable Hedge Shears - Eden Garden Equipment","og_description":"Keep tall hedges and bountiful bushes in perfect shape with our handy pair of extendable hedge shears. These are no ordinary hedge shears. It is an ideal","og_url":"https:\/\/edengardenequipment.com\/es\/producto\/extendable-hedge-shears\/","og_site_name":"Eden Garden Equipment","article_modified_time":"2025-07-10T06:23:33+00:00","og_image":[{"width":1000,"height":1000,"url":"https:\/\/edengardenequipment.com\/wp-content\/uploads\/2023\/06\/w6b5984.jpg","type":"image\/jpeg"}],"twitter_card":"summary_large_image","twitter_misc":{"Tiempo de lectura":"2 minutos"},"schema":{"@context":"https:\/\/schema.org","@graph":[{"@type":"WebPage","@id":"https:\/\/edengardenequipment.com\/product\/extendable-hedge-shears\/","url":"https:\/\/edengardenequipment.com\/product\/extendable-hedge-shears\/","name":"Extendable Hedge Shears - Eden Garden Equipment","isPartOf":{"@id":"https:\/\/edengardenequipment.com\/#website"},"primaryImageOfPage":{"@id":"https:\/\/edengardenequipment.com\/product\/extendable-hedge-shears\/#primaryimage"},"image":{"@id":"https:\/\/edengardenequipment.com\/product\/extendable-hedge-shears\/#primaryimage"},"thumbnailUrl":"https:\/\/edengardenequipment.com\/wp-content\/uploads\/2023\/06\/w6b5984.jpg","datePublished":"2023-09-26T18:07:11+00:00","dateModified":"2025-07-10T06:23:33+00:00","description":"Keep tall hedges and bountiful bushes in perfect shape with our handy pair of extendable hedge shears. These are no ordinary hedge shears. It is an ideal","breadcrumb":{"@id":"https:\/\/edengardenequipment.com\/product\/extendable-hedge-shears\/#breadcrumb"},"inLanguage":"es","potentialAction":[{"@type":"ReadAction","target":["https:\/\/edengardenequipment.com\/product\/extendable-hedge-shears\/"]}]},{"@type":"ImageObject","inLanguage":"es","@id":"https:\/\/edengardenequipment.com\/product\/extendable-hedge-shears\/#primaryimage","url":"https:\/\/edengardenequipment.com\/wp-content\/uploads\/2023\/06\/w6b5984.jpg","contentUrl":"https:\/\/edengardenequipment.com\/wp-content\/uploads\/2023\/06\/w6b5984.jpg","width":1000,"height":1000,"caption":"Extendable Hedge Shears"},{"@type":"BreadcrumbList","@id":"https:\/\/edengardenequipment.com\/product\/extendable-hedge-shears\/#breadcrumb","itemListElement":[{"@type":"ListItem","position":1,"name":"Home","item":"https:\/\/edengardenequipment.com\/"},{"@type":"ListItem","position":2,"name":"Shop","item":"https:\/\/edengardenequipment.com\/shop\/"},{"@type":"ListItem","position":3,"name":"Extendable Hedge Shears"}]},{"@type":"WebSite","@id":"https:\/\/edengardenequipment.com\/#website","url":"https:\/\/edengardenequipment.com\/","name":"Eden Garden Equipment","description":"Best Gardening Tools for Sale","publisher":{"@id":"https:\/\/edengardenequipment.com\/#organization"},"potentialAction":[{"@type":"SearchAction","target":{"@type":"EntryPoint","urlTemplate":"https:\/\/edengardenequipment.com\/?s={search_term_string}"},"query-input":{"@type":"PropertyValueSpecification","valueRequired":true,"valueName":"search_term_string"}}],"inLanguage":"es"},{"@type":"Organization","@id":"https:\/\/edengardenequipment.com\/#organization","name":"Eden Garden Equipment","url":"https:\/\/edengardenequipment.com\/","logo":{"@type":"ImageObject","inLanguage":"es","@id":"https:\/\/edengardenequipment.com\/#\/schema\/logo\/image\/","url":"https:\/\/edengardenequipment.com\/wp-content\/uploads\/2023\/06\/cropped-Asset-1@2xnew2.png","contentUrl":"https:\/\/edengardenequipment.com\/wp-content\/uploads\/2023\/06\/cropped-Asset-1@2xnew2.png","width":512,"height":512,"caption":"Eden Garden Equipment"},"image":{"@id":"https:\/\/edengardenequipment.com\/#\/schema\/logo\/image\/"}}]}},"_links":{"self":[{"href":"https:\/\/edengardenequipment.com\/es\/wp-json\/wp\/v2\/product\/8555","targetHints":{"allow":["GET"]}}],"collection":[{"href":"https:\/\/edengardenequipment.com\/es\/wp-json\/wp\/v2\/product"}],"about":[{"href":"https:\/\/edengardenequipment.com\/es\/wp-json\/wp\/v2\/types\/product"}],"replies":[{"embeddable":true,"href":"https:\/\/edengardenequipment.com\/es\/wp-json\/wp\/v2\/comments?post=8555"}],"wp:featuredmedia":[{"embeddable":true,"href":"https:\/\/edengardenequipment.com\/es\/wp-json\/wp\/v2\/media\/8559"}],"wp:attachment":[{"href":"https:\/\/edengardenequipment.com\/es\/wp-json\/wp\/v2\/media?parent=8555"}],"wp:term":[{"taxonomy":"product_brand","embeddable":true,"href":"https:\/\/edengardenequipment.com\/es\/wp-json\/wp\/v2\/product_brand?post=8555"},{"taxonomy":"product_cat","embeddable":true,"href":"https:\/\/edengardenequipment.com\/es\/wp-json\/wp\/v2\/product_cat?post=8555"},{"taxonomy":"product_tag","embeddable":true,"href":"https:\/\/edengardenequipment.com\/es\/wp-json\/wp\/v2\/product_tag?post=8555"}],"curies":[{"name":"wp","href":"https:\/\/api.w.org\/{rel}","templated":true}]}}