{"id":8563,"date":"2023-09-30T02:52:06","date_gmt":"2023-09-30T01:52:06","guid":{"rendered":"https:\/\/edengardenequipment.com\/?post_type=product&#038;p=8563"},"modified":"2025-05-05T17:57:26","modified_gmt":"2025-05-05T16:57:26","slug":"med-size-lopper","status":"publish","type":"product","link":"https:\/\/edengardenequipment.com\/es\/producto\/med-size-lopper\/","title":{"rendered":"Tijeras de podar de tama\u00f1o mediano"},"content":{"rendered":"<p>Para optimizar su rendimiento en el jard\u00edn, mientras realiza tareas con la m\u00e1xima comodidad, esta Tijeras de Podar de Tama\u00f1o Medio es la mejor opci\u00f3n.<\/p>\n<ul>\n<li>Los mangos de esta tijera de podar de tama\u00f1o mediano est\u00e1n hechos de compuesto de fibra de vidrio y son m\u00e1s resistentes que el acero y extremadamente livianas. El compuesto de fibra de vidrio ofrece un rendimiento m\u00e1ximo y tiene caracter\u00edsticas de absorci\u00f3n de impactos.<\/li>\n<li>Con un mecanismo de trinquete patentado y un dise\u00f1o ergon\u00f3mico, puede sostenerlo c\u00f3modamente y cortar y recortar ramas de \u00e1rboles sin necesidad de fuerza adicional.<\/li>\n<li>Cuenta con una cuchilla de alta calidad con efecto antiadherente que permite cortar con facilidad, limpiarla e incluso afilarla cuando sea necesario. Adem\u00e1s, la cuchilla tambi\u00e9n es reemplazable.<\/li>\n<li>Incluso en las condiciones clim\u00e1ticas m\u00e1s adversas, puede utilizar esta herramienta con una comodidad sin precedentes, principalmente debido a su baja conductividad del fr\u00edo y su superficie antideslizante.<\/li>\n<li>Su tama\u00f1o y peso lo convierten en la mejor opci\u00f3n para acceder entre las ramas y realizar el trabajo de corte a la perfecci\u00f3n.<\/li>\n<li>Detalles de la podadora de tama\u00f1o mediano:<br \/>\n<table id=\"product-attribute-specs-table\" class=\"data-table\">\n<colgroup>\n<col width=\"25%\" \/>\n<col \/><\/colgroup>\n<tbody>\n<tr class=\"first odd\">\n<th class=\"label\">PESO (GM&#039;S)<\/th>\n<td class=\"data last\">510.0000<\/td>\n<\/tr>\n<tr class=\"even\">\n<th class=\"label\">LARGO DEL PRODUCTO (CM)<\/th>\n<td class=\"data last\">41.7<\/td>\n<\/tr>\n<tr class=\"odd\">\n<th class=\"label\">ANCHO DEL PRODUCTO (CM)<\/th>\n<td class=\"data last\">17.2<\/td>\n<\/tr>\n<tr class=\"last even\">\n<th class=\"label\">ALTURA DEL PRODUCTO (CM)<\/th>\n<td class=\"data last\">3.5<\/td>\n<\/tr>\n<\/tbody>\n<\/table>\n<div class=\"row\">\n<div class=\"col-main col-sm-24\">\n<div class=\"col-wrapper-main\">\n<div class=\"product-view\">\n<div class=\"product-collateral\">\n<div class=\"product-detail-tab\">\n<div class=\"nav-tab-content tab-content\">\n<div><\/div>\n<div id=\"box-custom_tab_1\" class=\"box-collateral box-custom_tab_1 tab-pane fade active in\">Todos los productos de Eden Garden Equipment tienen una garant\u00eda de 12 meses a partir del d\u00eda de la compra.<\/div>\n<\/div>\n<\/div>\n<\/div>\n<\/div>\n<\/div>\n<\/div>\n<\/div>\n<div class=\"row\"><\/div>\n<\/li>\n<\/ul>","protected":false},"excerpt":{"rendered":"<h2>RESUMEN R\u00c1PIDO<\/h2>\n<div class=\"std\">\n<p>Para optimizar su rendimiento en el jard\u00edn, mientras realiza tareas con la m\u00e1xima comodidad, esta tijera de podar de tama\u00f1o mediano es la mejor opci\u00f3n.<\/p>\n<\/div>","protected":false},"featured_media":8564,"comment_status":"open","ping_status":"closed","template":"","meta":[],"product_brand":[],"product_cat":[249],"product_tag":[],"class_list":{"0":"post-8563","1":"product","2":"type-product","3":"status-publish","4":"has-post-thumbnail","6":"product_cat-garden-tools","8":"first","9":"instock","10":"sale","11":"taxable","12":"shipping-taxable","13":"purchasable","14":"product-type-simple"},"yoast_head":"<!-- This site is optimized with the Yoast SEO plugin v27.5 - https:\/\/yoast.com\/product\/yoast-seo-wordpress\/ -->\n<title>Med Size Lopper - Eden Garden Equipment<\/title>\n<meta name=\"description\" content=\"To optimize your performance in the garden, while performing tasks with maximum comfort, this Med Size Lopper is the best choice.\" \/>\n<meta name=\"robots\" content=\"index, follow, max-snippet:-1, max-image-preview:large, max-video-preview:-1\" \/>\n<link rel=\"canonical\" href=\"https:\/\/edengardenequipment.com\/es\/producto\/med-size-lopper\/\" \/>\n<meta property=\"og:locale\" content=\"es_ES\" \/>\n<meta property=\"og:type\" content=\"article\" \/>\n<meta property=\"og:title\" content=\"Med Size Lopper - Eden Garden Equipment\" \/>\n<meta property=\"og:description\" content=\"To optimize your performance in the garden, while performing tasks with maximum comfort, this Med Size Lopper is the best choice.\" \/>\n<meta property=\"og:url\" content=\"https:\/\/edengardenequipment.com\/es\/producto\/med-size-lopper\/\" \/>\n<meta property=\"og:site_name\" content=\"Eden Garden Equipment\" \/>\n<meta property=\"article:modified_time\" content=\"2025-05-05T16:57:26+00:00\" \/>\n<meta property=\"og:image\" content=\"https:\/\/edengardenequipment.com\/wp-content\/uploads\/2023\/06\/w6b5990.jpg\" \/>\n\t<meta property=\"og:image:width\" content=\"1000\" \/>\n\t<meta property=\"og:image:height\" content=\"1000\" \/>\n\t<meta property=\"og:image:type\" content=\"image\/jpeg\" \/>\n<meta name=\"twitter:card\" content=\"summary_large_image\" \/>\n<meta name=\"twitter:label1\" content=\"Tiempo de lectura\" \/>\n\t<meta name=\"twitter:data1\" content=\"1 minuto\" \/>\n<script type=\"application\/ld+json\" class=\"yoast-schema-graph\">{\"@context\":\"https:\\\/\\\/schema.org\",\"@graph\":[{\"@type\":\"WebPage\",\"@id\":\"https:\\\/\\\/edengardenequipment.com\\\/product\\\/med-size-lopper\\\/\",\"url\":\"https:\\\/\\\/edengardenequipment.com\\\/product\\\/med-size-lopper\\\/\",\"name\":\"Med Size Lopper - Eden Garden Equipment\",\"isPartOf\":{\"@id\":\"https:\\\/\\\/edengardenequipment.com\\\/#website\"},\"primaryImageOfPage\":{\"@id\":\"https:\\\/\\\/edengardenequipment.com\\\/product\\\/med-size-lopper\\\/#primaryimage\"},\"image\":{\"@id\":\"https:\\\/\\\/edengardenequipment.com\\\/product\\\/med-size-lopper\\\/#primaryimage\"},\"thumbnailUrl\":\"https:\\\/\\\/edengardenequipment.com\\\/wp-content\\\/uploads\\\/2023\\\/06\\\/w6b5990.jpg\",\"datePublished\":\"2023-09-30T01:52:06+00:00\",\"dateModified\":\"2025-05-05T16:57:26+00:00\",\"description\":\"To optimize your performance in the garden, while performing tasks with maximum comfort, this Med Size Lopper is the best choice.\",\"breadcrumb\":{\"@id\":\"https:\\\/\\\/edengardenequipment.com\\\/product\\\/med-size-lopper\\\/#breadcrumb\"},\"inLanguage\":\"es\",\"potentialAction\":[{\"@type\":\"ReadAction\",\"target\":[\"https:\\\/\\\/edengardenequipment.com\\\/product\\\/med-size-lopper\\\/\"]}]},{\"@type\":\"ImageObject\",\"inLanguage\":\"es\",\"@id\":\"https:\\\/\\\/edengardenequipment.com\\\/product\\\/med-size-lopper\\\/#primaryimage\",\"url\":\"https:\\\/\\\/edengardenequipment.com\\\/wp-content\\\/uploads\\\/2023\\\/06\\\/w6b5990.jpg\",\"contentUrl\":\"https:\\\/\\\/edengardenequipment.com\\\/wp-content\\\/uploads\\\/2023\\\/06\\\/w6b5990.jpg\",\"width\":1000,\"height\":1000,\"caption\":\"Med Size Lopper\"},{\"@type\":\"BreadcrumbList\",\"@id\":\"https:\\\/\\\/edengardenequipment.com\\\/product\\\/med-size-lopper\\\/#breadcrumb\",\"itemListElement\":[{\"@type\":\"ListItem\",\"position\":1,\"name\":\"Home\",\"item\":\"https:\\\/\\\/edengardenequipment.com\\\/\"},{\"@type\":\"ListItem\",\"position\":2,\"name\":\"Shop\",\"item\":\"https:\\\/\\\/edengardenequipment.com\\\/shop\\\/\"},{\"@type\":\"ListItem\",\"position\":3,\"name\":\"Med Size Lopper\"}]},{\"@type\":\"WebSite\",\"@id\":\"https:\\\/\\\/edengardenequipment.com\\\/#website\",\"url\":\"https:\\\/\\\/edengardenequipment.com\\\/\",\"name\":\"Eden Garden Equipment\",\"description\":\"Best Gardening Tools for Sale\",\"publisher\":{\"@id\":\"https:\\\/\\\/edengardenequipment.com\\\/#organization\"},\"potentialAction\":[{\"@type\":\"SearchAction\",\"target\":{\"@type\":\"EntryPoint\",\"urlTemplate\":\"https:\\\/\\\/edengardenequipment.com\\\/?s={search_term_string}\"},\"query-input\":{\"@type\":\"PropertyValueSpecification\",\"valueRequired\":true,\"valueName\":\"search_term_string\"}}],\"inLanguage\":\"es\"},{\"@type\":\"Organization\",\"@id\":\"https:\\\/\\\/edengardenequipment.com\\\/#organization\",\"name\":\"Eden Garden Equipment\",\"url\":\"https:\\\/\\\/edengardenequipment.com\\\/\",\"logo\":{\"@type\":\"ImageObject\",\"inLanguage\":\"es\",\"@id\":\"https:\\\/\\\/edengardenequipment.com\\\/#\\\/schema\\\/logo\\\/image\\\/\",\"url\":\"https:\\\/\\\/edengardenequipment.com\\\/wp-content\\\/uploads\\\/2023\\\/06\\\/cropped-Asset-1@2xnew2.png\",\"contentUrl\":\"https:\\\/\\\/edengardenequipment.com\\\/wp-content\\\/uploads\\\/2023\\\/06\\\/cropped-Asset-1@2xnew2.png\",\"width\":512,\"height\":512,\"caption\":\"Eden Garden Equipment\"},\"image\":{\"@id\":\"https:\\\/\\\/edengardenequipment.com\\\/#\\\/schema\\\/logo\\\/image\\\/\"}}]}<\/script>\n<!-- \/ Yoast SEO plugin. -->","yoast_head_json":{"title":"Med Size Lopper - Eden Garden Equipment","description":"To optimize your performance in the garden, while performing tasks with maximum comfort, this Med Size Lopper is the best choice.","robots":{"index":"index","follow":"follow","max-snippet":"max-snippet:-1","max-image-preview":"max-image-preview:large","max-video-preview":"max-video-preview:-1"},"canonical":"https:\/\/edengardenequipment.com\/es\/producto\/med-size-lopper\/","og_locale":"es_ES","og_type":"article","og_title":"Med Size Lopper - Eden Garden Equipment","og_description":"To optimize your performance in the garden, while performing tasks with maximum comfort, this Med Size Lopper is the best choice.","og_url":"https:\/\/edengardenequipment.com\/es\/producto\/med-size-lopper\/","og_site_name":"Eden Garden Equipment","article_modified_time":"2025-05-05T16:57:26+00:00","og_image":[{"width":1000,"height":1000,"url":"https:\/\/edengardenequipment.com\/wp-content\/uploads\/2023\/06\/w6b5990.jpg","type":"image\/jpeg"}],"twitter_card":"summary_large_image","twitter_misc":{"Tiempo de lectura":"1 minuto"},"schema":{"@context":"https:\/\/schema.org","@graph":[{"@type":"WebPage","@id":"https:\/\/edengardenequipment.com\/product\/med-size-lopper\/","url":"https:\/\/edengardenequipment.com\/product\/med-size-lopper\/","name":"Med Size Lopper - Eden Garden Equipment","isPartOf":{"@id":"https:\/\/edengardenequipment.com\/#website"},"primaryImageOfPage":{"@id":"https:\/\/edengardenequipment.com\/product\/med-size-lopper\/#primaryimage"},"image":{"@id":"https:\/\/edengardenequipment.com\/product\/med-size-lopper\/#primaryimage"},"thumbnailUrl":"https:\/\/edengardenequipment.com\/wp-content\/uploads\/2023\/06\/w6b5990.jpg","datePublished":"2023-09-30T01:52:06+00:00","dateModified":"2025-05-05T16:57:26+00:00","description":"To optimize your performance in the garden, while performing tasks with maximum comfort, this Med Size Lopper is the best choice.","breadcrumb":{"@id":"https:\/\/edengardenequipment.com\/product\/med-size-lopper\/#breadcrumb"},"inLanguage":"es","potentialAction":[{"@type":"ReadAction","target":["https:\/\/edengardenequipment.com\/product\/med-size-lopper\/"]}]},{"@type":"ImageObject","inLanguage":"es","@id":"https:\/\/edengardenequipment.com\/product\/med-size-lopper\/#primaryimage","url":"https:\/\/edengardenequipment.com\/wp-content\/uploads\/2023\/06\/w6b5990.jpg","contentUrl":"https:\/\/edengardenequipment.com\/wp-content\/uploads\/2023\/06\/w6b5990.jpg","width":1000,"height":1000,"caption":"Med Size Lopper"},{"@type":"BreadcrumbList","@id":"https:\/\/edengardenequipment.com\/product\/med-size-lopper\/#breadcrumb","itemListElement":[{"@type":"ListItem","position":1,"name":"Home","item":"https:\/\/edengardenequipment.com\/"},{"@type":"ListItem","position":2,"name":"Shop","item":"https:\/\/edengardenequipment.com\/shop\/"},{"@type":"ListItem","position":3,"name":"Med Size Lopper"}]},{"@type":"WebSite","@id":"https:\/\/edengardenequipment.com\/#website","url":"https:\/\/edengardenequipment.com\/","name":"Eden Garden Equipment","description":"Best Gardening Tools for Sale","publisher":{"@id":"https:\/\/edengardenequipment.com\/#organization"},"potentialAction":[{"@type":"SearchAction","target":{"@type":"EntryPoint","urlTemplate":"https:\/\/edengardenequipment.com\/?s={search_term_string}"},"query-input":{"@type":"PropertyValueSpecification","valueRequired":true,"valueName":"search_term_string"}}],"inLanguage":"es"},{"@type":"Organization","@id":"https:\/\/edengardenequipment.com\/#organization","name":"Eden Garden Equipment","url":"https:\/\/edengardenequipment.com\/","logo":{"@type":"ImageObject","inLanguage":"es","@id":"https:\/\/edengardenequipment.com\/#\/schema\/logo\/image\/","url":"https:\/\/edengardenequipment.com\/wp-content\/uploads\/2023\/06\/cropped-Asset-1@2xnew2.png","contentUrl":"https:\/\/edengardenequipment.com\/wp-content\/uploads\/2023\/06\/cropped-Asset-1@2xnew2.png","width":512,"height":512,"caption":"Eden Garden Equipment"},"image":{"@id":"https:\/\/edengardenequipment.com\/#\/schema\/logo\/image\/"}}]}},"_links":{"self":[{"href":"https:\/\/edengardenequipment.com\/es\/wp-json\/wp\/v2\/product\/8563","targetHints":{"allow":["GET"]}}],"collection":[{"href":"https:\/\/edengardenequipment.com\/es\/wp-json\/wp\/v2\/product"}],"about":[{"href":"https:\/\/edengardenequipment.com\/es\/wp-json\/wp\/v2\/types\/product"}],"replies":[{"embeddable":true,"href":"https:\/\/edengardenequipment.com\/es\/wp-json\/wp\/v2\/comments?post=8563"}],"wp:featuredmedia":[{"embeddable":true,"href":"https:\/\/edengardenequipment.com\/es\/wp-json\/wp\/v2\/media\/8564"}],"wp:attachment":[{"href":"https:\/\/edengardenequipment.com\/es\/wp-json\/wp\/v2\/media?parent=8563"}],"wp:term":[{"taxonomy":"product_brand","embeddable":true,"href":"https:\/\/edengardenequipment.com\/es\/wp-json\/wp\/v2\/product_brand?post=8563"},{"taxonomy":"product_cat","embeddable":true,"href":"https:\/\/edengardenequipment.com\/es\/wp-json\/wp\/v2\/product_cat?post=8563"},{"taxonomy":"product_tag","embeddable":true,"href":"https:\/\/edengardenequipment.com\/es\/wp-json\/wp\/v2\/product_tag?post=8563"}],"curies":[{"name":"wp","href":"https:\/\/api.w.org\/{rel}","templated":true}]}}