{"id":8621,"date":"2023-09-29T05:48:07","date_gmt":"2023-09-29T04:48:07","guid":{"rendered":"https:\/\/edengardenequipment.com\/?post_type=product&#038;p=8621"},"modified":"2025-04-28T07:37:23","modified_gmt":"2025-04-28T06:37:23","slug":"telescopic-lopper-2","status":"publish","type":"product","link":"https:\/\/edengardenequipment.com\/es\/producto\/telescopic-lopper-2\/","title":{"rendered":"Tijeras de podar telesc\u00f3picas"},"content":{"rendered":"<p>Esta tijera de podar telesc\u00f3pica es una herramienta de jardiner\u00eda imprescindible para la poda. Sus caracter\u00edsticas y su ingenioso mecanismo la hacen ideal para podar ramas grandes y gruesas con la m\u00e1xima comodidad y facilidad. Entre sus caracter\u00edsticas m\u00e1s destacadas se incluyen:<\/p>\n<ul>\n<li style=\"list-style-type: none;\">\n<ul>\n<li>Mangos extensibles: permiten podar cualquier tipo de madera, madera muerta h\u00fameda o seca incluso en lugares de dif\u00edcil acceso, hasta dos metros y medio.<\/li>\n<\/ul>\n<\/li>\n<\/ul>\n<ul>\n<li style=\"list-style-type: none;\">\n<ul>\n<li>Agarre ergon\u00f3mico: proporciona mayor comodidad y agarre antideslizante para que pueda cortar con menos energ\u00eda y sin tensi\u00f3n en las manos, las mu\u00f1ecas o los hombros.<\/li>\n<\/ul>\n<\/li>\n<\/ul>\n<ul>\n<li style=\"list-style-type: none;\">\n<ul>\n<li>Potencia superior: su acci\u00f3n de tijera de trinquete ayuda a podar con gran potencia, lo que permite cortes en m\u00faltiples pasos de aumento de presi\u00f3n en lugar de solo uno, lo que la hace m\u00e1s eficiente y potente en rendimiento.<\/li>\n<\/ul>\n<\/li>\n<\/ul>\n<ul>\n<li style=\"list-style-type: none;\">\n<ul>\n<li>Excelente precisi\u00f3n: con esta tijera de podar, fabricada con una hoja de acero con alto contenido de carbono recubierta de tefl\u00f3n, podr\u00e1 lograr cortes m\u00e1s suaves y limpios y disfrutar de la m\u00e1xima eficiencia de corte hasta 75 mm de di\u00e1metro.<\/li>\n<\/ul>\n<\/li>\n<\/ul>\n<ul>\n<li style=\"list-style-type: none;\">\n<ul>\n<li>Ligera y duradera: con mangos telesc\u00f3picos de aluminio, esta tijera de podar es liviana, robusta, resistente al \u00f3xido y duradera. Es una inversi\u00f3n que durar\u00e1 muchos a\u00f1os.<\/li>\n<\/ul>\n<\/li>\n<\/ul>\n<ul>\n<li>Cuchilla telesc\u00f3pica para poda de \u00e1rboles: la cuchilla de acero con alto contenido de carbono recubierta de tefl\u00f3n permite cortar ramas gruesas y madera muerta resistente con gran facilidad. Adem\u00e1s, las cuchillas son reemplazables, por lo que no tendr\u00e1 que preocuparse por invertir en una nueva podadora en el futuro.<\/li>\n<\/ul>\n<table id=\"product-attribute-specs-table\" class=\"data-table\">\n<colgroup>\n<col width=\"25%\" \/>\n<col \/><\/colgroup>\n<tbody>\n<tr class=\"first odd\">\n<th class=\"label\">PESO (GM&#039;S)<\/th>\n<td class=\"data last\">1570.0000<\/td>\n<\/tr>\n<tr class=\"even\">\n<th class=\"label\">LARGO DEL PRODUCTO (CM)<\/th>\n<td class=\"data last\">68 &#8211; 101<\/td>\n<\/tr>\n<tr class=\"odd\">\n<th class=\"label\">ANCHO DEL PRODUCTO (CM)<\/th>\n<td class=\"data last\">28.8 &#8211; 40.7<\/td>\n<\/tr>\n<tr class=\"last even\">\n<th class=\"label\">ALTURA DEL PRODUCTO (CM)<\/th>\n<td class=\"data last\">4.3<\/td>\n<\/tr>\n<\/tbody>\n<\/table>\n<div class=\"row\">\n<div class=\"col-main col-sm-24\">\n<div class=\"col-wrapper-main\">\n<div class=\"product-view\">\n<div class=\"product-collateral\">\n<div class=\"product-detail-tab\">\n<div class=\"nav-tab-content tab-content\">\n<div id=\"box-custom_tab_1\" class=\"box-collateral box-custom_tab_1 tab-pane fade active in\">Todos los productos de Eden Garden Equipment tienen una garant\u00eda de 12 meses a partir del d\u00eda de la compra.<\/div>\n<\/div>\n<\/div>\n<\/div>\n<\/div>\n<\/div>\n<\/div>\n<\/div>\n<div class=\"row\"><\/div>","protected":false},"excerpt":{"rendered":"<p>This Telescopic Lopper gardening tool is a must-have for pruning purposes. Its features and ingenious&#8230;<\/p>","protected":false},"featured_media":8623,"comment_status":"open","ping_status":"closed","template":"","meta":[],"product_brand":[],"product_cat":[249],"product_tag":[],"class_list":{"0":"post-8621","1":"product","2":"type-product","3":"status-publish","4":"has-post-thumbnail","6":"product_cat-garden-tools","8":"first","9":"instock","10":"sale","11":"taxable","12":"shipping-taxable","13":"purchasable","14":"product-type-simple"},"yoast_head":"<!-- This site is optimized with the Yoast SEO plugin v27.5 - https:\/\/yoast.com\/product\/yoast-seo-wordpress\/ -->\n<title>Telescopic Lopper - Eden Garden Equipment<\/title>\n<meta name=\"description\" content=\"This Telescopic Lopper gardening tool is a must-have for pruning purposes. Its features and ingenious mechanism makes it ideal for pruning large and thick\" \/>\n<meta name=\"robots\" content=\"index, follow, max-snippet:-1, max-image-preview:large, max-video-preview:-1\" \/>\n<link rel=\"canonical\" href=\"https:\/\/edengardenequipment.com\/es\/producto\/telescopic-lopper-2\/\" \/>\n<meta property=\"og:locale\" content=\"es_ES\" \/>\n<meta property=\"og:type\" content=\"article\" \/>\n<meta property=\"og:title\" content=\"Telescopic Lopper - Eden Garden Equipment\" \/>\n<meta property=\"og:description\" content=\"This Telescopic Lopper gardening tool is a must-have for pruning purposes. Its features and ingenious mechanism makes it ideal for pruning large and thick\" \/>\n<meta property=\"og:url\" content=\"https:\/\/edengardenequipment.com\/es\/producto\/telescopic-lopper-2\/\" \/>\n<meta property=\"og:site_name\" content=\"Eden Garden Equipment\" \/>\n<meta property=\"article:modified_time\" content=\"2025-04-28T06:37:23+00:00\" \/>\n<meta property=\"og:image\" content=\"https:\/\/edengardenequipment.com\/wp-content\/uploads\/2023\/06\/w6b5961-1.jpg\" \/>\n\t<meta property=\"og:image:width\" content=\"1000\" \/>\n\t<meta property=\"og:image:height\" content=\"1000\" \/>\n\t<meta property=\"og:image:type\" content=\"image\/jpeg\" \/>\n<meta name=\"twitter:card\" content=\"summary_large_image\" \/>\n<meta name=\"twitter:label1\" content=\"Tiempo de lectura\" \/>\n\t<meta name=\"twitter:data1\" content=\"2 minutos\" \/>\n<script type=\"application\/ld+json\" class=\"yoast-schema-graph\">{\"@context\":\"https:\\\/\\\/schema.org\",\"@graph\":[{\"@type\":\"WebPage\",\"@id\":\"https:\\\/\\\/edengardenequipment.com\\\/product\\\/telescopic-lopper-2\\\/\",\"url\":\"https:\\\/\\\/edengardenequipment.com\\\/product\\\/telescopic-lopper-2\\\/\",\"name\":\"Telescopic Lopper - Eden Garden Equipment\",\"isPartOf\":{\"@id\":\"https:\\\/\\\/edengardenequipment.com\\\/#website\"},\"primaryImageOfPage\":{\"@id\":\"https:\\\/\\\/edengardenequipment.com\\\/product\\\/telescopic-lopper-2\\\/#primaryimage\"},\"image\":{\"@id\":\"https:\\\/\\\/edengardenequipment.com\\\/product\\\/telescopic-lopper-2\\\/#primaryimage\"},\"thumbnailUrl\":\"https:\\\/\\\/edengardenequipment.com\\\/wp-content\\\/uploads\\\/2023\\\/06\\\/w6b5961-1.jpg\",\"datePublished\":\"2023-09-29T04:48:07+00:00\",\"dateModified\":\"2025-04-28T06:37:23+00:00\",\"description\":\"This Telescopic Lopper gardening tool is a must-have for pruning purposes. Its features and ingenious mechanism makes it ideal for pruning large and thick\",\"breadcrumb\":{\"@id\":\"https:\\\/\\\/edengardenequipment.com\\\/product\\\/telescopic-lopper-2\\\/#breadcrumb\"},\"inLanguage\":\"es\",\"potentialAction\":[{\"@type\":\"ReadAction\",\"target\":[\"https:\\\/\\\/edengardenequipment.com\\\/product\\\/telescopic-lopper-2\\\/\"]}]},{\"@type\":\"ImageObject\",\"inLanguage\":\"es\",\"@id\":\"https:\\\/\\\/edengardenequipment.com\\\/product\\\/telescopic-lopper-2\\\/#primaryimage\",\"url\":\"https:\\\/\\\/edengardenequipment.com\\\/wp-content\\\/uploads\\\/2023\\\/06\\\/w6b5961-1.jpg\",\"contentUrl\":\"https:\\\/\\\/edengardenequipment.com\\\/wp-content\\\/uploads\\\/2023\\\/06\\\/w6b5961-1.jpg\",\"width\":1000,\"height\":1000},{\"@type\":\"BreadcrumbList\",\"@id\":\"https:\\\/\\\/edengardenequipment.com\\\/product\\\/telescopic-lopper-2\\\/#breadcrumb\",\"itemListElement\":[{\"@type\":\"ListItem\",\"position\":1,\"name\":\"Home\",\"item\":\"https:\\\/\\\/edengardenequipment.com\\\/\"},{\"@type\":\"ListItem\",\"position\":2,\"name\":\"Shop\",\"item\":\"https:\\\/\\\/edengardenequipment.com\\\/shop\\\/\"},{\"@type\":\"ListItem\",\"position\":3,\"name\":\"Telescopic Lopper\"}]},{\"@type\":\"WebSite\",\"@id\":\"https:\\\/\\\/edengardenequipment.com\\\/#website\",\"url\":\"https:\\\/\\\/edengardenequipment.com\\\/\",\"name\":\"Eden Garden Equipment\",\"description\":\"Best Gardening Tools for Sale\",\"publisher\":{\"@id\":\"https:\\\/\\\/edengardenequipment.com\\\/#organization\"},\"potentialAction\":[{\"@type\":\"SearchAction\",\"target\":{\"@type\":\"EntryPoint\",\"urlTemplate\":\"https:\\\/\\\/edengardenequipment.com\\\/?s={search_term_string}\"},\"query-input\":{\"@type\":\"PropertyValueSpecification\",\"valueRequired\":true,\"valueName\":\"search_term_string\"}}],\"inLanguage\":\"es\"},{\"@type\":\"Organization\",\"@id\":\"https:\\\/\\\/edengardenequipment.com\\\/#organization\",\"name\":\"Eden Garden Equipment\",\"url\":\"https:\\\/\\\/edengardenequipment.com\\\/\",\"logo\":{\"@type\":\"ImageObject\",\"inLanguage\":\"es\",\"@id\":\"https:\\\/\\\/edengardenequipment.com\\\/#\\\/schema\\\/logo\\\/image\\\/\",\"url\":\"https:\\\/\\\/edengardenequipment.com\\\/wp-content\\\/uploads\\\/2023\\\/06\\\/cropped-Asset-1@2xnew2.png\",\"contentUrl\":\"https:\\\/\\\/edengardenequipment.com\\\/wp-content\\\/uploads\\\/2023\\\/06\\\/cropped-Asset-1@2xnew2.png\",\"width\":512,\"height\":512,\"caption\":\"Eden Garden Equipment\"},\"image\":{\"@id\":\"https:\\\/\\\/edengardenequipment.com\\\/#\\\/schema\\\/logo\\\/image\\\/\"}}]}<\/script>\n<!-- \/ Yoast SEO plugin. -->","yoast_head_json":{"title":"Telescopic Lopper - Eden Garden Equipment","description":"This Telescopic Lopper gardening tool is a must-have for pruning purposes. Its features and ingenious mechanism makes it ideal for pruning large and thick","robots":{"index":"index","follow":"follow","max-snippet":"max-snippet:-1","max-image-preview":"max-image-preview:large","max-video-preview":"max-video-preview:-1"},"canonical":"https:\/\/edengardenequipment.com\/es\/producto\/telescopic-lopper-2\/","og_locale":"es_ES","og_type":"article","og_title":"Telescopic Lopper - Eden Garden Equipment","og_description":"This Telescopic Lopper gardening tool is a must-have for pruning purposes. Its features and ingenious mechanism makes it ideal for pruning large and thick","og_url":"https:\/\/edengardenequipment.com\/es\/producto\/telescopic-lopper-2\/","og_site_name":"Eden Garden Equipment","article_modified_time":"2025-04-28T06:37:23+00:00","og_image":[{"width":1000,"height":1000,"url":"https:\/\/edengardenequipment.com\/wp-content\/uploads\/2023\/06\/w6b5961-1.jpg","type":"image\/jpeg"}],"twitter_card":"summary_large_image","twitter_misc":{"Tiempo de lectura":"2 minutos"},"schema":{"@context":"https:\/\/schema.org","@graph":[{"@type":"WebPage","@id":"https:\/\/edengardenequipment.com\/product\/telescopic-lopper-2\/","url":"https:\/\/edengardenequipment.com\/product\/telescopic-lopper-2\/","name":"Telescopic Lopper - Eden Garden Equipment","isPartOf":{"@id":"https:\/\/edengardenequipment.com\/#website"},"primaryImageOfPage":{"@id":"https:\/\/edengardenequipment.com\/product\/telescopic-lopper-2\/#primaryimage"},"image":{"@id":"https:\/\/edengardenequipment.com\/product\/telescopic-lopper-2\/#primaryimage"},"thumbnailUrl":"https:\/\/edengardenequipment.com\/wp-content\/uploads\/2023\/06\/w6b5961-1.jpg","datePublished":"2023-09-29T04:48:07+00:00","dateModified":"2025-04-28T06:37:23+00:00","description":"This Telescopic Lopper gardening tool is a must-have for pruning purposes. Its features and ingenious mechanism makes it ideal for pruning large and thick","breadcrumb":{"@id":"https:\/\/edengardenequipment.com\/product\/telescopic-lopper-2\/#breadcrumb"},"inLanguage":"es","potentialAction":[{"@type":"ReadAction","target":["https:\/\/edengardenequipment.com\/product\/telescopic-lopper-2\/"]}]},{"@type":"ImageObject","inLanguage":"es","@id":"https:\/\/edengardenequipment.com\/product\/telescopic-lopper-2\/#primaryimage","url":"https:\/\/edengardenequipment.com\/wp-content\/uploads\/2023\/06\/w6b5961-1.jpg","contentUrl":"https:\/\/edengardenequipment.com\/wp-content\/uploads\/2023\/06\/w6b5961-1.jpg","width":1000,"height":1000},{"@type":"BreadcrumbList","@id":"https:\/\/edengardenequipment.com\/product\/telescopic-lopper-2\/#breadcrumb","itemListElement":[{"@type":"ListItem","position":1,"name":"Home","item":"https:\/\/edengardenequipment.com\/"},{"@type":"ListItem","position":2,"name":"Shop","item":"https:\/\/edengardenequipment.com\/shop\/"},{"@type":"ListItem","position":3,"name":"Telescopic Lopper"}]},{"@type":"WebSite","@id":"https:\/\/edengardenequipment.com\/#website","url":"https:\/\/edengardenequipment.com\/","name":"Eden Garden Equipment","description":"Best Gardening Tools for Sale","publisher":{"@id":"https:\/\/edengardenequipment.com\/#organization"},"potentialAction":[{"@type":"SearchAction","target":{"@type":"EntryPoint","urlTemplate":"https:\/\/edengardenequipment.com\/?s={search_term_string}"},"query-input":{"@type":"PropertyValueSpecification","valueRequired":true,"valueName":"search_term_string"}}],"inLanguage":"es"},{"@type":"Organization","@id":"https:\/\/edengardenequipment.com\/#organization","name":"Eden Garden Equipment","url":"https:\/\/edengardenequipment.com\/","logo":{"@type":"ImageObject","inLanguage":"es","@id":"https:\/\/edengardenequipment.com\/#\/schema\/logo\/image\/","url":"https:\/\/edengardenequipment.com\/wp-content\/uploads\/2023\/06\/cropped-Asset-1@2xnew2.png","contentUrl":"https:\/\/edengardenequipment.com\/wp-content\/uploads\/2023\/06\/cropped-Asset-1@2xnew2.png","width":512,"height":512,"caption":"Eden Garden Equipment"},"image":{"@id":"https:\/\/edengardenequipment.com\/#\/schema\/logo\/image\/"}}]}},"_links":{"self":[{"href":"https:\/\/edengardenequipment.com\/es\/wp-json\/wp\/v2\/product\/8621","targetHints":{"allow":["GET"]}}],"collection":[{"href":"https:\/\/edengardenequipment.com\/es\/wp-json\/wp\/v2\/product"}],"about":[{"href":"https:\/\/edengardenequipment.com\/es\/wp-json\/wp\/v2\/types\/product"}],"replies":[{"embeddable":true,"href":"https:\/\/edengardenequipment.com\/es\/wp-json\/wp\/v2\/comments?post=8621"}],"wp:featuredmedia":[{"embeddable":true,"href":"https:\/\/edengardenequipment.com\/es\/wp-json\/wp\/v2\/media\/8623"}],"wp:attachment":[{"href":"https:\/\/edengardenequipment.com\/es\/wp-json\/wp\/v2\/media?parent=8621"}],"wp:term":[{"taxonomy":"product_brand","embeddable":true,"href":"https:\/\/edengardenequipment.com\/es\/wp-json\/wp\/v2\/product_brand?post=8621"},{"taxonomy":"product_cat","embeddable":true,"href":"https:\/\/edengardenequipment.com\/es\/wp-json\/wp\/v2\/product_cat?post=8621"},{"taxonomy":"product_tag","embeddable":true,"href":"https:\/\/edengardenequipment.com\/es\/wp-json\/wp\/v2\/product_tag?post=8621"}],"curies":[{"name":"wp","href":"https:\/\/api.w.org\/{rel}","templated":true}]}}