{"id":8740,"date":"2024-12-29T09:40:09","date_gmt":"2024-12-29T09:40:09","guid":{"rendered":"https:\/\/edengardenequipment.com\/?post_type=product&#038;p=8740"},"modified":"2025-02-14T15:13:19","modified_gmt":"2025-02-14T15:13:19","slug":"lightweight-splitting-axe","status":"publish","type":"product","link":"https:\/\/edengardenequipment.com\/es\/producto\/lightweight-splitting-axe\/","title":{"rendered":"Hacha de hender ligera"},"content":{"rendered":"<h2>Hacha de hender ligera<\/h2>\n<p class=\"p1\">Nuestras hachas ligeras y expertas est\u00e1n dise\u00f1adas para mejorar cada golpe que hagas. Ya sea que est\u00e9s cortando le\u00f1a o realizando otras actividades al aire libre como carpinter\u00eda, construcci\u00f3n, acampada, senderismo, bushcraft o supervivencia, nuestras hachas son la herramienta perfecta para hacerte la vida m\u00e1s f\u00e1cil. Fabricadas por artesanos dedicados, nuestras hachas son famosas por su calidad y durabilidad, lo que garantiza que puedes confiar en ellas para todas tus necesidades al aire libre.<\/p>\n<p class=\"p1\">Caracter\u00edsticas y detalles del hacha de hender ligera:<\/p>\n<ul>\n<li>\n<p class=\"p2\"><span class=\"s1\"><b>Filo de corte ultra afilado y doblemente endurecido:<\/b> Garantiza una nitidez y precisi\u00f3n excepcionales para todas sus necesidades de corte.<\/span><\/p>\n<\/li>\n<li>\n<p class=\"p1\"><span class=\"s1\"><b>Equilibrio perfecto:<\/b> Dise\u00f1ado para los columpios m\u00e1s seguros, c\u00f3modos y potentes.<\/span><\/p>\n<\/li>\n<li>\n<p class=\"p1\"><span class=\"s1\"><b>Material Fibercomp ultraligero pero extremadamente duradero:<\/b> Proporciona fuerza y resistencia sin peso a\u00f1adido.<\/span><\/p>\n<\/li>\n<li>\n<p class=\"p1\"><span class=\"s1\"><b>Acero de alta calidad con revestimiento antifricci\u00f3n:<\/b> Mejora la eficiencia de corte y reduce la resistencia.<\/span><\/p>\n<\/li>\n<li>\n<p class=\"p1\"><span class=\"s1\"><b>Formas de cuchillas optimizadas para el rendimiento:<\/b> Dise\u00f1ado para lograr la m\u00e1xima eficiencia y eficacia.<\/span><\/p>\n<\/li>\n<li>\n<p class=\"p1\"><span class=\"s1\"><b>Mango de agarre antichoque:<\/b> Ofrece un agarre seguro y c\u00f3modo que minimiza el impacto y mejora el control.<\/span><\/p>\n<\/li>\n<li>\n<p class=\"p1\"><b>Estuche de almacenamiento y transporte incluido:<\/b> Proporciona transporte y almacenamiento c\u00f3modo y seguro de su herramienta.<\/p>\n<\/li>\n<\/ul>","protected":false},"excerpt":{"rendered":"<p>RESUMEN R\u00c1PIDO<\/p>\n<p class=\"p1\">Nuestras hachas, elaboradas por expertos, est\u00e1n dise\u00f1adas para mejorar cada golpe que hagas. Ya sea que est\u00e9s cortando le\u00f1a o realizando otras actividades al aire libre como carpinter\u00eda, construcci\u00f3n, acampada, senderismo, bushcraft o supervivencia, nuestras hachas son la herramienta perfecta para hacerte la vida m\u00e1s f\u00e1cil.<\/p>","protected":false},"featured_media":8751,"comment_status":"open","ping_status":"closed","template":"","meta":[],"product_brand":[],"product_cat":[249],"product_tag":[],"class_list":{"0":"post-8740","1":"product","2":"type-product","3":"status-publish","4":"has-post-thumbnail","6":"product_cat-garden-tools","8":"first","9":"instock","10":"sale","11":"taxable","12":"shipping-taxable","13":"purchasable","14":"product-type-simple"},"yoast_head":"<!-- This site is optimized with the Yoast SEO plugin v27.5 - https:\/\/yoast.com\/product\/yoast-seo-wordpress\/ -->\n<title>Lightweight splitting Axe - Eden Garden Equipment<\/title>\n<meta name=\"description\" content=\"Our expertly Lightweight splitting Axe are designed to enhance every swing you make. Whether you&#039;re chopping firewood or tackling other outdoor\" \/>\n<meta name=\"robots\" content=\"index, follow, max-snippet:-1, max-image-preview:large, max-video-preview:-1\" \/>\n<link rel=\"canonical\" href=\"https:\/\/edengardenequipment.com\/es\/producto\/lightweight-splitting-axe\/\" \/>\n<meta property=\"og:locale\" content=\"es_ES\" \/>\n<meta property=\"og:type\" content=\"article\" \/>\n<meta property=\"og:title\" content=\"Lightweight splitting Axe - Eden Garden Equipment\" \/>\n<meta property=\"og:description\" content=\"Our expertly Lightweight splitting Axe are designed to enhance every swing you make. Whether you&#039;re chopping firewood or tackling other outdoor\" \/>\n<meta property=\"og:url\" content=\"https:\/\/edengardenequipment.com\/es\/producto\/lightweight-splitting-axe\/\" \/>\n<meta property=\"og:site_name\" content=\"Eden Garden Equipment\" \/>\n<meta property=\"article:modified_time\" content=\"2025-02-14T15:13:19+00:00\" \/>\n<meta property=\"og:image\" content=\"https:\/\/edengardenequipment.com\/wp-content\/uploads\/2024\/12\/axe-design-4-1.png\" \/>\n\t<meta property=\"og:image:width\" content=\"1000\" \/>\n\t<meta property=\"og:image:height\" content=\"1000\" \/>\n\t<meta property=\"og:image:type\" content=\"image\/png\" \/>\n<meta name=\"twitter:card\" content=\"summary_large_image\" \/>\n<meta name=\"twitter:label1\" content=\"Tiempo de lectura\" \/>\n\t<meta name=\"twitter:data1\" content=\"1 minuto\" \/>\n<script type=\"application\/ld+json\" class=\"yoast-schema-graph\">{\"@context\":\"https:\\\/\\\/schema.org\",\"@graph\":[{\"@type\":\"WebPage\",\"@id\":\"https:\\\/\\\/edengardenequipment.com\\\/product\\\/lightweight-splitting-axe\\\/\",\"url\":\"https:\\\/\\\/edengardenequipment.com\\\/product\\\/lightweight-splitting-axe\\\/\",\"name\":\"Lightweight splitting Axe - Eden Garden Equipment\",\"isPartOf\":{\"@id\":\"https:\\\/\\\/edengardenequipment.com\\\/#website\"},\"primaryImageOfPage\":{\"@id\":\"https:\\\/\\\/edengardenequipment.com\\\/product\\\/lightweight-splitting-axe\\\/#primaryimage\"},\"image\":{\"@id\":\"https:\\\/\\\/edengardenequipment.com\\\/product\\\/lightweight-splitting-axe\\\/#primaryimage\"},\"thumbnailUrl\":\"https:\\\/\\\/edengardenequipment.com\\\/wp-content\\\/uploads\\\/2024\\\/12\\\/axe-design-4-1.png\",\"datePublished\":\"2024-12-29T09:40:09+00:00\",\"dateModified\":\"2025-02-14T15:13:19+00:00\",\"description\":\"Our expertly Lightweight splitting Axe are designed to enhance every swing you make. Whether you're chopping firewood or tackling other outdoor\",\"breadcrumb\":{\"@id\":\"https:\\\/\\\/edengardenequipment.com\\\/product\\\/lightweight-splitting-axe\\\/#breadcrumb\"},\"inLanguage\":\"es\",\"potentialAction\":[{\"@type\":\"ReadAction\",\"target\":[\"https:\\\/\\\/edengardenequipment.com\\\/product\\\/lightweight-splitting-axe\\\/\"]}]},{\"@type\":\"ImageObject\",\"inLanguage\":\"es\",\"@id\":\"https:\\\/\\\/edengardenequipment.com\\\/product\\\/lightweight-splitting-axe\\\/#primaryimage\",\"url\":\"https:\\\/\\\/edengardenequipment.com\\\/wp-content\\\/uploads\\\/2024\\\/12\\\/axe-design-4-1.png\",\"contentUrl\":\"https:\\\/\\\/edengardenequipment.com\\\/wp-content\\\/uploads\\\/2024\\\/12\\\/axe-design-4-1.png\",\"width\":1000,\"height\":1000,\"caption\":\"Lightweight splitting Axe\"},{\"@type\":\"BreadcrumbList\",\"@id\":\"https:\\\/\\\/edengardenequipment.com\\\/product\\\/lightweight-splitting-axe\\\/#breadcrumb\",\"itemListElement\":[{\"@type\":\"ListItem\",\"position\":1,\"name\":\"Home\",\"item\":\"https:\\\/\\\/edengardenequipment.com\\\/\"},{\"@type\":\"ListItem\",\"position\":2,\"name\":\"Shop\",\"item\":\"https:\\\/\\\/edengardenequipment.com\\\/shop\\\/\"},{\"@type\":\"ListItem\",\"position\":3,\"name\":\"Lightweight splitting Axe\"}]},{\"@type\":\"WebSite\",\"@id\":\"https:\\\/\\\/edengardenequipment.com\\\/#website\",\"url\":\"https:\\\/\\\/edengardenequipment.com\\\/\",\"name\":\"Eden Garden Equipment\",\"description\":\"Best Gardening Tools for Sale\",\"publisher\":{\"@id\":\"https:\\\/\\\/edengardenequipment.com\\\/#organization\"},\"potentialAction\":[{\"@type\":\"SearchAction\",\"target\":{\"@type\":\"EntryPoint\",\"urlTemplate\":\"https:\\\/\\\/edengardenequipment.com\\\/?s={search_term_string}\"},\"query-input\":{\"@type\":\"PropertyValueSpecification\",\"valueRequired\":true,\"valueName\":\"search_term_string\"}}],\"inLanguage\":\"es\"},{\"@type\":\"Organization\",\"@id\":\"https:\\\/\\\/edengardenequipment.com\\\/#organization\",\"name\":\"Eden Garden Equipment\",\"url\":\"https:\\\/\\\/edengardenequipment.com\\\/\",\"logo\":{\"@type\":\"ImageObject\",\"inLanguage\":\"es\",\"@id\":\"https:\\\/\\\/edengardenequipment.com\\\/#\\\/schema\\\/logo\\\/image\\\/\",\"url\":\"https:\\\/\\\/edengardenequipment.com\\\/wp-content\\\/uploads\\\/2023\\\/06\\\/cropped-Asset-1@2xnew2.png\",\"contentUrl\":\"https:\\\/\\\/edengardenequipment.com\\\/wp-content\\\/uploads\\\/2023\\\/06\\\/cropped-Asset-1@2xnew2.png\",\"width\":512,\"height\":512,\"caption\":\"Eden Garden Equipment\"},\"image\":{\"@id\":\"https:\\\/\\\/edengardenequipment.com\\\/#\\\/schema\\\/logo\\\/image\\\/\"}}]}<\/script>\n<!-- \/ Yoast SEO plugin. -->","yoast_head_json":{"title":"Lightweight splitting Axe - Eden Garden Equipment","description":"Our expertly Lightweight splitting Axe are designed to enhance every swing you make. Whether you're chopping firewood or tackling other outdoor","robots":{"index":"index","follow":"follow","max-snippet":"max-snippet:-1","max-image-preview":"max-image-preview:large","max-video-preview":"max-video-preview:-1"},"canonical":"https:\/\/edengardenequipment.com\/es\/producto\/lightweight-splitting-axe\/","og_locale":"es_ES","og_type":"article","og_title":"Lightweight splitting Axe - Eden Garden Equipment","og_description":"Our expertly Lightweight splitting Axe are designed to enhance every swing you make. Whether you're chopping firewood or tackling other outdoor","og_url":"https:\/\/edengardenequipment.com\/es\/producto\/lightweight-splitting-axe\/","og_site_name":"Eden Garden Equipment","article_modified_time":"2025-02-14T15:13:19+00:00","og_image":[{"width":1000,"height":1000,"url":"https:\/\/edengardenequipment.com\/wp-content\/uploads\/2024\/12\/axe-design-4-1.png","type":"image\/png"}],"twitter_card":"summary_large_image","twitter_misc":{"Tiempo de lectura":"1 minuto"},"schema":{"@context":"https:\/\/schema.org","@graph":[{"@type":"WebPage","@id":"https:\/\/edengardenequipment.com\/product\/lightweight-splitting-axe\/","url":"https:\/\/edengardenequipment.com\/product\/lightweight-splitting-axe\/","name":"Lightweight splitting Axe - Eden Garden Equipment","isPartOf":{"@id":"https:\/\/edengardenequipment.com\/#website"},"primaryImageOfPage":{"@id":"https:\/\/edengardenequipment.com\/product\/lightweight-splitting-axe\/#primaryimage"},"image":{"@id":"https:\/\/edengardenequipment.com\/product\/lightweight-splitting-axe\/#primaryimage"},"thumbnailUrl":"https:\/\/edengardenequipment.com\/wp-content\/uploads\/2024\/12\/axe-design-4-1.png","datePublished":"2024-12-29T09:40:09+00:00","dateModified":"2025-02-14T15:13:19+00:00","description":"Our expertly Lightweight splitting Axe are designed to enhance every swing you make. Whether you're chopping firewood or tackling other outdoor","breadcrumb":{"@id":"https:\/\/edengardenequipment.com\/product\/lightweight-splitting-axe\/#breadcrumb"},"inLanguage":"es","potentialAction":[{"@type":"ReadAction","target":["https:\/\/edengardenequipment.com\/product\/lightweight-splitting-axe\/"]}]},{"@type":"ImageObject","inLanguage":"es","@id":"https:\/\/edengardenequipment.com\/product\/lightweight-splitting-axe\/#primaryimage","url":"https:\/\/edengardenequipment.com\/wp-content\/uploads\/2024\/12\/axe-design-4-1.png","contentUrl":"https:\/\/edengardenequipment.com\/wp-content\/uploads\/2024\/12\/axe-design-4-1.png","width":1000,"height":1000,"caption":"Lightweight splitting Axe"},{"@type":"BreadcrumbList","@id":"https:\/\/edengardenequipment.com\/product\/lightweight-splitting-axe\/#breadcrumb","itemListElement":[{"@type":"ListItem","position":1,"name":"Home","item":"https:\/\/edengardenequipment.com\/"},{"@type":"ListItem","position":2,"name":"Shop","item":"https:\/\/edengardenequipment.com\/shop\/"},{"@type":"ListItem","position":3,"name":"Lightweight splitting Axe"}]},{"@type":"WebSite","@id":"https:\/\/edengardenequipment.com\/#website","url":"https:\/\/edengardenequipment.com\/","name":"Eden Garden Equipment","description":"Best Gardening Tools for Sale","publisher":{"@id":"https:\/\/edengardenequipment.com\/#organization"},"potentialAction":[{"@type":"SearchAction","target":{"@type":"EntryPoint","urlTemplate":"https:\/\/edengardenequipment.com\/?s={search_term_string}"},"query-input":{"@type":"PropertyValueSpecification","valueRequired":true,"valueName":"search_term_string"}}],"inLanguage":"es"},{"@type":"Organization","@id":"https:\/\/edengardenequipment.com\/#organization","name":"Eden Garden Equipment","url":"https:\/\/edengardenequipment.com\/","logo":{"@type":"ImageObject","inLanguage":"es","@id":"https:\/\/edengardenequipment.com\/#\/schema\/logo\/image\/","url":"https:\/\/edengardenequipment.com\/wp-content\/uploads\/2023\/06\/cropped-Asset-1@2xnew2.png","contentUrl":"https:\/\/edengardenequipment.com\/wp-content\/uploads\/2023\/06\/cropped-Asset-1@2xnew2.png","width":512,"height":512,"caption":"Eden Garden Equipment"},"image":{"@id":"https:\/\/edengardenequipment.com\/#\/schema\/logo\/image\/"}}]}},"_links":{"self":[{"href":"https:\/\/edengardenequipment.com\/es\/wp-json\/wp\/v2\/product\/8740","targetHints":{"allow":["GET"]}}],"collection":[{"href":"https:\/\/edengardenequipment.com\/es\/wp-json\/wp\/v2\/product"}],"about":[{"href":"https:\/\/edengardenequipment.com\/es\/wp-json\/wp\/v2\/types\/product"}],"replies":[{"embeddable":true,"href":"https:\/\/edengardenequipment.com\/es\/wp-json\/wp\/v2\/comments?post=8740"}],"wp:featuredmedia":[{"embeddable":true,"href":"https:\/\/edengardenequipment.com\/es\/wp-json\/wp\/v2\/media\/8751"}],"wp:attachment":[{"href":"https:\/\/edengardenequipment.com\/es\/wp-json\/wp\/v2\/media?parent=8740"}],"wp:term":[{"taxonomy":"product_brand","embeddable":true,"href":"https:\/\/edengardenequipment.com\/es\/wp-json\/wp\/v2\/product_brand?post=8740"},{"taxonomy":"product_cat","embeddable":true,"href":"https:\/\/edengardenequipment.com\/es\/wp-json\/wp\/v2\/product_cat?post=8740"},{"taxonomy":"product_tag","embeddable":true,"href":"https:\/\/edengardenequipment.com\/es\/wp-json\/wp\/v2\/product_tag?post=8740"}],"curies":[{"name":"wp","href":"https:\/\/api.w.org\/{rel}","templated":true}]}}