{"id":8765,"date":"2024-12-29T09:42:31","date_gmt":"2024-12-29T09:42:31","guid":{"rendered":"https:\/\/edengardenequipment.com\/?post_type=product&#038;p=8765"},"modified":"2025-02-09T08:56:10","modified_gmt":"2025-02-09T08:56:10","slug":"rolling-system-secateur","status":"publish","type":"product","link":"https:\/\/edengardenequipment.com\/es\/producto\/rolling-system-secateur\/","title":{"rendered":"Tijeras de podar con sistema rodante"},"content":{"rendered":"<h2>Tijeras de podar con sistema rodante<\/h2>\n<p class=\"p1\"><span class=\"s1\">Presentamos la tijera de podar con sistema de rodamiento r\u00e1pido, potente y preciso<\/span><\/p>\n<p class=\"p1\"><span class=\"s1\">Dise\u00f1ada para brindar durabilidad y eficiencia, esta podadora cuenta con un rodillo de acero resistente que impulsa la hoja en un movimiento el\u00edptico, lo que mejora la fuerza de corte. Su dise\u00f1o ergon\u00f3mico y sim\u00e9trico garantiza un agarre c\u00f3modo para todos los usuarios, lo que la convierte en la opci\u00f3n preferida entre los profesionales.<\/span><\/p>\n<p class=\"p1\"><span class=\"s1\">Desde delicados tallos de flores hasta robustas ramas de \u00e1rboles, esta podadora combina potencia y precisi\u00f3n para cumplir con los est\u00e1ndares m\u00e1s altos. Ideal para el mantenimiento y la poda de una amplia gama de plantas, nuestro sistema de podadora de rodillos maneja sin esfuerzo ramas de 1 mm a 30 mm de di\u00e1metro. Equipado con un sistema de ruedas de cer\u00e1mica, acelera el corte, asegurando cortes limpios y r\u00e1pidos con el m\u00ednimo esfuerzo.<\/span><\/p>\n<p class=\"p1\"><span class=\"s1\">La hoja con alto contenido de biocarbono garantiza cortes n\u00edtidos y precisos, mientras que la<span class=\"Apple-converted-space\">\u00a0 <\/span>El mecanismo garantiza un acabado limpio. Perfecta para podar laureles y rosales, el dise\u00f1o ligero y ergon\u00f3mico de la tijera de podar de rodillos multiplicados la convierte en la herramienta m\u00e1s agradable para trabajos de poda peque\u00f1os y medianos de hasta 3 cm de di\u00e1metro. Es la herramienta ideal para el mantenimiento de flores, rosales y arbustos.\u00a0<\/span><\/p>\n<h3 class=\"p1\"><span class=\"s1\">Especificaciones t\u00e9cnicas:<\/span><\/h3>\n<ul class=\"ul1\">\n<li class=\"li2\"><span class=\"s1\">Capacidad de corte: Hasta 30 mil\u00edmetros de di\u00e1metro.<\/span><\/li>\n<li class=\"li2\"><span class=\"s1\">Peso: 200 g, con cuerpo de aluminio resistente a la oxidaci\u00f3n.<\/span><\/li>\n<li class=\"li2\"><span class=\"s1\">Ambidiestro: Adecuado tanto para usuarios diestros como zurdos.<\/span><\/li>\n<li class=\"li2\"><span class=\"s1\">Agarre c\u00f3modo: Mango ergon\u00f3mico con revestimiento antideslizante.<\/span><\/li>\n<li class=\"li2\"><span class=\"s1\">Hoja de acero con alto contenido de carbono: Hoja SK5, reconocida por su resistencia.<\/span><\/li>\n<li class=\"li2\"><span class=\"s1\">Penetraci\u00f3n mejorada: Hoja recubierta de tefl\u00f3n para una calidad de corte optimizada.<\/span><\/li>\n<li class=\"li2\"><span class=\"s1\">Reafilable: la hoja se puede afilar para un uso prolongado.<\/span><\/li>\n<li class=\"li2\"><span class=\"s1\">Protecci\u00f3n de las articulaciones: El yunque incluye un amortiguador de vibraciones para proteger sus articulaciones.<\/span><\/li>\n<li class=\"li2\"><span class=\"s1\">Corte sin esfuerzo: el rodillo en el mango permite un corte f\u00e1cil con una sola presi\u00f3n.<\/span><\/li>\n<li class=\"li2\"><span class=\"s1\">Almacenamiento: Viene con una bolsa de almacenamiento.<\/span><\/li>\n<li><strong>Cerradura de seguridad:<\/strong> Cuenta con un mecanismo de bloqueo seguro para un almacenamiento y transporte seguros.<\/li>\n<li><strong>Uso vers\u00e1til:<\/strong> Ideal para podar flores, arbustos y peque\u00f1as ramas con precisi\u00f3n.<\/li>\n<\/ul>\n<p class=\"p1\"><span class=\"s1\">Experimente la combinaci\u00f3n de velocidad, potencia y precisi\u00f3n con esta podadora de rodillos de primer nivel, perfecta para todas sus necesidades de poda.<\/span><\/p>","protected":false},"excerpt":{"rendered":"<p>RESUMEN R\u00c1PIDO<\/p>\n<p><span class=\"s1\">Presentamos la tijera de podar con sistema de rodamiento r\u00e1pido, potente y preciso<\/span><\/p>\n<p>&nbsp;<\/p>","protected":false},"featured_media":8766,"comment_status":"open","ping_status":"closed","template":"","meta":[],"product_brand":[],"product_cat":[249],"product_tag":[],"class_list":{"0":"post-8765","1":"product","2":"type-product","3":"status-publish","4":"has-post-thumbnail","6":"product_cat-garden-tools","8":"first","9":"instock","10":"sale","11":"taxable","12":"shipping-taxable","13":"purchasable","14":"product-type-simple"},"yoast_head":"<!-- This site is optimized with the Yoast SEO plugin v27.5 - https:\/\/yoast.com\/product\/yoast-seo-wordpress\/ -->\n<title>Rolling System Secateur - Eden Garden Equipment<\/title>\n<meta name=\"description\" content=\"Experience effortless pruning with the Rolling System Secateur. Featuring a high-carbon SK5 steel blade, ergonomic non slip handle.\" \/>\n<meta name=\"robots\" content=\"index, follow, max-snippet:-1, max-image-preview:large, max-video-preview:-1\" \/>\n<link rel=\"canonical\" href=\"https:\/\/edengardenequipment.com\/es\/producto\/rolling-system-secateur\/\" \/>\n<meta property=\"og:locale\" content=\"es_ES\" \/>\n<meta property=\"og:type\" content=\"article\" \/>\n<meta property=\"og:title\" content=\"Rolling System Secateur - Eden Garden Equipment\" \/>\n<meta property=\"og:description\" content=\"Experience effortless pruning with the Rolling System Secateur. Featuring a high-carbon SK5 steel blade, ergonomic non slip handle.\" \/>\n<meta property=\"og:url\" content=\"https:\/\/edengardenequipment.com\/es\/producto\/rolling-system-secateur\/\" \/>\n<meta property=\"og:site_name\" content=\"Eden Garden Equipment\" \/>\n<meta property=\"article:modified_time\" content=\"2025-02-09T08:56:10+00:00\" \/>\n<meta property=\"og:image\" content=\"https:\/\/edengardenequipment.com\/wp-content\/uploads\/2024\/12\/Design-sans-titre-5.png\" \/>\n\t<meta property=\"og:image:width\" content=\"1000\" \/>\n\t<meta property=\"og:image:height\" content=\"1000\" \/>\n\t<meta property=\"og:image:type\" content=\"image\/png\" \/>\n<meta name=\"twitter:card\" content=\"summary_large_image\" \/>\n<meta name=\"twitter:label1\" content=\"Tiempo de lectura\" \/>\n\t<meta name=\"twitter:data1\" content=\"2 minutos\" \/>\n<script type=\"application\/ld+json\" class=\"yoast-schema-graph\">{\"@context\":\"https:\\\/\\\/schema.org\",\"@graph\":[{\"@type\":\"WebPage\",\"@id\":\"https:\\\/\\\/edengardenequipment.com\\\/product\\\/rolling-system-secateur\\\/\",\"url\":\"https:\\\/\\\/edengardenequipment.com\\\/product\\\/rolling-system-secateur\\\/\",\"name\":\"Rolling System Secateur - Eden Garden Equipment\",\"isPartOf\":{\"@id\":\"https:\\\/\\\/edengardenequipment.com\\\/#website\"},\"primaryImageOfPage\":{\"@id\":\"https:\\\/\\\/edengardenequipment.com\\\/product\\\/rolling-system-secateur\\\/#primaryimage\"},\"image\":{\"@id\":\"https:\\\/\\\/edengardenequipment.com\\\/product\\\/rolling-system-secateur\\\/#primaryimage\"},\"thumbnailUrl\":\"https:\\\/\\\/edengardenequipment.com\\\/wp-content\\\/uploads\\\/2024\\\/12\\\/Design-sans-titre-5.png\",\"datePublished\":\"2024-12-29T09:42:31+00:00\",\"dateModified\":\"2025-02-09T08:56:10+00:00\",\"description\":\"Experience effortless pruning with the Rolling System Secateur. Featuring a high-carbon SK5 steel blade, ergonomic non slip handle.\",\"breadcrumb\":{\"@id\":\"https:\\\/\\\/edengardenequipment.com\\\/product\\\/rolling-system-secateur\\\/#breadcrumb\"},\"inLanguage\":\"es\",\"potentialAction\":[{\"@type\":\"ReadAction\",\"target\":[\"https:\\\/\\\/edengardenequipment.com\\\/product\\\/rolling-system-secateur\\\/\"]}]},{\"@type\":\"ImageObject\",\"inLanguage\":\"es\",\"@id\":\"https:\\\/\\\/edengardenequipment.com\\\/product\\\/rolling-system-secateur\\\/#primaryimage\",\"url\":\"https:\\\/\\\/edengardenequipment.com\\\/wp-content\\\/uploads\\\/2024\\\/12\\\/Design-sans-titre-5.png\",\"contentUrl\":\"https:\\\/\\\/edengardenequipment.com\\\/wp-content\\\/uploads\\\/2024\\\/12\\\/Design-sans-titre-5.png\",\"width\":1000,\"height\":1000,\"caption\":\"Rolling System Secateur\"},{\"@type\":\"BreadcrumbList\",\"@id\":\"https:\\\/\\\/edengardenequipment.com\\\/product\\\/rolling-system-secateur\\\/#breadcrumb\",\"itemListElement\":[{\"@type\":\"ListItem\",\"position\":1,\"name\":\"Home\",\"item\":\"https:\\\/\\\/edengardenequipment.com\\\/\"},{\"@type\":\"ListItem\",\"position\":2,\"name\":\"Shop\",\"item\":\"https:\\\/\\\/edengardenequipment.com\\\/shop\\\/\"},{\"@type\":\"ListItem\",\"position\":3,\"name\":\"Rolling System Secateur\"}]},{\"@type\":\"WebSite\",\"@id\":\"https:\\\/\\\/edengardenequipment.com\\\/#website\",\"url\":\"https:\\\/\\\/edengardenequipment.com\\\/\",\"name\":\"Eden Garden Equipment\",\"description\":\"Best Gardening Tools for Sale\",\"publisher\":{\"@id\":\"https:\\\/\\\/edengardenequipment.com\\\/#organization\"},\"potentialAction\":[{\"@type\":\"SearchAction\",\"target\":{\"@type\":\"EntryPoint\",\"urlTemplate\":\"https:\\\/\\\/edengardenequipment.com\\\/?s={search_term_string}\"},\"query-input\":{\"@type\":\"PropertyValueSpecification\",\"valueRequired\":true,\"valueName\":\"search_term_string\"}}],\"inLanguage\":\"es\"},{\"@type\":\"Organization\",\"@id\":\"https:\\\/\\\/edengardenequipment.com\\\/#organization\",\"name\":\"Eden Garden Equipment\",\"url\":\"https:\\\/\\\/edengardenequipment.com\\\/\",\"logo\":{\"@type\":\"ImageObject\",\"inLanguage\":\"es\",\"@id\":\"https:\\\/\\\/edengardenequipment.com\\\/#\\\/schema\\\/logo\\\/image\\\/\",\"url\":\"https:\\\/\\\/edengardenequipment.com\\\/wp-content\\\/uploads\\\/2023\\\/06\\\/cropped-Asset-1@2xnew2.png\",\"contentUrl\":\"https:\\\/\\\/edengardenequipment.com\\\/wp-content\\\/uploads\\\/2023\\\/06\\\/cropped-Asset-1@2xnew2.png\",\"width\":512,\"height\":512,\"caption\":\"Eden Garden Equipment\"},\"image\":{\"@id\":\"https:\\\/\\\/edengardenequipment.com\\\/#\\\/schema\\\/logo\\\/image\\\/\"}}]}<\/script>\n<!-- \/ Yoast SEO plugin. -->","yoast_head_json":{"title":"Rolling System Secateur - Eden Garden Equipment","description":"Experience effortless pruning with the Rolling System Secateur. Featuring a high-carbon SK5 steel blade, ergonomic non slip handle.","robots":{"index":"index","follow":"follow","max-snippet":"max-snippet:-1","max-image-preview":"max-image-preview:large","max-video-preview":"max-video-preview:-1"},"canonical":"https:\/\/edengardenequipment.com\/es\/producto\/rolling-system-secateur\/","og_locale":"es_ES","og_type":"article","og_title":"Rolling System Secateur - Eden Garden Equipment","og_description":"Experience effortless pruning with the Rolling System Secateur. Featuring a high-carbon SK5 steel blade, ergonomic non slip handle.","og_url":"https:\/\/edengardenequipment.com\/es\/producto\/rolling-system-secateur\/","og_site_name":"Eden Garden Equipment","article_modified_time":"2025-02-09T08:56:10+00:00","og_image":[{"width":1000,"height":1000,"url":"https:\/\/edengardenequipment.com\/wp-content\/uploads\/2024\/12\/Design-sans-titre-5.png","type":"image\/png"}],"twitter_card":"summary_large_image","twitter_misc":{"Tiempo de lectura":"2 minutos"},"schema":{"@context":"https:\/\/schema.org","@graph":[{"@type":"WebPage","@id":"https:\/\/edengardenequipment.com\/product\/rolling-system-secateur\/","url":"https:\/\/edengardenequipment.com\/product\/rolling-system-secateur\/","name":"Rolling System Secateur - Eden Garden Equipment","isPartOf":{"@id":"https:\/\/edengardenequipment.com\/#website"},"primaryImageOfPage":{"@id":"https:\/\/edengardenequipment.com\/product\/rolling-system-secateur\/#primaryimage"},"image":{"@id":"https:\/\/edengardenequipment.com\/product\/rolling-system-secateur\/#primaryimage"},"thumbnailUrl":"https:\/\/edengardenequipment.com\/wp-content\/uploads\/2024\/12\/Design-sans-titre-5.png","datePublished":"2024-12-29T09:42:31+00:00","dateModified":"2025-02-09T08:56:10+00:00","description":"Experience effortless pruning with the Rolling System Secateur. Featuring a high-carbon SK5 steel blade, ergonomic non slip handle.","breadcrumb":{"@id":"https:\/\/edengardenequipment.com\/product\/rolling-system-secateur\/#breadcrumb"},"inLanguage":"es","potentialAction":[{"@type":"ReadAction","target":["https:\/\/edengardenequipment.com\/product\/rolling-system-secateur\/"]}]},{"@type":"ImageObject","inLanguage":"es","@id":"https:\/\/edengardenequipment.com\/product\/rolling-system-secateur\/#primaryimage","url":"https:\/\/edengardenequipment.com\/wp-content\/uploads\/2024\/12\/Design-sans-titre-5.png","contentUrl":"https:\/\/edengardenequipment.com\/wp-content\/uploads\/2024\/12\/Design-sans-titre-5.png","width":1000,"height":1000,"caption":"Rolling System Secateur"},{"@type":"BreadcrumbList","@id":"https:\/\/edengardenequipment.com\/product\/rolling-system-secateur\/#breadcrumb","itemListElement":[{"@type":"ListItem","position":1,"name":"Home","item":"https:\/\/edengardenequipment.com\/"},{"@type":"ListItem","position":2,"name":"Shop","item":"https:\/\/edengardenequipment.com\/shop\/"},{"@type":"ListItem","position":3,"name":"Rolling System Secateur"}]},{"@type":"WebSite","@id":"https:\/\/edengardenequipment.com\/#website","url":"https:\/\/edengardenequipment.com\/","name":"Eden Garden Equipment","description":"Best Gardening Tools for Sale","publisher":{"@id":"https:\/\/edengardenequipment.com\/#organization"},"potentialAction":[{"@type":"SearchAction","target":{"@type":"EntryPoint","urlTemplate":"https:\/\/edengardenequipment.com\/?s={search_term_string}"},"query-input":{"@type":"PropertyValueSpecification","valueRequired":true,"valueName":"search_term_string"}}],"inLanguage":"es"},{"@type":"Organization","@id":"https:\/\/edengardenequipment.com\/#organization","name":"Eden Garden Equipment","url":"https:\/\/edengardenequipment.com\/","logo":{"@type":"ImageObject","inLanguage":"es","@id":"https:\/\/edengardenequipment.com\/#\/schema\/logo\/image\/","url":"https:\/\/edengardenequipment.com\/wp-content\/uploads\/2023\/06\/cropped-Asset-1@2xnew2.png","contentUrl":"https:\/\/edengardenequipment.com\/wp-content\/uploads\/2023\/06\/cropped-Asset-1@2xnew2.png","width":512,"height":512,"caption":"Eden Garden Equipment"},"image":{"@id":"https:\/\/edengardenequipment.com\/#\/schema\/logo\/image\/"}}]}},"_links":{"self":[{"href":"https:\/\/edengardenequipment.com\/es\/wp-json\/wp\/v2\/product\/8765","targetHints":{"allow":["GET"]}}],"collection":[{"href":"https:\/\/edengardenequipment.com\/es\/wp-json\/wp\/v2\/product"}],"about":[{"href":"https:\/\/edengardenequipment.com\/es\/wp-json\/wp\/v2\/types\/product"}],"replies":[{"embeddable":true,"href":"https:\/\/edengardenequipment.com\/es\/wp-json\/wp\/v2\/comments?post=8765"}],"wp:featuredmedia":[{"embeddable":true,"href":"https:\/\/edengardenequipment.com\/es\/wp-json\/wp\/v2\/media\/8766"}],"wp:attachment":[{"href":"https:\/\/edengardenequipment.com\/es\/wp-json\/wp\/v2\/media?parent=8765"}],"wp:term":[{"taxonomy":"product_brand","embeddable":true,"href":"https:\/\/edengardenequipment.com\/es\/wp-json\/wp\/v2\/product_brand?post=8765"},{"taxonomy":"product_cat","embeddable":true,"href":"https:\/\/edengardenequipment.com\/es\/wp-json\/wp\/v2\/product_cat?post=8765"},{"taxonomy":"product_tag","embeddable":true,"href":"https:\/\/edengardenequipment.com\/es\/wp-json\/wp\/v2\/product_tag?post=8765"}],"curies":[{"name":"wp","href":"https:\/\/api.w.org\/{rel}","templated":true}]}}