{"id":8768,"date":"2024-12-29T09:42:00","date_gmt":"2024-12-29T09:42:00","guid":{"rendered":"https:\/\/edengardenequipment.com\/?post_type=product&#038;p=8768"},"modified":"2025-02-14T14:58:48","modified_gmt":"2025-02-14T14:58:48","slug":"extremely-light-weight-short-handle-hedge-shears","status":"publish","type":"product","link":"https:\/\/edengardenequipment.com\/es\/producto\/extremely-light-weight-short-handle-hedge-shears\/","title":{"rendered":"Tijeras de setos de mango corto y peso extremadamente ligero"},"content":{"rendered":"<h2>Tijeras de setos de mango corto y peso extremadamente ligero<\/h2>\n<p class=\"p1\"><span class=\"s1\">Mantenga sus setos impecables y sus arbustos florecientes con nuestras tijeras para setos excepcionalmente livianas. Estas tijeras se destacan entre las dem\u00e1s. Son la herramienta perfecta dise\u00f1ada para un rendimiento de primera categor\u00eda. Algunas de las caracter\u00edsticas destacadas que hacen que estas tijeras sean la opci\u00f3n preferida de los jardineros incluyen:<\/span><\/p>\n<p class=\"p2\"><span class=\"s1\"><b>Dise\u00f1o ultraligero<\/b><\/span><\/p>\n<p class=\"p1\"><span class=\"s1\">Fabricadas con compuesto de fibra de vidrio incorporado, estas tijeras son extremadamente livianas, lo que permite maniobrarlas y manipularlas sin esfuerzo.<\/span><\/p>\n<p class=\"p2\"><span class=\"s1\"><b>Tama\u00f1o ideal y asas cortas<\/b><\/span><\/p>\n<p class=\"p1\"><span class=\"s1\">El tama\u00f1o \u00f3ptimo de estas tijeras garantiza que puedas recortar y cortar tus setos sin esfuerzo. El dise\u00f1o de mango corto proporciona un f\u00e1cil acceso a arbustos densos, lo que te permite recortar con total flexibilidad y sin molestias.<\/span><\/p>\n<p class=\"p2\"><span class=\"s1\"><b>Comodidad ergon\u00f3mica<\/b><\/span><\/p>\n<p class=\"p1\"><span class=\"s1\">Este producto cuenta con un armaz\u00f3n superligero con un dise\u00f1o ergon\u00f3mico, lo que facilita su transporte por todo el jard\u00edn. Las empu\u00f1aduras de goma antideslizantes, el sistema de yunque ajustable y los parachoques amortiguadores hacen que las tareas de jardiner\u00eda sean sencillas, r\u00e1pidas y f\u00e1ciles.<\/span><\/p>\n<p class=\"p2\"><span class=\"s1\"><b>Cuchillas de corte de precisi\u00f3n<\/b><\/span><\/p>\n<p class=\"p1\"><span class=\"s1\">Estas tijeras, que cuentan con hojas afiladas y onduladas de 16 cm de largo, ofrecen una precisi\u00f3n de corte inigualable. Fabricadas en acero con alto contenido de carbono, las hojas son autoafilables y tienen un revestimiento antiadherente, lo que le permite capturar y cortar ramitas con rapidez y exactitud.<\/span><\/p>\n<p class=\"p2\"><span class=\"s1\"><b>Jardiner\u00eda eficiente<\/b><\/span><\/p>\n<p class=\"p1\"><span class=\"s1\">Utilice estos <\/span>Tijeras de setos de mango corto y peso extremadamente ligero <span class=\"s1\">disfrutar de tareas de jardiner\u00eda realizadas en un tiempo m\u00ednimo, transformando lo que a menudo puede ser un trabajo tedioso en una actividad r\u00e1pida y sin esfuerzo.<\/span><\/p>\n<p class=\"p1\"><span class=\"s1\">Con estas tijeras para setos podr\u00e1s mantener tu jard\u00edn con facilidad y precisi\u00f3n.<\/span><\/p>","protected":false},"excerpt":{"rendered":"<p>RESUMEN R\u00c1PIDO<\/p>\n<p>Mantenga sus setos impecables y sus arbustos florecientes con nuestras tijeras para setos excepcionalmente livianas. Estas tijeras se destacan de lo com\u00fan.<\/p>","protected":false},"featured_media":8769,"comment_status":"open","ping_status":"closed","template":"","meta":[],"product_brand":[],"product_cat":[249],"product_tag":[],"class_list":{"0":"post-8768","1":"product","2":"type-product","3":"status-publish","4":"has-post-thumbnail","6":"product_cat-garden-tools","8":"first","9":"instock","10":"sale","11":"taxable","12":"shipping-taxable","13":"purchasable","14":"product-type-simple"},"yoast_head":"<!-- This site is optimized with the Yoast SEO plugin v27.5 - https:\/\/yoast.com\/product\/yoast-seo-wordpress\/ -->\n<title>Extremely light weight Short handle hedge shears - Eden Garden Equipment<\/title>\n<meta name=\"description\" content=\"Extremely light weight Short handle hedge shears Keep your hedges pristine and your bushes flourishing with our exceptionally lightweight hedge shears.\" \/>\n<meta name=\"robots\" content=\"index, follow, max-snippet:-1, max-image-preview:large, max-video-preview:-1\" \/>\n<link rel=\"canonical\" href=\"https:\/\/edengardenequipment.com\/es\/producto\/extremely-light-weight-short-handle-hedge-shears\/\" \/>\n<meta property=\"og:locale\" content=\"es_ES\" \/>\n<meta property=\"og:type\" content=\"article\" \/>\n<meta property=\"og:title\" content=\"Extremely light weight Short handle hedge shears - Eden Garden Equipment\" \/>\n<meta property=\"og:description\" content=\"Extremely light weight Short handle hedge shears Keep your hedges pristine and your bushes flourishing with our exceptionally lightweight hedge shears.\" \/>\n<meta property=\"og:url\" content=\"https:\/\/edengardenequipment.com\/es\/producto\/extremely-light-weight-short-handle-hedge-shears\/\" \/>\n<meta property=\"og:site_name\" content=\"Eden Garden Equipment\" \/>\n<meta property=\"article:modified_time\" content=\"2025-02-14T14:58:48+00:00\" \/>\n<meta property=\"og:image\" content=\"https:\/\/edengardenequipment.com\/wp-content\/uploads\/2024\/12\/Design-sans-titre-6.png\" \/>\n\t<meta property=\"og:image:width\" content=\"1000\" \/>\n\t<meta property=\"og:image:height\" content=\"1000\" \/>\n\t<meta property=\"og:image:type\" content=\"image\/png\" \/>\n<meta name=\"twitter:card\" content=\"summary_large_image\" \/>\n<meta name=\"twitter:label1\" content=\"Tiempo de lectura\" \/>\n\t<meta name=\"twitter:data1\" content=\"2 minutos\" \/>\n<script type=\"application\/ld+json\" class=\"yoast-schema-graph\">{\"@context\":\"https:\\\/\\\/schema.org\",\"@graph\":[{\"@type\":\"WebPage\",\"@id\":\"https:\\\/\\\/edengardenequipment.com\\\/product\\\/extremely-light-weight-short-handle-hedge-shears\\\/\",\"url\":\"https:\\\/\\\/edengardenequipment.com\\\/product\\\/extremely-light-weight-short-handle-hedge-shears\\\/\",\"name\":\"Extremely light weight Short handle hedge shears - Eden Garden Equipment\",\"isPartOf\":{\"@id\":\"https:\\\/\\\/edengardenequipment.com\\\/#website\"},\"primaryImageOfPage\":{\"@id\":\"https:\\\/\\\/edengardenequipment.com\\\/product\\\/extremely-light-weight-short-handle-hedge-shears\\\/#primaryimage\"},\"image\":{\"@id\":\"https:\\\/\\\/edengardenequipment.com\\\/product\\\/extremely-light-weight-short-handle-hedge-shears\\\/#primaryimage\"},\"thumbnailUrl\":\"https:\\\/\\\/edengardenequipment.com\\\/wp-content\\\/uploads\\\/2024\\\/12\\\/Design-sans-titre-6.png\",\"datePublished\":\"2024-12-29T09:42:00+00:00\",\"dateModified\":\"2025-02-14T14:58:48+00:00\",\"description\":\"Extremely light weight Short handle hedge shears Keep your hedges pristine and your bushes flourishing with our exceptionally lightweight hedge shears.\",\"breadcrumb\":{\"@id\":\"https:\\\/\\\/edengardenequipment.com\\\/product\\\/extremely-light-weight-short-handle-hedge-shears\\\/#breadcrumb\"},\"inLanguage\":\"es\",\"potentialAction\":[{\"@type\":\"ReadAction\",\"target\":[\"https:\\\/\\\/edengardenequipment.com\\\/product\\\/extremely-light-weight-short-handle-hedge-shears\\\/\"]}]},{\"@type\":\"ImageObject\",\"inLanguage\":\"es\",\"@id\":\"https:\\\/\\\/edengardenequipment.com\\\/product\\\/extremely-light-weight-short-handle-hedge-shears\\\/#primaryimage\",\"url\":\"https:\\\/\\\/edengardenequipment.com\\\/wp-content\\\/uploads\\\/2024\\\/12\\\/Design-sans-titre-6.png\",\"contentUrl\":\"https:\\\/\\\/edengardenequipment.com\\\/wp-content\\\/uploads\\\/2024\\\/12\\\/Design-sans-titre-6.png\",\"width\":1000,\"height\":1000,\"caption\":\"Extremely light weight Short handle hedge shears\"},{\"@type\":\"BreadcrumbList\",\"@id\":\"https:\\\/\\\/edengardenequipment.com\\\/product\\\/extremely-light-weight-short-handle-hedge-shears\\\/#breadcrumb\",\"itemListElement\":[{\"@type\":\"ListItem\",\"position\":1,\"name\":\"Home\",\"item\":\"https:\\\/\\\/edengardenequipment.com\\\/\"},{\"@type\":\"ListItem\",\"position\":2,\"name\":\"Shop\",\"item\":\"https:\\\/\\\/edengardenequipment.com\\\/shop\\\/\"},{\"@type\":\"ListItem\",\"position\":3,\"name\":\"Extremely light weight Short handle hedge shears\"}]},{\"@type\":\"WebSite\",\"@id\":\"https:\\\/\\\/edengardenequipment.com\\\/#website\",\"url\":\"https:\\\/\\\/edengardenequipment.com\\\/\",\"name\":\"Eden Garden Equipment\",\"description\":\"Best Gardening Tools for Sale\",\"publisher\":{\"@id\":\"https:\\\/\\\/edengardenequipment.com\\\/#organization\"},\"potentialAction\":[{\"@type\":\"SearchAction\",\"target\":{\"@type\":\"EntryPoint\",\"urlTemplate\":\"https:\\\/\\\/edengardenequipment.com\\\/?s={search_term_string}\"},\"query-input\":{\"@type\":\"PropertyValueSpecification\",\"valueRequired\":true,\"valueName\":\"search_term_string\"}}],\"inLanguage\":\"es\"},{\"@type\":\"Organization\",\"@id\":\"https:\\\/\\\/edengardenequipment.com\\\/#organization\",\"name\":\"Eden Garden Equipment\",\"url\":\"https:\\\/\\\/edengardenequipment.com\\\/\",\"logo\":{\"@type\":\"ImageObject\",\"inLanguage\":\"es\",\"@id\":\"https:\\\/\\\/edengardenequipment.com\\\/#\\\/schema\\\/logo\\\/image\\\/\",\"url\":\"https:\\\/\\\/edengardenequipment.com\\\/wp-content\\\/uploads\\\/2023\\\/06\\\/cropped-Asset-1@2xnew2.png\",\"contentUrl\":\"https:\\\/\\\/edengardenequipment.com\\\/wp-content\\\/uploads\\\/2023\\\/06\\\/cropped-Asset-1@2xnew2.png\",\"width\":512,\"height\":512,\"caption\":\"Eden Garden Equipment\"},\"image\":{\"@id\":\"https:\\\/\\\/edengardenequipment.com\\\/#\\\/schema\\\/logo\\\/image\\\/\"}}]}<\/script>\n<!-- \/ Yoast SEO plugin. -->","yoast_head_json":{"title":"Extremely light weight Short handle hedge shears - Eden Garden Equipment","description":"Extremely light weight Short handle hedge shears Keep your hedges pristine and your bushes flourishing with our exceptionally lightweight hedge shears.","robots":{"index":"index","follow":"follow","max-snippet":"max-snippet:-1","max-image-preview":"max-image-preview:large","max-video-preview":"max-video-preview:-1"},"canonical":"https:\/\/edengardenequipment.com\/es\/producto\/extremely-light-weight-short-handle-hedge-shears\/","og_locale":"es_ES","og_type":"article","og_title":"Extremely light weight Short handle hedge shears - Eden Garden Equipment","og_description":"Extremely light weight Short handle hedge shears Keep your hedges pristine and your bushes flourishing with our exceptionally lightweight hedge shears.","og_url":"https:\/\/edengardenequipment.com\/es\/producto\/extremely-light-weight-short-handle-hedge-shears\/","og_site_name":"Eden Garden Equipment","article_modified_time":"2025-02-14T14:58:48+00:00","og_image":[{"width":1000,"height":1000,"url":"https:\/\/edengardenequipment.com\/wp-content\/uploads\/2024\/12\/Design-sans-titre-6.png","type":"image\/png"}],"twitter_card":"summary_large_image","twitter_misc":{"Tiempo de lectura":"2 minutos"},"schema":{"@context":"https:\/\/schema.org","@graph":[{"@type":"WebPage","@id":"https:\/\/edengardenequipment.com\/product\/extremely-light-weight-short-handle-hedge-shears\/","url":"https:\/\/edengardenequipment.com\/product\/extremely-light-weight-short-handle-hedge-shears\/","name":"Extremely light weight Short handle hedge shears - Eden Garden Equipment","isPartOf":{"@id":"https:\/\/edengardenequipment.com\/#website"},"primaryImageOfPage":{"@id":"https:\/\/edengardenequipment.com\/product\/extremely-light-weight-short-handle-hedge-shears\/#primaryimage"},"image":{"@id":"https:\/\/edengardenequipment.com\/product\/extremely-light-weight-short-handle-hedge-shears\/#primaryimage"},"thumbnailUrl":"https:\/\/edengardenequipment.com\/wp-content\/uploads\/2024\/12\/Design-sans-titre-6.png","datePublished":"2024-12-29T09:42:00+00:00","dateModified":"2025-02-14T14:58:48+00:00","description":"Extremely light weight Short handle hedge shears Keep your hedges pristine and your bushes flourishing with our exceptionally lightweight hedge shears.","breadcrumb":{"@id":"https:\/\/edengardenequipment.com\/product\/extremely-light-weight-short-handle-hedge-shears\/#breadcrumb"},"inLanguage":"es","potentialAction":[{"@type":"ReadAction","target":["https:\/\/edengardenequipment.com\/product\/extremely-light-weight-short-handle-hedge-shears\/"]}]},{"@type":"ImageObject","inLanguage":"es","@id":"https:\/\/edengardenequipment.com\/product\/extremely-light-weight-short-handle-hedge-shears\/#primaryimage","url":"https:\/\/edengardenequipment.com\/wp-content\/uploads\/2024\/12\/Design-sans-titre-6.png","contentUrl":"https:\/\/edengardenequipment.com\/wp-content\/uploads\/2024\/12\/Design-sans-titre-6.png","width":1000,"height":1000,"caption":"Extremely light weight Short handle hedge shears"},{"@type":"BreadcrumbList","@id":"https:\/\/edengardenequipment.com\/product\/extremely-light-weight-short-handle-hedge-shears\/#breadcrumb","itemListElement":[{"@type":"ListItem","position":1,"name":"Home","item":"https:\/\/edengardenequipment.com\/"},{"@type":"ListItem","position":2,"name":"Shop","item":"https:\/\/edengardenequipment.com\/shop\/"},{"@type":"ListItem","position":3,"name":"Extremely light weight Short handle hedge shears"}]},{"@type":"WebSite","@id":"https:\/\/edengardenequipment.com\/#website","url":"https:\/\/edengardenequipment.com\/","name":"Eden Garden Equipment","description":"Best Gardening Tools for Sale","publisher":{"@id":"https:\/\/edengardenequipment.com\/#organization"},"potentialAction":[{"@type":"SearchAction","target":{"@type":"EntryPoint","urlTemplate":"https:\/\/edengardenequipment.com\/?s={search_term_string}"},"query-input":{"@type":"PropertyValueSpecification","valueRequired":true,"valueName":"search_term_string"}}],"inLanguage":"es"},{"@type":"Organization","@id":"https:\/\/edengardenequipment.com\/#organization","name":"Eden Garden Equipment","url":"https:\/\/edengardenequipment.com\/","logo":{"@type":"ImageObject","inLanguage":"es","@id":"https:\/\/edengardenequipment.com\/#\/schema\/logo\/image\/","url":"https:\/\/edengardenequipment.com\/wp-content\/uploads\/2023\/06\/cropped-Asset-1@2xnew2.png","contentUrl":"https:\/\/edengardenequipment.com\/wp-content\/uploads\/2023\/06\/cropped-Asset-1@2xnew2.png","width":512,"height":512,"caption":"Eden Garden Equipment"},"image":{"@id":"https:\/\/edengardenequipment.com\/#\/schema\/logo\/image\/"}}]}},"_links":{"self":[{"href":"https:\/\/edengardenequipment.com\/es\/wp-json\/wp\/v2\/product\/8768","targetHints":{"allow":["GET"]}}],"collection":[{"href":"https:\/\/edengardenequipment.com\/es\/wp-json\/wp\/v2\/product"}],"about":[{"href":"https:\/\/edengardenequipment.com\/es\/wp-json\/wp\/v2\/types\/product"}],"replies":[{"embeddable":true,"href":"https:\/\/edengardenequipment.com\/es\/wp-json\/wp\/v2\/comments?post=8768"}],"wp:featuredmedia":[{"embeddable":true,"href":"https:\/\/edengardenequipment.com\/es\/wp-json\/wp\/v2\/media\/8769"}],"wp:attachment":[{"href":"https:\/\/edengardenequipment.com\/es\/wp-json\/wp\/v2\/media?parent=8768"}],"wp:term":[{"taxonomy":"product_brand","embeddable":true,"href":"https:\/\/edengardenequipment.com\/es\/wp-json\/wp\/v2\/product_brand?post=8768"},{"taxonomy":"product_cat","embeddable":true,"href":"https:\/\/edengardenequipment.com\/es\/wp-json\/wp\/v2\/product_cat?post=8768"},{"taxonomy":"product_tag","embeddable":true,"href":"https:\/\/edengardenequipment.com\/es\/wp-json\/wp\/v2\/product_tag?post=8768"}],"curies":[{"name":"wp","href":"https:\/\/api.w.org\/{rel}","templated":true}]}}