{"id":4142,"date":"2018-10-03T12:45:55","date_gmt":"2018-10-03T12:45:55","guid":{"rendered":"http:\/\/onetwo.themerella.com\/?page_id=4142"},"modified":"2018-10-03T12:45:55","modified_gmt":"2018-10-03T12:45:55","slug":"sticky-bg","status":"publish","type":"page","link":"https:\/\/edengardenequipment.com\/fr\/sticky-bg\/","title":{"rendered":"BG collant"},"content":{"rendered":"<section data-bg-image=\"url\" class=\"vc_row wpb_row vc_row-fluid vc_custom_1538572296498 liquid-row-shadowbox-69f1b3e5c2f6e vc_row-has-fill vc_row-has-bg vc_row-o-full-height vc_row-o-columns-middle vc_row-flex\"><div class=\"ld-container container\"><div class=\"row ld-row\"><div class=\"wpb_column vc_column_container vc_col-sm-12 liquid-column-69f1b3e5c32e1\"><div class=\"vc_column-inner\"><div class=\"wpb_wrapper\"   ><div class=\"wpb_wrapper-inner\"><style>.ld_fancy_heading_69f1b3e5c3464 h1{color:rgb(255, 255, 255);}.ld_fancy_heading_69f1b3e5c3464 h1 {margin-bottom:0px !important;  } .ld_fancy_heading_69f1b3e5c3464 .lqd-highlight-inner{height:0.275em;bottom:0px;}.ld_fancy_heading_69f1b3e5c3464 h1 {margin-bottom:0px !important;  } <\/style><div class=\"ld-fancy-heading text-center ld_fancy_heading_69f1b3e5c3464\">\n\t<h1 class=\"lqd-highlight-underline lqd-highlight-grow-left\" ><span class=\"ld-fh-txt\"> Faites d\u00e9filer pour voir les possibilit\u00e9s<\/span><\/h1><\/div><\/div><\/div><\/div><\/div><\/div><\/div><\/section><section data-bg-image=\"url\" class=\"vc_row wpb_row vc_row-fluid vc_custom_1542047681484 liquid-row-shadowbox-69f1b3e5c3a3a vc_row-has-fill vc_row-has-bg vc_row-o-full-height vc_row-o-columns-middle vc_row-o-content-middle vc_row-flex\"><div class=\"lqd-css-sticky lqd-sticky-bg-spacer\"><div class=\"lqd-sticky-bg-wrap\">\n\t\t\t\t\t\t<figure class=\"lqd-sticky-bg\" style=\"background-image: url(https:\/\/edengardenequipment.com\/wp-content\/uploads\/2018\/11\/main-bg-2-copy-scaled.jpg);\"><\/figure><div class=\"liquid-row-overlay\" style=\"background:linear-gradient(131deg, rgba(11, 65, 237, 233) 2.229299363057325%, rgba(11, 65, 237, 233) 2.229299363057325%, rgba(11, 65, 238, 0.914) 2.547770700636943%, rgba(255, 99, 25, 0.889) 100%)\"><\/div><\/div><\/div><div class=\"ld-container container\"><div class=\"row ld-row\"><div class=\"wpb_column vc_column_container vc_col-sm-12 vc_col-md-8 liquid-column-69f1b3e5c3e40 vc_col-has-fill\" data-parallax=\"true\" data-parallax-from='{\"translateY\":6}' data-parallax-to='{\"translateY\":-258}' data-parallax-options='{\"easing\":\"linear\",\"reverse\":true,\"triggerHook\":\"onEnter\"}'><div class=\"vc_column-inner\"><div class=\"wpb_wrapper\"   ><div class=\"wpb_wrapper-inner\"><style>.ld_fancy_heading_69f1b3e5c3fa6 h1{line-height:1.12em;font-weight:700;letter-spacing:-0.5px;color:rgb(255, 255, 255);}.ld_fancy_heading_69f1b3e5c3fa6 h1 {margin-bottom:0px !important;  } .ld_fancy_heading_69f1b3e5c3fa6 .lqd-highlight-inner{height:0.275em;bottom:0px;}.ld_fancy_heading_69f1b3e5c3fa6 h1 {margin-bottom:0px !important;  } <\/style><div class=\"ld-fancy-heading ld_fancy_heading_69f1b3e5c3fa6\">\n\t<h1 class=\"lqd-highlight-underline lqd-highlight-grow-left\" ><span class=\"ld-fh-txt\"> Je m&#039;appelle Eugenia, je suis ind\u00e9pendante <span style=\"color: #ffb7a7\">concepteur num\u00e9rique<\/span> bas\u00e9 dans la vall\u00e9e de New York. C&#039;est toujours bien de recevoir des commentaires positifs et constructifs sur votre travail - de la part des clients et surtout des designers ! J&#039;ai \u00e9galement des comp\u00e9tences majeures en <span style=\"color: #ffb7a7\">graphiques anim\u00e9s.\u00a0<\/span><\/span><\/h1><\/div><style>.ld_spacer_69f1b3e5c4129{height:50px;}<\/style>\n<div class=\"ld-empty-space ld_spacer_69f1b3e5c4129\"><span class=\"liquid_empty_space_inner\"><\/span><\/div><style>.ld_fancy_heading_69f1b3e5c424d h4{font-weight:400;color:rgba(255, 255, 255, 0.85);}.ld_fancy_heading_69f1b3e5c424d h4 {margin-bottom:0px !important;  } .ld_fancy_heading_69f1b3e5c424d .lqd-highlight-inner{height:0.275em;bottom:0px;}.ld_fancy_heading_69f1b3e5c424d h4 {margin-bottom:0px !important;  } <\/style><div class=\"ld-fancy-heading ld_fancy_heading_69f1b3e5c424d\">\n\t<h4 class=\"lqd-highlight-underline lqd-highlight-grow-left\" ><span class=\"ld-fh-txt\"> Mon travail consiste \u00e0 construire votre site Web afin qu&#039;il soit fonctionnel et convivial mais en m\u00eame temps attrayant.<\/span><\/h4><\/div><style>.ld_spacer_69f1b3e5c433d{height:150px;}<\/style>\n<div class=\"ld-empty-space ld_spacer_69f1b3e5c433d\"><span class=\"liquid_empty_space_inner\"><\/span><\/div><\/div><\/div><\/div><\/div><\/div><\/div><\/section><section data-bg-image=\"url\" class=\"vc_row wpb_row vc_row-fluid vc_custom_1542009704829 liquid-row-shadowbox-69f1b3e5c44cc vc_row-has-fill vc_row-has-bg\"><div class=\"lqd-css-sticky lqd-sticky-bg-spacer\"><div class=\"lqd-sticky-bg-wrap\">\n\t\t\t\t\t\t<figure class=\"lqd-sticky-bg\" style=\"background-image: url(https:\/\/edengardenequipment.com\/wp-content\/uploads\/2018\/10\/bg-2-copy.jpg);\"><\/figure><div class=\"liquid-row-overlay\" style=\"background:rgba(0, 0, 0, 0.1)\"><\/div><div class=\"lqd-section-borders-wrap\" data-shrink-borders=\"true\">\n\t\t\t\t\t\t\t\t<div class=\"lqd-section-border lqd-section-border-top\" data-axis=\"y\"><\/div>\n\t\t\t\t\t\t\t\t<div class=\"lqd-section-border lqd-section-border-right\" data-axis=\"x\"><\/div>\n\t\t\t\t\t\t\t\t<div class=\"lqd-section-border lqd-section-border-bottom\" data-axis=\"y\"><\/div>\n\t\t\t\t\t\t\t\t<div class=\"lqd-section-border lqd-section-border-left\" data-axis=\"x\"><\/div>\n\t\t\t\t\t\t\t<\/div><\/div><\/div><div class=\"ld-container container\"><div class=\"row ld-row\"><div class=\"wpb_column vc_column_container vc_col-sm-12 vc_col-md-8 liquid-column-69f1b3e5c47fa vc_col-has-fill\" data-parallax=\"true\" data-parallax-from='{\"translateY\":6}' data-parallax-to='{\"translateY\":-275}' data-parallax-options='{\"easing\":\"linear\",\"reverse\":true,\"triggerHook\":\"onEnter\"}'><div class=\"vc_column-inner\"><div class=\"wpb_wrapper\"   ><div class=\"wpb_wrapper-inner\"><style>.ld_fancy_heading_69f1b3e5c48f0 h1{color:rgb(255, 255, 255);}.ld_fancy_heading_69f1b3e5c48f0 h1 {margin-bottom:0px !important;  } .ld_fancy_heading_69f1b3e5c48f0 .lqd-highlight-inner{height:0.275em;bottom:0px;}.ld_fancy_heading_69f1b3e5c48f0 h1 {margin-bottom:0px !important;  } <\/style><div class=\"ld-fancy-heading ld_fancy_heading_69f1b3e5c48f0\">\n\t<h1 class=\"lqd-highlight-underline lqd-highlight-grow-left\" ><span class=\"ld-fh-txt\"> C&#039;est le titre de Liquid Fancy<\/span><\/h1><\/div><style>.ld_spacer_69f1b3e5c49e8{height:50px;}<\/style>\n<div class=\"ld-empty-space ld_spacer_69f1b3e5c49e8\"><span class=\"liquid_empty_space_inner\"><\/span><\/div><style>.ld_fancy_heading_69f1b3e5c4aba h4{color:rgba(255, 255, 255, 0.86);}.ld_fancy_heading_69f1b3e5c4aba .lqd-highlight-inner{height:0.275em;bottom:0px;}<\/style><div class=\"ld-fancy-heading ld_fancy_heading_69f1b3e5c4aba\">\n\t<h4 class=\"lqd-highlight-underline lqd-highlight-grow-left\" ><span class=\"ld-fh-txt\"> Mon travail consiste \u00e0 cr\u00e9er votre site Internet de mani\u00e8re \u00e0 ce qu&#039;il soit fonctionnel et convivial, mais en m\u00eame temps attrayant. Mon objectif est de transmettre votre message et votre identit\u00e9 de la mani\u00e8re la plus cr\u00e9ative possible.<\/span><\/h4><\/div><style>.ld_spacer_69f1b3e5c4b94{height:150px;}<\/style>\n<div class=\"ld-empty-space ld_spacer_69f1b3e5c4b94\"><span class=\"liquid_empty_space_inner\"><\/span><\/div><\/div><\/div><\/div><\/div><\/div><\/div><\/section>","protected":false},"excerpt":{"rendered":"Scroll to see the possibilities My name is Eugenia, I\u2019m a freelance digital designer based...","protected":false},"author":1,"featured_media":0,"parent":0,"menu_order":0,"comment_status":"closed","ping_status":"closed","template":"","meta":{"footnotes":""},"class_list":["post-4142","page","type-page","status-publish","hentry"],"yoast_head":"<!-- This site is optimized with the Yoast SEO plugin v27.5 - https:\/\/yoast.com\/product\/yoast-seo-wordpress\/ -->\n<title>Sticky BG - Eden Garden Equipment<\/title>\n<meta name=\"robots\" content=\"index, follow, max-snippet:-1, max-image-preview:large, max-video-preview:-1\" \/>\n<link rel=\"canonical\" href=\"https:\/\/edengardenequipment.com\/fr\/sticky-bg\/\" \/>\n<meta property=\"og:locale\" content=\"fr_FR\" \/>\n<meta property=\"og:type\" content=\"article\" \/>\n<meta property=\"og:title\" content=\"Sticky BG - Eden Garden Equipment\" \/>\n<meta property=\"og:url\" content=\"https:\/\/edengardenequipment.com\/fr\/sticky-bg\/\" \/>\n<meta property=\"og:site_name\" content=\"Eden Garden Equipment\" \/>\n<meta property=\"og:image\" content=\"https:\/\/edengardenequipment.com\/wp-content\/uploads\/2023\/06\/05.jpg\" \/>\n\t<meta property=\"og:image:width\" content=\"2000\" \/>\n\t<meta property=\"og:image:height\" content=\"1117\" \/>\n\t<meta property=\"og:image:type\" content=\"image\/jpeg\" \/>\n<meta name=\"twitter:card\" content=\"summary_large_image\" \/>\n<meta name=\"twitter:label1\" content=\"Dur\u00e9e de lecture estim\u00e9e\" \/>\n\t<meta name=\"twitter:data1\" content=\"2 minutes\" \/>\n<script type=\"application\/ld+json\" class=\"yoast-schema-graph\">{\"@context\":\"https:\\\/\\\/schema.org\",\"@graph\":[{\"@type\":\"WebPage\",\"@id\":\"https:\\\/\\\/edengardenequipment.com\\\/sticky-bg\\\/\",\"url\":\"https:\\\/\\\/edengardenequipment.com\\\/sticky-bg\\\/\",\"name\":\"Sticky BG - Eden Garden Equipment\",\"isPartOf\":{\"@id\":\"https:\\\/\\\/edengardenequipment.com\\\/#website\"},\"datePublished\":\"2018-10-03T12:45:55+00:00\",\"breadcrumb\":{\"@id\":\"https:\\\/\\\/edengardenequipment.com\\\/sticky-bg\\\/#breadcrumb\"},\"inLanguage\":\"fr-FR\",\"potentialAction\":[{\"@type\":\"ReadAction\",\"target\":[\"https:\\\/\\\/edengardenequipment.com\\\/sticky-bg\\\/\"]}]},{\"@type\":\"BreadcrumbList\",\"@id\":\"https:\\\/\\\/edengardenequipment.com\\\/sticky-bg\\\/#breadcrumb\",\"itemListElement\":[{\"@type\":\"ListItem\",\"position\":1,\"name\":\"Home\",\"item\":\"https:\\\/\\\/edengardenequipment.com\\\/\"},{\"@type\":\"ListItem\",\"position\":2,\"name\":\"Sticky BG\"}]},{\"@type\":\"WebSite\",\"@id\":\"https:\\\/\\\/edengardenequipment.com\\\/#website\",\"url\":\"https:\\\/\\\/edengardenequipment.com\\\/\",\"name\":\"Eden Garden Equipment\",\"description\":\"Best Gardening Tools for Sale\",\"publisher\":{\"@id\":\"https:\\\/\\\/edengardenequipment.com\\\/#organization\"},\"potentialAction\":[{\"@type\":\"SearchAction\",\"target\":{\"@type\":\"EntryPoint\",\"urlTemplate\":\"https:\\\/\\\/edengardenequipment.com\\\/?s={search_term_string}\"},\"query-input\":{\"@type\":\"PropertyValueSpecification\",\"valueRequired\":true,\"valueName\":\"search_term_string\"}}],\"inLanguage\":\"fr-FR\"},{\"@type\":\"Organization\",\"@id\":\"https:\\\/\\\/edengardenequipment.com\\\/#organization\",\"name\":\"Eden Garden Equipment\",\"url\":\"https:\\\/\\\/edengardenequipment.com\\\/\",\"logo\":{\"@type\":\"ImageObject\",\"inLanguage\":\"fr-FR\",\"@id\":\"https:\\\/\\\/edengardenequipment.com\\\/#\\\/schema\\\/logo\\\/image\\\/\",\"url\":\"https:\\\/\\\/edengardenequipment.com\\\/wp-content\\\/uploads\\\/2023\\\/06\\\/cropped-Asset-1@2xnew2.png\",\"contentUrl\":\"https:\\\/\\\/edengardenequipment.com\\\/wp-content\\\/uploads\\\/2023\\\/06\\\/cropped-Asset-1@2xnew2.png\",\"width\":512,\"height\":512,\"caption\":\"Eden Garden Equipment\"},\"image\":{\"@id\":\"https:\\\/\\\/edengardenequipment.com\\\/#\\\/schema\\\/logo\\\/image\\\/\"}}]}<\/script>\n<!-- \/ Yoast SEO plugin. -->","yoast_head_json":{"title":"Sticky BG - Eden Garden Equipment","robots":{"index":"index","follow":"follow","max-snippet":"max-snippet:-1","max-image-preview":"max-image-preview:large","max-video-preview":"max-video-preview:-1"},"canonical":"https:\/\/edengardenequipment.com\/fr\/sticky-bg\/","og_locale":"fr_FR","og_type":"article","og_title":"Sticky BG - Eden Garden Equipment","og_url":"https:\/\/edengardenequipment.com\/fr\/sticky-bg\/","og_site_name":"Eden Garden Equipment","og_image":[{"width":2000,"height":1117,"url":"https:\/\/edengardenequipment.com\/wp-content\/uploads\/2023\/06\/05.jpg","type":"image\/jpeg"}],"twitter_card":"summary_large_image","twitter_misc":{"Dur\u00e9e de lecture estim\u00e9e":"2 minutes"},"schema":{"@context":"https:\/\/schema.org","@graph":[{"@type":"WebPage","@id":"https:\/\/edengardenequipment.com\/sticky-bg\/","url":"https:\/\/edengardenequipment.com\/sticky-bg\/","name":"Sticky BG - Eden Garden Equipment","isPartOf":{"@id":"https:\/\/edengardenequipment.com\/#website"},"datePublished":"2018-10-03T12:45:55+00:00","breadcrumb":{"@id":"https:\/\/edengardenequipment.com\/sticky-bg\/#breadcrumb"},"inLanguage":"fr-FR","potentialAction":[{"@type":"ReadAction","target":["https:\/\/edengardenequipment.com\/sticky-bg\/"]}]},{"@type":"BreadcrumbList","@id":"https:\/\/edengardenequipment.com\/sticky-bg\/#breadcrumb","itemListElement":[{"@type":"ListItem","position":1,"name":"Home","item":"https:\/\/edengardenequipment.com\/"},{"@type":"ListItem","position":2,"name":"Sticky BG"}]},{"@type":"WebSite","@id":"https:\/\/edengardenequipment.com\/#website","url":"https:\/\/edengardenequipment.com\/","name":"Eden Garden Equipment","description":"Best Gardening Tools for Sale","publisher":{"@id":"https:\/\/edengardenequipment.com\/#organization"},"potentialAction":[{"@type":"SearchAction","target":{"@type":"EntryPoint","urlTemplate":"https:\/\/edengardenequipment.com\/?s={search_term_string}"},"query-input":{"@type":"PropertyValueSpecification","valueRequired":true,"valueName":"search_term_string"}}],"inLanguage":"fr-FR"},{"@type":"Organization","@id":"https:\/\/edengardenequipment.com\/#organization","name":"Eden Garden Equipment","url":"https:\/\/edengardenequipment.com\/","logo":{"@type":"ImageObject","inLanguage":"fr-FR","@id":"https:\/\/edengardenequipment.com\/#\/schema\/logo\/image\/","url":"https:\/\/edengardenequipment.com\/wp-content\/uploads\/2023\/06\/cropped-Asset-1@2xnew2.png","contentUrl":"https:\/\/edengardenequipment.com\/wp-content\/uploads\/2023\/06\/cropped-Asset-1@2xnew2.png","width":512,"height":512,"caption":"Eden Garden Equipment"},"image":{"@id":"https:\/\/edengardenequipment.com\/#\/schema\/logo\/image\/"}}]}},"_links":{"self":[{"href":"https:\/\/edengardenequipment.com\/fr\/wp-json\/wp\/v2\/pages\/4142","targetHints":{"allow":["GET"]}}],"collection":[{"href":"https:\/\/edengardenequipment.com\/fr\/wp-json\/wp\/v2\/pages"}],"about":[{"href":"https:\/\/edengardenequipment.com\/fr\/wp-json\/wp\/v2\/types\/page"}],"author":[{"embeddable":true,"href":"https:\/\/edengardenequipment.com\/fr\/wp-json\/wp\/v2\/users\/1"}],"replies":[{"embeddable":true,"href":"https:\/\/edengardenequipment.com\/fr\/wp-json\/wp\/v2\/comments?post=4142"}],"version-history":[{"count":0,"href":"https:\/\/edengardenequipment.com\/fr\/wp-json\/wp\/v2\/pages\/4142\/revisions"}],"wp:attachment":[{"href":"https:\/\/edengardenequipment.com\/fr\/wp-json\/wp\/v2\/media?parent=4142"}],"curies":[{"name":"wp","href":"https:\/\/api.w.org\/{rel}","templated":true}]}}