{"id":4517,"date":"2018-10-18T09:49:57","date_gmt":"2018-10-18T09:49:57","guid":{"rendered":"http:\/\/onetwo.themerella.com\/?page_id=4517"},"modified":"2018-10-18T09:49:57","modified_gmt":"2018-10-18T09:49:57","slug":"contact-forms","status":"publish","type":"page","link":"https:\/\/edengardenequipment.com\/fr\/contact-forms\/","title":{"rendered":"Formulaires de contact"},"content":{"rendered":"<section class=\"vc_row wpb_row vc_row-fluid vc_custom_1540307511038 liquid-row-shadowbox-69f1b3e7e6b99\"><div class=\"ld-container container\"><div class=\"row ld-row\"><style>.liquid-column-69f1b3e7e6eaa > .vc_column-inner > .wpb_wrapper { box-shadow:0px 15px 50px 0px rgba(0, 0, 0, 0.025)};<\/style><div class=\"wpb_column vc_column_container vc_col-sm-12 liquid-column-69f1b3e7e6eaa vc_col-has-fill\"><div class=\"vc_column-inner\"><div class=\"wpb_wrapper vc_custom_1539966394663\"   ><div class=\"wpb_wrapper-inner\"><div class=\"vc_row wpb_row vc_inner vc_row-fluid liquid-row-shadowbox-69f1b3e7e70bd vc_row-o-content-middle vc_row-flex\"><div class=\"wpb_column vc_column_container vc_col-sm-12 vc_col-md-offset-1 vc_col-md-6 liquid-column-69f1b3e7e72fa\"><div class=\"vc_column-inner\"><div class=\"wpb_wrapper\"  ><div class=\"wpb_wrapper-inner\"><style>.ld_section_title_69f1b3e7e740b h2{font-size:38px;margin-bottom:0px !important;;}<\/style><header class=\"fancy-title ld_section_title_69f1b3e7e740b\">\n\t<h2>Envoyez-nous un message<\/h2>\t<h6 class=\"\">Nous sommes l\u00e0 pour r\u00e9pondre \u00e0 toutes vos questions<\/h6>\t<\/header><\/div><\/div><\/div><\/div><div class=\"wpb_column vc_column_container vc_col-sm-12 vc_col-md-4 vc_hidden-sm vc_hidden-xs text-left text-md-right liquid-column-69f1b3e7e769a\"><div class=\"vc_column-inner\"><div class=\"wpb_wrapper\"  ><div class=\"wpb_wrapper-inner\"><style>.ld_icon_box_69f1b3e7e7836 .iconbox-icon-container{color:rgb(216, 219, 226);border-radius:px;}.ld_icon_box_69f1b3e7e7836:hover .iconbox-icon-container{color:rgb(0, 0, 0);}.ld_icon_box_69f1b3e7e7836 h3{margin-bottom:px;}<\/style>\n<div class=\"iconbox text-right iconbox-xl ld_icon_box_69f1b3e7e7836 vc_custom_1536751299280\" id=\"ld_icon_box_69f1b3e7e7836\"  data-animate-icon=\"true\" data-plugin-options='{\"resetOnHover\":true,\"color\":\"rgb(216, 219, 226)\",\"hoverColor\":\"rgb(0, 0, 0)\"}'  >\n\t\n\t\t<div class=\"iconbox-icon-wrap\"><span class=\"iconbox-icon-container\"><?xml version=\"1.0\" encoding=\"utf-8\"?>\r\n<!-- Generator: Adobe Illustrator 16.0.0, SVG Export Plug-In . SVG Version: 6.00 Build 0)  -->\r\n<!DOCTYPE svg PUBLIC \"-\/\/W3C\/\/DTD SVG 1.1\/\/EN\" \"http:\/\/www.w3.org\/Graphics\/SVG\/1.1\/DTD\/svg11.dtd\">\r\n<svg version=\"1.1\" id=\"Layer_1\" xmlns=\"http:\/\/www.w3.org\/2000\/svg\" xmlns:xlink=\"http:\/\/www.w3.org\/1999\/xlink\" x=\"0px\" y=\"0px\"\r\n\t width=\"64px\" height=\"64px\" viewbox=\"0 0 64 64\" enable-background=\"new 0 0 64 64\" xml:space=\"preserve\">\r\n<polygon fill=\"none\" stroke=\"#000000\" stroke-width=\"2\" stroke-linejoin=\"bevel\" stroke-miterlimit=\"10\" points=\"1,30 63,1 23,41 \t\"\/>\r\n<polygon fill=\"none\" stroke=\"#000000\" stroke-width=\"2\" stroke-linejoin=\"bevel\" stroke-miterlimit=\"10\" points=\"34,63 63,1 23,41 \t\"\/>\r\n<\/svg>\r\n<\/span><\/div><!-- \/.iconbox-icon-wrap -->\t\n\t\t\n\t\t\n\t\t\t\t\n\t\t\n\t\n<\/div>\n<\/div><\/div><\/div><\/div><div class=\"wpb_column vc_column_container vc_col-sm-12 vc_col-md-offset-1 vc_col-md-10 liquid-column-69f1b3e7ed9f6\"><div class=\"vc_column-inner\"><div class=\"wpb_wrapper\"  ><div class=\"wpb_wrapper-inner\"><style>.ld_cf7_69f1b3e7edb37 input[type=\"submit\"], .ld_cf7_69f1b3e7edb37 button[type=\"submit\"]{font-size:13px;font-weight:700;letter-spacing:0.1em;background:-webkit-linear-gradient(90deg, rgb(79, 218, 145) 0%, #34dbc5 100%);background:linear-gradient(90deg, rgb(79, 218, 145) 0%, #34dbc5 100%);border-color:rgba(255, 255, 255, 0);}.ld_cf7_69f1b3e7edb37 input, .ld_cf7_69f1b3e7edb37 select, .ld_cf7_69f1b3e7edb37 textarea, .ld_cf7_69f1b3e7edb37 .ui-selectmenu-button{color:rgb(167, 169, 184);}.ld_cf7_69f1b3e7edb37 input:focus, .ld_cf7_69f1b3e7edb37 select:focus, .ld_cf7_69f1b3e7edb37 textarea:focus, .ld_cf7_69f1b3e7edb37 .ui-selectmenu-button:hover{color:rgb(24, 27, 49);}.ld_cf7_69f1b3e7edb37 input[type=\"submit\"]:focus,.ld_cf7_69f1b3e7edb37 input[type=\"submit\"]:hover, .ld_cf7_69f1b3e7edb37 button[type=\"submit\"]:focus, .ld_cf7_69f1b3e7edb37 button[type=\"submit\"]:hover{background:-webkit-linear-gradient(90deg, #34dbc5 0.6369426751592356%, rgb(52, 219, 197) 100%);background:linear-gradient(90deg, #34dbc5 0.6369426751592356%, rgb(52, 219, 197) 100%);}<\/style><div id=\"ld_cf7_69f1b3e7edb37\" class=\"lqd-contact-form contact-form-inputs-underlined contact-form-button-circle ld_cf7_69f1b3e7edb37\">\n\t<p class=\"wpcf7-contact-form-not-found\"><strong>Erreur\u00a0:<\/strong> Formulaire de contact non trouv\u00e9\u00a0!<\/p><\/div><\/div><\/div><\/div><\/div><\/div><\/div><\/div><\/div><\/div><\/div><\/div><\/section><section data-custom-animations=\"true\" data-ca-options='{\"triggerHandler\":\"inview\",\"animationTarget\":\".wpb_column\",\"duration\":\"1200\",\"delay\":100,\"easing\":\"easeOutQuint\",\"direction\":\"forward\",\"initValues\":{\"translateY\":44,\"opacity\":0},\"animations\":{\"translateY\":0,\"opacity\":1}}' data-bg-image=\"url\" class=\"vc_row wpb_row vc_row-fluid vc_custom_1540307521197 row-contains-padding-top row-contains-padding-bottom liquid-row-shadowbox-69f1b3e7ee027 vc_row-has-fill vc_row-has-bg vc_row-o-equal-height vc_row-flex\"><div class=\"ld-container container-fluid\"><div class=\"row ld-row\"><style>@media (min-width: 992px) { .liquid-column-responsive-69f1b3e7ee21f > .vc_column-inner > .wpb_wrapper {margin-bottom:0px !important;  }  } <\/style><div class=\"wpb_column vc_column_container vc_col-sm-4 text-center liquid-column-69f1b3e7ee21d liquid-column-responsive-69f1b3e7ee21f\"><div class=\"vc_column-inner\"><div class=\"wpb_wrapper vc_custom_1539965357165\"   ><div class=\"wpb_wrapper-inner\"><\/div><\/div><\/div><\/div><div class=\"wpb_column vc_column_container vc_col-sm-4 liquid-column-69f1b3e7ee377\"><div class=\"vc_column-inner\"><div class=\"wpb_wrapper\"   ><div class=\"wpb_wrapper-inner\"><style>.ld_fancy_heading_69f1b3e7ee4f8 h6{font-size:11px;letter-spacing:0.15em;color:rgb(255, 199, 10);}.ld_fancy_heading_69f1b3e7ee4f8 .lqd-highlight-inner{height:0.275em;bottom:0px;}<\/style><div class=\"ld-fancy-heading text-uppercase ld_fancy_heading_69f1b3e7ee4f8\">\n\t<h6 class=\"lqd-highlight-underline lqd-highlight-grow-left\" ><span class=\"ld-fh-txt\"> CONTACTEZ-NOUS<\/span><\/h6><\/div><style>.ld_fancy_heading_69f1b3e7eea64 h5{font-size:30px;color:rgb(255, 255, 255);}.ld_fancy_heading_69f1b3e7eea64 .lqd-highlight-inner{height:0.275em;bottom:0px;}<\/style><div class=\"ld-fancy-heading ld_fancy_heading_69f1b3e7eea64\">\n\t<h5 class=\"lqd-highlight-underline lqd-highlight-grow-left\" ><span class=\"ld-fh-txt\"> Envoyer un message<\/span><\/h5><\/div><style>.ld_cf7_69f1b3e7eeeb8 input,.ld_cf7_69f1b3e7eeeb8 textarea,.ld_cf7_69f1b3e7eeeb8 .ui-selectmenu-button{font-size:14px;}.ld_cf7_69f1b3e7eeeb8 input[type=\"submit\"], .ld_cf7_69f1b3e7eeeb8 button[type=\"submit\"]{font-size:14px;font-weight:700;letter-spacing:0.1em;background:-webkit-linear-gradient(90deg, rgb(79, 218, 145) 0%, #34dbc5 100%);background:linear-gradient(90deg, rgb(79, 218, 145) 0%, #34dbc5 100%);color:rgb(255, 255, 255);border-color:rgba(255, 255, 255, 0);}.ld_cf7_69f1b3e7eeeb8 input:focus, .ld_cf7_69f1b3e7eeeb8 select:focus, .ld_cf7_69f1b3e7eeeb8 textarea:focus, .ld_cf7_69f1b3e7eeeb8 .ui-selectmenu-button:hover{background:rgb(52, 56, 89);color:rgb(255, 255, 255);}.ld_cf7_69f1b3e7eeeb8 input, .ld_cf7_69f1b3e7eeeb8 select, .ld_cf7_69f1b3e7eeeb8 textarea, .ld_cf7_69f1b3e7eeeb8 .ui-selectmenu-button{color:rgba(128, 130, 145, 0.502);}.ld_cf7_69f1b3e7eeeb8 input[type=\"submit\"]:focus,.ld_cf7_69f1b3e7eeeb8 input[type=\"submit\"]:hover, .ld_cf7_69f1b3e7eeeb8 button[type=\"submit\"]:focus, .ld_cf7_69f1b3e7eeeb8 button[type=\"submit\"]:hover{background:-webkit-linear-gradient(90deg, #34dbc5 3.5031847133757963%, rgb(52, 219, 197) 100%);background:linear-gradient(90deg, #34dbc5 3.5031847133757963%, rgb(52, 219, 197) 100%);}<\/style><div id=\"ld_cf7_69f1b3e7eeeb8\" class=\"lqd-contact-form contact-form-inputs-filled contact-form-inputs-circle contact-form-button-block contact-form-button-circle ld_cf7_69f1b3e7eeeb8\">\n\t<p class=\"wpcf7-contact-form-not-found\"><strong>Erreur\u00a0:<\/strong> Formulaire de contact non trouv\u00e9\u00a0!<\/p><\/div><style>.ld_spacer_69f1b3e7ef03f{height:20px;}<\/style>\n<div class=\"ld-empty-space ld_spacer_69f1b3e7ef03f\"><span class=\"liquid_empty_space_inner\"><\/span><\/div><\/div><\/div><\/div><\/div><div class=\"wpb_column vc_column_container vc_col-sm-4 liquid-column-69f1b3e7ef1fd\"><div class=\"vc_column-inner\"><div class=\"wpb_wrapper\"   ><div class=\"wpb_wrapper-inner\"><\/div><\/div><\/div><\/div><\/div><\/div><\/section><div class=\"vc_row-full-width vc_clearfix\"><\/div><style>@media (min-width: 768px) { .liquid-row-responsive-69f1b3e7ef37f {padding-top:0px !important;  }  }   <\/style><section style=\"background-position:right bottom !important;\" class=\"vc_row wpb_row vc_row-fluid vc_custom_1540307542615 liquid-row-responsive-69f1b3e7ef37f liquid-row-shadowbox-69f1b3e7ef395\"><div class=\"ld-container container\"><div class=\"row ld-row\"><div class=\"wpb_column vc_column_container vc_col-sm-3 liquid-column-69f1b3e7ef55e\"><div class=\"vc_column-inner\"><div class=\"wpb_wrapper\"   ><div class=\"wpb_wrapper-inner\"><\/div><\/div><\/div><\/div><div class=\"wpb_column vc_column_container vc_col-sm-6 liquid-column-69f1b3e7ef69a\"><div class=\"vc_column-inner\"><div class=\"wpb_wrapper\"   ><div class=\"wpb_wrapper-inner\"><div class=\"vc_row wpb_row vc_inner vc_row-fluid liquid-row-shadowbox-69f1b3e7ef81b vc_row-o-equal-height vc_row-o-content-middle vc_row-flex\"><style>@media (min-width: 768px) { .liquid-column-responsive-69f1b3e7efa03 > .vc_column-inner > .wpb_wrapper {padding-left:0px !important;  }  } <\/style><div class=\"wpb_column vc_column_container vc_col-sm-12 vc_col-lg-12 liquid-column-69f1b3e7ef9f9 vc_col-has-fill liquid-column-responsive-69f1b3e7efa03\"><div class=\"vc_column-inner\"><div class=\"wpb_wrapper vc_custom_1540307715118\"  ><div class=\"wpb_wrapper-inner\"><style>.ld_section_title_69f1b3e7efb48 h2{font-size:38px;margin-bottom:0px !important;;}<\/style><header class=\"fancy-title ld_section_title_69f1b3e7efb48\">\n\t<h2>Envoyez-nous un message<\/h2>\t<h6 class=\"\">Nous sommes l\u00e0 pour r\u00e9pondre \u00e0 toutes vos questions<\/h6>\t<\/header><style>.ld_spacer_69f1b3e7efc4b{height:40px;}<\/style>\n<div class=\"ld-empty-space ld_spacer_69f1b3e7efc4b\"><span class=\"liquid_empty_space_inner\"><\/span><\/div><style>.ld_cf7_69f1b3e7efce5 input,.ld_cf7_69f1b3e7efce5 textarea,.ld_cf7_69f1b3e7efce5 .ui-selectmenu-button{font-size:14px;}.ld_cf7_69f1b3e7efce5 input[type=\"submit\"], .ld_cf7_69f1b3e7efce5 button[type=\"submit\"]{font-size:16px;font-weight:600;letter-spacing:0.1em;background:-webkit-linear-gradient(90deg, rgb(245, 99, 75) 0%, #fe9418 100%);background:linear-gradient(90deg, rgb(245, 99, 75) 0%, #fe9418 100%);}.ld_cf7_69f1b3e7efce5 input:focus, .ld_cf7_69f1b3e7efce5 select:focus, .ld_cf7_69f1b3e7efce5 textarea:focus, .ld_cf7_69f1b3e7efce5 .ui-selectmenu-button:hover{color:rgb(24, 26, 35);}<\/style><div id=\"ld_cf7_69f1b3e7efce5\" class=\"lqd-contact-form contact-form-inputs-sm contact-form-inputs-underlined contact-form-button-md contact-form-button-block ld_cf7_69f1b3e7efce5\">\n\t<p class=\"wpcf7-contact-form-not-found\"><strong>Erreur\u00a0:<\/strong> Formulaire de contact non trouv\u00e9\u00a0!<\/p><\/div><style>.ld_fancy_heading_69f1b3e7efe35 p{font-size:14px;line-height:1.428em;}.ld_fancy_heading_69f1b3e7efe35 .lqd-highlight-inner{height:0.275em;bottom:0px;}<\/style><div class=\"ld-fancy-heading ld_fancy_heading_69f1b3e7efe35\">\n\t<p class=\"lqd-highlight-underline lqd-highlight-grow-left\" ><span class=\"ld-fh-txt\"> <span style=\"line-height: 23px\">Nous respectons votre vie priv\u00e9e et ne tol\u00e9rons pas le spam et ne vendrons, ne louerons, ne louerons ni ne c\u00e9derons jamais vos informations \u00e0 des tiers.<\/span><\/span><\/p><\/div><\/div><\/div><\/div><\/div><\/div><\/div><\/div><\/div><\/div><div class=\"wpb_column vc_column_container vc_col-sm-3 liquid-column-69f1b3e7f01d3\"><div class=\"vc_column-inner\"><div class=\"wpb_wrapper\"   ><div class=\"wpb_wrapper-inner\"><\/div><\/div><\/div><\/div><\/div><\/div><\/section><section data-custom-animations=\"true\" data-ca-options='{\"triggerHandler\":\"inview\",\"animationTarget\":\".wpb_column\",\"duration\":\"1200\",\"delay\":100,\"easing\":\"easeOutQuint\",\"direction\":\"forward\",\"initValues\":{\"translateY\":44,\"opacity\":0},\"animations\":{\"translateY\":0,\"opacity\":1}}' data-bg-image=\"url\" class=\"vc_row wpb_row vc_row-fluid vc_custom_1540307555447 row-contains-padding-top row-contains-padding-bottom liquid-row-shadowbox-69f1b3e7f034e vc_row-has-fill vc_row-has-bg vc_row-o-equal-height vc_row-flex\"><div class=\"ld-container container-fluid\"><div class=\"row ld-row\"><style>@media (min-width: 992px) { .liquid-column-responsive-69f1b3e7f04c4 > .vc_column-inner > .wpb_wrapper {margin-bottom:0px !important;  }  } <\/style><div class=\"wpb_column vc_column_container vc_col-sm-4 text-center liquid-column-69f1b3e7f04c2 liquid-column-responsive-69f1b3e7f04c4\"><div class=\"vc_column-inner\"><div class=\"wpb_wrapper vc_custom_1539965357165\"   ><div class=\"wpb_wrapper-inner\"><\/div><\/div><\/div><\/div><div class=\"wpb_column vc_column_container vc_col-sm-4 liquid-column-69f1b3e7f0620\"><div class=\"vc_column-inner\"><div class=\"wpb_wrapper\"   ><div class=\"wpb_wrapper-inner\"><style>.ld_fancy_heading_69f1b3e7f0709 h6{font-size:11px;letter-spacing:0.15em;color:rgb(255, 199, 10);}.ld_fancy_heading_69f1b3e7f0709 .lqd-highlight-inner{height:0.275em;bottom:0px;}<\/style><div class=\"ld-fancy-heading text-uppercase ld_fancy_heading_69f1b3e7f0709\">\n\t<h6 class=\"lqd-highlight-underline lqd-highlight-grow-left\" ><span class=\"ld-fh-txt\"> CONTACTEZ-NOUS<\/span><\/h6><\/div><style>.ld_fancy_heading_69f1b3e7f0852 h5{font-size:30px;color:rgb(255, 255, 255);}.ld_fancy_heading_69f1b3e7f0852 .lqd-highlight-inner{height:0.275em;bottom:0px;}<\/style><div class=\"ld-fancy-heading ld_fancy_heading_69f1b3e7f0852\">\n\t<h5 class=\"lqd-highlight-underline lqd-highlight-grow-left\" ><span class=\"ld-fh-txt\"> Envoyer un message<\/span><\/h5><\/div><style>.ld_cf7_69f1b3e7f0966 input,.ld_cf7_69f1b3e7f0966 textarea,.ld_cf7_69f1b3e7f0966 .ui-selectmenu-button{font-size:15px;font-weight:500;}.ld_cf7_69f1b3e7f0966 input[type=\"submit\"], .ld_cf7_69f1b3e7f0966 button[type=\"submit\"]{font-size:13px;font-weight:700;letter-spacing:0.185em;color:rgb(255, 255, 255);}.ld_cf7_69f1b3e7f0966 input:focus, .ld_cf7_69f1b3e7f0966 select:focus, .ld_cf7_69f1b3e7f0966 textarea:focus, .ld_cf7_69f1b3e7f0966 .ui-selectmenu-button:hover{color:rgb(255, 255, 255);border-color:rgb(255, 255, 255);}.ld_cf7_69f1b3e7f0966 input, .ld_cf7_69f1b3e7f0966 select, .ld_cf7_69f1b3e7f0966 textarea, .ld_cf7_69f1b3e7f0966 .ui-selectmenu-button{border-color:rgba(255, 255, 255, 0.147);}<\/style><div id=\"ld_cf7_69f1b3e7f0966\" class=\"lqd-contact-form contact-form-inputs-sm contact-form-inputs-underlined contact-form-button-md contact-form-button-block ld_cf7_69f1b3e7f0966\">\n\t<p class=\"wpcf7-contact-form-not-found\"><strong>Erreur\u00a0:<\/strong> Formulaire de contact non trouv\u00e9\u00a0!<\/p><\/div><style>.ld_spacer_69f1b3e7f0a4e{height:20px;}<\/style>\n<div class=\"ld-empty-space ld_spacer_69f1b3e7f0a4e\"><span class=\"liquid_empty_space_inner\"><\/span><\/div><\/div><\/div><\/div><\/div><div class=\"wpb_column vc_column_container vc_col-sm-4 liquid-column-69f1b3e7f0ba6\"><div class=\"vc_column-inner\"><div class=\"wpb_wrapper\"   ><div class=\"wpb_wrapper-inner\"><\/div><\/div><\/div><\/div><\/div><\/div><\/section><div class=\"vc_row-full-width vc_clearfix\"><\/div>","protected":false},"excerpt":{"rendered":"Drop us a line We are here to answer any question you may have Erreur\u00a0:...","protected":false},"author":1,"featured_media":0,"parent":0,"menu_order":0,"comment_status":"closed","ping_status":"closed","template":"","meta":{"footnotes":""},"class_list":["post-4517","page","type-page","status-publish","hentry"],"yoast_head":"<!-- This site is optimized with the Yoast SEO plugin v27.5 - https:\/\/yoast.com\/product\/yoast-seo-wordpress\/ -->\n<title>Contact Forms - Eden Garden Equipment<\/title>\n<meta name=\"robots\" content=\"index, follow, max-snippet:-1, max-image-preview:large, max-video-preview:-1\" \/>\n<link rel=\"canonical\" href=\"https:\/\/edengardenequipment.com\/fr\/contact-forms\/\" \/>\n<meta property=\"og:locale\" content=\"fr_FR\" \/>\n<meta property=\"og:type\" content=\"article\" \/>\n<meta property=\"og:title\" content=\"Contact Forms - Eden Garden Equipment\" \/>\n<meta property=\"og:url\" content=\"https:\/\/edengardenequipment.com\/fr\/contact-forms\/\" \/>\n<meta property=\"og:site_name\" content=\"Eden Garden Equipment\" \/>\n<meta property=\"og:image\" content=\"https:\/\/edengardenequipment.com\/wp-content\/uploads\/2023\/06\/05.jpg\" \/>\n\t<meta property=\"og:image:width\" content=\"2000\" \/>\n\t<meta property=\"og:image:height\" content=\"1117\" \/>\n\t<meta property=\"og:image:type\" content=\"image\/jpeg\" \/>\n<meta name=\"twitter:card\" content=\"summary_large_image\" \/>\n<meta name=\"twitter:label1\" content=\"Dur\u00e9e de lecture estim\u00e9e\" \/>\n\t<meta name=\"twitter:data1\" content=\"4 minutes\" \/>\n<script type=\"application\/ld+json\" class=\"yoast-schema-graph\">{\"@context\":\"https:\\\/\\\/schema.org\",\"@graph\":[{\"@type\":\"WebPage\",\"@id\":\"https:\\\/\\\/edengardenequipment.com\\\/contact-forms\\\/\",\"url\":\"https:\\\/\\\/edengardenequipment.com\\\/contact-forms\\\/\",\"name\":\"Contact Forms - Eden Garden Equipment\",\"isPartOf\":{\"@id\":\"https:\\\/\\\/edengardenequipment.com\\\/#website\"},\"datePublished\":\"2018-10-18T09:49:57+00:00\",\"breadcrumb\":{\"@id\":\"https:\\\/\\\/edengardenequipment.com\\\/contact-forms\\\/#breadcrumb\"},\"inLanguage\":\"fr-FR\",\"potentialAction\":[{\"@type\":\"ReadAction\",\"target\":[\"https:\\\/\\\/edengardenequipment.com\\\/contact-forms\\\/\"]}]},{\"@type\":\"BreadcrumbList\",\"@id\":\"https:\\\/\\\/edengardenequipment.com\\\/contact-forms\\\/#breadcrumb\",\"itemListElement\":[{\"@type\":\"ListItem\",\"position\":1,\"name\":\"Home\",\"item\":\"https:\\\/\\\/edengardenequipment.com\\\/\"},{\"@type\":\"ListItem\",\"position\":2,\"name\":\"Contact Forms\"}]},{\"@type\":\"WebSite\",\"@id\":\"https:\\\/\\\/edengardenequipment.com\\\/#website\",\"url\":\"https:\\\/\\\/edengardenequipment.com\\\/\",\"name\":\"Eden Garden Equipment\",\"description\":\"Best Gardening Tools for Sale\",\"publisher\":{\"@id\":\"https:\\\/\\\/edengardenequipment.com\\\/#organization\"},\"potentialAction\":[{\"@type\":\"SearchAction\",\"target\":{\"@type\":\"EntryPoint\",\"urlTemplate\":\"https:\\\/\\\/edengardenequipment.com\\\/?s={search_term_string}\"},\"query-input\":{\"@type\":\"PropertyValueSpecification\",\"valueRequired\":true,\"valueName\":\"search_term_string\"}}],\"inLanguage\":\"fr-FR\"},{\"@type\":\"Organization\",\"@id\":\"https:\\\/\\\/edengardenequipment.com\\\/#organization\",\"name\":\"Eden Garden Equipment\",\"url\":\"https:\\\/\\\/edengardenequipment.com\\\/\",\"logo\":{\"@type\":\"ImageObject\",\"inLanguage\":\"fr-FR\",\"@id\":\"https:\\\/\\\/edengardenequipment.com\\\/#\\\/schema\\\/logo\\\/image\\\/\",\"url\":\"https:\\\/\\\/edengardenequipment.com\\\/wp-content\\\/uploads\\\/2023\\\/06\\\/cropped-Asset-1@2xnew2.png\",\"contentUrl\":\"https:\\\/\\\/edengardenequipment.com\\\/wp-content\\\/uploads\\\/2023\\\/06\\\/cropped-Asset-1@2xnew2.png\",\"width\":512,\"height\":512,\"caption\":\"Eden Garden Equipment\"},\"image\":{\"@id\":\"https:\\\/\\\/edengardenequipment.com\\\/#\\\/schema\\\/logo\\\/image\\\/\"}}]}<\/script>\n<!-- \/ Yoast SEO plugin. -->","yoast_head_json":{"title":"Contact Forms - Eden Garden Equipment","robots":{"index":"index","follow":"follow","max-snippet":"max-snippet:-1","max-image-preview":"max-image-preview:large","max-video-preview":"max-video-preview:-1"},"canonical":"https:\/\/edengardenequipment.com\/fr\/contact-forms\/","og_locale":"fr_FR","og_type":"article","og_title":"Contact Forms - Eden Garden Equipment","og_url":"https:\/\/edengardenequipment.com\/fr\/contact-forms\/","og_site_name":"Eden Garden Equipment","og_image":[{"width":2000,"height":1117,"url":"https:\/\/edengardenequipment.com\/wp-content\/uploads\/2023\/06\/05.jpg","type":"image\/jpeg"}],"twitter_card":"summary_large_image","twitter_misc":{"Dur\u00e9e de lecture estim\u00e9e":"4 minutes"},"schema":{"@context":"https:\/\/schema.org","@graph":[{"@type":"WebPage","@id":"https:\/\/edengardenequipment.com\/contact-forms\/","url":"https:\/\/edengardenequipment.com\/contact-forms\/","name":"Contact Forms - Eden Garden Equipment","isPartOf":{"@id":"https:\/\/edengardenequipment.com\/#website"},"datePublished":"2018-10-18T09:49:57+00:00","breadcrumb":{"@id":"https:\/\/edengardenequipment.com\/contact-forms\/#breadcrumb"},"inLanguage":"fr-FR","potentialAction":[{"@type":"ReadAction","target":["https:\/\/edengardenequipment.com\/contact-forms\/"]}]},{"@type":"BreadcrumbList","@id":"https:\/\/edengardenequipment.com\/contact-forms\/#breadcrumb","itemListElement":[{"@type":"ListItem","position":1,"name":"Home","item":"https:\/\/edengardenequipment.com\/"},{"@type":"ListItem","position":2,"name":"Contact Forms"}]},{"@type":"WebSite","@id":"https:\/\/edengardenequipment.com\/#website","url":"https:\/\/edengardenequipment.com\/","name":"Eden Garden Equipment","description":"Best Gardening Tools for Sale","publisher":{"@id":"https:\/\/edengardenequipment.com\/#organization"},"potentialAction":[{"@type":"SearchAction","target":{"@type":"EntryPoint","urlTemplate":"https:\/\/edengardenequipment.com\/?s={search_term_string}"},"query-input":{"@type":"PropertyValueSpecification","valueRequired":true,"valueName":"search_term_string"}}],"inLanguage":"fr-FR"},{"@type":"Organization","@id":"https:\/\/edengardenequipment.com\/#organization","name":"Eden Garden Equipment","url":"https:\/\/edengardenequipment.com\/","logo":{"@type":"ImageObject","inLanguage":"fr-FR","@id":"https:\/\/edengardenequipment.com\/#\/schema\/logo\/image\/","url":"https:\/\/edengardenequipment.com\/wp-content\/uploads\/2023\/06\/cropped-Asset-1@2xnew2.png","contentUrl":"https:\/\/edengardenequipment.com\/wp-content\/uploads\/2023\/06\/cropped-Asset-1@2xnew2.png","width":512,"height":512,"caption":"Eden Garden Equipment"},"image":{"@id":"https:\/\/edengardenequipment.com\/#\/schema\/logo\/image\/"}}]}},"_links":{"self":[{"href":"https:\/\/edengardenequipment.com\/fr\/wp-json\/wp\/v2\/pages\/4517","targetHints":{"allow":["GET"]}}],"collection":[{"href":"https:\/\/edengardenequipment.com\/fr\/wp-json\/wp\/v2\/pages"}],"about":[{"href":"https:\/\/edengardenequipment.com\/fr\/wp-json\/wp\/v2\/types\/page"}],"author":[{"embeddable":true,"href":"https:\/\/edengardenequipment.com\/fr\/wp-json\/wp\/v2\/users\/1"}],"replies":[{"embeddable":true,"href":"https:\/\/edengardenequipment.com\/fr\/wp-json\/wp\/v2\/comments?post=4517"}],"version-history":[{"count":0,"href":"https:\/\/edengardenequipment.com\/fr\/wp-json\/wp\/v2\/pages\/4517\/revisions"}],"wp:attachment":[{"href":"https:\/\/edengardenequipment.com\/fr\/wp-json\/wp\/v2\/media?parent=4517"}],"curies":[{"name":"wp","href":"https:\/\/api.w.org\/{rel}","templated":true}]}}