{"id":4521,"date":"2018-10-18T09:52:35","date_gmt":"2018-10-18T09:52:35","guid":{"rendered":"http:\/\/onetwo.themerella.com\/?page_id=4521"},"modified":"2018-10-18T09:52:35","modified_gmt":"2018-10-18T09:52:35","slug":"counter-countdown","status":"publish","type":"page","link":"https:\/\/edengardenequipment.com\/fr\/counter-countdown\/","title":{"rendered":"Compteur et compte \u00e0 rebours"},"content":{"rendered":"<section class=\"vc_row wpb_row vc_row-fluid vc_custom_1539962272650 row-contains-padding-top row-contains-padding-bottom liquid-row-shadowbox-69f1b3c655619 vc_row-has-fill\"><div class=\"ld-container container\"><div class=\"row ld-row\"><div class=\"wpb_column vc_column_container vc_col-sm-6 vc_col-md-3 text-center liquid-column-69f1b3c655932\"><div class=\"vc_column-inner\"><div class=\"wpb_wrapper\"   ><div class=\"wpb_wrapper-inner\"><style>.ld_counter_69f1b3c655a45 .liquid-counter-element{font-size:47px;}.ld_counter_69f1b3c655a45 .liquid-text-bottom{font-size:14px;line-height:2em;letter-spacing:0.175em;}.ld_counter_69f1b3c655a45 > .liquid-counter-element > span{color:rgb(45, 49, 62);}.ld_counter_69f1b3c655a45 .liquid-counter-element-hover{background:-webkit-gradient(linear, left top, right top, from(rgb(85, 111, 255)), to(rgb(255, 94, 119)));background-clip:text !important;-webkit-background-clip:text !important;text-fill-color:transparent !important;-webkit-text-fill-color:transparent !important;}.ld_counter_69f1b3c655a45 .liquid-counter-text{color:rgb(2, 2, 2);}<\/style><div id=\"ld_counter_69f1b3c655a45\" class=\"liquid-counter liquid-counter-default liquid-counter-has-hover-gradient ld_counter_69f1b3c655a45\">\n\t\n\t\t\t<div class=\"liquid-counter-element\" data-enable-counter=\"true\" data-counter-options='{\"targetNumber\":\"785\",\"blurEffect\":true}'>\n\t\t\t\t\t\t\t\t<div class=\"liquid-counter-element liquid-counter-element-hover\"><span>785<\/span><\/div>\t\t\t\t<span>785<\/span>\t\t<\/div><!-- \/.liquid-counter-element -->\n\t<span class=\"liquid-counter-text liquid-text-bottom\">MARQUES MONDIALES<\/span>\n<\/div><!-- \/.liquid-counter --><\/div><\/div><\/div><\/div><div class=\"wpb_column vc_column_container vc_col-sm-6 vc_col-md-3 text-center liquid-column-69f1b3c655c3f\"><div class=\"vc_column-inner\"><div class=\"wpb_wrapper\"   ><div class=\"wpb_wrapper-inner\"><style>.ld_counter_69f1b3c655cf1 .liquid-counter-element{font-size:47px;}.ld_counter_69f1b3c655cf1 .liquid-text-bottom{font-size:14px;line-height:2em;letter-spacing:0.175em;}.ld_counter_69f1b3c655cf1 > .liquid-counter-element > span{color:rgb(45, 49, 62);}.ld_counter_69f1b3c655cf1 .liquid-counter-element-hover{background:-webkit-gradient(linear, left top, right top, from(rgb(85, 111, 255)), to(rgb(255, 94, 119)));background-clip:text !important;-webkit-background-clip:text !important;text-fill-color:transparent !important;-webkit-text-fill-color:transparent !important;}.ld_counter_69f1b3c655cf1 .liquid-counter-text{color:rgb(2, 2, 2);}<\/style><div id=\"ld_counter_69f1b3c655cf1\" class=\"liquid-counter liquid-counter-default liquid-counter-has-hover-gradient ld_counter_69f1b3c655cf1\">\n\t\n\t\t\t<div class=\"liquid-counter-element\" data-enable-counter=\"true\" data-counter-options='{\"targetNumber\":\"237\",\"startDelay\":\"150\",\"blurEffect\":true}'>\n\t\t\t\t\t\t\t\t<div class=\"liquid-counter-element liquid-counter-element-hover\"><span>237<\/span><\/div>\t\t\t\t<span>237<\/span>\t\t<\/div><!-- \/.liquid-counter-element -->\n\t<span class=\"liquid-counter-text liquid-text-bottom\">CLIENTS SATISFAITS<\/span>\n<\/div><!-- \/.liquid-counter --><\/div><\/div><\/div><\/div><div class=\"wpb_column vc_column_container vc_col-sm-6 vc_col-md-3 text-center liquid-column-69f1b3c655e66\"><div class=\"vc_column-inner\"><div class=\"wpb_wrapper\"   ><div class=\"wpb_wrapper-inner\"><style>.ld_counter_69f1b3c655f0a .liquid-counter-element{font-size:47px;}.ld_counter_69f1b3c655f0a .liquid-text-bottom{font-size:14px;line-height:2em;letter-spacing:0.175em;}.ld_counter_69f1b3c655f0a > .liquid-counter-element > span{color:rgb(45, 49, 62);}.ld_counter_69f1b3c655f0a .liquid-counter-element-hover{background:-webkit-gradient(linear, left top, right top, from(rgb(85, 111, 255)), to(rgb(255, 94, 119)));background-clip:text !important;-webkit-background-clip:text !important;text-fill-color:transparent !important;-webkit-text-fill-color:transparent !important;}.ld_counter_69f1b3c655f0a .liquid-counter-text{color:rgb(2, 2, 2);}<\/style><div id=\"ld_counter_69f1b3c655f0a\" class=\"liquid-counter liquid-counter-default liquid-counter-has-hover-gradient ld_counter_69f1b3c655f0a\">\n\t\n\t\t\t<div class=\"liquid-counter-element\" data-enable-counter=\"true\" data-counter-options='{\"targetNumber\":\"426\",\"startDelay\":\"300\",\"blurEffect\":true}'>\n\t\t\t\t\t\t\t\t<div class=\"liquid-counter-element liquid-counter-element-hover\"><span>426<\/span><\/div>\t\t\t\t<span>426<\/span>\t\t<\/div><!-- \/.liquid-counter-element -->\n\t<span class=\"liquid-counter-text liquid-text-bottom\">MARQUES MONDIALES<\/span>\n<\/div><!-- \/.liquid-counter --><\/div><\/div><\/div><\/div><div class=\"wpb_column vc_column_container vc_col-sm-6 vc_col-md-3 text-center liquid-column-69f1b3c656081\"><div class=\"vc_column-inner\"><div class=\"wpb_wrapper\"   ><div class=\"wpb_wrapper-inner\"><style>.ld_counter_69f1b3c656126 .liquid-counter-element{font-size:47px;}.ld_counter_69f1b3c656126 .liquid-text-bottom{font-size:14px;line-height:2em;letter-spacing:0.175em;}.ld_counter_69f1b3c656126 > .liquid-counter-element > span{color:rgb(45, 49, 62);}.ld_counter_69f1b3c656126 .liquid-counter-element-hover{background:-webkit-gradient(linear, left top, right top, from(rgb(85, 111, 255)), to(rgb(255, 94, 119)));background-clip:text !important;-webkit-background-clip:text !important;text-fill-color:transparent !important;-webkit-text-fill-color:transparent !important;}.ld_counter_69f1b3c656126 .liquid-counter-text{color:rgb(2, 2, 2);}<\/style><div id=\"ld_counter_69f1b3c656126\" class=\"liquid-counter liquid-counter-default liquid-counter-has-hover-gradient ld_counter_69f1b3c656126\">\n\t\n\t\t\t<div class=\"liquid-counter-element\" data-enable-counter=\"true\" data-counter-options='{\"targetNumber\":\"578\",\"startDelay\":\"450\",\"blurEffect\":true}'>\n\t\t\t\t\t\t\t\t<div class=\"liquid-counter-element liquid-counter-element-hover\"><span>578<\/span><\/div>\t\t\t\t<span>578<\/span>\t\t<\/div><!-- \/.liquid-counter-element -->\n\t<span class=\"liquid-counter-text liquid-text-bottom\">CLIENTS SATISFAITS<\/span>\n<\/div><!-- \/.liquid-counter --><\/div><\/div><\/div><\/div><\/div><\/div><\/section><section data-parallax=\"true\" data-parallax-options='{\"parallaxBG\":true}' data-bg-image=\"url\" class=\"vc_row wpb_row vc_row-fluid vc_custom_1540311646539 row-contains-padding-top row-contains-padding-bottom liquid-row-shadowbox-69f1b3c65645e vc_row-has-fill vc_row-has-bg\"><div class=\"liquid-row-overlay\" style=\"background:linear-gradient(137deg, #242428 0%, #2D3544 100%)\"><\/div><div class=\"ld-container container\"><div class=\"row ld-row\"><div class=\"wpb_column vc_column_container vc_col-sm-4 text-center liquid-column-69f1b3c656627\"><div class=\"vc_column-inner\"><div class=\"wpb_wrapper\"   ><div class=\"wpb_wrapper-inner\"><style>.ld_icon_box_69f1b3c6567cd .iconbox-icon-container{color:rgb(255, 255, 255);margin-bottom:1px !important;border-radius:px;}.ld_icon_box_69f1b3c6567cd h3{margin-bottom:px;}<\/style>\n<div class=\"iconbox iconbox-xl ld_icon_box_69f1b3c6567cd vc_custom_1538126516047\" id=\"ld_icon_box_69f1b3c6567cd\"  data-plugin-options='{\"color\":\"rgb(255, 255, 255)\"}'  >\n\t\n\t\t<div class=\"iconbox-icon-wrap\"><span class=\"iconbox-icon-container\"><i class=\"icon-ion-ios-happy\"><\/i><\/span><\/div><!-- \/.iconbox-icon-wrap -->\t\n\t\t\n\t\t\n\t\t\t\t\n\t\t\n\t\n<\/div>\n<style>.ld_counter_69f1b3c659b4a .liquid-counter-element{font-size:55px;letter-spacing:1.5px;}.ld_counter_69f1b3c659b4a > .liquid-counter-element > span{color:rgb(255, 255, 255);}.ld_counter_69f1b3c659b4a .liquid-counter-text{color:rgba(255, 255, 255, 0.599);}.ld_counter_69f1b3c659b4a > .liquid-counter-element{margin-bottom:15px;}<\/style><div id=\"ld_counter_69f1b3c659b4a\" class=\"liquid-counter liquid-counter-default ld_counter_69f1b3c659b4a\">\n\t\n\t\t\t<div class=\"liquid-counter-element\" data-enable-counter=\"true\" data-counter-options='{\"targetNumber\":\"700+\",\"blurEffect\":true}'>\n\t\t\t\t\t\t\t\t\t\t\t\t<span>700+<\/span>\t\t<\/div><!-- \/.liquid-counter-element -->\n\t<span class=\"liquid-counter-text liquid-text-bottom\">PERSONNES ET GROUPES<\/span>\n<\/div><!-- \/.liquid-counter --><\/div><\/div><\/div><\/div><div class=\"wpb_column vc_column_container vc_col-sm-4 text-center liquid-column-69f1b3c659ce1\"><div class=\"vc_column-inner\"><div class=\"wpb_wrapper\"   ><div class=\"wpb_wrapper-inner\"><style>.ld_icon_box_69f1b3c659e21 .iconbox-icon-container{color:rgb(255, 255, 255);margin-bottom:1px !important;border-radius:px;}.ld_icon_box_69f1b3c659e21 h3{margin-bottom:px;}<\/style>\n<div class=\"iconbox iconbox-xl ld_icon_box_69f1b3c659e21 vc_custom_1538126523813\" id=\"ld_icon_box_69f1b3c659e21\"  data-plugin-options='{\"color\":\"rgb(255, 255, 255)\"}'  >\n\t\n\t\t<div class=\"iconbox-icon-wrap\"><span class=\"iconbox-icon-container\"><i class=\"icon-ion-ios-pin\"><\/i><\/span><\/div><!-- \/.iconbox-icon-wrap -->\t\n\t\t\n\t\t\n\t\t\t\t\n\t\t\n\t\n<\/div>\n<style>.ld_counter_69f1b3c65a6fe .liquid-counter-element{font-size:55px;letter-spacing:1.5px;}.ld_counter_69f1b3c65a6fe > .liquid-counter-element > span{color:rgb(255, 255, 255);}.ld_counter_69f1b3c65a6fe .liquid-counter-text{color:rgba(255, 255, 255, 0.599);}.ld_counter_69f1b3c65a6fe > .liquid-counter-element{margin-bottom:15px;}<\/style><div id=\"ld_counter_69f1b3c65a6fe\" class=\"liquid-counter liquid-counter-default ld_counter_69f1b3c65a6fe\">\n\t\n\t\t\t<div class=\"liquid-counter-element\" data-enable-counter=\"true\" data-counter-options='{\"targetNumber\":\"125+\",\"startDelay\":\"150\",\"blurEffect\":true}'>\n\t\t\t\t\t\t\t\t\t\t\t\t<span>125+<\/span>\t\t<\/div><!-- \/.liquid-counter-element -->\n\t<span class=\"liquid-counter-text liquid-text-bottom\">MAGASINS<\/span>\n<\/div><!-- \/.liquid-counter --><\/div><\/div><\/div><\/div><div class=\"wpb_column vc_column_container vc_col-sm-4 text-center liquid-column-69f1b3c65a87e\"><div class=\"vc_column-inner\"><div class=\"wpb_wrapper\"   ><div class=\"wpb_wrapper-inner\"><style>.ld_icon_box_69f1b3c65a9a1 .iconbox-icon-container{color:rgb(255, 255, 255);margin-bottom:1px !important;border-radius:px;}.ld_icon_box_69f1b3c65a9a1 h3{margin-bottom:px;}<\/style>\n<div class=\"iconbox iconbox-xl ld_icon_box_69f1b3c65a9a1 vc_custom_1538126530642\" id=\"ld_icon_box_69f1b3c65a9a1\"  data-plugin-options='{\"color\":\"rgb(255, 255, 255)\"}'  >\n\t\n\t\t<div class=\"iconbox-icon-wrap\"><span class=\"iconbox-icon-container\"><i class=\"icon-ion-ios-card\"><\/i><\/span><\/div><!-- \/.iconbox-icon-wrap -->\t\n\t\t\n\t\t\n\t\t\t\t\n\t\t\n\t\n<\/div>\n<style>.ld_counter_69f1b3c65adbf .liquid-counter-element{font-size:55px;letter-spacing:1.5px;}.ld_counter_69f1b3c65adbf > .liquid-counter-element > span{color:rgb(255, 255, 255);}.ld_counter_69f1b3c65adbf .liquid-counter-text{color:rgba(255, 255, 255, 0.599);}.ld_counter_69f1b3c65adbf > .liquid-counter-element{margin-bottom:15px;}<\/style><div id=\"ld_counter_69f1b3c65adbf\" class=\"liquid-counter liquid-counter-default ld_counter_69f1b3c65adbf\">\n\t\n\t\t\t<div class=\"liquid-counter-element\" data-enable-counter=\"true\" data-counter-options='{\"targetNumber\":\"682+\",\"startDelay\":\"300\",\"blurEffect\":true}'>\n\t\t\t\t\t\t\t\t\t\t\t\t<span>682+<\/span>\t\t<\/div><!-- \/.liquid-counter-element -->\n\t<span class=\"liquid-counter-text liquid-text-bottom\">TRANSACTIONS<\/span>\n<\/div><!-- \/.liquid-counter --><\/div><\/div><\/div><\/div><\/div><\/div><\/section><section class=\"vc_row wpb_row vc_row-fluid vc_custom_1540483204445 row-contains-padding-top row-contains-padding-bottom liquid-row-shadowbox-69f1b3c65afde\"><div class=\"ld-container container\"><div class=\"row ld-row\"><div class=\"wpb_column vc_column_container vc_col-sm-3 liquid-column-69f1b3c65b154\"><div class=\"vc_column-inner\"><div class=\"wpb_wrapper\"   ><div class=\"wpb_wrapper-inner\"><style>.ld_counter_69f1b3c65b1fc .liquid-counter-text{color:rgb(167, 169, 184);}<\/style><div id=\"ld_counter_69f1b3c65b1fc\" class=\"liquid-counter liquid-counter-bordered liquid-counter-bold liquid-counter-lg ld_counter_69f1b3c65b1fc\">\n\t\n\t\t\t<div class=\"liquid-counter-element\" data-enable-counter=\"true\" data-counter-options='{\"targetNumber\":\"150\",\"blurEffect\":true}'>\n\t\t\t\t\t\t\t\t\t\t\t\t<span>150<\/span>\t\t<\/div><!-- \/.liquid-counter-element -->\n\t<span class=\"liquid-counter-text liquid-text-bottom\">Projets r\u00e9ussis<\/span>\n<\/div><!-- \/.liquid-counter --><\/div><\/div><\/div><\/div><div class=\"wpb_column vc_column_container vc_col-sm-3 liquid-column-69f1b3c65b377\"><div class=\"vc_column-inner\"><div class=\"wpb_wrapper\"   ><div class=\"wpb_wrapper-inner\"><style>.ld_counter_69f1b3c65b417 .liquid-counter-text{color:rgb(167, 169, 184);}<\/style><div id=\"ld_counter_69f1b3c65b417\" class=\"liquid-counter liquid-counter-bordered liquid-counter-bold liquid-counter-lg ld_counter_69f1b3c65b417\">\n\t\n\t\t\t<div class=\"liquid-counter-element\" data-enable-counter=\"true\" data-counter-options='{\"targetNumber\":\"349\",\"blurEffect\":true}'>\n\t\t\t\t\t\t\t\t\t\t\t\t<span>349<\/span>\t\t<\/div><!-- \/.liquid-counter-element -->\n\t<span class=\"liquid-counter-text liquid-text-bottom\">Clients satisfaits<\/span>\n<\/div><!-- \/.liquid-counter --><\/div><\/div><\/div><\/div><div class=\"wpb_column vc_column_container vc_col-sm-3 liquid-column-69f1b3c65b577\"><div class=\"vc_column-inner\"><div class=\"wpb_wrapper\"   ><div class=\"wpb_wrapper-inner\"><style>.ld_counter_69f1b3c65b615 .liquid-counter-text{color:rgb(167, 169, 184);}<\/style><div id=\"ld_counter_69f1b3c65b615\" class=\"liquid-counter liquid-counter-bordered liquid-counter-bold liquid-counter-lg ld_counter_69f1b3c65b615\">\n\t\n\t\t\t<div class=\"liquid-counter-element\" data-enable-counter=\"true\" data-counter-options='{\"targetNumber\":\"218\",\"blurEffect\":true}'>\n\t\t\t\t\t\t\t\t\t\t\t\t<span>218<\/span>\t\t<\/div><!-- \/.liquid-counter-element -->\n\t<span class=\"liquid-counter-text liquid-text-bottom\">commentaires positifs<\/span>\n<\/div><!-- \/.liquid-counter --><\/div><\/div><\/div><\/div><div class=\"wpb_column vc_column_container vc_col-sm-3 liquid-column-69f1b3c65b77d\"><div class=\"vc_column-inner\"><div class=\"wpb_wrapper\"   ><div class=\"wpb_wrapper-inner\"><style>.ld_counter_69f1b3c65b81c .liquid-counter-text{color:rgb(167, 169, 184);}<\/style><div id=\"ld_counter_69f1b3c65b81c\" class=\"liquid-counter liquid-counter-bordered liquid-counter-bold liquid-counter-lg ld_counter_69f1b3c65b81c\">\n\t\n\t\t\t<div class=\"liquid-counter-element\" data-enable-counter=\"true\" data-counter-options='{\"targetNumber\":\"650\",\"blurEffect\":true}'>\n\t\t\t\t\t\t\t\t\t\t\t\t<span>650<\/span>\t\t<\/div><!-- \/.liquid-counter-element -->\n\t<span class=\"liquid-counter-text liquid-text-bottom\">tasses de caf\u00e9<\/span>\n<\/div><!-- \/.liquid-counter --><\/div><\/div><\/div><\/div><\/div><\/div><\/section><section data-bg-image=\"url\" class=\"vc_row wpb_row vc_row-fluid vc_custom_1537973108352 liquid-row-shadowbox-69f1b3c65b9c6 vc_row-has-fill vc_row-has-bg\"><div class=\"ld-container container\"><div class=\"row ld-row\"><style>.liquid-column-69f1b3c65bbd3 > .vc_column-inner > .wpb_wrapper { box-shadow:0px 50px 100px 0px rgba(0, 0, 0, 0.2)};<\/style><div class=\"wpb_column vc_column_container vc_col-sm-12 liquid-column-69f1b3c65bbd3 vc_col-has-fill\" data-parallax=\"true\" data-parallax-from='{\"translateY\":0,\"rotateX\":0}' data-parallax-to='{\"translateY\":-122,\"rotateX\":-35}' data-parallax-options='{\"easing\":\"linear\",\"reverse\":true,\"triggerHook\":\"onCenter\"}'><div class=\"vc_column-inner\"><div class=\"wpb_wrapper vc_custom_1537973176572\"   ><div class=\"wpb_wrapper-inner\"><div id=\"about\" class=\"vc_row wpb_row vc_inner vc_row-fluid liquid-row-shadowbox-69f1b3c65be01 vc_row-o-content-middle vc_row-flex\"><div class=\"wpb_column vc_column_container vc_col-sm-12 vc_col-lg-4 vc_col-md-offset-1 vc_col-md-5 liquid-column-69f1b3c65c068\"><div class=\"vc_column-inner\"><div class=\"wpb_wrapper vc_custom_1536239916828\"  data-custom-animations=\"true\" data-ca-options='{\"triggerHandler\":\"inview\",\"animationTarget\":\"all-childs\",\"duration\":\"1200\",\"startDelay\":\"1000\",\"delay\":\"30\",\"easing\":\"easeOutQuint\",\"direction\":\"forward\",\"initValues\":{\"translateY\":18,\"translateZ\":-125,\"rotateX\":-68,\"rotateZ\":-1,\"opacity\":0},\"animations\":{\"translateY\":0,\"translateZ\":0,\"rotateX\":0,\"rotateZ\":0,\"opacity\":1}}'><div class=\"wpb_wrapper-inner\"><style>.ld_fancy_heading_69f1b3c65c20b h3{color:rgb(255, 255, 255);}.ld_fancy_heading_69f1b3c65c20b .lqd-highlight-inner{height:0.275em;bottom:0px;}<\/style><div class=\"ld-fancy-heading ld_fancy_heading_69f1b3c65c20b\">\n\t<h3 class=\"lqd-highlight-underline lqd-highlight-grow-left\" ><span class=\"ld-fh-txt\"> \u00c0 propos de Liquid Themes<\/span><\/h3><\/div><style>.ld_fancy_heading_69f1b3c65c880 p{font-size:20px;line-height:1.35em;color:rgb(255, 255, 255);}.ld_fancy_heading_69f1b3c65c880 .lqd-highlight-inner{height:0.275em;bottom:0px;}<\/style><div class=\"ld-fancy-heading ld_fancy_heading_69f1b3c65c880\">\n\t<p class=\"lqd-highlight-underline lqd-highlight-grow-left\" data-split-text=\"true\" data-custom-animations=\"true\" data-ca-options='{\"triggerHandler\":\"inview\",\"animationTarget\":\".lqd-words .split-inner\",\"duration\":700,\"delay\":100,\"easing\":\"easeOutQuint\",\"direction\":\"forward\",\"initValues\":{\"scale\":1},\"animations\":{\"scale\":1}}' data-split-options='{\"type\":\"words\"}'><span class=\"ld-fh-txt\"> Un liquide prend la forme de son contenant. Nos th\u00e8mes sont con\u00e7us pour r\u00e9pondre \u00e0 tous les besoins avec une grande flexibilit\u00e9. Inspir\u00e9s par les liquides.<\/span><\/p><\/div><div class=\"vc_empty_space\"   style=\"height: 50px\"><span class=\"vc_empty_space_inner\"><\/span><\/div><style>.ld_social_icons_69f1b3c65cf5f.social-icon li a:hover{color:#ffd200;}<\/style><ul class=\"social-icon scheme-white social-icon-md ld_social_icons_69f1b3c65cf5f\" id=\"ld_social_icons_69f1b3c65cf5f\">\n<li><a href=\"#\" target=\"_blank\" rel=\"nofollow\"><i class=\"fa fa-facebook\"><\/i><\/a><\/li><li><a href=\"#\" target=\"_blank\" rel=\"nofollow\"><i class=\"fa fa-twitter\"><\/i><\/a><\/li><li><a href=\"#\" target=\"_blank\" rel=\"nofollow\"><i class=\"fa fa-behance\"><\/i><\/a><\/li><li><a href=\"#\" target=\"_blank\" rel=\"nofollow\"><i class=\"fa fa-dribbble\"><\/i><\/a><\/li><\/ul><\/div><\/div><\/div><\/div><div class=\"wpb_column vc_column_container vc_col-sm-12 vc_col-lg-offset-3 vc_col-lg-3 vc_col-md-offset-2 vc_col-md-4 liquid-column-69f1b3c65d12c\"><div class=\"vc_column-inner\"><div class=\"wpb_wrapper vc_custom_1536238166940\"  ><div class=\"wpb_wrapper-inner\"><style>.ld_counter_69f1b3c65d1ef .liquid-counter-element{letter-spacing:0.05em;}.ld_counter_69f1b3c65d1ef > .liquid-counter-element > span{color:rgb(255, 210, 0);}.ld_counter_69f1b3c65d1ef .liquid-counter-text{color:rgb(255, 255, 255);}<\/style><div id=\"ld_counter_69f1b3c65d1ef\" class=\"liquid-counter liquid-counter-huge liquid-counter-xl ld_counter_69f1b3c65d1ef\">\n\t\n\t<span class=\"liquid-counter-text liquid-text-top\">Plus que<\/span>\t\t<div class=\"liquid-counter-element\" data-enable-counter=\"true\" data-counter-options='{\"targetNumber\":\"7\",\"startDelay\":\"600\",\"blurEffect\":true}'>\n\t\t\t\t\t\t\t\t\t\t\t\t<span>7<\/span>\t\t<\/div><!-- \/.liquid-counter-element -->\n\t<span class=\"liquid-counter-text liquid-text-bottom\">Des ann\u00e9es d&#039;exp\u00e9rience<\/span>\n<\/div><!-- \/.liquid-counter --><\/div><\/div><\/div><\/div><\/div><\/div><\/div><\/div><\/div><\/div><\/div><\/section>","protected":false},"excerpt":{"rendered":"785 785 GLOBAL BRANDS 237 237 HAPPY CLIENTS 426 426 GLOBAL BRANDS 578 578 HAPPY...","protected":false},"author":1,"featured_media":0,"parent":0,"menu_order":0,"comment_status":"closed","ping_status":"closed","template":"","meta":{"footnotes":""},"class_list":["post-4521","page","type-page","status-publish","hentry"],"yoast_head":"<!-- This site is optimized with the Yoast SEO plugin v27.5 - https:\/\/yoast.com\/product\/yoast-seo-wordpress\/ -->\n<title>Counter &amp; Countdown - Eden Garden Equipment<\/title>\n<meta name=\"robots\" content=\"index, follow, max-snippet:-1, max-image-preview:large, max-video-preview:-1\" \/>\n<link rel=\"canonical\" href=\"https:\/\/edengardenequipment.com\/fr\/counter-countdown\/\" \/>\n<meta property=\"og:locale\" content=\"fr_FR\" \/>\n<meta property=\"og:type\" content=\"article\" \/>\n<meta property=\"og:title\" content=\"Counter &amp; Countdown - Eden Garden Equipment\" \/>\n<meta property=\"og:url\" content=\"https:\/\/edengardenequipment.com\/fr\/counter-countdown\/\" \/>\n<meta property=\"og:site_name\" content=\"Eden Garden Equipment\" \/>\n<meta property=\"og:image\" content=\"https:\/\/edengardenequipment.com\/wp-content\/uploads\/2023\/06\/05.jpg\" \/>\n\t<meta property=\"og:image:width\" content=\"2000\" \/>\n\t<meta property=\"og:image:height\" content=\"1117\" \/>\n\t<meta property=\"og:image:type\" content=\"image\/jpeg\" \/>\n<meta name=\"twitter:card\" content=\"summary_large_image\" \/>\n<meta name=\"twitter:label1\" content=\"Dur\u00e9e de lecture estim\u00e9e\" \/>\n\t<meta name=\"twitter:data1\" content=\"7 minutes\" \/>\n<script type=\"application\/ld+json\" class=\"yoast-schema-graph\">{\"@context\":\"https:\\\/\\\/schema.org\",\"@graph\":[{\"@type\":\"WebPage\",\"@id\":\"https:\\\/\\\/edengardenequipment.com\\\/counter-countdown\\\/\",\"url\":\"https:\\\/\\\/edengardenequipment.com\\\/counter-countdown\\\/\",\"name\":\"Counter & Countdown - Eden Garden Equipment\",\"isPartOf\":{\"@id\":\"https:\\\/\\\/edengardenequipment.com\\\/#website\"},\"datePublished\":\"2018-10-18T09:52:35+00:00\",\"breadcrumb\":{\"@id\":\"https:\\\/\\\/edengardenequipment.com\\\/counter-countdown\\\/#breadcrumb\"},\"inLanguage\":\"fr-FR\",\"potentialAction\":[{\"@type\":\"ReadAction\",\"target\":[\"https:\\\/\\\/edengardenequipment.com\\\/counter-countdown\\\/\"]}]},{\"@type\":\"BreadcrumbList\",\"@id\":\"https:\\\/\\\/edengardenequipment.com\\\/counter-countdown\\\/#breadcrumb\",\"itemListElement\":[{\"@type\":\"ListItem\",\"position\":1,\"name\":\"Home\",\"item\":\"https:\\\/\\\/edengardenequipment.com\\\/\"},{\"@type\":\"ListItem\",\"position\":2,\"name\":\"Counter &#038; Countdown\"}]},{\"@type\":\"WebSite\",\"@id\":\"https:\\\/\\\/edengardenequipment.com\\\/#website\",\"url\":\"https:\\\/\\\/edengardenequipment.com\\\/\",\"name\":\"Eden Garden Equipment\",\"description\":\"Best Gardening Tools for Sale\",\"publisher\":{\"@id\":\"https:\\\/\\\/edengardenequipment.com\\\/#organization\"},\"potentialAction\":[{\"@type\":\"SearchAction\",\"target\":{\"@type\":\"EntryPoint\",\"urlTemplate\":\"https:\\\/\\\/edengardenequipment.com\\\/?s={search_term_string}\"},\"query-input\":{\"@type\":\"PropertyValueSpecification\",\"valueRequired\":true,\"valueName\":\"search_term_string\"}}],\"inLanguage\":\"fr-FR\"},{\"@type\":\"Organization\",\"@id\":\"https:\\\/\\\/edengardenequipment.com\\\/#organization\",\"name\":\"Eden Garden Equipment\",\"url\":\"https:\\\/\\\/edengardenequipment.com\\\/\",\"logo\":{\"@type\":\"ImageObject\",\"inLanguage\":\"fr-FR\",\"@id\":\"https:\\\/\\\/edengardenequipment.com\\\/#\\\/schema\\\/logo\\\/image\\\/\",\"url\":\"https:\\\/\\\/edengardenequipment.com\\\/wp-content\\\/uploads\\\/2023\\\/06\\\/cropped-Asset-1@2xnew2.png\",\"contentUrl\":\"https:\\\/\\\/edengardenequipment.com\\\/wp-content\\\/uploads\\\/2023\\\/06\\\/cropped-Asset-1@2xnew2.png\",\"width\":512,\"height\":512,\"caption\":\"Eden Garden Equipment\"},\"image\":{\"@id\":\"https:\\\/\\\/edengardenequipment.com\\\/#\\\/schema\\\/logo\\\/image\\\/\"}}]}<\/script>\n<!-- \/ Yoast SEO plugin. -->","yoast_head_json":{"title":"Counter & Countdown - Eden Garden Equipment","robots":{"index":"index","follow":"follow","max-snippet":"max-snippet:-1","max-image-preview":"max-image-preview:large","max-video-preview":"max-video-preview:-1"},"canonical":"https:\/\/edengardenequipment.com\/fr\/counter-countdown\/","og_locale":"fr_FR","og_type":"article","og_title":"Counter & Countdown - Eden Garden Equipment","og_url":"https:\/\/edengardenequipment.com\/fr\/counter-countdown\/","og_site_name":"Eden Garden Equipment","og_image":[{"width":2000,"height":1117,"url":"https:\/\/edengardenequipment.com\/wp-content\/uploads\/2023\/06\/05.jpg","type":"image\/jpeg"}],"twitter_card":"summary_large_image","twitter_misc":{"Dur\u00e9e de lecture estim\u00e9e":"7 minutes"},"schema":{"@context":"https:\/\/schema.org","@graph":[{"@type":"WebPage","@id":"https:\/\/edengardenequipment.com\/counter-countdown\/","url":"https:\/\/edengardenequipment.com\/counter-countdown\/","name":"Counter & Countdown - Eden Garden Equipment","isPartOf":{"@id":"https:\/\/edengardenequipment.com\/#website"},"datePublished":"2018-10-18T09:52:35+00:00","breadcrumb":{"@id":"https:\/\/edengardenequipment.com\/counter-countdown\/#breadcrumb"},"inLanguage":"fr-FR","potentialAction":[{"@type":"ReadAction","target":["https:\/\/edengardenequipment.com\/counter-countdown\/"]}]},{"@type":"BreadcrumbList","@id":"https:\/\/edengardenequipment.com\/counter-countdown\/#breadcrumb","itemListElement":[{"@type":"ListItem","position":1,"name":"Home","item":"https:\/\/edengardenequipment.com\/"},{"@type":"ListItem","position":2,"name":"Counter &#038; Countdown"}]},{"@type":"WebSite","@id":"https:\/\/edengardenequipment.com\/#website","url":"https:\/\/edengardenequipment.com\/","name":"Eden Garden Equipment","description":"Best Gardening Tools for Sale","publisher":{"@id":"https:\/\/edengardenequipment.com\/#organization"},"potentialAction":[{"@type":"SearchAction","target":{"@type":"EntryPoint","urlTemplate":"https:\/\/edengardenequipment.com\/?s={search_term_string}"},"query-input":{"@type":"PropertyValueSpecification","valueRequired":true,"valueName":"search_term_string"}}],"inLanguage":"fr-FR"},{"@type":"Organization","@id":"https:\/\/edengardenequipment.com\/#organization","name":"Eden Garden Equipment","url":"https:\/\/edengardenequipment.com\/","logo":{"@type":"ImageObject","inLanguage":"fr-FR","@id":"https:\/\/edengardenequipment.com\/#\/schema\/logo\/image\/","url":"https:\/\/edengardenequipment.com\/wp-content\/uploads\/2023\/06\/cropped-Asset-1@2xnew2.png","contentUrl":"https:\/\/edengardenequipment.com\/wp-content\/uploads\/2023\/06\/cropped-Asset-1@2xnew2.png","width":512,"height":512,"caption":"Eden Garden Equipment"},"image":{"@id":"https:\/\/edengardenequipment.com\/#\/schema\/logo\/image\/"}}]}},"_links":{"self":[{"href":"https:\/\/edengardenequipment.com\/fr\/wp-json\/wp\/v2\/pages\/4521","targetHints":{"allow":["GET"]}}],"collection":[{"href":"https:\/\/edengardenequipment.com\/fr\/wp-json\/wp\/v2\/pages"}],"about":[{"href":"https:\/\/edengardenequipment.com\/fr\/wp-json\/wp\/v2\/types\/page"}],"author":[{"embeddable":true,"href":"https:\/\/edengardenequipment.com\/fr\/wp-json\/wp\/v2\/users\/1"}],"replies":[{"embeddable":true,"href":"https:\/\/edengardenequipment.com\/fr\/wp-json\/wp\/v2\/comments?post=4521"}],"version-history":[{"count":0,"href":"https:\/\/edengardenequipment.com\/fr\/wp-json\/wp\/v2\/pages\/4521\/revisions"}],"wp:attachment":[{"href":"https:\/\/edengardenequipment.com\/fr\/wp-json\/wp\/v2\/media?parent=4521"}],"curies":[{"name":"wp","href":"https:\/\/api.w.org\/{rel}","templated":true}]}}