{"id":4548,"date":"2018-10-18T10:09:12","date_gmt":"2018-10-18T10:09:12","guid":{"rendered":"http:\/\/onetwo.themerella.com\/?page_id=4548"},"modified":"2018-10-18T10:09:12","modified_gmt":"2018-10-18T10:09:12","slug":"events","status":"publish","type":"page","link":"https:\/\/edengardenequipment.com\/fr\/events\/","title":{"rendered":"\u00c9v\u00e9nements"},"content":{"rendered":"<section class=\"vc_row wpb_row vc_row-fluid vc_custom_1537546926967 row-contains-padding-top row-contains-padding-bottom liquid-row-shadowbox-69f1b3c682932\"><div class=\"ld-container container\"><div class=\"row ld-row\"><div class=\"wpb_column vc_column_container vc_col-sm-12 liquid-column-69f1b3c682c1e\"><div class=\"vc_column-inner\"><div class=\"wpb_wrapper\"   ><div class=\"wpb_wrapper-inner\">\n\t<div class=\"wpb_text_column wpb_content_element\" >\n\t\t<div class=\"wpb_wrapper\">\n\t\t\t<style>.le_schedule_table_69f1b3c683c34 .liquid-st-cell strong,.le_schedule_table_69f1b3c683c34 .liquid-st-cell-details .btn{color:#fa7c31;}.le_schedule_table_69f1b3c683c34 .liquid-st-cell:before{background:-webkit-linear-gradient(to right, #f5634b 0%, #fe9418 100%);background:linear-gradient(to right, #f5634b 0%, #fe9418 100%);}<\/style><div id=\"le_schedule_table_69f1b3c683c34\" class=\"liquid-st le_schedule_table_69f1b3c683c34\">\n\t\n\t<form action=\"#\" class=\"row liquid-st-header\" data-trp-original-action=\"#\">\n\t\t\n\t\t<div class=\"col-md-9\">\n\t\t\t<header class=\"section-title\">\n\t\t\t\t<h2 class=\"font-weight-bold\">HORAIRE DES COURS<\/h2>\t\t\t\t<p>Tous les cours conviennent aussi bien aux hommes qu&#039;aux femmes et tous les niveaux de condition physique sont les bienvenus.<\/p>\t\t\t<\/header>\n\t\t<\/div><!-- \/.col-md-9 -->\n\t\t\n\t\t<div class=\"col-md-3 text-right\">\n\t\t\t<select class=\"liquid-schedule-filter\" name=\"liquid-st-69f1b3c683c6b\" id=\"liquid-st-69f1b3c683c6b\"><option value=\"*\">All Classes<\/option><option value=\"bootcamp\">Camp d&#039;entra\u00eenement<\/option><option value=\"crossfit\">Crossfit<\/option><option value=\"total-body\">Corps entier<\/option><option value=\"boxercise\">Boxercise<\/option><option value=\"krunch-kore\">Krunch &amp; Kore<\/option><option value=\"spinning\">Filage<\/option><option value=\"energy-blast\">Explosion d&#039;\u00e9nergie<\/option><\/select>\t\t<\/div><!-- \/.col-md-3 text-right -->\n\t\t\n\t<input type=\"hidden\" name=\"trp-form-language\" value=\"fr\"\/><\/form>\n\n\t<span class=\"liquid-st-scroll-indicator\">Drag\/Scroll to see more <i class=\"fa fa-arrows-h\"><\/i><\/span>\n\t\n\t<div class=\"liquid-st-container\">\n\t\t<div class=\"liquid-st-inner\" data-liquid-schedule-table=\"true\" data-radial-reaction=\"true\" data-filterable-table=\"true\" data-filterable-table-options='{ \"filterID\": \"#liquid-st-69f1b3c683c6b\" }'>\n\t\t\t\n<div id=\"\" class=\"liquid-st-cell\" data-st-cell='{\"day\":\"Monday\",\"time\":\"08:00 - 10:00\",\"name\":\"BootCamp\",\"info\":\"Adrian Holmes\",\"description\":\"Boxercise is a fun and energetic routine using boxing moves for all levels of ability.\",\"buttonText\":\"Join now\",\"buttonLink\":\"#\",\"category\":\"bootcamp\"}'><\/div>\n<div id=\"\" class=\"liquid-st-cell\" data-st-cell='{\"day\":\"Monday\",\"time\":\"10:00 - 12:00\",\"name\":\"Crossfit\",\"info\":\"Logan Park\",\"description\":\"Boxercise is a fun and energetic routine using boxing moves for all levels of ability.\",\"buttonText\":\"Join now\",\"buttonLink\":\"#\",\"category\":\"crossfit\"}'><\/div>\n<div id=\"\" class=\"liquid-st-cell\" data-st-cell='{\"day\":\"Monday\",\"time\":\"14:00 - 16:00\",\"name\":\"Total Body\",\"info\":\"David Richards\",\"description\":\"Boxercise is a fun and energetic routine using boxing moves for all levels of ability.\",\"buttonText\":\"Join now\",\"buttonLink\":\"#\",\"category\":\"total-body\"}'><\/div>\n<div id=\"\" class=\"liquid-st-cell\" data-st-cell='{\"day\":\"Monday\",\"time\":\"18:00 - 20:00\",\"name\":\"Boxercise\",\"info\":\"Jesse Willis\",\"description\":\"Boxercise is a fun and energetic routine using boxing moves for all levels of ability.\",\"buttonText\":\"Join now\",\"buttonLink\":\"#\",\"category\":\"boxercise\"}'><\/div>\n<div id=\"\" class=\"liquid-st-cell\" data-st-cell='{\"day\":\"Tuesday\",\"time\":\"08:00 - 10:00\",\"name\":\"Krunch &amp; Kore\",\"info\":\"Katharine Barnes\",\"description\":\"Boxercise is a fun and energetic routine using boxing moves for all levels of ability.\",\"buttonText\":\"Join now\",\"buttonLink\":\"#\",\"category\":\"krunch-kore\"}'><\/div>\n<div id=\"\" class=\"liquid-st-cell\" data-st-cell='{\"day\":\"Tuesday\",\"time\":\"14:00 - 16:00\",\"name\":\"Spinning\",\"info\":\"Lela Rhodes\",\"description\":\"Boxercise is a fun and energetic routine using boxing moves for all levels of ability.\",\"buttonText\":\"Join now\",\"buttonLink\":\"#\",\"category\":\"spinning\"}'><\/div>\n<div id=\"\" class=\"liquid-st-cell\" data-st-cell='{\"day\":\"Tuesday\",\"time\":\"16:00 - 18:00\",\"name\":\"Krunch &amp; Kore\",\"info\":\"Katharine Barnes\",\"description\":\"Boxercise is a fun and energetic routine using boxing moves for all levels of ability.\",\"buttonText\":\"Join now\",\"buttonLink\":\"#\",\"category\":\"krunch-kore\"}'><\/div>\n<div id=\"\" class=\"liquid-st-cell\" data-st-cell='{\"day\":\"Wednesday\",\"time\":\"10:00 - 12:00\",\"name\":\"Boxercise\",\"info\":\"Jesse Willis\",\"description\":\"Boxercise is a fun and energetic routine using boxing moves for all levels of ability.\",\"buttonText\":\"Join now\",\"buttonLink\":\"#\",\"category\":\"boxercise\"}'><\/div>\n<div id=\"\" class=\"liquid-st-cell\" data-st-cell='{\"day\":\"Wednesday\",\"time\":\"14:00 - 16:00\",\"name\":\"Energy Blast\",\"info\":\"Marion Miller\",\"description\":\"Boxercise is a fun and energetic routine using boxing moves for all levels of ability.\",\"buttonText\":\"Join now\",\"buttonLink\":\"#\",\"category\":\"energy-blast\"}'><\/div>\n<div id=\"\" class=\"liquid-st-cell\" data-st-cell='{\"day\":\"Wednesday\",\"time\":\"18:00 - 20:00\",\"name\":\"Crossfit\",\"info\":\"Logan Park\",\"description\":\"Boxercise is a fun and energetic routine using boxing moves for all levels of ability.\",\"buttonText\":\"Join now\",\"buttonLink\":\"#\",\"category\":\"crossfit\"}'><\/div>\n<div id=\"\" class=\"liquid-st-cell\" data-st-cell='{\"day\":\"Thursday\",\"time\":\"08:00 - 10:00\",\"name\":\"Total Body\",\"info\":\"David Richards\",\"description\":\"Boxercise is a fun and energetic routine using boxing moves for all levels of ability.\",\"buttonText\":\"Join now\",\"buttonLink\":\"#\",\"category\":\"total-body\"}'><\/div>\n<div id=\"\" class=\"liquid-st-cell\" data-st-cell='{\"day\":\"Thursday\",\"time\":\"14:00 - 16:00\",\"name\":\"Krunch &amp; Kore\",\"info\":\"Katharine Barnes\",\"description\":\"Boxercise is a fun and energetic routine using boxing moves for all levels of ability.\",\"buttonText\":\"Join now\",\"buttonLink\":\"#\",\"category\":\"krunch-kore\"}'><\/div>\n<div id=\"\" class=\"liquid-st-cell\" data-st-cell='{\"day\":\"Thursday\",\"time\":\"16:00 - 18:00\",\"name\":\"Bootcamp\",\"info\":\"Adrian Holmes\",\"description\":\"Boxercise is a fun and energetic routine using boxing moves for all levels of ability.\",\"buttonText\":\"Join now\",\"buttonLink\":\"#\",\"category\":\"bootcamp\"}'><\/div>\n<div id=\"\" class=\"liquid-st-cell\" data-st-cell='{\"day\":\"Friday\",\"time\":\"10:00 - 12:00\",\"name\":\"Spinning\",\"info\":\"Lela Rhodes\",\"description\":\"Boxercise is a fun and energetic routine using boxing moves for all levels of ability.\",\"buttonText\":\"Join now\",\"buttonLink\":\"#\",\"category\":\"spinning\"}'><\/div>\n<div id=\"\" class=\"liquid-st-cell\" data-st-cell='{\"day\":\"Friday\",\"time\":\"14:00 - 16:00\",\"name\":\"Total Body\",\"info\":\"David Richards\",\"description\":\"Boxercise is a fun and energetic routine using boxing moves for all levels of ability.\",\"buttonText\":\"Join now\",\"buttonLink\":\"#\",\"category\":\"total-body\"}'><\/div>\n<div id=\"\" class=\"liquid-st-cell\" data-st-cell='{\"day\":\"Friday\",\"time\":\"18:00 - 20:00\",\"name\":\"Energy Blast\",\"info\":\"Adrian Holmes\",\"description\":\"Boxercise is a fun and energetic routine using boxing moves for all levels of ability.\",\"buttonText\":\"Join now\",\"buttonLink\":\"#\",\"category\":\"energy-blast\"}'><\/div>\n<div id=\"\" class=\"liquid-st-cell\" data-st-cell='{\"day\":\"Saturday\",\"time\":\"14:00 - 16:00\",\"name\":\"Crossfit\",\"info\":\"Logan Park\",\"description\":\"Boxercise is a fun and energetic routine using boxing moves for all levels of ability.\",\"buttonText\":\"Join now\",\"buttonLink\":\"#\",\"category\":\"crossfit\"}'><\/div>\n<div id=\"\" class=\"liquid-st-cell\" data-st-cell='{\"day\":\"Saturday\",\"time\":\"18:00 - 20:00\",\"name\":\"Spinning\",\"info\":\"Lela Rhodes\",\"description\":\"Boxercise is a fun and energetic routine using boxing moves for all levels of ability.\",\"buttonText\":\"Join now\",\"buttonLink\":\"#\",\"category\":\"spinning\"}'><\/div>\n<div id=\"\" class=\"liquid-st-cell\" data-st-cell='{\"day\":\"Saturday\",\"time\":\"10:00 - 12:00\",\"name\":\"BootCamp\",\"info\":\"Adrian Holmes\",\"description\":\"Boxercise is a fun and energetic routine using boxing moves for all levels of ability.\",\"buttonText\":\"Join now\",\"buttonLink\":\"#\",\"category\":\"bootcamp\"}'><\/div>\n<div id=\"\" class=\"liquid-st-cell\" data-st-cell='{\"day\":\"Sunday\",\"time\":\"16:00 - 18:00\",\"name\":\"Krunch &amp; Kore\",\"info\":\"Katharine Barnes\",\"description\":\"Boxercise is a fun and energetic routine using boxing moves for all levels of ability.\",\"buttonText\":\"Join now\",\"buttonLink\":\"#\",\"category\":\"krunch-kore\"}'><\/div>\n<div id=\"\" class=\"liquid-st-cell\" data-st-cell='{\"day\":\"Sunday\",\"time\":\"08:00 - 10:00\",\"name\":\"Energy Blast\",\"info\":\"Marion Miller\",\"description\":\"Boxercise is a fun and energetic routine using boxing moves for all levels of ability.\",\"buttonText\":\"Join now\",\"buttonLink\":\"#\",\"category\":\"energy-blast\"}'><\/div>\n<div id=\"\" class=\"liquid-st-cell\" data-st-cell='{\"day\":\"Sunday\",\"time\":\"10:00 - 12:00\",\"name\":\"BootCamp\",\"info\":\"Adrian Holmes\",\"description\":\"Boxercise is a fun and energetic routine using boxing moves for all levels of ability.\",\"buttonText\":\"Join now\",\"buttonLink\":\"#\",\"category\":\"bootcamp\"}'><\/div>\n<div id=\"\" class=\"liquid-st-cell\" data-st-cell='{\"day\":\"Saturday\",\"time\":\"16:00 - 18:00\",\"name\":\"Total Body\",\"info\":\"David Richards\",\"description\":\"Boxercise is a fun and energetic routine using boxing moves for all levels of ability.\",\"buttonText\":\"Join now\",\"buttonLink\":\"#\",\"category\":\"total-body\"}'><\/div>\t\t<\/div><!-- \/.liquid-st-inner -->\n\t<\/div><!-- \/.liquid-st-container -->\n\t\n<\/div><!-- \/.liquid-st -->\n\n\t\t<\/div>\n\t<\/div>\n<\/div><\/div><\/div><\/div><\/div><\/div><\/section><section data-bg-image=\"url\" class=\"vc_row wpb_row vc_row-fluid vc_custom_1540231829680 row-contains-padding-top row-contains-padding-bottom liquid-row-shadowbox-69f1b3c684f5f vc_row-has-fill vc_row-has-bg vc_row-o-content-bottom vc_row-flex\"><div class=\"ld-container container\"><div class=\"row ld-row\"><style>@media (min-width: 992px) { .liquid-column-responsive-69f1b3c685133 > .vc_column-inner > .wpb_wrapper {margin-bottom:0px !important;  }  } <\/style><div class=\"wpb_column vc_column_container vc_col-sm-12 vc_col-md-8 liquid-column-69f1b3c685130 liquid-column-responsive-69f1b3c685133\"><div class=\"vc_column-inner\"><div class=\"wpb_wrapper vc_custom_1536842469386\"  data-custom-animations=\"true\" data-ca-options='{\"triggerHandler\":\"inview\",\"animationTarget\":\"all-childs\",\"duration\":\"1200\",\"delay\":\"150\",\"easing\":\"easeOutQuint\",\"direction\":\"forward\",\"initValues\":{\"translateY\":40,\"opacity\":0},\"animations\":{\"translateY\":0,\"opacity\":1}}' ><div class=\"wpb_wrapper-inner\"><style>.ld_fancy_heading_69f1b3c6852c4 h3{font-size:20px;line-height:1.8em;}.ld_fancy_heading_69f1b3c6852c4 .lqd-highlight-inner{height:0.275em;bottom:0px;}<\/style><div class=\"ld-fancy-heading ld_fancy_heading_69f1b3c6852c4\">\n\t<h3 class=\"lqd-highlight-underline lqd-highlight-grow-left\" data-split-text=\"true\" data-custom-animations=\"true\" data-ca-options='{\"triggerHandler\":\"inview\",\"animationTarget\":\".lqd-lines .split-inner\",\"duration\":700,\"delay\":100,\"easing\":\"easeOutQuint\",\"direction\":\"forward\",\"initValues\":{\"scale\":1},\"animations\":{\"scale\":1}}' data-split-options='{\"type\":\"lines\"}'><span class=\"ld-fh-txt\"> L&#039;\u00e9quipe One est compos\u00e9e de passionn\u00e9s qui m\u00e9langent en permanence un large \u00e9ventail de comp\u00e9tences : design, d\u00e9veloppement, branding, statistiques, exp\u00e9rience utilisateur, etc.<\/span><\/h3><\/div><\/div><\/div><\/div><\/div><div class=\"wpb_column vc_column_container vc_col-sm-12 vc_col-md-4 text-left text-md-right liquid-column-69f1b3c68556f\"><div class=\"vc_column-inner\"><div class=\"wpb_wrapper\"  data-custom-animations=\"true\" data-ca-options='{\"triggerHandler\":\"inview\",\"animationTarget\":\"all-childs\",\"duration\":\"1200\",\"startDelay\":\"200\",\"delay\":100,\"easing\":\"easeOutQuint\",\"direction\":\"forward\",\"initValues\":{\"translateY\":43,\"opacity\":0},\"animations\":{\"translateY\":0,\"opacity\":1}}' ><div class=\"wpb_wrapper-inner\"><style>.ld_button_69f1b3c6856e4.btn-icon-solid .btn-icon{background:rgb(79, 218, 145);}.ld_button_69f1b3c6856e4.btn-icon-circle.btn-icon-ripple .btn-icon:before{border-color:rgb(79, 218, 145);}.ld_button_69f1b3c6856e4.btn-icon-solid:hover .btn-icon{background:rgb(52, 219, 197);}.ld_button_69f1b3c6856e4{background-color:rgb(79, 218, 145);border-color:rgb(79, 218, 145);line-height:1.111em !important;font-size:14px !important;letter-spacing:0.1em !important;box-shadow:0px 8px 15px 0px rgba(48,198,168,0.32);}.ld_button_69f1b3c6856e4:hover{background-color:rgb(52, 219, 197);border-color:rgb(52, 219, 197);}.ld_button_69f1b3c6856e4 .btn-gradient-bg{background:-webkit-linear-gradient(to right, rgb(79, 218, 145) 0%, rgb(52, 219, 197) 100%);background:linear-gradient(to right, rgb(79, 218, 145) 0%, rgb(52, 219, 197) 100%);}.ld_button_69f1b3c6856e4 .btn-gradient-bg-hover{background:-webkit-linear-gradient(to right, rgb(52, 219, 197) 0%, rgb(52, 219, 197) 100%);background:linear-gradient(to right, rgb(52, 219, 197) 0%, rgb(52, 219, 197) 100%);}.ld_button_69f1b3c6856e4 .btn-gradient-border defs stop:first-child{stop-color:rgb(79, 218, 145);}.ld_button_69f1b3c6856e4 .btn-gradient-border defs stop:last-child{stop-color:rgb(52, 219, 197);}.ld_button_69f1b3c6856e4:hover .btn-gradient-border defs stop:first-child{stop-color:rgb(52, 219, 197);}.ld_button_69f1b3c6856e4:hover .btn-gradient-border defs stop:last-child{stop-color:rgb(52, 219, 197);}<\/style><a href=\"#\" class=\"btn btn-solid text-uppercase circle btn-bordered border-thin btn-gradient ld_button_69f1b3c6856e4 vc_custom_1532683182101\">\n\t<span>\n\t<span class=\"btn-gradient-bg\"><\/span>\t\n\t\t\t\t\t<span class=\"btn-txt\">Rejoignez l&#039;\u00e9quipe<\/span>\n\t\t\t\n\t\t<span class=\"btn-gradient-bg btn-gradient-bg-hover\"><\/span>\t<svg xmlns=\"http:\/\/www.w3.org\/2000\/svg\" xmlns:xlink=\"http:\/\/www.w3.org\/1999\/xlink\" xml:space=\"preserve\" class=\"btn-gradient-border\" width=\"100%\" height=\"100%\">\n\t\t\t      <defs>\n\t\t\t        <lineargradient id=\"svg-border-69f1b3c68622d\" x1=\"0%\" y1=\"0%\" x2=\"100%\" y2=\"0%\">\n\t\t\t          <stop offset=\"0%\" \/>\n\t\t\t          <stop offset=\"100%\" \/>\n\t\t\t        <\/lineargradient>\n\t\t\t      <\/defs>\n\t\t\t      <rect x=\"0.5\" y=\"0.5\" rx=\"17%\" ry=\"50%\" width=\"100%\" height=\"100%\" stroke=\"url(#svg-border-69f1b3c68622d)\"\/>\n\t\t\t    <\/svg>\t<\/span>\n<\/a>\n<style>.ld_spacer_69f1b3c68626a{height:20px;}<\/style>\n<div class=\"ld-empty-space ld_spacer_69f1b3c68626a\"><span class=\"liquid_empty_space_inner\"><\/span><\/div><\/div><\/div><\/div><\/div><\/div><\/div><\/section>","protected":false},"excerpt":{"rendered":"CLASS SCHEDULE All classes are suitable for both men and women and all levels of...","protected":false},"author":1,"featured_media":0,"parent":0,"menu_order":0,"comment_status":"closed","ping_status":"closed","template":"","meta":{"footnotes":""},"class_list":["post-4548","page","type-page","status-publish","hentry"],"yoast_head":"<!-- This site is optimized with the Yoast SEO plugin v27.5 - https:\/\/yoast.com\/product\/yoast-seo-wordpress\/ -->\n<title>Events - Eden Garden Equipment<\/title>\n<meta name=\"robots\" content=\"index, follow, max-snippet:-1, max-image-preview:large, max-video-preview:-1\" \/>\n<link rel=\"canonical\" href=\"https:\/\/edengardenequipment.com\/fr\/events\/\" \/>\n<meta property=\"og:locale\" content=\"fr_FR\" \/>\n<meta property=\"og:type\" content=\"article\" \/>\n<meta property=\"og:title\" content=\"Events - Eden Garden Equipment\" \/>\n<meta property=\"og:url\" content=\"https:\/\/edengardenequipment.com\/fr\/events\/\" \/>\n<meta property=\"og:site_name\" content=\"Eden Garden Equipment\" \/>\n<meta property=\"og:image\" content=\"https:\/\/edengardenequipment.com\/wp-content\/uploads\/2023\/06\/05.jpg\" \/>\n\t<meta property=\"og:image:width\" content=\"2000\" \/>\n\t<meta property=\"og:image:height\" content=\"1117\" \/>\n\t<meta property=\"og:image:type\" content=\"image\/jpeg\" \/>\n<meta name=\"twitter:card\" content=\"summary_large_image\" \/>\n<meta name=\"twitter:label1\" content=\"Dur\u00e9e de lecture estim\u00e9e\" \/>\n\t<meta name=\"twitter:data1\" content=\"7 minutes\" \/>\n<script type=\"application\/ld+json\" class=\"yoast-schema-graph\">{\"@context\":\"https:\\\/\\\/schema.org\",\"@graph\":[{\"@type\":\"WebPage\",\"@id\":\"https:\\\/\\\/edengardenequipment.com\\\/events\\\/\",\"url\":\"https:\\\/\\\/edengardenequipment.com\\\/events\\\/\",\"name\":\"Events - Eden Garden Equipment\",\"isPartOf\":{\"@id\":\"https:\\\/\\\/edengardenequipment.com\\\/#website\"},\"datePublished\":\"2018-10-18T10:09:12+00:00\",\"breadcrumb\":{\"@id\":\"https:\\\/\\\/edengardenequipment.com\\\/events\\\/#breadcrumb\"},\"inLanguage\":\"fr-FR\",\"potentialAction\":[{\"@type\":\"ReadAction\",\"target\":[\"https:\\\/\\\/edengardenequipment.com\\\/events\\\/\"]}]},{\"@type\":\"BreadcrumbList\",\"@id\":\"https:\\\/\\\/edengardenequipment.com\\\/events\\\/#breadcrumb\",\"itemListElement\":[{\"@type\":\"ListItem\",\"position\":1,\"name\":\"Home\",\"item\":\"https:\\\/\\\/edengardenequipment.com\\\/\"},{\"@type\":\"ListItem\",\"position\":2,\"name\":\"Events\"}]},{\"@type\":\"WebSite\",\"@id\":\"https:\\\/\\\/edengardenequipment.com\\\/#website\",\"url\":\"https:\\\/\\\/edengardenequipment.com\\\/\",\"name\":\"Eden Garden Equipment\",\"description\":\"Best Gardening Tools for Sale\",\"publisher\":{\"@id\":\"https:\\\/\\\/edengardenequipment.com\\\/#organization\"},\"potentialAction\":[{\"@type\":\"SearchAction\",\"target\":{\"@type\":\"EntryPoint\",\"urlTemplate\":\"https:\\\/\\\/edengardenequipment.com\\\/?s={search_term_string}\"},\"query-input\":{\"@type\":\"PropertyValueSpecification\",\"valueRequired\":true,\"valueName\":\"search_term_string\"}}],\"inLanguage\":\"fr-FR\"},{\"@type\":\"Organization\",\"@id\":\"https:\\\/\\\/edengardenequipment.com\\\/#organization\",\"name\":\"Eden Garden Equipment\",\"url\":\"https:\\\/\\\/edengardenequipment.com\\\/\",\"logo\":{\"@type\":\"ImageObject\",\"inLanguage\":\"fr-FR\",\"@id\":\"https:\\\/\\\/edengardenequipment.com\\\/#\\\/schema\\\/logo\\\/image\\\/\",\"url\":\"https:\\\/\\\/edengardenequipment.com\\\/wp-content\\\/uploads\\\/2023\\\/06\\\/cropped-Asset-1@2xnew2.png\",\"contentUrl\":\"https:\\\/\\\/edengardenequipment.com\\\/wp-content\\\/uploads\\\/2023\\\/06\\\/cropped-Asset-1@2xnew2.png\",\"width\":512,\"height\":512,\"caption\":\"Eden Garden Equipment\"},\"image\":{\"@id\":\"https:\\\/\\\/edengardenequipment.com\\\/#\\\/schema\\\/logo\\\/image\\\/\"}}]}<\/script>\n<!-- \/ Yoast SEO plugin. -->","yoast_head_json":{"title":"Events - Eden Garden Equipment","robots":{"index":"index","follow":"follow","max-snippet":"max-snippet:-1","max-image-preview":"max-image-preview:large","max-video-preview":"max-video-preview:-1"},"canonical":"https:\/\/edengardenequipment.com\/fr\/events\/","og_locale":"fr_FR","og_type":"article","og_title":"Events - Eden Garden Equipment","og_url":"https:\/\/edengardenequipment.com\/fr\/events\/","og_site_name":"Eden Garden Equipment","og_image":[{"width":2000,"height":1117,"url":"https:\/\/edengardenequipment.com\/wp-content\/uploads\/2023\/06\/05.jpg","type":"image\/jpeg"}],"twitter_card":"summary_large_image","twitter_misc":{"Dur\u00e9e de lecture estim\u00e9e":"7 minutes"},"schema":{"@context":"https:\/\/schema.org","@graph":[{"@type":"WebPage","@id":"https:\/\/edengardenequipment.com\/events\/","url":"https:\/\/edengardenequipment.com\/events\/","name":"Events - Eden Garden Equipment","isPartOf":{"@id":"https:\/\/edengardenequipment.com\/#website"},"datePublished":"2018-10-18T10:09:12+00:00","breadcrumb":{"@id":"https:\/\/edengardenequipment.com\/events\/#breadcrumb"},"inLanguage":"fr-FR","potentialAction":[{"@type":"ReadAction","target":["https:\/\/edengardenequipment.com\/events\/"]}]},{"@type":"BreadcrumbList","@id":"https:\/\/edengardenequipment.com\/events\/#breadcrumb","itemListElement":[{"@type":"ListItem","position":1,"name":"Home","item":"https:\/\/edengardenequipment.com\/"},{"@type":"ListItem","position":2,"name":"Events"}]},{"@type":"WebSite","@id":"https:\/\/edengardenequipment.com\/#website","url":"https:\/\/edengardenequipment.com\/","name":"Eden Garden Equipment","description":"Best Gardening Tools for Sale","publisher":{"@id":"https:\/\/edengardenequipment.com\/#organization"},"potentialAction":[{"@type":"SearchAction","target":{"@type":"EntryPoint","urlTemplate":"https:\/\/edengardenequipment.com\/?s={search_term_string}"},"query-input":{"@type":"PropertyValueSpecification","valueRequired":true,"valueName":"search_term_string"}}],"inLanguage":"fr-FR"},{"@type":"Organization","@id":"https:\/\/edengardenequipment.com\/#organization","name":"Eden Garden Equipment","url":"https:\/\/edengardenequipment.com\/","logo":{"@type":"ImageObject","inLanguage":"fr-FR","@id":"https:\/\/edengardenequipment.com\/#\/schema\/logo\/image\/","url":"https:\/\/edengardenequipment.com\/wp-content\/uploads\/2023\/06\/cropped-Asset-1@2xnew2.png","contentUrl":"https:\/\/edengardenequipment.com\/wp-content\/uploads\/2023\/06\/cropped-Asset-1@2xnew2.png","width":512,"height":512,"caption":"Eden Garden Equipment"},"image":{"@id":"https:\/\/edengardenequipment.com\/#\/schema\/logo\/image\/"}}]}},"_links":{"self":[{"href":"https:\/\/edengardenequipment.com\/fr\/wp-json\/wp\/v2\/pages\/4548","targetHints":{"allow":["GET"]}}],"collection":[{"href":"https:\/\/edengardenequipment.com\/fr\/wp-json\/wp\/v2\/pages"}],"about":[{"href":"https:\/\/edengardenequipment.com\/fr\/wp-json\/wp\/v2\/types\/page"}],"author":[{"embeddable":true,"href":"https:\/\/edengardenequipment.com\/fr\/wp-json\/wp\/v2\/users\/1"}],"replies":[{"embeddable":true,"href":"https:\/\/edengardenequipment.com\/fr\/wp-json\/wp\/v2\/comments?post=4548"}],"version-history":[{"count":0,"href":"https:\/\/edengardenequipment.com\/fr\/wp-json\/wp\/v2\/pages\/4548\/revisions"}],"wp:attachment":[{"href":"https:\/\/edengardenequipment.com\/fr\/wp-json\/wp\/v2\/media?parent=4548"}],"curies":[{"name":"wp","href":"https:\/\/api.w.org\/{rel}","templated":true}]}}