{"id":7605,"date":"2021-09-11T12:41:59","date_gmt":"2021-09-11T11:41:59","guid":{"rendered":"https:\/\/orix.cfweb.co.uk\/?page_id=7605"},"modified":"2022-06-08T00:12:00","modified_gmt":"2022-06-07T23:12:00","slug":"orix-case-studies","status":"publish","type":"page","link":"https:\/\/edengardenequipment.com\/fr\/orix-case-studies\/","title":{"rendered":"\u00c9tudes de cas Orix"},"content":{"rendered":"<p><style>@media (min-width: 992px) { .liquid-row-responsive-69f477e05f164 {padding-top:0px !important; padding-bottom:240px !important;  }  }   <\/style><section data-bg-image=\"url\" data-tooltip=\"Urban Wildlife\" class=\"vc_row wpb_row vc_row-fluid justify-content-end vc_custom_1544524042822 row-contains-padding-top row-contains-padding-bottom liquid-row-responsive-69f477e05f164 liquid-row-shadowbox-69f477e05f1a6 vc_row-has-fill vc_row-has-bg vc_row-o-content-bottom vc_row-flex\"><div class=\"ld-container container\"><div class=\"row ld-row\"><style>@media (min-width: 992px) { .liquid-column-responsive-69f477e05f570 > .vc_column-inner > .wpb_wrapper {margin-bottom:0px !important;  }  } <\/style><div class=\"wpb_column vc_column_container vc_col-sm-12 vc_col-lg-3 vc_col-md-4 text-right liquid-column-69f477e05f56d liquid-column-responsive-69f477e05f570\"><div class=\"vc_column-inner\"><div class=\"wpb_wrapper vc_custom_1544445746886\"   ><div class=\"wpb_wrapper-inner\"><div class=\"vc_row wpb_row vc_inner vc_row-fluid liquid-row-shadowbox-69f477e05f842\"><div class=\"wpb_column vc_column_container vc_col-sm-12 liquid-column-69f477e05faa3\"><div class=\"vc_column-inner\"><div class=\"wpb_wrapper\"  data-custom-animations=\"true\" data-ca-options='{\"triggerHandler\":\"inview\",\"animationTarget\":\"all-childs\",\"duration\":\"1600\",\"delay\":100,\"easing\":\"easeOutQuint\",\"direction\":\"forward\",\"initValues\":{\"scaleX\":0},\"animations\":{\"scaleX\":1}}'><div class=\"wpb_wrapper-inner\"><div class=\"vc_separator wpb_content_element vc_separator_align_center vc_sep_width_20 vc_sep_pos_align_right vc_separator_no_text vc_custom_1544436496375  vc_custom_1544436496375\" ><span class=\"vc_sep_holder vc_sep_holder_l\"><span  style=\"border-color:#ff1839;\" class=\"vc_sep_line\"><\/span><\/span><span class=\"vc_sep_holder vc_sep_holder_r\"><span  style=\"border-color:#ff1839;\" class=\"vc_sep_line\"><\/span><\/span>\n<\/div><\/div><\/div><\/div><\/div><\/div><style>.ld_fancy_heading_69f477e05fe08 h2{font-size:72px;line-height:1.111em;letter-spacing:-0.025em;color:rgb(255, 255, 255);}.ld_fancy_heading_69f477e05fe08 h2 {margin-bottom:0px !important;  } .ld_fancy_heading_69f477e05fe08 .lqd-highlight-inner{height:0.275em;bottom:0px;}.ld_fancy_heading_69f477e05fe08 h2 {margin-bottom:0px !important;  } <\/style><div class=\"ld-fancy-heading mask-text ld_fancy_heading_69f477e05fe08\">\n\t<h2 class=\"lqd-highlight-underline lqd-highlight-grow-left\" data-split-text=\"true\" data-custom-animations=\"true\" data-ca-options='{\"triggerHandler\":\"inview\",\"animationTarget\":\".lqd-lines .split-inner\",\"duration\":\"1800\",\"startDelay\":\"200\",\"delay\":100,\"easing\":\"easeOutQuint\",\"direction\":\"forward\",\"initValues\":{\"translateY\":150,\"rotateZ\":-5},\"animations\":{\"translateY\":0,\"rotateZ\":0}}' data-split-options='{\"type\":\"lines\"}'><span class=\"ld-fh-txt\"> emballage s\u00fbr<\/span><\/h2><\/div><\/div><\/div><\/div><\/div><style>@media (min-width: 992px) { .liquid-column-responsive-69f477e06023c > .vc_column-inner > .wpb_wrapper {margin-bottom:0px !important;  }  } <\/style><div class=\"wpb_column vc_column_container vc_col-sm-12 vc_col-lg-offset-1 vc_col-lg-4 vc_col-md-5 text-right text-md-left liquid-column-69f477e060239 liquid-column-responsive-69f477e06023c\"><div class=\"vc_column-inner\"><div class=\"wpb_wrapper vc_custom_1544445755987\"   ><div class=\"wpb_wrapper-inner\"><style>.ld_fancy_heading_69f477e0603fd p{font-size:16px;line-height:1.5em;color:rgb(255, 255, 255);}.ld_fancy_heading_69f477e0603fd .lqd-highlight-inner{height:0.275em;bottom:0px;}<\/style><div class=\"ld-fancy-heading mask-text ld_fancy_heading_69f477e0603fd\">\n\t<p class=\"lqd-highlight-underline lqd-highlight-grow-left\" data-split-text=\"true\" data-custom-animations=\"true\" data-ca-options='{\"triggerHandler\":\"inview\",\"animationTarget\":\".lqd-lines .split-inner\",\"duration\":\"1600\",\"startDelay\":\"200\",\"delay\":\"120\",\"easing\":\"easeOutQuint\",\"direction\":\"forward\",\"initValues\":{\"translateY\":50,\"rotateZ\":5},\"animations\":{\"translateY\":0,\"rotateZ\":0}}' data-split-options='{\"type\":\"lines\"}'><span class=\"ld-fh-txt\"> Safe Packaging Ltd fabrique, importe et distribue des mat\u00e9riaux d&#039;emballage via son entrep\u00f4t \u00e0 Londres et son propre site de commerce \u00e9lectronique. N&#039;ayant pas constat\u00e9 de succ\u00e8s notable sur son site Web, Safe Packaging a contact\u00e9 LSC pour am\u00e9liorer sa port\u00e9e et augmenter ses ventes via son site Web. <\/span><\/p><\/div><\/div><\/div><\/div><\/div><style>@media (min-width: 992px) { .liquid-column-responsive-69f477e06061b > .vc_column-inner > .wpb_wrapper {margin-bottom:0px !important;  }  } <\/style><div class=\"wpb_column vc_column_container vc_col-sm-12 vc_col-lg-offset-1 vc_col-lg-3 vc_col-md-4 text-right text-md-left liquid-column-69f477e060619 liquid-column-responsive-69f477e06061b\"><div class=\"vc_column-inner\"><div class=\"wpb_wrapper vc_custom_1544445762819\"  data-custom-animations=\"true\" data-ca-options='{\"triggerHandler\":\"inview\",\"animationTarget\":\"all-childs\",\"duration\":\"1600\",\"startDelay\":\"500\",\"delay\":\"150\",\"easing\":\"easeOutQuint\",\"direction\":\"forward\",\"initValues\":{\"translateY\":49,\"rotateZ\":5,\"opacity\":0},\"animations\":{\"translateY\":0,\"rotateZ\":0,\"opacity\":1}}' ><div class=\"wpb_wrapper-inner\"><style>.ld_fancy_heading_69f477e06079a p{font-size:18px;font-weight:700;color:rgb(255, 255, 255);}.ld_fancy_heading_69f477e06079a p {margin-bottom:0px !important;  } .ld_fancy_heading_69f477e06079a .lqd-highlight-inner{height:0.275em;bottom:0px;}.ld_fancy_heading_69f477e06079a p {margin-bottom:0px !important;  } <\/style><div class=\"ld-fancy-heading text-uppercase ld_fancy_heading_69f477e06079a\">\n\t<p class=\"lqd-highlight-underline lqd-highlight-grow-left\" data-split-text=\"true\" data-custom-animations=\"true\" data-ca-options='{\"triggerHandler\":\"inview\",\"animationTarget\":\".lqd-lines .split-inner\",\"duration\":700,\"delay\":100,\"easing\":\"easeOutQuint\",\"direction\":\"forward\",\"initValues\":{\"scale\":1},\"animations\":{\"scale\":1}}' data-split-options='{\"type\":\"lines\"}'><span class=\"ld-fh-txt\"> Comment pouvons-nous faire cela ?<\/span><\/p><\/div><style>.ld_fancy_heading_69f477e06094d p{font-size:16px;line-height:1.5em;color:rgb(255, 255, 255);}.ld_fancy_heading_69f477e06094d .lqd-highlight-inner{height:0.275em;bottom:0px;}<\/style><div class=\"ld-fancy-heading ld_fancy_heading_69f477e06094d\">\n\t<p class=\"lqd-highlight-underline lqd-highlight-grow-left\" data-split-text=\"true\" data-custom-animations=\"true\" data-ca-options='{\"triggerHandler\":\"inview\",\"animationTarget\":\".lqd-lines .split-inner\",\"duration\":700,\"delay\":100,\"easing\":\"easeOutQuint\",\"direction\":\"forward\",\"initValues\":{\"scale\":1},\"animations\":{\"scale\":1}}' data-split-options='{\"type\":\"lines\"}'><span class=\"ld-fh-txt\"> En savoir plus sur ce projet<\/span><\/p><\/div><style>.ld_spacer_69f477e060a56{height:0.8em;}<\/style>\n<div class=\"ld-empty-space ld_spacer_69f477e060a56\"><span class=\"liquid_empty_space_inner\"><\/span><\/div><style>.ld_button_69f477e060bc6.btn-icon-solid .btn-icon{background:#4fda90;}.ld_button_69f477e060bc6.btn-icon-circle.btn-icon-ripple .btn-icon:before{border-color:#4fda90;}.ld_button_69f477e060bc6.btn-icon-solid:hover .btn-icon{background:rgb(255, 255, 255);}.ld_button_69f477e060bc6{color:#4fda90;font-size:12px !important;font-weight:700 !important;letter-spacing:0.1em !important;}.ld_button_69f477e060bc6:hover{color:rgb(255, 255, 255);}<\/style><a href=\"https:\/\/www.youtube.com\/watch?v=rw-hcyof6ZI\" class=\"btn btn-naked text-uppercase fresco ld_button_69f477e060bc6\">\n\t<span>\n\t\t\n\t\t\t\t\t<span class=\"btn-txt\">Apprendre encore plus<\/span>\n\t\t\t\n\t<span class=\"btn-icon\"><i class=\"\"><\/i><\/span>\t\t\t<\/span>\n<\/a>\n<style>.ld_spacer_69f477e0612e9{height:0.8em;}<\/style>\n<div class=\"ld-empty-space ld_spacer_69f477e0612e9\"><span class=\"liquid_empty_space_inner\"><\/span><\/div><\/div><\/div><\/div><\/div><\/div><\/div><\/section><style>@media (min-width: 992px) { .liquid-row-responsive-69f477e0614ec {padding-top:0px !important; padding-bottom:0px !important;  }  }   <\/style><section data-bg-image=\"url\" data-tooltip=\"Form up above\" class=\"vc_row wpb_row vc_row-fluid vc_custom_1544524053352 row-contains-padding-top row-contains-padding-bottom liquid-row-responsive-69f477e0614ec liquid-row-shadowbox-69f477e061502 vc_row-has-fill vc_row-has-bg\"><div class=\"ld-container container\"><div class=\"row ld-row\"><div class=\"wpb_column vc_column_container vc_col-sm-12 vc_col-lg-7 vc_col-md-9 liquid-column-69f477e0616f0\"><div class=\"vc_column-inner\"><div class=\"wpb_wrapper\"   ><div class=\"wpb_wrapper-inner\"><style>.ld_fancy_heading_69f477e061886 h2{font-size:140px;line-height:0.85em;font-weight:700;color:rgb(255, 255, 255);}.ld_fancy_heading_69f477e061886 h2 {margin-bottom:0.25em !important;  } .ld_fancy_heading_69f477e061886 .lqd-highlight-inner{height:0.275em;bottom:0px;}.ld_fancy_heading_69f477e061886 h2 {margin-bottom:0.25em !important;  } <\/style><div class=\"ld-fancy-heading mask-text text-uppercase ld_fancy_heading_69f477e061886\">\n\t<h2 class=\"lqd-highlight-underline lqd-highlight-grow-left h1\" data-fittext=\"true\" data-fittext-options='{\"compressor\":0.34999999999999997779553950749686919152736663818359375,\"maxFontSize\":\"currentFontSize\",\"minFontSize\":\"100\"}' data-split-text=\"true\" data-custom-animations=\"true\" data-ca-options='{\"triggerHandler\":\"inview\",\"animationTarget\":\".lqd-lines .split-inner\",\"duration\":\"1600\",\"delay\":\"160\",\"easing\":\"easeOutQuint\",\"direction\":\"forward\",\"initValues\":{\"translateY\":175,\"rotateZ\":5},\"animations\":{\"translateY\":0,\"rotateZ\":0}}' data-split-options='{\"type\":\"lines\"}'><span class=\"ld-fh-txt\"> Hu\u00e9tion<\/span><\/h2><\/div><div class=\"vc_row wpb_row vc_inner vc_row-fluid liquid-row-shadowbox-69f477e061db8\"><div class=\"wpb_column vc_column_container vc_col-sm-12 vc_col-md-9 liquid-column-69f477e061f89\"><div class=\"vc_column-inner\"><div class=\"wpb_wrapper\"  ><div class=\"wpb_wrapper-inner\"><style>.ld_fancy_heading_69f477e062090 p{color:rgb(255, 255, 255);}.ld_fancy_heading_69f477e062090 p {margin-bottom:1em !important;  } .ld_fancy_heading_69f477e062090 .lqd-highlight-inner{height:0.275em;bottom:0px;}.ld_fancy_heading_69f477e062090 p {margin-bottom:1em !important;  } <\/style><div class=\"ld-fancy-heading mask-text ld_fancy_heading_69f477e062090\">\n\t<p class=\"lqd-highlight-underline lqd-highlight-grow-left h3\" data-split-text=\"true\" data-custom-animations=\"true\" data-ca-options='{\"triggerHandler\":\"inview\",\"animationTarget\":\".lqd-lines .split-inner\",\"duration\":\"1600\",\"startDelay\":\"150\",\"delay\":\"160\",\"easing\":\"easeOutQuint\",\"direction\":\"forward\",\"initValues\":{\"translateY\":60,\"rotateZ\":5},\"animations\":{\"translateY\":0,\"rotateZ\":0}}' data-split-options='{\"type\":\"lines\"}'><span class=\"ld-fh-txt\"> Marketing num\u00e9rique. Paiement par clic. M\u00e9dias sociaux.<\/span><\/p><\/div><\/div><\/div><\/div><\/div><div class=\"wpb_column vc_column_container vc_col-sm-12 liquid-column-69f477e0625e7\"><div class=\"vc_column-inner\"><div class=\"wpb_wrapper\"  data-custom-animations=\"true\" data-ca-options='{\"triggerHandler\":\"inview\",\"animationTarget\":\"all-childs\",\"duration\":\"1600\",\"startDelay\":\"350\",\"delay\":100,\"easing\":\"easeOutQuint\",\"direction\":\"forward\",\"initValues\":{\"scaleX\":0},\"animations\":{\"scaleX\":1}}'><div class=\"wpb_wrapper-inner\"><div class=\"vc_separator wpb_content_element vc_separator_align_center vc_sep_width_10 vc_sep_pos_align_left vc_separator_no_text vc_custom_1544440383236  vc_custom_1544440383236\" ><span class=\"vc_sep_holder vc_sep_holder_l\"><span  style=\"border-color:#ff1839;\" class=\"vc_sep_line\"><\/span><\/span><span class=\"vc_sep_holder vc_sep_holder_r\"><span  style=\"border-color:#ff1839;\" class=\"vc_sep_line\"><\/span><\/span>\n<\/div><\/div><\/div><\/div><\/div><div class=\"wpb_column vc_column_container vc_col-sm-12 vc_col-md-6 liquid-column-69f477e0628dd\"><div class=\"vc_column-inner\"><div class=\"wpb_wrapper\"  ><div class=\"wpb_wrapper-inner\"><style>.ld_fancy_heading_69f477e0629e9 p{font-size:16px;line-height:1.5em;color:rgb(255, 255, 255);}.ld_fancy_heading_69f477e0629e9 .lqd-highlight-inner{height:0.275em;bottom:0px;}<\/style><div class=\"ld-fancy-heading mask-text ld_fancy_heading_69f477e0629e9\">\n\t<p class=\"lqd-highlight-underline lqd-highlight-grow-left\" data-split-text=\"true\" data-custom-animations=\"true\" data-ca-options='{\"triggerHandler\":\"inview\",\"animationTarget\":\".lqd-lines .split-inner\",\"duration\":\"1600\",\"startDelay\":\"300\",\"delay\":\"120\",\"easing\":\"easeOutQuint\",\"direction\":\"forward\",\"initValues\":{\"translateY\":50,\"rotateZ\":5},\"animations\":{\"translateY\":0,\"rotateZ\":0}}' data-split-options='{\"type\":\"lines\"}'><span class=\"ld-fh-txt\"> Huetion produit et fournit des autocollants en vinyle pour \u00e9gayer et d\u00e9corer vos murs.<\/span><\/p><\/div><\/div><\/div><\/div><\/div><div class=\"wpb_column vc_column_container vc_col-sm-12 vc_col-md-6 liquid-column-69f477e062d33\"><div class=\"vc_column-inner\"><div class=\"wpb_wrapper\"  ><div class=\"wpb_wrapper-inner\"><style>.ld_fancy_heading_69f477e062e2a p{font-size:16px;line-height:1.5em;color:rgb(255, 255, 255);}.ld_fancy_heading_69f477e062e2a .lqd-highlight-inner{height:0.275em;bottom:0px;}<\/style><div class=\"ld-fancy-heading mask-text ld_fancy_heading_69f477e062e2a\">\n\t<p class=\"lqd-highlight-underline lqd-highlight-grow-left\" data-split-text=\"true\" data-custom-animations=\"true\" data-ca-options='{\"triggerHandler\":\"inview\",\"animationTarget\":\".lqd-lines .split-inner\",\"duration\":\"1600\",\"startDelay\":\"450\",\"delay\":\"120\",\"easing\":\"easeOutQuint\",\"direction\":\"forward\",\"initValues\":{\"translateY\":50,\"rotateZ\":5},\"animations\":{\"translateY\":0,\"rotateZ\":0}}' data-split-options='{\"type\":\"lines\"}'><span class=\"ld-fh-txt\"> Cette puissance artistique sans pareille a contact\u00e9 LSC Digital pour obtenir de l&#039;aide afin d&#039;\u00e9tendre sa port\u00e9e alors qu&#039;elle vient de lancer son site Web de commerce \u00e9lectronique. <\/span><\/p><\/div><\/div><\/div><\/div><\/div><div class=\"wpb_column vc_column_container vc_col-sm-12 liquid-column-69f477e06302f\"><div class=\"vc_column-inner\"><div class=\"wpb_wrapper\"  data-custom-animations=\"true\" data-ca-options='{\"triggerHandler\":\"inview\",\"animationTarget\":\"all-childs\",\"duration\":\"1600\",\"startDelay\":\"700\",\"delay\":100,\"easing\":\"easeOutQuint\",\"direction\":\"forward\",\"initValues\":{\"translateY\":36,\"rotateZ\":5,\"opacity\":0},\"animations\":{\"translateY\":0,\"rotateZ\":0,\"opacity\":1}}'><div class=\"wpb_wrapper-inner\"><style>.ld_spacer_69f477e063114{height:32px;}<\/style>\n<div class=\"ld-empty-space ld_spacer_69f477e063114\"><span class=\"liquid_empty_space_inner\"><\/span><\/div><style>.ld_button_69f477e063209.btn-icon-solid .btn-icon{background:#4fda90;}.ld_button_69f477e063209.btn-icon-circle.btn-icon-ripple .btn-icon:before{border-color:#4fda90;}.ld_button_69f477e063209.btn-icon-solid:hover .btn-icon{background:rgb(255, 255, 255);}.ld_button_69f477e063209{background-color:#4fda90;border-color:#4fda90;color:rgb(255, 255, 255);font-size:14px !important;font-weight:700 !important;letter-spacing:0.1em !important;}.ld_button_69f477e063209:hover{background-color:rgb(255, 255, 255);border-color:rgb(255, 255, 255);color:rgb(0, 0, 0);}.ld_button_69f477e063209 .btn-gradient-bg-hover{background:-webkit-linear-gradient(to right, rgb(255, 255, 255) 0%, rgb(255, 255, 255) 100%);background:linear-gradient(to right, rgb(255, 255, 255) 0%, rgb(255, 255, 255) 100%);}.ld_button_69f477e063209 .btn-gradient-border defs stop:first-child{stop-color:#4fda90;}.ld_button_69f477e063209 .btn-gradient-border defs stop:last-child{stop-color:#4fda90;}.ld_button_69f477e063209:hover .btn-gradient-border defs stop:first-child{stop-color:rgb(255, 255, 255);}.ld_button_69f477e063209:hover .btn-gradient-border defs stop:last-child{stop-color:rgb(255, 255, 255);}<\/style><a href=\"https:\/\/www.youtube.com\/watch?v=XtEFsRgt_Tg\" class=\"btn btn-solid text-uppercase btn-bordered border-thin fresco ld_button_69f477e063209\">\n\t<span>\n\t\t\n\t\t\t\t\t<span class=\"btn-txt\">VOIR L&#039;\u00c9TUDE DE CAS<\/span>\n\t\t\t\n\t\t\t\t<\/span>\n<\/a>\n<\/div><\/div><\/div><\/div><\/div><\/div><\/div><\/div><\/div><\/div><\/div><\/section>","protected":false},"excerpt":{"rendered":"safe packaging Safe Packaging Ltd manufacture, import and distribute packaging materials through their warehouse in...","protected":false},"author":1,"featured_media":0,"parent":0,"menu_order":0,"comment_status":"closed","ping_status":"closed","template":"","meta":{"footnotes":""},"class_list":["post-7605","page","type-page","status-publish","hentry"],"yoast_head":"<!-- This site is optimized with the Yoast SEO plugin v27.5 - https:\/\/yoast.com\/product\/yoast-seo-wordpress\/ -->\n<title>Orix Case Studies - Eden Garden Equipment<\/title>\n<meta name=\"robots\" content=\"index, follow, max-snippet:-1, max-image-preview:large, max-video-preview:-1\" \/>\n<link rel=\"canonical\" href=\"https:\/\/edengardenequipment.com\/fr\/orix-case-studies\/\" \/>\n<meta property=\"og:locale\" content=\"fr_FR\" \/>\n<meta property=\"og:type\" content=\"article\" \/>\n<meta property=\"og:title\" content=\"Orix Case Studies - Eden Garden Equipment\" \/>\n<meta property=\"og:url\" content=\"https:\/\/edengardenequipment.com\/fr\/orix-case-studies\/\" \/>\n<meta property=\"og:site_name\" content=\"Eden Garden Equipment\" \/>\n<meta property=\"article:modified_time\" content=\"2022-06-07T23:12:00+00:00\" \/>\n<meta property=\"og:image\" content=\"https:\/\/edengardenequipment.com\/wp-content\/uploads\/2023\/06\/05.jpg\" \/>\n\t<meta property=\"og:image:width\" content=\"2000\" \/>\n\t<meta property=\"og:image:height\" content=\"1117\" \/>\n\t<meta property=\"og:image:type\" content=\"image\/jpeg\" \/>\n<meta name=\"twitter:card\" content=\"summary_large_image\" \/>\n<meta name=\"twitter:label1\" content=\"Dur\u00e9e de lecture estim\u00e9e\" \/>\n\t<meta name=\"twitter:data1\" content=\"14 minutes\" \/>\n<script type=\"application\/ld+json\" class=\"yoast-schema-graph\">{\"@context\":\"https:\\\/\\\/schema.org\",\"@graph\":[{\"@type\":\"WebPage\",\"@id\":\"https:\\\/\\\/edengardenequipment.com\\\/orix-case-studies\\\/\",\"url\":\"https:\\\/\\\/edengardenequipment.com\\\/orix-case-studies\\\/\",\"name\":\"Orix Case Studies - Eden Garden Equipment\",\"isPartOf\":{\"@id\":\"https:\\\/\\\/edengardenequipment.com\\\/#website\"},\"datePublished\":\"2021-09-11T11:41:59+00:00\",\"dateModified\":\"2022-06-07T23:12:00+00:00\",\"breadcrumb\":{\"@id\":\"https:\\\/\\\/edengardenequipment.com\\\/orix-case-studies\\\/#breadcrumb\"},\"inLanguage\":\"fr-FR\",\"potentialAction\":[{\"@type\":\"ReadAction\",\"target\":[\"https:\\\/\\\/edengardenequipment.com\\\/orix-case-studies\\\/\"]}]},{\"@type\":\"BreadcrumbList\",\"@id\":\"https:\\\/\\\/edengardenequipment.com\\\/orix-case-studies\\\/#breadcrumb\",\"itemListElement\":[{\"@type\":\"ListItem\",\"position\":1,\"name\":\"Home\",\"item\":\"https:\\\/\\\/edengardenequipment.com\\\/\"},{\"@type\":\"ListItem\",\"position\":2,\"name\":\"Orix Case Studies\"}]},{\"@type\":\"WebSite\",\"@id\":\"https:\\\/\\\/edengardenequipment.com\\\/#website\",\"url\":\"https:\\\/\\\/edengardenequipment.com\\\/\",\"name\":\"Eden Garden Equipment\",\"description\":\"Best Gardening Tools for Sale\",\"publisher\":{\"@id\":\"https:\\\/\\\/edengardenequipment.com\\\/#organization\"},\"potentialAction\":[{\"@type\":\"SearchAction\",\"target\":{\"@type\":\"EntryPoint\",\"urlTemplate\":\"https:\\\/\\\/edengardenequipment.com\\\/?s={search_term_string}\"},\"query-input\":{\"@type\":\"PropertyValueSpecification\",\"valueRequired\":true,\"valueName\":\"search_term_string\"}}],\"inLanguage\":\"fr-FR\"},{\"@type\":\"Organization\",\"@id\":\"https:\\\/\\\/edengardenequipment.com\\\/#organization\",\"name\":\"Eden Garden Equipment\",\"url\":\"https:\\\/\\\/edengardenequipment.com\\\/\",\"logo\":{\"@type\":\"ImageObject\",\"inLanguage\":\"fr-FR\",\"@id\":\"https:\\\/\\\/edengardenequipment.com\\\/#\\\/schema\\\/logo\\\/image\\\/\",\"url\":\"https:\\\/\\\/edengardenequipment.com\\\/wp-content\\\/uploads\\\/2023\\\/06\\\/cropped-Asset-1@2xnew2.png\",\"contentUrl\":\"https:\\\/\\\/edengardenequipment.com\\\/wp-content\\\/uploads\\\/2023\\\/06\\\/cropped-Asset-1@2xnew2.png\",\"width\":512,\"height\":512,\"caption\":\"Eden Garden Equipment\"},\"image\":{\"@id\":\"https:\\\/\\\/edengardenequipment.com\\\/#\\\/schema\\\/logo\\\/image\\\/\"}}]}<\/script>\n<!-- \/ Yoast SEO plugin. -->","yoast_head_json":{"title":"Orix Case Studies - Eden Garden Equipment","robots":{"index":"index","follow":"follow","max-snippet":"max-snippet:-1","max-image-preview":"max-image-preview:large","max-video-preview":"max-video-preview:-1"},"canonical":"https:\/\/edengardenequipment.com\/fr\/orix-case-studies\/","og_locale":"fr_FR","og_type":"article","og_title":"Orix Case Studies - Eden Garden Equipment","og_url":"https:\/\/edengardenequipment.com\/fr\/orix-case-studies\/","og_site_name":"Eden Garden Equipment","article_modified_time":"2022-06-07T23:12:00+00:00","og_image":[{"width":2000,"height":1117,"url":"https:\/\/edengardenequipment.com\/wp-content\/uploads\/2023\/06\/05.jpg","type":"image\/jpeg"}],"twitter_card":"summary_large_image","twitter_misc":{"Dur\u00e9e de lecture estim\u00e9e":"14 minutes"},"schema":{"@context":"https:\/\/schema.org","@graph":[{"@type":"WebPage","@id":"https:\/\/edengardenequipment.com\/orix-case-studies\/","url":"https:\/\/edengardenequipment.com\/orix-case-studies\/","name":"Orix Case Studies - Eden Garden Equipment","isPartOf":{"@id":"https:\/\/edengardenequipment.com\/#website"},"datePublished":"2021-09-11T11:41:59+00:00","dateModified":"2022-06-07T23:12:00+00:00","breadcrumb":{"@id":"https:\/\/edengardenequipment.com\/orix-case-studies\/#breadcrumb"},"inLanguage":"fr-FR","potentialAction":[{"@type":"ReadAction","target":["https:\/\/edengardenequipment.com\/orix-case-studies\/"]}]},{"@type":"BreadcrumbList","@id":"https:\/\/edengardenequipment.com\/orix-case-studies\/#breadcrumb","itemListElement":[{"@type":"ListItem","position":1,"name":"Home","item":"https:\/\/edengardenequipment.com\/"},{"@type":"ListItem","position":2,"name":"Orix Case Studies"}]},{"@type":"WebSite","@id":"https:\/\/edengardenequipment.com\/#website","url":"https:\/\/edengardenequipment.com\/","name":"Eden Garden Equipment","description":"Best Gardening Tools for Sale","publisher":{"@id":"https:\/\/edengardenequipment.com\/#organization"},"potentialAction":[{"@type":"SearchAction","target":{"@type":"EntryPoint","urlTemplate":"https:\/\/edengardenequipment.com\/?s={search_term_string}"},"query-input":{"@type":"PropertyValueSpecification","valueRequired":true,"valueName":"search_term_string"}}],"inLanguage":"fr-FR"},{"@type":"Organization","@id":"https:\/\/edengardenequipment.com\/#organization","name":"Eden Garden Equipment","url":"https:\/\/edengardenequipment.com\/","logo":{"@type":"ImageObject","inLanguage":"fr-FR","@id":"https:\/\/edengardenequipment.com\/#\/schema\/logo\/image\/","url":"https:\/\/edengardenequipment.com\/wp-content\/uploads\/2023\/06\/cropped-Asset-1@2xnew2.png","contentUrl":"https:\/\/edengardenequipment.com\/wp-content\/uploads\/2023\/06\/cropped-Asset-1@2xnew2.png","width":512,"height":512,"caption":"Eden Garden Equipment"},"image":{"@id":"https:\/\/edengardenequipment.com\/#\/schema\/logo\/image\/"}}]}},"_links":{"self":[{"href":"https:\/\/edengardenequipment.com\/fr\/wp-json\/wp\/v2\/pages\/7605","targetHints":{"allow":["GET"]}}],"collection":[{"href":"https:\/\/edengardenequipment.com\/fr\/wp-json\/wp\/v2\/pages"}],"about":[{"href":"https:\/\/edengardenequipment.com\/fr\/wp-json\/wp\/v2\/types\/page"}],"author":[{"embeddable":true,"href":"https:\/\/edengardenequipment.com\/fr\/wp-json\/wp\/v2\/users\/1"}],"replies":[{"embeddable":true,"href":"https:\/\/edengardenequipment.com\/fr\/wp-json\/wp\/v2\/comments?post=7605"}],"version-history":[{"count":4,"href":"https:\/\/edengardenequipment.com\/fr\/wp-json\/wp\/v2\/pages\/7605\/revisions"}],"predecessor-version":[{"id":7881,"href":"https:\/\/edengardenequipment.com\/fr\/wp-json\/wp\/v2\/pages\/7605\/revisions\/7881"}],"wp:attachment":[{"href":"https:\/\/edengardenequipment.com\/fr\/wp-json\/wp\/v2\/media?parent=7605"}],"curies":[{"name":"wp","href":"https:\/\/api.w.org\/{rel}","templated":true}]}}