{"id":8049,"date":"2023-05-20T18:18:18","date_gmt":"2023-05-20T17:18:18","guid":{"rendered":"http:\/\/kids.cfweb.co.uk\/?page_id=8049"},"modified":"2023-06-22T18:52:01","modified_gmt":"2023-06-22T17:52:01","slug":"cookie-policy","status":"publish","type":"page","link":"https:\/\/edengardenequipment.com\/fr\/cookie-policy\/","title":{"rendered":"Politique de cookies"},"content":{"rendered":"<style>@media (min-width: 1200px) { .liquid-row-responsive-69f19a4104fda {padding-top:35px !important;  }  }   <\/style><section class=\"vc_row wpb_row vc_row-fluid liquid-row-responsive-69f19a4104fda liquid-row-shadowbox-69f19a4105008\"><div class=\"ld-container container\"><div class=\"row ld-row\"><div class=\"wpb_column vc_column_container vc_col-sm-12 liquid-column-69f19a41053cb\"><div class=\"vc_column-inner\"><div class=\"wpb_wrapper\"   ><div class=\"wpb_wrapper-inner\">\n\t<div class=\"wpb_text_column wpb_content_element\" >\n\t\t<div class=\"wpb_wrapper\">\n\t\t\t<p>Cette politique relative aux cookies explique ce que sont les cookies et comment nous les utilisons. Vous devez lire cette politique afin de comprendre quel type de cookies nous utilisons, ou les informations que nous collectons \u00e0 l&#039;aide de cookies et comment ces informations sont utilis\u00e9es. Cette politique relative aux cookies a \u00e9t\u00e9 g\u00e9n\u00e9r\u00e9e par <a href=\"https:\/\/www.termsfeed.com\/cookies-policy-generator\/\">G\u00e9n\u00e9rateur de politique de cookies TermsFeed<\/a>.<\/p>\n<p>Les cookies ne contiennent g\u00e9n\u00e9ralement aucune information permettant d&#039;identifier personnellement un utilisateur, mais les informations personnelles que nous stockons \u00e0 votre sujet peuvent \u00eatre li\u00e9es aux informations stock\u00e9es et obtenues \u00e0 partir des cookies. Pour plus d&#039;informations sur la mani\u00e8re dont nous utilisons, stockons et gardons vos donn\u00e9es personnelles en s\u00e9curit\u00e9, consultez notre politique de confidentialit\u00e9.<\/p>\n<p>Nous ne stockons pas d&#039;informations personnelles sensibles, telles que les adresses postales, les mots de passe de compte, etc. dans les cookies que nous utilisons.<\/p>\n<p>&nbsp;<\/p>\n<h2>Interpr\u00e9tation et d\u00e9finitions<\/h2>\n<h3>Interpr\u00e9tation<\/h3>\n<p>Les mots dont la lettre initiale est une majuscule ont des significations d\u00e9finies dans les conditions suivantes. Les d\u00e9finitions suivantes ont la m\u00eame signification, qu&#039;elles apparaissent au singulier ou au pluriel.<\/p>\n<h3>D\u00e9finitions<\/h3>\n<p>Aux fins de la pr\u00e9sente politique en mati\u00e8re de cookies :<\/p>\n<ul>\n<li>\u00ab Soci\u00e9t\u00e9 \u00bb (appel\u00e9e \u00ab la Soci\u00e9t\u00e9 \u00bb, \u00ab Nous \u00bb ou \u00ab Notre \u00bb dans la pr\u00e9sente Politique relative aux cookies) fait r\u00e9f\u00e9rence \u00e0 [INFORMATIONS SUR LA SOCI\u00c9T\u00c9].<\/li>\n<li>\u00ab Cookies \u00bb d\u00e9signe de petits fichiers plac\u00e9s sur votre ordinateur, appareil mobile ou tout autre appareil par un site Web, contenant des d\u00e9tails sur votre historique de navigation sur ce site Web parmi ses nombreuses utilisations.<\/li>\n<li>\u00ab Site Web \u00bb fait r\u00e9f\u00e9rence \u00e0 [NOM DU SITE WEB], accessible \u00e0 partir de [URL DU SITE WEB]<\/li>\n<li>\u00ab Vous \u00bb d\u00e9signe la personne qui acc\u00e8de au site Web ou l\u2019utilise, ou une soci\u00e9t\u00e9 ou toute entit\u00e9 juridique au nom de laquelle cette personne acc\u00e8de au site Web ou l\u2019utilise, selon le cas.<\/li>\n<\/ul>\n<h2>Utilisation des Cookies<\/h2>\n<h3>Type de cookies que nous utilisons<\/h3>\n<p>Les cookies peuvent \u00eatre des cookies \u00ab persistants \u00bb ou des cookies \u00ab de session \u00bb. Les cookies persistants restent sur votre ordinateur personnel ou votre appareil mobile lorsque vous vous d\u00e9connectez, tandis que les cookies de session sont supprim\u00e9s d\u00e8s que vous fermez votre navigateur Web.<\/p>\n<p>Nous utilisons des cookies de session et des cookies persistants aux fins d\u00e9crites ci-dessous\u00a0:<\/p>\n<ul>\n<li><strong>Cookies n\u00e9cessaires \/ essentiels<\/strong>Type : Cookies de session Administr\u00e9s par : Nous Finalit\u00e9 : Ces cookies sont essentiels pour vous fournir les services disponibles sur le site Web et pour vous permettre d&#039;utiliser certaines de ses fonctionnalit\u00e9s. Ils aident \u00e0 authentifier les utilisateurs et \u00e0 emp\u00eacher l&#039;utilisation frauduleuse des comptes d&#039;utilisateurs. Sans ces cookies, les services que vous avez demand\u00e9s ne peuvent pas \u00eatre fournis, et nous utilisons ces cookies uniquement pour vous fournir ces services.<\/li>\n<\/ul>\n<p>&nbsp;<\/p>\n<ul>\n<li><strong>Politique de cookies \/ Avis d&#039;acceptation des cookies<\/strong>Type : Cookies persistantsAdministr\u00e9s par : NousObjectif : Ces cookies identifient si les utilisateurs ont accept\u00e9 l&#039;utilisation de cookies sur le site Web.<\/li>\n<\/ul>\n<p>&nbsp;<\/p>\n<ul>\n<li><strong>Cookies de fonctionnalit\u00e9<\/strong>Type : Cookies persistants Administr\u00e9s par : Nous Finalit\u00e9 : Ces cookies nous permettent de m\u00e9moriser les choix que vous faites lorsque vous utilisez le site Web, comme la m\u00e9morisation de vos informations de connexion ou de votre pr\u00e9f\u00e9rence linguistique. Le but de ces cookies est de vous offrir une exp\u00e9rience plus personnelle et de vous \u00e9viter de devoir ressaisir vos pr\u00e9f\u00e9rences \u00e0 chaque fois que vous utilisez le site Web.<\/li>\n<\/ul>\n<p>&nbsp;<\/p>\n<ul>\n<li><strong>Cookies de suivi et de performance<\/strong>Type : Cookies persistants Administr\u00e9s par : Tiers Finalit\u00e9 : Ces cookies sont utilis\u00e9s pour suivre les informations sur le trafic vers le site Web et la fa\u00e7on dont les utilisateurs utilisent le site Web. Les informations recueillies via ces cookies peuvent vous identifier directement ou indirectement en tant que visiteur individuel. En effet, les informations collect\u00e9es sont g\u00e9n\u00e9ralement li\u00e9es \u00e0 un identifiant pseudonyme associ\u00e9 \u00e0 l&#039;appareil que vous utilisez pour acc\u00e9der au site Web. Nous pouvons \u00e9galement utiliser ces cookies pour tester de nouvelles publicit\u00e9s, pages, fonctionnalit\u00e9s ou nouvelles fonctionnalit\u00e9s du site Web afin de voir comment nos utilisateurs y r\u00e9agissent.<\/li>\n<\/ul>\n<p>&nbsp;<\/p>\n<h2>Vos choix concernant les cookies<\/h2>\n<p>Si vous pr\u00e9f\u00e9rez \u00e9viter l&#039;utilisation de cookies sur le site Web, vous devez d&#039;abord d\u00e9sactiver l&#039;utilisation de cookies dans votre navigateur, puis supprimer les cookies enregistr\u00e9s dans votre navigateur associ\u00e9s \u00e0 ce site Web. Vous pouvez utiliser cette option pour emp\u00eacher l&#039;utilisation de cookies \u00e0 tout moment.<\/p>\n<p>Si vous n&#039;acceptez pas nos cookies, vous risquez de rencontrer des inconv\u00e9nients dans votre utilisation du site Web et certaines fonctionnalit\u00e9s risquent de ne pas fonctionner correctement.<\/p>\n<p>Si vous souhaitez supprimer les cookies ou demander \u00e0 votre navigateur Web de supprimer ou de refuser les cookies, veuillez consulter les pages d&#039;aide de votre navigateur Web.<\/p>\n<p>Pour le navigateur Web Chrome, veuillez visiter cette page de Google\u00a0: <a href=\"https:\/\/support.google.com\/accounts\/answer\/32050\">https:\/\/support.google.com\/accounts\/answer\/32050<\/a><\/p>\n<p>Pour le navigateur Web Internet Explorer, veuillez visiter cette page de Microsoft\u00a0: <a href=\"http:\/\/support.microsoft.com\/kb\/278835\">http:\/\/support.microsoft.com\/kb\/278835<\/a><\/p>\n<p>Pour le navigateur Web Firefox, veuillez visiter cette page de Mozilla\u00a0: <a href=\"https:\/\/support.mozilla.org\/en-US\/kb\/delete-cookies-remove-info-websites-stored\">https:\/\/support.mozilla.org\/en-US\/kb\/delete-cookies-remove-info-websites-stored<\/a><\/p>\n<p>Pour le navigateur Web Safari, veuillez visiter cette page d&#039;Apple\u00a0: <a href=\"https:\/\/support.apple.com\/guide\/safari\/manage-cookies-and-website-data-sfri11471\/mac\">https:\/\/support.apple.com\/guide\/safari\/manage-cookies-and-website-data-sfri11471\/mac<\/a><\/p>\n\n\t\t<\/div>\n\t<\/div>\n<\/div><\/div><\/div><\/div><\/div><\/div><\/section>","protected":false},"excerpt":{"rendered":"This Cookies Policy explains what Cookies are and how We use them. You should read...","protected":false},"author":1,"featured_media":0,"parent":0,"menu_order":0,"comment_status":"closed","ping_status":"closed","template":"","meta":{"footnotes":""},"class_list":["post-8049","page","type-page","status-publish","hentry"],"yoast_head":"<!-- This site is optimized with the Yoast SEO plugin v27.5 - https:\/\/yoast.com\/product\/yoast-seo-wordpress\/ -->\n<title>Cookie Policy - Eden Garden Equipment<\/title>\n<meta name=\"robots\" content=\"index, follow, max-snippet:-1, max-image-preview:large, max-video-preview:-1\" \/>\n<link rel=\"canonical\" href=\"https:\/\/edengardenequipment.com\/fr\/cookie-policy\/\" \/>\n<meta property=\"og:locale\" content=\"fr_FR\" \/>\n<meta property=\"og:type\" content=\"article\" \/>\n<meta property=\"og:title\" content=\"Cookie Policy - Eden Garden Equipment\" \/>\n<meta property=\"og:url\" content=\"https:\/\/edengardenequipment.com\/fr\/cookie-policy\/\" \/>\n<meta property=\"og:site_name\" content=\"Eden Garden Equipment\" \/>\n<meta property=\"article:modified_time\" content=\"2023-06-22T17:52:01+00:00\" \/>\n<meta property=\"og:image\" content=\"https:\/\/edengardenequipment.com\/wp-content\/uploads\/2023\/06\/05.jpg\" \/>\n\t<meta property=\"og:image:width\" content=\"2000\" \/>\n\t<meta property=\"og:image:height\" content=\"1117\" \/>\n\t<meta property=\"og:image:type\" content=\"image\/jpeg\" \/>\n<meta name=\"twitter:card\" content=\"summary_large_image\" \/>\n<meta name=\"twitter:label1\" content=\"Dur\u00e9e de lecture estim\u00e9e\" \/>\n\t<meta name=\"twitter:data1\" content=\"4 minutes\" \/>\n<script type=\"application\/ld+json\" class=\"yoast-schema-graph\">{\"@context\":\"https:\\\/\\\/schema.org\",\"@graph\":[{\"@type\":\"WebPage\",\"@id\":\"https:\\\/\\\/edengardenequipment.com\\\/cookie-policy\\\/\",\"url\":\"https:\\\/\\\/edengardenequipment.com\\\/cookie-policy\\\/\",\"name\":\"Cookie Policy - Eden Garden Equipment\",\"isPartOf\":{\"@id\":\"https:\\\/\\\/edengardenequipment.com\\\/#website\"},\"datePublished\":\"2023-05-20T17:18:18+00:00\",\"dateModified\":\"2023-06-22T17:52:01+00:00\",\"breadcrumb\":{\"@id\":\"https:\\\/\\\/edengardenequipment.com\\\/cookie-policy\\\/#breadcrumb\"},\"inLanguage\":\"fr-FR\",\"potentialAction\":[{\"@type\":\"ReadAction\",\"target\":[\"https:\\\/\\\/edengardenequipment.com\\\/cookie-policy\\\/\"]}]},{\"@type\":\"BreadcrumbList\",\"@id\":\"https:\\\/\\\/edengardenequipment.com\\\/cookie-policy\\\/#breadcrumb\",\"itemListElement\":[{\"@type\":\"ListItem\",\"position\":1,\"name\":\"Home\",\"item\":\"https:\\\/\\\/edengardenequipment.com\\\/\"},{\"@type\":\"ListItem\",\"position\":2,\"name\":\"Cookie Policy\"}]},{\"@type\":\"WebSite\",\"@id\":\"https:\\\/\\\/edengardenequipment.com\\\/#website\",\"url\":\"https:\\\/\\\/edengardenequipment.com\\\/\",\"name\":\"Eden Garden Equipment\",\"description\":\"Best Gardening Tools for Sale\",\"publisher\":{\"@id\":\"https:\\\/\\\/edengardenequipment.com\\\/#organization\"},\"potentialAction\":[{\"@type\":\"SearchAction\",\"target\":{\"@type\":\"EntryPoint\",\"urlTemplate\":\"https:\\\/\\\/edengardenequipment.com\\\/?s={search_term_string}\"},\"query-input\":{\"@type\":\"PropertyValueSpecification\",\"valueRequired\":true,\"valueName\":\"search_term_string\"}}],\"inLanguage\":\"fr-FR\"},{\"@type\":\"Organization\",\"@id\":\"https:\\\/\\\/edengardenequipment.com\\\/#organization\",\"name\":\"Eden Garden Equipment\",\"url\":\"https:\\\/\\\/edengardenequipment.com\\\/\",\"logo\":{\"@type\":\"ImageObject\",\"inLanguage\":\"fr-FR\",\"@id\":\"https:\\\/\\\/edengardenequipment.com\\\/#\\\/schema\\\/logo\\\/image\\\/\",\"url\":\"https:\\\/\\\/edengardenequipment.com\\\/wp-content\\\/uploads\\\/2023\\\/06\\\/cropped-Asset-1@2xnew2.png\",\"contentUrl\":\"https:\\\/\\\/edengardenequipment.com\\\/wp-content\\\/uploads\\\/2023\\\/06\\\/cropped-Asset-1@2xnew2.png\",\"width\":512,\"height\":512,\"caption\":\"Eden Garden Equipment\"},\"image\":{\"@id\":\"https:\\\/\\\/edengardenequipment.com\\\/#\\\/schema\\\/logo\\\/image\\\/\"}}]}<\/script>\n<!-- \/ Yoast SEO plugin. -->","yoast_head_json":{"title":"Cookie Policy - Eden Garden Equipment","robots":{"index":"index","follow":"follow","max-snippet":"max-snippet:-1","max-image-preview":"max-image-preview:large","max-video-preview":"max-video-preview:-1"},"canonical":"https:\/\/edengardenequipment.com\/fr\/cookie-policy\/","og_locale":"fr_FR","og_type":"article","og_title":"Cookie Policy - Eden Garden Equipment","og_url":"https:\/\/edengardenequipment.com\/fr\/cookie-policy\/","og_site_name":"Eden Garden Equipment","article_modified_time":"2023-06-22T17:52:01+00:00","og_image":[{"width":2000,"height":1117,"url":"https:\/\/edengardenequipment.com\/wp-content\/uploads\/2023\/06\/05.jpg","type":"image\/jpeg"}],"twitter_card":"summary_large_image","twitter_misc":{"Dur\u00e9e de lecture estim\u00e9e":"4 minutes"},"schema":{"@context":"https:\/\/schema.org","@graph":[{"@type":"WebPage","@id":"https:\/\/edengardenequipment.com\/cookie-policy\/","url":"https:\/\/edengardenequipment.com\/cookie-policy\/","name":"Cookie Policy - Eden Garden Equipment","isPartOf":{"@id":"https:\/\/edengardenequipment.com\/#website"},"datePublished":"2023-05-20T17:18:18+00:00","dateModified":"2023-06-22T17:52:01+00:00","breadcrumb":{"@id":"https:\/\/edengardenequipment.com\/cookie-policy\/#breadcrumb"},"inLanguage":"fr-FR","potentialAction":[{"@type":"ReadAction","target":["https:\/\/edengardenequipment.com\/cookie-policy\/"]}]},{"@type":"BreadcrumbList","@id":"https:\/\/edengardenequipment.com\/cookie-policy\/#breadcrumb","itemListElement":[{"@type":"ListItem","position":1,"name":"Home","item":"https:\/\/edengardenequipment.com\/"},{"@type":"ListItem","position":2,"name":"Cookie Policy"}]},{"@type":"WebSite","@id":"https:\/\/edengardenequipment.com\/#website","url":"https:\/\/edengardenequipment.com\/","name":"Eden Garden Equipment","description":"Best Gardening Tools for Sale","publisher":{"@id":"https:\/\/edengardenequipment.com\/#organization"},"potentialAction":[{"@type":"SearchAction","target":{"@type":"EntryPoint","urlTemplate":"https:\/\/edengardenequipment.com\/?s={search_term_string}"},"query-input":{"@type":"PropertyValueSpecification","valueRequired":true,"valueName":"search_term_string"}}],"inLanguage":"fr-FR"},{"@type":"Organization","@id":"https:\/\/edengardenequipment.com\/#organization","name":"Eden Garden Equipment","url":"https:\/\/edengardenequipment.com\/","logo":{"@type":"ImageObject","inLanguage":"fr-FR","@id":"https:\/\/edengardenequipment.com\/#\/schema\/logo\/image\/","url":"https:\/\/edengardenequipment.com\/wp-content\/uploads\/2023\/06\/cropped-Asset-1@2xnew2.png","contentUrl":"https:\/\/edengardenequipment.com\/wp-content\/uploads\/2023\/06\/cropped-Asset-1@2xnew2.png","width":512,"height":512,"caption":"Eden Garden Equipment"},"image":{"@id":"https:\/\/edengardenequipment.com\/#\/schema\/logo\/image\/"}}]}},"_links":{"self":[{"href":"https:\/\/edengardenequipment.com\/fr\/wp-json\/wp\/v2\/pages\/8049","targetHints":{"allow":["GET"]}}],"collection":[{"href":"https:\/\/edengardenequipment.com\/fr\/wp-json\/wp\/v2\/pages"}],"about":[{"href":"https:\/\/edengardenequipment.com\/fr\/wp-json\/wp\/v2\/types\/page"}],"author":[{"embeddable":true,"href":"https:\/\/edengardenequipment.com\/fr\/wp-json\/wp\/v2\/users\/1"}],"replies":[{"embeddable":true,"href":"https:\/\/edengardenequipment.com\/fr\/wp-json\/wp\/v2\/comments?post=8049"}],"version-history":[{"count":5,"href":"https:\/\/edengardenequipment.com\/fr\/wp-json\/wp\/v2\/pages\/8049\/revisions"}],"predecessor-version":[{"id":8541,"href":"https:\/\/edengardenequipment.com\/fr\/wp-json\/wp\/v2\/pages\/8049\/revisions\/8541"}],"wp:attachment":[{"href":"https:\/\/edengardenequipment.com\/fr\/wp-json\/wp\/v2\/media?parent=8049"}],"curies":[{"name":"wp","href":"https:\/\/api.w.org\/{rel}","templated":true}]}}