{"id":8510,"date":"2023-06-22T17:48:50","date_gmt":"2023-06-22T16:48:50","guid":{"rendered":"https:\/\/edengardenequipment.com\/?page_id=8510"},"modified":"2025-02-22T18:53:21","modified_gmt":"2025-02-22T18:53:21","slug":"about-us","status":"publish","type":"page","link":"https:\/\/edengardenequipment.com\/fr\/about-us\/","title":{"rendered":"\u00c0 propos de nous"},"content":{"rendered":"<style>@media (min-width: 1200px) { .liquid-row-responsive-69f19a431ac69 {padding-top:35px !important; padding-bottom:35px !important;  }  }   <\/style><section class=\"vc_row wpb_row vc_row-fluid liquid-row-responsive-69f19a431ac69 liquid-row-shadowbox-69f19a431ac98\"><div class=\"ld-container container\"><div class=\"row ld-row\"><div class=\"wpb_column vc_column_container vc_col-sm-8 liquid-column-69f19a431b01d\"><div class=\"vc_column-inner\"><div class=\"wpb_wrapper\"   ><div class=\"wpb_wrapper-inner\">\n\t<div class=\"wpb_text_column wpb_content_element\" >\n\t\t<div class=\"wpb_wrapper\">\n\t\t\t<div class=\"row\">\n<div class=\"col-md-24\">\n<div class=\"page-head\">\n<h1>\u00c9QUIPEMENT DE JARDIN EDEN<\/h1>\n<p>Ajoutez du plaisir, de la simplicit\u00e9, du divertissement et de la facilit\u00e9 aux activit\u00e9s de jardinage.<\/p>\n<\/div>\n<\/div>\n<\/div>\n<div class=\"row\">\n<div class=\"col-md-16\">\n<hr \/>\n<p>Chez Eden Garden Equipment, nous aimons le jardinage autant que vous. C&#039;est pourquoi nous nous effor\u00e7ons sans rel\u00e2che de rendre le jardinage agr\u00e9able, relaxant, sans douleur et simple pour tous : professionnels, amateurs et m\u00eame jardiniers passionn\u00e9s souffrant de rhumatismes ou d&#039;arthrite.<\/p>\n<p>Nous y parvenons en vous proposant la gamme la plus innovante d&#039;outils de jardinage haut de gamme et de syst\u00e8mes de cliquet brevet\u00e9s. Nos outils et syst\u00e8mes de jardinage sont con\u00e7us pour la performance, con\u00e7us pour faire envie et con\u00e7us pour offrir un confort optimal \u00e0 long terme aux jardiniers. Avec nos outils, vous pouvez effectuer toutes sortes d&#039;activit\u00e9s de jardinage et de t\u00e2ches p\u00e9nibles avec la plus grande facilit\u00e9, le plus grand confort et sans perdre de temps.<\/p>\n<p>Qu&#039;il s&#039;agisse de couper, d&#039;\u00e9laguer ou de tailler, avec nos outils de haute qualit\u00e9 et nos syst\u00e8mes uniques, vous pouvez effectuer toutes ces t\u00e2ches avec un minimum d&#039;effort, tout au long de l&#039;ann\u00e9e et pendant de nombreuses ann\u00e9es \u00e0 venir, sans avoir \u00e0 faire de gros investissements en remplacement. Chaque outil de notre gamme de produits a \u00e9t\u00e9 con\u00e7u et fabriqu\u00e9 selon les meilleures normes de l&#039;industrie et de performance. Nos conceptions intelligentes garantissent une manipulation facile, une ergonomie sup\u00e9rieure et une excellente prise en main. Les m\u00e9canismes innovants vous permettent d&#039;extraire un effet de levier maximal sans vous exposer au risque de vous surmener et de vous blesser.<\/p>\n<p>Tous les outils de jardinage que nous proposons sont rigoureusement test\u00e9s pour leur durabilit\u00e9, leur fonctionnalit\u00e9 et leur confort, avant d&#039;\u00eatre mis \u00e0 la disposition des clients. Rassurez-vous, vous trouverez nos outils faciles \u00e0 utiliser<\/p>\n<p>Notre syst\u00e8me de cliquet brevet\u00e9 et puissant vous permet de multiplier par cinq la force n\u00e9cessaire pour tailler les buissons et couper les branches d&#039;arbres avec pr\u00e9cision. Vous pouvez faire tout cela avec un minimum d&#039;effort et sans stress. Il est loin le temps o\u00f9 vous aviez besoin d&#039;une aide ext\u00e9rieure pour prendre soin de votre jardin. Vous pouvez d\u00e9sormais tout faire vous-m\u00eame !<\/p>\n<p>En plus de cela, nous fournissons \u00e9galement des lames interchangeables en acier \u00e0 haute teneur en carbone rev\u00eatues de T\u00e9flon. Cela signifie que vous n&#039;avez pas besoin d&#039;acheter un nouvel outil \u00e0 chaque fois que les lames s&#039;\u00e9moussent. Il vous suffit de les remplacer par nos lames interchangeables.<br \/>\nAlors, qu&#039;attendez-vous ? Prenez soin de vos plantes et de vos arbres avec nos outils de jardinage exceptionnels et faciles \u00e0 utiliser. Profitez du jardinage comme jamais auparavant.<\/p>\n<p><a href=\"https:\/\/edengardenequipment.com\/fr\/garden-tools\/\">Parcourez notre gamme d\u2019outils d\u00e8s aujourd\u2019hui et commandez maintenant.<\/a><\/p>\n<\/div>\n<\/div>\n\n\t\t<\/div>\n\t<\/div>\n<\/div><\/div><\/div><\/div><div class=\"wpb_column vc_column_container vc_col-sm-4 liquid-column-69f19a431b390\"><div class=\"vc_column-inner\"><div class=\"wpb_wrapper\"   ><div class=\"wpb_wrapper-inner\">\n\t<div  class=\"wpb_single_image wpb_content_element vc_align_left  liquid_vc_single_image-69f19a4329bf5\">\n\t\t\n\t\t<figure class=\"wpb_wrapper vc_figure\">\n\t\t\t<div class=\"vc_single_image-wrapper   vc_box_border_grey\"><img loading=\"lazy\" decoding=\"async\" width=\"700\" height=\"701\" src=\"data:image\/svg+xml;charset=utf-8,&lt;svg xmlns%3D&#039;http%3A%2F%2Fwww.w3.org%2F2000%2Fsvg&#039; viewBox%3D&#039;0 0 700 701&#039;%2F&gt;\" class=\"vc_single_image-img attachment-full ld-lazyload\" alt=\"\" srcset=\"\" sizes=\"auto, (max-width: 700px) 100vw, 700px\" data-src=\"https:\/\/edengardenequipment.com\/wp-content\/uploads\/2023\/06\/about-us.jpg\" data-srcset=\"https:\/\/edengardenequipment.com\/wp-content\/uploads\/2023\/06\/about-us.jpg 700w, https:\/\/edengardenequipment.com\/wp-content\/uploads\/2023\/06\/about-us-300x300.jpg 300w, https:\/\/edengardenequipment.com\/wp-content\/uploads\/2023\/06\/about-us-150x150.jpg 150w, https:\/\/edengardenequipment.com\/wp-content\/uploads\/2023\/06\/about-us-12x12.jpg 12w\" data-aspect=\"0.99857346647646\" \/><\/div>\n\t\t<\/figure>\n\t<\/div>\n<\/div><\/div><\/div><\/div><\/div><\/div><\/section>","protected":false},"excerpt":{"rendered":"EDEN GARDEN EQUIPMENT Adding Pleasure, Simplicity, Fun and Ease to Gardening Activities. At Eden Garden...","protected":false},"author":1,"featured_media":0,"parent":0,"menu_order":0,"comment_status":"closed","ping_status":"closed","template":"","meta":{"footnotes":""},"class_list":["post-8510","page","type-page","status-publish","hentry"],"yoast_head":"<!-- This site is optimized with the Yoast SEO plugin v27.5 - https:\/\/yoast.com\/product\/yoast-seo-wordpress\/ -->\n<title>About us - Eden Garden Equipment<\/title>\n<meta name=\"robots\" content=\"index, follow, max-snippet:-1, max-image-preview:large, max-video-preview:-1\" \/>\n<link rel=\"canonical\" href=\"https:\/\/edengardenequipment.com\/fr\/about-us\/\" \/>\n<meta property=\"og:locale\" content=\"fr_FR\" \/>\n<meta property=\"og:type\" content=\"article\" \/>\n<meta property=\"og:title\" content=\"About us - Eden Garden Equipment\" \/>\n<meta property=\"og:url\" content=\"https:\/\/edengardenequipment.com\/fr\/about-us\/\" \/>\n<meta property=\"og:site_name\" content=\"Eden Garden Equipment\" \/>\n<meta property=\"article:modified_time\" content=\"2025-02-22T18:53:21+00:00\" \/>\n<meta property=\"og:image\" content=\"https:\/\/edengardenequipment.com\/wp-content\/uploads\/2023\/06\/05.jpg\" \/>\n\t<meta property=\"og:image:width\" content=\"2000\" \/>\n\t<meta property=\"og:image:height\" content=\"1117\" \/>\n\t<meta property=\"og:image:type\" content=\"image\/jpeg\" \/>\n<meta name=\"twitter:card\" content=\"summary_large_image\" \/>\n<meta name=\"twitter:label1\" content=\"Dur\u00e9e de lecture estim\u00e9e\" \/>\n\t<meta name=\"twitter:data1\" content=\"2 minutes\" \/>\n<script type=\"application\/ld+json\" class=\"yoast-schema-graph\">{\"@context\":\"https:\\\/\\\/schema.org\",\"@graph\":[{\"@type\":\"WebPage\",\"@id\":\"https:\\\/\\\/edengardenequipment.com\\\/about-us\\\/\",\"url\":\"https:\\\/\\\/edengardenequipment.com\\\/about-us\\\/\",\"name\":\"About us - Eden Garden Equipment\",\"isPartOf\":{\"@id\":\"https:\\\/\\\/edengardenequipment.com\\\/#website\"},\"datePublished\":\"2023-06-22T16:48:50+00:00\",\"dateModified\":\"2025-02-22T18:53:21+00:00\",\"breadcrumb\":{\"@id\":\"https:\\\/\\\/edengardenequipment.com\\\/about-us\\\/#breadcrumb\"},\"inLanguage\":\"fr-FR\",\"potentialAction\":[{\"@type\":\"ReadAction\",\"target\":[\"https:\\\/\\\/edengardenequipment.com\\\/about-us\\\/\"]}]},{\"@type\":\"BreadcrumbList\",\"@id\":\"https:\\\/\\\/edengardenequipment.com\\\/about-us\\\/#breadcrumb\",\"itemListElement\":[{\"@type\":\"ListItem\",\"position\":1,\"name\":\"Home\",\"item\":\"https:\\\/\\\/edengardenequipment.com\\\/\"},{\"@type\":\"ListItem\",\"position\":2,\"name\":\"About us\"}]},{\"@type\":\"WebSite\",\"@id\":\"https:\\\/\\\/edengardenequipment.com\\\/#website\",\"url\":\"https:\\\/\\\/edengardenequipment.com\\\/\",\"name\":\"Eden Garden Equipment\",\"description\":\"Best Gardening Tools for Sale\",\"publisher\":{\"@id\":\"https:\\\/\\\/edengardenequipment.com\\\/#organization\"},\"potentialAction\":[{\"@type\":\"SearchAction\",\"target\":{\"@type\":\"EntryPoint\",\"urlTemplate\":\"https:\\\/\\\/edengardenequipment.com\\\/?s={search_term_string}\"},\"query-input\":{\"@type\":\"PropertyValueSpecification\",\"valueRequired\":true,\"valueName\":\"search_term_string\"}}],\"inLanguage\":\"fr-FR\"},{\"@type\":\"Organization\",\"@id\":\"https:\\\/\\\/edengardenequipment.com\\\/#organization\",\"name\":\"Eden Garden Equipment\",\"url\":\"https:\\\/\\\/edengardenequipment.com\\\/\",\"logo\":{\"@type\":\"ImageObject\",\"inLanguage\":\"fr-FR\",\"@id\":\"https:\\\/\\\/edengardenequipment.com\\\/#\\\/schema\\\/logo\\\/image\\\/\",\"url\":\"https:\\\/\\\/edengardenequipment.com\\\/wp-content\\\/uploads\\\/2023\\\/06\\\/cropped-Asset-1@2xnew2.png\",\"contentUrl\":\"https:\\\/\\\/edengardenequipment.com\\\/wp-content\\\/uploads\\\/2023\\\/06\\\/cropped-Asset-1@2xnew2.png\",\"width\":512,\"height\":512,\"caption\":\"Eden Garden Equipment\"},\"image\":{\"@id\":\"https:\\\/\\\/edengardenequipment.com\\\/#\\\/schema\\\/logo\\\/image\\\/\"}}]}<\/script>\n<!-- \/ Yoast SEO plugin. -->","yoast_head_json":{"title":"About us - Eden Garden Equipment","robots":{"index":"index","follow":"follow","max-snippet":"max-snippet:-1","max-image-preview":"max-image-preview:large","max-video-preview":"max-video-preview:-1"},"canonical":"https:\/\/edengardenequipment.com\/fr\/about-us\/","og_locale":"fr_FR","og_type":"article","og_title":"About us - Eden Garden Equipment","og_url":"https:\/\/edengardenequipment.com\/fr\/about-us\/","og_site_name":"Eden Garden Equipment","article_modified_time":"2025-02-22T18:53:21+00:00","og_image":[{"width":2000,"height":1117,"url":"https:\/\/edengardenequipment.com\/wp-content\/uploads\/2023\/06\/05.jpg","type":"image\/jpeg"}],"twitter_card":"summary_large_image","twitter_misc":{"Dur\u00e9e de lecture estim\u00e9e":"2 minutes"},"schema":{"@context":"https:\/\/schema.org","@graph":[{"@type":"WebPage","@id":"https:\/\/edengardenequipment.com\/about-us\/","url":"https:\/\/edengardenequipment.com\/about-us\/","name":"About us - Eden Garden Equipment","isPartOf":{"@id":"https:\/\/edengardenequipment.com\/#website"},"datePublished":"2023-06-22T16:48:50+00:00","dateModified":"2025-02-22T18:53:21+00:00","breadcrumb":{"@id":"https:\/\/edengardenequipment.com\/about-us\/#breadcrumb"},"inLanguage":"fr-FR","potentialAction":[{"@type":"ReadAction","target":["https:\/\/edengardenequipment.com\/about-us\/"]}]},{"@type":"BreadcrumbList","@id":"https:\/\/edengardenequipment.com\/about-us\/#breadcrumb","itemListElement":[{"@type":"ListItem","position":1,"name":"Home","item":"https:\/\/edengardenequipment.com\/"},{"@type":"ListItem","position":2,"name":"About us"}]},{"@type":"WebSite","@id":"https:\/\/edengardenequipment.com\/#website","url":"https:\/\/edengardenequipment.com\/","name":"Eden Garden Equipment","description":"Best Gardening Tools for Sale","publisher":{"@id":"https:\/\/edengardenequipment.com\/#organization"},"potentialAction":[{"@type":"SearchAction","target":{"@type":"EntryPoint","urlTemplate":"https:\/\/edengardenequipment.com\/?s={search_term_string}"},"query-input":{"@type":"PropertyValueSpecification","valueRequired":true,"valueName":"search_term_string"}}],"inLanguage":"fr-FR"},{"@type":"Organization","@id":"https:\/\/edengardenequipment.com\/#organization","name":"Eden Garden Equipment","url":"https:\/\/edengardenequipment.com\/","logo":{"@type":"ImageObject","inLanguage":"fr-FR","@id":"https:\/\/edengardenequipment.com\/#\/schema\/logo\/image\/","url":"https:\/\/edengardenequipment.com\/wp-content\/uploads\/2023\/06\/cropped-Asset-1@2xnew2.png","contentUrl":"https:\/\/edengardenequipment.com\/wp-content\/uploads\/2023\/06\/cropped-Asset-1@2xnew2.png","width":512,"height":512,"caption":"Eden Garden Equipment"},"image":{"@id":"https:\/\/edengardenequipment.com\/#\/schema\/logo\/image\/"}}]}},"_links":{"self":[{"href":"https:\/\/edengardenequipment.com\/fr\/wp-json\/wp\/v2\/pages\/8510","targetHints":{"allow":["GET"]}}],"collection":[{"href":"https:\/\/edengardenequipment.com\/fr\/wp-json\/wp\/v2\/pages"}],"about":[{"href":"https:\/\/edengardenequipment.com\/fr\/wp-json\/wp\/v2\/types\/page"}],"author":[{"embeddable":true,"href":"https:\/\/edengardenequipment.com\/fr\/wp-json\/wp\/v2\/users\/1"}],"replies":[{"embeddable":true,"href":"https:\/\/edengardenequipment.com\/fr\/wp-json\/wp\/v2\/comments?post=8510"}],"version-history":[{"count":3,"href":"https:\/\/edengardenequipment.com\/fr\/wp-json\/wp\/v2\/pages\/8510\/revisions"}],"predecessor-version":[{"id":8809,"href":"https:\/\/edengardenequipment.com\/fr\/wp-json\/wp\/v2\/pages\/8510\/revisions\/8809"}],"wp:attachment":[{"href":"https:\/\/edengardenequipment.com\/fr\/wp-json\/wp\/v2\/media?parent=8510"}],"curies":[{"name":"wp","href":"https:\/\/api.w.org\/{rel}","templated":true}]}}