{"id":8522,"date":"2023-06-22T17:56:56","date_gmt":"2023-06-22T16:56:56","guid":{"rendered":"https:\/\/edengardenequipment.com\/?page_id=8522"},"modified":"2023-06-22T18:40:30","modified_gmt":"2023-06-22T17:40:30","slug":"shipping-information","status":"publish","type":"page","link":"https:\/\/edengardenequipment.com\/fr\/shipping-information\/","title":{"rendered":"Informations sur la livraison"},"content":{"rendered":"<style>@media (min-width: 1200px) { .liquid-row-responsive-69f3b16c587ee {padding-top:25px !important; padding-bottom:25px !important;  }  }   <\/style><section class=\"vc_row wpb_row vc_row-fluid liquid-row-responsive-69f3b16c587ee liquid-row-shadowbox-69f3b16c5881d\"><div class=\"ld-container container\"><div class=\"row ld-row\"><div class=\"wpb_column vc_column_container vc_col-sm-12 liquid-column-69f3b16c58bf3\"><div class=\"vc_column-inner\"><div class=\"wpb_wrapper\"   ><div class=\"wpb_wrapper-inner\">\n\t<div class=\"wpb_text_column wpb_content_element\" >\n\t\t<div class=\"wpb_wrapper\">\n\t\t\t<p>Les frais d&#039;exp\u00e9dition et de livraison comprennent le traitement des commandes sur Internet, la s\u00e9lection des articles, l&#039;emballage, le transport et la manutention. Les d\u00e9lais de livraison ne sont pas garantis, mais constituent notre meilleure approximation et varieront en fonction des demandes sp\u00e9cifiques. Les exp\u00e9ditions et les livraisons n&#039;ont lieu qu&#039;en semaine. Les frais d&#039;exp\u00e9dition et de livraison sont susceptibles d&#039;\u00eatre modifi\u00e9s et seront d\u00e9termin\u00e9s au moment de la commande.<\/p>\n<p>Le d\u00e9lai de livraison estim\u00e9 suppose que les commandes sont pass\u00e9es avant 12h00 (GMT). Les commandes pass\u00e9es tard le vendredi ou le samedi ne seront trait\u00e9es que le lundi. Des frais suppl\u00e9mentaires peuvent s&#039;appliquer pour les envois prioritaires, de nuit et internationaux si plusieurs tentatives de livraison sont effectu\u00e9es.<\/p>\n<table class=\"data-table\" border=\"0\" width=\"100%\" cellspacing=\"0\" cellpadding=\"0\">\n<tbody>\n<tr>\n<th width=\"156\"><\/th>\n<th width=\"156\">STANDARD<\/th>\n<th width=\"156\">PRIORIT\u00c9<\/th>\n<th width=\"156\">DU JOUR AU LENDEMAIN<\/th>\n<th width=\"156\">INTERNATIONAL<\/th>\n<\/tr>\n<tr>\n<td><\/td>\n<td>Le colis arrive 7 \u00e0 9 jours ouvrables apr\u00e8s traitement s&#039;il est command\u00e9 avant 12h00 (GMT).<\/td>\n<td>Le colis arrive 2 \u00e0 3 jours ouvrables apr\u00e8s traitement s&#039;il est command\u00e9 avant 12h00 (GMT).<\/td>\n<td>NOUS N&#039;OFFRONS PAS ACTUELLEMENT D&#039;EXP\u00c9DITION DE NUIT.<\/td>\n<td>NOUS N&#039;OFFRONS PAS ACTUELLEMENT DE LIVRAISON INTERNATIONALE<\/td>\n<\/tr>\n<tr>\n<th colspan=\"5\">TOTAL DES MARCHANDISES *<\/th>\n<\/tr>\n<tr>\n<td>\u00a310-\u00a3100<\/td>\n<td>GRATUIT<\/td>\n<td>\u00a35<\/td>\n<td>N \/ A<\/td>\n<td>N \/ A<\/td>\n<\/tr>\n<tr>\n<td>\u00a3100-\u00a3200<\/td>\n<td>GRATUIT<\/td>\n<td>\u00a315<\/td>\n<td>N \/ A<\/td>\n<td>N \/ A<\/td>\n<\/tr>\n<tr>\n<td>\u00a3200-\u00a3500<\/td>\n<td>GRATUIT<\/td>\n<td>\u00a325<\/td>\n<td>N \/ A<\/td>\n<td>N \/ A<\/td>\n<\/tr>\n<tr>\n<td>Plus de 500 \u00a3<\/td>\n<td>GRATUIT<\/td>\n<td>\u00a350<\/td>\n<td>N \/ A<\/td>\n<td>N \/ A<\/td>\n<\/tr>\n<\/tbody>\n<\/table>\n\n\t\t<\/div>\n\t<\/div>\n<\/div><\/div><\/div><\/div><\/div><\/div><\/section>","protected":false},"excerpt":{"rendered":"Shipping and Delivery is the charge for Internet order processing, item selection, packaging, transport and...","protected":false},"author":1,"featured_media":0,"parent":0,"menu_order":0,"comment_status":"closed","ping_status":"closed","template":"","meta":{"footnotes":""},"class_list":["post-8522","page","type-page","status-publish","hentry"],"yoast_head":"<!-- This site is optimized with the Yoast SEO plugin v27.5 - https:\/\/yoast.com\/product\/yoast-seo-wordpress\/ -->\n<title>Shipping Information - Eden Garden Equipment<\/title>\n<meta name=\"robots\" content=\"index, follow, max-snippet:-1, max-image-preview:large, max-video-preview:-1\" \/>\n<link rel=\"canonical\" href=\"https:\/\/edengardenequipment.com\/fr\/shipping-information\/\" \/>\n<meta property=\"og:locale\" content=\"fr_FR\" \/>\n<meta property=\"og:type\" content=\"article\" \/>\n<meta property=\"og:title\" content=\"Shipping Information - Eden Garden Equipment\" \/>\n<meta property=\"og:url\" content=\"https:\/\/edengardenequipment.com\/fr\/shipping-information\/\" \/>\n<meta property=\"og:site_name\" content=\"Eden Garden Equipment\" \/>\n<meta property=\"article:modified_time\" content=\"2023-06-22T17:40:30+00:00\" \/>\n<meta property=\"og:image\" content=\"https:\/\/edengardenequipment.com\/wp-content\/uploads\/2023\/06\/05.jpg\" \/>\n\t<meta property=\"og:image:width\" content=\"2000\" \/>\n\t<meta property=\"og:image:height\" content=\"1117\" \/>\n\t<meta property=\"og:image:type\" content=\"image\/jpeg\" \/>\n<meta name=\"twitter:card\" content=\"summary_large_image\" \/>\n<meta name=\"twitter:label1\" content=\"Dur\u00e9e de lecture estim\u00e9e\" \/>\n\t<meta name=\"twitter:data1\" content=\"1 minute\" \/>\n<script type=\"application\/ld+json\" class=\"yoast-schema-graph\">{\"@context\":\"https:\\\/\\\/schema.org\",\"@graph\":[{\"@type\":\"WebPage\",\"@id\":\"https:\\\/\\\/edengardenequipment.com\\\/shipping-information\\\/\",\"url\":\"https:\\\/\\\/edengardenequipment.com\\\/shipping-information\\\/\",\"name\":\"Shipping Information - Eden Garden Equipment\",\"isPartOf\":{\"@id\":\"https:\\\/\\\/edengardenequipment.com\\\/#website\"},\"datePublished\":\"2023-06-22T16:56:56+00:00\",\"dateModified\":\"2023-06-22T17:40:30+00:00\",\"breadcrumb\":{\"@id\":\"https:\\\/\\\/edengardenequipment.com\\\/shipping-information\\\/#breadcrumb\"},\"inLanguage\":\"fr-FR\",\"potentialAction\":[{\"@type\":\"ReadAction\",\"target\":[\"https:\\\/\\\/edengardenequipment.com\\\/shipping-information\\\/\"]}]},{\"@type\":\"BreadcrumbList\",\"@id\":\"https:\\\/\\\/edengardenequipment.com\\\/shipping-information\\\/#breadcrumb\",\"itemListElement\":[{\"@type\":\"ListItem\",\"position\":1,\"name\":\"Home\",\"item\":\"https:\\\/\\\/edengardenequipment.com\\\/\"},{\"@type\":\"ListItem\",\"position\":2,\"name\":\"Shipping Information\"}]},{\"@type\":\"WebSite\",\"@id\":\"https:\\\/\\\/edengardenequipment.com\\\/#website\",\"url\":\"https:\\\/\\\/edengardenequipment.com\\\/\",\"name\":\"Eden Garden Equipment\",\"description\":\"Best Gardening Tools for Sale\",\"publisher\":{\"@id\":\"https:\\\/\\\/edengardenequipment.com\\\/#organization\"},\"potentialAction\":[{\"@type\":\"SearchAction\",\"target\":{\"@type\":\"EntryPoint\",\"urlTemplate\":\"https:\\\/\\\/edengardenequipment.com\\\/?s={search_term_string}\"},\"query-input\":{\"@type\":\"PropertyValueSpecification\",\"valueRequired\":true,\"valueName\":\"search_term_string\"}}],\"inLanguage\":\"fr-FR\"},{\"@type\":\"Organization\",\"@id\":\"https:\\\/\\\/edengardenequipment.com\\\/#organization\",\"name\":\"Eden Garden Equipment\",\"url\":\"https:\\\/\\\/edengardenequipment.com\\\/\",\"logo\":{\"@type\":\"ImageObject\",\"inLanguage\":\"fr-FR\",\"@id\":\"https:\\\/\\\/edengardenequipment.com\\\/#\\\/schema\\\/logo\\\/image\\\/\",\"url\":\"https:\\\/\\\/edengardenequipment.com\\\/wp-content\\\/uploads\\\/2023\\\/06\\\/cropped-Asset-1@2xnew2.png\",\"contentUrl\":\"https:\\\/\\\/edengardenequipment.com\\\/wp-content\\\/uploads\\\/2023\\\/06\\\/cropped-Asset-1@2xnew2.png\",\"width\":512,\"height\":512,\"caption\":\"Eden Garden Equipment\"},\"image\":{\"@id\":\"https:\\\/\\\/edengardenequipment.com\\\/#\\\/schema\\\/logo\\\/image\\\/\"}}]}<\/script>\n<!-- \/ Yoast SEO plugin. -->","yoast_head_json":{"title":"Shipping Information - Eden Garden Equipment","robots":{"index":"index","follow":"follow","max-snippet":"max-snippet:-1","max-image-preview":"max-image-preview:large","max-video-preview":"max-video-preview:-1"},"canonical":"https:\/\/edengardenequipment.com\/fr\/shipping-information\/","og_locale":"fr_FR","og_type":"article","og_title":"Shipping Information - Eden Garden Equipment","og_url":"https:\/\/edengardenequipment.com\/fr\/shipping-information\/","og_site_name":"Eden Garden Equipment","article_modified_time":"2023-06-22T17:40:30+00:00","og_image":[{"width":2000,"height":1117,"url":"https:\/\/edengardenequipment.com\/wp-content\/uploads\/2023\/06\/05.jpg","type":"image\/jpeg"}],"twitter_card":"summary_large_image","twitter_misc":{"Dur\u00e9e de lecture estim\u00e9e":"1 minute"},"schema":{"@context":"https:\/\/schema.org","@graph":[{"@type":"WebPage","@id":"https:\/\/edengardenequipment.com\/shipping-information\/","url":"https:\/\/edengardenequipment.com\/shipping-information\/","name":"Shipping Information - Eden Garden Equipment","isPartOf":{"@id":"https:\/\/edengardenequipment.com\/#website"},"datePublished":"2023-06-22T16:56:56+00:00","dateModified":"2023-06-22T17:40:30+00:00","breadcrumb":{"@id":"https:\/\/edengardenequipment.com\/shipping-information\/#breadcrumb"},"inLanguage":"fr-FR","potentialAction":[{"@type":"ReadAction","target":["https:\/\/edengardenequipment.com\/shipping-information\/"]}]},{"@type":"BreadcrumbList","@id":"https:\/\/edengardenequipment.com\/shipping-information\/#breadcrumb","itemListElement":[{"@type":"ListItem","position":1,"name":"Home","item":"https:\/\/edengardenequipment.com\/"},{"@type":"ListItem","position":2,"name":"Shipping Information"}]},{"@type":"WebSite","@id":"https:\/\/edengardenequipment.com\/#website","url":"https:\/\/edengardenequipment.com\/","name":"Eden Garden Equipment","description":"Best Gardening Tools for Sale","publisher":{"@id":"https:\/\/edengardenequipment.com\/#organization"},"potentialAction":[{"@type":"SearchAction","target":{"@type":"EntryPoint","urlTemplate":"https:\/\/edengardenequipment.com\/?s={search_term_string}"},"query-input":{"@type":"PropertyValueSpecification","valueRequired":true,"valueName":"search_term_string"}}],"inLanguage":"fr-FR"},{"@type":"Organization","@id":"https:\/\/edengardenequipment.com\/#organization","name":"Eden Garden Equipment","url":"https:\/\/edengardenequipment.com\/","logo":{"@type":"ImageObject","inLanguage":"fr-FR","@id":"https:\/\/edengardenequipment.com\/#\/schema\/logo\/image\/","url":"https:\/\/edengardenequipment.com\/wp-content\/uploads\/2023\/06\/cropped-Asset-1@2xnew2.png","contentUrl":"https:\/\/edengardenequipment.com\/wp-content\/uploads\/2023\/06\/cropped-Asset-1@2xnew2.png","width":512,"height":512,"caption":"Eden Garden Equipment"},"image":{"@id":"https:\/\/edengardenequipment.com\/#\/schema\/logo\/image\/"}}]}},"_links":{"self":[{"href":"https:\/\/edengardenequipment.com\/fr\/wp-json\/wp\/v2\/pages\/8522","targetHints":{"allow":["GET"]}}],"collection":[{"href":"https:\/\/edengardenequipment.com\/fr\/wp-json\/wp\/v2\/pages"}],"about":[{"href":"https:\/\/edengardenequipment.com\/fr\/wp-json\/wp\/v2\/types\/page"}],"author":[{"embeddable":true,"href":"https:\/\/edengardenequipment.com\/fr\/wp-json\/wp\/v2\/users\/1"}],"replies":[{"embeddable":true,"href":"https:\/\/edengardenequipment.com\/fr\/wp-json\/wp\/v2\/comments?post=8522"}],"version-history":[{"count":3,"href":"https:\/\/edengardenequipment.com\/fr\/wp-json\/wp\/v2\/pages\/8522\/revisions"}],"predecessor-version":[{"id":8534,"href":"https:\/\/edengardenequipment.com\/fr\/wp-json\/wp\/v2\/pages\/8522\/revisions\/8534"}],"wp:attachment":[{"href":"https:\/\/edengardenequipment.com\/fr\/wp-json\/wp\/v2\/media?parent=8522"}],"curies":[{"name":"wp","href":"https:\/\/api.w.org\/{rel}","templated":true}]}}