{"id":8525,"date":"2023-06-22T17:59:31","date_gmt":"2023-06-22T16:59:31","guid":{"rendered":"https:\/\/edengardenequipment.com\/?page_id=8525"},"modified":"2023-06-22T17:59:31","modified_gmt":"2023-06-22T16:59:31","slug":"retrun","status":"publish","type":"page","link":"https:\/\/edengardenequipment.com\/fr\/retrun\/","title":{"rendered":"Retour"},"content":{"rendered":"<section class=\"vc_row wpb_row vc_row-fluid liquid-row-shadowbox-69f19a40ae30e\"><div class=\"ld-container container\"><div class=\"row ld-row\"><div class=\"wpb_column vc_column_container vc_col-sm-12 liquid-column-69f19a40ae6d0\"><div class=\"vc_column-inner\"><div class=\"wpb_wrapper\"   ><div class=\"wpb_wrapper-inner\">\n\t<div class=\"wpb_text_column wpb_content_element\" >\n\t\t<div class=\"wpb_wrapper\">\n\t\t\t<p>Nous voulons que vous soyez enti\u00e8rement satisfait de votre commande. Si pour une raison quelconque vous n&#039;\u00eates pas satisfait, nous accepterons volontiers votre retour en temps opportun des PRODUITS NON UTILIS\u00c9S ou des PRODUITS d\u00e9fectueux. LES PRODUITS UTILIS\u00c9S NE PEUVENT PAS \u00caTRE REMBOURS\u00c9S. Les produits retourn\u00e9s doivent inclure l&#039;emballage et \u00eatre dans le m\u00eame \u00e9tat que lors de leur r\u00e9ception. Les produits doivent \u00eatre retourn\u00e9s dans les 14 jours suivant la date d&#039;achat \u00e0 l&#039;adresse ci-dessous :<br \/>\n<i>34 Moore Close, Wootton, Bedford, Bedfordshire MK43 9BG<\/i><br \/>\n<strong>Veuillez pr\u00e9voir 10 \u00e0 14 jours pour le traitement de votre retour.<\/strong><\/p>\n<p>&nbsp;<\/p>\n<h2>REMPLACEMENT ET GARANTIE<\/h2>\n<p>Une garantie de remplacement d&#039;un an \u00e0 compter de la date de vente s&#039;applique \u00e0 tous les d\u00e9fauts m\u00e9caniques des produits achet\u00e9s sur ce site.<\/p>\n<p>&nbsp;<\/p>\n<h2>RETOUR DES PRODUITS PAR COURRIER<\/h2>\n<p>34, rue Moore<br \/>\nWootton, Bedford, Bedfordshire<br \/>\nCode postal: MK43 9BG<\/p>\n\n\t\t<\/div>\n\t<\/div>\n<\/div><\/div><\/div><\/div><\/div><\/div><\/section>","protected":false},"excerpt":{"rendered":"We want you to be completely happy with your order. If for any reason you...","protected":false},"author":1,"featured_media":0,"parent":0,"menu_order":0,"comment_status":"closed","ping_status":"closed","template":"","meta":{"footnotes":""},"class_list":["post-8525","page","type-page","status-publish","hentry"],"yoast_head":"<!-- This site is optimized with the Yoast SEO plugin v27.5 - https:\/\/yoast.com\/product\/yoast-seo-wordpress\/ -->\n<title>Retrun - Eden Garden Equipment<\/title>\n<meta name=\"robots\" content=\"index, follow, max-snippet:-1, max-image-preview:large, max-video-preview:-1\" \/>\n<link rel=\"canonical\" href=\"https:\/\/edengardenequipment.com\/fr\/retrun\/\" \/>\n<meta property=\"og:locale\" content=\"fr_FR\" \/>\n<meta property=\"og:type\" content=\"article\" \/>\n<meta property=\"og:title\" content=\"Retrun - Eden Garden Equipment\" \/>\n<meta property=\"og:url\" content=\"https:\/\/edengardenequipment.com\/fr\/retrun\/\" \/>\n<meta property=\"og:site_name\" content=\"Eden Garden Equipment\" \/>\n<meta property=\"og:image\" content=\"https:\/\/edengardenequipment.com\/wp-content\/uploads\/2023\/06\/05.jpg\" \/>\n\t<meta property=\"og:image:width\" content=\"2000\" \/>\n\t<meta property=\"og:image:height\" content=\"1117\" \/>\n\t<meta property=\"og:image:type\" content=\"image\/jpeg\" \/>\n<meta name=\"twitter:card\" content=\"summary_large_image\" \/>\n<meta name=\"twitter:label1\" content=\"Dur\u00e9e de lecture estim\u00e9e\" \/>\n\t<meta name=\"twitter:data1\" content=\"1 minute\" \/>\n<script type=\"application\/ld+json\" class=\"yoast-schema-graph\">{\"@context\":\"https:\\\/\\\/schema.org\",\"@graph\":[{\"@type\":\"WebPage\",\"@id\":\"https:\\\/\\\/edengardenequipment.com\\\/retrun\\\/\",\"url\":\"https:\\\/\\\/edengardenequipment.com\\\/retrun\\\/\",\"name\":\"Retrun - Eden Garden Equipment\",\"isPartOf\":{\"@id\":\"https:\\\/\\\/edengardenequipment.com\\\/#website\"},\"datePublished\":\"2023-06-22T16:59:31+00:00\",\"breadcrumb\":{\"@id\":\"https:\\\/\\\/edengardenequipment.com\\\/retrun\\\/#breadcrumb\"},\"inLanguage\":\"fr-FR\",\"potentialAction\":[{\"@type\":\"ReadAction\",\"target\":[\"https:\\\/\\\/edengardenequipment.com\\\/retrun\\\/\"]}]},{\"@type\":\"BreadcrumbList\",\"@id\":\"https:\\\/\\\/edengardenequipment.com\\\/retrun\\\/#breadcrumb\",\"itemListElement\":[{\"@type\":\"ListItem\",\"position\":1,\"name\":\"Home\",\"item\":\"https:\\\/\\\/edengardenequipment.com\\\/\"},{\"@type\":\"ListItem\",\"position\":2,\"name\":\"Retrun\"}]},{\"@type\":\"WebSite\",\"@id\":\"https:\\\/\\\/edengardenequipment.com\\\/#website\",\"url\":\"https:\\\/\\\/edengardenequipment.com\\\/\",\"name\":\"Eden Garden Equipment\",\"description\":\"Best Gardening Tools for Sale\",\"publisher\":{\"@id\":\"https:\\\/\\\/edengardenequipment.com\\\/#organization\"},\"potentialAction\":[{\"@type\":\"SearchAction\",\"target\":{\"@type\":\"EntryPoint\",\"urlTemplate\":\"https:\\\/\\\/edengardenequipment.com\\\/?s={search_term_string}\"},\"query-input\":{\"@type\":\"PropertyValueSpecification\",\"valueRequired\":true,\"valueName\":\"search_term_string\"}}],\"inLanguage\":\"fr-FR\"},{\"@type\":\"Organization\",\"@id\":\"https:\\\/\\\/edengardenequipment.com\\\/#organization\",\"name\":\"Eden Garden Equipment\",\"url\":\"https:\\\/\\\/edengardenequipment.com\\\/\",\"logo\":{\"@type\":\"ImageObject\",\"inLanguage\":\"fr-FR\",\"@id\":\"https:\\\/\\\/edengardenequipment.com\\\/#\\\/schema\\\/logo\\\/image\\\/\",\"url\":\"https:\\\/\\\/edengardenequipment.com\\\/wp-content\\\/uploads\\\/2023\\\/06\\\/cropped-Asset-1@2xnew2.png\",\"contentUrl\":\"https:\\\/\\\/edengardenequipment.com\\\/wp-content\\\/uploads\\\/2023\\\/06\\\/cropped-Asset-1@2xnew2.png\",\"width\":512,\"height\":512,\"caption\":\"Eden Garden Equipment\"},\"image\":{\"@id\":\"https:\\\/\\\/edengardenequipment.com\\\/#\\\/schema\\\/logo\\\/image\\\/\"}}]}<\/script>\n<!-- \/ Yoast SEO plugin. -->","yoast_head_json":{"title":"Retrun - Eden Garden Equipment","robots":{"index":"index","follow":"follow","max-snippet":"max-snippet:-1","max-image-preview":"max-image-preview:large","max-video-preview":"max-video-preview:-1"},"canonical":"https:\/\/edengardenequipment.com\/fr\/retrun\/","og_locale":"fr_FR","og_type":"article","og_title":"Retrun - Eden Garden Equipment","og_url":"https:\/\/edengardenequipment.com\/fr\/retrun\/","og_site_name":"Eden Garden Equipment","og_image":[{"width":2000,"height":1117,"url":"https:\/\/edengardenequipment.com\/wp-content\/uploads\/2023\/06\/05.jpg","type":"image\/jpeg"}],"twitter_card":"summary_large_image","twitter_misc":{"Dur\u00e9e de lecture estim\u00e9e":"1 minute"},"schema":{"@context":"https:\/\/schema.org","@graph":[{"@type":"WebPage","@id":"https:\/\/edengardenequipment.com\/retrun\/","url":"https:\/\/edengardenequipment.com\/retrun\/","name":"Retrun - Eden Garden Equipment","isPartOf":{"@id":"https:\/\/edengardenequipment.com\/#website"},"datePublished":"2023-06-22T16:59:31+00:00","breadcrumb":{"@id":"https:\/\/edengardenequipment.com\/retrun\/#breadcrumb"},"inLanguage":"fr-FR","potentialAction":[{"@type":"ReadAction","target":["https:\/\/edengardenequipment.com\/retrun\/"]}]},{"@type":"BreadcrumbList","@id":"https:\/\/edengardenequipment.com\/retrun\/#breadcrumb","itemListElement":[{"@type":"ListItem","position":1,"name":"Home","item":"https:\/\/edengardenequipment.com\/"},{"@type":"ListItem","position":2,"name":"Retrun"}]},{"@type":"WebSite","@id":"https:\/\/edengardenequipment.com\/#website","url":"https:\/\/edengardenequipment.com\/","name":"Eden Garden Equipment","description":"Best Gardening Tools for Sale","publisher":{"@id":"https:\/\/edengardenequipment.com\/#organization"},"potentialAction":[{"@type":"SearchAction","target":{"@type":"EntryPoint","urlTemplate":"https:\/\/edengardenequipment.com\/?s={search_term_string}"},"query-input":{"@type":"PropertyValueSpecification","valueRequired":true,"valueName":"search_term_string"}}],"inLanguage":"fr-FR"},{"@type":"Organization","@id":"https:\/\/edengardenequipment.com\/#organization","name":"Eden Garden Equipment","url":"https:\/\/edengardenequipment.com\/","logo":{"@type":"ImageObject","inLanguage":"fr-FR","@id":"https:\/\/edengardenequipment.com\/#\/schema\/logo\/image\/","url":"https:\/\/edengardenequipment.com\/wp-content\/uploads\/2023\/06\/cropped-Asset-1@2xnew2.png","contentUrl":"https:\/\/edengardenequipment.com\/wp-content\/uploads\/2023\/06\/cropped-Asset-1@2xnew2.png","width":512,"height":512,"caption":"Eden Garden Equipment"},"image":{"@id":"https:\/\/edengardenequipment.com\/#\/schema\/logo\/image\/"}}]}},"_links":{"self":[{"href":"https:\/\/edengardenequipment.com\/fr\/wp-json\/wp\/v2\/pages\/8525","targetHints":{"allow":["GET"]}}],"collection":[{"href":"https:\/\/edengardenequipment.com\/fr\/wp-json\/wp\/v2\/pages"}],"about":[{"href":"https:\/\/edengardenequipment.com\/fr\/wp-json\/wp\/v2\/types\/page"}],"author":[{"embeddable":true,"href":"https:\/\/edengardenequipment.com\/fr\/wp-json\/wp\/v2\/users\/1"}],"replies":[{"embeddable":true,"href":"https:\/\/edengardenequipment.com\/fr\/wp-json\/wp\/v2\/comments?post=8525"}],"version-history":[{"count":1,"href":"https:\/\/edengardenequipment.com\/fr\/wp-json\/wp\/v2\/pages\/8525\/revisions"}],"predecessor-version":[{"id":8526,"href":"https:\/\/edengardenequipment.com\/fr\/wp-json\/wp\/v2\/pages\/8525\/revisions\/8526"}],"wp:attachment":[{"href":"https:\/\/edengardenequipment.com\/fr\/wp-json\/wp\/v2\/media?parent=8525"}],"curies":[{"name":"wp","href":"https:\/\/api.w.org\/{rel}","templated":true}]}}