{"id":986,"date":"2018-08-02T09:57:20","date_gmt":"2018-08-02T09:57:20","guid":{"rendered":"http:\/\/original.liquid-themes.com\/?page_id=986"},"modified":"2018-08-02T09:57:20","modified_gmt":"2018-08-02T09:57:20","slug":"utility-faq","status":"publish","type":"page","link":"https:\/\/edengardenequipment.com\/fr\/utility-faq\/","title":{"rendered":"Utilitaire \u2013 FAQ"},"content":{"rendered":"<section class=\"vc_row wpb_row vc_row-fluid vc_custom_1533203897322 row-contains-padding-top row-contains-padding-bottom liquid-row-shadowbox-69f1a5e805b83\"><div class=\"ld-container container\"><div class=\"row ld-row\"><div class=\"wpb_column vc_column_container vc_col-sm-12 vc_col-md-offset-2 vc_col-md-8 liquid-column-69f1a5e805ea1\"><div class=\"vc_column-inner\"><div class=\"wpb_wrapper\"   ><div class=\"wpb_wrapper-inner\"><style>.ld_fancy_heading_69f1a5e806039 h2{font-size:45px;letter-spacing:-0.01em;}@media (min-width: 992px) { .ld_fancy_heading_69f1a5e806039 h2 {margin-bottom:0.75em !important;  }  } .ld_fancy_heading_69f1a5e806039 .lqd-highlight-inner{height:0.275em;bottom:0px;}@media (min-width: 992px) { .ld_fancy_heading_69f1a5e806039 h2 {margin-bottom:0.75em !important;  }  } <\/style><div class=\"ld-fancy-heading ld_fancy_heading_69f1a5e806039\">\n\t<h2 class=\"lqd-highlight-underline lqd-highlight-grow-left\" data-fittext=\"true\" data-fittext-options='{\"compressor\":0.5,\"maxFontSize\":\"currentFontSize\",\"minFontSize\":\"32\"}'><span class=\"ld-fh-txt\"> Titre de la section<\/span><\/h2><\/div><style>.vc_accordion_69f1a5e806f42 .accordion-title{font-size:19px;line-height:1.5em;}.vc_accordion_69f1a5e806f42 .accordion-title a{color:rgb(50, 54, 67);}.vc_accordion_69f1a5e806f42 .active .accordion-title a{color:rgb(39, 171, 141);}.vc_accordion_69f1a5e806f42 .accordion-expander{color:rgb(159, 159, 159);}.vc_accordion_69f1a5e806f42 .active .accordion-expander{color:rgb(39, 171, 141);}<\/style><div class=\"accordion accordion-tall accordion-body-underlined accordion-expander-lg vc_accordion_69f1a5e806f42\" id=\"vc_accordion_69f1a5e806f42\" role=\"tablist\" aria-multiselectable=\"true\">\n\n\t<div class=\"accordion-item panel  active\">\n\n\t\t<div class=\"accordion-heading\" role=\"tab\" id=\"heading_1533203501815-363a0150-b64d\">\n\t\t\t<h4 class=\"accordion-title\">\n\t\t\t\t<a class=\"\" data-toggle=\"collapse\" data-parent=\"#vc_accordion_69f1a5e806f42\" href=\"#1533203501815-363a0150-b64d\" aria-expanded=\"true\" aria-controls=\"1533203501815-363a0150-b64d\">\n\t\t\t\t\t\n\t\t\t\t\t\n\t\t\t\t\tProbl\u00e8mes courants li\u00e9s \u00e0 PayPal et aux cartes de cr\u00e9dit\n\t\t\t\t\t\t\t\t\t\t<span class=\"accordion-expander\">\n\t\t\t\t\t\t<i class=\"icon-arrows_circle_plus\"><\/i>\n\t\t\t\t\t\t<i class=\"icon-arrows_circle_minus\"><\/i>\n\t\t\t\t\t<\/span>\n\t\t\t\t\t\n\t\t\t\t<\/a>\n\t\t\t\t\n\t\t\t<\/h4>\n\t\t<\/div>\n\n\t\t<div id=\"1533203501815-363a0150-b64d\" class=\"accordion-collapse collapse in\" role=\"tabpanel\" aria-labelledby=\"heading_1533203501815-363a0150-b64d\">\n\t\t\t<div class=\"accordion-content\">\n\t\t\t\n\t<div class=\"wpb_text_column wpb_content_element\" >\n\t\t<div class=\"wpb_wrapper\">\n\t\t\t<p><span style=\"font-size: 15px; line-height: 26px; color: #606470;\">Toutes les transactions effectu\u00e9es sur Envato Market seront en dollars am\u00e9ricains. Si votre compte Paypal ou votre source de financement est dans une devise, des frais de conversion peuvent \u00eatre appliqu\u00e9s.<\/span><\/p>\n\n\t\t<\/div>\n\t<\/div>\n\n\t\t\t<\/div>\n\t\t<\/div>\n\t<\/div>\n\t<div class=\"accordion-item panel\">\n\n\t\t<div class=\"accordion-heading\" role=\"tab\" id=\"heading_ld-1533203937631-e9ac264b-512a\">\n\t\t\t<h4 class=\"accordion-title\">\n\t\t\t\t<a class=\"collapsed\" data-toggle=\"collapse\" data-parent=\"#vc_accordion_69f1a5e806f42\" href=\"#ld-1533203937631-e9ac264b-512a\" aria-expanded=\"false\" aria-controls=\"ld-1533203937631-e9ac264b-512a\">\n\t\t\t\t\t\n\t\t\t\t\t\n\t\t\t\t\tProbl\u00e8mes courants li\u00e9s \u00e0 PayPal et aux cartes de cr\u00e9dit\n\t\t\t\t\t\t\t\t\t\t<span class=\"accordion-expander\">\n\t\t\t\t\t\t<i class=\"icon-arrows_circle_plus\"><\/i>\n\t\t\t\t\t\t<i class=\"icon-arrows_circle_minus\"><\/i>\n\t\t\t\t\t<\/span>\n\t\t\t\t\t\n\t\t\t\t<\/a>\n\t\t\t\t\n\t\t\t<\/h4>\n\t\t<\/div>\n\n\t\t<div id=\"ld-1533203937631-e9ac264b-512a\" class=\"accordion-collapse collapse\" role=\"tabpanel\" aria-labelledby=\"heading_ld-1533203937631-e9ac264b-512a\">\n\t\t\t<div class=\"accordion-content\">\n\t\t\t\n\t<div class=\"wpb_text_column wpb_content_element\" >\n\t\t<div class=\"wpb_wrapper\">\n\t\t\t<p><span style=\"font-size: 15px; line-height: 26px; color: #606470;\">Toutes les transactions effectu\u00e9es sur Envato Market seront en dollars am\u00e9ricains. Si votre compte Paypal ou votre source de financement est dans une devise, des frais de conversion peuvent \u00eatre appliqu\u00e9s.<\/span><\/p>\n\n\t\t<\/div>\n\t<\/div>\n\n\t\t\t<\/div>\n\t\t<\/div>\n\t<\/div>\n<\/div><style>.ld_spacer_69f1a5e807023{height:32px;}<\/style>\n<div class=\"ld-empty-space ld_spacer_69f1a5e807023\"><span class=\"liquid_empty_space_inner\"><\/span><\/div><style>.ld_fancy_heading_69f1a5e807129 h2{font-size:45px;letter-spacing:-0.01em;}@media (min-width: 992px) { .ld_fancy_heading_69f1a5e807129 h2 {margin-bottom:0.75em !important;  }  } .ld_fancy_heading_69f1a5e807129 .lqd-highlight-inner{height:0.275em;bottom:0px;}@media (min-width: 992px) { .ld_fancy_heading_69f1a5e807129 h2 {margin-bottom:0.75em !important;  }  } <\/style><div class=\"ld-fancy-heading ld_fancy_heading_69f1a5e807129\">\n\t<h2 class=\"lqd-highlight-underline lqd-highlight-grow-left\" data-fittext=\"true\" data-fittext-options='{\"compressor\":0.5,\"maxFontSize\":\"currentFontSize\",\"minFontSize\":\"32\"}'><span class=\"ld-fh-txt\"> Titre de la section<\/span><\/h2><\/div><style>.vc_accordion_69f1a5e807a71 .accordion-title{font-size:19px;line-height:1.5em;}.vc_accordion_69f1a5e807a71 .accordion-title a{color:rgb(50, 54, 67);}.vc_accordion_69f1a5e807a71 .active .accordion-title a{color:rgb(39, 171, 141);}.vc_accordion_69f1a5e807a71 .accordion-expander{color:rgb(159, 159, 159);}.vc_accordion_69f1a5e807a71 .active .accordion-expander{color:rgb(39, 171, 141);}<\/style><div class=\"accordion accordion-medium accordion-title-bordered accordion-title-round accordion-expander-lg vc_accordion_69f1a5e807a71\" id=\"vc_accordion_69f1a5e807a71\" role=\"tablist\" aria-multiselectable=\"true\">\n\n\t<div class=\"accordion-item panel  active\">\n\n\t\t<div class=\"accordion-heading\" role=\"tab\" id=\"heading_ld-1533204052084-94beb3cc-dfa5\">\n\t\t\t<h4 class=\"accordion-title\">\n\t\t\t\t<a class=\"\" data-toggle=\"collapse\" data-parent=\"#vc_accordion_69f1a5e807a71\" href=\"#ld-1533204052084-94beb3cc-dfa5\" aria-expanded=\"true\" aria-controls=\"ld-1533204052084-94beb3cc-dfa5\">\n\t\t\t\t\t\n\t\t\t\t\t\n\t\t\t\t\tProbl\u00e8mes courants li\u00e9s \u00e0 PayPal et aux cartes de cr\u00e9dit\n\t\t\t\t\t\t\t\t\t\t<span class=\"accordion-expander\">\n\t\t\t\t\t\t<i class=\"fa fa-angle-right\"><\/i>\n\t\t\t\t\t\t<i class=\"fa fa-angle-down\"><\/i>\n\t\t\t\t\t<\/span>\n\t\t\t\t\t\n\t\t\t\t<\/a>\n\t\t\t\t\n\t\t\t<\/h4>\n\t\t<\/div>\n\n\t\t<div id=\"ld-1533204052084-94beb3cc-dfa5\" class=\"accordion-collapse collapse in\" role=\"tabpanel\" aria-labelledby=\"heading_ld-1533204052084-94beb3cc-dfa5\">\n\t\t\t<div class=\"accordion-content\">\n\t\t\t\n\t<div class=\"wpb_text_column wpb_content_element\" >\n\t\t<div class=\"wpb_wrapper\">\n\t\t\t<p><span style=\"font-size: 15px; line-height: 26px; color: #606470;\">Toutes les transactions effectu\u00e9es sur Envato Market seront en dollars am\u00e9ricains. Si votre compte Paypal ou votre source de financement est dans une devise, des frais de conversion peuvent \u00eatre appliqu\u00e9s.<\/span><\/p>\n\n\t\t<\/div>\n\t<\/div>\n\n\t\t\t<\/div>\n\t\t<\/div>\n\t<\/div>\n\t<div class=\"accordion-item panel\">\n\n\t\t<div class=\"accordion-heading\" role=\"tab\" id=\"heading_ld-1533204365951-971b85e2-930c\">\n\t\t\t<h4 class=\"accordion-title\">\n\t\t\t\t<a class=\"collapsed\" data-toggle=\"collapse\" data-parent=\"#vc_accordion_69f1a5e807a71\" href=\"#ld-1533204365951-971b85e2-930c\" aria-expanded=\"false\" aria-controls=\"ld-1533204365951-971b85e2-930c\">\n\t\t\t\t\t\n\t\t\t\t\t\n\t\t\t\t\tProbl\u00e8mes courants li\u00e9s \u00e0 PayPal et aux cartes de cr\u00e9dit\n\t\t\t\t\t\t\t\t\t\t<span class=\"accordion-expander\">\n\t\t\t\t\t\t<i class=\"fa fa-angle-right\"><\/i>\n\t\t\t\t\t\t<i class=\"fa fa-angle-down\"><\/i>\n\t\t\t\t\t<\/span>\n\t\t\t\t\t\n\t\t\t\t<\/a>\n\t\t\t\t\n\t\t\t<\/h4>\n\t\t<\/div>\n\n\t\t<div id=\"ld-1533204365951-971b85e2-930c\" class=\"accordion-collapse collapse\" role=\"tabpanel\" aria-labelledby=\"heading_ld-1533204365951-971b85e2-930c\">\n\t\t\t<div class=\"accordion-content\">\n\t\t\t\n\t<div class=\"wpb_text_column wpb_content_element\" >\n\t\t<div class=\"wpb_wrapper\">\n\t\t\t<p><span style=\"font-size: 15px; line-height: 26px; color: #606470;\">Toutes les transactions effectu\u00e9es sur Envato Market seront en dollars am\u00e9ricains. Si votre compte Paypal ou votre source de financement est dans une devise, des frais de conversion peuvent \u00eatre appliqu\u00e9s.<\/span><\/p>\n\n\t\t<\/div>\n\t<\/div>\n\n\t\t\t<\/div>\n\t\t<\/div>\n\t<\/div>\n\t<div class=\"accordion-item panel\">\n\n\t\t<div class=\"accordion-heading\" role=\"tab\" id=\"heading_ld-1533204367562-de3fee03-1967\">\n\t\t\t<h4 class=\"accordion-title\">\n\t\t\t\t<a class=\"collapsed\" data-toggle=\"collapse\" data-parent=\"#vc_accordion_69f1a5e807a71\" href=\"#ld-1533204367562-de3fee03-1967\" aria-expanded=\"false\" aria-controls=\"ld-1533204367562-de3fee03-1967\">\n\t\t\t\t\t\n\t\t\t\t\t\n\t\t\t\t\tProbl\u00e8mes courants li\u00e9s \u00e0 PayPal et aux cartes de cr\u00e9dit\n\t\t\t\t\t\t\t\t\t\t<span class=\"accordion-expander\">\n\t\t\t\t\t\t<i class=\"fa fa-angle-right\"><\/i>\n\t\t\t\t\t\t<i class=\"fa fa-angle-down\"><\/i>\n\t\t\t\t\t<\/span>\n\t\t\t\t\t\n\t\t\t\t<\/a>\n\t\t\t\t\n\t\t\t<\/h4>\n\t\t<\/div>\n\n\t\t<div id=\"ld-1533204367562-de3fee03-1967\" class=\"accordion-collapse collapse\" role=\"tabpanel\" aria-labelledby=\"heading_ld-1533204367562-de3fee03-1967\">\n\t\t\t<div class=\"accordion-content\">\n\t\t\t\n\t<div class=\"wpb_text_column wpb_content_element\" >\n\t\t<div class=\"wpb_wrapper\">\n\t\t\t<p><span style=\"font-size: 15px; line-height: 26px; color: #606470;\">Toutes les transactions effectu\u00e9es sur Envato Market seront en dollars am\u00e9ricains. Si votre compte Paypal ou votre source de financement est dans une devise, des frais de conversion peuvent \u00eatre appliqu\u00e9s.<\/span><\/p>\n\n\t\t<\/div>\n\t<\/div>\n\n\t\t\t<\/div>\n\t\t<\/div>\n\t<\/div>\n<\/div><\/div><\/div><\/div><\/div><\/div><\/div><\/section>","protected":false},"excerpt":{"rendered":"Section Title Common PayPal and credit card issues All transactions that occur on Envato Market...","protected":false},"author":1,"featured_media":0,"parent":0,"menu_order":0,"comment_status":"closed","ping_status":"closed","template":"","meta":{"footnotes":""},"class_list":["post-986","page","type-page","status-publish","hentry"],"yoast_head":"<!-- This site is optimized with the Yoast SEO plugin v27.5 - https:\/\/yoast.com\/product\/yoast-seo-wordpress\/ -->\n<title>Utility - FAQ - Eden Garden Equipment<\/title>\n<meta name=\"robots\" content=\"index, follow, max-snippet:-1, max-image-preview:large, max-video-preview:-1\" \/>\n<link rel=\"canonical\" href=\"https:\/\/edengardenequipment.com\/fr\/utility-faq\/\" \/>\n<meta property=\"og:locale\" content=\"fr_FR\" \/>\n<meta property=\"og:type\" content=\"article\" \/>\n<meta property=\"og:title\" content=\"Utility - FAQ - Eden Garden Equipment\" \/>\n<meta property=\"og:url\" content=\"https:\/\/edengardenequipment.com\/fr\/utility-faq\/\" \/>\n<meta property=\"og:site_name\" content=\"Eden Garden Equipment\" \/>\n<meta property=\"og:image\" content=\"https:\/\/edengardenequipment.com\/wp-content\/uploads\/2023\/06\/05.jpg\" \/>\n\t<meta property=\"og:image:width\" content=\"2000\" \/>\n\t<meta property=\"og:image:height\" content=\"1117\" \/>\n\t<meta property=\"og:image:type\" content=\"image\/jpeg\" \/>\n<meta name=\"twitter:card\" content=\"summary_large_image\" \/>\n<meta name=\"twitter:label1\" content=\"Dur\u00e9e de lecture estim\u00e9e\" \/>\n\t<meta name=\"twitter:data1\" content=\"2 minutes\" \/>\n<script type=\"application\/ld+json\" class=\"yoast-schema-graph\">{\"@context\":\"https:\\\/\\\/schema.org\",\"@graph\":[{\"@type\":\"WebPage\",\"@id\":\"https:\\\/\\\/edengardenequipment.com\\\/utility-faq\\\/\",\"url\":\"https:\\\/\\\/edengardenequipment.com\\\/utility-faq\\\/\",\"name\":\"Utility - FAQ - Eden Garden Equipment\",\"isPartOf\":{\"@id\":\"https:\\\/\\\/edengardenequipment.com\\\/#website\"},\"datePublished\":\"2018-08-02T09:57:20+00:00\",\"breadcrumb\":{\"@id\":\"https:\\\/\\\/edengardenequipment.com\\\/utility-faq\\\/#breadcrumb\"},\"inLanguage\":\"fr-FR\",\"potentialAction\":[{\"@type\":\"ReadAction\",\"target\":[\"https:\\\/\\\/edengardenequipment.com\\\/utility-faq\\\/\"]}]},{\"@type\":\"BreadcrumbList\",\"@id\":\"https:\\\/\\\/edengardenequipment.com\\\/utility-faq\\\/#breadcrumb\",\"itemListElement\":[{\"@type\":\"ListItem\",\"position\":1,\"name\":\"Home\",\"item\":\"https:\\\/\\\/edengardenequipment.com\\\/\"},{\"@type\":\"ListItem\",\"position\":2,\"name\":\"Utility &#8211; FAQ\"}]},{\"@type\":\"WebSite\",\"@id\":\"https:\\\/\\\/edengardenequipment.com\\\/#website\",\"url\":\"https:\\\/\\\/edengardenequipment.com\\\/\",\"name\":\"Eden Garden Equipment\",\"description\":\"Best Gardening Tools for Sale\",\"publisher\":{\"@id\":\"https:\\\/\\\/edengardenequipment.com\\\/#organization\"},\"potentialAction\":[{\"@type\":\"SearchAction\",\"target\":{\"@type\":\"EntryPoint\",\"urlTemplate\":\"https:\\\/\\\/edengardenequipment.com\\\/?s={search_term_string}\"},\"query-input\":{\"@type\":\"PropertyValueSpecification\",\"valueRequired\":true,\"valueName\":\"search_term_string\"}}],\"inLanguage\":\"fr-FR\"},{\"@type\":\"Organization\",\"@id\":\"https:\\\/\\\/edengardenequipment.com\\\/#organization\",\"name\":\"Eden Garden Equipment\",\"url\":\"https:\\\/\\\/edengardenequipment.com\\\/\",\"logo\":{\"@type\":\"ImageObject\",\"inLanguage\":\"fr-FR\",\"@id\":\"https:\\\/\\\/edengardenequipment.com\\\/#\\\/schema\\\/logo\\\/image\\\/\",\"url\":\"https:\\\/\\\/edengardenequipment.com\\\/wp-content\\\/uploads\\\/2023\\\/06\\\/cropped-Asset-1@2xnew2.png\",\"contentUrl\":\"https:\\\/\\\/edengardenequipment.com\\\/wp-content\\\/uploads\\\/2023\\\/06\\\/cropped-Asset-1@2xnew2.png\",\"width\":512,\"height\":512,\"caption\":\"Eden Garden Equipment\"},\"image\":{\"@id\":\"https:\\\/\\\/edengardenequipment.com\\\/#\\\/schema\\\/logo\\\/image\\\/\"}}]}<\/script>\n<!-- \/ Yoast SEO plugin. -->","yoast_head_json":{"title":"Utility - FAQ - Eden Garden Equipment","robots":{"index":"index","follow":"follow","max-snippet":"max-snippet:-1","max-image-preview":"max-image-preview:large","max-video-preview":"max-video-preview:-1"},"canonical":"https:\/\/edengardenequipment.com\/fr\/utility-faq\/","og_locale":"fr_FR","og_type":"article","og_title":"Utility - FAQ - Eden Garden Equipment","og_url":"https:\/\/edengardenequipment.com\/fr\/utility-faq\/","og_site_name":"Eden Garden Equipment","og_image":[{"width":2000,"height":1117,"url":"https:\/\/edengardenequipment.com\/wp-content\/uploads\/2023\/06\/05.jpg","type":"image\/jpeg"}],"twitter_card":"summary_large_image","twitter_misc":{"Dur\u00e9e de lecture estim\u00e9e":"2 minutes"},"schema":{"@context":"https:\/\/schema.org","@graph":[{"@type":"WebPage","@id":"https:\/\/edengardenequipment.com\/utility-faq\/","url":"https:\/\/edengardenequipment.com\/utility-faq\/","name":"Utility - FAQ - Eden Garden Equipment","isPartOf":{"@id":"https:\/\/edengardenequipment.com\/#website"},"datePublished":"2018-08-02T09:57:20+00:00","breadcrumb":{"@id":"https:\/\/edengardenequipment.com\/utility-faq\/#breadcrumb"},"inLanguage":"fr-FR","potentialAction":[{"@type":"ReadAction","target":["https:\/\/edengardenequipment.com\/utility-faq\/"]}]},{"@type":"BreadcrumbList","@id":"https:\/\/edengardenequipment.com\/utility-faq\/#breadcrumb","itemListElement":[{"@type":"ListItem","position":1,"name":"Home","item":"https:\/\/edengardenequipment.com\/"},{"@type":"ListItem","position":2,"name":"Utility &#8211; FAQ"}]},{"@type":"WebSite","@id":"https:\/\/edengardenequipment.com\/#website","url":"https:\/\/edengardenequipment.com\/","name":"Eden Garden Equipment","description":"Best Gardening Tools for Sale","publisher":{"@id":"https:\/\/edengardenequipment.com\/#organization"},"potentialAction":[{"@type":"SearchAction","target":{"@type":"EntryPoint","urlTemplate":"https:\/\/edengardenequipment.com\/?s={search_term_string}"},"query-input":{"@type":"PropertyValueSpecification","valueRequired":true,"valueName":"search_term_string"}}],"inLanguage":"fr-FR"},{"@type":"Organization","@id":"https:\/\/edengardenequipment.com\/#organization","name":"Eden Garden Equipment","url":"https:\/\/edengardenequipment.com\/","logo":{"@type":"ImageObject","inLanguage":"fr-FR","@id":"https:\/\/edengardenequipment.com\/#\/schema\/logo\/image\/","url":"https:\/\/edengardenequipment.com\/wp-content\/uploads\/2023\/06\/cropped-Asset-1@2xnew2.png","contentUrl":"https:\/\/edengardenequipment.com\/wp-content\/uploads\/2023\/06\/cropped-Asset-1@2xnew2.png","width":512,"height":512,"caption":"Eden Garden Equipment"},"image":{"@id":"https:\/\/edengardenequipment.com\/#\/schema\/logo\/image\/"}}]}},"_links":{"self":[{"href":"https:\/\/edengardenequipment.com\/fr\/wp-json\/wp\/v2\/pages\/986","targetHints":{"allow":["GET"]}}],"collection":[{"href":"https:\/\/edengardenequipment.com\/fr\/wp-json\/wp\/v2\/pages"}],"about":[{"href":"https:\/\/edengardenequipment.com\/fr\/wp-json\/wp\/v2\/types\/page"}],"author":[{"embeddable":true,"href":"https:\/\/edengardenequipment.com\/fr\/wp-json\/wp\/v2\/users\/1"}],"replies":[{"embeddable":true,"href":"https:\/\/edengardenequipment.com\/fr\/wp-json\/wp\/v2\/comments?post=986"}],"version-history":[{"count":0,"href":"https:\/\/edengardenequipment.com\/fr\/wp-json\/wp\/v2\/pages\/986\/revisions"}],"wp:attachment":[{"href":"https:\/\/edengardenequipment.com\/fr\/wp-json\/wp\/v2\/media?parent=986"}],"curies":[{"name":"wp","href":"https:\/\/api.w.org\/{rel}","templated":true}]}}