{"id":8542,"date":"2023-10-01T18:58:06","date_gmt":"2023-10-01T17:58:06","guid":{"rendered":"https:\/\/edengardenequipment.com\/?post_type=product&#038;p=8542"},"modified":"2026-04-26T11:05:02","modified_gmt":"2026-04-26T10:05:02","slug":"ratchet-secateur","status":"publish","type":"product","link":"https:\/\/edengardenequipment.com\/fr\/produit\/ratchet-secateur\/","title":{"rendered":"S\u00e9cateur \u00e0 cr\u00e9maill\u00e8re"},"content":{"rendered":"<div class=\"product-shop-wrap product-shop-title\">\n<div class=\"product-name\">S\u00e9cateur \u00e0 cliquet La pr\u00e9cision dans la taille est ce qui permet \u00e0 votre jardin d&#039;\u00eatre bien entretenu, beau et fleuri. Cela demande du temps et peut \u00eatre une t\u00e2che laborieuse. Et c&#039;est exactement pourquoi vous avez besoin d&#039;une paire de s\u00e9cateurs de qualit\u00e9 dans votre bo\u00eete \u00e0 outils de jardinage.<\/div>\n<\/div>\n<div class=\"product-shop-wrap product-shop-desc\">\n<div class=\"short-description\">\n<div class=\"std\">\n<ul>\n<li>Dot\u00e9 d&#039;un puissant syst\u00e8me \u00e0 cliquet et d&#039;une poign\u00e9e en caoutchouc antid\u00e9rapante, il offre une prise en main confortable et est facile \u00e0 utiliser pour les travaux droitiers et gauchers.<\/li>\n<li>Sa conception ergonomique permet aux utilisateurs de travailler facilement et sans douleur, et d&#039;accomplir le travail rapidement.<\/li>\n<li>Son action de cliquet douce et sa lame en acier \u00e0 haute teneur en carbone recouverte de T\u00e9flon lui conf\u00e8rent une superbe puissance de coupe indispensable pour une coupe pr\u00e9cise et nette.<\/li>\n<li>Fabriqu\u00e9 en aluminium et dot\u00e9 d&#039;une lame \u00e0 effet antiadh\u00e9sif, il pr\u00e9sente une grande r\u00e9sistance \u00e0 l&#039;abrasion et \u00e0 la rouille, ce qui vous permet de l&#039;utiliser pendant des ann\u00e9es. La lame a une courbe parfaite qui offre une efficacit\u00e9 de coupe exceptionnelle jusqu&#039;\u00e0 25 mm de diam\u00e8tre.<\/li>\n<li>C&#039;est un s\u00e9cateur multit\u00e2che qui peut \u00eatre utilis\u00e9 pour une vari\u00e9t\u00e9 de t\u00e2ches dans le jardin, comme par exemple pour couper des arbres, tailler et fa\u00e7onner des arbustes, des plantes ligneuses et m\u00eame des haies. Cela augmentera vraiment votre passion pour le jardinage.<\/li>\n<li>Fabriqu\u00e9 en aluminium, il est tr\u00e8s l\u00e9ger, ce qui le rend parfait pour ceux qui doivent travailler de longues heures. Avec ce s\u00e9cateur, dites adieu \u00e0 la fatigue et aux mains et poignets fatigu\u00e9s.<\/li>\n<\/ul>\n<p>Offrant une bonne r\u00e9sistance aux taches et \u00e0 l&#039;abrasion, ce s\u00e9cateur \u00e0 cliquet est connu pour sa qualit\u00e9 sup\u00e9rieure et sa dur\u00e9e de vie. C&#039;est un investissement dont vous serez fier.<\/p>\n<table id=\"product-attribute-specs-table\" class=\"data-table\">\n<colgroup>\n<col width=\"25%\" \/>\n<col \/><\/colgroup>\n<tbody>\n<tr class=\"first odd\">\n<th class=\"label\">POIDS (GM)<\/th>\n<td class=\"data last\">240.0000<\/td>\n<\/tr>\n<tr class=\"even\">\n<th class=\"label\">LONGUEUR DU PRODUIT (CM)<\/th>\n<td class=\"data last\">20.5<\/td>\n<\/tr>\n<tr class=\"odd\">\n<th class=\"label\">LARGEUR DU PRODUIT (CM)<\/th>\n<td class=\"data last\">8.2<\/td>\n<\/tr>\n<tr class=\"last even\">\n<th class=\"label\">HAUTEUR DU PRODUIT (CM)<\/th>\n<td class=\"data last\">2.06<\/td>\n<\/tr>\n<\/tbody>\n<\/table>\n<\/div>\n<\/div>\n<\/div>","protected":false},"excerpt":{"rendered":"<p>APER\u00c7U RAPIDE<br \/>\nLa pr\u00e9cision dans la taille est ce qui permet \u00e0 votre jardin d&#039;\u00eatre bien entretenu, beau et fleuri. Cela demande du temps et peut \u00eatre une t\u00e2che laborieuse. Et c&#039;est exactement pourquoi vous avez besoin d&#039;une paire de s\u00e9cateurs de qualit\u00e9 dans votre bo\u00eete \u00e0 outils de jardinage.<\/p>\n<p>Tous les produits Eden Garden Equipment sont garantis 12 mois \u00e0 compter du jour d&#039;achat.<\/p>","protected":false},"featured_media":8545,"comment_status":"open","ping_status":"closed","template":"","meta":[],"product_brand":[],"product_cat":[249],"product_tag":[],"class_list":{"0":"post-8542","1":"product","2":"type-product","3":"status-publish","4":"has-post-thumbnail","6":"product_cat-garden-tools","8":"first","9":"instock","10":"sale","11":"taxable","12":"shipping-taxable","13":"purchasable","14":"product-type-simple"},"yoast_head":"<!-- This site is optimized with the Yoast SEO plugin v27.5 - https:\/\/yoast.com\/product\/yoast-seo-wordpress\/ -->\n<title>Ratchet Secateur - Eden Garden Equipment<\/title>\n<meta name=\"description\" content=\"Ratchet Secateur Precision in pruning is what keeps your garden well-maintained, beautiful and blooming. This requires time and can be a laborious task.\" \/>\n<meta name=\"robots\" content=\"index, follow, max-snippet:-1, max-image-preview:large, max-video-preview:-1\" \/>\n<link rel=\"canonical\" href=\"https:\/\/edengardenequipment.com\/fr\/produit\/ratchet-secateur\/\" \/>\n<meta property=\"og:locale\" content=\"fr_FR\" \/>\n<meta property=\"og:type\" content=\"article\" \/>\n<meta property=\"og:title\" content=\"Ratchet Secateur - Eden Garden Equipment\" \/>\n<meta property=\"og:description\" content=\"Ratchet Secateur Precision in pruning is what keeps your garden well-maintained, beautiful and blooming. This requires time and can be a laborious task.\" \/>\n<meta property=\"og:url\" content=\"https:\/\/edengardenequipment.com\/fr\/produit\/ratchet-secateur\/\" \/>\n<meta property=\"og:site_name\" content=\"Eden Garden Equipment\" \/>\n<meta property=\"article:modified_time\" content=\"2026-04-26T10:05:02+00:00\" \/>\n<meta property=\"og:image\" content=\"https:\/\/edengardenequipment.com\/wp-content\/uploads\/2023\/06\/w6b5997.jpg\" \/>\n\t<meta property=\"og:image:width\" content=\"1000\" \/>\n\t<meta property=\"og:image:height\" content=\"1000\" \/>\n\t<meta property=\"og:image:type\" content=\"image\/jpeg\" \/>\n<meta name=\"twitter:card\" content=\"summary_large_image\" \/>\n<meta name=\"twitter:label1\" content=\"Dur\u00e9e de lecture estim\u00e9e\" \/>\n\t<meta name=\"twitter:data1\" content=\"2 minutes\" \/>\n<script type=\"application\/ld+json\" class=\"yoast-schema-graph\">{\"@context\":\"https:\\\/\\\/schema.org\",\"@graph\":[{\"@type\":\"WebPage\",\"@id\":\"https:\\\/\\\/edengardenequipment.com\\\/product\\\/ratchet-secateur\\\/\",\"url\":\"https:\\\/\\\/edengardenequipment.com\\\/product\\\/ratchet-secateur\\\/\",\"name\":\"Ratchet Secateur - Eden Garden Equipment\",\"isPartOf\":{\"@id\":\"https:\\\/\\\/edengardenequipment.com\\\/#website\"},\"primaryImageOfPage\":{\"@id\":\"https:\\\/\\\/edengardenequipment.com\\\/product\\\/ratchet-secateur\\\/#primaryimage\"},\"image\":{\"@id\":\"https:\\\/\\\/edengardenequipment.com\\\/product\\\/ratchet-secateur\\\/#primaryimage\"},\"thumbnailUrl\":\"https:\\\/\\\/edengardenequipment.com\\\/wp-content\\\/uploads\\\/2023\\\/06\\\/w6b5997.jpg\",\"datePublished\":\"2023-10-01T17:58:06+00:00\",\"dateModified\":\"2026-04-26T10:05:02+00:00\",\"description\":\"Ratchet Secateur Precision in pruning is what keeps your garden well-maintained, beautiful and blooming. This requires time and can be a laborious task.\",\"breadcrumb\":{\"@id\":\"https:\\\/\\\/edengardenequipment.com\\\/product\\\/ratchet-secateur\\\/#breadcrumb\"},\"inLanguage\":\"fr-FR\",\"potentialAction\":[{\"@type\":\"ReadAction\",\"target\":[\"https:\\\/\\\/edengardenequipment.com\\\/product\\\/ratchet-secateur\\\/\"]}]},{\"@type\":\"ImageObject\",\"inLanguage\":\"fr-FR\",\"@id\":\"https:\\\/\\\/edengardenequipment.com\\\/product\\\/ratchet-secateur\\\/#primaryimage\",\"url\":\"https:\\\/\\\/edengardenequipment.com\\\/wp-content\\\/uploads\\\/2023\\\/06\\\/w6b5997.jpg\",\"contentUrl\":\"https:\\\/\\\/edengardenequipment.com\\\/wp-content\\\/uploads\\\/2023\\\/06\\\/w6b5997.jpg\",\"width\":1000,\"height\":1000},{\"@type\":\"BreadcrumbList\",\"@id\":\"https:\\\/\\\/edengardenequipment.com\\\/product\\\/ratchet-secateur\\\/#breadcrumb\",\"itemListElement\":[{\"@type\":\"ListItem\",\"position\":1,\"name\":\"Home\",\"item\":\"https:\\\/\\\/edengardenequipment.com\\\/\"},{\"@type\":\"ListItem\",\"position\":2,\"name\":\"Shop\",\"item\":\"https:\\\/\\\/edengardenequipment.com\\\/shop\\\/\"},{\"@type\":\"ListItem\",\"position\":3,\"name\":\"Ratchet Secateur\"}]},{\"@type\":\"WebSite\",\"@id\":\"https:\\\/\\\/edengardenequipment.com\\\/#website\",\"url\":\"https:\\\/\\\/edengardenequipment.com\\\/\",\"name\":\"Eden Garden Equipment\",\"description\":\"Best Gardening Tools for Sale\",\"publisher\":{\"@id\":\"https:\\\/\\\/edengardenequipment.com\\\/#organization\"},\"potentialAction\":[{\"@type\":\"SearchAction\",\"target\":{\"@type\":\"EntryPoint\",\"urlTemplate\":\"https:\\\/\\\/edengardenequipment.com\\\/?s={search_term_string}\"},\"query-input\":{\"@type\":\"PropertyValueSpecification\",\"valueRequired\":true,\"valueName\":\"search_term_string\"}}],\"inLanguage\":\"fr-FR\"},{\"@type\":\"Organization\",\"@id\":\"https:\\\/\\\/edengardenequipment.com\\\/#organization\",\"name\":\"Eden Garden Equipment\",\"url\":\"https:\\\/\\\/edengardenequipment.com\\\/\",\"logo\":{\"@type\":\"ImageObject\",\"inLanguage\":\"fr-FR\",\"@id\":\"https:\\\/\\\/edengardenequipment.com\\\/#\\\/schema\\\/logo\\\/image\\\/\",\"url\":\"https:\\\/\\\/edengardenequipment.com\\\/wp-content\\\/uploads\\\/2023\\\/06\\\/cropped-Asset-1@2xnew2.png\",\"contentUrl\":\"https:\\\/\\\/edengardenequipment.com\\\/wp-content\\\/uploads\\\/2023\\\/06\\\/cropped-Asset-1@2xnew2.png\",\"width\":512,\"height\":512,\"caption\":\"Eden Garden Equipment\"},\"image\":{\"@id\":\"https:\\\/\\\/edengardenequipment.com\\\/#\\\/schema\\\/logo\\\/image\\\/\"}}]}<\/script>\n<!-- \/ Yoast SEO plugin. -->","yoast_head_json":{"title":"Ratchet Secateur - Eden Garden Equipment","description":"Ratchet Secateur Precision in pruning is what keeps your garden well-maintained, beautiful and blooming. This requires time and can be a laborious task.","robots":{"index":"index","follow":"follow","max-snippet":"max-snippet:-1","max-image-preview":"max-image-preview:large","max-video-preview":"max-video-preview:-1"},"canonical":"https:\/\/edengardenequipment.com\/fr\/produit\/ratchet-secateur\/","og_locale":"fr_FR","og_type":"article","og_title":"Ratchet Secateur - Eden Garden Equipment","og_description":"Ratchet Secateur Precision in pruning is what keeps your garden well-maintained, beautiful and blooming. This requires time and can be a laborious task.","og_url":"https:\/\/edengardenequipment.com\/fr\/produit\/ratchet-secateur\/","og_site_name":"Eden Garden Equipment","article_modified_time":"2026-04-26T10:05:02+00:00","og_image":[{"width":1000,"height":1000,"url":"https:\/\/edengardenequipment.com\/wp-content\/uploads\/2023\/06\/w6b5997.jpg","type":"image\/jpeg"}],"twitter_card":"summary_large_image","twitter_misc":{"Dur\u00e9e de lecture estim\u00e9e":"2 minutes"},"schema":{"@context":"https:\/\/schema.org","@graph":[{"@type":"WebPage","@id":"https:\/\/edengardenequipment.com\/product\/ratchet-secateur\/","url":"https:\/\/edengardenequipment.com\/product\/ratchet-secateur\/","name":"Ratchet Secateur - Eden Garden Equipment","isPartOf":{"@id":"https:\/\/edengardenequipment.com\/#website"},"primaryImageOfPage":{"@id":"https:\/\/edengardenequipment.com\/product\/ratchet-secateur\/#primaryimage"},"image":{"@id":"https:\/\/edengardenequipment.com\/product\/ratchet-secateur\/#primaryimage"},"thumbnailUrl":"https:\/\/edengardenequipment.com\/wp-content\/uploads\/2023\/06\/w6b5997.jpg","datePublished":"2023-10-01T17:58:06+00:00","dateModified":"2026-04-26T10:05:02+00:00","description":"Ratchet Secateur Precision in pruning is what keeps your garden well-maintained, beautiful and blooming. This requires time and can be a laborious task.","breadcrumb":{"@id":"https:\/\/edengardenequipment.com\/product\/ratchet-secateur\/#breadcrumb"},"inLanguage":"fr-FR","potentialAction":[{"@type":"ReadAction","target":["https:\/\/edengardenequipment.com\/product\/ratchet-secateur\/"]}]},{"@type":"ImageObject","inLanguage":"fr-FR","@id":"https:\/\/edengardenequipment.com\/product\/ratchet-secateur\/#primaryimage","url":"https:\/\/edengardenequipment.com\/wp-content\/uploads\/2023\/06\/w6b5997.jpg","contentUrl":"https:\/\/edengardenequipment.com\/wp-content\/uploads\/2023\/06\/w6b5997.jpg","width":1000,"height":1000},{"@type":"BreadcrumbList","@id":"https:\/\/edengardenequipment.com\/product\/ratchet-secateur\/#breadcrumb","itemListElement":[{"@type":"ListItem","position":1,"name":"Home","item":"https:\/\/edengardenequipment.com\/"},{"@type":"ListItem","position":2,"name":"Shop","item":"https:\/\/edengardenequipment.com\/shop\/"},{"@type":"ListItem","position":3,"name":"Ratchet Secateur"}]},{"@type":"WebSite","@id":"https:\/\/edengardenequipment.com\/#website","url":"https:\/\/edengardenequipment.com\/","name":"Eden Garden Equipment","description":"Best Gardening Tools for Sale","publisher":{"@id":"https:\/\/edengardenequipment.com\/#organization"},"potentialAction":[{"@type":"SearchAction","target":{"@type":"EntryPoint","urlTemplate":"https:\/\/edengardenequipment.com\/?s={search_term_string}"},"query-input":{"@type":"PropertyValueSpecification","valueRequired":true,"valueName":"search_term_string"}}],"inLanguage":"fr-FR"},{"@type":"Organization","@id":"https:\/\/edengardenequipment.com\/#organization","name":"Eden Garden Equipment","url":"https:\/\/edengardenequipment.com\/","logo":{"@type":"ImageObject","inLanguage":"fr-FR","@id":"https:\/\/edengardenequipment.com\/#\/schema\/logo\/image\/","url":"https:\/\/edengardenequipment.com\/wp-content\/uploads\/2023\/06\/cropped-Asset-1@2xnew2.png","contentUrl":"https:\/\/edengardenequipment.com\/wp-content\/uploads\/2023\/06\/cropped-Asset-1@2xnew2.png","width":512,"height":512,"caption":"Eden Garden Equipment"},"image":{"@id":"https:\/\/edengardenequipment.com\/#\/schema\/logo\/image\/"}}]}},"_links":{"self":[{"href":"https:\/\/edengardenequipment.com\/fr\/wp-json\/wp\/v2\/product\/8542","targetHints":{"allow":["GET"]}}],"collection":[{"href":"https:\/\/edengardenequipment.com\/fr\/wp-json\/wp\/v2\/product"}],"about":[{"href":"https:\/\/edengardenequipment.com\/fr\/wp-json\/wp\/v2\/types\/product"}],"replies":[{"embeddable":true,"href":"https:\/\/edengardenequipment.com\/fr\/wp-json\/wp\/v2\/comments?post=8542"}],"wp:featuredmedia":[{"embeddable":true,"href":"https:\/\/edengardenequipment.com\/fr\/wp-json\/wp\/v2\/media\/8545"}],"wp:attachment":[{"href":"https:\/\/edengardenequipment.com\/fr\/wp-json\/wp\/v2\/media?parent=8542"}],"wp:term":[{"taxonomy":"product_brand","embeddable":true,"href":"https:\/\/edengardenequipment.com\/fr\/wp-json\/wp\/v2\/product_brand?post=8542"},{"taxonomy":"product_cat","embeddable":true,"href":"https:\/\/edengardenequipment.com\/fr\/wp-json\/wp\/v2\/product_cat?post=8542"},{"taxonomy":"product_tag","embeddable":true,"href":"https:\/\/edengardenequipment.com\/fr\/wp-json\/wp\/v2\/product_tag?post=8542"}],"curies":[{"name":"wp","href":"https:\/\/api.w.org\/{rel}","templated":true}]}}