{"id":8555,"date":"2023-09-26T19:07:11","date_gmt":"2023-09-26T18:07:11","guid":{"rendered":"https:\/\/edengardenequipment.com\/?post_type=product&#038;p=8555"},"modified":"2025-07-10T07:23:33","modified_gmt":"2025-07-10T06:23:33","slug":"extendable-hedge-shears","status":"publish","type":"product","link":"https:\/\/edengardenequipment.com\/fr\/produit\/extendable-hedge-shears\/","title":{"rendered":"Taille-Haie extensible"},"content":{"rendered":"<p>Gardez vos hautes haies et vos buissons abondants en parfait \u00e9tat gr\u00e2ce \u00e0 notre pratique paire de cisailles \u00e0 haies extensibles. Ce ne sont pas des cisailles \u00e0 haies ordinaires. C&#039;est un outil id\u00e9al con\u00e7u pour la performance. Certaines des meilleures caract\u00e9ristiques de cet outil qui en font le meilleur choix pour les jardiniers sont les suivantes :<br \/>\nSyst\u00e8me d&#039;extension int\u00e9gr\u00e9<\/p>\n<p>Son syst\u00e8me d&#039;extension ing\u00e9nieux vous permet de tailler et de tailler vos haies sans effort. Sa conception extensible vous permet de tailler facilement des haies basses comme hautes avec une flexibilit\u00e9 totale et sans douleur.<\/p>\n<p><strong>Conception ergonomique<\/strong><br \/>\nIl s&#039;agit d&#039;un produit ultra l\u00e9ger au design ergonomique, ce qui le rend facile \u00e0 transporter dans le jardin et incroyablement confortable \u00e0 utiliser. Il est dot\u00e9 de poign\u00e9es en caoutchouc antid\u00e9rapantes, d&#039;un syst\u00e8me d&#039;enclume r\u00e9glable et de pare-chocs amortisseurs, qui rendent le travail de jardinage simple, rapide et facile.<\/p>\n<p><strong>Manche t\u00e9lescopique<\/strong><br \/>\nLe manche t\u00e9lescopique de ces cisailles vous donne la puissance d&#039;effectuer une vari\u00e9t\u00e9 de t\u00e2ches de taille de jardinage avec perfection et succ\u00e8s.<\/p>\n<p><strong>Lames tranchantes ondul\u00e9es<\/strong><br \/>\nPour une pr\u00e9cision de coupe in\u00e9gal\u00e9e, cet outil est dot\u00e9 de lames tranchantes ondul\u00e9es de 22 cm de longueur. Elles sont fabriqu\u00e9es en acier \u00e0 haute teneur en carbone rev\u00eatu de T\u00e9flon. Le rev\u00eatement antiadh\u00e9sif vous permet de pi\u00e9ger rapidement les brindilles et de les couper avec pr\u00e9cision selon vos besoins.<\/p>\n<p>Utilisez le cisaillement \u00e0 haies extensible d\u00e8s aujourd&#039;hui et r\u00e9alisez en un minimum de temps des t\u00e2ches de jardinage qui peuvent autrement \u00eatre fastidieuses.<\/p>\n<table id=\"product-attribute-specs-table\" class=\"data-table\">\n<tbody>\n<tr class=\"first odd\">\n<th class=\"label\">POIDS (GM)<\/th>\n<td class=\"data last\">1570.0000<\/td>\n<\/tr>\n<tr class=\"even\">\n<th class=\"label\">LONGUEUR DU PRODUIT (CM)<\/th>\n<td class=\"data last\">Non<\/td>\n<\/tr>\n<tr class=\"odd\">\n<th class=\"label\">LARGEUR DU PRODUIT (CM)<\/th>\n<td class=\"data last\">Non<\/td>\n<\/tr>\n<tr class=\"last even\">\n<th class=\"label\">HAUTEUR DU PRODUIT (CM)<\/th>\n<td class=\"data last\">Non<\/td>\n<\/tr>\n<\/tbody>\n<\/table>\n<p>&nbsp;<\/p>\n<div class=\"row\">\n<div class=\"col-main col-sm-24\">\n<div class=\"col-wrapper-main\">\n<div class=\"product-view\">\n<div class=\"product-collateral\">\n<div class=\"product-detail-tab\">\n<div class=\"nav-tab-content tab-content\">\n<div id=\"box-custom_tab_1\" class=\"box-collateral box-custom_tab_1 tab-pane fade active in\">Tous les produits Eden Garden Equipment sont garantis 12 mois \u00e0 compter du jour d&#039;achat.<\/div>\n<\/div>\n<\/div>\n<\/div>\n<\/div>\n<\/div>\n<\/div>\n<\/div>\n<div class=\"row\"><\/div>","protected":false},"excerpt":{"rendered":"<h2>APER\u00c7U RAPIDE<\/h2>\n<div class=\"std\">Gardez vos hautes haies et vos buissons abondants en parfait \u00e9tat gr\u00e2ce \u00e0 notre pratique paire de cisailles \u00e0 haies extensibles. Ce ne sont pas des cisailles \u00e0 haies ordinaires. C&#039;est un outil id\u00e9al con\u00e7u pour la performance. Certaines des meilleures caract\u00e9ristiques de cet outil qui en font le meilleur choix pour les jardiniers sont les suivantes :<\/div>\n<p>Tous les produits Eden Garden Equipment sont garantis 12 mois \u00e0 compter du jour d&#039;achat.<\/p>","protected":false},"featured_media":8559,"comment_status":"open","ping_status":"closed","template":"","meta":[],"product_brand":[],"product_cat":[249],"product_tag":[],"class_list":{"0":"post-8555","1":"product","2":"type-product","3":"status-publish","4":"has-post-thumbnail","6":"product_cat-garden-tools","8":"first","9":"instock","10":"sale","11":"taxable","12":"shipping-taxable","13":"purchasable","14":"product-type-simple"},"yoast_head":"<!-- This site is optimized with the Yoast SEO plugin v27.5 - https:\/\/yoast.com\/product\/yoast-seo-wordpress\/ -->\n<title>Extendable Hedge Shears - Eden Garden Equipment<\/title>\n<meta name=\"description\" content=\"Keep tall hedges and bountiful bushes in perfect shape with our handy pair of extendable hedge shears. These are no ordinary hedge shears. It is an ideal\" \/>\n<meta name=\"robots\" content=\"index, follow, max-snippet:-1, max-image-preview:large, max-video-preview:-1\" \/>\n<link rel=\"canonical\" href=\"https:\/\/edengardenequipment.com\/fr\/produit\/extendable-hedge-shears\/\" \/>\n<meta property=\"og:locale\" content=\"fr_FR\" \/>\n<meta property=\"og:type\" content=\"article\" \/>\n<meta property=\"og:title\" content=\"Extendable Hedge Shears - Eden Garden Equipment\" \/>\n<meta property=\"og:description\" content=\"Keep tall hedges and bountiful bushes in perfect shape with our handy pair of extendable hedge shears. These are no ordinary hedge shears. It is an ideal\" \/>\n<meta property=\"og:url\" content=\"https:\/\/edengardenequipment.com\/fr\/produit\/extendable-hedge-shears\/\" \/>\n<meta property=\"og:site_name\" content=\"Eden Garden Equipment\" \/>\n<meta property=\"article:modified_time\" content=\"2025-07-10T06:23:33+00:00\" \/>\n<meta property=\"og:image\" content=\"https:\/\/edengardenequipment.com\/wp-content\/uploads\/2023\/06\/w6b5984.jpg\" \/>\n\t<meta property=\"og:image:width\" content=\"1000\" \/>\n\t<meta property=\"og:image:height\" content=\"1000\" \/>\n\t<meta property=\"og:image:type\" content=\"image\/jpeg\" \/>\n<meta name=\"twitter:card\" content=\"summary_large_image\" \/>\n<meta name=\"twitter:label1\" content=\"Dur\u00e9e de lecture estim\u00e9e\" \/>\n\t<meta name=\"twitter:data1\" content=\"2 minutes\" \/>\n<script type=\"application\/ld+json\" class=\"yoast-schema-graph\">{\"@context\":\"https:\\\/\\\/schema.org\",\"@graph\":[{\"@type\":\"WebPage\",\"@id\":\"https:\\\/\\\/edengardenequipment.com\\\/product\\\/extendable-hedge-shears\\\/\",\"url\":\"https:\\\/\\\/edengardenequipment.com\\\/product\\\/extendable-hedge-shears\\\/\",\"name\":\"Extendable Hedge Shears - Eden Garden Equipment\",\"isPartOf\":{\"@id\":\"https:\\\/\\\/edengardenequipment.com\\\/#website\"},\"primaryImageOfPage\":{\"@id\":\"https:\\\/\\\/edengardenequipment.com\\\/product\\\/extendable-hedge-shears\\\/#primaryimage\"},\"image\":{\"@id\":\"https:\\\/\\\/edengardenequipment.com\\\/product\\\/extendable-hedge-shears\\\/#primaryimage\"},\"thumbnailUrl\":\"https:\\\/\\\/edengardenequipment.com\\\/wp-content\\\/uploads\\\/2023\\\/06\\\/w6b5984.jpg\",\"datePublished\":\"2023-09-26T18:07:11+00:00\",\"dateModified\":\"2025-07-10T06:23:33+00:00\",\"description\":\"Keep tall hedges and bountiful bushes in perfect shape with our handy pair of extendable hedge shears. These are no ordinary hedge shears. It is an ideal\",\"breadcrumb\":{\"@id\":\"https:\\\/\\\/edengardenequipment.com\\\/product\\\/extendable-hedge-shears\\\/#breadcrumb\"},\"inLanguage\":\"fr-FR\",\"potentialAction\":[{\"@type\":\"ReadAction\",\"target\":[\"https:\\\/\\\/edengardenequipment.com\\\/product\\\/extendable-hedge-shears\\\/\"]}]},{\"@type\":\"ImageObject\",\"inLanguage\":\"fr-FR\",\"@id\":\"https:\\\/\\\/edengardenequipment.com\\\/product\\\/extendable-hedge-shears\\\/#primaryimage\",\"url\":\"https:\\\/\\\/edengardenequipment.com\\\/wp-content\\\/uploads\\\/2023\\\/06\\\/w6b5984.jpg\",\"contentUrl\":\"https:\\\/\\\/edengardenequipment.com\\\/wp-content\\\/uploads\\\/2023\\\/06\\\/w6b5984.jpg\",\"width\":1000,\"height\":1000,\"caption\":\"Extendable Hedge Shears\"},{\"@type\":\"BreadcrumbList\",\"@id\":\"https:\\\/\\\/edengardenequipment.com\\\/product\\\/extendable-hedge-shears\\\/#breadcrumb\",\"itemListElement\":[{\"@type\":\"ListItem\",\"position\":1,\"name\":\"Home\",\"item\":\"https:\\\/\\\/edengardenequipment.com\\\/\"},{\"@type\":\"ListItem\",\"position\":2,\"name\":\"Shop\",\"item\":\"https:\\\/\\\/edengardenequipment.com\\\/shop\\\/\"},{\"@type\":\"ListItem\",\"position\":3,\"name\":\"Extendable Hedge Shears\"}]},{\"@type\":\"WebSite\",\"@id\":\"https:\\\/\\\/edengardenequipment.com\\\/#website\",\"url\":\"https:\\\/\\\/edengardenequipment.com\\\/\",\"name\":\"Eden Garden Equipment\",\"description\":\"Best Gardening Tools for Sale\",\"publisher\":{\"@id\":\"https:\\\/\\\/edengardenequipment.com\\\/#organization\"},\"potentialAction\":[{\"@type\":\"SearchAction\",\"target\":{\"@type\":\"EntryPoint\",\"urlTemplate\":\"https:\\\/\\\/edengardenequipment.com\\\/?s={search_term_string}\"},\"query-input\":{\"@type\":\"PropertyValueSpecification\",\"valueRequired\":true,\"valueName\":\"search_term_string\"}}],\"inLanguage\":\"fr-FR\"},{\"@type\":\"Organization\",\"@id\":\"https:\\\/\\\/edengardenequipment.com\\\/#organization\",\"name\":\"Eden Garden Equipment\",\"url\":\"https:\\\/\\\/edengardenequipment.com\\\/\",\"logo\":{\"@type\":\"ImageObject\",\"inLanguage\":\"fr-FR\",\"@id\":\"https:\\\/\\\/edengardenequipment.com\\\/#\\\/schema\\\/logo\\\/image\\\/\",\"url\":\"https:\\\/\\\/edengardenequipment.com\\\/wp-content\\\/uploads\\\/2023\\\/06\\\/cropped-Asset-1@2xnew2.png\",\"contentUrl\":\"https:\\\/\\\/edengardenequipment.com\\\/wp-content\\\/uploads\\\/2023\\\/06\\\/cropped-Asset-1@2xnew2.png\",\"width\":512,\"height\":512,\"caption\":\"Eden Garden Equipment\"},\"image\":{\"@id\":\"https:\\\/\\\/edengardenequipment.com\\\/#\\\/schema\\\/logo\\\/image\\\/\"}}]}<\/script>\n<!-- \/ Yoast SEO plugin. -->","yoast_head_json":{"title":"Extendable Hedge Shears - Eden Garden Equipment","description":"Keep tall hedges and bountiful bushes in perfect shape with our handy pair of extendable hedge shears. These are no ordinary hedge shears. It is an ideal","robots":{"index":"index","follow":"follow","max-snippet":"max-snippet:-1","max-image-preview":"max-image-preview:large","max-video-preview":"max-video-preview:-1"},"canonical":"https:\/\/edengardenequipment.com\/fr\/produit\/extendable-hedge-shears\/","og_locale":"fr_FR","og_type":"article","og_title":"Extendable Hedge Shears - Eden Garden Equipment","og_description":"Keep tall hedges and bountiful bushes in perfect shape with our handy pair of extendable hedge shears. These are no ordinary hedge shears. It is an ideal","og_url":"https:\/\/edengardenequipment.com\/fr\/produit\/extendable-hedge-shears\/","og_site_name":"Eden Garden Equipment","article_modified_time":"2025-07-10T06:23:33+00:00","og_image":[{"width":1000,"height":1000,"url":"https:\/\/edengardenequipment.com\/wp-content\/uploads\/2023\/06\/w6b5984.jpg","type":"image\/jpeg"}],"twitter_card":"summary_large_image","twitter_misc":{"Dur\u00e9e de lecture estim\u00e9e":"2 minutes"},"schema":{"@context":"https:\/\/schema.org","@graph":[{"@type":"WebPage","@id":"https:\/\/edengardenequipment.com\/product\/extendable-hedge-shears\/","url":"https:\/\/edengardenequipment.com\/product\/extendable-hedge-shears\/","name":"Extendable Hedge Shears - Eden Garden Equipment","isPartOf":{"@id":"https:\/\/edengardenequipment.com\/#website"},"primaryImageOfPage":{"@id":"https:\/\/edengardenequipment.com\/product\/extendable-hedge-shears\/#primaryimage"},"image":{"@id":"https:\/\/edengardenequipment.com\/product\/extendable-hedge-shears\/#primaryimage"},"thumbnailUrl":"https:\/\/edengardenequipment.com\/wp-content\/uploads\/2023\/06\/w6b5984.jpg","datePublished":"2023-09-26T18:07:11+00:00","dateModified":"2025-07-10T06:23:33+00:00","description":"Keep tall hedges and bountiful bushes in perfect shape with our handy pair of extendable hedge shears. These are no ordinary hedge shears. It is an ideal","breadcrumb":{"@id":"https:\/\/edengardenequipment.com\/product\/extendable-hedge-shears\/#breadcrumb"},"inLanguage":"fr-FR","potentialAction":[{"@type":"ReadAction","target":["https:\/\/edengardenequipment.com\/product\/extendable-hedge-shears\/"]}]},{"@type":"ImageObject","inLanguage":"fr-FR","@id":"https:\/\/edengardenequipment.com\/product\/extendable-hedge-shears\/#primaryimage","url":"https:\/\/edengardenequipment.com\/wp-content\/uploads\/2023\/06\/w6b5984.jpg","contentUrl":"https:\/\/edengardenequipment.com\/wp-content\/uploads\/2023\/06\/w6b5984.jpg","width":1000,"height":1000,"caption":"Extendable Hedge Shears"},{"@type":"BreadcrumbList","@id":"https:\/\/edengardenequipment.com\/product\/extendable-hedge-shears\/#breadcrumb","itemListElement":[{"@type":"ListItem","position":1,"name":"Home","item":"https:\/\/edengardenequipment.com\/"},{"@type":"ListItem","position":2,"name":"Shop","item":"https:\/\/edengardenequipment.com\/shop\/"},{"@type":"ListItem","position":3,"name":"Extendable Hedge Shears"}]},{"@type":"WebSite","@id":"https:\/\/edengardenequipment.com\/#website","url":"https:\/\/edengardenequipment.com\/","name":"Eden Garden Equipment","description":"Best Gardening Tools for Sale","publisher":{"@id":"https:\/\/edengardenequipment.com\/#organization"},"potentialAction":[{"@type":"SearchAction","target":{"@type":"EntryPoint","urlTemplate":"https:\/\/edengardenequipment.com\/?s={search_term_string}"},"query-input":{"@type":"PropertyValueSpecification","valueRequired":true,"valueName":"search_term_string"}}],"inLanguage":"fr-FR"},{"@type":"Organization","@id":"https:\/\/edengardenequipment.com\/#organization","name":"Eden Garden Equipment","url":"https:\/\/edengardenequipment.com\/","logo":{"@type":"ImageObject","inLanguage":"fr-FR","@id":"https:\/\/edengardenequipment.com\/#\/schema\/logo\/image\/","url":"https:\/\/edengardenequipment.com\/wp-content\/uploads\/2023\/06\/cropped-Asset-1@2xnew2.png","contentUrl":"https:\/\/edengardenequipment.com\/wp-content\/uploads\/2023\/06\/cropped-Asset-1@2xnew2.png","width":512,"height":512,"caption":"Eden Garden Equipment"},"image":{"@id":"https:\/\/edengardenequipment.com\/#\/schema\/logo\/image\/"}}]}},"_links":{"self":[{"href":"https:\/\/edengardenequipment.com\/fr\/wp-json\/wp\/v2\/product\/8555","targetHints":{"allow":["GET"]}}],"collection":[{"href":"https:\/\/edengardenequipment.com\/fr\/wp-json\/wp\/v2\/product"}],"about":[{"href":"https:\/\/edengardenequipment.com\/fr\/wp-json\/wp\/v2\/types\/product"}],"replies":[{"embeddable":true,"href":"https:\/\/edengardenequipment.com\/fr\/wp-json\/wp\/v2\/comments?post=8555"}],"wp:featuredmedia":[{"embeddable":true,"href":"https:\/\/edengardenequipment.com\/fr\/wp-json\/wp\/v2\/media\/8559"}],"wp:attachment":[{"href":"https:\/\/edengardenequipment.com\/fr\/wp-json\/wp\/v2\/media?parent=8555"}],"wp:term":[{"taxonomy":"product_brand","embeddable":true,"href":"https:\/\/edengardenequipment.com\/fr\/wp-json\/wp\/v2\/product_brand?post=8555"},{"taxonomy":"product_cat","embeddable":true,"href":"https:\/\/edengardenequipment.com\/fr\/wp-json\/wp\/v2\/product_cat?post=8555"},{"taxonomy":"product_tag","embeddable":true,"href":"https:\/\/edengardenequipment.com\/fr\/wp-json\/wp\/v2\/product_tag?post=8555"}],"curies":[{"name":"wp","href":"https:\/\/api.w.org\/{rel}","templated":true}]}}