{"id":8563,"date":"2023-09-30T02:52:06","date_gmt":"2023-09-30T01:52:06","guid":{"rendered":"https:\/\/edengardenequipment.com\/?post_type=product&#038;p=8563"},"modified":"2025-05-05T17:57:26","modified_gmt":"2025-05-05T16:57:26","slug":"med-size-lopper","status":"publish","type":"product","link":"https:\/\/edengardenequipment.com\/fr\/produit\/med-size-lopper\/","title":{"rendered":"Cisaille de taille moyenne"},"content":{"rendered":"<p>Pour optimiser vos performances au jardin, tout en effectuant des t\u00e2ches avec un maximum de confort, ce s\u00e9cateur de taille moyenne est le meilleur choix.<\/p>\n<ul>\n<li>Les manches de ce s\u00e9cateur de taille moyenne sont fabriqu\u00e9s en composite de fibre de verre, ce qui le rend plus r\u00e9sistant que l&#039;acier et extr\u00eamement l\u00e9ger. Le composite de fibre de verre offre des performances optimales et poss\u00e8de des caract\u00e9ristiques d&#039;absorption des chocs.<\/li>\n<li>Dot\u00e9 d&#039;un m\u00e9canisme \u00e0 cliquet brevet\u00e9 et d&#039;une conception ergonomique, vous pouvez le tenir confortablement et couper et tailler les branches d&#039;arbres sans force ni force suppl\u00e9mentaire.<\/li>\n<li>Il est dot\u00e9 d&#039;une lame de haute qualit\u00e9 avec effet antiadh\u00e9sif qui facilite la d\u00e9coupe, le nettoyage et m\u00eame l&#039;aff\u00fbtage en cas de besoin. De plus, la lame est \u00e9galement rempla\u00e7able.<\/li>\n<li>M\u00eame dans les conditions m\u00e9t\u00e9orologiques les plus d\u00e9favorables, vous pouvez utiliser cet outil avec un confort sans pr\u00e9c\u00e9dent, principalement en raison de sa faible conductivit\u00e9 \u00e0 froid et de sa surface antid\u00e9rapante.<\/li>\n<li>Sa taille et son poids en font le meilleur choix pour acc\u00e9der entre les branches et r\u00e9aliser le travail de coupe \u00e0 la perfection.<\/li>\n<li>D\u00e9tails du s\u00e9cateur de taille moyenne :<br \/>\n<table id=\"product-attribute-specs-table\" class=\"data-table\">\n<colgroup>\n<col width=\"25%\" \/>\n<col \/><\/colgroup>\n<tbody>\n<tr class=\"first odd\">\n<th class=\"label\">POIDS (GM)<\/th>\n<td class=\"data last\">510.0000<\/td>\n<\/tr>\n<tr class=\"even\">\n<th class=\"label\">LONGUEUR DU PRODUIT (CM)<\/th>\n<td class=\"data last\">41.7<\/td>\n<\/tr>\n<tr class=\"odd\">\n<th class=\"label\">LARGEUR DU PRODUIT (CM)<\/th>\n<td class=\"data last\">17.2<\/td>\n<\/tr>\n<tr class=\"last even\">\n<th class=\"label\">HAUTEUR DU PRODUIT (CM)<\/th>\n<td class=\"data last\">3.5<\/td>\n<\/tr>\n<\/tbody>\n<\/table>\n<div class=\"row\">\n<div class=\"col-main col-sm-24\">\n<div class=\"col-wrapper-main\">\n<div class=\"product-view\">\n<div class=\"product-collateral\">\n<div class=\"product-detail-tab\">\n<div class=\"nav-tab-content tab-content\">\n<div><\/div>\n<div id=\"box-custom_tab_1\" class=\"box-collateral box-custom_tab_1 tab-pane fade active in\">Tous les produits Eden Garden Equipment sont garantis 12 mois \u00e0 compter du jour d&#039;achat.<\/div>\n<\/div>\n<\/div>\n<\/div>\n<\/div>\n<\/div>\n<\/div>\n<\/div>\n<div class=\"row\"><\/div>\n<\/li>\n<\/ul>","protected":false},"excerpt":{"rendered":"<h2>APER\u00c7U RAPIDE<\/h2>\n<div class=\"std\">\n<p>Pour optimiser vos performances au jardin, tout en effectuant des t\u00e2ches avec un maximum de confort, ce s\u00e9cateur de taille moyenne est le meilleur choix<\/p>\n<\/div>","protected":false},"featured_media":8564,"comment_status":"open","ping_status":"closed","template":"","meta":[],"product_brand":[],"product_cat":[249],"product_tag":[],"class_list":{"0":"post-8563","1":"product","2":"type-product","3":"status-publish","4":"has-post-thumbnail","6":"product_cat-garden-tools","8":"first","9":"instock","10":"sale","11":"taxable","12":"shipping-taxable","13":"purchasable","14":"product-type-simple"},"yoast_head":"<!-- This site is optimized with the Yoast SEO plugin v27.5 - https:\/\/yoast.com\/product\/yoast-seo-wordpress\/ -->\n<title>Med Size Lopper - Eden Garden Equipment<\/title>\n<meta name=\"description\" content=\"To optimize your performance in the garden, while performing tasks with maximum comfort, this Med Size Lopper is the best choice.\" \/>\n<meta name=\"robots\" content=\"index, follow, max-snippet:-1, max-image-preview:large, max-video-preview:-1\" \/>\n<link rel=\"canonical\" href=\"https:\/\/edengardenequipment.com\/fr\/produit\/med-size-lopper\/\" \/>\n<meta property=\"og:locale\" content=\"fr_FR\" \/>\n<meta property=\"og:type\" content=\"article\" \/>\n<meta property=\"og:title\" content=\"Med Size Lopper - Eden Garden Equipment\" \/>\n<meta property=\"og:description\" content=\"To optimize your performance in the garden, while performing tasks with maximum comfort, this Med Size Lopper is the best choice.\" \/>\n<meta property=\"og:url\" content=\"https:\/\/edengardenequipment.com\/fr\/produit\/med-size-lopper\/\" \/>\n<meta property=\"og:site_name\" content=\"Eden Garden Equipment\" \/>\n<meta property=\"article:modified_time\" content=\"2025-05-05T16:57:26+00:00\" \/>\n<meta property=\"og:image\" content=\"https:\/\/edengardenequipment.com\/wp-content\/uploads\/2023\/06\/w6b5990.jpg\" \/>\n\t<meta property=\"og:image:width\" content=\"1000\" \/>\n\t<meta property=\"og:image:height\" content=\"1000\" \/>\n\t<meta property=\"og:image:type\" content=\"image\/jpeg\" \/>\n<meta name=\"twitter:card\" content=\"summary_large_image\" \/>\n<meta name=\"twitter:label1\" content=\"Dur\u00e9e de lecture estim\u00e9e\" \/>\n\t<meta name=\"twitter:data1\" content=\"1 minute\" \/>\n<script type=\"application\/ld+json\" class=\"yoast-schema-graph\">{\"@context\":\"https:\\\/\\\/schema.org\",\"@graph\":[{\"@type\":\"WebPage\",\"@id\":\"https:\\\/\\\/edengardenequipment.com\\\/product\\\/med-size-lopper\\\/\",\"url\":\"https:\\\/\\\/edengardenequipment.com\\\/product\\\/med-size-lopper\\\/\",\"name\":\"Med Size Lopper - Eden Garden Equipment\",\"isPartOf\":{\"@id\":\"https:\\\/\\\/edengardenequipment.com\\\/#website\"},\"primaryImageOfPage\":{\"@id\":\"https:\\\/\\\/edengardenequipment.com\\\/product\\\/med-size-lopper\\\/#primaryimage\"},\"image\":{\"@id\":\"https:\\\/\\\/edengardenequipment.com\\\/product\\\/med-size-lopper\\\/#primaryimage\"},\"thumbnailUrl\":\"https:\\\/\\\/edengardenequipment.com\\\/wp-content\\\/uploads\\\/2023\\\/06\\\/w6b5990.jpg\",\"datePublished\":\"2023-09-30T01:52:06+00:00\",\"dateModified\":\"2025-05-05T16:57:26+00:00\",\"description\":\"To optimize your performance in the garden, while performing tasks with maximum comfort, this Med Size Lopper is the best choice.\",\"breadcrumb\":{\"@id\":\"https:\\\/\\\/edengardenequipment.com\\\/product\\\/med-size-lopper\\\/#breadcrumb\"},\"inLanguage\":\"fr-FR\",\"potentialAction\":[{\"@type\":\"ReadAction\",\"target\":[\"https:\\\/\\\/edengardenequipment.com\\\/product\\\/med-size-lopper\\\/\"]}]},{\"@type\":\"ImageObject\",\"inLanguage\":\"fr-FR\",\"@id\":\"https:\\\/\\\/edengardenequipment.com\\\/product\\\/med-size-lopper\\\/#primaryimage\",\"url\":\"https:\\\/\\\/edengardenequipment.com\\\/wp-content\\\/uploads\\\/2023\\\/06\\\/w6b5990.jpg\",\"contentUrl\":\"https:\\\/\\\/edengardenequipment.com\\\/wp-content\\\/uploads\\\/2023\\\/06\\\/w6b5990.jpg\",\"width\":1000,\"height\":1000,\"caption\":\"Med Size Lopper\"},{\"@type\":\"BreadcrumbList\",\"@id\":\"https:\\\/\\\/edengardenequipment.com\\\/product\\\/med-size-lopper\\\/#breadcrumb\",\"itemListElement\":[{\"@type\":\"ListItem\",\"position\":1,\"name\":\"Home\",\"item\":\"https:\\\/\\\/edengardenequipment.com\\\/\"},{\"@type\":\"ListItem\",\"position\":2,\"name\":\"Shop\",\"item\":\"https:\\\/\\\/edengardenequipment.com\\\/shop\\\/\"},{\"@type\":\"ListItem\",\"position\":3,\"name\":\"Med Size Lopper\"}]},{\"@type\":\"WebSite\",\"@id\":\"https:\\\/\\\/edengardenequipment.com\\\/#website\",\"url\":\"https:\\\/\\\/edengardenequipment.com\\\/\",\"name\":\"Eden Garden Equipment\",\"description\":\"Best Gardening Tools for Sale\",\"publisher\":{\"@id\":\"https:\\\/\\\/edengardenequipment.com\\\/#organization\"},\"potentialAction\":[{\"@type\":\"SearchAction\",\"target\":{\"@type\":\"EntryPoint\",\"urlTemplate\":\"https:\\\/\\\/edengardenequipment.com\\\/?s={search_term_string}\"},\"query-input\":{\"@type\":\"PropertyValueSpecification\",\"valueRequired\":true,\"valueName\":\"search_term_string\"}}],\"inLanguage\":\"fr-FR\"},{\"@type\":\"Organization\",\"@id\":\"https:\\\/\\\/edengardenequipment.com\\\/#organization\",\"name\":\"Eden Garden Equipment\",\"url\":\"https:\\\/\\\/edengardenequipment.com\\\/\",\"logo\":{\"@type\":\"ImageObject\",\"inLanguage\":\"fr-FR\",\"@id\":\"https:\\\/\\\/edengardenequipment.com\\\/#\\\/schema\\\/logo\\\/image\\\/\",\"url\":\"https:\\\/\\\/edengardenequipment.com\\\/wp-content\\\/uploads\\\/2023\\\/06\\\/cropped-Asset-1@2xnew2.png\",\"contentUrl\":\"https:\\\/\\\/edengardenequipment.com\\\/wp-content\\\/uploads\\\/2023\\\/06\\\/cropped-Asset-1@2xnew2.png\",\"width\":512,\"height\":512,\"caption\":\"Eden Garden Equipment\"},\"image\":{\"@id\":\"https:\\\/\\\/edengardenequipment.com\\\/#\\\/schema\\\/logo\\\/image\\\/\"}}]}<\/script>\n<!-- \/ Yoast SEO plugin. -->","yoast_head_json":{"title":"Med Size Lopper - Eden Garden Equipment","description":"To optimize your performance in the garden, while performing tasks with maximum comfort, this Med Size Lopper is the best choice.","robots":{"index":"index","follow":"follow","max-snippet":"max-snippet:-1","max-image-preview":"max-image-preview:large","max-video-preview":"max-video-preview:-1"},"canonical":"https:\/\/edengardenequipment.com\/fr\/produit\/med-size-lopper\/","og_locale":"fr_FR","og_type":"article","og_title":"Med Size Lopper - Eden Garden Equipment","og_description":"To optimize your performance in the garden, while performing tasks with maximum comfort, this Med Size Lopper is the best choice.","og_url":"https:\/\/edengardenequipment.com\/fr\/produit\/med-size-lopper\/","og_site_name":"Eden Garden Equipment","article_modified_time":"2025-05-05T16:57:26+00:00","og_image":[{"width":1000,"height":1000,"url":"https:\/\/edengardenequipment.com\/wp-content\/uploads\/2023\/06\/w6b5990.jpg","type":"image\/jpeg"}],"twitter_card":"summary_large_image","twitter_misc":{"Dur\u00e9e de lecture estim\u00e9e":"1 minute"},"schema":{"@context":"https:\/\/schema.org","@graph":[{"@type":"WebPage","@id":"https:\/\/edengardenequipment.com\/product\/med-size-lopper\/","url":"https:\/\/edengardenequipment.com\/product\/med-size-lopper\/","name":"Med Size Lopper - Eden Garden Equipment","isPartOf":{"@id":"https:\/\/edengardenequipment.com\/#website"},"primaryImageOfPage":{"@id":"https:\/\/edengardenequipment.com\/product\/med-size-lopper\/#primaryimage"},"image":{"@id":"https:\/\/edengardenequipment.com\/product\/med-size-lopper\/#primaryimage"},"thumbnailUrl":"https:\/\/edengardenequipment.com\/wp-content\/uploads\/2023\/06\/w6b5990.jpg","datePublished":"2023-09-30T01:52:06+00:00","dateModified":"2025-05-05T16:57:26+00:00","description":"To optimize your performance in the garden, while performing tasks with maximum comfort, this Med Size Lopper is the best choice.","breadcrumb":{"@id":"https:\/\/edengardenequipment.com\/product\/med-size-lopper\/#breadcrumb"},"inLanguage":"fr-FR","potentialAction":[{"@type":"ReadAction","target":["https:\/\/edengardenequipment.com\/product\/med-size-lopper\/"]}]},{"@type":"ImageObject","inLanguage":"fr-FR","@id":"https:\/\/edengardenequipment.com\/product\/med-size-lopper\/#primaryimage","url":"https:\/\/edengardenequipment.com\/wp-content\/uploads\/2023\/06\/w6b5990.jpg","contentUrl":"https:\/\/edengardenequipment.com\/wp-content\/uploads\/2023\/06\/w6b5990.jpg","width":1000,"height":1000,"caption":"Med Size Lopper"},{"@type":"BreadcrumbList","@id":"https:\/\/edengardenequipment.com\/product\/med-size-lopper\/#breadcrumb","itemListElement":[{"@type":"ListItem","position":1,"name":"Home","item":"https:\/\/edengardenequipment.com\/"},{"@type":"ListItem","position":2,"name":"Shop","item":"https:\/\/edengardenequipment.com\/shop\/"},{"@type":"ListItem","position":3,"name":"Med Size Lopper"}]},{"@type":"WebSite","@id":"https:\/\/edengardenequipment.com\/#website","url":"https:\/\/edengardenequipment.com\/","name":"Eden Garden Equipment","description":"Best Gardening Tools for Sale","publisher":{"@id":"https:\/\/edengardenequipment.com\/#organization"},"potentialAction":[{"@type":"SearchAction","target":{"@type":"EntryPoint","urlTemplate":"https:\/\/edengardenequipment.com\/?s={search_term_string}"},"query-input":{"@type":"PropertyValueSpecification","valueRequired":true,"valueName":"search_term_string"}}],"inLanguage":"fr-FR"},{"@type":"Organization","@id":"https:\/\/edengardenequipment.com\/#organization","name":"Eden Garden Equipment","url":"https:\/\/edengardenequipment.com\/","logo":{"@type":"ImageObject","inLanguage":"fr-FR","@id":"https:\/\/edengardenequipment.com\/#\/schema\/logo\/image\/","url":"https:\/\/edengardenequipment.com\/wp-content\/uploads\/2023\/06\/cropped-Asset-1@2xnew2.png","contentUrl":"https:\/\/edengardenequipment.com\/wp-content\/uploads\/2023\/06\/cropped-Asset-1@2xnew2.png","width":512,"height":512,"caption":"Eden Garden Equipment"},"image":{"@id":"https:\/\/edengardenequipment.com\/#\/schema\/logo\/image\/"}}]}},"_links":{"self":[{"href":"https:\/\/edengardenequipment.com\/fr\/wp-json\/wp\/v2\/product\/8563","targetHints":{"allow":["GET"]}}],"collection":[{"href":"https:\/\/edengardenequipment.com\/fr\/wp-json\/wp\/v2\/product"}],"about":[{"href":"https:\/\/edengardenequipment.com\/fr\/wp-json\/wp\/v2\/types\/product"}],"replies":[{"embeddable":true,"href":"https:\/\/edengardenequipment.com\/fr\/wp-json\/wp\/v2\/comments?post=8563"}],"wp:featuredmedia":[{"embeddable":true,"href":"https:\/\/edengardenequipment.com\/fr\/wp-json\/wp\/v2\/media\/8564"}],"wp:attachment":[{"href":"https:\/\/edengardenequipment.com\/fr\/wp-json\/wp\/v2\/media?parent=8563"}],"wp:term":[{"taxonomy":"product_brand","embeddable":true,"href":"https:\/\/edengardenequipment.com\/fr\/wp-json\/wp\/v2\/product_brand?post=8563"},{"taxonomy":"product_cat","embeddable":true,"href":"https:\/\/edengardenequipment.com\/fr\/wp-json\/wp\/v2\/product_cat?post=8563"},{"taxonomy":"product_tag","embeddable":true,"href":"https:\/\/edengardenequipment.com\/fr\/wp-json\/wp\/v2\/product_tag?post=8563"}],"curies":[{"name":"wp","href":"https:\/\/api.w.org\/{rel}","templated":true}]}}