{"id":8580,"date":"2023-09-23T03:05:05","date_gmt":"2023-09-23T02:05:05","guid":{"rendered":"https:\/\/edengardenequipment.com\/?post_type=product&#038;p=8580"},"modified":"2025-02-14T18:47:19","modified_gmt":"2025-02-14T18:47:19","slug":"pack-2","status":"publish","type":"product","link":"https:\/\/edengardenequipment.com\/fr\/produit\/pack-2\/","title":{"rendered":"Paquet 2"},"content":{"rendered":"<p>Pack 2 S\u00e9cateur + Cisaille Florale + S\u00e9cateur \u00e0 Lame de Rechange<\/p>\n<p><span style=\"color: #008000;\"><strong><em>\u00c9conomisez 15 \u00a3 avec la livraison gratuite<\/em><\/strong><\/span><\/p>\n<h4>S\u00c9CATEUR:<\/h4>\n<p>La pr\u00e9cision dans la taille est ce qui permet \u00e0 votre jardin d&#039;\u00eatre bien entretenu, beau et fleuri. Cela demande du temps et peut \u00eatre une t\u00e2che laborieuse. Et c&#039;est exactement pourquoi vous avez besoin d&#039;une paire de s\u00e9cateurs de qualit\u00e9 dans votre bo\u00eete \u00e0 outils de jardinage.<\/p>\n<h4>CISAILLEMENT DES FLORAUX :<\/h4>\n<p>Con\u00e7us exclusivement pour cueillir des fleurs, \u00e9t\u00eater des rosiers et des herbes, nos s\u00e9cateurs floraux sont appr\u00e9ci\u00e9s aussi bien des fleuristes professionnels que des jardiniers passionn\u00e9s.<\/p>\n<p>&nbsp;<\/p>\n<h4>LAME DE RECHANGE :<\/h4>\n<ul>\n<li>Lame en acier \u00e0 haute teneur en carbone avec rev\u00eatement en t\u00e9flon<\/li>\n<li>Grande r\u00e9sistance \u00e0 l&#039;abrasion et \u00e0 la rouille<\/li>\n<\/ul>\n<table id=\"product-attribute-specs-table\" class=\"data-table\">\n<tbody>\n<tr class=\"first odd\">\n<th class=\"label\">POIDS (GM)<\/th>\n<td class=\"data last\">1500.0000<\/td>\n<\/tr>\n<tr class=\"even\">\n<th class=\"label\">LONGUEUR DU PRODUIT (CM)<\/th>\n<td class=\"data last\">20.5<\/td>\n<\/tr>\n<tr class=\"odd\">\n<th class=\"label\">LARGEUR DU PRODUIT (CM)<\/th>\n<td class=\"data last\">8.2<\/td>\n<\/tr>\n<tr class=\"last even\">\n<th class=\"label\">HAUTEUR DU PRODUIT (CM)<\/th>\n<td class=\"data last\">2.06<\/td>\n<\/tr>\n<\/tbody>\n<\/table>\n<p>Ce Pack 2 vous permet d&#039;\u00e9conomiser de l&#039;argent et de disposer du meilleur kit d&#039;outils pour appliquer toutes vos connaissances vertes au mieux de votre confort visuel et de la pr\u00e9servation de la nature.<\/p>\n<div class=\"row\">\n<div class=\"col-main col-sm-24\">\n<div class=\"col-wrapper-main\">\n<div class=\"product-view\">\n<div class=\"product-collateral\">\n<div class=\"product-detail-tab\">\n<div class=\"nav-tab-content tab-content\">\n<div id=\"box-custom_tab_1\" class=\"box-collateral box-custom_tab_1 tab-pane fade active in\">Tous les produits Eden Garden Equipment sont garantis 12 mois \u00e0 compter du jour d&#039;achat.<\/div>\n<\/div>\n<\/div>\n<\/div>\n<\/div>\n<\/div>\n<\/div>\n<\/div>\n<div class=\"row\"><\/div>","protected":false},"excerpt":{"rendered":"<h2>APER\u00c7U RAPIDE<\/h2>\n<div class=\"std\">\n<p>S\u00e9cateur + Cisaille \u00e0 fleurs + S\u00e9cateur \u00e0 lame de rechange<\/p>\n<p><span style=\"color: #008000;\"><em><strong>\u00c9conomisez 15 \u00a3 avec la livraison gratuite<\/strong><\/em><\/span><\/p>\n<h4>S\u00c9CATEUR:<\/h4>\n<p>La pr\u00e9cision dans la taille est ce qui permet \u00e0 votre jardin d&#039;\u00eatre bien entretenu, beau et fleuri. Cela demande du temps et peut \u00eatre une t\u00e2che laborieuse. Et c&#039;est exactement pourquoi vous avez besoin d&#039;une paire de s\u00e9cateurs de qualit\u00e9 dans votre bo\u00eete \u00e0 outils de jardinage.<\/p>\n<\/div>","protected":false},"featured_media":8585,"comment_status":"open","ping_status":"closed","template":"","meta":[],"product_brand":[],"product_cat":[250],"product_tag":[],"class_list":{"0":"post-8580","1":"product","2":"type-product","3":"status-publish","4":"has-post-thumbnail","6":"product_cat-offers","8":"first","9":"instock","10":"taxable","11":"shipping-taxable","12":"purchasable","13":"product-type-simple"},"yoast_head":"<!-- This site is optimized with the Yoast SEO plugin v27.5 - https:\/\/yoast.com\/product\/yoast-seo-wordpress\/ -->\n<title>Pack 2 - Eden Garden Equipment<\/title>\n<meta name=\"description\" content=\"Pack 2 Garden set with secateur, floral shear, and spare secateur blade. Perfect for precise pruning and effortless cutting.\" \/>\n<meta name=\"robots\" content=\"index, follow, max-snippet:-1, max-image-preview:large, max-video-preview:-1\" \/>\n<link rel=\"canonical\" href=\"https:\/\/edengardenequipment.com\/fr\/produit\/pack-2\/\" \/>\n<meta property=\"og:locale\" content=\"fr_FR\" \/>\n<meta property=\"og:type\" content=\"article\" \/>\n<meta property=\"og:title\" content=\"Pack 2 - Eden Garden Equipment\" \/>\n<meta property=\"og:description\" content=\"Pack 2 Garden set with secateur, floral shear, and spare secateur blade. Perfect for precise pruning and effortless cutting.\" \/>\n<meta property=\"og:url\" content=\"https:\/\/edengardenequipment.com\/fr\/produit\/pack-2\/\" \/>\n<meta property=\"og:site_name\" content=\"Eden Garden Equipment\" \/>\n<meta property=\"article:modified_time\" content=\"2025-02-14T18:47:19+00:00\" \/>\n<meta property=\"og:image\" content=\"https:\/\/edengardenequipment.com\/wp-content\/uploads\/2023\/06\/pack2_2.jpg\" \/>\n\t<meta property=\"og:image:width\" content=\"1000\" \/>\n\t<meta property=\"og:image:height\" content=\"1000\" \/>\n\t<meta property=\"og:image:type\" content=\"image\/jpeg\" \/>\n<meta name=\"twitter:card\" content=\"summary_large_image\" \/>\n<meta name=\"twitter:label1\" content=\"Dur\u00e9e de lecture estim\u00e9e\" \/>\n\t<meta name=\"twitter:data1\" content=\"1 minute\" \/>\n<script type=\"application\/ld+json\" class=\"yoast-schema-graph\">{\"@context\":\"https:\\\/\\\/schema.org\",\"@graph\":[{\"@type\":\"WebPage\",\"@id\":\"https:\\\/\\\/edengardenequipment.com\\\/product\\\/pack-2\\\/\",\"url\":\"https:\\\/\\\/edengardenequipment.com\\\/product\\\/pack-2\\\/\",\"name\":\"Pack 2 - Eden Garden Equipment\",\"isPartOf\":{\"@id\":\"https:\\\/\\\/edengardenequipment.com\\\/#website\"},\"primaryImageOfPage\":{\"@id\":\"https:\\\/\\\/edengardenequipment.com\\\/product\\\/pack-2\\\/#primaryimage\"},\"image\":{\"@id\":\"https:\\\/\\\/edengardenequipment.com\\\/product\\\/pack-2\\\/#primaryimage\"},\"thumbnailUrl\":\"https:\\\/\\\/edengardenequipment.com\\\/wp-content\\\/uploads\\\/2023\\\/06\\\/pack2_2.jpg\",\"datePublished\":\"2023-09-23T02:05:05+00:00\",\"dateModified\":\"2025-02-14T18:47:19+00:00\",\"description\":\"Pack 2 Garden set with secateur, floral shear, and spare secateur blade. Perfect for precise pruning and effortless cutting.\",\"breadcrumb\":{\"@id\":\"https:\\\/\\\/edengardenequipment.com\\\/product\\\/pack-2\\\/#breadcrumb\"},\"inLanguage\":\"fr-FR\",\"potentialAction\":[{\"@type\":\"ReadAction\",\"target\":[\"https:\\\/\\\/edengardenequipment.com\\\/product\\\/pack-2\\\/\"]}]},{\"@type\":\"ImageObject\",\"inLanguage\":\"fr-FR\",\"@id\":\"https:\\\/\\\/edengardenequipment.com\\\/product\\\/pack-2\\\/#primaryimage\",\"url\":\"https:\\\/\\\/edengardenequipment.com\\\/wp-content\\\/uploads\\\/2023\\\/06\\\/pack2_2.jpg\",\"contentUrl\":\"https:\\\/\\\/edengardenequipment.com\\\/wp-content\\\/uploads\\\/2023\\\/06\\\/pack2_2.jpg\",\"width\":1000,\"height\":1000,\"caption\":\"Pack 2 Secateur + Floral Shear+ Spare Blade Secateur\"},{\"@type\":\"BreadcrumbList\",\"@id\":\"https:\\\/\\\/edengardenequipment.com\\\/product\\\/pack-2\\\/#breadcrumb\",\"itemListElement\":[{\"@type\":\"ListItem\",\"position\":1,\"name\":\"Home\",\"item\":\"https:\\\/\\\/edengardenequipment.com\\\/\"},{\"@type\":\"ListItem\",\"position\":2,\"name\":\"Shop\",\"item\":\"https:\\\/\\\/edengardenequipment.com\\\/shop\\\/\"},{\"@type\":\"ListItem\",\"position\":3,\"name\":\"Pack 2\"}]},{\"@type\":\"WebSite\",\"@id\":\"https:\\\/\\\/edengardenequipment.com\\\/#website\",\"url\":\"https:\\\/\\\/edengardenequipment.com\\\/\",\"name\":\"Eden Garden Equipment\",\"description\":\"Best Gardening Tools for Sale\",\"publisher\":{\"@id\":\"https:\\\/\\\/edengardenequipment.com\\\/#organization\"},\"potentialAction\":[{\"@type\":\"SearchAction\",\"target\":{\"@type\":\"EntryPoint\",\"urlTemplate\":\"https:\\\/\\\/edengardenequipment.com\\\/?s={search_term_string}\"},\"query-input\":{\"@type\":\"PropertyValueSpecification\",\"valueRequired\":true,\"valueName\":\"search_term_string\"}}],\"inLanguage\":\"fr-FR\"},{\"@type\":\"Organization\",\"@id\":\"https:\\\/\\\/edengardenequipment.com\\\/#organization\",\"name\":\"Eden Garden Equipment\",\"url\":\"https:\\\/\\\/edengardenequipment.com\\\/\",\"logo\":{\"@type\":\"ImageObject\",\"inLanguage\":\"fr-FR\",\"@id\":\"https:\\\/\\\/edengardenequipment.com\\\/#\\\/schema\\\/logo\\\/image\\\/\",\"url\":\"https:\\\/\\\/edengardenequipment.com\\\/wp-content\\\/uploads\\\/2023\\\/06\\\/cropped-Asset-1@2xnew2.png\",\"contentUrl\":\"https:\\\/\\\/edengardenequipment.com\\\/wp-content\\\/uploads\\\/2023\\\/06\\\/cropped-Asset-1@2xnew2.png\",\"width\":512,\"height\":512,\"caption\":\"Eden Garden Equipment\"},\"image\":{\"@id\":\"https:\\\/\\\/edengardenequipment.com\\\/#\\\/schema\\\/logo\\\/image\\\/\"}}]}<\/script>\n<!-- \/ Yoast SEO plugin. -->","yoast_head_json":{"title":"Pack 2 - Eden Garden Equipment","description":"Pack 2 Garden set with secateur, floral shear, and spare secateur blade. Perfect for precise pruning and effortless cutting.","robots":{"index":"index","follow":"follow","max-snippet":"max-snippet:-1","max-image-preview":"max-image-preview:large","max-video-preview":"max-video-preview:-1"},"canonical":"https:\/\/edengardenequipment.com\/fr\/produit\/pack-2\/","og_locale":"fr_FR","og_type":"article","og_title":"Pack 2 - Eden Garden Equipment","og_description":"Pack 2 Garden set with secateur, floral shear, and spare secateur blade. Perfect for precise pruning and effortless cutting.","og_url":"https:\/\/edengardenequipment.com\/fr\/produit\/pack-2\/","og_site_name":"Eden Garden Equipment","article_modified_time":"2025-02-14T18:47:19+00:00","og_image":[{"width":1000,"height":1000,"url":"https:\/\/edengardenequipment.com\/wp-content\/uploads\/2023\/06\/pack2_2.jpg","type":"image\/jpeg"}],"twitter_card":"summary_large_image","twitter_misc":{"Dur\u00e9e de lecture estim\u00e9e":"1 minute"},"schema":{"@context":"https:\/\/schema.org","@graph":[{"@type":"WebPage","@id":"https:\/\/edengardenequipment.com\/product\/pack-2\/","url":"https:\/\/edengardenequipment.com\/product\/pack-2\/","name":"Pack 2 - Eden Garden Equipment","isPartOf":{"@id":"https:\/\/edengardenequipment.com\/#website"},"primaryImageOfPage":{"@id":"https:\/\/edengardenequipment.com\/product\/pack-2\/#primaryimage"},"image":{"@id":"https:\/\/edengardenequipment.com\/product\/pack-2\/#primaryimage"},"thumbnailUrl":"https:\/\/edengardenequipment.com\/wp-content\/uploads\/2023\/06\/pack2_2.jpg","datePublished":"2023-09-23T02:05:05+00:00","dateModified":"2025-02-14T18:47:19+00:00","description":"Pack 2 Garden set with secateur, floral shear, and spare secateur blade. Perfect for precise pruning and effortless cutting.","breadcrumb":{"@id":"https:\/\/edengardenequipment.com\/product\/pack-2\/#breadcrumb"},"inLanguage":"fr-FR","potentialAction":[{"@type":"ReadAction","target":["https:\/\/edengardenequipment.com\/product\/pack-2\/"]}]},{"@type":"ImageObject","inLanguage":"fr-FR","@id":"https:\/\/edengardenequipment.com\/product\/pack-2\/#primaryimage","url":"https:\/\/edengardenequipment.com\/wp-content\/uploads\/2023\/06\/pack2_2.jpg","contentUrl":"https:\/\/edengardenequipment.com\/wp-content\/uploads\/2023\/06\/pack2_2.jpg","width":1000,"height":1000,"caption":"Pack 2 Secateur + Floral Shear+ Spare Blade Secateur"},{"@type":"BreadcrumbList","@id":"https:\/\/edengardenequipment.com\/product\/pack-2\/#breadcrumb","itemListElement":[{"@type":"ListItem","position":1,"name":"Home","item":"https:\/\/edengardenequipment.com\/"},{"@type":"ListItem","position":2,"name":"Shop","item":"https:\/\/edengardenequipment.com\/shop\/"},{"@type":"ListItem","position":3,"name":"Pack 2"}]},{"@type":"WebSite","@id":"https:\/\/edengardenequipment.com\/#website","url":"https:\/\/edengardenequipment.com\/","name":"Eden Garden Equipment","description":"Best Gardening Tools for Sale","publisher":{"@id":"https:\/\/edengardenequipment.com\/#organization"},"potentialAction":[{"@type":"SearchAction","target":{"@type":"EntryPoint","urlTemplate":"https:\/\/edengardenequipment.com\/?s={search_term_string}"},"query-input":{"@type":"PropertyValueSpecification","valueRequired":true,"valueName":"search_term_string"}}],"inLanguage":"fr-FR"},{"@type":"Organization","@id":"https:\/\/edengardenequipment.com\/#organization","name":"Eden Garden Equipment","url":"https:\/\/edengardenequipment.com\/","logo":{"@type":"ImageObject","inLanguage":"fr-FR","@id":"https:\/\/edengardenequipment.com\/#\/schema\/logo\/image\/","url":"https:\/\/edengardenequipment.com\/wp-content\/uploads\/2023\/06\/cropped-Asset-1@2xnew2.png","contentUrl":"https:\/\/edengardenequipment.com\/wp-content\/uploads\/2023\/06\/cropped-Asset-1@2xnew2.png","width":512,"height":512,"caption":"Eden Garden Equipment"},"image":{"@id":"https:\/\/edengardenequipment.com\/#\/schema\/logo\/image\/"}}]}},"_links":{"self":[{"href":"https:\/\/edengardenequipment.com\/fr\/wp-json\/wp\/v2\/product\/8580","targetHints":{"allow":["GET"]}}],"collection":[{"href":"https:\/\/edengardenequipment.com\/fr\/wp-json\/wp\/v2\/product"}],"about":[{"href":"https:\/\/edengardenequipment.com\/fr\/wp-json\/wp\/v2\/types\/product"}],"replies":[{"embeddable":true,"href":"https:\/\/edengardenequipment.com\/fr\/wp-json\/wp\/v2\/comments?post=8580"}],"wp:featuredmedia":[{"embeddable":true,"href":"https:\/\/edengardenequipment.com\/fr\/wp-json\/wp\/v2\/media\/8585"}],"wp:attachment":[{"href":"https:\/\/edengardenequipment.com\/fr\/wp-json\/wp\/v2\/media?parent=8580"}],"wp:term":[{"taxonomy":"product_brand","embeddable":true,"href":"https:\/\/edengardenequipment.com\/fr\/wp-json\/wp\/v2\/product_brand?post=8580"},{"taxonomy":"product_cat","embeddable":true,"href":"https:\/\/edengardenequipment.com\/fr\/wp-json\/wp\/v2\/product_cat?post=8580"},{"taxonomy":"product_tag","embeddable":true,"href":"https:\/\/edengardenequipment.com\/fr\/wp-json\/wp\/v2\/product_tag?post=8580"}],"curies":[{"name":"wp","href":"https:\/\/api.w.org\/{rel}","templated":true}]}}