{"id":8605,"date":"2023-09-18T05:37:05","date_gmt":"2023-09-18T04:37:05","guid":{"rendered":"https:\/\/edengardenequipment.com\/?post_type=product&#038;p=8605"},"modified":"2025-02-14T18:56:26","modified_gmt":"2025-02-14T18:56:26","slug":"pack-6","status":"publish","type":"product","link":"https:\/\/edengardenequipment.com\/fr\/produit\/pack-6\/","title":{"rendered":"Paquet 6"},"content":{"rendered":"<p>Pack 6 S\u00e9cateur + \u00c9brancheur Taille Moyenne + \u00c9brancheur T\u00e9lescopique + S\u00e9cateur \u00e0 Lame de Rechange + \u00c9brancheur \u00e0 Lame de Rechange + Cisaille Florale Professionnelle<\/p>\n<p><span style=\"color: #339966;\"><strong><em>\u00c9conomisez 80 \u00a3 avec la livraison gratuite<\/em><\/strong><\/span><\/p>\n<h4>S\u00c9CATEUR:<\/h4>\n<p>La pr\u00e9cision dans la taille est ce qui permet \u00e0 votre jardin d&#039;\u00eatre bien entretenu, beau et fleuri. Cela demande du temps et peut \u00eatre une t\u00e2che laborieuse. Et c&#039;est exactement pourquoi vous avez besoin d&#039;une paire de s\u00e9cateurs de qualit\u00e9 dans votre bo\u00eete \u00e0 outils de jardinage.<\/p>\n<h4>\u00c9LAGUE DE TAILLE MOYENNE :<\/h4>\n<p>Pour optimiser vos performances au jardin, tout en effectuant des t\u00e2ches avec un maximum de confort, ce s\u00e9cateur de taille moyenne est le meilleur choix.<\/p>\n<h4>\u00c9LAGUEUSE :<\/h4>\n<p>Cet outil de jardinage est un incontournable pour la taille. Ses caract\u00e9ristiques et son m\u00e9canisme ing\u00e9nieux le rendent id\u00e9al pour tailler des branches larges et \u00e9paisses avec un maximum de confort, de facilit\u00e9 et de commodit\u00e9.<\/p>\n<h4>CISAILLEMENT DES FLORAUX :<\/h4>\n<p>Con\u00e7us exclusivement pour cueillir des fleurs, \u00e9t\u00eater des rosiers et des herbes, nos s\u00e9cateurs floraux sont appr\u00e9ci\u00e9s aussi bien des fleuristes professionnels que des jardiniers passionn\u00e9s.<\/p>\n<h4>LAME DE RECHANGE :<\/h4>\n<ul>\n<li>Lame en acier \u00e0 haute teneur en carbone avec rev\u00eatement en t\u00e9flon<\/li>\n<li>Grande r\u00e9sistance \u00e0 l&#039;abrasion et \u00e0 la rouille.<\/li>\n<\/ul>\n<table id=\"product-attribute-specs-table\" class=\"data-table\">\n<colgroup>\n<col width=\"25%\" \/>\n<col \/><\/colgroup>\n<tbody>\n<tr class=\"first odd\">\n<th class=\"label\">POIDS (GM)<\/th>\n<td class=\"data last\">1500.0000<\/td>\n<\/tr>\n<tr class=\"even\">\n<th class=\"label\">LONGUEUR DU PRODUIT (CM)<\/th>\n<td class=\"data last\">20.5<\/td>\n<\/tr>\n<tr class=\"odd\">\n<th class=\"label\">LARGEUR DU PRODUIT (CM)<\/th>\n<td class=\"data last\">8.2<\/td>\n<\/tr>\n<tr class=\"last even\">\n<th class=\"label\">HAUTEUR DU PRODUIT (CM)<\/th>\n<td class=\"data last\">2.06<\/td>\n<\/tr>\n<\/tbody>\n<\/table>\n<p>Paquet 6<\/p>\n<div class=\"row\">\n<div class=\"col-main col-sm-24\">\n<div class=\"col-wrapper-main\">\n<div class=\"product-view\">\n<div class=\"product-collateral\">\n<div class=\"product-detail-tab\">\n<div class=\"nav-tab-content tab-content\">\n<div id=\"box-custom_tab_1\" class=\"box-collateral box-custom_tab_1 tab-pane fade active in\">Tous les produits Eden Garden Equipment sont garantis 12 mois \u00e0 compter du jour d&#039;achat.<\/div>\n<\/div>\n<\/div>\n<\/div>\n<\/div>\n<\/div>\n<\/div>\n<\/div>\n<div class=\"row\"><\/div>","protected":false},"excerpt":{"rendered":"<h2>APER\u00c7U RAPIDE<\/h2>\n<p>S\u00e9cateur + \u00c9brancheur taille moyenne + \u00c9brancheur t\u00e9lescopique + S\u00e9cateur \u00e0 lame de rechange + \u00c9brancheur \u00e0 lame de rechange + Cisaille florale professionnelle<\/p>\n<p><span style=\"color: #339966;\"><strong><em>\u00c9conomisez 80 \u00a3 avec la livraison gratuite<\/em><\/strong><\/span><\/p>\n<h4>S\u00c9CATEUR:<\/h4>\n<p>La pr\u00e9cision dans la taille est ce qui permet \u00e0 votre jardin d&#039;\u00eatre bien entretenu, beau et fleuri. Cela demande du temps et peut \u00eatre une t\u00e2che laborieuse. Et c&#039;est exactement pourquoi vous avez besoin d&#039;une paire de s\u00e9cateurs de qualit\u00e9 dans votre bo\u00eete \u00e0 outils de jardinage.<\/p>","protected":false},"featured_media":8607,"comment_status":"open","ping_status":"closed","template":"","meta":[],"product_brand":[],"product_cat":[250],"product_tag":[],"class_list":{"0":"post-8605","1":"product","2":"type-product","3":"status-publish","4":"has-post-thumbnail","6":"product_cat-offers","8":"first","9":"instock","10":"taxable","11":"shipping-taxable","12":"purchasable","13":"product-type-simple"},"yoast_head":"<!-- This site is optimized with the Yoast SEO plugin v27.5 - https:\/\/yoast.com\/product\/yoast-seo-wordpress\/ -->\n<title>Pack 6 - Eden Garden Equipment<\/title>\n<meta name=\"description\" content=\"Pack 6 Complete 6-piece gardening set with secateur, medium and telescopic loppers, spare blades, and professional floral shear for precise cutting.\" \/>\n<meta name=\"robots\" content=\"index, follow, max-snippet:-1, max-image-preview:large, max-video-preview:-1\" \/>\n<link rel=\"canonical\" href=\"https:\/\/edengardenequipment.com\/fr\/produit\/pack-6\/\" \/>\n<meta property=\"og:locale\" content=\"fr_FR\" \/>\n<meta property=\"og:type\" content=\"article\" \/>\n<meta property=\"og:title\" content=\"Pack 6 - Eden Garden Equipment\" \/>\n<meta property=\"og:description\" content=\"Pack 6 Complete 6-piece gardening set with secateur, medium and telescopic loppers, spare blades, and professional floral shear for precise cutting.\" \/>\n<meta property=\"og:url\" content=\"https:\/\/edengardenequipment.com\/fr\/produit\/pack-6\/\" \/>\n<meta property=\"og:site_name\" content=\"Eden Garden Equipment\" \/>\n<meta property=\"article:modified_time\" content=\"2025-02-14T18:56:26+00:00\" \/>\n<meta property=\"og:image\" content=\"https:\/\/edengardenequipment.com\/wp-content\/uploads\/2023\/06\/pack6_1.jpg\" \/>\n\t<meta property=\"og:image:width\" content=\"1000\" \/>\n\t<meta property=\"og:image:height\" content=\"1000\" \/>\n\t<meta property=\"og:image:type\" content=\"image\/jpeg\" \/>\n<meta name=\"twitter:card\" content=\"summary_large_image\" \/>\n<meta name=\"twitter:label1\" content=\"Dur\u00e9e de lecture estim\u00e9e\" \/>\n\t<meta name=\"twitter:data1\" content=\"1 minute\" \/>\n<script type=\"application\/ld+json\" class=\"yoast-schema-graph\">{\"@context\":\"https:\\\/\\\/schema.org\",\"@graph\":[{\"@type\":\"WebPage\",\"@id\":\"https:\\\/\\\/edengardenequipment.com\\\/product\\\/pack-6\\\/\",\"url\":\"https:\\\/\\\/edengardenequipment.com\\\/product\\\/pack-6\\\/\",\"name\":\"Pack 6 - Eden Garden Equipment\",\"isPartOf\":{\"@id\":\"https:\\\/\\\/edengardenequipment.com\\\/#website\"},\"primaryImageOfPage\":{\"@id\":\"https:\\\/\\\/edengardenequipment.com\\\/product\\\/pack-6\\\/#primaryimage\"},\"image\":{\"@id\":\"https:\\\/\\\/edengardenequipment.com\\\/product\\\/pack-6\\\/#primaryimage\"},\"thumbnailUrl\":\"https:\\\/\\\/edengardenequipment.com\\\/wp-content\\\/uploads\\\/2023\\\/06\\\/pack6_1.jpg\",\"datePublished\":\"2023-09-18T04:37:05+00:00\",\"dateModified\":\"2025-02-14T18:56:26+00:00\",\"description\":\"Pack 6 Complete 6-piece gardening set with secateur, medium and telescopic loppers, spare blades, and professional floral shear for precise cutting.\",\"breadcrumb\":{\"@id\":\"https:\\\/\\\/edengardenequipment.com\\\/product\\\/pack-6\\\/#breadcrumb\"},\"inLanguage\":\"fr-FR\",\"potentialAction\":[{\"@type\":\"ReadAction\",\"target\":[\"https:\\\/\\\/edengardenequipment.com\\\/product\\\/pack-6\\\/\"]}]},{\"@type\":\"ImageObject\",\"inLanguage\":\"fr-FR\",\"@id\":\"https:\\\/\\\/edengardenequipment.com\\\/product\\\/pack-6\\\/#primaryimage\",\"url\":\"https:\\\/\\\/edengardenequipment.com\\\/wp-content\\\/uploads\\\/2023\\\/06\\\/pack6_1.jpg\",\"contentUrl\":\"https:\\\/\\\/edengardenequipment.com\\\/wp-content\\\/uploads\\\/2023\\\/06\\\/pack6_1.jpg\",\"width\":1000,\"height\":1000,\"caption\":\"Pack 6 Secateur+ Med Size Lopper + Telescopic Lopper + Spare Blade Secateur + Spare Blade Lopper + Professional Floral Shear\"},{\"@type\":\"BreadcrumbList\",\"@id\":\"https:\\\/\\\/edengardenequipment.com\\\/product\\\/pack-6\\\/#breadcrumb\",\"itemListElement\":[{\"@type\":\"ListItem\",\"position\":1,\"name\":\"Home\",\"item\":\"https:\\\/\\\/edengardenequipment.com\\\/\"},{\"@type\":\"ListItem\",\"position\":2,\"name\":\"Shop\",\"item\":\"https:\\\/\\\/edengardenequipment.com\\\/shop\\\/\"},{\"@type\":\"ListItem\",\"position\":3,\"name\":\"Pack 6\"}]},{\"@type\":\"WebSite\",\"@id\":\"https:\\\/\\\/edengardenequipment.com\\\/#website\",\"url\":\"https:\\\/\\\/edengardenequipment.com\\\/\",\"name\":\"Eden Garden Equipment\",\"description\":\"Best Gardening Tools for Sale\",\"publisher\":{\"@id\":\"https:\\\/\\\/edengardenequipment.com\\\/#organization\"},\"potentialAction\":[{\"@type\":\"SearchAction\",\"target\":{\"@type\":\"EntryPoint\",\"urlTemplate\":\"https:\\\/\\\/edengardenequipment.com\\\/?s={search_term_string}\"},\"query-input\":{\"@type\":\"PropertyValueSpecification\",\"valueRequired\":true,\"valueName\":\"search_term_string\"}}],\"inLanguage\":\"fr-FR\"},{\"@type\":\"Organization\",\"@id\":\"https:\\\/\\\/edengardenequipment.com\\\/#organization\",\"name\":\"Eden Garden Equipment\",\"url\":\"https:\\\/\\\/edengardenequipment.com\\\/\",\"logo\":{\"@type\":\"ImageObject\",\"inLanguage\":\"fr-FR\",\"@id\":\"https:\\\/\\\/edengardenequipment.com\\\/#\\\/schema\\\/logo\\\/image\\\/\",\"url\":\"https:\\\/\\\/edengardenequipment.com\\\/wp-content\\\/uploads\\\/2023\\\/06\\\/cropped-Asset-1@2xnew2.png\",\"contentUrl\":\"https:\\\/\\\/edengardenequipment.com\\\/wp-content\\\/uploads\\\/2023\\\/06\\\/cropped-Asset-1@2xnew2.png\",\"width\":512,\"height\":512,\"caption\":\"Eden Garden Equipment\"},\"image\":{\"@id\":\"https:\\\/\\\/edengardenequipment.com\\\/#\\\/schema\\\/logo\\\/image\\\/\"}}]}<\/script>\n<!-- \/ Yoast SEO plugin. -->","yoast_head_json":{"title":"Pack 6 - Eden Garden Equipment","description":"Pack 6 Complete 6-piece gardening set with secateur, medium and telescopic loppers, spare blades, and professional floral shear for precise cutting.","robots":{"index":"index","follow":"follow","max-snippet":"max-snippet:-1","max-image-preview":"max-image-preview:large","max-video-preview":"max-video-preview:-1"},"canonical":"https:\/\/edengardenequipment.com\/fr\/produit\/pack-6\/","og_locale":"fr_FR","og_type":"article","og_title":"Pack 6 - Eden Garden Equipment","og_description":"Pack 6 Complete 6-piece gardening set with secateur, medium and telescopic loppers, spare blades, and professional floral shear for precise cutting.","og_url":"https:\/\/edengardenequipment.com\/fr\/produit\/pack-6\/","og_site_name":"Eden Garden Equipment","article_modified_time":"2025-02-14T18:56:26+00:00","og_image":[{"width":1000,"height":1000,"url":"https:\/\/edengardenequipment.com\/wp-content\/uploads\/2023\/06\/pack6_1.jpg","type":"image\/jpeg"}],"twitter_card":"summary_large_image","twitter_misc":{"Dur\u00e9e de lecture estim\u00e9e":"1 minute"},"schema":{"@context":"https:\/\/schema.org","@graph":[{"@type":"WebPage","@id":"https:\/\/edengardenequipment.com\/product\/pack-6\/","url":"https:\/\/edengardenequipment.com\/product\/pack-6\/","name":"Pack 6 - Eden Garden Equipment","isPartOf":{"@id":"https:\/\/edengardenequipment.com\/#website"},"primaryImageOfPage":{"@id":"https:\/\/edengardenequipment.com\/product\/pack-6\/#primaryimage"},"image":{"@id":"https:\/\/edengardenequipment.com\/product\/pack-6\/#primaryimage"},"thumbnailUrl":"https:\/\/edengardenequipment.com\/wp-content\/uploads\/2023\/06\/pack6_1.jpg","datePublished":"2023-09-18T04:37:05+00:00","dateModified":"2025-02-14T18:56:26+00:00","description":"Pack 6 Complete 6-piece gardening set with secateur, medium and telescopic loppers, spare blades, and professional floral shear for precise cutting.","breadcrumb":{"@id":"https:\/\/edengardenequipment.com\/product\/pack-6\/#breadcrumb"},"inLanguage":"fr-FR","potentialAction":[{"@type":"ReadAction","target":["https:\/\/edengardenequipment.com\/product\/pack-6\/"]}]},{"@type":"ImageObject","inLanguage":"fr-FR","@id":"https:\/\/edengardenequipment.com\/product\/pack-6\/#primaryimage","url":"https:\/\/edengardenequipment.com\/wp-content\/uploads\/2023\/06\/pack6_1.jpg","contentUrl":"https:\/\/edengardenequipment.com\/wp-content\/uploads\/2023\/06\/pack6_1.jpg","width":1000,"height":1000,"caption":"Pack 6 Secateur+ Med Size Lopper + Telescopic Lopper + Spare Blade Secateur + Spare Blade Lopper + Professional Floral Shear"},{"@type":"BreadcrumbList","@id":"https:\/\/edengardenequipment.com\/product\/pack-6\/#breadcrumb","itemListElement":[{"@type":"ListItem","position":1,"name":"Home","item":"https:\/\/edengardenequipment.com\/"},{"@type":"ListItem","position":2,"name":"Shop","item":"https:\/\/edengardenequipment.com\/shop\/"},{"@type":"ListItem","position":3,"name":"Pack 6"}]},{"@type":"WebSite","@id":"https:\/\/edengardenequipment.com\/#website","url":"https:\/\/edengardenequipment.com\/","name":"Eden Garden Equipment","description":"Best Gardening Tools for Sale","publisher":{"@id":"https:\/\/edengardenequipment.com\/#organization"},"potentialAction":[{"@type":"SearchAction","target":{"@type":"EntryPoint","urlTemplate":"https:\/\/edengardenequipment.com\/?s={search_term_string}"},"query-input":{"@type":"PropertyValueSpecification","valueRequired":true,"valueName":"search_term_string"}}],"inLanguage":"fr-FR"},{"@type":"Organization","@id":"https:\/\/edengardenequipment.com\/#organization","name":"Eden Garden Equipment","url":"https:\/\/edengardenequipment.com\/","logo":{"@type":"ImageObject","inLanguage":"fr-FR","@id":"https:\/\/edengardenequipment.com\/#\/schema\/logo\/image\/","url":"https:\/\/edengardenequipment.com\/wp-content\/uploads\/2023\/06\/cropped-Asset-1@2xnew2.png","contentUrl":"https:\/\/edengardenequipment.com\/wp-content\/uploads\/2023\/06\/cropped-Asset-1@2xnew2.png","width":512,"height":512,"caption":"Eden Garden Equipment"},"image":{"@id":"https:\/\/edengardenequipment.com\/#\/schema\/logo\/image\/"}}]}},"_links":{"self":[{"href":"https:\/\/edengardenequipment.com\/fr\/wp-json\/wp\/v2\/product\/8605","targetHints":{"allow":["GET"]}}],"collection":[{"href":"https:\/\/edengardenequipment.com\/fr\/wp-json\/wp\/v2\/product"}],"about":[{"href":"https:\/\/edengardenequipment.com\/fr\/wp-json\/wp\/v2\/types\/product"}],"replies":[{"embeddable":true,"href":"https:\/\/edengardenequipment.com\/fr\/wp-json\/wp\/v2\/comments?post=8605"}],"wp:featuredmedia":[{"embeddable":true,"href":"https:\/\/edengardenequipment.com\/fr\/wp-json\/wp\/v2\/media\/8607"}],"wp:attachment":[{"href":"https:\/\/edengardenequipment.com\/fr\/wp-json\/wp\/v2\/media?parent=8605"}],"wp:term":[{"taxonomy":"product_brand","embeddable":true,"href":"https:\/\/edengardenequipment.com\/fr\/wp-json\/wp\/v2\/product_brand?post=8605"},{"taxonomy":"product_cat","embeddable":true,"href":"https:\/\/edengardenequipment.com\/fr\/wp-json\/wp\/v2\/product_cat?post=8605"},{"taxonomy":"product_tag","embeddable":true,"href":"https:\/\/edengardenequipment.com\/fr\/wp-json\/wp\/v2\/product_tag?post=8605"}],"curies":[{"name":"wp","href":"https:\/\/api.w.org\/{rel}","templated":true}]}}