{"id":8612,"date":"2023-06-23T05:40:15","date_gmt":"2023-06-23T04:40:15","guid":{"rendered":"https:\/\/edengardenequipment.com\/?post_type=product&#038;p=8612"},"modified":"2023-06-23T05:40:15","modified_gmt":"2023-06-23T04:40:15","slug":"spare-blade-for-lopper","status":"publish","type":"product","link":"https:\/\/edengardenequipment.com\/fr\/produit\/spare-blade-for-lopper\/","title":{"rendered":"Lame de rechange pour s\u00e9cateur"},"content":{"rendered":"<ul>\n<li>Lame en acier \u00e0 haute teneur en carbone avec rev\u00eatement en T\u00e9flon.<\/li>\n<li>Grande r\u00e9sistance \u00e0 l&#039;abrasion et \u00e0 la rouille.<\/li>\n<\/ul>\n<table id=\"product-attribute-specs-table\" class=\"data-table\">\n<colgroup>\n<col width=\"25%\" \/>\n<col \/><\/colgroup>\n<tbody>\n<tr class=\"first odd\">\n<th class=\"label\">POIDS (GM)<\/th>\n<td class=\"data last\">155.0000<\/td>\n<\/tr>\n<tr class=\"even\">\n<th class=\"label\">LONGUEUR DU PRODUIT (CM)<\/th>\n<td class=\"data last\">Non<\/td>\n<\/tr>\n<tr class=\"odd\">\n<th class=\"label\">LARGEUR DU PRODUIT (CM)<\/th>\n<td class=\"data last\">Non<\/td>\n<\/tr>\n<tr class=\"last even\">\n<th class=\"label\">HAUTEUR DU PRODUIT (CM)<\/th>\n<td class=\"data last\">Non<\/td>\n<\/tr>\n<\/tbody>\n<\/table>\n<div class=\"row\">\n<div class=\"col-main col-sm-24\">\n<div class=\"col-wrapper-main\">\n<div class=\"product-view\">\n<div class=\"product-collateral\">\n<div class=\"product-detail-tab\">\n<div class=\"nav-tab-content tab-content\">\n<div id=\"box-custom_tab_1\" class=\"box-collateral box-custom_tab_1 tab-pane fade active in\">Tous les produits Eden Garden Equipment sont garantis 12 mois \u00e0 compter du jour d&#039;achat.<\/div>\n<\/div>\n<\/div>\n<\/div>\n<\/div>\n<\/div>\n<\/div>\n<\/div>\n<div class=\"row\"><\/div>","protected":false},"excerpt":{"rendered":"<h2>APER\u00c7U RAPIDE<\/h2>\n<ul>\n<li>Lame en acier \u00e0 haute teneur en carbone avec rev\u00eatement en T\u00e9flon.<\/li>\n<li>Grande r\u00e9sistance \u00e0 l&#039;abrasion et \u00e0 la rouille.<\/li>\n<\/ul>","protected":false},"featured_media":8613,"comment_status":"open","ping_status":"closed","template":"","meta":[],"product_brand":[],"product_cat":[251],"product_tag":[],"class_list":{"0":"post-8612","1":"product","2":"type-product","3":"status-publish","4":"has-post-thumbnail","6":"product_cat-accessories","8":"first","9":"instock","10":"sale","11":"taxable","12":"shipping-taxable","13":"purchasable","14":"product-type-simple"},"yoast_head":"<!-- This site is optimized with the Yoast SEO plugin v27.5 - https:\/\/yoast.com\/product\/yoast-seo-wordpress\/ -->\n<title>Spare Blade for Lopper - Eden Garden Equipment<\/title>\n<meta name=\"robots\" content=\"index, follow, max-snippet:-1, max-image-preview:large, max-video-preview:-1\" \/>\n<link rel=\"canonical\" href=\"https:\/\/edengardenequipment.com\/fr\/produit\/spare-blade-for-lopper\/\" \/>\n<meta property=\"og:locale\" content=\"fr_FR\" \/>\n<meta property=\"og:type\" content=\"article\" \/>\n<meta property=\"og:title\" content=\"Spare Blade for Lopper - Eden Garden Equipment\" \/>\n<meta property=\"og:description\" content=\"QUICK OVERVIEW   High Carbon steel Blade Coated with Teflon.  Great resistance to abrasion and rust.\" \/>\n<meta property=\"og:url\" content=\"https:\/\/edengardenequipment.com\/fr\/produit\/spare-blade-for-lopper\/\" \/>\n<meta property=\"og:site_name\" content=\"Eden Garden Equipment\" \/>\n<meta property=\"og:image\" content=\"https:\/\/edengardenequipment.com\/wp-content\/uploads\/2023\/06\/spare-looper.jpg\" \/>\n\t<meta property=\"og:image:width\" content=\"1000\" \/>\n\t<meta property=\"og:image:height\" content=\"1000\" \/>\n\t<meta property=\"og:image:type\" content=\"image\/jpeg\" \/>\n<meta name=\"twitter:card\" content=\"summary_large_image\" \/>\n<script type=\"application\/ld+json\" class=\"yoast-schema-graph\">{\"@context\":\"https:\\\/\\\/schema.org\",\"@graph\":[{\"@type\":\"WebPage\",\"@id\":\"https:\\\/\\\/edengardenequipment.com\\\/product\\\/spare-blade-for-lopper\\\/\",\"url\":\"https:\\\/\\\/edengardenequipment.com\\\/product\\\/spare-blade-for-lopper\\\/\",\"name\":\"Spare Blade for Lopper - Eden Garden Equipment\",\"isPartOf\":{\"@id\":\"https:\\\/\\\/edengardenequipment.com\\\/#website\"},\"primaryImageOfPage\":{\"@id\":\"https:\\\/\\\/edengardenequipment.com\\\/product\\\/spare-blade-for-lopper\\\/#primaryimage\"},\"image\":{\"@id\":\"https:\\\/\\\/edengardenequipment.com\\\/product\\\/spare-blade-for-lopper\\\/#primaryimage\"},\"thumbnailUrl\":\"https:\\\/\\\/edengardenequipment.com\\\/wp-content\\\/uploads\\\/2023\\\/06\\\/spare-looper.jpg\",\"datePublished\":\"2023-06-23T04:40:15+00:00\",\"breadcrumb\":{\"@id\":\"https:\\\/\\\/edengardenequipment.com\\\/product\\\/spare-blade-for-lopper\\\/#breadcrumb\"},\"inLanguage\":\"fr-FR\",\"potentialAction\":[{\"@type\":\"ReadAction\",\"target\":[\"https:\\\/\\\/edengardenequipment.com\\\/product\\\/spare-blade-for-lopper\\\/\"]}]},{\"@type\":\"ImageObject\",\"inLanguage\":\"fr-FR\",\"@id\":\"https:\\\/\\\/edengardenequipment.com\\\/product\\\/spare-blade-for-lopper\\\/#primaryimage\",\"url\":\"https:\\\/\\\/edengardenequipment.com\\\/wp-content\\\/uploads\\\/2023\\\/06\\\/spare-looper.jpg\",\"contentUrl\":\"https:\\\/\\\/edengardenequipment.com\\\/wp-content\\\/uploads\\\/2023\\\/06\\\/spare-looper.jpg\",\"width\":1000,\"height\":1000,\"caption\":\"Spare Blade for Mid-Size Lopper\"},{\"@type\":\"BreadcrumbList\",\"@id\":\"https:\\\/\\\/edengardenequipment.com\\\/product\\\/spare-blade-for-lopper\\\/#breadcrumb\",\"itemListElement\":[{\"@type\":\"ListItem\",\"position\":1,\"name\":\"Home\",\"item\":\"https:\\\/\\\/edengardenequipment.com\\\/\"},{\"@type\":\"ListItem\",\"position\":2,\"name\":\"Shop\",\"item\":\"https:\\\/\\\/edengardenequipment.com\\\/shop\\\/\"},{\"@type\":\"ListItem\",\"position\":3,\"name\":\"Spare Blade for Lopper\"}]},{\"@type\":\"WebSite\",\"@id\":\"https:\\\/\\\/edengardenequipment.com\\\/#website\",\"url\":\"https:\\\/\\\/edengardenequipment.com\\\/\",\"name\":\"Eden Garden Equipment\",\"description\":\"Best Gardening Tools for Sale\",\"publisher\":{\"@id\":\"https:\\\/\\\/edengardenequipment.com\\\/#organization\"},\"potentialAction\":[{\"@type\":\"SearchAction\",\"target\":{\"@type\":\"EntryPoint\",\"urlTemplate\":\"https:\\\/\\\/edengardenequipment.com\\\/?s={search_term_string}\"},\"query-input\":{\"@type\":\"PropertyValueSpecification\",\"valueRequired\":true,\"valueName\":\"search_term_string\"}}],\"inLanguage\":\"fr-FR\"},{\"@type\":\"Organization\",\"@id\":\"https:\\\/\\\/edengardenequipment.com\\\/#organization\",\"name\":\"Eden Garden Equipment\",\"url\":\"https:\\\/\\\/edengardenequipment.com\\\/\",\"logo\":{\"@type\":\"ImageObject\",\"inLanguage\":\"fr-FR\",\"@id\":\"https:\\\/\\\/edengardenequipment.com\\\/#\\\/schema\\\/logo\\\/image\\\/\",\"url\":\"https:\\\/\\\/edengardenequipment.com\\\/wp-content\\\/uploads\\\/2023\\\/06\\\/cropped-Asset-1@2xnew2.png\",\"contentUrl\":\"https:\\\/\\\/edengardenequipment.com\\\/wp-content\\\/uploads\\\/2023\\\/06\\\/cropped-Asset-1@2xnew2.png\",\"width\":512,\"height\":512,\"caption\":\"Eden Garden Equipment\"},\"image\":{\"@id\":\"https:\\\/\\\/edengardenequipment.com\\\/#\\\/schema\\\/logo\\\/image\\\/\"}}]}<\/script>\n<!-- \/ Yoast SEO plugin. -->","yoast_head_json":{"title":"Spare Blade for Lopper - Eden Garden Equipment","robots":{"index":"index","follow":"follow","max-snippet":"max-snippet:-1","max-image-preview":"max-image-preview:large","max-video-preview":"max-video-preview:-1"},"canonical":"https:\/\/edengardenequipment.com\/fr\/produit\/spare-blade-for-lopper\/","og_locale":"fr_FR","og_type":"article","og_title":"Spare Blade for Lopper - Eden Garden Equipment","og_description":"QUICK OVERVIEW   High Carbon steel Blade Coated with Teflon.  Great resistance to abrasion and rust.","og_url":"https:\/\/edengardenequipment.com\/fr\/produit\/spare-blade-for-lopper\/","og_site_name":"Eden Garden Equipment","og_image":[{"width":1000,"height":1000,"url":"https:\/\/edengardenequipment.com\/wp-content\/uploads\/2023\/06\/spare-looper.jpg","type":"image\/jpeg"}],"twitter_card":"summary_large_image","schema":{"@context":"https:\/\/schema.org","@graph":[{"@type":"WebPage","@id":"https:\/\/edengardenequipment.com\/product\/spare-blade-for-lopper\/","url":"https:\/\/edengardenequipment.com\/product\/spare-blade-for-lopper\/","name":"Spare Blade for Lopper - Eden Garden Equipment","isPartOf":{"@id":"https:\/\/edengardenequipment.com\/#website"},"primaryImageOfPage":{"@id":"https:\/\/edengardenequipment.com\/product\/spare-blade-for-lopper\/#primaryimage"},"image":{"@id":"https:\/\/edengardenequipment.com\/product\/spare-blade-for-lopper\/#primaryimage"},"thumbnailUrl":"https:\/\/edengardenequipment.com\/wp-content\/uploads\/2023\/06\/spare-looper.jpg","datePublished":"2023-06-23T04:40:15+00:00","breadcrumb":{"@id":"https:\/\/edengardenequipment.com\/product\/spare-blade-for-lopper\/#breadcrumb"},"inLanguage":"fr-FR","potentialAction":[{"@type":"ReadAction","target":["https:\/\/edengardenequipment.com\/product\/spare-blade-for-lopper\/"]}]},{"@type":"ImageObject","inLanguage":"fr-FR","@id":"https:\/\/edengardenequipment.com\/product\/spare-blade-for-lopper\/#primaryimage","url":"https:\/\/edengardenequipment.com\/wp-content\/uploads\/2023\/06\/spare-looper.jpg","contentUrl":"https:\/\/edengardenequipment.com\/wp-content\/uploads\/2023\/06\/spare-looper.jpg","width":1000,"height":1000,"caption":"Spare Blade for Mid-Size Lopper"},{"@type":"BreadcrumbList","@id":"https:\/\/edengardenequipment.com\/product\/spare-blade-for-lopper\/#breadcrumb","itemListElement":[{"@type":"ListItem","position":1,"name":"Home","item":"https:\/\/edengardenequipment.com\/"},{"@type":"ListItem","position":2,"name":"Shop","item":"https:\/\/edengardenequipment.com\/shop\/"},{"@type":"ListItem","position":3,"name":"Spare Blade for Lopper"}]},{"@type":"WebSite","@id":"https:\/\/edengardenequipment.com\/#website","url":"https:\/\/edengardenequipment.com\/","name":"Eden Garden Equipment","description":"Best Gardening Tools for Sale","publisher":{"@id":"https:\/\/edengardenequipment.com\/#organization"},"potentialAction":[{"@type":"SearchAction","target":{"@type":"EntryPoint","urlTemplate":"https:\/\/edengardenequipment.com\/?s={search_term_string}"},"query-input":{"@type":"PropertyValueSpecification","valueRequired":true,"valueName":"search_term_string"}}],"inLanguage":"fr-FR"},{"@type":"Organization","@id":"https:\/\/edengardenequipment.com\/#organization","name":"Eden Garden Equipment","url":"https:\/\/edengardenequipment.com\/","logo":{"@type":"ImageObject","inLanguage":"fr-FR","@id":"https:\/\/edengardenequipment.com\/#\/schema\/logo\/image\/","url":"https:\/\/edengardenequipment.com\/wp-content\/uploads\/2023\/06\/cropped-Asset-1@2xnew2.png","contentUrl":"https:\/\/edengardenequipment.com\/wp-content\/uploads\/2023\/06\/cropped-Asset-1@2xnew2.png","width":512,"height":512,"caption":"Eden Garden Equipment"},"image":{"@id":"https:\/\/edengardenequipment.com\/#\/schema\/logo\/image\/"}}]}},"_links":{"self":[{"href":"https:\/\/edengardenequipment.com\/fr\/wp-json\/wp\/v2\/product\/8612","targetHints":{"allow":["GET"]}}],"collection":[{"href":"https:\/\/edengardenequipment.com\/fr\/wp-json\/wp\/v2\/product"}],"about":[{"href":"https:\/\/edengardenequipment.com\/fr\/wp-json\/wp\/v2\/types\/product"}],"replies":[{"embeddable":true,"href":"https:\/\/edengardenequipment.com\/fr\/wp-json\/wp\/v2\/comments?post=8612"}],"wp:featuredmedia":[{"embeddable":true,"href":"https:\/\/edengardenequipment.com\/fr\/wp-json\/wp\/v2\/media\/8613"}],"wp:attachment":[{"href":"https:\/\/edengardenequipment.com\/fr\/wp-json\/wp\/v2\/media?parent=8612"}],"wp:term":[{"taxonomy":"product_brand","embeddable":true,"href":"https:\/\/edengardenequipment.com\/fr\/wp-json\/wp\/v2\/product_brand?post=8612"},{"taxonomy":"product_cat","embeddable":true,"href":"https:\/\/edengardenequipment.com\/fr\/wp-json\/wp\/v2\/product_cat?post=8612"},{"taxonomy":"product_tag","embeddable":true,"href":"https:\/\/edengardenequipment.com\/fr\/wp-json\/wp\/v2\/product_tag?post=8612"}],"curies":[{"name":"wp","href":"https:\/\/api.w.org\/{rel}","templated":true}]}}