{"id":8615,"date":"2023-09-17T05:43:33","date_gmt":"2023-09-17T04:43:33","guid":{"rendered":"https:\/\/edengardenequipment.com\/?post_type=product&#038;p=8615"},"modified":"2025-02-14T19:00:10","modified_gmt":"2025-02-14T19:00:10","slug":"spare-blade-for-secateur","status":"publish","type":"product","link":"https:\/\/edengardenequipment.com\/fr\/produit\/spare-blade-for-secateur\/","title":{"rendered":"Lame de rechange pour s\u00e9cateur"},"content":{"rendered":"<h3>COMMENT REMPLACER UNE LAME :<\/h3>\n<ul>\n<li>Retrait de l&#039;ancienne lame<\/li>\n<li>Ouvrir le s\u00e9cateur en poussant la goupille de s\u00e9curit\u00e9.<\/li>\n<li>\u00c0 l&#039;aide d&#039;un outil plat, d\u00e9crochez le circlip (A)<\/li>\n<li>Utilisez la cl\u00e9 Alan fournie pour retirer la vis (B).<\/li>\n<li>Il est possible que le ressort doive \u00eatre remplac\u00e9. Dans ce cas, utilisez un tournevis plat pour retirer le ressort de son encoche (C).<\/li>\n<li>Montage du nouveau ressort<\/li>\n<li>Placez l&#039;extr\u00e9mit\u00e9 la plus large du ressort autour des 2 griffes du support (D).<\/li>\n<li>En gardant le s\u00e9cateur grand ouvert, appuyez sur la plus petite extr\u00e9mit\u00e9 du ressort avec un tournevis.<\/li>\n<li>Poussez le ressort jusqu&#039;\u00e0 l&#039;encoche (C) situ\u00e9e dans la poign\u00e9e.<\/li>\n<li>Assurez-vous que le ressort est bien en place en actionnant la poign\u00e9e. La poign\u00e9e doit s&#039;ouvrir compl\u00e8tement.<\/li>\n<li>Montage de la nouvelle lame<\/li>\n<li>Repositionnez la lame \u00e0 sa place.<\/li>\n<li>Remettez la vis (B) et serrez-la \u00e0 l&#039;aide de la cl\u00e9 Alan fournie.<\/li>\n<li>Alignez le pignon avec le trou (A) et ins\u00e9rez l&#039;essieu de remplacement.<\/li>\n<li>Placez le circlip dans la fente sur l&#039;axe et clipsez-le \u00e0 l&#039;aide d&#039;un outil appropri\u00e9.<\/li>\n<\/ul>\n<p>Illustration de la lame de rechange pour le s\u00e9cateur<\/p>\n<p><img loading=\"lazy\" decoding=\"async\" class=\"alignnone size-medium wp-image-8616\" src=\"https:\/\/edengardenequipment.com\/wp-content\/uploads\/2023\/06\/diagram-293x300.jpg\" alt=\"\" width=\"293\" height=\"300\" srcset=\"https:\/\/edengardenequipment.com\/wp-content\/uploads\/2023\/06\/diagram-293x300.jpg 293w, https:\/\/edengardenequipment.com\/wp-content\/uploads\/2023\/06\/diagram-12x12.jpg 12w, https:\/\/edengardenequipment.com\/wp-content\/uploads\/2023\/06\/diagram.jpg 700w\" sizes=\"auto, (max-width: 293px) 100vw, 293px\" \/><\/p>\n<table id=\"product-attribute-specs-table\" class=\"data-table\">\n<colgroup>\n<col width=\"25%\" \/>\n<col \/><\/colgroup>\n<tbody>\n<tr class=\"first odd\">\n<th class=\"label\">POIDS (GM)<\/th>\n<td class=\"data last\">40.0000<\/td>\n<\/tr>\n<tr class=\"even\">\n<th class=\"label\">LONGUEUR DU PRODUIT (CM)<\/th>\n<td class=\"data last\">Non<\/td>\n<\/tr>\n<tr class=\"odd\">\n<th class=\"label\">LARGEUR DU PRODUIT (CM)<\/th>\n<td class=\"data last\">Non<\/td>\n<\/tr>\n<tr class=\"last even\">\n<th class=\"label\">HAUTEUR DU PRODUIT (CM)<\/th>\n<td class=\"data last\">Non<\/td>\n<\/tr>\n<\/tbody>\n<\/table>\n<div class=\"row\">\n<div class=\"col-main col-sm-24\">\n<div class=\"col-wrapper-main\">\n<div class=\"product-view\">\n<div class=\"product-collateral\">\n<div class=\"product-detail-tab\">\n<div class=\"nav-tab-content tab-content\">\n<div id=\"box-custom_tab_1\" class=\"box-collateral box-custom_tab_1 tab-pane fade active in\">Tous les produits Eden Garden Equipment sont garantis 12 mois \u00e0 compter du jour d&#039;achat.<\/div>\n<\/div>\n<\/div>\n<\/div>\n<\/div>\n<\/div>\n<\/div>\n<\/div>\n<div class=\"row\"><\/div>","protected":false},"excerpt":{"rendered":"<h2>APER\u00c7U RAPIDE<\/h2>\n<div class=\"std\">\n<ul>\n<li>Grande r\u00e9sistance \u00e0 l&#039;abrasion et \u00e0 la rouille<\/li>\n<li>Lame en acier \u00e0 haute teneur en carbone avec rev\u00eatement en t\u00e9flon<\/li>\n<\/ul>\n<\/div>","protected":false},"featured_media":8617,"comment_status":"open","ping_status":"closed","template":"","meta":[],"product_brand":[],"product_cat":[251],"product_tag":[],"class_list":{"0":"post-8615","1":"product","2":"type-product","3":"status-publish","4":"has-post-thumbnail","6":"product_cat-accessories","8":"first","9":"instock","10":"sale","11":"taxable","12":"shipping-taxable","13":"purchasable","14":"product-type-simple"},"yoast_head":"<!-- This site is optimized with the Yoast SEO plugin v27.5 - https:\/\/yoast.com\/product\/yoast-seo-wordpress\/ -->\n<title>Spare Blade for Secateur - Eden Garden Equipment<\/title>\n<meta name=\"description\" content=\"Spare Blade for Secateur High-quality , ensuring sharp, precise cuts and extended tool life. Easy to replace and durable.\" \/>\n<meta name=\"robots\" content=\"index, follow, max-snippet:-1, max-image-preview:large, max-video-preview:-1\" \/>\n<link rel=\"canonical\" href=\"https:\/\/edengardenequipment.com\/fr\/produit\/spare-blade-for-secateur\/\" \/>\n<meta property=\"og:locale\" content=\"fr_FR\" \/>\n<meta property=\"og:type\" content=\"article\" \/>\n<meta property=\"og:title\" content=\"Spare Blade for Secateur - Eden Garden Equipment\" \/>\n<meta property=\"og:description\" content=\"Spare Blade for Secateur High-quality , ensuring sharp, precise cuts and extended tool life. Easy to replace and durable.\" \/>\n<meta property=\"og:url\" content=\"https:\/\/edengardenequipment.com\/fr\/produit\/spare-blade-for-secateur\/\" \/>\n<meta property=\"og:site_name\" content=\"Eden Garden Equipment\" \/>\n<meta property=\"article:modified_time\" content=\"2025-02-14T19:00:10+00:00\" \/>\n<meta property=\"og:image\" content=\"https:\/\/edengardenequipment.com\/wp-content\/uploads\/2023\/06\/w6b6005.jpg\" \/>\n\t<meta property=\"og:image:width\" content=\"1000\" \/>\n\t<meta property=\"og:image:height\" content=\"1000\" \/>\n\t<meta property=\"og:image:type\" content=\"image\/jpeg\" \/>\n<meta name=\"twitter:card\" content=\"summary_large_image\" \/>\n<meta name=\"twitter:label1\" content=\"Dur\u00e9e de lecture estim\u00e9e\" \/>\n\t<meta name=\"twitter:data1\" content=\"2 minutes\" \/>\n<script type=\"application\/ld+json\" class=\"yoast-schema-graph\">{\"@context\":\"https:\\\/\\\/schema.org\",\"@graph\":[{\"@type\":\"WebPage\",\"@id\":\"https:\\\/\\\/edengardenequipment.com\\\/product\\\/spare-blade-for-secateur\\\/\",\"url\":\"https:\\\/\\\/edengardenequipment.com\\\/product\\\/spare-blade-for-secateur\\\/\",\"name\":\"Spare Blade for Secateur - Eden Garden Equipment\",\"isPartOf\":{\"@id\":\"https:\\\/\\\/edengardenequipment.com\\\/#website\"},\"primaryImageOfPage\":{\"@id\":\"https:\\\/\\\/edengardenequipment.com\\\/product\\\/spare-blade-for-secateur\\\/#primaryimage\"},\"image\":{\"@id\":\"https:\\\/\\\/edengardenequipment.com\\\/product\\\/spare-blade-for-secateur\\\/#primaryimage\"},\"thumbnailUrl\":\"https:\\\/\\\/edengardenequipment.com\\\/wp-content\\\/uploads\\\/2023\\\/06\\\/w6b6005.jpg\",\"datePublished\":\"2023-09-17T04:43:33+00:00\",\"dateModified\":\"2025-02-14T19:00:10+00:00\",\"description\":\"Spare Blade for Secateur High-quality , ensuring sharp, precise cuts and extended tool life. Easy to replace and durable.\",\"breadcrumb\":{\"@id\":\"https:\\\/\\\/edengardenequipment.com\\\/product\\\/spare-blade-for-secateur\\\/#breadcrumb\"},\"inLanguage\":\"fr-FR\",\"potentialAction\":[{\"@type\":\"ReadAction\",\"target\":[\"https:\\\/\\\/edengardenequipment.com\\\/product\\\/spare-blade-for-secateur\\\/\"]}]},{\"@type\":\"ImageObject\",\"inLanguage\":\"fr-FR\",\"@id\":\"https:\\\/\\\/edengardenequipment.com\\\/product\\\/spare-blade-for-secateur\\\/#primaryimage\",\"url\":\"https:\\\/\\\/edengardenequipment.com\\\/wp-content\\\/uploads\\\/2023\\\/06\\\/w6b6005.jpg\",\"contentUrl\":\"https:\\\/\\\/edengardenequipment.com\\\/wp-content\\\/uploads\\\/2023\\\/06\\\/w6b6005.jpg\",\"width\":1000,\"height\":1000,\"caption\":\"Spare Blade for Secateur\"},{\"@type\":\"BreadcrumbList\",\"@id\":\"https:\\\/\\\/edengardenequipment.com\\\/product\\\/spare-blade-for-secateur\\\/#breadcrumb\",\"itemListElement\":[{\"@type\":\"ListItem\",\"position\":1,\"name\":\"Home\",\"item\":\"https:\\\/\\\/edengardenequipment.com\\\/\"},{\"@type\":\"ListItem\",\"position\":2,\"name\":\"Shop\",\"item\":\"https:\\\/\\\/edengardenequipment.com\\\/shop\\\/\"},{\"@type\":\"ListItem\",\"position\":3,\"name\":\"Spare Blade for Secateur\"}]},{\"@type\":\"WebSite\",\"@id\":\"https:\\\/\\\/edengardenequipment.com\\\/#website\",\"url\":\"https:\\\/\\\/edengardenequipment.com\\\/\",\"name\":\"Eden Garden Equipment\",\"description\":\"Best Gardening Tools for Sale\",\"publisher\":{\"@id\":\"https:\\\/\\\/edengardenequipment.com\\\/#organization\"},\"potentialAction\":[{\"@type\":\"SearchAction\",\"target\":{\"@type\":\"EntryPoint\",\"urlTemplate\":\"https:\\\/\\\/edengardenequipment.com\\\/?s={search_term_string}\"},\"query-input\":{\"@type\":\"PropertyValueSpecification\",\"valueRequired\":true,\"valueName\":\"search_term_string\"}}],\"inLanguage\":\"fr-FR\"},{\"@type\":\"Organization\",\"@id\":\"https:\\\/\\\/edengardenequipment.com\\\/#organization\",\"name\":\"Eden Garden Equipment\",\"url\":\"https:\\\/\\\/edengardenequipment.com\\\/\",\"logo\":{\"@type\":\"ImageObject\",\"inLanguage\":\"fr-FR\",\"@id\":\"https:\\\/\\\/edengardenequipment.com\\\/#\\\/schema\\\/logo\\\/image\\\/\",\"url\":\"https:\\\/\\\/edengardenequipment.com\\\/wp-content\\\/uploads\\\/2023\\\/06\\\/cropped-Asset-1@2xnew2.png\",\"contentUrl\":\"https:\\\/\\\/edengardenequipment.com\\\/wp-content\\\/uploads\\\/2023\\\/06\\\/cropped-Asset-1@2xnew2.png\",\"width\":512,\"height\":512,\"caption\":\"Eden Garden Equipment\"},\"image\":{\"@id\":\"https:\\\/\\\/edengardenequipment.com\\\/#\\\/schema\\\/logo\\\/image\\\/\"}}]}<\/script>\n<!-- \/ Yoast SEO plugin. -->","yoast_head_json":{"title":"Spare Blade for Secateur - Eden Garden Equipment","description":"Spare Blade for Secateur High-quality , ensuring sharp, precise cuts and extended tool life. Easy to replace and durable.","robots":{"index":"index","follow":"follow","max-snippet":"max-snippet:-1","max-image-preview":"max-image-preview:large","max-video-preview":"max-video-preview:-1"},"canonical":"https:\/\/edengardenequipment.com\/fr\/produit\/spare-blade-for-secateur\/","og_locale":"fr_FR","og_type":"article","og_title":"Spare Blade for Secateur - Eden Garden Equipment","og_description":"Spare Blade for Secateur High-quality , ensuring sharp, precise cuts and extended tool life. Easy to replace and durable.","og_url":"https:\/\/edengardenequipment.com\/fr\/produit\/spare-blade-for-secateur\/","og_site_name":"Eden Garden Equipment","article_modified_time":"2025-02-14T19:00:10+00:00","og_image":[{"width":1000,"height":1000,"url":"https:\/\/edengardenequipment.com\/wp-content\/uploads\/2023\/06\/w6b6005.jpg","type":"image\/jpeg"}],"twitter_card":"summary_large_image","twitter_misc":{"Dur\u00e9e de lecture estim\u00e9e":"2 minutes"},"schema":{"@context":"https:\/\/schema.org","@graph":[{"@type":"WebPage","@id":"https:\/\/edengardenequipment.com\/product\/spare-blade-for-secateur\/","url":"https:\/\/edengardenequipment.com\/product\/spare-blade-for-secateur\/","name":"Spare Blade for Secateur - Eden Garden Equipment","isPartOf":{"@id":"https:\/\/edengardenequipment.com\/#website"},"primaryImageOfPage":{"@id":"https:\/\/edengardenequipment.com\/product\/spare-blade-for-secateur\/#primaryimage"},"image":{"@id":"https:\/\/edengardenequipment.com\/product\/spare-blade-for-secateur\/#primaryimage"},"thumbnailUrl":"https:\/\/edengardenequipment.com\/wp-content\/uploads\/2023\/06\/w6b6005.jpg","datePublished":"2023-09-17T04:43:33+00:00","dateModified":"2025-02-14T19:00:10+00:00","description":"Spare Blade for Secateur High-quality , ensuring sharp, precise cuts and extended tool life. Easy to replace and durable.","breadcrumb":{"@id":"https:\/\/edengardenequipment.com\/product\/spare-blade-for-secateur\/#breadcrumb"},"inLanguage":"fr-FR","potentialAction":[{"@type":"ReadAction","target":["https:\/\/edengardenequipment.com\/product\/spare-blade-for-secateur\/"]}]},{"@type":"ImageObject","inLanguage":"fr-FR","@id":"https:\/\/edengardenequipment.com\/product\/spare-blade-for-secateur\/#primaryimage","url":"https:\/\/edengardenequipment.com\/wp-content\/uploads\/2023\/06\/w6b6005.jpg","contentUrl":"https:\/\/edengardenequipment.com\/wp-content\/uploads\/2023\/06\/w6b6005.jpg","width":1000,"height":1000,"caption":"Spare Blade for Secateur"},{"@type":"BreadcrumbList","@id":"https:\/\/edengardenequipment.com\/product\/spare-blade-for-secateur\/#breadcrumb","itemListElement":[{"@type":"ListItem","position":1,"name":"Home","item":"https:\/\/edengardenequipment.com\/"},{"@type":"ListItem","position":2,"name":"Shop","item":"https:\/\/edengardenequipment.com\/shop\/"},{"@type":"ListItem","position":3,"name":"Spare Blade for Secateur"}]},{"@type":"WebSite","@id":"https:\/\/edengardenequipment.com\/#website","url":"https:\/\/edengardenequipment.com\/","name":"Eden Garden Equipment","description":"Best Gardening Tools for Sale","publisher":{"@id":"https:\/\/edengardenequipment.com\/#organization"},"potentialAction":[{"@type":"SearchAction","target":{"@type":"EntryPoint","urlTemplate":"https:\/\/edengardenequipment.com\/?s={search_term_string}"},"query-input":{"@type":"PropertyValueSpecification","valueRequired":true,"valueName":"search_term_string"}}],"inLanguage":"fr-FR"},{"@type":"Organization","@id":"https:\/\/edengardenequipment.com\/#organization","name":"Eden Garden Equipment","url":"https:\/\/edengardenequipment.com\/","logo":{"@type":"ImageObject","inLanguage":"fr-FR","@id":"https:\/\/edengardenequipment.com\/#\/schema\/logo\/image\/","url":"https:\/\/edengardenequipment.com\/wp-content\/uploads\/2023\/06\/cropped-Asset-1@2xnew2.png","contentUrl":"https:\/\/edengardenequipment.com\/wp-content\/uploads\/2023\/06\/cropped-Asset-1@2xnew2.png","width":512,"height":512,"caption":"Eden Garden Equipment"},"image":{"@id":"https:\/\/edengardenequipment.com\/#\/schema\/logo\/image\/"}}]}},"_links":{"self":[{"href":"https:\/\/edengardenequipment.com\/fr\/wp-json\/wp\/v2\/product\/8615","targetHints":{"allow":["GET"]}}],"collection":[{"href":"https:\/\/edengardenequipment.com\/fr\/wp-json\/wp\/v2\/product"}],"about":[{"href":"https:\/\/edengardenequipment.com\/fr\/wp-json\/wp\/v2\/types\/product"}],"replies":[{"embeddable":true,"href":"https:\/\/edengardenequipment.com\/fr\/wp-json\/wp\/v2\/comments?post=8615"}],"wp:featuredmedia":[{"embeddable":true,"href":"https:\/\/edengardenequipment.com\/fr\/wp-json\/wp\/v2\/media\/8617"}],"wp:attachment":[{"href":"https:\/\/edengardenequipment.com\/fr\/wp-json\/wp\/v2\/media?parent=8615"}],"wp:term":[{"taxonomy":"product_brand","embeddable":true,"href":"https:\/\/edengardenequipment.com\/fr\/wp-json\/wp\/v2\/product_brand?post=8615"},{"taxonomy":"product_cat","embeddable":true,"href":"https:\/\/edengardenequipment.com\/fr\/wp-json\/wp\/v2\/product_cat?post=8615"},{"taxonomy":"product_tag","embeddable":true,"href":"https:\/\/edengardenequipment.com\/fr\/wp-json\/wp\/v2\/product_tag?post=8615"}],"curies":[{"name":"wp","href":"https:\/\/api.w.org\/{rel}","templated":true}]}}