{"id":8740,"date":"2024-12-29T09:40:09","date_gmt":"2024-12-29T09:40:09","guid":{"rendered":"https:\/\/edengardenequipment.com\/?post_type=product&#038;p=8740"},"modified":"2025-02-14T15:13:19","modified_gmt":"2025-02-14T15:13:19","slug":"lightweight-splitting-axe","status":"publish","type":"product","link":"https:\/\/edengardenequipment.com\/fr\/produit\/lightweight-splitting-axe\/","title":{"rendered":"Hache de fendage l\u00e9g\u00e8re"},"content":{"rendered":"<h2>Hache de fendage l\u00e9g\u00e8re<\/h2>\n<p class=\"p1\">Nos haches de fendage l\u00e9g\u00e8res et expertes sont con\u00e7ues pour am\u00e9liorer chaque coup que vous faites. Que vous coupiez du bois de chauffage ou que vous vous attaquiez \u00e0 d&#039;autres activit\u00e9s de plein air comme le travail du bois, la construction, le camping, la randonn\u00e9e, le bushcraft ou la survie, nos haches sont l&#039;outil parfait pour vous faciliter la vie. Fabriqu\u00e9es par des artisans d\u00e9vou\u00e9s, nos haches sont r\u00e9put\u00e9es pour leur qualit\u00e9 et leur durabilit\u00e9, ce qui vous permet de compter sur elles pour tous vos besoins en plein air.<\/p>\n<p class=\"p1\">Hache de fendage l\u00e9g\u00e8re Caract\u00e9ristiques D\u00e9tails :<\/p>\n<ul>\n<li>\n<p class=\"p2\"><span class=\"s1\"><b>Tranchant ultra-tranchant, doublement tremp\u00e9 :<\/b> Assure une nettet\u00e9 et une pr\u00e9cision exceptionnelles pour tous vos besoins de coupe.<\/span><\/p>\n<\/li>\n<li>\n<p class=\"p1\"><span class=\"s1\"><b>\u00c9quilibre parfait :<\/b> Con\u00e7u pour les swings les plus s\u00fbrs, les plus confortables et les plus puissants.<\/span><\/p>\n<\/li>\n<li>\n<p class=\"p1\"><span class=\"s1\"><b>Mat\u00e9riau Fibercomp ultral\u00e9ger mais extr\u00eamement durable :<\/b> Fournit force et r\u00e9silience sans poids suppl\u00e9mentaire.<\/span><\/p>\n<\/li>\n<li>\n<p class=\"p1\"><span class=\"s1\"><b>Acier de haute qualit\u00e9 avec rev\u00eatement antifriction :<\/b> Am\u00e9liore l&#039;efficacit\u00e9 de la coupe et r\u00e9duit la r\u00e9sistance.<\/span><\/p>\n<\/li>\n<li>\n<p class=\"p1\"><span class=\"s1\"><b>Formes de lames optimis\u00e9es en termes de performances :<\/b> Con\u00e7u pour une efficacit\u00e9 et une efficience maximales.<\/span><\/p>\n<\/li>\n<li>\n<p class=\"p1\"><span class=\"s1\"><b>Poign\u00e9e anti-choc :<\/b> Offre une prise s\u00fbre et confortable qui minimise l&#039;impact et am\u00e9liore le contr\u00f4le.<\/span><\/p>\n<\/li>\n<li>\n<p class=\"p1\"><b>Mallette de rangement et de transport incluse :<\/b> Permet un transport et un stockage pratiques et s\u00fbrs de votre outil.<\/p>\n<\/li>\n<\/ul>","protected":false},"excerpt":{"rendered":"<p>APER\u00c7U RAPIDE<\/p>\n<p class=\"p1\">Nos haches fabriqu\u00e9es par des experts sont con\u00e7ues pour am\u00e9liorer chaque coup que vous faites. Que vous coupiez du bois de chauffage ou que vous vous attaquiez \u00e0 d&#039;autres activit\u00e9s de plein air comme le travail du bois, la construction, le camping, la randonn\u00e9e, le bushcraft ou la survie, nos haches sont l&#039;outil parfait pour vous faciliter la vie.<\/p>","protected":false},"featured_media":8751,"comment_status":"open","ping_status":"closed","template":"","meta":[],"product_brand":[],"product_cat":[249],"product_tag":[],"class_list":{"0":"post-8740","1":"product","2":"type-product","3":"status-publish","4":"has-post-thumbnail","6":"product_cat-garden-tools","8":"first","9":"instock","10":"sale","11":"taxable","12":"shipping-taxable","13":"purchasable","14":"product-type-simple"},"yoast_head":"<!-- This site is optimized with the Yoast SEO plugin v27.5 - https:\/\/yoast.com\/product\/yoast-seo-wordpress\/ -->\n<title>Lightweight splitting Axe - Eden Garden Equipment<\/title>\n<meta name=\"description\" content=\"Our expertly Lightweight splitting Axe are designed to enhance every swing you make. Whether you&#039;re chopping firewood or tackling other outdoor\" \/>\n<meta name=\"robots\" content=\"index, follow, max-snippet:-1, max-image-preview:large, max-video-preview:-1\" \/>\n<link rel=\"canonical\" href=\"https:\/\/edengardenequipment.com\/fr\/produit\/lightweight-splitting-axe\/\" \/>\n<meta property=\"og:locale\" content=\"fr_FR\" \/>\n<meta property=\"og:type\" content=\"article\" \/>\n<meta property=\"og:title\" content=\"Lightweight splitting Axe - Eden Garden Equipment\" \/>\n<meta property=\"og:description\" content=\"Our expertly Lightweight splitting Axe are designed to enhance every swing you make. Whether you&#039;re chopping firewood or tackling other outdoor\" \/>\n<meta property=\"og:url\" content=\"https:\/\/edengardenequipment.com\/fr\/produit\/lightweight-splitting-axe\/\" \/>\n<meta property=\"og:site_name\" content=\"Eden Garden Equipment\" \/>\n<meta property=\"article:modified_time\" content=\"2025-02-14T15:13:19+00:00\" \/>\n<meta property=\"og:image\" content=\"https:\/\/edengardenequipment.com\/wp-content\/uploads\/2024\/12\/axe-design-4-1.png\" \/>\n\t<meta property=\"og:image:width\" content=\"1000\" \/>\n\t<meta property=\"og:image:height\" content=\"1000\" \/>\n\t<meta property=\"og:image:type\" content=\"image\/png\" \/>\n<meta name=\"twitter:card\" content=\"summary_large_image\" \/>\n<meta name=\"twitter:label1\" content=\"Dur\u00e9e de lecture estim\u00e9e\" \/>\n\t<meta name=\"twitter:data1\" content=\"1 minute\" \/>\n<script type=\"application\/ld+json\" class=\"yoast-schema-graph\">{\"@context\":\"https:\\\/\\\/schema.org\",\"@graph\":[{\"@type\":\"WebPage\",\"@id\":\"https:\\\/\\\/edengardenequipment.com\\\/product\\\/lightweight-splitting-axe\\\/\",\"url\":\"https:\\\/\\\/edengardenequipment.com\\\/product\\\/lightweight-splitting-axe\\\/\",\"name\":\"Lightweight splitting Axe - Eden Garden Equipment\",\"isPartOf\":{\"@id\":\"https:\\\/\\\/edengardenequipment.com\\\/#website\"},\"primaryImageOfPage\":{\"@id\":\"https:\\\/\\\/edengardenequipment.com\\\/product\\\/lightweight-splitting-axe\\\/#primaryimage\"},\"image\":{\"@id\":\"https:\\\/\\\/edengardenequipment.com\\\/product\\\/lightweight-splitting-axe\\\/#primaryimage\"},\"thumbnailUrl\":\"https:\\\/\\\/edengardenequipment.com\\\/wp-content\\\/uploads\\\/2024\\\/12\\\/axe-design-4-1.png\",\"datePublished\":\"2024-12-29T09:40:09+00:00\",\"dateModified\":\"2025-02-14T15:13:19+00:00\",\"description\":\"Our expertly Lightweight splitting Axe are designed to enhance every swing you make. Whether you're chopping firewood or tackling other outdoor\",\"breadcrumb\":{\"@id\":\"https:\\\/\\\/edengardenequipment.com\\\/product\\\/lightweight-splitting-axe\\\/#breadcrumb\"},\"inLanguage\":\"fr-FR\",\"potentialAction\":[{\"@type\":\"ReadAction\",\"target\":[\"https:\\\/\\\/edengardenequipment.com\\\/product\\\/lightweight-splitting-axe\\\/\"]}]},{\"@type\":\"ImageObject\",\"inLanguage\":\"fr-FR\",\"@id\":\"https:\\\/\\\/edengardenequipment.com\\\/product\\\/lightweight-splitting-axe\\\/#primaryimage\",\"url\":\"https:\\\/\\\/edengardenequipment.com\\\/wp-content\\\/uploads\\\/2024\\\/12\\\/axe-design-4-1.png\",\"contentUrl\":\"https:\\\/\\\/edengardenequipment.com\\\/wp-content\\\/uploads\\\/2024\\\/12\\\/axe-design-4-1.png\",\"width\":1000,\"height\":1000,\"caption\":\"Lightweight splitting Axe\"},{\"@type\":\"BreadcrumbList\",\"@id\":\"https:\\\/\\\/edengardenequipment.com\\\/product\\\/lightweight-splitting-axe\\\/#breadcrumb\",\"itemListElement\":[{\"@type\":\"ListItem\",\"position\":1,\"name\":\"Home\",\"item\":\"https:\\\/\\\/edengardenequipment.com\\\/\"},{\"@type\":\"ListItem\",\"position\":2,\"name\":\"Shop\",\"item\":\"https:\\\/\\\/edengardenequipment.com\\\/shop\\\/\"},{\"@type\":\"ListItem\",\"position\":3,\"name\":\"Lightweight splitting Axe\"}]},{\"@type\":\"WebSite\",\"@id\":\"https:\\\/\\\/edengardenequipment.com\\\/#website\",\"url\":\"https:\\\/\\\/edengardenequipment.com\\\/\",\"name\":\"Eden Garden Equipment\",\"description\":\"Best Gardening Tools for Sale\",\"publisher\":{\"@id\":\"https:\\\/\\\/edengardenequipment.com\\\/#organization\"},\"potentialAction\":[{\"@type\":\"SearchAction\",\"target\":{\"@type\":\"EntryPoint\",\"urlTemplate\":\"https:\\\/\\\/edengardenequipment.com\\\/?s={search_term_string}\"},\"query-input\":{\"@type\":\"PropertyValueSpecification\",\"valueRequired\":true,\"valueName\":\"search_term_string\"}}],\"inLanguage\":\"fr-FR\"},{\"@type\":\"Organization\",\"@id\":\"https:\\\/\\\/edengardenequipment.com\\\/#organization\",\"name\":\"Eden Garden Equipment\",\"url\":\"https:\\\/\\\/edengardenequipment.com\\\/\",\"logo\":{\"@type\":\"ImageObject\",\"inLanguage\":\"fr-FR\",\"@id\":\"https:\\\/\\\/edengardenequipment.com\\\/#\\\/schema\\\/logo\\\/image\\\/\",\"url\":\"https:\\\/\\\/edengardenequipment.com\\\/wp-content\\\/uploads\\\/2023\\\/06\\\/cropped-Asset-1@2xnew2.png\",\"contentUrl\":\"https:\\\/\\\/edengardenequipment.com\\\/wp-content\\\/uploads\\\/2023\\\/06\\\/cropped-Asset-1@2xnew2.png\",\"width\":512,\"height\":512,\"caption\":\"Eden Garden Equipment\"},\"image\":{\"@id\":\"https:\\\/\\\/edengardenequipment.com\\\/#\\\/schema\\\/logo\\\/image\\\/\"}}]}<\/script>\n<!-- \/ Yoast SEO plugin. -->","yoast_head_json":{"title":"Lightweight splitting Axe - Eden Garden Equipment","description":"Our expertly Lightweight splitting Axe are designed to enhance every swing you make. Whether you're chopping firewood or tackling other outdoor","robots":{"index":"index","follow":"follow","max-snippet":"max-snippet:-1","max-image-preview":"max-image-preview:large","max-video-preview":"max-video-preview:-1"},"canonical":"https:\/\/edengardenequipment.com\/fr\/produit\/lightweight-splitting-axe\/","og_locale":"fr_FR","og_type":"article","og_title":"Lightweight splitting Axe - Eden Garden Equipment","og_description":"Our expertly Lightweight splitting Axe are designed to enhance every swing you make. Whether you're chopping firewood or tackling other outdoor","og_url":"https:\/\/edengardenequipment.com\/fr\/produit\/lightweight-splitting-axe\/","og_site_name":"Eden Garden Equipment","article_modified_time":"2025-02-14T15:13:19+00:00","og_image":[{"width":1000,"height":1000,"url":"https:\/\/edengardenequipment.com\/wp-content\/uploads\/2024\/12\/axe-design-4-1.png","type":"image\/png"}],"twitter_card":"summary_large_image","twitter_misc":{"Dur\u00e9e de lecture estim\u00e9e":"1 minute"},"schema":{"@context":"https:\/\/schema.org","@graph":[{"@type":"WebPage","@id":"https:\/\/edengardenequipment.com\/product\/lightweight-splitting-axe\/","url":"https:\/\/edengardenequipment.com\/product\/lightweight-splitting-axe\/","name":"Lightweight splitting Axe - Eden Garden Equipment","isPartOf":{"@id":"https:\/\/edengardenequipment.com\/#website"},"primaryImageOfPage":{"@id":"https:\/\/edengardenequipment.com\/product\/lightweight-splitting-axe\/#primaryimage"},"image":{"@id":"https:\/\/edengardenequipment.com\/product\/lightweight-splitting-axe\/#primaryimage"},"thumbnailUrl":"https:\/\/edengardenequipment.com\/wp-content\/uploads\/2024\/12\/axe-design-4-1.png","datePublished":"2024-12-29T09:40:09+00:00","dateModified":"2025-02-14T15:13:19+00:00","description":"Our expertly Lightweight splitting Axe are designed to enhance every swing you make. Whether you're chopping firewood or tackling other outdoor","breadcrumb":{"@id":"https:\/\/edengardenequipment.com\/product\/lightweight-splitting-axe\/#breadcrumb"},"inLanguage":"fr-FR","potentialAction":[{"@type":"ReadAction","target":["https:\/\/edengardenequipment.com\/product\/lightweight-splitting-axe\/"]}]},{"@type":"ImageObject","inLanguage":"fr-FR","@id":"https:\/\/edengardenequipment.com\/product\/lightweight-splitting-axe\/#primaryimage","url":"https:\/\/edengardenequipment.com\/wp-content\/uploads\/2024\/12\/axe-design-4-1.png","contentUrl":"https:\/\/edengardenequipment.com\/wp-content\/uploads\/2024\/12\/axe-design-4-1.png","width":1000,"height":1000,"caption":"Lightweight splitting Axe"},{"@type":"BreadcrumbList","@id":"https:\/\/edengardenequipment.com\/product\/lightweight-splitting-axe\/#breadcrumb","itemListElement":[{"@type":"ListItem","position":1,"name":"Home","item":"https:\/\/edengardenequipment.com\/"},{"@type":"ListItem","position":2,"name":"Shop","item":"https:\/\/edengardenequipment.com\/shop\/"},{"@type":"ListItem","position":3,"name":"Lightweight splitting Axe"}]},{"@type":"WebSite","@id":"https:\/\/edengardenequipment.com\/#website","url":"https:\/\/edengardenequipment.com\/","name":"Eden Garden Equipment","description":"Best Gardening Tools for Sale","publisher":{"@id":"https:\/\/edengardenequipment.com\/#organization"},"potentialAction":[{"@type":"SearchAction","target":{"@type":"EntryPoint","urlTemplate":"https:\/\/edengardenequipment.com\/?s={search_term_string}"},"query-input":{"@type":"PropertyValueSpecification","valueRequired":true,"valueName":"search_term_string"}}],"inLanguage":"fr-FR"},{"@type":"Organization","@id":"https:\/\/edengardenequipment.com\/#organization","name":"Eden Garden Equipment","url":"https:\/\/edengardenequipment.com\/","logo":{"@type":"ImageObject","inLanguage":"fr-FR","@id":"https:\/\/edengardenequipment.com\/#\/schema\/logo\/image\/","url":"https:\/\/edengardenequipment.com\/wp-content\/uploads\/2023\/06\/cropped-Asset-1@2xnew2.png","contentUrl":"https:\/\/edengardenequipment.com\/wp-content\/uploads\/2023\/06\/cropped-Asset-1@2xnew2.png","width":512,"height":512,"caption":"Eden Garden Equipment"},"image":{"@id":"https:\/\/edengardenequipment.com\/#\/schema\/logo\/image\/"}}]}},"_links":{"self":[{"href":"https:\/\/edengardenequipment.com\/fr\/wp-json\/wp\/v2\/product\/8740","targetHints":{"allow":["GET"]}}],"collection":[{"href":"https:\/\/edengardenequipment.com\/fr\/wp-json\/wp\/v2\/product"}],"about":[{"href":"https:\/\/edengardenequipment.com\/fr\/wp-json\/wp\/v2\/types\/product"}],"replies":[{"embeddable":true,"href":"https:\/\/edengardenequipment.com\/fr\/wp-json\/wp\/v2\/comments?post=8740"}],"wp:featuredmedia":[{"embeddable":true,"href":"https:\/\/edengardenequipment.com\/fr\/wp-json\/wp\/v2\/media\/8751"}],"wp:attachment":[{"href":"https:\/\/edengardenequipment.com\/fr\/wp-json\/wp\/v2\/media?parent=8740"}],"wp:term":[{"taxonomy":"product_brand","embeddable":true,"href":"https:\/\/edengardenequipment.com\/fr\/wp-json\/wp\/v2\/product_brand?post=8740"},{"taxonomy":"product_cat","embeddable":true,"href":"https:\/\/edengardenequipment.com\/fr\/wp-json\/wp\/v2\/product_cat?post=8740"},{"taxonomy":"product_tag","embeddable":true,"href":"https:\/\/edengardenequipment.com\/fr\/wp-json\/wp\/v2\/product_tag?post=8740"}],"curies":[{"name":"wp","href":"https:\/\/api.w.org\/{rel}","templated":true}]}}