{"id":8760,"date":"2024-12-29T09:43:06","date_gmt":"2024-12-29T09:43:06","guid":{"rendered":"https:\/\/edengardenequipment.com\/?post_type=product&#038;p=8760"},"modified":"2025-02-08T21:06:33","modified_gmt":"2025-02-08T21:06:33","slug":"folding-hand-saw","status":"publish","type":"product","link":"https:\/\/edengardenequipment.com\/fr\/produit\/folding-hand-saw\/","title":{"rendered":"Scie \u00e0 main pliante"},"content":{"rendered":"<h3><strong>Scie \u00e0 main pliante \u2013 Pr\u00e9cision, durabilit\u00e9 et efficacit\u00e9<\/strong><\/h3>\n<p>UN <strong>scie d&#039;\u00e9lagage pliante haute performance<\/strong> est un outil essentiel pour <strong>jardiniers, paysagistes et amateurs de plein air<\/strong>Con\u00e7u pour durer, il est dot\u00e9 d&#039;un <strong>Lame pliante de 180 mm<\/strong> fabriqu\u00e9 \u00e0 partir de <strong>acier chrom\u00e9<\/strong>, assurant <strong>r\u00e9sistance sup\u00e9rieure et r\u00e9sistance \u00e0 la rouille<\/strong>. De plus, le <strong>construction robuste<\/strong> et <strong>poign\u00e9e ergonomique<\/strong> offrent un excellent \u00e9quilibre et une facilit\u00e9 d&#039;utilisation. Bien que <strong>l\u00e9ger \u00e0 seulement 160 g<\/strong>, la scie reste <strong>robuste<\/strong>, le rendant <strong>id\u00e9al pour une utilisation prolong\u00e9e sans fatigue<\/strong>. Qu&#039;il s&#039;agisse de tailler des branches ou de s&#039;attaquer \u00e0 des travaux d&#039;\u00e9lagage intensifs, cette scie garantit <strong>efficacit\u00e9 et pr\u00e9cision<\/strong>.<\/p>\n<h3><strong>Performances de coupe sup\u00e9rieures<\/strong><\/h3>\n<p>Capable de couper <strong>branches jusqu&#039;\u00e0 85 mm de diam\u00e8tre<\/strong>, cette scie excelle dans <strong>tailler des arbres, des arbustes et s&#039;attaquer aux t\u00e2ches g\u00e9n\u00e9rales de jardinage<\/strong>. Le <strong>lame \u00e0 double dent<\/strong> am\u00e9liore <strong>long\u00e9vit\u00e9 et efficacit\u00e9<\/strong>, assurant <strong>coupes nettes et pr\u00e9cises<\/strong> avec un minimum d&#039;effort.<\/p>\n<p>De plus, le <strong>conception de lame conique<\/strong> r\u00e9duit la r\u00e9sistance, permettant <strong>sciage plus doux et plus rapide<\/strong>. \u00c9quip\u00e9 de <strong>quatre angles de coupe<\/strong>, il livre <strong>des coupes nettes qui favorisent une gu\u00e9rison plus rapide des tissus v\u00e9g\u00e9taux<\/strong>. Qu&#039;il s&#039;agisse d&#039;effectuer <strong>coupes longitudinales, coupes transversales ou coupes obliques<\/strong>, cette lame polyvalente s&#039;adapte \u00e0 divers besoins de taille. Gr\u00e2ce \u00e0 sa <strong>nettet\u00e9 exceptionnelle<\/strong>, chaque coupe est ressentie <strong>sans effort et pr\u00e9cis<\/strong>.<\/p>\n<p>Pour <strong>durabilit\u00e9 prolong\u00e9e<\/strong>, les dents subissent une <strong>proc\u00e9d\u00e9 de chauffage instantan\u00e9 et de durcissement par impulsion<\/strong>, en veillant \u00e0 ce qu&#039;ils restent <strong>trois fois plus net<\/strong> et durent beaucoup plus longtemps que les dents standard. Par cons\u00e9quent, l&#039;aff\u00fbtage est n\u00e9cessaire moins fr\u00e9quemment, ce qui permet de maintenir des performances \u00e9lev\u00e9es et constantes. Cela en fait un <strong>excellent investissement \u00e0 long terme<\/strong> pour les professionnels du jardinage et les amateurs.<\/p>\n<h3><strong>Confort et contr\u00f4le<\/strong><\/h3>\n<p>Une prise en main s\u00fbre et confortable est essentielle pour une taille efficace. <strong>poign\u00e9e ergonomique<\/strong> assure <strong>contr\u00f4le maximal<\/strong>, m\u00eame dans <strong>conditions froides ou humides<\/strong>Con\u00e7u pour <strong>r\u00e9duire la fatigue des mains<\/strong>, cela rend les s\u00e9ances de coupe prolong\u00e9es <strong>plus facile et plus efficace<\/strong>, permettant <strong>une poign\u00e9e lisse et antid\u00e9rapante<\/strong>.<\/p>\n<h3><strong>Caract\u00e9ristiques de la scie \u00e0 main pliante<\/strong><\/h3>\n<p>\u2705 <strong>Sciage rapide et pr\u00e9cis<\/strong> \u2013 Coupe facilement <strong>branches jusqu&#039;\u00e0 85 mm<\/strong>.<br \/>\n\u2705 <strong>Denture japonaise \u00e0 trois c\u00f4t\u00e9s<\/strong> \u2013 Am\u00e9liore <strong>efficacit\u00e9 de coupe<\/strong>.<br \/>\n\u2705 <strong>Poign\u00e9e ergonomique<\/strong> \u2013 Assure <strong>confort et adh\u00e9rence sup\u00e9rieure<\/strong>.<br \/>\n\u2705 <strong>Haute durabilit\u00e9<\/strong> \u2013 Acier chrom\u00e9 avec <strong>dents durcies par impulsion<\/strong>.<\/p>\n<p>Am\u00e9liorez votre exp\u00e9rience d&#039;\u00e9lagage avec ceci <strong>scie pliante polyvalente et ultra tranchante<\/strong>\u2014un incontournable pour tout <strong>jardinier ou amateur de plein air<\/strong>!<\/p>","protected":false},"excerpt":{"rendered":"<p>APER\u00c7U RAPIDE<\/p>\n<p class=\"p1\"><span class=\"s1\">La scie japonaise est une scie pliante nouvellement lanc\u00e9e par Eden Garden Equipment, con\u00e7ue sp\u00e9cifiquement pour les activit\u00e9s de plein air telles que la chasse et le camping.<\/span><\/p>","protected":false},"featured_media":8761,"comment_status":"open","ping_status":"closed","template":"","meta":[],"product_brand":[],"product_cat":[249],"product_tag":[],"class_list":{"0":"post-8760","1":"product","2":"type-product","3":"status-publish","4":"has-post-thumbnail","6":"product_cat-garden-tools","8":"first","9":"instock","10":"sale","11":"taxable","12":"shipping-taxable","13":"purchasable","14":"product-type-simple"},"yoast_head":"<!-- This site is optimized with the Yoast SEO plugin v27.5 - https:\/\/yoast.com\/product\/yoast-seo-wordpress\/ -->\n<title>Folding Hand Saw - Eden Garden Equipment<\/title>\n<meta name=\"description\" content=\"Upgrade your pruning experience with this lightweight, folding hand saw. Featuring a 180 mm chrome-plated steel blade with impulse-hardened double teeth,\" \/>\n<meta name=\"robots\" content=\"index, follow, max-snippet:-1, max-image-preview:large, max-video-preview:-1\" \/>\n<link rel=\"canonical\" href=\"https:\/\/edengardenequipment.com\/fr\/produit\/folding-hand-saw\/\" \/>\n<meta property=\"og:locale\" content=\"fr_FR\" \/>\n<meta property=\"og:type\" content=\"article\" \/>\n<meta property=\"og:title\" content=\"Folding Hand Saw - Eden Garden Equipment\" \/>\n<meta property=\"og:description\" content=\"Upgrade your pruning experience with this lightweight, folding hand saw. Featuring a 180 mm chrome-plated steel blade with impulse-hardened double teeth,\" \/>\n<meta property=\"og:url\" content=\"https:\/\/edengardenequipment.com\/fr\/produit\/folding-hand-saw\/\" \/>\n<meta property=\"og:site_name\" content=\"Eden Garden Equipment\" \/>\n<meta property=\"article:modified_time\" content=\"2025-02-08T21:06:33+00:00\" \/>\n<meta property=\"og:image\" content=\"https:\/\/edengardenequipment.com\/wp-content\/uploads\/2024\/12\/Design-sans-titre-4.png\" \/>\n\t<meta property=\"og:image:width\" content=\"1000\" \/>\n\t<meta property=\"og:image:height\" content=\"1000\" \/>\n\t<meta property=\"og:image:type\" content=\"image\/png\" \/>\n<meta name=\"twitter:card\" content=\"summary_large_image\" \/>\n<meta name=\"twitter:label1\" content=\"Dur\u00e9e de lecture estim\u00e9e\" \/>\n\t<meta name=\"twitter:data1\" content=\"2 minutes\" \/>\n<script type=\"application\/ld+json\" class=\"yoast-schema-graph\">{\"@context\":\"https:\\\/\\\/schema.org\",\"@graph\":[{\"@type\":\"WebPage\",\"@id\":\"https:\\\/\\\/edengardenequipment.com\\\/product\\\/folding-hand-saw\\\/\",\"url\":\"https:\\\/\\\/edengardenequipment.com\\\/product\\\/folding-hand-saw\\\/\",\"name\":\"Folding Hand Saw - Eden Garden Equipment\",\"isPartOf\":{\"@id\":\"https:\\\/\\\/edengardenequipment.com\\\/#website\"},\"primaryImageOfPage\":{\"@id\":\"https:\\\/\\\/edengardenequipment.com\\\/product\\\/folding-hand-saw\\\/#primaryimage\"},\"image\":{\"@id\":\"https:\\\/\\\/edengardenequipment.com\\\/product\\\/folding-hand-saw\\\/#primaryimage\"},\"thumbnailUrl\":\"https:\\\/\\\/edengardenequipment.com\\\/wp-content\\\/uploads\\\/2024\\\/12\\\/Design-sans-titre-4.png\",\"datePublished\":\"2024-12-29T09:43:06+00:00\",\"dateModified\":\"2025-02-08T21:06:33+00:00\",\"description\":\"Upgrade your pruning experience with this lightweight, folding hand saw. Featuring a 180 mm chrome-plated steel blade with impulse-hardened double teeth,\",\"breadcrumb\":{\"@id\":\"https:\\\/\\\/edengardenequipment.com\\\/product\\\/folding-hand-saw\\\/#breadcrumb\"},\"inLanguage\":\"fr-FR\",\"potentialAction\":[{\"@type\":\"ReadAction\",\"target\":[\"https:\\\/\\\/edengardenequipment.com\\\/product\\\/folding-hand-saw\\\/\"]}]},{\"@type\":\"ImageObject\",\"inLanguage\":\"fr-FR\",\"@id\":\"https:\\\/\\\/edengardenequipment.com\\\/product\\\/folding-hand-saw\\\/#primaryimage\",\"url\":\"https:\\\/\\\/edengardenequipment.com\\\/wp-content\\\/uploads\\\/2024\\\/12\\\/Design-sans-titre-4.png\",\"contentUrl\":\"https:\\\/\\\/edengardenequipment.com\\\/wp-content\\\/uploads\\\/2024\\\/12\\\/Design-sans-titre-4.png\",\"width\":1000,\"height\":1000,\"caption\":\"Folding Hand Saw\"},{\"@type\":\"BreadcrumbList\",\"@id\":\"https:\\\/\\\/edengardenequipment.com\\\/product\\\/folding-hand-saw\\\/#breadcrumb\",\"itemListElement\":[{\"@type\":\"ListItem\",\"position\":1,\"name\":\"Home\",\"item\":\"https:\\\/\\\/edengardenequipment.com\\\/\"},{\"@type\":\"ListItem\",\"position\":2,\"name\":\"Shop\",\"item\":\"https:\\\/\\\/edengardenequipment.com\\\/shop\\\/\"},{\"@type\":\"ListItem\",\"position\":3,\"name\":\"Folding Hand Saw\"}]},{\"@type\":\"WebSite\",\"@id\":\"https:\\\/\\\/edengardenequipment.com\\\/#website\",\"url\":\"https:\\\/\\\/edengardenequipment.com\\\/\",\"name\":\"Eden Garden Equipment\",\"description\":\"Best Gardening Tools for Sale\",\"publisher\":{\"@id\":\"https:\\\/\\\/edengardenequipment.com\\\/#organization\"},\"potentialAction\":[{\"@type\":\"SearchAction\",\"target\":{\"@type\":\"EntryPoint\",\"urlTemplate\":\"https:\\\/\\\/edengardenequipment.com\\\/?s={search_term_string}\"},\"query-input\":{\"@type\":\"PropertyValueSpecification\",\"valueRequired\":true,\"valueName\":\"search_term_string\"}}],\"inLanguage\":\"fr-FR\"},{\"@type\":\"Organization\",\"@id\":\"https:\\\/\\\/edengardenequipment.com\\\/#organization\",\"name\":\"Eden Garden Equipment\",\"url\":\"https:\\\/\\\/edengardenequipment.com\\\/\",\"logo\":{\"@type\":\"ImageObject\",\"inLanguage\":\"fr-FR\",\"@id\":\"https:\\\/\\\/edengardenequipment.com\\\/#\\\/schema\\\/logo\\\/image\\\/\",\"url\":\"https:\\\/\\\/edengardenequipment.com\\\/wp-content\\\/uploads\\\/2023\\\/06\\\/cropped-Asset-1@2xnew2.png\",\"contentUrl\":\"https:\\\/\\\/edengardenequipment.com\\\/wp-content\\\/uploads\\\/2023\\\/06\\\/cropped-Asset-1@2xnew2.png\",\"width\":512,\"height\":512,\"caption\":\"Eden Garden Equipment\"},\"image\":{\"@id\":\"https:\\\/\\\/edengardenequipment.com\\\/#\\\/schema\\\/logo\\\/image\\\/\"}}]}<\/script>\n<!-- \/ Yoast SEO plugin. -->","yoast_head_json":{"title":"Folding Hand Saw - Eden Garden Equipment","description":"Upgrade your pruning experience with this lightweight, folding hand saw. Featuring a 180 mm chrome-plated steel blade with impulse-hardened double teeth,","robots":{"index":"index","follow":"follow","max-snippet":"max-snippet:-1","max-image-preview":"max-image-preview:large","max-video-preview":"max-video-preview:-1"},"canonical":"https:\/\/edengardenequipment.com\/fr\/produit\/folding-hand-saw\/","og_locale":"fr_FR","og_type":"article","og_title":"Folding Hand Saw - Eden Garden Equipment","og_description":"Upgrade your pruning experience with this lightweight, folding hand saw. Featuring a 180 mm chrome-plated steel blade with impulse-hardened double teeth,","og_url":"https:\/\/edengardenequipment.com\/fr\/produit\/folding-hand-saw\/","og_site_name":"Eden Garden Equipment","article_modified_time":"2025-02-08T21:06:33+00:00","og_image":[{"width":1000,"height":1000,"url":"https:\/\/edengardenequipment.com\/wp-content\/uploads\/2024\/12\/Design-sans-titre-4.png","type":"image\/png"}],"twitter_card":"summary_large_image","twitter_misc":{"Dur\u00e9e de lecture estim\u00e9e":"2 minutes"},"schema":{"@context":"https:\/\/schema.org","@graph":[{"@type":"WebPage","@id":"https:\/\/edengardenequipment.com\/product\/folding-hand-saw\/","url":"https:\/\/edengardenequipment.com\/product\/folding-hand-saw\/","name":"Folding Hand Saw - Eden Garden Equipment","isPartOf":{"@id":"https:\/\/edengardenequipment.com\/#website"},"primaryImageOfPage":{"@id":"https:\/\/edengardenequipment.com\/product\/folding-hand-saw\/#primaryimage"},"image":{"@id":"https:\/\/edengardenequipment.com\/product\/folding-hand-saw\/#primaryimage"},"thumbnailUrl":"https:\/\/edengardenequipment.com\/wp-content\/uploads\/2024\/12\/Design-sans-titre-4.png","datePublished":"2024-12-29T09:43:06+00:00","dateModified":"2025-02-08T21:06:33+00:00","description":"Upgrade your pruning experience with this lightweight, folding hand saw. Featuring a 180 mm chrome-plated steel blade with impulse-hardened double teeth,","breadcrumb":{"@id":"https:\/\/edengardenequipment.com\/product\/folding-hand-saw\/#breadcrumb"},"inLanguage":"fr-FR","potentialAction":[{"@type":"ReadAction","target":["https:\/\/edengardenequipment.com\/product\/folding-hand-saw\/"]}]},{"@type":"ImageObject","inLanguage":"fr-FR","@id":"https:\/\/edengardenequipment.com\/product\/folding-hand-saw\/#primaryimage","url":"https:\/\/edengardenequipment.com\/wp-content\/uploads\/2024\/12\/Design-sans-titre-4.png","contentUrl":"https:\/\/edengardenequipment.com\/wp-content\/uploads\/2024\/12\/Design-sans-titre-4.png","width":1000,"height":1000,"caption":"Folding Hand Saw"},{"@type":"BreadcrumbList","@id":"https:\/\/edengardenequipment.com\/product\/folding-hand-saw\/#breadcrumb","itemListElement":[{"@type":"ListItem","position":1,"name":"Home","item":"https:\/\/edengardenequipment.com\/"},{"@type":"ListItem","position":2,"name":"Shop","item":"https:\/\/edengardenequipment.com\/shop\/"},{"@type":"ListItem","position":3,"name":"Folding Hand Saw"}]},{"@type":"WebSite","@id":"https:\/\/edengardenequipment.com\/#website","url":"https:\/\/edengardenequipment.com\/","name":"Eden Garden Equipment","description":"Best Gardening Tools for Sale","publisher":{"@id":"https:\/\/edengardenequipment.com\/#organization"},"potentialAction":[{"@type":"SearchAction","target":{"@type":"EntryPoint","urlTemplate":"https:\/\/edengardenequipment.com\/?s={search_term_string}"},"query-input":{"@type":"PropertyValueSpecification","valueRequired":true,"valueName":"search_term_string"}}],"inLanguage":"fr-FR"},{"@type":"Organization","@id":"https:\/\/edengardenequipment.com\/#organization","name":"Eden Garden Equipment","url":"https:\/\/edengardenequipment.com\/","logo":{"@type":"ImageObject","inLanguage":"fr-FR","@id":"https:\/\/edengardenequipment.com\/#\/schema\/logo\/image\/","url":"https:\/\/edengardenequipment.com\/wp-content\/uploads\/2023\/06\/cropped-Asset-1@2xnew2.png","contentUrl":"https:\/\/edengardenequipment.com\/wp-content\/uploads\/2023\/06\/cropped-Asset-1@2xnew2.png","width":512,"height":512,"caption":"Eden Garden Equipment"},"image":{"@id":"https:\/\/edengardenequipment.com\/#\/schema\/logo\/image\/"}}]}},"_links":{"self":[{"href":"https:\/\/edengardenequipment.com\/fr\/wp-json\/wp\/v2\/product\/8760","targetHints":{"allow":["GET"]}}],"collection":[{"href":"https:\/\/edengardenequipment.com\/fr\/wp-json\/wp\/v2\/product"}],"about":[{"href":"https:\/\/edengardenequipment.com\/fr\/wp-json\/wp\/v2\/types\/product"}],"replies":[{"embeddable":true,"href":"https:\/\/edengardenequipment.com\/fr\/wp-json\/wp\/v2\/comments?post=8760"}],"wp:featuredmedia":[{"embeddable":true,"href":"https:\/\/edengardenequipment.com\/fr\/wp-json\/wp\/v2\/media\/8761"}],"wp:attachment":[{"href":"https:\/\/edengardenequipment.com\/fr\/wp-json\/wp\/v2\/media?parent=8760"}],"wp:term":[{"taxonomy":"product_brand","embeddable":true,"href":"https:\/\/edengardenequipment.com\/fr\/wp-json\/wp\/v2\/product_brand?post=8760"},{"taxonomy":"product_cat","embeddable":true,"href":"https:\/\/edengardenequipment.com\/fr\/wp-json\/wp\/v2\/product_cat?post=8760"},{"taxonomy":"product_tag","embeddable":true,"href":"https:\/\/edengardenequipment.com\/fr\/wp-json\/wp\/v2\/product_tag?post=8760"}],"curies":[{"name":"wp","href":"https:\/\/api.w.org\/{rel}","templated":true}]}}