{"id":8765,"date":"2024-12-29T09:42:31","date_gmt":"2024-12-29T09:42:31","guid":{"rendered":"https:\/\/edengardenequipment.com\/?post_type=product&#038;p=8765"},"modified":"2025-02-09T08:56:10","modified_gmt":"2025-02-09T08:56:10","slug":"rolling-system-secateur","status":"publish","type":"product","link":"https:\/\/edengardenequipment.com\/fr\/produit\/rolling-system-secateur\/","title":{"rendered":"S\u00e9cateur \u00e0 syst\u00e8me roulant"},"content":{"rendered":"<h2>S\u00e9cateur \u00e0 syst\u00e8me roulant<\/h2>\n<p class=\"p1\"><span class=\"s1\">Pr\u00e9sentation du s\u00e9cateur \u00e0 syst\u00e8me de roulement rapide, puissant et pr\u00e9cis<\/span><\/p>\n<p class=\"p1\"><span class=\"s1\">Con\u00e7u pour la durabilit\u00e9 et l&#039;efficacit\u00e9, ce s\u00e9cateur est dot\u00e9 d&#039;un rouleau en acier robuste qui propulse la lame dans un mouvement elliptique, am\u00e9liorant ainsi la force de coupe. Sa conception ergonomique et sym\u00e9trique assure une prise en main confortable pour tous les utilisateurs, ce qui en fait le choix pr\u00e9f\u00e9r\u00e9 des professionnels.<\/span><\/p>\n<p class=\"p1\"><span class=\"s1\">Des tiges florales d\u00e9licates aux branches d&#039;arbres robustes, ce s\u00e9cateur allie puissance et pr\u00e9cision pour r\u00e9pondre aux exigences les plus \u00e9lev\u00e9es. Id\u00e9al pour l&#039;entretien et la taille d&#039;une large gamme de plantes, notre syst\u00e8me de s\u00e9cateur \u00e0 rouleaux g\u00e8re sans effort les branches de 1 mm \u00e0 30 mm de diam\u00e8tre. Equip\u00e9 d&#039;un syst\u00e8me de molette en c\u00e9ramique, il acc\u00e9l\u00e8re la coupe, garantissant des coupes nettes et rapides avec un minimum d&#039;effort.<\/span><\/p>\n<p class=\"p1\"><span class=\"s1\">La lame \u00e0 haute teneur en biocarbone garantit des coupes nettes et pr\u00e9cises, tandis que la<span class=\"Apple-converted-space\">\u00a0 <\/span>M\u00e9canisme assurant une finition nette. Parfait pour la taille des lauriers et des rosiers, la conception l\u00e9g\u00e8re et ergonomique du s\u00e9cateur \u00e0 rouleaux d\u00e9multipli\u00e9s en fait l&#039;outil le plus agr\u00e9able pour les petits et moyens travaux de taille jusqu&#039;\u00e0 3 cm de diam\u00e8tre. C&#039;est l&#039;outil id\u00e9al pour l&#039;entretien des fleurs, des rosiers et des arbustes.\u00a0<\/span><\/p>\n<h3 class=\"p1\"><span class=\"s1\">Sp\u00e9cifications techniques :<\/span><\/h3>\n<ul class=\"ul1\">\n<li class=\"li2\"><span class=\"s1\">Capacit\u00e9 de coupe : Jusqu&#039;\u00e0 30 millim\u00e8tres de diam\u00e8tre.<\/span><\/li>\n<li class=\"li2\"><span class=\"s1\">Poids : 200 g, dot\u00e9 d&#039;un corps en aluminium r\u00e9sistant \u00e0 la rouille.<\/span><\/li>\n<li class=\"li2\"><span class=\"s1\">Ambidextre : convient aussi bien aux droitiers qu&#039;aux gauchers.<\/span><\/li>\n<li class=\"li2\"><span class=\"s1\">Prise en main confortable : Poign\u00e9e ergonomique avec rev\u00eatement antid\u00e9rapant.<\/span><\/li>\n<li class=\"li2\"><span class=\"s1\">Lame en acier \u00e0 haute teneur en carbone : Lame SK5, r\u00e9put\u00e9e pour sa r\u00e9sistance.<\/span><\/li>\n<li class=\"li2\"><span class=\"s1\">P\u00e9n\u00e9tration am\u00e9lior\u00e9e : lame rev\u00eatue de T\u00e9flon pour une qualit\u00e9 de coupe optimis\u00e9e.<\/span><\/li>\n<li class=\"li2\"><span class=\"s1\">R\u00e9aff\u00fbtable : La lame peut \u00eatre aff\u00fbt\u00e9e pour une utilisation prolong\u00e9e.<\/span><\/li>\n<li class=\"li2\"><span class=\"s1\">Protection des articulations : L&#039;enclume comprend un absorbeur de vibrations pour prot\u00e9ger vos articulations.<\/span><\/li>\n<li class=\"li2\"><span class=\"s1\">Coupe sans effort : le rouleau dans la poign\u00e9e permet une coupe facile en une seule pression.<\/span><\/li>\n<li class=\"li2\"><span class=\"s1\">Stockage : Livr\u00e9 avec une pochette de rangement.<\/span><\/li>\n<li><strong>Verrouillage de s\u00e9curit\u00e9 :<\/strong> Dispose d&#039;un m\u00e9canisme de verrouillage s\u00e9curis\u00e9 pour un stockage et un transport en toute s\u00e9curit\u00e9.<\/li>\n<li><strong>Utilisation polyvalente :<\/strong> Id\u00e9al pour tailler les fleurs, les arbustes et les petites branches avec pr\u00e9cision.<\/li>\n<\/ul>\n<p class=\"p1\"><span class=\"s1\">D\u00e9couvrez la combinaison de vitesse, de puissance et de pr\u00e9cision avec ce s\u00e9cateur \u00e0 rouleau haut de gamme, parfait pour tous vos besoins d&#039;\u00e9lagage.<\/span><\/p>","protected":false},"excerpt":{"rendered":"<p>APER\u00c7U RAPIDE<\/p>\n<p><span class=\"s1\">Pr\u00e9sentation du s\u00e9cateur \u00e0 syst\u00e8me de roulement rapide, puissant et pr\u00e9cis<\/span><\/p>\n<p>&nbsp;<\/p>","protected":false},"featured_media":8766,"comment_status":"open","ping_status":"closed","template":"","meta":[],"product_brand":[],"product_cat":[249],"product_tag":[],"class_list":{"0":"post-8765","1":"product","2":"type-product","3":"status-publish","4":"has-post-thumbnail","6":"product_cat-garden-tools","8":"first","9":"instock","10":"sale","11":"taxable","12":"shipping-taxable","13":"purchasable","14":"product-type-simple"},"yoast_head":"<!-- This site is optimized with the Yoast SEO plugin v27.5 - https:\/\/yoast.com\/product\/yoast-seo-wordpress\/ -->\n<title>Rolling System Secateur - Eden Garden Equipment<\/title>\n<meta name=\"description\" content=\"Experience effortless pruning with the Rolling System Secateur. Featuring a high-carbon SK5 steel blade, ergonomic non slip handle.\" \/>\n<meta name=\"robots\" content=\"index, follow, max-snippet:-1, max-image-preview:large, max-video-preview:-1\" \/>\n<link rel=\"canonical\" href=\"https:\/\/edengardenequipment.com\/fr\/produit\/rolling-system-secateur\/\" \/>\n<meta property=\"og:locale\" content=\"fr_FR\" \/>\n<meta property=\"og:type\" content=\"article\" \/>\n<meta property=\"og:title\" content=\"Rolling System Secateur - Eden Garden Equipment\" \/>\n<meta property=\"og:description\" content=\"Experience effortless pruning with the Rolling System Secateur. Featuring a high-carbon SK5 steel blade, ergonomic non slip handle.\" \/>\n<meta property=\"og:url\" content=\"https:\/\/edengardenequipment.com\/fr\/produit\/rolling-system-secateur\/\" \/>\n<meta property=\"og:site_name\" content=\"Eden Garden Equipment\" \/>\n<meta property=\"article:modified_time\" content=\"2025-02-09T08:56:10+00:00\" \/>\n<meta property=\"og:image\" content=\"https:\/\/edengardenequipment.com\/wp-content\/uploads\/2024\/12\/Design-sans-titre-5.png\" \/>\n\t<meta property=\"og:image:width\" content=\"1000\" \/>\n\t<meta property=\"og:image:height\" content=\"1000\" \/>\n\t<meta property=\"og:image:type\" content=\"image\/png\" \/>\n<meta name=\"twitter:card\" content=\"summary_large_image\" \/>\n<meta name=\"twitter:label1\" content=\"Dur\u00e9e de lecture estim\u00e9e\" \/>\n\t<meta name=\"twitter:data1\" content=\"2 minutes\" \/>\n<script type=\"application\/ld+json\" class=\"yoast-schema-graph\">{\"@context\":\"https:\\\/\\\/schema.org\",\"@graph\":[{\"@type\":\"WebPage\",\"@id\":\"https:\\\/\\\/edengardenequipment.com\\\/product\\\/rolling-system-secateur\\\/\",\"url\":\"https:\\\/\\\/edengardenequipment.com\\\/product\\\/rolling-system-secateur\\\/\",\"name\":\"Rolling System Secateur - Eden Garden Equipment\",\"isPartOf\":{\"@id\":\"https:\\\/\\\/edengardenequipment.com\\\/#website\"},\"primaryImageOfPage\":{\"@id\":\"https:\\\/\\\/edengardenequipment.com\\\/product\\\/rolling-system-secateur\\\/#primaryimage\"},\"image\":{\"@id\":\"https:\\\/\\\/edengardenequipment.com\\\/product\\\/rolling-system-secateur\\\/#primaryimage\"},\"thumbnailUrl\":\"https:\\\/\\\/edengardenequipment.com\\\/wp-content\\\/uploads\\\/2024\\\/12\\\/Design-sans-titre-5.png\",\"datePublished\":\"2024-12-29T09:42:31+00:00\",\"dateModified\":\"2025-02-09T08:56:10+00:00\",\"description\":\"Experience effortless pruning with the Rolling System Secateur. Featuring a high-carbon SK5 steel blade, ergonomic non slip handle.\",\"breadcrumb\":{\"@id\":\"https:\\\/\\\/edengardenequipment.com\\\/product\\\/rolling-system-secateur\\\/#breadcrumb\"},\"inLanguage\":\"fr-FR\",\"potentialAction\":[{\"@type\":\"ReadAction\",\"target\":[\"https:\\\/\\\/edengardenequipment.com\\\/product\\\/rolling-system-secateur\\\/\"]}]},{\"@type\":\"ImageObject\",\"inLanguage\":\"fr-FR\",\"@id\":\"https:\\\/\\\/edengardenequipment.com\\\/product\\\/rolling-system-secateur\\\/#primaryimage\",\"url\":\"https:\\\/\\\/edengardenequipment.com\\\/wp-content\\\/uploads\\\/2024\\\/12\\\/Design-sans-titre-5.png\",\"contentUrl\":\"https:\\\/\\\/edengardenequipment.com\\\/wp-content\\\/uploads\\\/2024\\\/12\\\/Design-sans-titre-5.png\",\"width\":1000,\"height\":1000,\"caption\":\"Rolling System Secateur\"},{\"@type\":\"BreadcrumbList\",\"@id\":\"https:\\\/\\\/edengardenequipment.com\\\/product\\\/rolling-system-secateur\\\/#breadcrumb\",\"itemListElement\":[{\"@type\":\"ListItem\",\"position\":1,\"name\":\"Home\",\"item\":\"https:\\\/\\\/edengardenequipment.com\\\/\"},{\"@type\":\"ListItem\",\"position\":2,\"name\":\"Shop\",\"item\":\"https:\\\/\\\/edengardenequipment.com\\\/shop\\\/\"},{\"@type\":\"ListItem\",\"position\":3,\"name\":\"Rolling System Secateur\"}]},{\"@type\":\"WebSite\",\"@id\":\"https:\\\/\\\/edengardenequipment.com\\\/#website\",\"url\":\"https:\\\/\\\/edengardenequipment.com\\\/\",\"name\":\"Eden Garden Equipment\",\"description\":\"Best Gardening Tools for Sale\",\"publisher\":{\"@id\":\"https:\\\/\\\/edengardenequipment.com\\\/#organization\"},\"potentialAction\":[{\"@type\":\"SearchAction\",\"target\":{\"@type\":\"EntryPoint\",\"urlTemplate\":\"https:\\\/\\\/edengardenequipment.com\\\/?s={search_term_string}\"},\"query-input\":{\"@type\":\"PropertyValueSpecification\",\"valueRequired\":true,\"valueName\":\"search_term_string\"}}],\"inLanguage\":\"fr-FR\"},{\"@type\":\"Organization\",\"@id\":\"https:\\\/\\\/edengardenequipment.com\\\/#organization\",\"name\":\"Eden Garden Equipment\",\"url\":\"https:\\\/\\\/edengardenequipment.com\\\/\",\"logo\":{\"@type\":\"ImageObject\",\"inLanguage\":\"fr-FR\",\"@id\":\"https:\\\/\\\/edengardenequipment.com\\\/#\\\/schema\\\/logo\\\/image\\\/\",\"url\":\"https:\\\/\\\/edengardenequipment.com\\\/wp-content\\\/uploads\\\/2023\\\/06\\\/cropped-Asset-1@2xnew2.png\",\"contentUrl\":\"https:\\\/\\\/edengardenequipment.com\\\/wp-content\\\/uploads\\\/2023\\\/06\\\/cropped-Asset-1@2xnew2.png\",\"width\":512,\"height\":512,\"caption\":\"Eden Garden Equipment\"},\"image\":{\"@id\":\"https:\\\/\\\/edengardenequipment.com\\\/#\\\/schema\\\/logo\\\/image\\\/\"}}]}<\/script>\n<!-- \/ Yoast SEO plugin. -->","yoast_head_json":{"title":"Rolling System Secateur - Eden Garden Equipment","description":"Experience effortless pruning with the Rolling System Secateur. Featuring a high-carbon SK5 steel blade, ergonomic non slip handle.","robots":{"index":"index","follow":"follow","max-snippet":"max-snippet:-1","max-image-preview":"max-image-preview:large","max-video-preview":"max-video-preview:-1"},"canonical":"https:\/\/edengardenequipment.com\/fr\/produit\/rolling-system-secateur\/","og_locale":"fr_FR","og_type":"article","og_title":"Rolling System Secateur - Eden Garden Equipment","og_description":"Experience effortless pruning with the Rolling System Secateur. Featuring a high-carbon SK5 steel blade, ergonomic non slip handle.","og_url":"https:\/\/edengardenequipment.com\/fr\/produit\/rolling-system-secateur\/","og_site_name":"Eden Garden Equipment","article_modified_time":"2025-02-09T08:56:10+00:00","og_image":[{"width":1000,"height":1000,"url":"https:\/\/edengardenequipment.com\/wp-content\/uploads\/2024\/12\/Design-sans-titre-5.png","type":"image\/png"}],"twitter_card":"summary_large_image","twitter_misc":{"Dur\u00e9e de lecture estim\u00e9e":"2 minutes"},"schema":{"@context":"https:\/\/schema.org","@graph":[{"@type":"WebPage","@id":"https:\/\/edengardenequipment.com\/product\/rolling-system-secateur\/","url":"https:\/\/edengardenequipment.com\/product\/rolling-system-secateur\/","name":"Rolling System Secateur - Eden Garden Equipment","isPartOf":{"@id":"https:\/\/edengardenequipment.com\/#website"},"primaryImageOfPage":{"@id":"https:\/\/edengardenequipment.com\/product\/rolling-system-secateur\/#primaryimage"},"image":{"@id":"https:\/\/edengardenequipment.com\/product\/rolling-system-secateur\/#primaryimage"},"thumbnailUrl":"https:\/\/edengardenequipment.com\/wp-content\/uploads\/2024\/12\/Design-sans-titre-5.png","datePublished":"2024-12-29T09:42:31+00:00","dateModified":"2025-02-09T08:56:10+00:00","description":"Experience effortless pruning with the Rolling System Secateur. Featuring a high-carbon SK5 steel blade, ergonomic non slip handle.","breadcrumb":{"@id":"https:\/\/edengardenequipment.com\/product\/rolling-system-secateur\/#breadcrumb"},"inLanguage":"fr-FR","potentialAction":[{"@type":"ReadAction","target":["https:\/\/edengardenequipment.com\/product\/rolling-system-secateur\/"]}]},{"@type":"ImageObject","inLanguage":"fr-FR","@id":"https:\/\/edengardenequipment.com\/product\/rolling-system-secateur\/#primaryimage","url":"https:\/\/edengardenequipment.com\/wp-content\/uploads\/2024\/12\/Design-sans-titre-5.png","contentUrl":"https:\/\/edengardenequipment.com\/wp-content\/uploads\/2024\/12\/Design-sans-titre-5.png","width":1000,"height":1000,"caption":"Rolling System Secateur"},{"@type":"BreadcrumbList","@id":"https:\/\/edengardenequipment.com\/product\/rolling-system-secateur\/#breadcrumb","itemListElement":[{"@type":"ListItem","position":1,"name":"Home","item":"https:\/\/edengardenequipment.com\/"},{"@type":"ListItem","position":2,"name":"Shop","item":"https:\/\/edengardenequipment.com\/shop\/"},{"@type":"ListItem","position":3,"name":"Rolling System Secateur"}]},{"@type":"WebSite","@id":"https:\/\/edengardenequipment.com\/#website","url":"https:\/\/edengardenequipment.com\/","name":"Eden Garden Equipment","description":"Best Gardening Tools for Sale","publisher":{"@id":"https:\/\/edengardenequipment.com\/#organization"},"potentialAction":[{"@type":"SearchAction","target":{"@type":"EntryPoint","urlTemplate":"https:\/\/edengardenequipment.com\/?s={search_term_string}"},"query-input":{"@type":"PropertyValueSpecification","valueRequired":true,"valueName":"search_term_string"}}],"inLanguage":"fr-FR"},{"@type":"Organization","@id":"https:\/\/edengardenequipment.com\/#organization","name":"Eden Garden Equipment","url":"https:\/\/edengardenequipment.com\/","logo":{"@type":"ImageObject","inLanguage":"fr-FR","@id":"https:\/\/edengardenequipment.com\/#\/schema\/logo\/image\/","url":"https:\/\/edengardenequipment.com\/wp-content\/uploads\/2023\/06\/cropped-Asset-1@2xnew2.png","contentUrl":"https:\/\/edengardenequipment.com\/wp-content\/uploads\/2023\/06\/cropped-Asset-1@2xnew2.png","width":512,"height":512,"caption":"Eden Garden Equipment"},"image":{"@id":"https:\/\/edengardenequipment.com\/#\/schema\/logo\/image\/"}}]}},"_links":{"self":[{"href":"https:\/\/edengardenequipment.com\/fr\/wp-json\/wp\/v2\/product\/8765","targetHints":{"allow":["GET"]}}],"collection":[{"href":"https:\/\/edengardenequipment.com\/fr\/wp-json\/wp\/v2\/product"}],"about":[{"href":"https:\/\/edengardenequipment.com\/fr\/wp-json\/wp\/v2\/types\/product"}],"replies":[{"embeddable":true,"href":"https:\/\/edengardenequipment.com\/fr\/wp-json\/wp\/v2\/comments?post=8765"}],"wp:featuredmedia":[{"embeddable":true,"href":"https:\/\/edengardenequipment.com\/fr\/wp-json\/wp\/v2\/media\/8766"}],"wp:attachment":[{"href":"https:\/\/edengardenequipment.com\/fr\/wp-json\/wp\/v2\/media?parent=8765"}],"wp:term":[{"taxonomy":"product_brand","embeddable":true,"href":"https:\/\/edengardenequipment.com\/fr\/wp-json\/wp\/v2\/product_brand?post=8765"},{"taxonomy":"product_cat","embeddable":true,"href":"https:\/\/edengardenequipment.com\/fr\/wp-json\/wp\/v2\/product_cat?post=8765"},{"taxonomy":"product_tag","embeddable":true,"href":"https:\/\/edengardenequipment.com\/fr\/wp-json\/wp\/v2\/product_tag?post=8765"}],"curies":[{"name":"wp","href":"https:\/\/api.w.org\/{rel}","templated":true}]}}