{"id":8768,"date":"2024-12-29T09:42:00","date_gmt":"2024-12-29T09:42:00","guid":{"rendered":"https:\/\/edengardenequipment.com\/?post_type=product&#038;p=8768"},"modified":"2025-02-14T14:58:48","modified_gmt":"2025-02-14T14:58:48","slug":"extremely-light-weight-short-handle-hedge-shears","status":"publish","type":"product","link":"https:\/\/edengardenequipment.com\/fr\/produit\/extremely-light-weight-short-handle-hedge-shears\/","title":{"rendered":"Taille-haie \u00e0 manche court extr\u00eamement l\u00e9ger"},"content":{"rendered":"<h2>Taille-haie \u00e0 manche court extr\u00eamement l\u00e9ger<\/h2>\n<p class=\"p1\"><span class=\"s1\">Gardez vos haies impeccables et vos buissons florissants avec nos cisailles \u00e0 haies exceptionnellement l\u00e9g\u00e8res. Ces cisailles se d\u00e9marquent de l&#039;ordinaire. Elles sont l&#039;outil parfait con\u00e7u pour des performances de premier ordre. Certaines des caract\u00e9ristiques exceptionnelles qui font de ces cisailles le choix incontournable des jardiniers comprennent :<\/span><\/p>\n<p class=\"p2\"><span class=\"s1\"><b>Conception ultra-l\u00e9g\u00e8re<\/b><\/span><\/p>\n<p class=\"p1\"><span class=\"s1\">Fabriqu\u00e9es avec un composite de fibre de verre int\u00e9gr\u00e9, ces cisailles sont extr\u00eamement l\u00e9g\u00e8res, permettant une man\u0153uvre et une manipulation sans effort.<\/span><\/p>\n<p class=\"p2\"><span class=\"s1\"><b>Taille id\u00e9ale et poign\u00e9es courtes<\/b><\/span><\/p>\n<p class=\"p1\"><span class=\"s1\">La taille optimale de ces s\u00e9cateurs vous permet de tailler et de couper vos haies sans effort. La conception \u00e0 manche court permet un acc\u00e8s facile aux buissons denses, vous permettant de tailler avec une flexibilit\u00e9 totale et sans inconfort.<\/span><\/p>\n<p class=\"p2\"><span class=\"s1\"><b>Confort ergonomique<\/b><\/span><\/p>\n<p class=\"p1\"><span class=\"s1\">Ce produit est dot\u00e9 d&#039;un cadre ultra l\u00e9ger et d&#039;un design ergonomique, ce qui le rend facile \u00e0 transporter dans tout votre jardin. Les poign\u00e9es en caoutchouc antid\u00e9rapantes, le syst\u00e8me d&#039;enclume r\u00e9glable et les pare-chocs amortisseurs rendent les t\u00e2ches de jardinage simples, rapides et faciles.<\/span><\/p>\n<p class=\"p2\"><span class=\"s1\"><b>Lames de coupe de pr\u00e9cision<\/b><\/span><\/p>\n<p class=\"p1\"><span class=\"s1\">Dot\u00e9s de lames tranchantes ondul\u00e9es mesurant 16 cm de longueur, ces ciseaux offrent une pr\u00e9cision de coupe in\u00e9gal\u00e9e. Fabriqu\u00e9es en acier \u00e0 haute teneur en carbone, les lames sont auto-aff\u00fbt\u00e9es et dot\u00e9es d&#039;un rev\u00eatement antiadh\u00e9sif, vous permettant de capturer et de couper rapidement les brindilles avec pr\u00e9cision.<\/span><\/p>\n<p class=\"p2\"><span class=\"s1\"><b>Jardinage efficace<\/b><\/span><\/p>\n<p class=\"p1\"><span class=\"s1\">Utilisez-les <\/span>Taille-haie \u00e0 manche court extr\u00eamement l\u00e9ger <span class=\"s1\">pour profiter de t\u00e2ches de jardinage r\u00e9alis\u00e9es en un minimum de temps, transformant ce qui peut souvent \u00eatre un travail fastidieux en une activit\u00e9 rapide et sans effort.<\/span><\/p>\n<p class=\"p1\"><span class=\"s1\">Avec ces taille-haies, vous pourrez entretenir votre jardin avec facilit\u00e9 et pr\u00e9cision.<\/span><\/p>","protected":false},"excerpt":{"rendered":"<p>APER\u00c7U RAPIDE<\/p>\n<p>Gardez vos haies impeccables et vos buissons florissants avec nos cisailles \u00e0 haies exceptionnellement l\u00e9g\u00e8res. Ces cisailles sortent de l\u2019ordinaire.<\/p>","protected":false},"featured_media":8769,"comment_status":"open","ping_status":"closed","template":"","meta":[],"product_brand":[],"product_cat":[249],"product_tag":[],"class_list":{"0":"post-8768","1":"product","2":"type-product","3":"status-publish","4":"has-post-thumbnail","6":"product_cat-garden-tools","8":"first","9":"instock","10":"sale","11":"taxable","12":"shipping-taxable","13":"purchasable","14":"product-type-simple"},"yoast_head":"<!-- This site is optimized with the Yoast SEO plugin v27.5 - https:\/\/yoast.com\/product\/yoast-seo-wordpress\/ -->\n<title>Extremely light weight Short handle hedge shears - Eden Garden Equipment<\/title>\n<meta name=\"description\" content=\"Extremely light weight Short handle hedge shears Keep your hedges pristine and your bushes flourishing with our exceptionally lightweight hedge shears.\" \/>\n<meta name=\"robots\" content=\"index, follow, max-snippet:-1, max-image-preview:large, max-video-preview:-1\" \/>\n<link rel=\"canonical\" href=\"https:\/\/edengardenequipment.com\/fr\/produit\/extremely-light-weight-short-handle-hedge-shears\/\" \/>\n<meta property=\"og:locale\" content=\"fr_FR\" \/>\n<meta property=\"og:type\" content=\"article\" \/>\n<meta property=\"og:title\" content=\"Extremely light weight Short handle hedge shears - Eden Garden Equipment\" \/>\n<meta property=\"og:description\" content=\"Extremely light weight Short handle hedge shears Keep your hedges pristine and your bushes flourishing with our exceptionally lightweight hedge shears.\" \/>\n<meta property=\"og:url\" content=\"https:\/\/edengardenequipment.com\/fr\/produit\/extremely-light-weight-short-handle-hedge-shears\/\" \/>\n<meta property=\"og:site_name\" content=\"Eden Garden Equipment\" \/>\n<meta property=\"article:modified_time\" content=\"2025-02-14T14:58:48+00:00\" \/>\n<meta property=\"og:image\" content=\"https:\/\/edengardenequipment.com\/wp-content\/uploads\/2024\/12\/Design-sans-titre-6.png\" \/>\n\t<meta property=\"og:image:width\" content=\"1000\" \/>\n\t<meta property=\"og:image:height\" content=\"1000\" \/>\n\t<meta property=\"og:image:type\" content=\"image\/png\" \/>\n<meta name=\"twitter:card\" content=\"summary_large_image\" \/>\n<meta name=\"twitter:label1\" content=\"Dur\u00e9e de lecture estim\u00e9e\" \/>\n\t<meta name=\"twitter:data1\" content=\"2 minutes\" \/>\n<script type=\"application\/ld+json\" class=\"yoast-schema-graph\">{\"@context\":\"https:\\\/\\\/schema.org\",\"@graph\":[{\"@type\":\"WebPage\",\"@id\":\"https:\\\/\\\/edengardenequipment.com\\\/product\\\/extremely-light-weight-short-handle-hedge-shears\\\/\",\"url\":\"https:\\\/\\\/edengardenequipment.com\\\/product\\\/extremely-light-weight-short-handle-hedge-shears\\\/\",\"name\":\"Extremely light weight Short handle hedge shears - Eden Garden Equipment\",\"isPartOf\":{\"@id\":\"https:\\\/\\\/edengardenequipment.com\\\/#website\"},\"primaryImageOfPage\":{\"@id\":\"https:\\\/\\\/edengardenequipment.com\\\/product\\\/extremely-light-weight-short-handle-hedge-shears\\\/#primaryimage\"},\"image\":{\"@id\":\"https:\\\/\\\/edengardenequipment.com\\\/product\\\/extremely-light-weight-short-handle-hedge-shears\\\/#primaryimage\"},\"thumbnailUrl\":\"https:\\\/\\\/edengardenequipment.com\\\/wp-content\\\/uploads\\\/2024\\\/12\\\/Design-sans-titre-6.png\",\"datePublished\":\"2024-12-29T09:42:00+00:00\",\"dateModified\":\"2025-02-14T14:58:48+00:00\",\"description\":\"Extremely light weight Short handle hedge shears Keep your hedges pristine and your bushes flourishing with our exceptionally lightweight hedge shears.\",\"breadcrumb\":{\"@id\":\"https:\\\/\\\/edengardenequipment.com\\\/product\\\/extremely-light-weight-short-handle-hedge-shears\\\/#breadcrumb\"},\"inLanguage\":\"fr-FR\",\"potentialAction\":[{\"@type\":\"ReadAction\",\"target\":[\"https:\\\/\\\/edengardenequipment.com\\\/product\\\/extremely-light-weight-short-handle-hedge-shears\\\/\"]}]},{\"@type\":\"ImageObject\",\"inLanguage\":\"fr-FR\",\"@id\":\"https:\\\/\\\/edengardenequipment.com\\\/product\\\/extremely-light-weight-short-handle-hedge-shears\\\/#primaryimage\",\"url\":\"https:\\\/\\\/edengardenequipment.com\\\/wp-content\\\/uploads\\\/2024\\\/12\\\/Design-sans-titre-6.png\",\"contentUrl\":\"https:\\\/\\\/edengardenequipment.com\\\/wp-content\\\/uploads\\\/2024\\\/12\\\/Design-sans-titre-6.png\",\"width\":1000,\"height\":1000,\"caption\":\"Extremely light weight Short handle hedge shears\"},{\"@type\":\"BreadcrumbList\",\"@id\":\"https:\\\/\\\/edengardenequipment.com\\\/product\\\/extremely-light-weight-short-handle-hedge-shears\\\/#breadcrumb\",\"itemListElement\":[{\"@type\":\"ListItem\",\"position\":1,\"name\":\"Home\",\"item\":\"https:\\\/\\\/edengardenequipment.com\\\/\"},{\"@type\":\"ListItem\",\"position\":2,\"name\":\"Shop\",\"item\":\"https:\\\/\\\/edengardenequipment.com\\\/shop\\\/\"},{\"@type\":\"ListItem\",\"position\":3,\"name\":\"Extremely light weight Short handle hedge shears\"}]},{\"@type\":\"WebSite\",\"@id\":\"https:\\\/\\\/edengardenequipment.com\\\/#website\",\"url\":\"https:\\\/\\\/edengardenequipment.com\\\/\",\"name\":\"Eden Garden Equipment\",\"description\":\"Best Gardening Tools for Sale\",\"publisher\":{\"@id\":\"https:\\\/\\\/edengardenequipment.com\\\/#organization\"},\"potentialAction\":[{\"@type\":\"SearchAction\",\"target\":{\"@type\":\"EntryPoint\",\"urlTemplate\":\"https:\\\/\\\/edengardenequipment.com\\\/?s={search_term_string}\"},\"query-input\":{\"@type\":\"PropertyValueSpecification\",\"valueRequired\":true,\"valueName\":\"search_term_string\"}}],\"inLanguage\":\"fr-FR\"},{\"@type\":\"Organization\",\"@id\":\"https:\\\/\\\/edengardenequipment.com\\\/#organization\",\"name\":\"Eden Garden Equipment\",\"url\":\"https:\\\/\\\/edengardenequipment.com\\\/\",\"logo\":{\"@type\":\"ImageObject\",\"inLanguage\":\"fr-FR\",\"@id\":\"https:\\\/\\\/edengardenequipment.com\\\/#\\\/schema\\\/logo\\\/image\\\/\",\"url\":\"https:\\\/\\\/edengardenequipment.com\\\/wp-content\\\/uploads\\\/2023\\\/06\\\/cropped-Asset-1@2xnew2.png\",\"contentUrl\":\"https:\\\/\\\/edengardenequipment.com\\\/wp-content\\\/uploads\\\/2023\\\/06\\\/cropped-Asset-1@2xnew2.png\",\"width\":512,\"height\":512,\"caption\":\"Eden Garden Equipment\"},\"image\":{\"@id\":\"https:\\\/\\\/edengardenequipment.com\\\/#\\\/schema\\\/logo\\\/image\\\/\"}}]}<\/script>\n<!-- \/ Yoast SEO plugin. -->","yoast_head_json":{"title":"Extremely light weight Short handle hedge shears - Eden Garden Equipment","description":"Extremely light weight Short handle hedge shears Keep your hedges pristine and your bushes flourishing with our exceptionally lightweight hedge shears.","robots":{"index":"index","follow":"follow","max-snippet":"max-snippet:-1","max-image-preview":"max-image-preview:large","max-video-preview":"max-video-preview:-1"},"canonical":"https:\/\/edengardenequipment.com\/fr\/produit\/extremely-light-weight-short-handle-hedge-shears\/","og_locale":"fr_FR","og_type":"article","og_title":"Extremely light weight Short handle hedge shears - Eden Garden Equipment","og_description":"Extremely light weight Short handle hedge shears Keep your hedges pristine and your bushes flourishing with our exceptionally lightweight hedge shears.","og_url":"https:\/\/edengardenequipment.com\/fr\/produit\/extremely-light-weight-short-handle-hedge-shears\/","og_site_name":"Eden Garden Equipment","article_modified_time":"2025-02-14T14:58:48+00:00","og_image":[{"width":1000,"height":1000,"url":"https:\/\/edengardenequipment.com\/wp-content\/uploads\/2024\/12\/Design-sans-titre-6.png","type":"image\/png"}],"twitter_card":"summary_large_image","twitter_misc":{"Dur\u00e9e de lecture estim\u00e9e":"2 minutes"},"schema":{"@context":"https:\/\/schema.org","@graph":[{"@type":"WebPage","@id":"https:\/\/edengardenequipment.com\/product\/extremely-light-weight-short-handle-hedge-shears\/","url":"https:\/\/edengardenequipment.com\/product\/extremely-light-weight-short-handle-hedge-shears\/","name":"Extremely light weight Short handle hedge shears - Eden Garden Equipment","isPartOf":{"@id":"https:\/\/edengardenequipment.com\/#website"},"primaryImageOfPage":{"@id":"https:\/\/edengardenequipment.com\/product\/extremely-light-weight-short-handle-hedge-shears\/#primaryimage"},"image":{"@id":"https:\/\/edengardenequipment.com\/product\/extremely-light-weight-short-handle-hedge-shears\/#primaryimage"},"thumbnailUrl":"https:\/\/edengardenequipment.com\/wp-content\/uploads\/2024\/12\/Design-sans-titre-6.png","datePublished":"2024-12-29T09:42:00+00:00","dateModified":"2025-02-14T14:58:48+00:00","description":"Extremely light weight Short handle hedge shears Keep your hedges pristine and your bushes flourishing with our exceptionally lightweight hedge shears.","breadcrumb":{"@id":"https:\/\/edengardenequipment.com\/product\/extremely-light-weight-short-handle-hedge-shears\/#breadcrumb"},"inLanguage":"fr-FR","potentialAction":[{"@type":"ReadAction","target":["https:\/\/edengardenequipment.com\/product\/extremely-light-weight-short-handle-hedge-shears\/"]}]},{"@type":"ImageObject","inLanguage":"fr-FR","@id":"https:\/\/edengardenequipment.com\/product\/extremely-light-weight-short-handle-hedge-shears\/#primaryimage","url":"https:\/\/edengardenequipment.com\/wp-content\/uploads\/2024\/12\/Design-sans-titre-6.png","contentUrl":"https:\/\/edengardenequipment.com\/wp-content\/uploads\/2024\/12\/Design-sans-titre-6.png","width":1000,"height":1000,"caption":"Extremely light weight Short handle hedge shears"},{"@type":"BreadcrumbList","@id":"https:\/\/edengardenequipment.com\/product\/extremely-light-weight-short-handle-hedge-shears\/#breadcrumb","itemListElement":[{"@type":"ListItem","position":1,"name":"Home","item":"https:\/\/edengardenequipment.com\/"},{"@type":"ListItem","position":2,"name":"Shop","item":"https:\/\/edengardenequipment.com\/shop\/"},{"@type":"ListItem","position":3,"name":"Extremely light weight Short handle hedge shears"}]},{"@type":"WebSite","@id":"https:\/\/edengardenequipment.com\/#website","url":"https:\/\/edengardenequipment.com\/","name":"Eden Garden Equipment","description":"Best Gardening Tools for Sale","publisher":{"@id":"https:\/\/edengardenequipment.com\/#organization"},"potentialAction":[{"@type":"SearchAction","target":{"@type":"EntryPoint","urlTemplate":"https:\/\/edengardenequipment.com\/?s={search_term_string}"},"query-input":{"@type":"PropertyValueSpecification","valueRequired":true,"valueName":"search_term_string"}}],"inLanguage":"fr-FR"},{"@type":"Organization","@id":"https:\/\/edengardenequipment.com\/#organization","name":"Eden Garden Equipment","url":"https:\/\/edengardenequipment.com\/","logo":{"@type":"ImageObject","inLanguage":"fr-FR","@id":"https:\/\/edengardenequipment.com\/#\/schema\/logo\/image\/","url":"https:\/\/edengardenequipment.com\/wp-content\/uploads\/2023\/06\/cropped-Asset-1@2xnew2.png","contentUrl":"https:\/\/edengardenequipment.com\/wp-content\/uploads\/2023\/06\/cropped-Asset-1@2xnew2.png","width":512,"height":512,"caption":"Eden Garden Equipment"},"image":{"@id":"https:\/\/edengardenequipment.com\/#\/schema\/logo\/image\/"}}]}},"_links":{"self":[{"href":"https:\/\/edengardenequipment.com\/fr\/wp-json\/wp\/v2\/product\/8768","targetHints":{"allow":["GET"]}}],"collection":[{"href":"https:\/\/edengardenequipment.com\/fr\/wp-json\/wp\/v2\/product"}],"about":[{"href":"https:\/\/edengardenequipment.com\/fr\/wp-json\/wp\/v2\/types\/product"}],"replies":[{"embeddable":true,"href":"https:\/\/edengardenequipment.com\/fr\/wp-json\/wp\/v2\/comments?post=8768"}],"wp:featuredmedia":[{"embeddable":true,"href":"https:\/\/edengardenequipment.com\/fr\/wp-json\/wp\/v2\/media\/8769"}],"wp:attachment":[{"href":"https:\/\/edengardenequipment.com\/fr\/wp-json\/wp\/v2\/media?parent=8768"}],"wp:term":[{"taxonomy":"product_brand","embeddable":true,"href":"https:\/\/edengardenequipment.com\/fr\/wp-json\/wp\/v2\/product_brand?post=8768"},{"taxonomy":"product_cat","embeddable":true,"href":"https:\/\/edengardenequipment.com\/fr\/wp-json\/wp\/v2\/product_cat?post=8768"},{"taxonomy":"product_tag","embeddable":true,"href":"https:\/\/edengardenequipment.com\/fr\/wp-json\/wp\/v2\/product_tag?post=8768"}],"curies":[{"name":"wp","href":"https:\/\/api.w.org\/{rel}","templated":true}]}}