{"id":3964,"date":"2018-09-11T14:14:18","date_gmt":"2018-09-11T14:14:18","guid":{"rendered":"http:\/\/agencyone.themerella.com\/?page_id=3886"},"modified":"2023-06-21T22:03:24","modified_gmt":"2023-06-21T21:03:24","slug":"about","status":"publish","type":"page","link":"https:\/\/edengardenequipment.com\/it\/about\/","title":{"rendered":"Di"},"content":{"rendered":"<section class=\"vc_row wpb_row vc_row-fluid vc_custom_1532603546351 row-contains-padding-top row-contains-padding-bottom liquid-row-shadowbox-69f368b42529e\"><div class=\"ld-container container\"><div class=\"row ld-row\"><div class=\"wpb_column vc_column_container vc_col-sm-12 vc_col-md-offset-2 vc_col-md-8 text-center liquid-column-69f368b4255b1\"><div class=\"vc_column-inner\"><div class=\"wpb_wrapper vc_custom_1532609357747\"  data-custom-animations=\"true\" data-ca-options='{\"triggerHandler\":\"inview\",\"animationTarget\":\"all-childs\",\"duration\":\"1200\",\"delay\":\"180\",\"easing\":\"easeOutQuint\",\"direction\":\"forward\",\"initValues\":{\"translateY\":73},\"animations\":{\"translateY\":0}}' ><div class=\"wpb_wrapper-inner\"><style>.ld_fancy_heading_69f368b42573c h2{font-size:36px;line-height:1.222em;color:rgb(0, 0, 0);}.ld_fancy_heading_69f368b42573c .lqd-highlight-inner{height:0.275em;bottom:0px;}<\/style><div class=\"ld-fancy-heading mask-text ld_fancy_heading_69f368b42573c\">\n\t<h2 class=\"lqd-highlight-underline lqd-highlight-grow-left\" data-split-text=\"true\" data-custom-animations=\"true\" data-ca-options='{\"triggerHandler\":\"inview\",\"animationTarget\":\".lqd-lines .split-inner\",\"duration\":700,\"delay\":100,\"easing\":\"easeOutQuint\",\"direction\":\"forward\",\"initValues\":{\"scale\":1},\"animations\":{\"scale\":1}}' data-split-options='{\"type\":\"lines\"}'><span class=\"ld-fh-txt\"> Aggiungere piacere, semplicit\u00e0, divertimento e facilit\u00e0 alle attivit\u00e0 di giardinaggio.<br \/>\n<\/span><\/h2><\/div><style>.ld_spacer_69f368b4259a4{height:32px;}<\/style>\n<div class=\"ld-empty-space ld_spacer_69f368b4259a4\"><span class=\"liquid_empty_space_inner\"><\/span><\/div><\/div><\/div><\/div><\/div><div class=\"wpb_column vc_column_container vc_col-sm-12 vc_col-md-offset-1 vc_col-md-5 liquid-column-69f368b425b67\"><div class=\"vc_column-inner\"><div class=\"wpb_wrapper\"  data-custom-animations=\"true\" data-ca-options='{\"triggerHandler\":\"inview\",\"animationTarget\":\"all-childs\",\"duration\":\"1200\",\"startDelay\":\"200\",\"delay\":100,\"easing\":\"easeOutQuint\",\"direction\":\"forward\",\"initValues\":{\"translateY\":41,\"opacity\":0},\"animations\":{\"translateY\":0,\"opacity\":1}}' ><div class=\"wpb_wrapper-inner\">\n\t<div class=\"wpb_text_column wpb_content_element\" >\n\t\t<div class=\"wpb_wrapper\">\n\t\t\t<p>Noi di Eden Garden Equipment amiamo il giardinaggio tanto quanto te. Pertanto, ci impegniamo senza sosta per rendere il giardinaggio piacevole, rilassante, indolore e semplice per tutti: professionisti, dilettanti e persino giardinieri appassionati con reumatismi o artrite.<\/p>\n<p>Lo facciamo fornendoti la gamma pi\u00f9 innovativa di utensili da giardinaggio di alta qualit\u00e0 e sistemi a cricchetto brevettati. I nostri utensili e sistemi da giardinaggio sono progettati per le prestazioni, costruiti per fare invidia e realizzati per offrire ai giardinieri un comfort ottimale e a lungo termine. Con i nostri utensili puoi svolgere tutti i tipi di attivit\u00e0 di giardinaggio e compiti faticosi con la massima facilit\u00e0, comodit\u00e0 e senza perdere tempo.<\/p>\n<p>Dal taglio alla potatura e alla rifinitura, con i nostri utensili di alta qualit\u00e0 e sistemi unici, puoi svolgere tutti questi compiti con il minimo sforzo, tutto l&#039;anno e per molti anni a venire senza dover fare grandi investimenti in sostituzioni. Ogni utensile nella nostra gamma di prodotti \u00e8 stato progettato e costruito secondo i migliori standard del settore e delle prestazioni. I nostri design intelligenti assicurano una facile maneggevolezza, un&#039;ergonomia superiore e un&#039;eccellente presa. I meccanismi innovativi ti consentono di estrarre la massima leva senza metterti a rischio di sforzarti troppo e di farti male.<\/p>\n\n\t\t<\/div>\n\t<\/div>\n<\/div><\/div><\/div><\/div><div class=\"wpb_column vc_column_container vc_col-sm-12 vc_col-md-5 liquid-column-69f368b425e2a\"><div class=\"vc_column-inner\"><div class=\"wpb_wrapper\"  data-custom-animations=\"true\" data-ca-options='{\"triggerHandler\":\"inview\",\"animationTarget\":\"all-childs\",\"duration\":\"1200\",\"startDelay\":\"400\",\"delay\":100,\"easing\":\"easeOutQuint\",\"direction\":\"forward\",\"initValues\":{\"translateY\":40,\"opacity\":0},\"animations\":{\"translateY\":0,\"opacity\":1}}' ><div class=\"wpb_wrapper-inner\">\n\t<div class=\"wpb_text_column wpb_content_element\" >\n\t\t<div class=\"wpb_wrapper\">\n\t\t\t<p>Tutti gli utensili da giardinaggio che offriamo sono rigorosamente provati e testati per durata, funzionalit\u00e0 e comfort, prima di essere resi disponibili ai clienti. State tranquilli; troverete i nostri utensili facili da usare<\/p>\n<p>Il nostro sistema a cricchetto brevettato e potente ti consente di moltiplicare per cinque la forza necessaria per potare cespugli e tagliare rami di alberi con precisione. Puoi fare tutto questo con il minimo sforzo e senza stress. Sono lontani i giorni in cui avevi bisogno di un aiuto esterno per prenderti cura del tuo giardino. Ora puoi fare tutto da solo!<\/p>\n<p>Oltre a questo, forniamo anche lame intercambiabili realizzate in acciaio ad alto tenore di carbonio rivestito in Teflon. Ci\u00f2 significa che non \u00e8 necessario acquistare un nuovo utensile ogni volta che le lame diventano smussate. Tutto ci\u00f2 che devi fare \u00e8 sostituirle con le nostre lame intercambiabili.<br \/>\nQuindi, cosa aspetti? Prenditi cura delle tue piante e dei tuoi alberi con i nostri eccezionali e facili da usare utensili da giardinaggio. Goditi il giardinaggio come mai prima.<\/p>\n\n\t\t<\/div>\n\t<\/div>\n<\/div><\/div><\/div><\/div><\/div><\/div><\/section><section class=\"vc_row wpb_row vc_row-fluid liquid-row-shadowbox-69f368b42616f\"><div class=\"ld-container container\"><div class=\"row ld-row\"><div class=\"wpb_column vc_column_container vc_col-sm-12 liquid-column-69f368b42630c\"><div class=\"vc_column-inner\"><div class=\"wpb_wrapper\"   ><div class=\"wpb_wrapper-inner\">\n\t<div class=\"wpb_text_column wpb_content_element\" >\n\t\t<div class=\"wpb_wrapper\">\n\t\t\t\n\t\t<\/div>\n\t<\/div>\n<\/div><\/div><\/div><\/div><\/div><\/div><\/section><section data-row-bg=\"https:\/\/edengardenequipment.com\/wp-content\/uploads\/2023\/06\/03.jpg?id=8385\" data-bg-image=\"url\" class=\"vc_row wpb_row vc_row-fluid vc_custom_1687381388609 row-contains-padding-top row-contains-padding-bottom liquid-row-shadowbox-69f368b426626 vc_row-has-fill vc_row-has-bg\"><span class=\"row-bg-loader\"><\/span><div class=\"ld-container container\"><div class=\"row ld-row\"><div class=\"wpb_column vc_column_container vc_col-sm-12 text-center liquid-column-69f368b42680e\"><div class=\"vc_column-inner\"><div class=\"wpb_wrapper\"   ><div class=\"wpb_wrapper-inner\"><\/div><\/div><\/div><\/div><\/div><\/div><\/section><section data-custom-animations=\"true\" data-ca-options='{\"triggerHandler\":\"inview\",\"animationTarget\":\".wpb_column\",\"duration\":\"1200\",\"delay\":\"150\",\"easing\":\"easeOutQuint\",\"direction\":\"forward\",\"initValues\":{\"translateY\":36,\"opacity\":0},\"animations\":{\"translateY\":0,\"opacity\":1}}' class=\"vc_row wpb_row vc_row-fluid vc_custom_1538066980005 row-contains-padding-top row-contains-padding-bottom liquid-row-shadowbox-69f368b426a3a\"><div class=\"ld-container container\"><div class=\"row ld-row\"><div class=\"wpb_column vc_column_container vc_col-sm-12 vc_col-md-offset-3 vc_col-md-6 text-center liquid-column-69f368b426bd0\"><div class=\"vc_column-inner\"><div class=\"wpb_wrapper\"   ><div class=\"wpb_wrapper-inner\"><style>.ld_fancy_heading_69f368b426ca4 h3{font-size:36px;line-height:1.111em;color:rgb(0, 0, 0);}.ld_fancy_heading_69f368b426ca4 .lqd-highlight-inner{height:0.275em;bottom:0px;}<\/style><div class=\"ld-fancy-heading ld_fancy_heading_69f368b426ca4\">\n\t<h3 class=\"lqd-highlight-underline lqd-highlight-grow-left\" ><span class=\"ld-fh-txt\"> Testimonianze<\/span><\/h3><\/div><style>.ld_spacer_69f368b426d81{height:35px;}<\/style>\n<div class=\"ld-empty-space ld_spacer_69f368b426d81\"><span class=\"liquid_empty_space_inner\"><\/span><\/div><\/div><\/div><\/div><\/div><div class=\"wpb_column vc_column_container vc_col-sm-12 vc_col-md-6 liquid-column-69f368b426eb5\"><div class=\"vc_column-inner\"><div class=\"wpb_wrapper\"   ><div class=\"wpb_wrapper-inner\"><div id=\"ld_testimonial_69f368b426f86\" class=\"testimonial testimonial-quote-filled text-left testimonial-details-lg testimonial-quote-shadowed ld_testimonial_69f368b426f86\">\n\t\n\t<div class=\"testimonial-quote\">\n\t\t<blockquote><p><span style=\"font-size: 16px; line-height: 1em; color: #808291;\">&quot;Nemmeno in un milione di anni mi sarei aspettato che mi leggessi nel pensiero, ma l&#039;hai fatto. Grazie di tutto, hai davvero creato un&#039;immagine favolosa per la nostra azienda.&quot;<\/span><\/p>\n<\/blockquote>\t<\/div><!-- \/.testimonial-qoute -->\n\n\t<div class=\"testimonial-details\">\n\t\t<figure class=\"avatar\"><img decoding=\"async\" src=\"https:\/\/edengardenequipment.com\/wp-content\/uploads\/2018\/09\/testimonial-2-min.jpg\" alt=\"Eward James\" \/><\/figure>\t\t<div class=\"testimonial-info\">\n\t\t\t<h5 >Premio James<\/h5>\t\t\t<h6 class=\"font-weight-normal\">Specialista di supporto<\/h6>\t\t<\/div><!-- \/.testimonial-info -->\n\t\t\n\t\n\t<\/div><!-- \/.testimonial-details -->\n\t\t\t\t\n<\/div><!-- \/.testimonial --><\/div><\/div><\/div><\/div><div class=\"wpb_column vc_column_container vc_col-sm-12 vc_col-md-6 liquid-column-69f368b4273d2\"><div class=\"vc_column-inner\"><div class=\"wpb_wrapper\"   ><div class=\"wpb_wrapper-inner\"><div id=\"ld_testimonial_69f368b427461\" class=\"testimonial testimonial-quote-filled text-left testimonial-details-lg testimonial-quote-shadowed ld_testimonial_69f368b427461\">\n\t\n\t<div class=\"testimonial-quote\">\n\t\t<blockquote><p><span style=\"font-size: 16px; line-height: 1em; color: #808291;\">&quot;Professionisti consumati, altamente competenti e altamente qualificati. Consigliamo vivamente Fairly Agency a chiunque cerchi un&#039;ottima azienda con cui lavorare.&quot;<\/span><\/p>\n<\/blockquote>\t<\/div><!-- \/.testimonial-qoute -->\n\n\t<div class=\"testimonial-details\">\n\t\t<figure class=\"avatar\"><img decoding=\"async\" src=\"https:\/\/edengardenequipment.com\/wp-content\/uploads\/2018\/09\/testimonial-1-min.jpg\" alt=\"Elisa Mender\" \/><\/figure>\t\t<div class=\"testimonial-info\">\n\t\t\t<h5 >Elisa Mender<\/h5>\t\t\t<h6 class=\"font-weight-normal\">Direttore Marketing<\/h6>\t\t<\/div><!-- \/.testimonial-info -->\n\t\t\n\t\n\t<\/div><!-- \/.testimonial-details -->\n\t\t\t\t\n<\/div><!-- \/.testimonial --><\/div><\/div><\/div><\/div><\/div><\/div><\/section>","protected":false},"excerpt":{"rendered":"Adding Pleasure, Simplicity, Fun and Ease to Gardening Activities. At Eden Garden Equipment, we love...","protected":false},"author":1,"featured_media":0,"parent":0,"menu_order":0,"comment_status":"closed","ping_status":"closed","template":"","meta":{"footnotes":""},"class_list":["post-3964","page","type-page","status-publish","hentry"],"yoast_head":"<!-- This site is optimized with the Yoast SEO plugin v27.5 - https:\/\/yoast.com\/product\/yoast-seo-wordpress\/ -->\n<title>About - Eden Garden Equipment<\/title>\n<meta name=\"robots\" content=\"index, follow, max-snippet:-1, max-image-preview:large, max-video-preview:-1\" \/>\n<link rel=\"canonical\" href=\"https:\/\/edengardenequipment.com\/it\/about\/\" \/>\n<meta property=\"og:locale\" content=\"it_IT\" \/>\n<meta property=\"og:type\" content=\"article\" \/>\n<meta property=\"og:title\" content=\"About - Eden Garden Equipment\" \/>\n<meta property=\"og:url\" content=\"https:\/\/edengardenequipment.com\/it\/about\/\" \/>\n<meta property=\"og:site_name\" content=\"Eden Garden Equipment\" \/>\n<meta property=\"article:modified_time\" content=\"2023-06-21T21:03:24+00:00\" \/>\n<meta property=\"og:image\" content=\"https:\/\/edengardenequipment.com\/wp-content\/uploads\/2023\/06\/05.jpg\" \/>\n\t<meta property=\"og:image:width\" content=\"2000\" \/>\n\t<meta property=\"og:image:height\" content=\"1117\" \/>\n\t<meta property=\"og:image:type\" content=\"image\/jpeg\" \/>\n<meta name=\"twitter:card\" content=\"summary_large_image\" \/>\n<meta name=\"twitter:label1\" content=\"Tempo di lettura stimato\" \/>\n\t<meta name=\"twitter:data1\" content=\"9 minuti\" \/>\n<script type=\"application\/ld+json\" class=\"yoast-schema-graph\">{\"@context\":\"https:\\\/\\\/schema.org\",\"@graph\":[{\"@type\":\"WebPage\",\"@id\":\"https:\\\/\\\/edengardenequipment.com\\\/about\\\/\",\"url\":\"https:\\\/\\\/edengardenequipment.com\\\/about\\\/\",\"name\":\"About - Eden Garden Equipment\",\"isPartOf\":{\"@id\":\"https:\\\/\\\/edengardenequipment.com\\\/#website\"},\"datePublished\":\"2018-09-11T14:14:18+00:00\",\"dateModified\":\"2023-06-21T21:03:24+00:00\",\"breadcrumb\":{\"@id\":\"https:\\\/\\\/edengardenequipment.com\\\/about\\\/#breadcrumb\"},\"inLanguage\":\"it-IT\",\"potentialAction\":[{\"@type\":\"ReadAction\",\"target\":[\"https:\\\/\\\/edengardenequipment.com\\\/about\\\/\"]}]},{\"@type\":\"BreadcrumbList\",\"@id\":\"https:\\\/\\\/edengardenequipment.com\\\/about\\\/#breadcrumb\",\"itemListElement\":[{\"@type\":\"ListItem\",\"position\":1,\"name\":\"Home\",\"item\":\"https:\\\/\\\/edengardenequipment.com\\\/\"},{\"@type\":\"ListItem\",\"position\":2,\"name\":\"About\"}]},{\"@type\":\"WebSite\",\"@id\":\"https:\\\/\\\/edengardenequipment.com\\\/#website\",\"url\":\"https:\\\/\\\/edengardenequipment.com\\\/\",\"name\":\"Eden Garden Equipment\",\"description\":\"Best Gardening Tools for Sale\",\"publisher\":{\"@id\":\"https:\\\/\\\/edengardenequipment.com\\\/#organization\"},\"potentialAction\":[{\"@type\":\"SearchAction\",\"target\":{\"@type\":\"EntryPoint\",\"urlTemplate\":\"https:\\\/\\\/edengardenequipment.com\\\/?s={search_term_string}\"},\"query-input\":{\"@type\":\"PropertyValueSpecification\",\"valueRequired\":true,\"valueName\":\"search_term_string\"}}],\"inLanguage\":\"it-IT\"},{\"@type\":\"Organization\",\"@id\":\"https:\\\/\\\/edengardenequipment.com\\\/#organization\",\"name\":\"Eden Garden Equipment\",\"url\":\"https:\\\/\\\/edengardenequipment.com\\\/\",\"logo\":{\"@type\":\"ImageObject\",\"inLanguage\":\"it-IT\",\"@id\":\"https:\\\/\\\/edengardenequipment.com\\\/#\\\/schema\\\/logo\\\/image\\\/\",\"url\":\"https:\\\/\\\/edengardenequipment.com\\\/wp-content\\\/uploads\\\/2023\\\/06\\\/cropped-Asset-1@2xnew2.png\",\"contentUrl\":\"https:\\\/\\\/edengardenequipment.com\\\/wp-content\\\/uploads\\\/2023\\\/06\\\/cropped-Asset-1@2xnew2.png\",\"width\":512,\"height\":512,\"caption\":\"Eden Garden Equipment\"},\"image\":{\"@id\":\"https:\\\/\\\/edengardenequipment.com\\\/#\\\/schema\\\/logo\\\/image\\\/\"}}]}<\/script>\n<!-- \/ Yoast SEO plugin. -->","yoast_head_json":{"title":"About - Eden Garden Equipment","robots":{"index":"index","follow":"follow","max-snippet":"max-snippet:-1","max-image-preview":"max-image-preview:large","max-video-preview":"max-video-preview:-1"},"canonical":"https:\/\/edengardenequipment.com\/it\/about\/","og_locale":"it_IT","og_type":"article","og_title":"About - Eden Garden Equipment","og_url":"https:\/\/edengardenequipment.com\/it\/about\/","og_site_name":"Eden Garden Equipment","article_modified_time":"2023-06-21T21:03:24+00:00","og_image":[{"width":2000,"height":1117,"url":"https:\/\/edengardenequipment.com\/wp-content\/uploads\/2023\/06\/05.jpg","type":"image\/jpeg"}],"twitter_card":"summary_large_image","twitter_misc":{"Tempo di lettura stimato":"9 minuti"},"schema":{"@context":"https:\/\/schema.org","@graph":[{"@type":"WebPage","@id":"https:\/\/edengardenequipment.com\/about\/","url":"https:\/\/edengardenequipment.com\/about\/","name":"About - Eden Garden Equipment","isPartOf":{"@id":"https:\/\/edengardenequipment.com\/#website"},"datePublished":"2018-09-11T14:14:18+00:00","dateModified":"2023-06-21T21:03:24+00:00","breadcrumb":{"@id":"https:\/\/edengardenequipment.com\/about\/#breadcrumb"},"inLanguage":"it-IT","potentialAction":[{"@type":"ReadAction","target":["https:\/\/edengardenequipment.com\/about\/"]}]},{"@type":"BreadcrumbList","@id":"https:\/\/edengardenequipment.com\/about\/#breadcrumb","itemListElement":[{"@type":"ListItem","position":1,"name":"Home","item":"https:\/\/edengardenequipment.com\/"},{"@type":"ListItem","position":2,"name":"About"}]},{"@type":"WebSite","@id":"https:\/\/edengardenequipment.com\/#website","url":"https:\/\/edengardenequipment.com\/","name":"Eden Garden Equipment","description":"Best Gardening Tools for Sale","publisher":{"@id":"https:\/\/edengardenequipment.com\/#organization"},"potentialAction":[{"@type":"SearchAction","target":{"@type":"EntryPoint","urlTemplate":"https:\/\/edengardenequipment.com\/?s={search_term_string}"},"query-input":{"@type":"PropertyValueSpecification","valueRequired":true,"valueName":"search_term_string"}}],"inLanguage":"it-IT"},{"@type":"Organization","@id":"https:\/\/edengardenequipment.com\/#organization","name":"Eden Garden Equipment","url":"https:\/\/edengardenequipment.com\/","logo":{"@type":"ImageObject","inLanguage":"it-IT","@id":"https:\/\/edengardenequipment.com\/#\/schema\/logo\/image\/","url":"https:\/\/edengardenequipment.com\/wp-content\/uploads\/2023\/06\/cropped-Asset-1@2xnew2.png","contentUrl":"https:\/\/edengardenequipment.com\/wp-content\/uploads\/2023\/06\/cropped-Asset-1@2xnew2.png","width":512,"height":512,"caption":"Eden Garden Equipment"},"image":{"@id":"https:\/\/edengardenequipment.com\/#\/schema\/logo\/image\/"}}]}},"_links":{"self":[{"href":"https:\/\/edengardenequipment.com\/it\/wp-json\/wp\/v2\/pages\/3964","targetHints":{"allow":["GET"]}}],"collection":[{"href":"https:\/\/edengardenequipment.com\/it\/wp-json\/wp\/v2\/pages"}],"about":[{"href":"https:\/\/edengardenequipment.com\/it\/wp-json\/wp\/v2\/types\/page"}],"author":[{"embeddable":true,"href":"https:\/\/edengardenequipment.com\/it\/wp-json\/wp\/v2\/users\/1"}],"replies":[{"embeddable":true,"href":"https:\/\/edengardenequipment.com\/it\/wp-json\/wp\/v2\/comments?post=3964"}],"version-history":[{"count":3,"href":"https:\/\/edengardenequipment.com\/it\/wp-json\/wp\/v2\/pages\/3964\/revisions"}],"predecessor-version":[{"id":8408,"href":"https:\/\/edengardenequipment.com\/it\/wp-json\/wp\/v2\/pages\/3964\/revisions\/8408"}],"wp:attachment":[{"href":"https:\/\/edengardenequipment.com\/it\/wp-json\/wp\/v2\/media?parent=3964"}],"curies":[{"name":"wp","href":"https:\/\/api.w.org\/{rel}","templated":true}]}}