{"id":4142,"date":"2018-10-03T12:45:55","date_gmt":"2018-10-03T12:45:55","guid":{"rendered":"http:\/\/onetwo.themerella.com\/?page_id=4142"},"modified":"2018-10-03T12:45:55","modified_gmt":"2018-10-03T12:45:55","slug":"sticky-bg","status":"publish","type":"page","link":"https:\/\/edengardenequipment.com\/it\/sticky-bg\/","title":{"rendered":"BG appiccicoso"},"content":{"rendered":"<section data-bg-image=\"url\" class=\"vc_row wpb_row vc_row-fluid vc_custom_1538572296498 liquid-row-shadowbox-69f1bae2d0a68 vc_row-has-fill vc_row-has-bg vc_row-o-full-height vc_row-o-columns-middle vc_row-flex\"><div class=\"ld-container container\"><div class=\"row ld-row\"><div class=\"wpb_column vc_column_container vc_col-sm-12 liquid-column-69f1bae2d0e00\"><div class=\"vc_column-inner\"><div class=\"wpb_wrapper\"   ><div class=\"wpb_wrapper-inner\"><style>.ld_fancy_heading_69f1bae2d0f7e h1{color:rgb(255, 255, 255);}.ld_fancy_heading_69f1bae2d0f7e h1 {margin-bottom:0px !important;  } .ld_fancy_heading_69f1bae2d0f7e .lqd-highlight-inner{height:0.275em;bottom:0px;}.ld_fancy_heading_69f1bae2d0f7e h1 {margin-bottom:0px !important;  } <\/style><div class=\"ld-fancy-heading text-center ld_fancy_heading_69f1bae2d0f7e\">\n\t<h1 class=\"lqd-highlight-underline lqd-highlight-grow-left\" ><span class=\"ld-fh-txt\"> Scorri per vedere le possibilit\u00e0<\/span><\/h1><\/div><\/div><\/div><\/div><\/div><\/div><\/div><\/section><section data-bg-image=\"url\" class=\"vc_row wpb_row vc_row-fluid vc_custom_1542047681484 liquid-row-shadowbox-69f1bae2d16f9 vc_row-has-fill vc_row-has-bg vc_row-o-full-height vc_row-o-columns-middle vc_row-o-content-middle vc_row-flex\"><div class=\"lqd-css-sticky lqd-sticky-bg-spacer\"><div class=\"lqd-sticky-bg-wrap\">\n\t\t\t\t\t\t<figure class=\"lqd-sticky-bg\" style=\"background-image: url(https:\/\/edengardenequipment.com\/wp-content\/uploads\/2018\/11\/main-bg-2-copy-scaled.jpg);\"><\/figure><div class=\"liquid-row-overlay\" style=\"background:linear-gradient(131deg, rgba(11, 65, 237, 233) 2.229299363057325%, rgba(11, 65, 237, 233) 2.229299363057325%, rgba(11, 65, 238, 0.914) 2.547770700636943%, rgba(255, 99, 25, 0.889) 100%)\"><\/div><\/div><\/div><div class=\"ld-container container\"><div class=\"row ld-row\"><div class=\"wpb_column vc_column_container vc_col-sm-12 vc_col-md-8 liquid-column-69f1bae2d1d6f vc_col-has-fill\" data-parallax=\"true\" data-parallax-from='{\"translateY\":6}' data-parallax-to='{\"translateY\":-258}' data-parallax-options='{\"easing\":\"linear\",\"reverse\":true,\"triggerHook\":\"onEnter\"}'><div class=\"vc_column-inner\"><div class=\"wpb_wrapper\"   ><div class=\"wpb_wrapper-inner\"><style>.ld_fancy_heading_69f1bae2d1ec8 h1{line-height:1.12em;font-weight:700;letter-spacing:-0.5px;color:rgb(255, 255, 255);}.ld_fancy_heading_69f1bae2d1ec8 h1 {margin-bottom:0px !important;  } .ld_fancy_heading_69f1bae2d1ec8 .lqd-highlight-inner{height:0.275em;bottom:0px;}.ld_fancy_heading_69f1bae2d1ec8 h1 {margin-bottom:0px !important;  } <\/style><div class=\"ld-fancy-heading ld_fancy_heading_69f1bae2d1ec8\">\n\t<h1 class=\"lqd-highlight-underline lqd-highlight-grow-left\" ><span class=\"ld-fh-txt\"> Mi chiamo Eugenia, sono una freelance <span style=\"color: #ffb7a7\">progettista digitale<\/span> con sede nella valle di New York. \u00c8 sempre bello ricevere feedback positivi e costruttivi per il tuo lavoro, dai clienti e, soprattutto, dai designer! Ho anche grandi competenze in <span style=\"color: #ffb7a7\">grafica animata.\u00a0<\/span><\/span><\/h1><\/div><style>.ld_spacer_69f1bae2d206c{height:50px;}<\/style>\n<div class=\"ld-empty-space ld_spacer_69f1bae2d206c\"><span class=\"liquid_empty_space_inner\"><\/span><\/div><style>.ld_fancy_heading_69f1bae2d21a9 h4{font-weight:400;color:rgba(255, 255, 255, 0.85);}.ld_fancy_heading_69f1bae2d21a9 h4 {margin-bottom:0px !important;  } .ld_fancy_heading_69f1bae2d21a9 .lqd-highlight-inner{height:0.275em;bottom:0px;}.ld_fancy_heading_69f1bae2d21a9 h4 {margin-bottom:0px !important;  } <\/style><div class=\"ld-fancy-heading ld_fancy_heading_69f1bae2d21a9\">\n\t<h4 class=\"lqd-highlight-underline lqd-highlight-grow-left\" ><span class=\"ld-fh-txt\"> Il mio lavoro \u00e8 realizzare il tuo sito web in modo che sia funzionale e facile da usare, ma allo stesso tempo accattivante.<\/span><\/h4><\/div><style>.ld_spacer_69f1bae2d22af{height:150px;}<\/style>\n<div class=\"ld-empty-space ld_spacer_69f1bae2d22af\"><span class=\"liquid_empty_space_inner\"><\/span><\/div><\/div><\/div><\/div><\/div><\/div><\/div><\/section><section data-bg-image=\"url\" class=\"vc_row wpb_row vc_row-fluid vc_custom_1542009704829 liquid-row-shadowbox-69f1bae2d247c vc_row-has-fill vc_row-has-bg\"><div class=\"lqd-css-sticky lqd-sticky-bg-spacer\"><div class=\"lqd-sticky-bg-wrap\">\n\t\t\t\t\t\t<figure class=\"lqd-sticky-bg\" style=\"background-image: url(https:\/\/edengardenequipment.com\/wp-content\/uploads\/2018\/10\/bg-2-copy.jpg);\"><\/figure><div class=\"liquid-row-overlay\" style=\"background:rgba(0, 0, 0, 0.1)\"><\/div><div class=\"lqd-section-borders-wrap\" data-shrink-borders=\"true\">\n\t\t\t\t\t\t\t\t<div class=\"lqd-section-border lqd-section-border-top\" data-axis=\"y\"><\/div>\n\t\t\t\t\t\t\t\t<div class=\"lqd-section-border lqd-section-border-right\" data-axis=\"x\"><\/div>\n\t\t\t\t\t\t\t\t<div class=\"lqd-section-border lqd-section-border-bottom\" data-axis=\"y\"><\/div>\n\t\t\t\t\t\t\t\t<div class=\"lqd-section-border lqd-section-border-left\" data-axis=\"x\"><\/div>\n\t\t\t\t\t\t\t<\/div><\/div><\/div><div class=\"ld-container container\"><div class=\"row ld-row\"><div class=\"wpb_column vc_column_container vc_col-sm-12 vc_col-md-8 liquid-column-69f1bae2d2a2b vc_col-has-fill\" data-parallax=\"true\" data-parallax-from='{\"translateY\":6}' data-parallax-to='{\"translateY\":-275}' data-parallax-options='{\"easing\":\"linear\",\"reverse\":true,\"triggerHook\":\"onEnter\"}'><div class=\"vc_column-inner\"><div class=\"wpb_wrapper\"   ><div class=\"wpb_wrapper-inner\"><style>.ld_fancy_heading_69f1bae2d2b4a h1{color:rgb(255, 255, 255);}.ld_fancy_heading_69f1bae2d2b4a h1 {margin-bottom:0px !important;  } .ld_fancy_heading_69f1bae2d2b4a .lqd-highlight-inner{height:0.275em;bottom:0px;}.ld_fancy_heading_69f1bae2d2b4a h1 {margin-bottom:0px !important;  } <\/style><div class=\"ld-fancy-heading ld_fancy_heading_69f1bae2d2b4a\">\n\t<h1 class=\"lqd-highlight-underline lqd-highlight-grow-left\" ><span class=\"ld-fh-txt\"> Questo \u00e8 il titolo di Liquid Fancy<\/span><\/h1><\/div><style>.ld_spacer_69f1bae2d2c43{height:50px;}<\/style>\n<div class=\"ld-empty-space ld_spacer_69f1bae2d2c43\"><span class=\"liquid_empty_space_inner\"><\/span><\/div><style>.ld_fancy_heading_69f1bae2d2d16 h4{color:rgba(255, 255, 255, 0.86);}.ld_fancy_heading_69f1bae2d2d16 .lqd-highlight-inner{height:0.275em;bottom:0px;}<\/style><div class=\"ld-fancy-heading ld_fancy_heading_69f1bae2d2d16\">\n\t<h4 class=\"lqd-highlight-underline lqd-highlight-grow-left\" ><span class=\"ld-fh-txt\"> Il mio lavoro \u00e8 costruire il tuo sito web in modo che sia funzionale e user-friendly ma allo stesso tempo attraente. Il mio obiettivo \u00e8 trasmettere il tuo messaggio e la tua identit\u00e0 nel modo pi\u00f9 creativo.<\/span><\/h4><\/div><style>.ld_spacer_69f1bae2d2df1{height:150px;}<\/style>\n<div class=\"ld-empty-space ld_spacer_69f1bae2d2df1\"><span class=\"liquid_empty_space_inner\"><\/span><\/div><\/div><\/div><\/div><\/div><\/div><\/div><\/section>","protected":false},"excerpt":{"rendered":"Scroll to see the possibilities My name is Eugenia, I\u2019m a freelance digital designer based...","protected":false},"author":1,"featured_media":0,"parent":0,"menu_order":0,"comment_status":"closed","ping_status":"closed","template":"","meta":{"footnotes":""},"class_list":["post-4142","page","type-page","status-publish","hentry"],"yoast_head":"<!-- This site is optimized with the Yoast SEO plugin v27.5 - https:\/\/yoast.com\/product\/yoast-seo-wordpress\/ -->\n<title>Sticky BG - Eden Garden Equipment<\/title>\n<meta name=\"robots\" content=\"index, follow, max-snippet:-1, max-image-preview:large, max-video-preview:-1\" \/>\n<link rel=\"canonical\" href=\"https:\/\/edengardenequipment.com\/it\/sticky-bg\/\" \/>\n<meta property=\"og:locale\" content=\"it_IT\" \/>\n<meta property=\"og:type\" content=\"article\" \/>\n<meta property=\"og:title\" content=\"Sticky BG - Eden Garden Equipment\" \/>\n<meta property=\"og:url\" content=\"https:\/\/edengardenequipment.com\/it\/sticky-bg\/\" \/>\n<meta property=\"og:site_name\" content=\"Eden Garden Equipment\" \/>\n<meta property=\"og:image\" content=\"https:\/\/edengardenequipment.com\/wp-content\/uploads\/2023\/06\/05.jpg\" \/>\n\t<meta property=\"og:image:width\" content=\"2000\" \/>\n\t<meta property=\"og:image:height\" content=\"1117\" \/>\n\t<meta property=\"og:image:type\" content=\"image\/jpeg\" \/>\n<meta name=\"twitter:card\" content=\"summary_large_image\" \/>\n<meta name=\"twitter:label1\" content=\"Tempo di lettura stimato\" \/>\n\t<meta name=\"twitter:data1\" content=\"2 minuti\" \/>\n<script type=\"application\/ld+json\" class=\"yoast-schema-graph\">{\"@context\":\"https:\\\/\\\/schema.org\",\"@graph\":[{\"@type\":\"WebPage\",\"@id\":\"https:\\\/\\\/edengardenequipment.com\\\/sticky-bg\\\/\",\"url\":\"https:\\\/\\\/edengardenequipment.com\\\/sticky-bg\\\/\",\"name\":\"Sticky BG - Eden Garden Equipment\",\"isPartOf\":{\"@id\":\"https:\\\/\\\/edengardenequipment.com\\\/#website\"},\"datePublished\":\"2018-10-03T12:45:55+00:00\",\"breadcrumb\":{\"@id\":\"https:\\\/\\\/edengardenequipment.com\\\/sticky-bg\\\/#breadcrumb\"},\"inLanguage\":\"it-IT\",\"potentialAction\":[{\"@type\":\"ReadAction\",\"target\":[\"https:\\\/\\\/edengardenequipment.com\\\/sticky-bg\\\/\"]}]},{\"@type\":\"BreadcrumbList\",\"@id\":\"https:\\\/\\\/edengardenequipment.com\\\/sticky-bg\\\/#breadcrumb\",\"itemListElement\":[{\"@type\":\"ListItem\",\"position\":1,\"name\":\"Home\",\"item\":\"https:\\\/\\\/edengardenequipment.com\\\/\"},{\"@type\":\"ListItem\",\"position\":2,\"name\":\"Sticky BG\"}]},{\"@type\":\"WebSite\",\"@id\":\"https:\\\/\\\/edengardenequipment.com\\\/#website\",\"url\":\"https:\\\/\\\/edengardenequipment.com\\\/\",\"name\":\"Eden Garden Equipment\",\"description\":\"Best Gardening Tools for Sale\",\"publisher\":{\"@id\":\"https:\\\/\\\/edengardenequipment.com\\\/#organization\"},\"potentialAction\":[{\"@type\":\"SearchAction\",\"target\":{\"@type\":\"EntryPoint\",\"urlTemplate\":\"https:\\\/\\\/edengardenequipment.com\\\/?s={search_term_string}\"},\"query-input\":{\"@type\":\"PropertyValueSpecification\",\"valueRequired\":true,\"valueName\":\"search_term_string\"}}],\"inLanguage\":\"it-IT\"},{\"@type\":\"Organization\",\"@id\":\"https:\\\/\\\/edengardenequipment.com\\\/#organization\",\"name\":\"Eden Garden Equipment\",\"url\":\"https:\\\/\\\/edengardenequipment.com\\\/\",\"logo\":{\"@type\":\"ImageObject\",\"inLanguage\":\"it-IT\",\"@id\":\"https:\\\/\\\/edengardenequipment.com\\\/#\\\/schema\\\/logo\\\/image\\\/\",\"url\":\"https:\\\/\\\/edengardenequipment.com\\\/wp-content\\\/uploads\\\/2023\\\/06\\\/cropped-Asset-1@2xnew2.png\",\"contentUrl\":\"https:\\\/\\\/edengardenequipment.com\\\/wp-content\\\/uploads\\\/2023\\\/06\\\/cropped-Asset-1@2xnew2.png\",\"width\":512,\"height\":512,\"caption\":\"Eden Garden Equipment\"},\"image\":{\"@id\":\"https:\\\/\\\/edengardenequipment.com\\\/#\\\/schema\\\/logo\\\/image\\\/\"}}]}<\/script>\n<!-- \/ Yoast SEO plugin. -->","yoast_head_json":{"title":"Sticky BG - Eden Garden Equipment","robots":{"index":"index","follow":"follow","max-snippet":"max-snippet:-1","max-image-preview":"max-image-preview:large","max-video-preview":"max-video-preview:-1"},"canonical":"https:\/\/edengardenequipment.com\/it\/sticky-bg\/","og_locale":"it_IT","og_type":"article","og_title":"Sticky BG - Eden Garden Equipment","og_url":"https:\/\/edengardenequipment.com\/it\/sticky-bg\/","og_site_name":"Eden Garden Equipment","og_image":[{"width":2000,"height":1117,"url":"https:\/\/edengardenequipment.com\/wp-content\/uploads\/2023\/06\/05.jpg","type":"image\/jpeg"}],"twitter_card":"summary_large_image","twitter_misc":{"Tempo di lettura stimato":"2 minuti"},"schema":{"@context":"https:\/\/schema.org","@graph":[{"@type":"WebPage","@id":"https:\/\/edengardenequipment.com\/sticky-bg\/","url":"https:\/\/edengardenequipment.com\/sticky-bg\/","name":"Sticky BG - Eden Garden Equipment","isPartOf":{"@id":"https:\/\/edengardenequipment.com\/#website"},"datePublished":"2018-10-03T12:45:55+00:00","breadcrumb":{"@id":"https:\/\/edengardenequipment.com\/sticky-bg\/#breadcrumb"},"inLanguage":"it-IT","potentialAction":[{"@type":"ReadAction","target":["https:\/\/edengardenequipment.com\/sticky-bg\/"]}]},{"@type":"BreadcrumbList","@id":"https:\/\/edengardenequipment.com\/sticky-bg\/#breadcrumb","itemListElement":[{"@type":"ListItem","position":1,"name":"Home","item":"https:\/\/edengardenequipment.com\/"},{"@type":"ListItem","position":2,"name":"Sticky BG"}]},{"@type":"WebSite","@id":"https:\/\/edengardenequipment.com\/#website","url":"https:\/\/edengardenequipment.com\/","name":"Eden Garden Equipment","description":"Best Gardening Tools for Sale","publisher":{"@id":"https:\/\/edengardenequipment.com\/#organization"},"potentialAction":[{"@type":"SearchAction","target":{"@type":"EntryPoint","urlTemplate":"https:\/\/edengardenequipment.com\/?s={search_term_string}"},"query-input":{"@type":"PropertyValueSpecification","valueRequired":true,"valueName":"search_term_string"}}],"inLanguage":"it-IT"},{"@type":"Organization","@id":"https:\/\/edengardenequipment.com\/#organization","name":"Eden Garden Equipment","url":"https:\/\/edengardenequipment.com\/","logo":{"@type":"ImageObject","inLanguage":"it-IT","@id":"https:\/\/edengardenequipment.com\/#\/schema\/logo\/image\/","url":"https:\/\/edengardenequipment.com\/wp-content\/uploads\/2023\/06\/cropped-Asset-1@2xnew2.png","contentUrl":"https:\/\/edengardenequipment.com\/wp-content\/uploads\/2023\/06\/cropped-Asset-1@2xnew2.png","width":512,"height":512,"caption":"Eden Garden Equipment"},"image":{"@id":"https:\/\/edengardenequipment.com\/#\/schema\/logo\/image\/"}}]}},"_links":{"self":[{"href":"https:\/\/edengardenequipment.com\/it\/wp-json\/wp\/v2\/pages\/4142","targetHints":{"allow":["GET"]}}],"collection":[{"href":"https:\/\/edengardenequipment.com\/it\/wp-json\/wp\/v2\/pages"}],"about":[{"href":"https:\/\/edengardenequipment.com\/it\/wp-json\/wp\/v2\/types\/page"}],"author":[{"embeddable":true,"href":"https:\/\/edengardenequipment.com\/it\/wp-json\/wp\/v2\/users\/1"}],"replies":[{"embeddable":true,"href":"https:\/\/edengardenequipment.com\/it\/wp-json\/wp\/v2\/comments?post=4142"}],"version-history":[{"count":0,"href":"https:\/\/edengardenequipment.com\/it\/wp-json\/wp\/v2\/pages\/4142\/revisions"}],"wp:attachment":[{"href":"https:\/\/edengardenequipment.com\/it\/wp-json\/wp\/v2\/media?parent=4142"}],"curies":[{"name":"wp","href":"https:\/\/api.w.org\/{rel}","templated":true}]}}