{"id":4936,"date":"2018-10-19T13:10:31","date_gmt":"2018-10-19T13:10:31","guid":{"rendered":"http:\/\/onetwo.themerella.com\/?page_id=4936"},"modified":"2018-10-19T13:10:31","modified_gmt":"2018-10-19T13:10:31","slug":"structure","status":"publish","type":"page","link":"https:\/\/edengardenequipment.com\/it\/structure\/","title":{"rendered":"Struttura"},"content":{"rendered":"<section class=\"vc_row wpb_row vc_row-fluid vc_custom_1540161173307 liquid-row-shadowbox-69f1bad5633a6\"><div class=\"ld-container container\"><div class=\"row ld-row\"><div class=\"wpb_column vc_column_container vc_col-sm-12 liquid-column-69f1bad56375c\"><div class=\"vc_column-inner\"><div class=\"wpb_wrapper\"   ><div class=\"wpb_wrapper-inner\">\n\t<div class=\"wpb_text_column wpb_content_element\" >\n\t\t<div class=\"wpb_wrapper\">\n\t\t\t<p>D&#039;altro canto, denunciamo con giusta indignazione e detestiamo gli uomini che sono cos\u00ec sedotti e demoralizzati dal fascino del piacere del momento, cos\u00ec accecati dal desiderio, che non riescono a prevedere il dolore e il fastidio che ne conseguono; e pari colpa spetta a coloro che mancano al loro dovere per debolezza di volont\u00e0, il che equivale a dire per ritrarsi dalla fatica e dal dolore. Questi casi sono perfettamente semplici e facili da distinguere. In un&#039;ora libera, quando il nostro potere di scelta \u00e8 sfrenato e quando nulla ci impedisce di essere in grado di fare ci\u00f2 che ci piace di pi\u00f9, ogni piacere deve essere accolto e ogni dolore evitato. Ma in certe circostanze e a causa delle richieste del dovere o degli obblighi del lavoro accadr\u00e0 spesso che i piaceri debbano essere ripudiati e i fastidi accettati. L&#039;uomo saggio quindi si attiene sempre in queste questioni a questo principio di selezione: rifiuta i piaceri per assicurarsi altri piaceri pi\u00f9 grandi, oppure sopporta i dolori per evitare dolori peggiori.<\/p>\n\n\t\t<\/div>\n\t<\/div>\n<\/div><\/div><\/div><\/div><\/div><\/div><\/section><section class=\"vc_row wpb_row vc_row-fluid vc_custom_1540161239669 liquid-row-shadowbox-69f1bad563cbe\"><div class=\"ld-container container\"><div class=\"row ld-row\"><div class=\"wpb_column vc_column_container vc_col-sm-6 liquid-column-69f1bad563e2d\"><div class=\"vc_column-inner\"><div class=\"wpb_wrapper\"   ><div class=\"wpb_wrapper-inner\">\n\t<div class=\"wpb_text_column wpb_content_element\" >\n\t\t<div class=\"wpb_wrapper\">\n\t\t\t<p>D&#039;altro canto, denunciamo con giusta indignazione e detestiamo gli uomini che sono cos\u00ec sedotti e demoralizzati dal fascino del piacere del momento, cos\u00ec accecati dal desiderio, che non riescono a prevedere il dolore e il problema che ne conseguono; e pari colpa spetta a coloro che falliscono nel loro dovere per debolezza di volont\u00e0, il che equivale a dire per ritrarsi dalla fatica e dal dolore. Questi casi sono perfettamente semplici e facili da distinguere. In un&#039;ora libera, quando il nostro potere di scelta \u00e8 senza ostacoli e quando nulla ci impedisce di essere in grado di fare ci\u00f2 che ci piace di pi\u00f9, ogni piacere deve essere accolto e ogni dolore evitato.<\/p>\n\n\t\t<\/div>\n\t<\/div>\n<\/div><\/div><\/div><\/div><div class=\"wpb_column vc_column_container vc_col-sm-6 liquid-column-69f1bad564051\"><div class=\"vc_column-inner\"><div class=\"wpb_wrapper\"   ><div class=\"wpb_wrapper-inner\">\n\t<div class=\"wpb_text_column wpb_content_element\" >\n\t\t<div class=\"wpb_wrapper\">\n\t\t\t<p>D&#039;altro canto, denunciamo con giusta indignazione e detestiamo gli uomini che sono cos\u00ec sedotti e demoralizzati dal fascino del piacere del momento, cos\u00ec accecati dal desiderio, che non riescono a prevedere il dolore e il problema che ne conseguono; e pari colpa spetta a coloro che falliscono nel loro dovere per debolezza di volont\u00e0, il che equivale a dire per ritrarsi dalla fatica e dal dolore. Questi casi sono perfettamente semplici e facili da distinguere. In un&#039;ora libera, quando il nostro potere di scelta \u00e8 senza ostacoli e quando nulla ci impedisce di essere in grado di fare ci\u00f2 che ci piace di pi\u00f9, ogni piacere deve essere accolto e ogni dolore evitato.<\/p>\n\n\t\t<\/div>\n\t<\/div>\n<\/div><\/div><\/div><\/div><\/div><\/div><\/section><section class=\"vc_row wpb_row vc_row-fluid vc_custom_1540161246678 liquid-row-shadowbox-69f1bad564293\"><div class=\"ld-container container\"><div class=\"row ld-row\"><div class=\"wpb_column vc_column_container vc_col-sm-4 liquid-column-69f1bad5643e4\"><div class=\"vc_column-inner\"><div class=\"wpb_wrapper\"   ><div class=\"wpb_wrapper-inner\">\n\t<div class=\"wpb_text_column wpb_content_element\" >\n\t\t<div class=\"wpb_wrapper\">\n\t\t\t<p>D&#039;altro canto, denunciamo con giusta indignazione e detestiamo gli uomini che sono cos\u00ec sedotti e demoralizzati dal fascino del piacere del momento, cos\u00ec accecati dal desiderio, da non riuscire a prevedere il dolore e i problemi che ne conseguiranno; e pari colpa spetta a coloro che vengono meno al loro dovere per debolezza di volont\u00e0, il che equivale a dire per rifuggire dalla fatica e dal dolore.<\/p>\n\n\t\t<\/div>\n\t<\/div>\n<\/div><\/div><\/div><\/div><div class=\"wpb_column vc_column_container vc_col-sm-4 liquid-column-69f1bad5645fc\"><div class=\"vc_column-inner\"><div class=\"wpb_wrapper\"   ><div class=\"wpb_wrapper-inner\">\n\t<div class=\"wpb_text_column wpb_content_element\" >\n\t\t<div class=\"wpb_wrapper\">\n\t\t\t<p>D&#039;altro canto, denunciamo con giusta indignazione e detestiamo gli uomini che sono cos\u00ec sedotti e demoralizzati dal fascino del piacere del momento, cos\u00ec accecati dal desiderio, da non riuscire a prevedere il dolore e i problemi che ne conseguiranno; e pari colpa spetta a coloro che vengono meno al loro dovere per debolezza di volont\u00e0, il che equivale a dire per rifuggire dalla fatica e dal dolore.<\/p>\n\n\t\t<\/div>\n\t<\/div>\n<\/div><\/div><\/div><\/div><div class=\"wpb_column vc_column_container vc_col-sm-4 liquid-column-69f1bad5647fa\"><div class=\"vc_column-inner\"><div class=\"wpb_wrapper\"   ><div class=\"wpb_wrapper-inner\">\n\t<div class=\"wpb_text_column wpb_content_element\" >\n\t\t<div class=\"wpb_wrapper\">\n\t\t\t<p>D&#039;altro canto, denunciamo con giusta indignazione e detestiamo gli uomini che sono cos\u00ec sedotti e demoralizzati dal fascino del piacere del momento, cos\u00ec accecati dal desiderio, da non riuscire a prevedere il dolore e i problemi che ne conseguiranno; e pari colpa spetta a coloro che vengono meno al loro dovere per debolezza di volont\u00e0, il che equivale a dire per rifuggire dalla fatica e dal dolore.<\/p>\n\n\t\t<\/div>\n\t<\/div>\n<\/div><\/div><\/div><\/div><\/div><\/div><\/section><section class=\"vc_row wpb_row vc_row-fluid vc_custom_1540161258060 liquid-row-shadowbox-69f1bad564a3d\"><div class=\"ld-container container\"><div class=\"row ld-row\"><div class=\"wpb_column vc_column_container vc_col-sm-3 liquid-column-69f1bad564b8b\"><div class=\"vc_column-inner\"><div class=\"wpb_wrapper\"   ><div class=\"wpb_wrapper-inner\">\n\t<div class=\"wpb_text_column wpb_content_element\" >\n\t\t<div class=\"wpb_wrapper\">\n\t\t\t<p>D&#039;altro canto, denunciamo con giusta indignazione e detestiamo gli uomini che sono cos\u00ec sedotti e demoralizzati dal fascino del piacere del momento, cos\u00ec accecati dal desiderio, da non riuscire a prevedere il dolore e i problemi che ne conseguiranno; e pari colpa spetta a coloro che vengono meno al loro dovere per debolezza di volont\u00e0.<\/p>\n\n\t\t<\/div>\n\t<\/div>\n<\/div><\/div><\/div><\/div><div class=\"wpb_column vc_column_container vc_col-sm-3 liquid-column-69f1bad564d98\"><div class=\"vc_column-inner\"><div class=\"wpb_wrapper\"   ><div class=\"wpb_wrapper-inner\">\n\t<div class=\"wpb_text_column wpb_content_element\" >\n\t\t<div class=\"wpb_wrapper\">\n\t\t\t<p>D&#039;altro canto, denunciamo con giusta indignazione e detestiamo gli uomini che sono cos\u00ec sedotti e demoralizzati dal fascino del piacere del momento, cos\u00ec accecati dal desiderio, da non riuscire a prevedere il dolore e i problemi che ne conseguiranno; e pari colpa spetta a coloro che vengono meno al loro dovere per debolezza di volont\u00e0.<\/p>\n\n\t\t<\/div>\n\t<\/div>\n<\/div><\/div><\/div><\/div><div class=\"wpb_column vc_column_container vc_col-sm-3 liquid-column-69f1bad564f97\"><div class=\"vc_column-inner\"><div class=\"wpb_wrapper\"   ><div class=\"wpb_wrapper-inner\">\n\t<div class=\"wpb_text_column wpb_content_element\" >\n\t\t<div class=\"wpb_wrapper\">\n\t\t\t<p>D&#039;altro canto, denunciamo con giusta indignazione e detestiamo gli uomini che sono cos\u00ec sedotti e demoralizzati dal fascino del piacere del momento, cos\u00ec accecati dal desiderio, da non riuscire a prevedere il dolore e i problemi che ne conseguiranno; e pari colpa spetta a coloro che vengono meno al loro dovere per debolezza di volont\u00e0.<\/p>\n\n\t\t<\/div>\n\t<\/div>\n<\/div><\/div><\/div><\/div><div class=\"wpb_column vc_column_container vc_col-sm-3 liquid-column-69f1bad5651ad\"><div class=\"vc_column-inner\"><div class=\"wpb_wrapper\"   ><div class=\"wpb_wrapper-inner\">\n\t<div class=\"wpb_text_column wpb_content_element\" >\n\t\t<div class=\"wpb_wrapper\">\n\t\t\t<p>D&#039;altro canto, denunciamo con giusta indignazione e detestiamo gli uomini che sono cos\u00ec sedotti e demoralizzati dal fascino del piacere del momento, cos\u00ec accecati dal desiderio, da non riuscire a prevedere il dolore e i problemi che ne conseguiranno; e pari colpa spetta a coloro che vengono meno al loro dovere per debolezza di volont\u00e0.<\/p>\n\n\t\t<\/div>\n\t<\/div>\n<\/div><\/div><\/div><\/div><\/div><\/div><\/section>","protected":false},"excerpt":{"rendered":"On the other hand, we denounce with righteous indignation and dislike men who are so...","protected":false},"author":1,"featured_media":0,"parent":0,"menu_order":0,"comment_status":"closed","ping_status":"closed","template":"","meta":{"footnotes":""},"class_list":["post-4936","page","type-page","status-publish","hentry"],"yoast_head":"<!-- This site is optimized with the Yoast SEO plugin v27.5 - https:\/\/yoast.com\/product\/yoast-seo-wordpress\/ -->\n<title>Structure - Eden Garden Equipment<\/title>\n<meta name=\"robots\" content=\"index, follow, max-snippet:-1, max-image-preview:large, max-video-preview:-1\" \/>\n<link rel=\"canonical\" href=\"https:\/\/edengardenequipment.com\/it\/structure\/\" \/>\n<meta property=\"og:locale\" content=\"it_IT\" \/>\n<meta property=\"og:type\" content=\"article\" \/>\n<meta property=\"og:title\" content=\"Structure - Eden Garden Equipment\" \/>\n<meta property=\"og:url\" content=\"https:\/\/edengardenequipment.com\/it\/structure\/\" \/>\n<meta property=\"og:site_name\" content=\"Eden Garden Equipment\" \/>\n<meta property=\"og:image\" content=\"https:\/\/edengardenequipment.com\/wp-content\/uploads\/2023\/06\/05.jpg\" \/>\n\t<meta property=\"og:image:width\" content=\"2000\" \/>\n\t<meta property=\"og:image:height\" content=\"1117\" \/>\n\t<meta property=\"og:image:type\" content=\"image\/jpeg\" \/>\n<meta name=\"twitter:card\" content=\"summary_large_image\" \/>\n<meta name=\"twitter:label1\" content=\"Tempo di lettura stimato\" \/>\n\t<meta name=\"twitter:data1\" content=\"5 minuti\" \/>\n<script type=\"application\/ld+json\" class=\"yoast-schema-graph\">{\"@context\":\"https:\\\/\\\/schema.org\",\"@graph\":[{\"@type\":\"WebPage\",\"@id\":\"https:\\\/\\\/edengardenequipment.com\\\/structure\\\/\",\"url\":\"https:\\\/\\\/edengardenequipment.com\\\/structure\\\/\",\"name\":\"Structure - Eden Garden Equipment\",\"isPartOf\":{\"@id\":\"https:\\\/\\\/edengardenequipment.com\\\/#website\"},\"datePublished\":\"2018-10-19T13:10:31+00:00\",\"breadcrumb\":{\"@id\":\"https:\\\/\\\/edengardenequipment.com\\\/structure\\\/#breadcrumb\"},\"inLanguage\":\"it-IT\",\"potentialAction\":[{\"@type\":\"ReadAction\",\"target\":[\"https:\\\/\\\/edengardenequipment.com\\\/structure\\\/\"]}]},{\"@type\":\"BreadcrumbList\",\"@id\":\"https:\\\/\\\/edengardenequipment.com\\\/structure\\\/#breadcrumb\",\"itemListElement\":[{\"@type\":\"ListItem\",\"position\":1,\"name\":\"Home\",\"item\":\"https:\\\/\\\/edengardenequipment.com\\\/\"},{\"@type\":\"ListItem\",\"position\":2,\"name\":\"Structure\"}]},{\"@type\":\"WebSite\",\"@id\":\"https:\\\/\\\/edengardenequipment.com\\\/#website\",\"url\":\"https:\\\/\\\/edengardenequipment.com\\\/\",\"name\":\"Eden Garden Equipment\",\"description\":\"Best Gardening Tools for Sale\",\"publisher\":{\"@id\":\"https:\\\/\\\/edengardenequipment.com\\\/#organization\"},\"potentialAction\":[{\"@type\":\"SearchAction\",\"target\":{\"@type\":\"EntryPoint\",\"urlTemplate\":\"https:\\\/\\\/edengardenequipment.com\\\/?s={search_term_string}\"},\"query-input\":{\"@type\":\"PropertyValueSpecification\",\"valueRequired\":true,\"valueName\":\"search_term_string\"}}],\"inLanguage\":\"it-IT\"},{\"@type\":\"Organization\",\"@id\":\"https:\\\/\\\/edengardenequipment.com\\\/#organization\",\"name\":\"Eden Garden Equipment\",\"url\":\"https:\\\/\\\/edengardenequipment.com\\\/\",\"logo\":{\"@type\":\"ImageObject\",\"inLanguage\":\"it-IT\",\"@id\":\"https:\\\/\\\/edengardenequipment.com\\\/#\\\/schema\\\/logo\\\/image\\\/\",\"url\":\"https:\\\/\\\/edengardenequipment.com\\\/wp-content\\\/uploads\\\/2023\\\/06\\\/cropped-Asset-1@2xnew2.png\",\"contentUrl\":\"https:\\\/\\\/edengardenequipment.com\\\/wp-content\\\/uploads\\\/2023\\\/06\\\/cropped-Asset-1@2xnew2.png\",\"width\":512,\"height\":512,\"caption\":\"Eden Garden Equipment\"},\"image\":{\"@id\":\"https:\\\/\\\/edengardenequipment.com\\\/#\\\/schema\\\/logo\\\/image\\\/\"}}]}<\/script>\n<!-- \/ Yoast SEO plugin. -->","yoast_head_json":{"title":"Structure - Eden Garden Equipment","robots":{"index":"index","follow":"follow","max-snippet":"max-snippet:-1","max-image-preview":"max-image-preview:large","max-video-preview":"max-video-preview:-1"},"canonical":"https:\/\/edengardenequipment.com\/it\/structure\/","og_locale":"it_IT","og_type":"article","og_title":"Structure - Eden Garden Equipment","og_url":"https:\/\/edengardenequipment.com\/it\/structure\/","og_site_name":"Eden Garden Equipment","og_image":[{"width":2000,"height":1117,"url":"https:\/\/edengardenequipment.com\/wp-content\/uploads\/2023\/06\/05.jpg","type":"image\/jpeg"}],"twitter_card":"summary_large_image","twitter_misc":{"Tempo di lettura stimato":"5 minuti"},"schema":{"@context":"https:\/\/schema.org","@graph":[{"@type":"WebPage","@id":"https:\/\/edengardenequipment.com\/structure\/","url":"https:\/\/edengardenequipment.com\/structure\/","name":"Structure - Eden Garden Equipment","isPartOf":{"@id":"https:\/\/edengardenequipment.com\/#website"},"datePublished":"2018-10-19T13:10:31+00:00","breadcrumb":{"@id":"https:\/\/edengardenequipment.com\/structure\/#breadcrumb"},"inLanguage":"it-IT","potentialAction":[{"@type":"ReadAction","target":["https:\/\/edengardenequipment.com\/structure\/"]}]},{"@type":"BreadcrumbList","@id":"https:\/\/edengardenequipment.com\/structure\/#breadcrumb","itemListElement":[{"@type":"ListItem","position":1,"name":"Home","item":"https:\/\/edengardenequipment.com\/"},{"@type":"ListItem","position":2,"name":"Structure"}]},{"@type":"WebSite","@id":"https:\/\/edengardenequipment.com\/#website","url":"https:\/\/edengardenequipment.com\/","name":"Eden Garden Equipment","description":"Best Gardening Tools for Sale","publisher":{"@id":"https:\/\/edengardenequipment.com\/#organization"},"potentialAction":[{"@type":"SearchAction","target":{"@type":"EntryPoint","urlTemplate":"https:\/\/edengardenequipment.com\/?s={search_term_string}"},"query-input":{"@type":"PropertyValueSpecification","valueRequired":true,"valueName":"search_term_string"}}],"inLanguage":"it-IT"},{"@type":"Organization","@id":"https:\/\/edengardenequipment.com\/#organization","name":"Eden Garden Equipment","url":"https:\/\/edengardenequipment.com\/","logo":{"@type":"ImageObject","inLanguage":"it-IT","@id":"https:\/\/edengardenequipment.com\/#\/schema\/logo\/image\/","url":"https:\/\/edengardenequipment.com\/wp-content\/uploads\/2023\/06\/cropped-Asset-1@2xnew2.png","contentUrl":"https:\/\/edengardenequipment.com\/wp-content\/uploads\/2023\/06\/cropped-Asset-1@2xnew2.png","width":512,"height":512,"caption":"Eden Garden Equipment"},"image":{"@id":"https:\/\/edengardenequipment.com\/#\/schema\/logo\/image\/"}}]}},"_links":{"self":[{"href":"https:\/\/edengardenequipment.com\/it\/wp-json\/wp\/v2\/pages\/4936","targetHints":{"allow":["GET"]}}],"collection":[{"href":"https:\/\/edengardenequipment.com\/it\/wp-json\/wp\/v2\/pages"}],"about":[{"href":"https:\/\/edengardenequipment.com\/it\/wp-json\/wp\/v2\/types\/page"}],"author":[{"embeddable":true,"href":"https:\/\/edengardenequipment.com\/it\/wp-json\/wp\/v2\/users\/1"}],"replies":[{"embeddable":true,"href":"https:\/\/edengardenequipment.com\/it\/wp-json\/wp\/v2\/comments?post=4936"}],"version-history":[{"count":0,"href":"https:\/\/edengardenequipment.com\/it\/wp-json\/wp\/v2\/pages\/4936\/revisions"}],"wp:attachment":[{"href":"https:\/\/edengardenequipment.com\/it\/wp-json\/wp\/v2\/media?parent=4936"}],"curies":[{"name":"wp","href":"https:\/\/api.w.org\/{rel}","templated":true}]}}