{"id":8014,"date":"2023-05-20T17:05:17","date_gmt":"2023-05-20T16:05:17","guid":{"rendered":"http:\/\/kids.cfweb.co.uk\/?page_id=8014"},"modified":"2023-05-24T15:04:27","modified_gmt":"2023-05-24T14:04:27","slug":"why-enlighten-kids","status":"publish","type":"page","link":"https:\/\/edengardenequipment.com\/it\/why-enlighten-kids\/","title":{"rendered":"Perch\u00e9 illuminare i bambini"},"content":{"rendered":"<p><style>@media (min-width: 1200px) { .liquid-row-responsive-69f4ed1f13705 {margin-top:220px !important;  }  }   <\/style><section id=\"mobile-first\" data-custom-animations=\"true\" data-ca-options='{\"triggerHandler\":\"inview\",\"animationTarget\":\".wpb_column\",\"duration\":\"1800\",\"delay\":\"180\",\"easing\":\"easeOutQuint\",\"direction\":\"forward\",\"initValues\":{\"translateY\":35,\"opacity\":0},\"animations\":{\"translateY\":0,\"opacity\":1}}' class=\"vc_row wpb_row vc_row-fluid vc_custom_1684598797329 row-contains-padding-top row-contains-padding-bottom liquid-row-responsive-69f4ed1f13705 liquid-row-shadowbox-69f4ed1f13738 vc_row-o-equal-height vc_row-flex\"><div class=\"ld-container container\"><div class=\"row ld-row\"><div class=\"wpb_column vc_column_container vc_col-sm-12 vc_col-md-offset-2 vc_col-md-8 text-center liquid-column-69f4ed1f13ad6\"><div class=\"vc_column-inner\"><div class=\"wpb_wrapper vc_custom_1605776946183\"   ><div class=\"wpb_wrapper-inner\"><style>.ld_fancy_heading_69f4ed1f13c5d h6{font-size:10px;line-height:1.5em;letter-spacing:0.1em;background:rgb(237, 245, 255);}.ld_fancy_heading_69f4ed1f13c5d h6 {padding-top:4px !important; padding-right:12px !important; padding-bottom:4px !important; padding-left:12px !important;  } .ld_fancy_heading_69f4ed1f13c5d .lqd-highlight-inner{height:0.275em;bottom:0px;}.ld_fancy_heading_69f4ed1f13c5d h6 {padding-top:4px !important; padding-right:12px !important; padding-bottom:4px !important; padding-left:12px !important;  } <\/style><div class=\"ld-fancy-heading ld-fh-has-fill text-uppercase ld_fancy_heading_69f4ed1f13c5d\">\n\t<h6 class=\"circle lqd-highlight-underline lqd-highlight-grow-left\" ><span class=\"ld-fh-txt\"> Club per bambini Enlighten<\/span><\/h6><\/div><style>.ld_fancy_heading_69f4ed1f13f2a h2{font-size:42px;}.ld_fancy_heading_69f4ed1f13f2a h2 {margin-bottom:0.25em !important;  } .ld_fancy_heading_69f4ed1f13f2a .lqd-highlight-inner{height:0.275em;bottom:0.15em;background:rgb(173, 255, 248);}.ld_fancy_heading_69f4ed1f13f2a h2 {margin-bottom:0.25em !important;  } <\/style><div class=\"ld-fancy-heading ld_fancy_heading_69f4ed1f13f2a\">\n\t<h2 class=\"lqd-highlight-underline lqd-highlight-grow-left\" data-fittext=\"true\" data-fittext-options='{\"compressor\":1,\"maxFontSize\":\"currentFontSize\",\"minFontSize\":\"42\"}' data-inview=\"true\" data-transition-delay=\"true\" data-delay-options='{\"elements\":\".lqd-highlight-inner\",\"delayType\":\"transition\"}'><span class=\"ld-fh-txt\"> Perch\u00e9 <mark class=\"lqd-highlight\"><span class=\"lqd-highlight-txt\">Illumina i bambini<\/span><span class=\"lqd-highlight-inner\"><\/span><\/mark><\/span><\/h2><\/div><style>.ld_spacer_69f4ed1f143a8{height:15px;}<\/style>\n<div class=\"ld-empty-space ld_spacer_69f4ed1f143a8\"><span class=\"liquid_empty_space_inner\"><\/span><\/div><style>.ld_fancy_heading_69f4ed1f144c0 p{font-size:18px;line-height:1.39em;color:rgb(0, 42, 64);}.ld_fancy_heading_69f4ed1f144c0 .lqd-highlight-inner{height:0.275em;bottom:0px;}<\/style><div class=\"ld-fancy-heading ld_fancy_heading_69f4ed1f144c0\">\n\t<p class=\"lqd-highlight-underline lqd-highlight-grow-left\" ><span class=\"ld-fh-txt\"> Riconosciamo che pu\u00f2 essere difficile trovare un&#039;assistenza di buona qualit\u00e0 per il tuo bambino, motivo per cui Enlighten Kids \u00e8 orgogliosa di fornire il miglior servizio possibile per bambini e genitori\/tutori. Il nostro personale \u00e8 altamente qualificato, esperto e motivato nel fornire un&#039;assistenza eccellente in cui i bambini possono fare progressi eccezionali in tutte le aree di apprendimento.<\/span><\/p><\/div><\/div><\/div><\/div><\/div><\/div><\/div><\/section><style>@media (min-width: 992px) { .liquid-row-responsive-69f4ed1f14938 {padding-top:200px !important; padding-bottom:150px !important;  }  } @media (min-width: 1200px) { .liquid-row-responsive-69f4ed1f14938 {margin-bottom:65px !important;  }  }   <\/style><section data-parallax=\"true\" data-parallax-options='{\"parallaxBG\":true}' data-bg-image=\"url\" class=\"vc_row wpb_row vc_row-fluid vc_custom_1684937301758 row-contains-padding-top row-contains-padding-bottom liquid-row-responsive-69f4ed1f14938 liquid-row-shadowbox-69f4ed1f14951 vc_row-has-fill vc_row-has-bg\"><div class=\"ld-container container\"><div class=\"row ld-row\"><div class=\"wpb_column vc_column_container vc_col-sm-12 vc_col-lg-offset-2 vc_col-lg-8 vc_col-md-offset-1 vc_col-md-10 text-center liquid-column-69f4ed1f14b35\"><div class=\"vc_column-inner\"><div class=\"wpb_wrapper\"  data-custom-animations=\"true\" data-ca-options='{\"triggerHandler\":\"inview\",\"animationTarget\":\"all-childs\",\"duration\":\"1200\",\"delay\":\"120\",\"easing\":\"easeOutQuint\",\"direction\":\"forward\",\"initValues\":{\"translateY\":65,\"translateZ\":-131,\"rotateX\":-90,\"opacity\":0},\"animations\":{\"translateY\":0,\"translateZ\":0,\"rotateX\":0,\"opacity\":1}}' ><div class=\"wpb_wrapper-inner\"><style>.ld_fancy_heading_69f4ed1f14c8a h2{font-size:24px;line-height:1.85em;color:rgb(255, 255, 255);}.ld_fancy_heading_69f4ed1f14c8a .lqd-highlight-inner{height:0.275em;bottom:0px;}<\/style><div class=\"ld-fancy-heading ld_fancy_heading_69f4ed1f14c8a\">\n\t<h2 class=\"lqd-highlight-underline lqd-highlight-grow-left\" data-split-text=\"true\" data-custom-animations=\"true\" data-ca-options='{\"triggerHandler\":\"inview\",\"animationTarget\":\".lqd-lines .split-inner\",\"duration\":700,\"delay\":100,\"easing\":\"easeOutQuint\",\"direction\":\"forward\",\"initValues\":{\"scale\":1},\"animations\":{\"scale\":1}}' data-split-options='{\"type\":\"lines\"}'><span class=\"ld-fh-txt\"> Enlighten Kids fornisce assistenza durante le vacanze scolastiche e siamo aperti durante i normali giorni lavorativi per soddisfare le esigenze dei genitori che lavorano.<\/span><\/h2><\/div><style>.ld_spacer_69f4ed1f14dc5{height:25px;}<\/style>\n<div class=\"ld-empty-space ld_spacer_69f4ed1f14dc5\"><span class=\"liquid_empty_space_inner\"><\/span><\/div><style>.ld_button_69f4ed1f14ed7.btn-icon-solid .btn-icon{background:rgb(232, 13, 138);}.ld_button_69f4ed1f14ed7.btn-icon-circle.btn-icon-ripple .btn-icon:before{border-color:rgb(232, 13, 138);}.ld_button_69f4ed1f14ed7 .btn-icon{color:rgb(255, 255, 255);margin-left:23px !important;}.ld_button_69f4ed1f14ed7:hover .btn-icon{color:rgb(255, 255, 255);}.ld_button_69f4ed1f14ed7{color:rgb(255, 255, 255);border-color:rgb(232, 13, 138);font-size:20px !important;letter-spacing:0.1em !important;}.ld_button_69f4ed1f14ed7:hover{background-color:rgb(232, 13, 138);}<\/style><a href=\"\/it\/contact-us\/\" class=\"btn btn-default text-uppercase btn-xsm btn-bordered border-thick ld_button_69f4ed1f14ed7 vc_custom_1684599232486\">\n\t<span>\n\t\t\n\t\t\t\t\t<span class=\"btn-txt\">Mettiti in contatto<\/span>\n\t\t\t\n\t<span class=\"btn-icon\"><i class=\"icon-arrow-right-material\"><\/i><\/span>\t\t\t<\/span>\n<\/a>\n<\/div><\/div><\/div><\/div><\/div><\/div><\/section><section class=\"vc_row wpb_row vc_row-fluid liquid-row-shadowbox-69f4ed1f1566a\"><div class=\"ld-container container\"><div class=\"row ld-row\"><div class=\"wpb_column vc_column_container vc_col-sm-12 vc_col-md-offset-1 vc_col-md-10 liquid-column-69f4ed1f15823\"><div class=\"vc_column-inner\"><div class=\"wpb_wrapper\"   ><div class=\"wpb_wrapper-inner\"><div class=\"vc_row wpb_row vc_inner vc_row-fluid liquid-row-shadowbox-69f4ed1f159ee\"><div class=\"wpb_column vc_column_container vc_col-sm-12 liquid-column-69f4ed1f15c0d\"><div class=\"vc_column-inner\"><div class=\"wpb_wrapper\"  ><div class=\"wpb_wrapper-inner\"><style>.ld_fancy_heading_69f4ed1f15d64 p{font-size:18px;line-height:1.85em;color:rgb(0, 42, 64);}.ld_fancy_heading_69f4ed1f15d64 .lqd-highlight-inner{height:0.275em;bottom:0px;}<\/style><div class=\"ld-fancy-heading text-center ld_fancy_heading_69f4ed1f15d64\">\n\t<p class=\"lqd-highlight-underline lqd-highlight-grow-left\" ><span class=\"ld-fh-txt\"> In qualit\u00e0 di fornitore di servizi di assistenza all&#039;infanzia di qualit\u00e0, aiutiamo i genitori a trovare il giusto equilibrio tra lavoro e lavoro. Come genitore\/tutore, desideri naturalmente la migliore assistenza all&#039;infanzia per tuo figlio e cercherai un fornitore di servizi di assistenza all&#039;infanzia che soddisfi le tue esigenze e aspettative. Enlighten Kids \u00e8 stato progettato con questo in mente, combinando tutti gli ingredienti essenziali per creare il miglior ambiente di assistenza possibile per tuo figlio. Sebbene abbiamo cercato di fornirti le informazioni di base sul nostro servizio, noi di Enlighten Kids crediamo che l&#039;unico modo per avere una piena comprensione della nostra erogazione di servizi e della nostra etica sia vederla di persona. Non esitare a chiamare o inviare un&#039;e-mail alla struttura in qualsiasi momento per verificare che siamo la migliore struttura per te e tuo figlio.<\/span><\/p><\/div><\/div><\/div><\/div><\/div><\/div><\/div><\/div><\/div><\/div><\/div><\/div><\/section>","protected":false},"excerpt":{"rendered":"Enlighten Kids Club Why Enlighten Kids We recognise that it can be difficult to find...","protected":false},"author":1,"featured_media":0,"parent":0,"menu_order":0,"comment_status":"closed","ping_status":"closed","template":"","meta":{"footnotes":""},"class_list":["post-8014","page","type-page","status-publish","hentry"],"yoast_head":"<!-- This site is optimized with the Yoast SEO plugin v27.5 - https:\/\/yoast.com\/product\/yoast-seo-wordpress\/ -->\n<title>Why Enlighten Kids - Eden Garden Equipment<\/title>\n<meta name=\"robots\" content=\"index, follow, max-snippet:-1, max-image-preview:large, max-video-preview:-1\" \/>\n<link rel=\"canonical\" href=\"https:\/\/edengardenequipment.com\/it\/why-enlighten-kids\/\" \/>\n<meta property=\"og:locale\" content=\"it_IT\" \/>\n<meta property=\"og:type\" content=\"article\" \/>\n<meta property=\"og:title\" content=\"Why Enlighten Kids - Eden Garden Equipment\" \/>\n<meta property=\"og:url\" content=\"https:\/\/edengardenequipment.com\/it\/why-enlighten-kids\/\" \/>\n<meta property=\"og:site_name\" content=\"Eden Garden Equipment\" \/>\n<meta property=\"article:modified_time\" content=\"2023-05-24T14:04:27+00:00\" \/>\n<meta property=\"og:image\" content=\"https:\/\/edengardenequipment.com\/wp-content\/uploads\/2023\/06\/05.jpg\" \/>\n\t<meta property=\"og:image:width\" content=\"2000\" \/>\n\t<meta property=\"og:image:height\" content=\"1117\" \/>\n\t<meta property=\"og:image:type\" content=\"image\/jpeg\" \/>\n<meta name=\"twitter:card\" content=\"summary_large_image\" \/>\n<meta name=\"twitter:label1\" content=\"Tempo di lettura stimato\" \/>\n\t<meta name=\"twitter:data1\" content=\"4 minuti\" \/>\n<script type=\"application\/ld+json\" class=\"yoast-schema-graph\">{\"@context\":\"https:\\\/\\\/schema.org\",\"@graph\":[{\"@type\":\"WebPage\",\"@id\":\"https:\\\/\\\/edengardenequipment.com\\\/why-enlighten-kids\\\/\",\"url\":\"https:\\\/\\\/edengardenequipment.com\\\/why-enlighten-kids\\\/\",\"name\":\"Why Enlighten Kids - Eden Garden Equipment\",\"isPartOf\":{\"@id\":\"https:\\\/\\\/edengardenequipment.com\\\/#website\"},\"datePublished\":\"2023-05-20T16:05:17+00:00\",\"dateModified\":\"2023-05-24T14:04:27+00:00\",\"breadcrumb\":{\"@id\":\"https:\\\/\\\/edengardenequipment.com\\\/why-enlighten-kids\\\/#breadcrumb\"},\"inLanguage\":\"it-IT\",\"potentialAction\":[{\"@type\":\"ReadAction\",\"target\":[\"https:\\\/\\\/edengardenequipment.com\\\/why-enlighten-kids\\\/\"]}]},{\"@type\":\"BreadcrumbList\",\"@id\":\"https:\\\/\\\/edengardenequipment.com\\\/why-enlighten-kids\\\/#breadcrumb\",\"itemListElement\":[{\"@type\":\"ListItem\",\"position\":1,\"name\":\"Home\",\"item\":\"https:\\\/\\\/edengardenequipment.com\\\/\"},{\"@type\":\"ListItem\",\"position\":2,\"name\":\"Why Enlighten Kids\"}]},{\"@type\":\"WebSite\",\"@id\":\"https:\\\/\\\/edengardenequipment.com\\\/#website\",\"url\":\"https:\\\/\\\/edengardenequipment.com\\\/\",\"name\":\"Eden Garden Equipment\",\"description\":\"Best Gardening Tools for Sale\",\"publisher\":{\"@id\":\"https:\\\/\\\/edengardenequipment.com\\\/#organization\"},\"potentialAction\":[{\"@type\":\"SearchAction\",\"target\":{\"@type\":\"EntryPoint\",\"urlTemplate\":\"https:\\\/\\\/edengardenequipment.com\\\/?s={search_term_string}\"},\"query-input\":{\"@type\":\"PropertyValueSpecification\",\"valueRequired\":true,\"valueName\":\"search_term_string\"}}],\"inLanguage\":\"it-IT\"},{\"@type\":\"Organization\",\"@id\":\"https:\\\/\\\/edengardenequipment.com\\\/#organization\",\"name\":\"Eden Garden Equipment\",\"url\":\"https:\\\/\\\/edengardenequipment.com\\\/\",\"logo\":{\"@type\":\"ImageObject\",\"inLanguage\":\"it-IT\",\"@id\":\"https:\\\/\\\/edengardenequipment.com\\\/#\\\/schema\\\/logo\\\/image\\\/\",\"url\":\"https:\\\/\\\/edengardenequipment.com\\\/wp-content\\\/uploads\\\/2023\\\/06\\\/cropped-Asset-1@2xnew2.png\",\"contentUrl\":\"https:\\\/\\\/edengardenequipment.com\\\/wp-content\\\/uploads\\\/2023\\\/06\\\/cropped-Asset-1@2xnew2.png\",\"width\":512,\"height\":512,\"caption\":\"Eden Garden Equipment\"},\"image\":{\"@id\":\"https:\\\/\\\/edengardenequipment.com\\\/#\\\/schema\\\/logo\\\/image\\\/\"}}]}<\/script>\n<!-- \/ Yoast SEO plugin. -->","yoast_head_json":{"title":"Why Enlighten Kids - Eden Garden Equipment","robots":{"index":"index","follow":"follow","max-snippet":"max-snippet:-1","max-image-preview":"max-image-preview:large","max-video-preview":"max-video-preview:-1"},"canonical":"https:\/\/edengardenequipment.com\/it\/why-enlighten-kids\/","og_locale":"it_IT","og_type":"article","og_title":"Why Enlighten Kids - Eden Garden Equipment","og_url":"https:\/\/edengardenequipment.com\/it\/why-enlighten-kids\/","og_site_name":"Eden Garden Equipment","article_modified_time":"2023-05-24T14:04:27+00:00","og_image":[{"width":2000,"height":1117,"url":"https:\/\/edengardenequipment.com\/wp-content\/uploads\/2023\/06\/05.jpg","type":"image\/jpeg"}],"twitter_card":"summary_large_image","twitter_misc":{"Tempo di lettura stimato":"4 minuti"},"schema":{"@context":"https:\/\/schema.org","@graph":[{"@type":"WebPage","@id":"https:\/\/edengardenequipment.com\/why-enlighten-kids\/","url":"https:\/\/edengardenequipment.com\/why-enlighten-kids\/","name":"Why Enlighten Kids - Eden Garden Equipment","isPartOf":{"@id":"https:\/\/edengardenequipment.com\/#website"},"datePublished":"2023-05-20T16:05:17+00:00","dateModified":"2023-05-24T14:04:27+00:00","breadcrumb":{"@id":"https:\/\/edengardenequipment.com\/why-enlighten-kids\/#breadcrumb"},"inLanguage":"it-IT","potentialAction":[{"@type":"ReadAction","target":["https:\/\/edengardenequipment.com\/why-enlighten-kids\/"]}]},{"@type":"BreadcrumbList","@id":"https:\/\/edengardenequipment.com\/why-enlighten-kids\/#breadcrumb","itemListElement":[{"@type":"ListItem","position":1,"name":"Home","item":"https:\/\/edengardenequipment.com\/"},{"@type":"ListItem","position":2,"name":"Why Enlighten Kids"}]},{"@type":"WebSite","@id":"https:\/\/edengardenequipment.com\/#website","url":"https:\/\/edengardenequipment.com\/","name":"Eden Garden Equipment","description":"Best Gardening Tools for Sale","publisher":{"@id":"https:\/\/edengardenequipment.com\/#organization"},"potentialAction":[{"@type":"SearchAction","target":{"@type":"EntryPoint","urlTemplate":"https:\/\/edengardenequipment.com\/?s={search_term_string}"},"query-input":{"@type":"PropertyValueSpecification","valueRequired":true,"valueName":"search_term_string"}}],"inLanguage":"it-IT"},{"@type":"Organization","@id":"https:\/\/edengardenequipment.com\/#organization","name":"Eden Garden Equipment","url":"https:\/\/edengardenequipment.com\/","logo":{"@type":"ImageObject","inLanguage":"it-IT","@id":"https:\/\/edengardenequipment.com\/#\/schema\/logo\/image\/","url":"https:\/\/edengardenequipment.com\/wp-content\/uploads\/2023\/06\/cropped-Asset-1@2xnew2.png","contentUrl":"https:\/\/edengardenequipment.com\/wp-content\/uploads\/2023\/06\/cropped-Asset-1@2xnew2.png","width":512,"height":512,"caption":"Eden Garden Equipment"},"image":{"@id":"https:\/\/edengardenequipment.com\/#\/schema\/logo\/image\/"}}]}},"_links":{"self":[{"href":"https:\/\/edengardenequipment.com\/it\/wp-json\/wp\/v2\/pages\/8014","targetHints":{"allow":["GET"]}}],"collection":[{"href":"https:\/\/edengardenequipment.com\/it\/wp-json\/wp\/v2\/pages"}],"about":[{"href":"https:\/\/edengardenequipment.com\/it\/wp-json\/wp\/v2\/types\/page"}],"author":[{"embeddable":true,"href":"https:\/\/edengardenequipment.com\/it\/wp-json\/wp\/v2\/users\/1"}],"replies":[{"embeddable":true,"href":"https:\/\/edengardenequipment.com\/it\/wp-json\/wp\/v2\/comments?post=8014"}],"version-history":[{"count":10,"href":"https:\/\/edengardenequipment.com\/it\/wp-json\/wp\/v2\/pages\/8014\/revisions"}],"predecessor-version":[{"id":8059,"href":"https:\/\/edengardenequipment.com\/it\/wp-json\/wp\/v2\/pages\/8014\/revisions\/8059"}],"wp:attachment":[{"href":"https:\/\/edengardenequipment.com\/it\/wp-json\/wp\/v2\/media?parent=8014"}],"curies":[{"name":"wp","href":"https:\/\/api.w.org\/{rel}","templated":true}]}}