{"id":8510,"date":"2023-06-22T17:48:50","date_gmt":"2023-06-22T16:48:50","guid":{"rendered":"https:\/\/edengardenequipment.com\/?page_id=8510"},"modified":"2025-02-22T18:53:21","modified_gmt":"2025-02-22T18:53:21","slug":"about-us","status":"publish","type":"page","link":"https:\/\/edengardenequipment.com\/it\/about-us\/","title":{"rendered":"Chi siamo"},"content":{"rendered":"<style>@media (min-width: 1200px) { .liquid-row-responsive-69f18a258cecb {padding-top:35px !important; padding-bottom:35px !important;  }  }   <\/style><section class=\"vc_row wpb_row vc_row-fluid liquid-row-responsive-69f18a258cecb liquid-row-shadowbox-69f18a258cf0a\"><div class=\"ld-container container\"><div class=\"row ld-row\"><div class=\"wpb_column vc_column_container vc_col-sm-8 liquid-column-69f18a258d270\"><div class=\"vc_column-inner\"><div class=\"wpb_wrapper\"   ><div class=\"wpb_wrapper-inner\">\n\t<div class=\"wpb_text_column wpb_content_element\" >\n\t\t<div class=\"wpb_wrapper\">\n\t\t\t<div class=\"row\">\n<div class=\"col-md-24\">\n<div class=\"page-head\">\n<h1>ATTREZZATURE PER GIARDINO EDEN<\/h1>\n<p>Aggiungere piacere, semplicit\u00e0, divertimento e facilit\u00e0 alle attivit\u00e0 di giardinaggio.<\/p>\n<\/div>\n<\/div>\n<\/div>\n<div class=\"row\">\n<div class=\"col-md-16\">\n<hr \/>\n<p>Noi di Eden Garden Equipment amiamo il giardinaggio tanto quanto te. Pertanto, ci impegniamo senza sosta per rendere il giardinaggio piacevole, rilassante, indolore e semplice per tutti: professionisti, dilettanti e persino giardinieri appassionati con reumatismi o artrite.<\/p>\n<p>Lo facciamo fornendoti la gamma pi\u00f9 innovativa di utensili da giardinaggio di alta qualit\u00e0 e sistemi a cricchetto brevettati. I nostri utensili e sistemi da giardinaggio sono progettati per le prestazioni, costruiti per fare invidia e realizzati per offrire ai giardinieri un comfort ottimale e a lungo termine. Con i nostri utensili puoi svolgere tutti i tipi di attivit\u00e0 di giardinaggio e compiti faticosi con la massima facilit\u00e0, comodit\u00e0 e senza perdere tempo.<\/p>\n<p>Dal taglio alla potatura e alla rifinitura, con i nostri utensili di alta qualit\u00e0 e sistemi unici, puoi svolgere tutti questi compiti con il minimo sforzo, tutto l&#039;anno e per molti anni a venire senza dover fare grandi investimenti in sostituzioni. Ogni utensile nella nostra gamma di prodotti \u00e8 stato progettato e costruito secondo i migliori standard del settore e delle prestazioni. I nostri design intelligenti assicurano una facile maneggevolezza, un&#039;ergonomia superiore e un&#039;eccellente presa. I meccanismi innovativi ti consentono di estrarre la massima leva senza metterti a rischio di sforzarti troppo e di farti male.<\/p>\n<p>Tutti gli utensili da giardinaggio che offriamo sono rigorosamente provati e testati per durata, funzionalit\u00e0 e comfort, prima di essere resi disponibili ai clienti. State tranquilli; troverete i nostri utensili facili da usare<\/p>\n<p>Il nostro sistema a cricchetto brevettato e potente ti consente di moltiplicare per cinque la forza necessaria per potare cespugli e tagliare rami di alberi con precisione. Puoi fare tutto questo con il minimo sforzo e senza stress. Sono lontani i giorni in cui avevi bisogno di un aiuto esterno per prenderti cura del tuo giardino. Ora puoi fare tutto da solo!<\/p>\n<p>Oltre a questo, forniamo anche lame intercambiabili realizzate in acciaio ad alto tenore di carbonio rivestito in Teflon. Ci\u00f2 significa che non \u00e8 necessario acquistare un nuovo utensile ogni volta che le lame diventano smussate. Tutto ci\u00f2 che devi fare \u00e8 sostituirle con le nostre lame intercambiabili.<br \/>\nQuindi, cosa aspetti? Prenditi cura delle tue piante e dei tuoi alberi con i nostri eccezionali e facili da usare utensili da giardinaggio. Goditi il giardinaggio come mai prima.<\/p>\n<p><a href=\"https:\/\/edengardenequipment.com\/it\/garden-tools\/\">Sfoglia oggi stesso la nostra gamma di utensili e ordina subito.<\/a><\/p>\n<\/div>\n<\/div>\n\n\t\t<\/div>\n\t<\/div>\n<\/div><\/div><\/div><\/div><div class=\"wpb_column vc_column_container vc_col-sm-4 liquid-column-69f18a258d615\"><div class=\"vc_column-inner\"><div class=\"wpb_wrapper\"   ><div class=\"wpb_wrapper-inner\">\n\t<div  class=\"wpb_single_image wpb_content_element vc_align_left  liquid_vc_single_image-69f18a259c703\">\n\t\t\n\t\t<figure class=\"wpb_wrapper vc_figure\">\n\t\t\t<div class=\"vc_single_image-wrapper   vc_box_border_grey\"><img loading=\"lazy\" decoding=\"async\" width=\"700\" height=\"701\" src=\"data:image\/svg+xml;charset=utf-8,&lt;svg xmlns%3D&#039;http%3A%2F%2Fwww.w3.org%2F2000%2Fsvg&#039; viewBox%3D&#039;0 0 700 701&#039;%2F&gt;\" class=\"vc_single_image-img attachment-full ld-lazyload\" alt=\"\" srcset=\"\" sizes=\"auto, (max-width: 700px) 100vw, 700px\" data-src=\"https:\/\/edengardenequipment.com\/wp-content\/uploads\/2023\/06\/about-us.jpg\" data-srcset=\"https:\/\/edengardenequipment.com\/wp-content\/uploads\/2023\/06\/about-us.jpg 700w, https:\/\/edengardenequipment.com\/wp-content\/uploads\/2023\/06\/about-us-300x300.jpg 300w, https:\/\/edengardenequipment.com\/wp-content\/uploads\/2023\/06\/about-us-150x150.jpg 150w, https:\/\/edengardenequipment.com\/wp-content\/uploads\/2023\/06\/about-us-12x12.jpg 12w\" data-aspect=\"0.99857346647646\" \/><\/div>\n\t\t<\/figure>\n\t<\/div>\n<\/div><\/div><\/div><\/div><\/div><\/div><\/section>","protected":false},"excerpt":{"rendered":"EDEN GARDEN EQUIPMENT Adding Pleasure, Simplicity, Fun and Ease to Gardening Activities. At Eden Garden...","protected":false},"author":1,"featured_media":0,"parent":0,"menu_order":0,"comment_status":"closed","ping_status":"closed","template":"","meta":{"footnotes":""},"class_list":["post-8510","page","type-page","status-publish","hentry"],"yoast_head":"<!-- This site is optimized with the Yoast SEO plugin v27.5 - https:\/\/yoast.com\/product\/yoast-seo-wordpress\/ -->\n<title>About us - Eden Garden Equipment<\/title>\n<meta name=\"robots\" content=\"index, follow, max-snippet:-1, max-image-preview:large, max-video-preview:-1\" \/>\n<link rel=\"canonical\" href=\"https:\/\/edengardenequipment.com\/it\/about-us\/\" \/>\n<meta property=\"og:locale\" content=\"it_IT\" \/>\n<meta property=\"og:type\" content=\"article\" \/>\n<meta property=\"og:title\" content=\"About us - Eden Garden Equipment\" \/>\n<meta property=\"og:url\" content=\"https:\/\/edengardenequipment.com\/it\/about-us\/\" \/>\n<meta property=\"og:site_name\" content=\"Eden Garden Equipment\" \/>\n<meta property=\"article:modified_time\" content=\"2025-02-22T18:53:21+00:00\" \/>\n<meta property=\"og:image\" content=\"https:\/\/edengardenequipment.com\/wp-content\/uploads\/2023\/06\/05.jpg\" \/>\n\t<meta property=\"og:image:width\" content=\"2000\" \/>\n\t<meta property=\"og:image:height\" content=\"1117\" \/>\n\t<meta property=\"og:image:type\" content=\"image\/jpeg\" \/>\n<meta name=\"twitter:card\" content=\"summary_large_image\" \/>\n<meta name=\"twitter:label1\" content=\"Tempo di lettura stimato\" \/>\n\t<meta name=\"twitter:data1\" content=\"2 minuti\" \/>\n<script type=\"application\/ld+json\" class=\"yoast-schema-graph\">{\"@context\":\"https:\\\/\\\/schema.org\",\"@graph\":[{\"@type\":\"WebPage\",\"@id\":\"https:\\\/\\\/edengardenequipment.com\\\/about-us\\\/\",\"url\":\"https:\\\/\\\/edengardenequipment.com\\\/about-us\\\/\",\"name\":\"About us - Eden Garden Equipment\",\"isPartOf\":{\"@id\":\"https:\\\/\\\/edengardenequipment.com\\\/#website\"},\"datePublished\":\"2023-06-22T16:48:50+00:00\",\"dateModified\":\"2025-02-22T18:53:21+00:00\",\"breadcrumb\":{\"@id\":\"https:\\\/\\\/edengardenequipment.com\\\/about-us\\\/#breadcrumb\"},\"inLanguage\":\"it-IT\",\"potentialAction\":[{\"@type\":\"ReadAction\",\"target\":[\"https:\\\/\\\/edengardenequipment.com\\\/about-us\\\/\"]}]},{\"@type\":\"BreadcrumbList\",\"@id\":\"https:\\\/\\\/edengardenequipment.com\\\/about-us\\\/#breadcrumb\",\"itemListElement\":[{\"@type\":\"ListItem\",\"position\":1,\"name\":\"Home\",\"item\":\"https:\\\/\\\/edengardenequipment.com\\\/\"},{\"@type\":\"ListItem\",\"position\":2,\"name\":\"About us\"}]},{\"@type\":\"WebSite\",\"@id\":\"https:\\\/\\\/edengardenequipment.com\\\/#website\",\"url\":\"https:\\\/\\\/edengardenequipment.com\\\/\",\"name\":\"Eden Garden Equipment\",\"description\":\"Best Gardening Tools for Sale\",\"publisher\":{\"@id\":\"https:\\\/\\\/edengardenequipment.com\\\/#organization\"},\"potentialAction\":[{\"@type\":\"SearchAction\",\"target\":{\"@type\":\"EntryPoint\",\"urlTemplate\":\"https:\\\/\\\/edengardenequipment.com\\\/?s={search_term_string}\"},\"query-input\":{\"@type\":\"PropertyValueSpecification\",\"valueRequired\":true,\"valueName\":\"search_term_string\"}}],\"inLanguage\":\"it-IT\"},{\"@type\":\"Organization\",\"@id\":\"https:\\\/\\\/edengardenequipment.com\\\/#organization\",\"name\":\"Eden Garden Equipment\",\"url\":\"https:\\\/\\\/edengardenequipment.com\\\/\",\"logo\":{\"@type\":\"ImageObject\",\"inLanguage\":\"it-IT\",\"@id\":\"https:\\\/\\\/edengardenequipment.com\\\/#\\\/schema\\\/logo\\\/image\\\/\",\"url\":\"https:\\\/\\\/edengardenequipment.com\\\/wp-content\\\/uploads\\\/2023\\\/06\\\/cropped-Asset-1@2xnew2.png\",\"contentUrl\":\"https:\\\/\\\/edengardenequipment.com\\\/wp-content\\\/uploads\\\/2023\\\/06\\\/cropped-Asset-1@2xnew2.png\",\"width\":512,\"height\":512,\"caption\":\"Eden Garden Equipment\"},\"image\":{\"@id\":\"https:\\\/\\\/edengardenequipment.com\\\/#\\\/schema\\\/logo\\\/image\\\/\"}}]}<\/script>\n<!-- \/ Yoast SEO plugin. -->","yoast_head_json":{"title":"About us - Eden Garden Equipment","robots":{"index":"index","follow":"follow","max-snippet":"max-snippet:-1","max-image-preview":"max-image-preview:large","max-video-preview":"max-video-preview:-1"},"canonical":"https:\/\/edengardenequipment.com\/it\/about-us\/","og_locale":"it_IT","og_type":"article","og_title":"About us - Eden Garden Equipment","og_url":"https:\/\/edengardenequipment.com\/it\/about-us\/","og_site_name":"Eden Garden Equipment","article_modified_time":"2025-02-22T18:53:21+00:00","og_image":[{"width":2000,"height":1117,"url":"https:\/\/edengardenequipment.com\/wp-content\/uploads\/2023\/06\/05.jpg","type":"image\/jpeg"}],"twitter_card":"summary_large_image","twitter_misc":{"Tempo di lettura stimato":"2 minuti"},"schema":{"@context":"https:\/\/schema.org","@graph":[{"@type":"WebPage","@id":"https:\/\/edengardenequipment.com\/about-us\/","url":"https:\/\/edengardenequipment.com\/about-us\/","name":"About us - Eden Garden Equipment","isPartOf":{"@id":"https:\/\/edengardenequipment.com\/#website"},"datePublished":"2023-06-22T16:48:50+00:00","dateModified":"2025-02-22T18:53:21+00:00","breadcrumb":{"@id":"https:\/\/edengardenequipment.com\/about-us\/#breadcrumb"},"inLanguage":"it-IT","potentialAction":[{"@type":"ReadAction","target":["https:\/\/edengardenequipment.com\/about-us\/"]}]},{"@type":"BreadcrumbList","@id":"https:\/\/edengardenequipment.com\/about-us\/#breadcrumb","itemListElement":[{"@type":"ListItem","position":1,"name":"Home","item":"https:\/\/edengardenequipment.com\/"},{"@type":"ListItem","position":2,"name":"About us"}]},{"@type":"WebSite","@id":"https:\/\/edengardenequipment.com\/#website","url":"https:\/\/edengardenequipment.com\/","name":"Eden Garden Equipment","description":"Best Gardening Tools for Sale","publisher":{"@id":"https:\/\/edengardenequipment.com\/#organization"},"potentialAction":[{"@type":"SearchAction","target":{"@type":"EntryPoint","urlTemplate":"https:\/\/edengardenequipment.com\/?s={search_term_string}"},"query-input":{"@type":"PropertyValueSpecification","valueRequired":true,"valueName":"search_term_string"}}],"inLanguage":"it-IT"},{"@type":"Organization","@id":"https:\/\/edengardenequipment.com\/#organization","name":"Eden Garden Equipment","url":"https:\/\/edengardenequipment.com\/","logo":{"@type":"ImageObject","inLanguage":"it-IT","@id":"https:\/\/edengardenequipment.com\/#\/schema\/logo\/image\/","url":"https:\/\/edengardenequipment.com\/wp-content\/uploads\/2023\/06\/cropped-Asset-1@2xnew2.png","contentUrl":"https:\/\/edengardenequipment.com\/wp-content\/uploads\/2023\/06\/cropped-Asset-1@2xnew2.png","width":512,"height":512,"caption":"Eden Garden Equipment"},"image":{"@id":"https:\/\/edengardenequipment.com\/#\/schema\/logo\/image\/"}}]}},"_links":{"self":[{"href":"https:\/\/edengardenequipment.com\/it\/wp-json\/wp\/v2\/pages\/8510","targetHints":{"allow":["GET"]}}],"collection":[{"href":"https:\/\/edengardenequipment.com\/it\/wp-json\/wp\/v2\/pages"}],"about":[{"href":"https:\/\/edengardenequipment.com\/it\/wp-json\/wp\/v2\/types\/page"}],"author":[{"embeddable":true,"href":"https:\/\/edengardenequipment.com\/it\/wp-json\/wp\/v2\/users\/1"}],"replies":[{"embeddable":true,"href":"https:\/\/edengardenequipment.com\/it\/wp-json\/wp\/v2\/comments?post=8510"}],"version-history":[{"count":3,"href":"https:\/\/edengardenequipment.com\/it\/wp-json\/wp\/v2\/pages\/8510\/revisions"}],"predecessor-version":[{"id":8809,"href":"https:\/\/edengardenequipment.com\/it\/wp-json\/wp\/v2\/pages\/8510\/revisions\/8809"}],"wp:attachment":[{"href":"https:\/\/edengardenequipment.com\/it\/wp-json\/wp\/v2\/media?parent=8510"}],"curies":[{"name":"wp","href":"https:\/\/api.w.org\/{rel}","templated":true}]}}