{"id":8542,"date":"2023-10-01T18:58:06","date_gmt":"2023-10-01T17:58:06","guid":{"rendered":"https:\/\/edengardenequipment.com\/?post_type=product&#038;p=8542"},"modified":"2026-04-26T11:05:02","modified_gmt":"2026-04-26T10:05:02","slug":"ratchet-secateur","status":"publish","type":"product","link":"https:\/\/edengardenequipment.com\/it\/prodotto\/ratchet-secateur\/","title":{"rendered":"Cesoie a cricchetto"},"content":{"rendered":"<div class=\"product-shop-wrap product-shop-title\">\n<div class=\"product-name\">Ratchet Secateur La precisione nella potatura \u00e8 ci\u00f2 che mantiene il tuo giardino ben curato, bello e rigoglioso. Ci\u00f2 richiede tempo e pu\u00f2 essere un compito laborioso. Ed \u00e8 esattamente per questo che hai bisogno di un paio di S\u00e9cateur di qualit\u00e0 nel tuo kit di attrezzi da giardinaggio.<\/div>\n<\/div>\n<div class=\"product-shop-wrap product-shop-desc\">\n<div class=\"short-description\">\n<div class=\"std\">\n<ul>\n<li>Dotato di un potente sistema a cricchetto e di un&#039;impugnatura in gomma antiscivolo, garantisce una presa comoda ed \u00e8 facile da usare sia per i destrimani che per i mancini.<\/li>\n<li>Il suo design ergonomico consente agli utenti di lavorare con facilit\u00e0 e senza dolore, portando a termine il lavoro in tempi rapidi.<\/li>\n<li>Il suo movimento fluido a cricchetto e la lama in acciaio ad alto tenore di carbonio rivestita in Teflon gli conferiscono un&#039;eccellente potenza di taglio, indispensabile per un taglio preciso e pulito.<\/li>\n<li>Realizzato in alluminio e con lama antiaderente, ha una grande resistenza all&#039;abrasione e alla ruggine, cos\u00ec puoi usarlo per anni a venire. La lama ha una curva perfetta che offre una superba efficienza di taglio fino a 25 mm di diametro.<\/li>\n<li>\u00c8 un s\u00e9cateur multi-task che pu\u00f2 essere utilizzato per una variet\u00e0 di attivit\u00e0 in giardino, come tagliare alberi, potare e modellare arbusti, piante legnose e persino siepi. Questo aumenter\u00e0 davvero la tua passione per il giardinaggio.<\/li>\n<li>Essendo fatto di alluminio \u00e8 molto leggero, il che lo rende perfetto per chi deve lavorare per lunghe ore. Con questo Secateur, di&#039; addio alla stanchezza e alle mani e ai polsi stanchi.<\/li>\n<\/ul>\n<p>Offrendo una buona resistenza alle macchie e all&#039;abrasione, questo Ratchet Secateur \u00e8 noto per la sua qualit\u00e0 premium e per l&#039;uso a vita. \u00c8 un investimento di cui sarai orgoglioso.<\/p>\n<table id=\"product-attribute-specs-table\" class=\"data-table\">\n<colgroup>\n<col width=\"25%\" \/>\n<col \/><\/colgroup>\n<tbody>\n<tr class=\"first odd\">\n<th class=\"label\">PESO (GM)<\/th>\n<td class=\"data last\">240.0000<\/td>\n<\/tr>\n<tr class=\"even\">\n<th class=\"label\">LUNGHEZZA DEL PRODOTTO (CM)<\/th>\n<td class=\"data last\">20.5<\/td>\n<\/tr>\n<tr class=\"odd\">\n<th class=\"label\">LARGHEZZA PRODOTTO (CM)<\/th>\n<td class=\"data last\">8.2<\/td>\n<\/tr>\n<tr class=\"last even\">\n<th class=\"label\">ALTEZZA PRODOTTO (CM)<\/th>\n<td class=\"data last\">2.06<\/td>\n<\/tr>\n<\/tbody>\n<\/table>\n<\/div>\n<\/div>\n<\/div>","protected":false},"excerpt":{"rendered":"<p>PANORAMICA RAPIDA<br \/>\nLa precisione nella potatura \u00e8 ci\u00f2 che mantiene il tuo giardino ben curato, bello e rigoglioso. Ci\u00f2 richiede tempo e pu\u00f2 essere un compito laborioso. Ed \u00e8 esattamente per questo che hai bisogno di un paio di S\u00e9cateur di qualit\u00e0 nel tuo kit di attrezzi da giardinaggio.<\/p>\n<p>Tutti i prodotti Eden Garden Equipment sono garantiti 12 mesi dalla data di acquisto.<\/p>","protected":false},"featured_media":8545,"comment_status":"open","ping_status":"closed","template":"","meta":[],"product_brand":[],"product_cat":[249],"product_tag":[],"class_list":{"0":"post-8542","1":"product","2":"type-product","3":"status-publish","4":"has-post-thumbnail","6":"product_cat-garden-tools","8":"first","9":"instock","10":"sale","11":"taxable","12":"shipping-taxable","13":"purchasable","14":"product-type-simple"},"yoast_head":"<!-- This site is optimized with the Yoast SEO plugin v27.5 - https:\/\/yoast.com\/product\/yoast-seo-wordpress\/ -->\n<title>Ratchet Secateur - Eden Garden Equipment<\/title>\n<meta name=\"description\" content=\"Ratchet Secateur Precision in pruning is what keeps your garden well-maintained, beautiful and blooming. This requires time and can be a laborious task.\" \/>\n<meta name=\"robots\" content=\"index, follow, max-snippet:-1, max-image-preview:large, max-video-preview:-1\" \/>\n<link rel=\"canonical\" href=\"https:\/\/edengardenequipment.com\/it\/prodotto\/ratchet-secateur\/\" \/>\n<meta property=\"og:locale\" content=\"it_IT\" \/>\n<meta property=\"og:type\" content=\"article\" \/>\n<meta property=\"og:title\" content=\"Ratchet Secateur - Eden Garden Equipment\" \/>\n<meta property=\"og:description\" content=\"Ratchet Secateur Precision in pruning is what keeps your garden well-maintained, beautiful and blooming. This requires time and can be a laborious task.\" \/>\n<meta property=\"og:url\" content=\"https:\/\/edengardenequipment.com\/it\/prodotto\/ratchet-secateur\/\" \/>\n<meta property=\"og:site_name\" content=\"Eden Garden Equipment\" \/>\n<meta property=\"article:modified_time\" content=\"2026-04-26T10:05:02+00:00\" \/>\n<meta property=\"og:image\" content=\"https:\/\/edengardenequipment.com\/wp-content\/uploads\/2023\/06\/w6b5997.jpg\" \/>\n\t<meta property=\"og:image:width\" content=\"1000\" \/>\n\t<meta property=\"og:image:height\" content=\"1000\" \/>\n\t<meta property=\"og:image:type\" content=\"image\/jpeg\" \/>\n<meta name=\"twitter:card\" content=\"summary_large_image\" \/>\n<meta name=\"twitter:label1\" content=\"Tempo di lettura stimato\" \/>\n\t<meta name=\"twitter:data1\" content=\"2 minuti\" \/>\n<script type=\"application\/ld+json\" class=\"yoast-schema-graph\">{\"@context\":\"https:\\\/\\\/schema.org\",\"@graph\":[{\"@type\":\"WebPage\",\"@id\":\"https:\\\/\\\/edengardenequipment.com\\\/product\\\/ratchet-secateur\\\/\",\"url\":\"https:\\\/\\\/edengardenequipment.com\\\/product\\\/ratchet-secateur\\\/\",\"name\":\"Ratchet Secateur - Eden Garden Equipment\",\"isPartOf\":{\"@id\":\"https:\\\/\\\/edengardenequipment.com\\\/#website\"},\"primaryImageOfPage\":{\"@id\":\"https:\\\/\\\/edengardenequipment.com\\\/product\\\/ratchet-secateur\\\/#primaryimage\"},\"image\":{\"@id\":\"https:\\\/\\\/edengardenequipment.com\\\/product\\\/ratchet-secateur\\\/#primaryimage\"},\"thumbnailUrl\":\"https:\\\/\\\/edengardenequipment.com\\\/wp-content\\\/uploads\\\/2023\\\/06\\\/w6b5997.jpg\",\"datePublished\":\"2023-10-01T17:58:06+00:00\",\"dateModified\":\"2026-04-26T10:05:02+00:00\",\"description\":\"Ratchet Secateur Precision in pruning is what keeps your garden well-maintained, beautiful and blooming. This requires time and can be a laborious task.\",\"breadcrumb\":{\"@id\":\"https:\\\/\\\/edengardenequipment.com\\\/product\\\/ratchet-secateur\\\/#breadcrumb\"},\"inLanguage\":\"it-IT\",\"potentialAction\":[{\"@type\":\"ReadAction\",\"target\":[\"https:\\\/\\\/edengardenequipment.com\\\/product\\\/ratchet-secateur\\\/\"]}]},{\"@type\":\"ImageObject\",\"inLanguage\":\"it-IT\",\"@id\":\"https:\\\/\\\/edengardenequipment.com\\\/product\\\/ratchet-secateur\\\/#primaryimage\",\"url\":\"https:\\\/\\\/edengardenequipment.com\\\/wp-content\\\/uploads\\\/2023\\\/06\\\/w6b5997.jpg\",\"contentUrl\":\"https:\\\/\\\/edengardenequipment.com\\\/wp-content\\\/uploads\\\/2023\\\/06\\\/w6b5997.jpg\",\"width\":1000,\"height\":1000},{\"@type\":\"BreadcrumbList\",\"@id\":\"https:\\\/\\\/edengardenequipment.com\\\/product\\\/ratchet-secateur\\\/#breadcrumb\",\"itemListElement\":[{\"@type\":\"ListItem\",\"position\":1,\"name\":\"Home\",\"item\":\"https:\\\/\\\/edengardenequipment.com\\\/\"},{\"@type\":\"ListItem\",\"position\":2,\"name\":\"Shop\",\"item\":\"https:\\\/\\\/edengardenequipment.com\\\/shop\\\/\"},{\"@type\":\"ListItem\",\"position\":3,\"name\":\"Ratchet Secateur\"}]},{\"@type\":\"WebSite\",\"@id\":\"https:\\\/\\\/edengardenequipment.com\\\/#website\",\"url\":\"https:\\\/\\\/edengardenequipment.com\\\/\",\"name\":\"Eden Garden Equipment\",\"description\":\"Best Gardening Tools for Sale\",\"publisher\":{\"@id\":\"https:\\\/\\\/edengardenequipment.com\\\/#organization\"},\"potentialAction\":[{\"@type\":\"SearchAction\",\"target\":{\"@type\":\"EntryPoint\",\"urlTemplate\":\"https:\\\/\\\/edengardenequipment.com\\\/?s={search_term_string}\"},\"query-input\":{\"@type\":\"PropertyValueSpecification\",\"valueRequired\":true,\"valueName\":\"search_term_string\"}}],\"inLanguage\":\"it-IT\"},{\"@type\":\"Organization\",\"@id\":\"https:\\\/\\\/edengardenequipment.com\\\/#organization\",\"name\":\"Eden Garden Equipment\",\"url\":\"https:\\\/\\\/edengardenequipment.com\\\/\",\"logo\":{\"@type\":\"ImageObject\",\"inLanguage\":\"it-IT\",\"@id\":\"https:\\\/\\\/edengardenequipment.com\\\/#\\\/schema\\\/logo\\\/image\\\/\",\"url\":\"https:\\\/\\\/edengardenequipment.com\\\/wp-content\\\/uploads\\\/2023\\\/06\\\/cropped-Asset-1@2xnew2.png\",\"contentUrl\":\"https:\\\/\\\/edengardenequipment.com\\\/wp-content\\\/uploads\\\/2023\\\/06\\\/cropped-Asset-1@2xnew2.png\",\"width\":512,\"height\":512,\"caption\":\"Eden Garden Equipment\"},\"image\":{\"@id\":\"https:\\\/\\\/edengardenequipment.com\\\/#\\\/schema\\\/logo\\\/image\\\/\"}}]}<\/script>\n<!-- \/ Yoast SEO plugin. -->","yoast_head_json":{"title":"Ratchet Secateur - Eden Garden Equipment","description":"Ratchet Secateur Precision in pruning is what keeps your garden well-maintained, beautiful and blooming. This requires time and can be a laborious task.","robots":{"index":"index","follow":"follow","max-snippet":"max-snippet:-1","max-image-preview":"max-image-preview:large","max-video-preview":"max-video-preview:-1"},"canonical":"https:\/\/edengardenequipment.com\/it\/prodotto\/ratchet-secateur\/","og_locale":"it_IT","og_type":"article","og_title":"Ratchet Secateur - Eden Garden Equipment","og_description":"Ratchet Secateur Precision in pruning is what keeps your garden well-maintained, beautiful and blooming. This requires time and can be a laborious task.","og_url":"https:\/\/edengardenequipment.com\/it\/prodotto\/ratchet-secateur\/","og_site_name":"Eden Garden Equipment","article_modified_time":"2026-04-26T10:05:02+00:00","og_image":[{"width":1000,"height":1000,"url":"https:\/\/edengardenequipment.com\/wp-content\/uploads\/2023\/06\/w6b5997.jpg","type":"image\/jpeg"}],"twitter_card":"summary_large_image","twitter_misc":{"Tempo di lettura stimato":"2 minuti"},"schema":{"@context":"https:\/\/schema.org","@graph":[{"@type":"WebPage","@id":"https:\/\/edengardenequipment.com\/product\/ratchet-secateur\/","url":"https:\/\/edengardenequipment.com\/product\/ratchet-secateur\/","name":"Ratchet Secateur - Eden Garden Equipment","isPartOf":{"@id":"https:\/\/edengardenequipment.com\/#website"},"primaryImageOfPage":{"@id":"https:\/\/edengardenequipment.com\/product\/ratchet-secateur\/#primaryimage"},"image":{"@id":"https:\/\/edengardenequipment.com\/product\/ratchet-secateur\/#primaryimage"},"thumbnailUrl":"https:\/\/edengardenequipment.com\/wp-content\/uploads\/2023\/06\/w6b5997.jpg","datePublished":"2023-10-01T17:58:06+00:00","dateModified":"2026-04-26T10:05:02+00:00","description":"Ratchet Secateur Precision in pruning is what keeps your garden well-maintained, beautiful and blooming. This requires time and can be a laborious task.","breadcrumb":{"@id":"https:\/\/edengardenequipment.com\/product\/ratchet-secateur\/#breadcrumb"},"inLanguage":"it-IT","potentialAction":[{"@type":"ReadAction","target":["https:\/\/edengardenequipment.com\/product\/ratchet-secateur\/"]}]},{"@type":"ImageObject","inLanguage":"it-IT","@id":"https:\/\/edengardenequipment.com\/product\/ratchet-secateur\/#primaryimage","url":"https:\/\/edengardenequipment.com\/wp-content\/uploads\/2023\/06\/w6b5997.jpg","contentUrl":"https:\/\/edengardenequipment.com\/wp-content\/uploads\/2023\/06\/w6b5997.jpg","width":1000,"height":1000},{"@type":"BreadcrumbList","@id":"https:\/\/edengardenequipment.com\/product\/ratchet-secateur\/#breadcrumb","itemListElement":[{"@type":"ListItem","position":1,"name":"Home","item":"https:\/\/edengardenequipment.com\/"},{"@type":"ListItem","position":2,"name":"Shop","item":"https:\/\/edengardenequipment.com\/shop\/"},{"@type":"ListItem","position":3,"name":"Ratchet Secateur"}]},{"@type":"WebSite","@id":"https:\/\/edengardenequipment.com\/#website","url":"https:\/\/edengardenequipment.com\/","name":"Eden Garden Equipment","description":"Best Gardening Tools for Sale","publisher":{"@id":"https:\/\/edengardenequipment.com\/#organization"},"potentialAction":[{"@type":"SearchAction","target":{"@type":"EntryPoint","urlTemplate":"https:\/\/edengardenequipment.com\/?s={search_term_string}"},"query-input":{"@type":"PropertyValueSpecification","valueRequired":true,"valueName":"search_term_string"}}],"inLanguage":"it-IT"},{"@type":"Organization","@id":"https:\/\/edengardenequipment.com\/#organization","name":"Eden Garden Equipment","url":"https:\/\/edengardenequipment.com\/","logo":{"@type":"ImageObject","inLanguage":"it-IT","@id":"https:\/\/edengardenequipment.com\/#\/schema\/logo\/image\/","url":"https:\/\/edengardenequipment.com\/wp-content\/uploads\/2023\/06\/cropped-Asset-1@2xnew2.png","contentUrl":"https:\/\/edengardenequipment.com\/wp-content\/uploads\/2023\/06\/cropped-Asset-1@2xnew2.png","width":512,"height":512,"caption":"Eden Garden Equipment"},"image":{"@id":"https:\/\/edengardenequipment.com\/#\/schema\/logo\/image\/"}}]}},"_links":{"self":[{"href":"https:\/\/edengardenequipment.com\/it\/wp-json\/wp\/v2\/product\/8542","targetHints":{"allow":["GET"]}}],"collection":[{"href":"https:\/\/edengardenequipment.com\/it\/wp-json\/wp\/v2\/product"}],"about":[{"href":"https:\/\/edengardenequipment.com\/it\/wp-json\/wp\/v2\/types\/product"}],"replies":[{"embeddable":true,"href":"https:\/\/edengardenequipment.com\/it\/wp-json\/wp\/v2\/comments?post=8542"}],"wp:featuredmedia":[{"embeddable":true,"href":"https:\/\/edengardenequipment.com\/it\/wp-json\/wp\/v2\/media\/8545"}],"wp:attachment":[{"href":"https:\/\/edengardenequipment.com\/it\/wp-json\/wp\/v2\/media?parent=8542"}],"wp:term":[{"taxonomy":"product_brand","embeddable":true,"href":"https:\/\/edengardenequipment.com\/it\/wp-json\/wp\/v2\/product_brand?post=8542"},{"taxonomy":"product_cat","embeddable":true,"href":"https:\/\/edengardenequipment.com\/it\/wp-json\/wp\/v2\/product_cat?post=8542"},{"taxonomy":"product_tag","embeddable":true,"href":"https:\/\/edengardenequipment.com\/it\/wp-json\/wp\/v2\/product_tag?post=8542"}],"curies":[{"name":"wp","href":"https:\/\/api.w.org\/{rel}","templated":true}]}}