{"id":8598,"date":"2023-09-19T03:16:17","date_gmt":"2023-09-19T02:16:17","guid":{"rendered":"https:\/\/edengardenequipment.com\/?post_type=product&#038;p=8598"},"modified":"2025-02-14T18:54:39","modified_gmt":"2025-02-14T18:54:39","slug":"pack-5","status":"publish","type":"product","link":"https:\/\/edengardenequipment.com\/it\/prodotto\/pack-5\/","title":{"rendered":"Pacchetto 5"},"content":{"rendered":"<p>Confezione da 5 Forbici+ Troncarami di misura media + Troncarami telescopico + Forbici con lama di ricambio + Troncarami con lama di ricambio<\/p>\n<p><span style=\"color: #008000;\"><em><strong>Risparmia \u00a365 con la consegna gratuita<\/strong><\/em><\/span><\/p>\n<h4>TAGLIERINA:<\/h4>\n<p>La precisione nella potatura \u00e8 ci\u00f2 che mantiene il tuo giardino ben curato, bello e rigoglioso. Ci\u00f2 richiede tempo e pu\u00f2 essere un compito laborioso. Ed \u00e8 esattamente per questo che hai bisogno di un paio di S\u00e9cateur di qualit\u00e0 nel tuo kit di attrezzi da giardinaggio.<\/p>\n<h4>FORBICE DI TAGLIA MEDIA:<\/h4>\n<p>Per ottimizzare le tue prestazioni in giardino, svolgendo i lavori nel massimo comfort, questo potatore di medie dimensioni \u00e8 la scelta migliore.<\/p>\n<h4>POTATORE:<\/h4>\n<p>Questo utensile da giardinaggio \u00e8 un must per la potatura. Le sue caratteristiche e il meccanismo ingegnoso lo rendono ideale per potare rami grandi e spessi con la massima praticit\u00e0, facilit\u00e0 e comfort.<\/p>\n<h4>LAMA DI RICAMBIO:<\/h4>\n<ul>\n<li>Lama in acciaio ad alto tenore di carbonio rivestita in Teflon<\/li>\n<li>Ottima resistenza all&#039;abrasione e alla ruggine.<\/li>\n<\/ul>\n<table id=\"product-attribute-specs-table\" class=\"data-table\">\n<colgroup>\n<col width=\"25%\" \/>\n<col \/><\/colgroup>\n<tbody>\n<tr class=\"first odd\">\n<th class=\"label\">PESO (GM)<\/th>\n<td class=\"data last\">1500.0000<\/td>\n<\/tr>\n<tr class=\"even\">\n<th class=\"label\">LUNGHEZZA DEL PRODOTTO (CM)<\/th>\n<td class=\"data last\">20.5<\/td>\n<\/tr>\n<tr class=\"odd\">\n<th class=\"label\">LARGHEZZA PRODOTTO (CM)<\/th>\n<td class=\"data last\">8.2<\/td>\n<\/tr>\n<tr class=\"last even\">\n<th class=\"label\">ALTEZZA PRODOTTO (CM)<\/th>\n<td class=\"data last\">2.06<\/td>\n<\/tr>\n<\/tbody>\n<\/table>\n<p>pacco-5<\/p>\n<div class=\"row\">\n<div class=\"col-main col-sm-24\">\n<div class=\"col-wrapper-main\">\n<div class=\"product-view\">\n<div class=\"product-collateral\">\n<div class=\"product-detail-tab\">\n<div class=\"nav-tab-content tab-content\">\n<div id=\"box-custom_tab_1\" class=\"box-collateral box-custom_tab_1 tab-pane fade active in\">Tutti i prodotti Eden Garden Equipment sono garantiti 12 mesi dalla data di acquisto.<\/div>\n<\/div>\n<\/div>\n<\/div>\n<\/div>\n<\/div>\n<\/div>\n<\/div>\n<div class=\"row\"><\/div>","protected":false},"excerpt":{"rendered":"<p>Forbici + Troncarami di misura media + Troncarami telescopico + Forbici con lama di ricambio + Troncarami con lama di ricambio<\/p>\n<p><span style=\"color: #008000;\"><em><strong>Risparmia \u00a365 con la consegna gratuita<\/strong><\/em><\/span><\/p>\n<h4>TAGLIERINA:<\/h4>\n<p>La precisione nella potatura \u00e8 ci\u00f2 che mantiene il tuo giardino ben curato, bello e rigoglioso. Ci\u00f2 richiede tempo e pu\u00f2 essere un compito laborioso. Ed \u00e8 esattamente per questo che hai bisogno di un paio di S\u00e9cateur di qualit\u00e0 nel tuo kit di attrezzi da giardinaggio.<\/p>","protected":false},"featured_media":8603,"comment_status":"open","ping_status":"closed","template":"","meta":[],"product_brand":[],"product_cat":[250],"product_tag":[],"class_list":{"0":"post-8598","1":"product","2":"type-product","3":"status-publish","4":"has-post-thumbnail","6":"product_cat-offers","8":"first","9":"instock","10":"taxable","11":"shipping-taxable","12":"purchasable","13":"product-type-simple"},"yoast_head":"<!-- This site is optimized with the Yoast SEO plugin v27.5 - https:\/\/yoast.com\/product\/yoast-seo-wordpress\/ -->\n<title>Pack 5 - Eden Garden Equipment<\/title>\n<meta name=\"description\" content=\"pack-5 Versatile pruning set with secateur, medium-sized lopper, telescopic lopper, and spare blades. Perfect for precise and effortless cutting.\" \/>\n<meta name=\"robots\" content=\"index, follow, max-snippet:-1, max-image-preview:large, max-video-preview:-1\" \/>\n<link rel=\"canonical\" href=\"https:\/\/edengardenequipment.com\/it\/prodotto\/pack-5\/\" \/>\n<meta property=\"og:locale\" content=\"it_IT\" \/>\n<meta property=\"og:type\" content=\"article\" \/>\n<meta property=\"og:title\" content=\"Pack 5 - Eden Garden Equipment\" \/>\n<meta property=\"og:description\" content=\"pack-5 Versatile pruning set with secateur, medium-sized lopper, telescopic lopper, and spare blades. Perfect for precise and effortless cutting.\" \/>\n<meta property=\"og:url\" content=\"https:\/\/edengardenequipment.com\/it\/prodotto\/pack-5\/\" \/>\n<meta property=\"og:site_name\" content=\"Eden Garden Equipment\" \/>\n<meta property=\"article:modified_time\" content=\"2025-02-14T18:54:39+00:00\" \/>\n<meta property=\"og:image\" content=\"https:\/\/edengardenequipment.com\/wp-content\/uploads\/2023\/06\/pack5_2.jpg\" \/>\n\t<meta property=\"og:image:width\" content=\"1000\" \/>\n\t<meta property=\"og:image:height\" content=\"1000\" \/>\n\t<meta property=\"og:image:type\" content=\"image\/jpeg\" \/>\n<meta name=\"twitter:card\" content=\"summary_large_image\" \/>\n<meta name=\"twitter:label1\" content=\"Tempo di lettura stimato\" \/>\n\t<meta name=\"twitter:data1\" content=\"1 minuto\" \/>\n<script type=\"application\/ld+json\" class=\"yoast-schema-graph\">{\"@context\":\"https:\\\/\\\/schema.org\",\"@graph\":[{\"@type\":\"WebPage\",\"@id\":\"https:\\\/\\\/edengardenequipment.com\\\/product\\\/pack-5\\\/\",\"url\":\"https:\\\/\\\/edengardenequipment.com\\\/product\\\/pack-5\\\/\",\"name\":\"Pack 5 - Eden Garden Equipment\",\"isPartOf\":{\"@id\":\"https:\\\/\\\/edengardenequipment.com\\\/#website\"},\"primaryImageOfPage\":{\"@id\":\"https:\\\/\\\/edengardenequipment.com\\\/product\\\/pack-5\\\/#primaryimage\"},\"image\":{\"@id\":\"https:\\\/\\\/edengardenequipment.com\\\/product\\\/pack-5\\\/#primaryimage\"},\"thumbnailUrl\":\"https:\\\/\\\/edengardenequipment.com\\\/wp-content\\\/uploads\\\/2023\\\/06\\\/pack5_2.jpg\",\"datePublished\":\"2023-09-19T02:16:17+00:00\",\"dateModified\":\"2025-02-14T18:54:39+00:00\",\"description\":\"pack-5 Versatile pruning set with secateur, medium-sized lopper, telescopic lopper, and spare blades. Perfect for precise and effortless cutting.\",\"breadcrumb\":{\"@id\":\"https:\\\/\\\/edengardenequipment.com\\\/product\\\/pack-5\\\/#breadcrumb\"},\"inLanguage\":\"it-IT\",\"potentialAction\":[{\"@type\":\"ReadAction\",\"target\":[\"https:\\\/\\\/edengardenequipment.com\\\/product\\\/pack-5\\\/\"]}]},{\"@type\":\"ImageObject\",\"inLanguage\":\"it-IT\",\"@id\":\"https:\\\/\\\/edengardenequipment.com\\\/product\\\/pack-5\\\/#primaryimage\",\"url\":\"https:\\\/\\\/edengardenequipment.com\\\/wp-content\\\/uploads\\\/2023\\\/06\\\/pack5_2.jpg\",\"contentUrl\":\"https:\\\/\\\/edengardenequipment.com\\\/wp-content\\\/uploads\\\/2023\\\/06\\\/pack5_2.jpg\",\"width\":1000,\"height\":1000,\"caption\":\"Pack 5 Secateur+ Med Size Lopper + Telescopic Lopper + Spare Blade Secateur + Spare Blade Lopper\"},{\"@type\":\"BreadcrumbList\",\"@id\":\"https:\\\/\\\/edengardenequipment.com\\\/product\\\/pack-5\\\/#breadcrumb\",\"itemListElement\":[{\"@type\":\"ListItem\",\"position\":1,\"name\":\"Home\",\"item\":\"https:\\\/\\\/edengardenequipment.com\\\/\"},{\"@type\":\"ListItem\",\"position\":2,\"name\":\"Shop\",\"item\":\"https:\\\/\\\/edengardenequipment.com\\\/shop\\\/\"},{\"@type\":\"ListItem\",\"position\":3,\"name\":\"Pack 5\"}]},{\"@type\":\"WebSite\",\"@id\":\"https:\\\/\\\/edengardenequipment.com\\\/#website\",\"url\":\"https:\\\/\\\/edengardenequipment.com\\\/\",\"name\":\"Eden Garden Equipment\",\"description\":\"Best Gardening Tools for Sale\",\"publisher\":{\"@id\":\"https:\\\/\\\/edengardenequipment.com\\\/#organization\"},\"potentialAction\":[{\"@type\":\"SearchAction\",\"target\":{\"@type\":\"EntryPoint\",\"urlTemplate\":\"https:\\\/\\\/edengardenequipment.com\\\/?s={search_term_string}\"},\"query-input\":{\"@type\":\"PropertyValueSpecification\",\"valueRequired\":true,\"valueName\":\"search_term_string\"}}],\"inLanguage\":\"it-IT\"},{\"@type\":\"Organization\",\"@id\":\"https:\\\/\\\/edengardenequipment.com\\\/#organization\",\"name\":\"Eden Garden Equipment\",\"url\":\"https:\\\/\\\/edengardenequipment.com\\\/\",\"logo\":{\"@type\":\"ImageObject\",\"inLanguage\":\"it-IT\",\"@id\":\"https:\\\/\\\/edengardenequipment.com\\\/#\\\/schema\\\/logo\\\/image\\\/\",\"url\":\"https:\\\/\\\/edengardenequipment.com\\\/wp-content\\\/uploads\\\/2023\\\/06\\\/cropped-Asset-1@2xnew2.png\",\"contentUrl\":\"https:\\\/\\\/edengardenequipment.com\\\/wp-content\\\/uploads\\\/2023\\\/06\\\/cropped-Asset-1@2xnew2.png\",\"width\":512,\"height\":512,\"caption\":\"Eden Garden Equipment\"},\"image\":{\"@id\":\"https:\\\/\\\/edengardenequipment.com\\\/#\\\/schema\\\/logo\\\/image\\\/\"}}]}<\/script>\n<!-- \/ Yoast SEO plugin. -->","yoast_head_json":{"title":"Pack 5 - Eden Garden Equipment","description":"pack-5 Versatile pruning set with secateur, medium-sized lopper, telescopic lopper, and spare blades. Perfect for precise and effortless cutting.","robots":{"index":"index","follow":"follow","max-snippet":"max-snippet:-1","max-image-preview":"max-image-preview:large","max-video-preview":"max-video-preview:-1"},"canonical":"https:\/\/edengardenequipment.com\/it\/prodotto\/pack-5\/","og_locale":"it_IT","og_type":"article","og_title":"Pack 5 - Eden Garden Equipment","og_description":"pack-5 Versatile pruning set with secateur, medium-sized lopper, telescopic lopper, and spare blades. Perfect for precise and effortless cutting.","og_url":"https:\/\/edengardenequipment.com\/it\/prodotto\/pack-5\/","og_site_name":"Eden Garden Equipment","article_modified_time":"2025-02-14T18:54:39+00:00","og_image":[{"width":1000,"height":1000,"url":"https:\/\/edengardenequipment.com\/wp-content\/uploads\/2023\/06\/pack5_2.jpg","type":"image\/jpeg"}],"twitter_card":"summary_large_image","twitter_misc":{"Tempo di lettura stimato":"1 minuto"},"schema":{"@context":"https:\/\/schema.org","@graph":[{"@type":"WebPage","@id":"https:\/\/edengardenequipment.com\/product\/pack-5\/","url":"https:\/\/edengardenequipment.com\/product\/pack-5\/","name":"Pack 5 - Eden Garden Equipment","isPartOf":{"@id":"https:\/\/edengardenequipment.com\/#website"},"primaryImageOfPage":{"@id":"https:\/\/edengardenequipment.com\/product\/pack-5\/#primaryimage"},"image":{"@id":"https:\/\/edengardenequipment.com\/product\/pack-5\/#primaryimage"},"thumbnailUrl":"https:\/\/edengardenequipment.com\/wp-content\/uploads\/2023\/06\/pack5_2.jpg","datePublished":"2023-09-19T02:16:17+00:00","dateModified":"2025-02-14T18:54:39+00:00","description":"pack-5 Versatile pruning set with secateur, medium-sized lopper, telescopic lopper, and spare blades. Perfect for precise and effortless cutting.","breadcrumb":{"@id":"https:\/\/edengardenequipment.com\/product\/pack-5\/#breadcrumb"},"inLanguage":"it-IT","potentialAction":[{"@type":"ReadAction","target":["https:\/\/edengardenequipment.com\/product\/pack-5\/"]}]},{"@type":"ImageObject","inLanguage":"it-IT","@id":"https:\/\/edengardenequipment.com\/product\/pack-5\/#primaryimage","url":"https:\/\/edengardenequipment.com\/wp-content\/uploads\/2023\/06\/pack5_2.jpg","contentUrl":"https:\/\/edengardenequipment.com\/wp-content\/uploads\/2023\/06\/pack5_2.jpg","width":1000,"height":1000,"caption":"Pack 5 Secateur+ Med Size Lopper + Telescopic Lopper + Spare Blade Secateur + Spare Blade Lopper"},{"@type":"BreadcrumbList","@id":"https:\/\/edengardenequipment.com\/product\/pack-5\/#breadcrumb","itemListElement":[{"@type":"ListItem","position":1,"name":"Home","item":"https:\/\/edengardenequipment.com\/"},{"@type":"ListItem","position":2,"name":"Shop","item":"https:\/\/edengardenequipment.com\/shop\/"},{"@type":"ListItem","position":3,"name":"Pack 5"}]},{"@type":"WebSite","@id":"https:\/\/edengardenequipment.com\/#website","url":"https:\/\/edengardenequipment.com\/","name":"Eden Garden Equipment","description":"Best Gardening Tools for Sale","publisher":{"@id":"https:\/\/edengardenequipment.com\/#organization"},"potentialAction":[{"@type":"SearchAction","target":{"@type":"EntryPoint","urlTemplate":"https:\/\/edengardenequipment.com\/?s={search_term_string}"},"query-input":{"@type":"PropertyValueSpecification","valueRequired":true,"valueName":"search_term_string"}}],"inLanguage":"it-IT"},{"@type":"Organization","@id":"https:\/\/edengardenequipment.com\/#organization","name":"Eden Garden Equipment","url":"https:\/\/edengardenequipment.com\/","logo":{"@type":"ImageObject","inLanguage":"it-IT","@id":"https:\/\/edengardenequipment.com\/#\/schema\/logo\/image\/","url":"https:\/\/edengardenequipment.com\/wp-content\/uploads\/2023\/06\/cropped-Asset-1@2xnew2.png","contentUrl":"https:\/\/edengardenequipment.com\/wp-content\/uploads\/2023\/06\/cropped-Asset-1@2xnew2.png","width":512,"height":512,"caption":"Eden Garden Equipment"},"image":{"@id":"https:\/\/edengardenequipment.com\/#\/schema\/logo\/image\/"}}]}},"_links":{"self":[{"href":"https:\/\/edengardenequipment.com\/it\/wp-json\/wp\/v2\/product\/8598","targetHints":{"allow":["GET"]}}],"collection":[{"href":"https:\/\/edengardenequipment.com\/it\/wp-json\/wp\/v2\/product"}],"about":[{"href":"https:\/\/edengardenequipment.com\/it\/wp-json\/wp\/v2\/types\/product"}],"replies":[{"embeddable":true,"href":"https:\/\/edengardenequipment.com\/it\/wp-json\/wp\/v2\/comments?post=8598"}],"wp:featuredmedia":[{"embeddable":true,"href":"https:\/\/edengardenequipment.com\/it\/wp-json\/wp\/v2\/media\/8603"}],"wp:attachment":[{"href":"https:\/\/edengardenequipment.com\/it\/wp-json\/wp\/v2\/media?parent=8598"}],"wp:term":[{"taxonomy":"product_brand","embeddable":true,"href":"https:\/\/edengardenequipment.com\/it\/wp-json\/wp\/v2\/product_brand?post=8598"},{"taxonomy":"product_cat","embeddable":true,"href":"https:\/\/edengardenequipment.com\/it\/wp-json\/wp\/v2\/product_cat?post=8598"},{"taxonomy":"product_tag","embeddable":true,"href":"https:\/\/edengardenequipment.com\/it\/wp-json\/wp\/v2\/product_tag?post=8598"}],"curies":[{"name":"wp","href":"https:\/\/api.w.org\/{rel}","templated":true}]}}