{"id":8621,"date":"2023-09-29T05:48:07","date_gmt":"2023-09-29T04:48:07","guid":{"rendered":"https:\/\/edengardenequipment.com\/?post_type=product&#038;p=8621"},"modified":"2025-04-28T07:37:23","modified_gmt":"2025-04-28T06:37:23","slug":"telescopic-lopper-2","status":"publish","type":"product","link":"https:\/\/edengardenequipment.com\/it\/prodotto\/telescopic-lopper-2\/","title":{"rendered":"Troncarami telescopico"},"content":{"rendered":"<p>Questo utensile da giardinaggio Telescopic Lopper \u00e8 un must per la potatura. Le sue caratteristiche e il suo ingegnoso meccanismo lo rendono ideale per potare rami grandi e spessi con la massima praticit\u00e0, facilit\u00e0 e comfort. Le caratteristiche principali includono:<\/p>\n<ul>\n<li style=\"list-style-type: none;\">\n<ul>\n<li>Manici estensibili: consentono di potare qualsiasi tipo di legno, sia secco che bagnato, anche in punti difficili da raggiungere, fino a una distanza di due metri e mezzo.<\/li>\n<\/ul>\n<\/li>\n<\/ul>\n<ul>\n<li style=\"list-style-type: none;\">\n<ul>\n<li>Impugnatura ergonomica: offre maggiore comfort e una presa antiscivolo, cos\u00ec puoi tagliare con meno energia e senza sforzare mani, polsi o spalle.<\/li>\n<\/ul>\n<\/li>\n<\/ul>\n<ul>\n<li style=\"list-style-type: none;\">\n<ul>\n<li>Potenza eccezionale: l&#039;azione del suo meccanismo a cricchetto aiuta a potare con grande potenza, consentendo tagli in pi\u00f9 fasi di aumento della pressione anzich\u00e9 in una sola, rendendolo cos\u00ec pi\u00f9 efficiente e potente nelle prestazioni.<\/li>\n<\/ul>\n<\/li>\n<\/ul>\n<ul>\n<li style=\"list-style-type: none;\">\n<ul>\n<li>Precisione eccellente: realizzato con una lama in acciaio ad alto tenore di carbonio rivestita in Teflon, con questo tronchesino puoi ottenere i tagli pi\u00f9 lisci e puliti e godere della massima efficienza di taglio fino a 75 mm di diametro.<\/li>\n<\/ul>\n<\/li>\n<\/ul>\n<ul>\n<li style=\"list-style-type: none;\">\n<ul>\n<li>Leggero e durevole: dotato di manici telescopici in alluminio, questo potatore \u00e8 leggero, robusto, antiruggine e durevole. \u00c8 un investimento che durer\u00e0 per anni a venire.<\/li>\n<\/ul>\n<\/li>\n<\/ul>\n<ul>\n<li>Lama telescopica per cesoie: la lama in acciaio ad alto tenore di carbonio rivestita in Teflon rende incredibilmente facile tagliare rami spessi e legno morto resistente. Oltre a questo, le lame sono sostituibili, quindi non dovrai preoccuparti di investire in un nuovo cesoie in futuro.<\/li>\n<\/ul>\n<table id=\"product-attribute-specs-table\" class=\"data-table\">\n<colgroup>\n<col width=\"25%\" \/>\n<col \/><\/colgroup>\n<tbody>\n<tr class=\"first odd\">\n<th class=\"label\">PESO (GM)<\/th>\n<td class=\"data last\">1570.0000<\/td>\n<\/tr>\n<tr class=\"even\">\n<th class=\"label\">LUNGHEZZA DEL PRODOTTO (CM)<\/th>\n<td class=\"data last\">68 &#8211; 101<\/td>\n<\/tr>\n<tr class=\"odd\">\n<th class=\"label\">LARGHEZZA PRODOTTO (CM)<\/th>\n<td class=\"data last\">28.8 &#8211; 40.7<\/td>\n<\/tr>\n<tr class=\"last even\">\n<th class=\"label\">ALTEZZA PRODOTTO (CM)<\/th>\n<td class=\"data last\">4.3<\/td>\n<\/tr>\n<\/tbody>\n<\/table>\n<div class=\"row\">\n<div class=\"col-main col-sm-24\">\n<div class=\"col-wrapper-main\">\n<div class=\"product-view\">\n<div class=\"product-collateral\">\n<div class=\"product-detail-tab\">\n<div class=\"nav-tab-content tab-content\">\n<div id=\"box-custom_tab_1\" class=\"box-collateral box-custom_tab_1 tab-pane fade active in\">Tutti i prodotti Eden Garden Equipment sono garantiti 12 mesi dalla data di acquisto.<\/div>\n<\/div>\n<\/div>\n<\/div>\n<\/div>\n<\/div>\n<\/div>\n<\/div>\n<div class=\"row\"><\/div>","protected":false},"excerpt":{"rendered":"<p>This Telescopic Lopper gardening tool is a must-have for pruning purposes. Its features and ingenious&#8230;<\/p>","protected":false},"featured_media":8623,"comment_status":"open","ping_status":"closed","template":"","meta":[],"product_brand":[],"product_cat":[249],"product_tag":[],"class_list":{"0":"post-8621","1":"product","2":"type-product","3":"status-publish","4":"has-post-thumbnail","6":"product_cat-garden-tools","8":"first","9":"instock","10":"sale","11":"taxable","12":"shipping-taxable","13":"purchasable","14":"product-type-simple"},"yoast_head":"<!-- This site is optimized with the Yoast SEO plugin v27.5 - https:\/\/yoast.com\/product\/yoast-seo-wordpress\/ -->\n<title>Telescopic Lopper - Eden Garden Equipment<\/title>\n<meta name=\"description\" content=\"This Telescopic Lopper gardening tool is a must-have for pruning purposes. Its features and ingenious mechanism makes it ideal for pruning large and thick\" \/>\n<meta name=\"robots\" content=\"index, follow, max-snippet:-1, max-image-preview:large, max-video-preview:-1\" \/>\n<link rel=\"canonical\" href=\"https:\/\/edengardenequipment.com\/it\/prodotto\/telescopic-lopper-2\/\" \/>\n<meta property=\"og:locale\" content=\"it_IT\" \/>\n<meta property=\"og:type\" content=\"article\" \/>\n<meta property=\"og:title\" content=\"Telescopic Lopper - Eden Garden Equipment\" \/>\n<meta property=\"og:description\" content=\"This Telescopic Lopper gardening tool is a must-have for pruning purposes. Its features and ingenious mechanism makes it ideal for pruning large and thick\" \/>\n<meta property=\"og:url\" content=\"https:\/\/edengardenequipment.com\/it\/prodotto\/telescopic-lopper-2\/\" \/>\n<meta property=\"og:site_name\" content=\"Eden Garden Equipment\" \/>\n<meta property=\"article:modified_time\" content=\"2025-04-28T06:37:23+00:00\" \/>\n<meta property=\"og:image\" content=\"https:\/\/edengardenequipment.com\/wp-content\/uploads\/2023\/06\/w6b5961-1.jpg\" \/>\n\t<meta property=\"og:image:width\" content=\"1000\" \/>\n\t<meta property=\"og:image:height\" content=\"1000\" \/>\n\t<meta property=\"og:image:type\" content=\"image\/jpeg\" \/>\n<meta name=\"twitter:card\" content=\"summary_large_image\" \/>\n<meta name=\"twitter:label1\" content=\"Tempo di lettura stimato\" \/>\n\t<meta name=\"twitter:data1\" content=\"2 minuti\" \/>\n<script type=\"application\/ld+json\" class=\"yoast-schema-graph\">{\"@context\":\"https:\\\/\\\/schema.org\",\"@graph\":[{\"@type\":\"WebPage\",\"@id\":\"https:\\\/\\\/edengardenequipment.com\\\/product\\\/telescopic-lopper-2\\\/\",\"url\":\"https:\\\/\\\/edengardenequipment.com\\\/product\\\/telescopic-lopper-2\\\/\",\"name\":\"Telescopic Lopper - Eden Garden Equipment\",\"isPartOf\":{\"@id\":\"https:\\\/\\\/edengardenequipment.com\\\/#website\"},\"primaryImageOfPage\":{\"@id\":\"https:\\\/\\\/edengardenequipment.com\\\/product\\\/telescopic-lopper-2\\\/#primaryimage\"},\"image\":{\"@id\":\"https:\\\/\\\/edengardenequipment.com\\\/product\\\/telescopic-lopper-2\\\/#primaryimage\"},\"thumbnailUrl\":\"https:\\\/\\\/edengardenequipment.com\\\/wp-content\\\/uploads\\\/2023\\\/06\\\/w6b5961-1.jpg\",\"datePublished\":\"2023-09-29T04:48:07+00:00\",\"dateModified\":\"2025-04-28T06:37:23+00:00\",\"description\":\"This Telescopic Lopper gardening tool is a must-have for pruning purposes. Its features and ingenious mechanism makes it ideal for pruning large and thick\",\"breadcrumb\":{\"@id\":\"https:\\\/\\\/edengardenequipment.com\\\/product\\\/telescopic-lopper-2\\\/#breadcrumb\"},\"inLanguage\":\"it-IT\",\"potentialAction\":[{\"@type\":\"ReadAction\",\"target\":[\"https:\\\/\\\/edengardenequipment.com\\\/product\\\/telescopic-lopper-2\\\/\"]}]},{\"@type\":\"ImageObject\",\"inLanguage\":\"it-IT\",\"@id\":\"https:\\\/\\\/edengardenequipment.com\\\/product\\\/telescopic-lopper-2\\\/#primaryimage\",\"url\":\"https:\\\/\\\/edengardenequipment.com\\\/wp-content\\\/uploads\\\/2023\\\/06\\\/w6b5961-1.jpg\",\"contentUrl\":\"https:\\\/\\\/edengardenequipment.com\\\/wp-content\\\/uploads\\\/2023\\\/06\\\/w6b5961-1.jpg\",\"width\":1000,\"height\":1000},{\"@type\":\"BreadcrumbList\",\"@id\":\"https:\\\/\\\/edengardenequipment.com\\\/product\\\/telescopic-lopper-2\\\/#breadcrumb\",\"itemListElement\":[{\"@type\":\"ListItem\",\"position\":1,\"name\":\"Home\",\"item\":\"https:\\\/\\\/edengardenequipment.com\\\/\"},{\"@type\":\"ListItem\",\"position\":2,\"name\":\"Shop\",\"item\":\"https:\\\/\\\/edengardenequipment.com\\\/shop\\\/\"},{\"@type\":\"ListItem\",\"position\":3,\"name\":\"Telescopic Lopper\"}]},{\"@type\":\"WebSite\",\"@id\":\"https:\\\/\\\/edengardenequipment.com\\\/#website\",\"url\":\"https:\\\/\\\/edengardenequipment.com\\\/\",\"name\":\"Eden Garden Equipment\",\"description\":\"Best Gardening Tools for Sale\",\"publisher\":{\"@id\":\"https:\\\/\\\/edengardenequipment.com\\\/#organization\"},\"potentialAction\":[{\"@type\":\"SearchAction\",\"target\":{\"@type\":\"EntryPoint\",\"urlTemplate\":\"https:\\\/\\\/edengardenequipment.com\\\/?s={search_term_string}\"},\"query-input\":{\"@type\":\"PropertyValueSpecification\",\"valueRequired\":true,\"valueName\":\"search_term_string\"}}],\"inLanguage\":\"it-IT\"},{\"@type\":\"Organization\",\"@id\":\"https:\\\/\\\/edengardenequipment.com\\\/#organization\",\"name\":\"Eden Garden Equipment\",\"url\":\"https:\\\/\\\/edengardenequipment.com\\\/\",\"logo\":{\"@type\":\"ImageObject\",\"inLanguage\":\"it-IT\",\"@id\":\"https:\\\/\\\/edengardenequipment.com\\\/#\\\/schema\\\/logo\\\/image\\\/\",\"url\":\"https:\\\/\\\/edengardenequipment.com\\\/wp-content\\\/uploads\\\/2023\\\/06\\\/cropped-Asset-1@2xnew2.png\",\"contentUrl\":\"https:\\\/\\\/edengardenequipment.com\\\/wp-content\\\/uploads\\\/2023\\\/06\\\/cropped-Asset-1@2xnew2.png\",\"width\":512,\"height\":512,\"caption\":\"Eden Garden Equipment\"},\"image\":{\"@id\":\"https:\\\/\\\/edengardenequipment.com\\\/#\\\/schema\\\/logo\\\/image\\\/\"}}]}<\/script>\n<!-- \/ Yoast SEO plugin. -->","yoast_head_json":{"title":"Telescopic Lopper - Eden Garden Equipment","description":"This Telescopic Lopper gardening tool is a must-have for pruning purposes. Its features and ingenious mechanism makes it ideal for pruning large and thick","robots":{"index":"index","follow":"follow","max-snippet":"max-snippet:-1","max-image-preview":"max-image-preview:large","max-video-preview":"max-video-preview:-1"},"canonical":"https:\/\/edengardenequipment.com\/it\/prodotto\/telescopic-lopper-2\/","og_locale":"it_IT","og_type":"article","og_title":"Telescopic Lopper - Eden Garden Equipment","og_description":"This Telescopic Lopper gardening tool is a must-have for pruning purposes. Its features and ingenious mechanism makes it ideal for pruning large and thick","og_url":"https:\/\/edengardenequipment.com\/it\/prodotto\/telescopic-lopper-2\/","og_site_name":"Eden Garden Equipment","article_modified_time":"2025-04-28T06:37:23+00:00","og_image":[{"width":1000,"height":1000,"url":"https:\/\/edengardenequipment.com\/wp-content\/uploads\/2023\/06\/w6b5961-1.jpg","type":"image\/jpeg"}],"twitter_card":"summary_large_image","twitter_misc":{"Tempo di lettura stimato":"2 minuti"},"schema":{"@context":"https:\/\/schema.org","@graph":[{"@type":"WebPage","@id":"https:\/\/edengardenequipment.com\/product\/telescopic-lopper-2\/","url":"https:\/\/edengardenequipment.com\/product\/telescopic-lopper-2\/","name":"Telescopic Lopper - Eden Garden Equipment","isPartOf":{"@id":"https:\/\/edengardenequipment.com\/#website"},"primaryImageOfPage":{"@id":"https:\/\/edengardenequipment.com\/product\/telescopic-lopper-2\/#primaryimage"},"image":{"@id":"https:\/\/edengardenequipment.com\/product\/telescopic-lopper-2\/#primaryimage"},"thumbnailUrl":"https:\/\/edengardenequipment.com\/wp-content\/uploads\/2023\/06\/w6b5961-1.jpg","datePublished":"2023-09-29T04:48:07+00:00","dateModified":"2025-04-28T06:37:23+00:00","description":"This Telescopic Lopper gardening tool is a must-have for pruning purposes. Its features and ingenious mechanism makes it ideal for pruning large and thick","breadcrumb":{"@id":"https:\/\/edengardenequipment.com\/product\/telescopic-lopper-2\/#breadcrumb"},"inLanguage":"it-IT","potentialAction":[{"@type":"ReadAction","target":["https:\/\/edengardenequipment.com\/product\/telescopic-lopper-2\/"]}]},{"@type":"ImageObject","inLanguage":"it-IT","@id":"https:\/\/edengardenequipment.com\/product\/telescopic-lopper-2\/#primaryimage","url":"https:\/\/edengardenequipment.com\/wp-content\/uploads\/2023\/06\/w6b5961-1.jpg","contentUrl":"https:\/\/edengardenequipment.com\/wp-content\/uploads\/2023\/06\/w6b5961-1.jpg","width":1000,"height":1000},{"@type":"BreadcrumbList","@id":"https:\/\/edengardenequipment.com\/product\/telescopic-lopper-2\/#breadcrumb","itemListElement":[{"@type":"ListItem","position":1,"name":"Home","item":"https:\/\/edengardenequipment.com\/"},{"@type":"ListItem","position":2,"name":"Shop","item":"https:\/\/edengardenequipment.com\/shop\/"},{"@type":"ListItem","position":3,"name":"Telescopic Lopper"}]},{"@type":"WebSite","@id":"https:\/\/edengardenequipment.com\/#website","url":"https:\/\/edengardenequipment.com\/","name":"Eden Garden Equipment","description":"Best Gardening Tools for Sale","publisher":{"@id":"https:\/\/edengardenequipment.com\/#organization"},"potentialAction":[{"@type":"SearchAction","target":{"@type":"EntryPoint","urlTemplate":"https:\/\/edengardenequipment.com\/?s={search_term_string}"},"query-input":{"@type":"PropertyValueSpecification","valueRequired":true,"valueName":"search_term_string"}}],"inLanguage":"it-IT"},{"@type":"Organization","@id":"https:\/\/edengardenequipment.com\/#organization","name":"Eden Garden Equipment","url":"https:\/\/edengardenequipment.com\/","logo":{"@type":"ImageObject","inLanguage":"it-IT","@id":"https:\/\/edengardenequipment.com\/#\/schema\/logo\/image\/","url":"https:\/\/edengardenequipment.com\/wp-content\/uploads\/2023\/06\/cropped-Asset-1@2xnew2.png","contentUrl":"https:\/\/edengardenequipment.com\/wp-content\/uploads\/2023\/06\/cropped-Asset-1@2xnew2.png","width":512,"height":512,"caption":"Eden Garden Equipment"},"image":{"@id":"https:\/\/edengardenequipment.com\/#\/schema\/logo\/image\/"}}]}},"_links":{"self":[{"href":"https:\/\/edengardenequipment.com\/it\/wp-json\/wp\/v2\/product\/8621","targetHints":{"allow":["GET"]}}],"collection":[{"href":"https:\/\/edengardenequipment.com\/it\/wp-json\/wp\/v2\/product"}],"about":[{"href":"https:\/\/edengardenequipment.com\/it\/wp-json\/wp\/v2\/types\/product"}],"replies":[{"embeddable":true,"href":"https:\/\/edengardenequipment.com\/it\/wp-json\/wp\/v2\/comments?post=8621"}],"wp:featuredmedia":[{"embeddable":true,"href":"https:\/\/edengardenequipment.com\/it\/wp-json\/wp\/v2\/media\/8623"}],"wp:attachment":[{"href":"https:\/\/edengardenequipment.com\/it\/wp-json\/wp\/v2\/media?parent=8621"}],"wp:term":[{"taxonomy":"product_brand","embeddable":true,"href":"https:\/\/edengardenequipment.com\/it\/wp-json\/wp\/v2\/product_brand?post=8621"},{"taxonomy":"product_cat","embeddable":true,"href":"https:\/\/edengardenequipment.com\/it\/wp-json\/wp\/v2\/product_cat?post=8621"},{"taxonomy":"product_tag","embeddable":true,"href":"https:\/\/edengardenequipment.com\/it\/wp-json\/wp\/v2\/product_tag?post=8621"}],"curies":[{"name":"wp","href":"https:\/\/api.w.org\/{rel}","templated":true}]}}