{"id":8760,"date":"2024-12-29T09:43:06","date_gmt":"2024-12-29T09:43:06","guid":{"rendered":"https:\/\/edengardenequipment.com\/?post_type=product&#038;p=8760"},"modified":"2025-02-08T21:06:33","modified_gmt":"2025-02-08T21:06:33","slug":"folding-hand-saw","status":"publish","type":"product","link":"https:\/\/edengardenequipment.com\/it\/prodotto\/folding-hand-saw\/","title":{"rendered":"Sega a mano pieghevole"},"content":{"rendered":"<h3><strong>Sega pieghevole a mano: precisione, durata ed efficienza<\/strong><\/h3>\n<p>UN <strong>sega pieghevole ad alte prestazioni<\/strong> \u00e8 uno strumento essenziale per <strong>giardinieri, paesaggisti e amanti dell&#039;aria aperta<\/strong>Realizzato per durare, \u00e8 dotato di un <strong>Lama pieghevole da 180 mm<\/strong> fatto da <strong>acciaio cromato<\/strong>, assicurando <strong>resistenza superiore e resistenza alla ruggine<\/strong>Inoltre, il <strong>costruzione robusta<\/strong> E <strong>maniglia dal design ergonomico<\/strong> forniscono un equilibrio eccellente e facilit\u00e0 d&#039;uso. Sebbene <strong>leggero, solo 160 g<\/strong>, la sega rimane <strong>robusto<\/strong>, rendendolo <strong>ideale per un uso prolungato senza affaticamento<\/strong>Che si tratti di tagliare rami o di affrontare potature pesanti, questa sega garantisce <strong>efficienza e precisione<\/strong>.<\/p>\n<h3><strong>Prestazioni di taglio superiori<\/strong><\/h3>\n<p>Capace di tagliare <strong>rami fino a 85 mm di diametro<\/strong>, questa sega eccelle in <strong>potatura di alberi, arbusti e svolgimento di attivit\u00e0 di giardinaggio generali<\/strong>. IL <strong>lama a due denti<\/strong> migliora <strong>longevit\u00e0 ed efficienza<\/strong>, assicurando <strong>tagli puliti e precisi<\/strong> con il minimo sforzo.<\/p>\n<p>Inoltre, il <strong>design della lama conica<\/strong> riduce la resistenza, consentendo <strong>taglio pi\u00f9 fluido e veloce<\/strong>. Dotato di <strong>quattro angoli di taglio<\/strong>, consegna <strong>tagli netti che favoriscono una guarigione pi\u00f9 rapida del tessuto vegetale<\/strong>. Sia che si esegua <strong>tagli longitudinali, tagli trasversali o tagli obliqui<\/strong>, questa lama versatile si adatta alle diverse esigenze di potatura. Grazie alla sua <strong>nitidezza eccezionale<\/strong>, ogni taglio si sente <strong>senza sforzo e preciso<\/strong>.<\/p>\n<p>Per <strong>durata prolungata<\/strong>, i denti subiscono un <strong>riscaldamento istantaneo e processo di tempra a impulsi<\/strong>, assicurandosi che rimangano <strong>tre volte pi\u00f9 nitido<\/strong> e durano significativamente pi\u00f9 a lungo dei denti standard. Di conseguenza, l&#039;affilatura \u00e8 richiesta meno frequentemente, mantenendo prestazioni costantemente elevate. Ci\u00f2 lo rende un <strong>ottimo investimento a lungo termine<\/strong> sia per i professionisti del giardinaggio che per gli hobbisti.<\/p>\n<h3><strong>Comfort e controllo<\/strong><\/h3>\n<p>Una presa sicura e comoda \u00e8 essenziale per una potatura efficace. <strong>impugnatura ergonomica<\/strong> assicura <strong>massimo controllo<\/strong>, anche in <strong>condizioni fredde o umide<\/strong>Progettato per <strong>ridurre lo sforzo della mano<\/strong>, rende le sessioni di taglio prolungate <strong>pi\u00f9 facile e pi\u00f9 efficiente<\/strong>, consentendo <strong>una presa liscia e antiscivolo<\/strong>.<\/p>\n<h3><strong>Caratteristiche principali della sega pieghevole a mano<\/strong><\/h3>\n<p>\u2705 <strong>Segatura rapida e precisa<\/strong> \u2013 Si taglia facilmente <strong>rami fino a 85 mm<\/strong>.<br \/>\n\u2705 <strong>Dentatura giapponese a tre lati<\/strong> \u2013 Migliora <strong>efficienza di taglio<\/strong>.<br \/>\n\u2705 <strong>Maniglia ergonomica<\/strong> \u2013 Garantisce <strong>comfort e presa superiore<\/strong>.<br \/>\n\u2705 <strong>Alta durata<\/strong> \u2013 Acciaio cromato con <strong>denti temprati a impulsi<\/strong>.<\/p>\n<p>Migliora la tua esperienza di potatura con questo <strong>sega pieghevole versatile e ultra affilata<\/strong>\u2014un must per qualsiasi <strong>giardiniere o appassionato di attivit\u00e0 all&#039;aria aperta<\/strong>!<\/p>","protected":false},"excerpt":{"rendered":"<p>PANORAMICA RAPIDA<\/p>\n<p class=\"p1\"><span class=\"s1\">La Japanese Saw \u00e8 una sega pieghevole appena lanciata da Eden Garden Equipment, realizzata appositamente per le attivit\u00e0 all&#039;aperto come la caccia e il campeggio.<\/span><\/p>","protected":false},"featured_media":8761,"comment_status":"open","ping_status":"closed","template":"","meta":[],"product_brand":[],"product_cat":[249],"product_tag":[],"class_list":{"0":"post-8760","1":"product","2":"type-product","3":"status-publish","4":"has-post-thumbnail","6":"product_cat-garden-tools","8":"first","9":"instock","10":"sale","11":"taxable","12":"shipping-taxable","13":"purchasable","14":"product-type-simple"},"yoast_head":"<!-- This site is optimized with the Yoast SEO plugin v27.5 - https:\/\/yoast.com\/product\/yoast-seo-wordpress\/ -->\n<title>Folding Hand Saw - Eden Garden Equipment<\/title>\n<meta name=\"description\" content=\"Upgrade your pruning experience with this lightweight, folding hand saw. Featuring a 180 mm chrome-plated steel blade with impulse-hardened double teeth,\" \/>\n<meta name=\"robots\" content=\"index, follow, max-snippet:-1, max-image-preview:large, max-video-preview:-1\" \/>\n<link rel=\"canonical\" href=\"https:\/\/edengardenequipment.com\/it\/prodotto\/folding-hand-saw\/\" \/>\n<meta property=\"og:locale\" content=\"it_IT\" \/>\n<meta property=\"og:type\" content=\"article\" \/>\n<meta property=\"og:title\" content=\"Folding Hand Saw - Eden Garden Equipment\" \/>\n<meta property=\"og:description\" content=\"Upgrade your pruning experience with this lightweight, folding hand saw. Featuring a 180 mm chrome-plated steel blade with impulse-hardened double teeth,\" \/>\n<meta property=\"og:url\" content=\"https:\/\/edengardenequipment.com\/it\/prodotto\/folding-hand-saw\/\" \/>\n<meta property=\"og:site_name\" content=\"Eden Garden Equipment\" \/>\n<meta property=\"article:modified_time\" content=\"2025-02-08T21:06:33+00:00\" \/>\n<meta property=\"og:image\" content=\"https:\/\/edengardenequipment.com\/wp-content\/uploads\/2024\/12\/Design-sans-titre-4.png\" \/>\n\t<meta property=\"og:image:width\" content=\"1000\" \/>\n\t<meta property=\"og:image:height\" content=\"1000\" \/>\n\t<meta property=\"og:image:type\" content=\"image\/png\" \/>\n<meta name=\"twitter:card\" content=\"summary_large_image\" \/>\n<meta name=\"twitter:label1\" content=\"Tempo di lettura stimato\" \/>\n\t<meta name=\"twitter:data1\" content=\"2 minuti\" \/>\n<script type=\"application\/ld+json\" class=\"yoast-schema-graph\">{\"@context\":\"https:\\\/\\\/schema.org\",\"@graph\":[{\"@type\":\"WebPage\",\"@id\":\"https:\\\/\\\/edengardenequipment.com\\\/product\\\/folding-hand-saw\\\/\",\"url\":\"https:\\\/\\\/edengardenequipment.com\\\/product\\\/folding-hand-saw\\\/\",\"name\":\"Folding Hand Saw - Eden Garden Equipment\",\"isPartOf\":{\"@id\":\"https:\\\/\\\/edengardenequipment.com\\\/#website\"},\"primaryImageOfPage\":{\"@id\":\"https:\\\/\\\/edengardenequipment.com\\\/product\\\/folding-hand-saw\\\/#primaryimage\"},\"image\":{\"@id\":\"https:\\\/\\\/edengardenequipment.com\\\/product\\\/folding-hand-saw\\\/#primaryimage\"},\"thumbnailUrl\":\"https:\\\/\\\/edengardenequipment.com\\\/wp-content\\\/uploads\\\/2024\\\/12\\\/Design-sans-titre-4.png\",\"datePublished\":\"2024-12-29T09:43:06+00:00\",\"dateModified\":\"2025-02-08T21:06:33+00:00\",\"description\":\"Upgrade your pruning experience with this lightweight, folding hand saw. Featuring a 180 mm chrome-plated steel blade with impulse-hardened double teeth,\",\"breadcrumb\":{\"@id\":\"https:\\\/\\\/edengardenequipment.com\\\/product\\\/folding-hand-saw\\\/#breadcrumb\"},\"inLanguage\":\"it-IT\",\"potentialAction\":[{\"@type\":\"ReadAction\",\"target\":[\"https:\\\/\\\/edengardenequipment.com\\\/product\\\/folding-hand-saw\\\/\"]}]},{\"@type\":\"ImageObject\",\"inLanguage\":\"it-IT\",\"@id\":\"https:\\\/\\\/edengardenequipment.com\\\/product\\\/folding-hand-saw\\\/#primaryimage\",\"url\":\"https:\\\/\\\/edengardenequipment.com\\\/wp-content\\\/uploads\\\/2024\\\/12\\\/Design-sans-titre-4.png\",\"contentUrl\":\"https:\\\/\\\/edengardenequipment.com\\\/wp-content\\\/uploads\\\/2024\\\/12\\\/Design-sans-titre-4.png\",\"width\":1000,\"height\":1000,\"caption\":\"Folding Hand Saw\"},{\"@type\":\"BreadcrumbList\",\"@id\":\"https:\\\/\\\/edengardenequipment.com\\\/product\\\/folding-hand-saw\\\/#breadcrumb\",\"itemListElement\":[{\"@type\":\"ListItem\",\"position\":1,\"name\":\"Home\",\"item\":\"https:\\\/\\\/edengardenequipment.com\\\/\"},{\"@type\":\"ListItem\",\"position\":2,\"name\":\"Shop\",\"item\":\"https:\\\/\\\/edengardenequipment.com\\\/shop\\\/\"},{\"@type\":\"ListItem\",\"position\":3,\"name\":\"Folding Hand Saw\"}]},{\"@type\":\"WebSite\",\"@id\":\"https:\\\/\\\/edengardenequipment.com\\\/#website\",\"url\":\"https:\\\/\\\/edengardenequipment.com\\\/\",\"name\":\"Eden Garden Equipment\",\"description\":\"Best Gardening Tools for Sale\",\"publisher\":{\"@id\":\"https:\\\/\\\/edengardenequipment.com\\\/#organization\"},\"potentialAction\":[{\"@type\":\"SearchAction\",\"target\":{\"@type\":\"EntryPoint\",\"urlTemplate\":\"https:\\\/\\\/edengardenequipment.com\\\/?s={search_term_string}\"},\"query-input\":{\"@type\":\"PropertyValueSpecification\",\"valueRequired\":true,\"valueName\":\"search_term_string\"}}],\"inLanguage\":\"it-IT\"},{\"@type\":\"Organization\",\"@id\":\"https:\\\/\\\/edengardenequipment.com\\\/#organization\",\"name\":\"Eden Garden Equipment\",\"url\":\"https:\\\/\\\/edengardenequipment.com\\\/\",\"logo\":{\"@type\":\"ImageObject\",\"inLanguage\":\"it-IT\",\"@id\":\"https:\\\/\\\/edengardenequipment.com\\\/#\\\/schema\\\/logo\\\/image\\\/\",\"url\":\"https:\\\/\\\/edengardenequipment.com\\\/wp-content\\\/uploads\\\/2023\\\/06\\\/cropped-Asset-1@2xnew2.png\",\"contentUrl\":\"https:\\\/\\\/edengardenequipment.com\\\/wp-content\\\/uploads\\\/2023\\\/06\\\/cropped-Asset-1@2xnew2.png\",\"width\":512,\"height\":512,\"caption\":\"Eden Garden Equipment\"},\"image\":{\"@id\":\"https:\\\/\\\/edengardenequipment.com\\\/#\\\/schema\\\/logo\\\/image\\\/\"}}]}<\/script>\n<!-- \/ Yoast SEO plugin. -->","yoast_head_json":{"title":"Folding Hand Saw - Eden Garden Equipment","description":"Upgrade your pruning experience with this lightweight, folding hand saw. Featuring a 180 mm chrome-plated steel blade with impulse-hardened double teeth,","robots":{"index":"index","follow":"follow","max-snippet":"max-snippet:-1","max-image-preview":"max-image-preview:large","max-video-preview":"max-video-preview:-1"},"canonical":"https:\/\/edengardenequipment.com\/it\/prodotto\/folding-hand-saw\/","og_locale":"it_IT","og_type":"article","og_title":"Folding Hand Saw - Eden Garden Equipment","og_description":"Upgrade your pruning experience with this lightweight, folding hand saw. Featuring a 180 mm chrome-plated steel blade with impulse-hardened double teeth,","og_url":"https:\/\/edengardenequipment.com\/it\/prodotto\/folding-hand-saw\/","og_site_name":"Eden Garden Equipment","article_modified_time":"2025-02-08T21:06:33+00:00","og_image":[{"width":1000,"height":1000,"url":"https:\/\/edengardenequipment.com\/wp-content\/uploads\/2024\/12\/Design-sans-titre-4.png","type":"image\/png"}],"twitter_card":"summary_large_image","twitter_misc":{"Tempo di lettura stimato":"2 minuti"},"schema":{"@context":"https:\/\/schema.org","@graph":[{"@type":"WebPage","@id":"https:\/\/edengardenequipment.com\/product\/folding-hand-saw\/","url":"https:\/\/edengardenequipment.com\/product\/folding-hand-saw\/","name":"Folding Hand Saw - Eden Garden Equipment","isPartOf":{"@id":"https:\/\/edengardenequipment.com\/#website"},"primaryImageOfPage":{"@id":"https:\/\/edengardenequipment.com\/product\/folding-hand-saw\/#primaryimage"},"image":{"@id":"https:\/\/edengardenequipment.com\/product\/folding-hand-saw\/#primaryimage"},"thumbnailUrl":"https:\/\/edengardenequipment.com\/wp-content\/uploads\/2024\/12\/Design-sans-titre-4.png","datePublished":"2024-12-29T09:43:06+00:00","dateModified":"2025-02-08T21:06:33+00:00","description":"Upgrade your pruning experience with this lightweight, folding hand saw. Featuring a 180 mm chrome-plated steel blade with impulse-hardened double teeth,","breadcrumb":{"@id":"https:\/\/edengardenequipment.com\/product\/folding-hand-saw\/#breadcrumb"},"inLanguage":"it-IT","potentialAction":[{"@type":"ReadAction","target":["https:\/\/edengardenequipment.com\/product\/folding-hand-saw\/"]}]},{"@type":"ImageObject","inLanguage":"it-IT","@id":"https:\/\/edengardenequipment.com\/product\/folding-hand-saw\/#primaryimage","url":"https:\/\/edengardenequipment.com\/wp-content\/uploads\/2024\/12\/Design-sans-titre-4.png","contentUrl":"https:\/\/edengardenequipment.com\/wp-content\/uploads\/2024\/12\/Design-sans-titre-4.png","width":1000,"height":1000,"caption":"Folding Hand Saw"},{"@type":"BreadcrumbList","@id":"https:\/\/edengardenequipment.com\/product\/folding-hand-saw\/#breadcrumb","itemListElement":[{"@type":"ListItem","position":1,"name":"Home","item":"https:\/\/edengardenequipment.com\/"},{"@type":"ListItem","position":2,"name":"Shop","item":"https:\/\/edengardenequipment.com\/shop\/"},{"@type":"ListItem","position":3,"name":"Folding Hand Saw"}]},{"@type":"WebSite","@id":"https:\/\/edengardenequipment.com\/#website","url":"https:\/\/edengardenequipment.com\/","name":"Eden Garden Equipment","description":"Best Gardening Tools for Sale","publisher":{"@id":"https:\/\/edengardenequipment.com\/#organization"},"potentialAction":[{"@type":"SearchAction","target":{"@type":"EntryPoint","urlTemplate":"https:\/\/edengardenequipment.com\/?s={search_term_string}"},"query-input":{"@type":"PropertyValueSpecification","valueRequired":true,"valueName":"search_term_string"}}],"inLanguage":"it-IT"},{"@type":"Organization","@id":"https:\/\/edengardenequipment.com\/#organization","name":"Eden Garden Equipment","url":"https:\/\/edengardenequipment.com\/","logo":{"@type":"ImageObject","inLanguage":"it-IT","@id":"https:\/\/edengardenequipment.com\/#\/schema\/logo\/image\/","url":"https:\/\/edengardenequipment.com\/wp-content\/uploads\/2023\/06\/cropped-Asset-1@2xnew2.png","contentUrl":"https:\/\/edengardenequipment.com\/wp-content\/uploads\/2023\/06\/cropped-Asset-1@2xnew2.png","width":512,"height":512,"caption":"Eden Garden Equipment"},"image":{"@id":"https:\/\/edengardenequipment.com\/#\/schema\/logo\/image\/"}}]}},"_links":{"self":[{"href":"https:\/\/edengardenequipment.com\/it\/wp-json\/wp\/v2\/product\/8760","targetHints":{"allow":["GET"]}}],"collection":[{"href":"https:\/\/edengardenequipment.com\/it\/wp-json\/wp\/v2\/product"}],"about":[{"href":"https:\/\/edengardenequipment.com\/it\/wp-json\/wp\/v2\/types\/product"}],"replies":[{"embeddable":true,"href":"https:\/\/edengardenequipment.com\/it\/wp-json\/wp\/v2\/comments?post=8760"}],"wp:featuredmedia":[{"embeddable":true,"href":"https:\/\/edengardenequipment.com\/it\/wp-json\/wp\/v2\/media\/8761"}],"wp:attachment":[{"href":"https:\/\/edengardenequipment.com\/it\/wp-json\/wp\/v2\/media?parent=8760"}],"wp:term":[{"taxonomy":"product_brand","embeddable":true,"href":"https:\/\/edengardenequipment.com\/it\/wp-json\/wp\/v2\/product_brand?post=8760"},{"taxonomy":"product_cat","embeddable":true,"href":"https:\/\/edengardenequipment.com\/it\/wp-json\/wp\/v2\/product_cat?post=8760"},{"taxonomy":"product_tag","embeddable":true,"href":"https:\/\/edengardenequipment.com\/it\/wp-json\/wp\/v2\/product_tag?post=8760"}],"curies":[{"name":"wp","href":"https:\/\/api.w.org\/{rel}","templated":true}]}}